{"id":7800,"date":"2025-04-28T15:51:40","date_gmt":"2025-04-28T13:51:40","guid":{"rendered":"https:\/\/jvdwoo2025.dnstemporaire.fr\/?page_id=7800"},"modified":"2025-09-16T16:20:12","modified_gmt":"2025-09-16T14:20:12","slug":"tecnologia-purificacion-aire","status":"publish","type":"page","link":"https:\/\/www.jvd.fr\/es\/purificadores-aire-profesionales\/tecnologia-purificacion-aire\/","title":{"rendered":"Tecnolog\u00eda"},"content":{"rendered":"\n<figure class=\"wp-block-image aligncenter size-full is-resized\" style=\"margin-bottom:var(--wp--preset--spacing--50);margin-left:0\"><img loading=\"lazy\" decoding=\"async\" width=\"1767\" height=\"175\" src=\"https:\/\/www.jvd.fr\/wp-content\/uploads\/2025\/07\/logo-francais-jvd.jpg\" alt=\"\" class=\"wp-image-42980\" style=\"width:250px\" srcset=\"https:\/\/www.jvd.fr\/wp-content\/uploads\/2025\/07\/logo-francais-jvd.jpg 1767w, https:\/\/www.jvd.fr\/wp-content\/uploads\/2025\/07\/logo-francais-jvd-600x59.jpg 600w, https:\/\/www.jvd.fr\/wp-content\/uploads\/2025\/07\/logo-francais-jvd-120x12.jpg 120w\" sizes=\"auto, (max-width: 1767px) 100vw, 1767px\" \/><\/figure>\n\n\n\n<div class=\"wp-block-columns are-vertically-aligned-center is-layout-flex wp-container-core-columns-is-layout-59a2bf7c wp-block-columns-is-layout-flex\" style=\"margin-bottom:var(--wp--preset--spacing--100)\">\n<div class=\"wp-block-column is-vertically-aligned-center is-layout-flow wp-block-column-is-layout-flow\">\n<figure class=\"wp-block-image aligncenter size-medium\"><img loading=\"lazy\" decoding=\"async\" width=\"443\" height=\"600\" src=\"https:\/\/www.jvd.fr\/wp-content\/uploads\/2025\/05\/jvd-shield-443x600.jpeg\" alt=\"Tecnolog\u00eda de purificaci\u00f3n del aire para eliminar contaminantes y al\u00e9rgenos\" class=\"wp-image-3276\" srcset=\"https:\/\/www.jvd.fr\/wp-content\/uploads\/2025\/05\/jvd-shield-443x600.jpeg 443w, https:\/\/www.jvd.fr\/wp-content\/uploads\/2025\/05\/jvd-shield-600x813.jpeg 600w, https:\/\/www.jvd.fr\/wp-content\/uploads\/2025\/05\/jvd-shield-52x70.jpeg 52w, https:\/\/www.jvd.fr\/wp-content\/uploads\/2025\/05\/jvd-shield.jpeg 800w\" sizes=\"auto, (max-width: 443px) 100vw, 443px\" \/><\/figure>\n<\/div>\n\n\n\n<div class=\"wp-block-column is-vertically-aligned-center is-layout-flow wp-block-column-is-layout-flow\">\n<div id=\"wp-block-jvd-keyfigures-block_f748a7da13ba159d17c25d5fb0e2677e\" class=\"wp-block-jvd-keyfigures align wp-block-acf-keyfigures\">\n\t<div class=\"jvd-keyfigures\" data-cols=\"4\">\n\t\t        <div class=\"jvd-keyfigure\">\n\t\t\t\t\t\t            <figure class=\"jvd-keyfigure__picto\">\n\t\t\t\t<img decoding=\"async\" src=\"https:\/\/www.jvd.fr\/wp-content\/uploads\/2025\/08\/allergene-noir.png\" alt=\"\" \/>\n            <\/figure>\n\t\t\t            <div class=\"jvd-keyfigure__head\">\n                                <div class=\"jvd-keyfigure__figure\">\n                    <strong class=\"js_counter\">95.6<\/strong><sup>%<\/sup>                <\/div>\n            <\/div>\n            <div class=\"jvd-keyfigure__content\">\n                                                de los al\u00e9rgenos eliminados (pelo de animales, polen, \u00e1caros\u2026)                            <\/div>\n        <\/div>\n\t\t        <div class=\"jvd-keyfigure\">\n\t\t\t\t\t\t            <figure class=\"jvd-keyfigure__picto\">\n\t\t\t\t<img decoding=\"async\" src=\"https:\/\/www.jvd.fr\/wp-content\/uploads\/2025\/08\/polluant-noir.png\" alt=\"\" \/>\n            <\/figure>\n\t\t\t            <div class=\"jvd-keyfigure__head\">\n                                <div class=\"jvd-keyfigure__figure\">\n                    <strong class=\"js_counter\">99<\/strong><sup>%<\/sup>                <\/div>\n            <\/div>\n            <div class=\"jvd-keyfigure__content\">\n                                                de los contaminantes tratados                            <\/div>\n        <\/div>\n\t\t        <div class=\"jvd-keyfigure\">\n\t\t\t\t\t\t            <figure class=\"jvd-keyfigure__picto\">\n\t\t\t\t<img decoding=\"async\" src=\"https:\/\/www.jvd.fr\/wp-content\/uploads\/2025\/08\/contaminant-noir.png\" alt=\"\" \/>\n            <\/figure>\n\t\t\t            <div class=\"jvd-keyfigure__head\">\n                                <div class=\"jvd-keyfigure__figure\">\n                    <strong class=\"js_counter\">85.4<\/strong><sup>%<\/sup>                <\/div>\n            <\/div>\n            <div class=\"jvd-keyfigure__content\">\n                                                de los compuestos contaminantes neutralizados                            <\/div>\n        <\/div>\n\t\t        <div class=\"jvd-keyfigure\">\n\t\t\t\t\t\t            <figure class=\"jvd-keyfigure__picto\">\n\t\t\t\t<img decoding=\"async\" src=\"https:\/\/www.jvd.fr\/wp-content\/uploads\/2025\/08\/odeur-noir.png\" alt=\"\" \/>\n            <\/figure>\n\t\t\t            <div class=\"jvd-keyfigure__head\">\n                                <div class=\"jvd-keyfigure__figure\">\n                    <strong class=\"js_counter\">98<\/strong><sup>%<\/sup>                <\/div>\n            <\/div>\n            <div class=\"jvd-keyfigure__content\">\n                                                de los olores eliminados en modo BOOST                            <\/div>\n        <\/div>\n\t\t    <\/div>\n<\/div>\n<\/div>\n<\/div>\n\n\n\n<div class=\"wp-block-group has-global-padding is-layout-constrained wp-block-group-is-layout-constrained\" style=\"padding-bottom:var(--wp--preset--spacing--75)\">\n<h2 class=\"wp-block-heading has-text-align-center\">La Smart Mineralisation\u00ae<\/h2>\n\n\n\n<div class=\"wp-block-group is-style-content-narrow has-global-padding is-layout-constrained wp-block-group-is-layout-constrained\">\n<p class=\"has-text-align-center\">La tecnolog\u00eda \u00fanica desarrollada por JVD se apoya en m\u00faltiples bloques tecnol\u00f3gicos que, combinados entre s\u00ed, proporcionan un rendimiento excepcional y garantizan la inocuidad del dispositivo.<\/p>\n<\/div>\n\n\n\n<div id=\"wp-block-jvd-video-block_c7b48414c9eb92935ea7112af6d8e7c5\" class=\"wp-block-jvd-video align wp-block-acf-video\">\n    <div class=\"jvd-video\">\n                        <figure class=\"jvd-video__img\" data-gradient=\"1\">\n            <img decoding=\"async\" src=\"https:\/\/www.jvd.fr\/wp-content\/uploads\/2025\/05\/jvd-smart-mineralisation-1200x800.jpeg\" width=\"1200\" height=\"800\" alt=\"Smart Min\u00e9ralisation\" loading=\"lazy\" \/>\n        <\/figure>\n\t            <div class=\"jvd-video__content\" data-halign=\"center\" data-valign=\"center\">\n            <h2 class=\"jvd-video__title\">Descubre la Smart Mineralisation\u00ae en v\u00eddeo<\/h2>\n            <p class=\"jvd-video__text\"><\/p>\n                                    <a href=\"https:\/\/www.youtube.com\/watch?v=7T4Cg9YHQC8\" data-fancybox class=\"btn btn--outline-white\">\n                <svg xmlns=\"http:\/\/www.w3.org\/2000\/svg\" width=\"12\" height=\"13\" viewBox=\"0 0 12 13\"><path d=\"M1.3739,0.00107490462 C0.65756,0.0294149046 -1.13686838e-13,0.613834905 -1.13686838e-13,1.4012149 L-1.13686838e-13,11.0313749 C-1.13686838e-13,12.0811749 1.16961,12.7699749 2.08801,12.2611749 L10.7782,7.4461349 C11.723,6.9226149 11.723,5.5099449 10.7782,4.9864249 L2.08801,0.171354905 C1.85841,0.0441649046 1.61268,-0.00837509538 1.3739,0.00107490462 Z\"\/><\/svg>\n                Ver el v\u00eddeo            <\/a>\n                    <\/div>\n    <\/div>\n<\/div><\/div>\n\n\n\n<div class=\"wp-block-group has-global-padding is-layout-constrained wp-block-group-is-layout-constrained\" style=\"margin-bottom:var(--wp--preset--spacing--100)\">\n<h2 class=\"wp-block-heading has-text-align-center\">Tecnolog\u00eda de purificaci\u00f3n del aire validada y segura<\/h2>\n\n\n\n<div id=\"wp-block-jvd-keyfigures-block_96e06df45e20a7642bb1bb9c04153034\" class=\"wp-block-jvd-keyfigures align wp-block-acf-keyfigures\">\n\t<div class=\"jvd-keyfigures\" data-cols=\"4\">\n\t\t        <div class=\"jvd-keyfigure\">\n\t\t\t\t\t\t            <figure class=\"jvd-keyfigure__picto\">\n\t\t\t\t<img decoding=\"async\" src=\"https:\/\/www.jvd.fr\/wp-content\/uploads\/2025\/06\/norme-nf-shield.png\" alt=\"\" \/>\n            <\/figure>\n\t\t\t            <div class=\"jvd-keyfigure__head\">\n                                <div class=\"jvd-keyfigure__figure\">\n                                    <\/div>\n            <\/div>\n            <div class=\"jvd-keyfigure__content\">\n                                <strong class=\"jvd-keyfigure__title\">NF B44-200<\/strong>\n                                                Rendimiento frente a microorganismos y al\u00e9rgenos.                            <\/div>\n        <\/div>\n\t\t        <div class=\"jvd-keyfigure\">\n\t\t\t\t\t\t            <figure class=\"jvd-keyfigure__picto\">\n\t\t\t\t<img decoding=\"async\" src=\"https:\/\/www.jvd.fr\/wp-content\/uploads\/2025\/06\/norme-ce-shield.png\" alt=\"\" \/>\n            <\/figure>\n\t\t\t            <div class=\"jvd-keyfigure__head\">\n                                <div class=\"jvd-keyfigure__figure\">\n                                    <\/div>\n            <\/div>\n            <div class=\"jvd-keyfigure__content\">\n                                <strong class=\"jvd-keyfigure__title\">EN 16846-1<\/strong>\n                                                Eficacia global sin comprometer la salud.                            <\/div>\n        <\/div>\n\t\t        <div class=\"jvd-keyfigure\">\n\t\t\t\t\t\t            <figure class=\"jvd-keyfigure__picto\">\n\t\t\t\t<img decoding=\"async\" src=\"https:\/\/www.jvd.fr\/wp-content\/uploads\/2025\/06\/norme-iso-shield.png\" alt=\"\" \/>\n            <\/figure>\n\t\t\t            <div class=\"jvd-keyfigure__head\">\n                                <div class=\"jvd-keyfigure__figure\">\n                                    <\/div>\n            <\/div>\n            <div class=\"jvd-keyfigure__content\">\n                                <strong class=\"jvd-keyfigure__title\">ISO 16000-37<\/strong>\n                                                Rendimiento frente a microorganismos\r\n\r\n                            <\/div>\n        <\/div>\n\t\t        <div class=\"jvd-keyfigure\">\n\t\t\t\t\t\t            <figure class=\"jvd-keyfigure__picto\">\n\t\t\t\t<img decoding=\"async\" src=\"https:\/\/www.jvd.fr\/wp-content\/uploads\/2025\/06\/norme-ce-shield.png\" alt=\"\" \/>\n            <\/figure>\n\t\t\t            <div class=\"jvd-keyfigure__head\">\n                                <div class=\"jvd-keyfigure__figure\">\n                                    <\/div>\n            <\/div>\n            <div class=\"jvd-keyfigure__content\">\n                                <strong class=\"jvd-keyfigure__title\">EN 1822<\/strong>\n                                                Rendimiento de la filtraci\u00f3n\r\n\r\n                            <\/div>\n        <\/div>\n\t\t    <\/div>\n<\/div>\n<\/div>\n\n\n\n<div class=\"wp-block-group has-lightgrey-background-color has-background is-layout-flow wp-block-group-is-layout-flow\" style=\"border-radius:20px;padding-top:var(--wp--preset--spacing--75);padding-right:var(--wp--preset--spacing--75);padding-bottom:var(--wp--preset--spacing--75);padding-left:var(--wp--preset--spacing--75)\">\n<h2 class=\"wp-block-heading has-text-align-center\">Estamos aqu\u00ed para ayudarte<\/h2>\n\n\n\n<p class=\"has-text-align-center\">Ya sea para obtener informaci\u00f3n sobre un producto o para recibir asesoramiento experto, <br>no dudes en contactarnos para una videollamada o una conversaci\u00f3n telef\u00f3nica.<\/p>\n\n\n\n<div class=\"wp-block-buttons is-content-justification-center is-layout-flex wp-container-core-buttons-is-layout-a89b3969 wp-block-buttons-is-layout-flex\">\n<div class=\"wp-block-button\"><a class=\"wp-block-button__link wp-element-button\" href=\"https:\/\/share-eu1.hsforms.com\/1E-hSxlDMT6u7yy8xFxdFkgexg1v\">Contactar<\/a><\/div>\n<\/div>\n<\/div>\n","protected":false},"excerpt":{"rendered":"<p>La Smart Mineralisation\u00ae La tecnolog\u00eda \u00fanica desarrollada por JVD se apoya en m\u00faltiples bloques tecnol\u00f3gicos que, combinados entre s\u00ed, proporcionan un rendimiento excepcional y garantizan la inocuidad del dispositivo. Tecnolog\u00eda de purificaci\u00f3n del aire validada y segura Estamos aqu\u00ed para ayudarte Ya sea para obtener informaci\u00f3n sobre un producto o para recibir asesoramiento experto, no [&hellip;]<\/p>\n","protected":false},"author":9,"featured_media":3289,"parent":5254,"menu_order":2,"comment_status":"closed","ping_status":"closed","template":"","meta":{"_acf_changed":false,"content-type":"","_searchwp_excluded":"","inline_featured_image":false,"footnotes":""},"class_list":["post-7800","page","type-page","status-publish","has-post-thumbnail","hentry"],"acf":[],"yoast_head":"<!-- This site is optimized with the Yoast SEO plugin v27.1.1 - https:\/\/yoast.com\/product\/yoast-seo-wordpress\/ -->\n<title>Tecnolog\u00eda de purificaci\u00f3n del aire | JVD<\/title>\n<meta name=\"description\" content=\"Descubre la tecnolog\u00eda de purificaci\u00f3n del aire de JVD: eficaz, segura y validada para eliminar contaminantes, al\u00e9rgenos y olores.\" \/>\n<meta name=\"robots\" content=\"index, follow, max-snippet:-1, max-image-preview:large, max-video-preview:-1\" \/>\n<link rel=\"canonical\" href=\"https:\/\/www.jvd.fr\/es\/purificadores-aire-profesionales\/tecnologia-purificacion-aire\/\" \/>\n<meta property=\"og:locale\" content=\"es_ES\" \/>\n<meta property=\"og:type\" content=\"article\" \/>\n<meta property=\"og:title\" content=\"Tecnolog\u00eda de purificaci\u00f3n del aire | JVD\" \/>\n<meta property=\"og:description\" content=\"Descubre la tecnolog\u00eda de purificaci\u00f3n del aire de JVD: eficaz, segura y validada para eliminar contaminantes, al\u00e9rgenos y olores.\" \/>\n<meta property=\"og:url\" content=\"https:\/\/www.jvd.fr\/es\/purificadores-aire-profesionales\/tecnologia-purificacion-aire\/\" \/>\n<meta property=\"og:site_name\" content=\"JVD\" \/>\n<meta property=\"article:modified_time\" content=\"2025-09-16T14:20:12+00:00\" \/>\n<meta property=\"og:image\" content=\"https:\/\/www.jvd.fr\/wp-content\/uploads\/2025\/05\/jvd-technologie.jpg\" \/>\n\t<meta property=\"og:image:width\" content=\"1800\" \/>\n\t<meta property=\"og:image:height\" content=\"1286\" \/>\n\t<meta property=\"og:image:type\" content=\"image\/jpeg\" \/>\n<script type=\"application\/ld+json\" class=\"yoast-schema-graph\">{\"@context\":\"https:\/\/schema.org\",\"@graph\":[{\"@type\":\"WebPage\",\"@id\":\"https:\/\/www.jvd.fr\/es\/purificadores-aire-profesionales\/tecnologia-purificacion-aire\/\",\"url\":\"https:\/\/www.jvd.fr\/es\/purificadores-aire-profesionales\/tecnologia-purificacion-aire\/\",\"name\":\"Tecnolog\u00eda de purificaci\u00f3n del aire | JVD\",\"isPartOf\":{\"@id\":\"https:\/\/www.jvd.fr\/es\/#website\"},\"primaryImageOfPage\":{\"@id\":\"https:\/\/www.jvd.fr\/es\/purificadores-aire-profesionales\/tecnologia-purificacion-aire\/#primaryimage\"},\"image\":{\"@id\":\"https:\/\/www.jvd.fr\/es\/purificadores-aire-profesionales\/tecnologia-purificacion-aire\/#primaryimage\"},\"thumbnailUrl\":\"https:\/\/www.jvd.fr\/wp-content\/uploads\/2025\/05\/jvd-technologie.jpg\",\"datePublished\":\"2025-04-28T13:51:40+00:00\",\"dateModified\":\"2025-09-16T14:20:12+00:00\",\"description\":\"Descubre la tecnolog\u00eda de purificaci\u00f3n del aire de JVD: eficaz, segura y validada para eliminar contaminantes, al\u00e9rgenos y olores.\",\"breadcrumb\":{\"@id\":\"https:\/\/www.jvd.fr\/es\/purificadores-aire-profesionales\/tecnologia-purificacion-aire\/#breadcrumb\"},\"inLanguage\":\"es\",\"potentialAction\":[{\"@type\":\"ReadAction\",\"target\":[\"https:\/\/www.jvd.fr\/es\/purificadores-aire-profesionales\/tecnologia-purificacion-aire\/\"]}]},{\"@type\":\"ImageObject\",\"inLanguage\":\"es\",\"@id\":\"https:\/\/www.jvd.fr\/es\/purificadores-aire-profesionales\/tecnologia-purificacion-aire\/#primaryimage\",\"url\":\"https:\/\/www.jvd.fr\/wp-content\/uploads\/2025\/05\/jvd-technologie.jpg\",\"contentUrl\":\"https:\/\/www.jvd.fr\/wp-content\/uploads\/2025\/05\/jvd-technologie.jpg\",\"width\":1800,\"height\":1286},{\"@type\":\"BreadcrumbList\",\"@id\":\"https:\/\/www.jvd.fr\/es\/purificadores-aire-profesionales\/tecnologia-purificacion-aire\/#breadcrumb\",\"itemListElement\":[{\"@type\":\"ListItem\",\"position\":1,\"name\":\"Accueil\",\"item\":\"https:\/\/www.jvd.fr\/es\/\"},{\"@type\":\"ListItem\",\"position\":2,\"name\":\"Purificadores de aire\",\"item\":\"https:\/\/www.jvd.fr\/es\/purificadores-aire-profesionales\/\"},{\"@type\":\"ListItem\",\"position\":3,\"name\":\"Tecnolog\u00eda\"}]},{\"@type\":\"WebSite\",\"@id\":\"https:\/\/www.jvd.fr\/es\/#website\",\"url\":\"https:\/\/www.jvd.fr\/es\/\",\"name\":\"JVD\",\"description\":\"Products that care\",\"potentialAction\":[{\"@type\":\"SearchAction\",\"target\":{\"@type\":\"EntryPoint\",\"urlTemplate\":\"https:\/\/www.jvd.fr\/es\/?s={search_term_string}\"},\"query-input\":{\"@type\":\"PropertyValueSpecification\",\"valueRequired\":true,\"valueName\":\"search_term_string\"}}],\"inLanguage\":\"es\"}]}<\/script>\n<!-- \/ Yoast SEO plugin. -->","yoast_head_json":{"title":"Tecnolog\u00eda de purificaci\u00f3n del aire | JVD","description":"Descubre la tecnolog\u00eda de purificaci\u00f3n del aire de JVD: eficaz, segura y validada para eliminar contaminantes, al\u00e9rgenos y olores.","robots":{"index":"index","follow":"follow","max-snippet":"max-snippet:-1","max-image-preview":"max-image-preview:large","max-video-preview":"max-video-preview:-1"},"canonical":"https:\/\/www.jvd.fr\/es\/purificadores-aire-profesionales\/tecnologia-purificacion-aire\/","og_locale":"es_ES","og_type":"article","og_title":"Tecnolog\u00eda de purificaci\u00f3n del aire | JVD","og_description":"Descubre la tecnolog\u00eda de purificaci\u00f3n del aire de JVD: eficaz, segura y validada para eliminar contaminantes, al\u00e9rgenos y olores.","og_url":"https:\/\/www.jvd.fr\/es\/purificadores-aire-profesionales\/tecnologia-purificacion-aire\/","og_site_name":"JVD","article_modified_time":"2025-09-16T14:20:12+00:00","og_image":[{"width":1800,"height":1286,"url":"https:\/\/www.jvd.fr\/wp-content\/uploads\/2025\/05\/jvd-technologie.jpg","type":"image\/jpeg"}],"schema":{"@context":"https:\/\/schema.org","@graph":[{"@type":"WebPage","@id":"https:\/\/www.jvd.fr\/es\/purificadores-aire-profesionales\/tecnologia-purificacion-aire\/","url":"https:\/\/www.jvd.fr\/es\/purificadores-aire-profesionales\/tecnologia-purificacion-aire\/","name":"Tecnolog\u00eda de purificaci\u00f3n del aire | JVD","isPartOf":{"@id":"https:\/\/www.jvd.fr\/es\/#website"},"primaryImageOfPage":{"@id":"https:\/\/www.jvd.fr\/es\/purificadores-aire-profesionales\/tecnologia-purificacion-aire\/#primaryimage"},"image":{"@id":"https:\/\/www.jvd.fr\/es\/purificadores-aire-profesionales\/tecnologia-purificacion-aire\/#primaryimage"},"thumbnailUrl":"https:\/\/www.jvd.fr\/wp-content\/uploads\/2025\/05\/jvd-technologie.jpg","datePublished":"2025-04-28T13:51:40+00:00","dateModified":"2025-09-16T14:20:12+00:00","description":"Descubre la tecnolog\u00eda de purificaci\u00f3n del aire de JVD: eficaz, segura y validada para eliminar contaminantes, al\u00e9rgenos y olores.","breadcrumb":{"@id":"https:\/\/www.jvd.fr\/es\/purificadores-aire-profesionales\/tecnologia-purificacion-aire\/#breadcrumb"},"inLanguage":"es","potentialAction":[{"@type":"ReadAction","target":["https:\/\/www.jvd.fr\/es\/purificadores-aire-profesionales\/tecnologia-purificacion-aire\/"]}]},{"@type":"ImageObject","inLanguage":"es","@id":"https:\/\/www.jvd.fr\/es\/purificadores-aire-profesionales\/tecnologia-purificacion-aire\/#primaryimage","url":"https:\/\/www.jvd.fr\/wp-content\/uploads\/2025\/05\/jvd-technologie.jpg","contentUrl":"https:\/\/www.jvd.fr\/wp-content\/uploads\/2025\/05\/jvd-technologie.jpg","width":1800,"height":1286},{"@type":"BreadcrumbList","@id":"https:\/\/www.jvd.fr\/es\/purificadores-aire-profesionales\/tecnologia-purificacion-aire\/#breadcrumb","itemListElement":[{"@type":"ListItem","position":1,"name":"Accueil","item":"https:\/\/www.jvd.fr\/es\/"},{"@type":"ListItem","position":2,"name":"Purificadores de aire","item":"https:\/\/www.jvd.fr\/es\/purificadores-aire-profesionales\/"},{"@type":"ListItem","position":3,"name":"Tecnolog\u00eda"}]},{"@type":"WebSite","@id":"https:\/\/www.jvd.fr\/es\/#website","url":"https:\/\/www.jvd.fr\/es\/","name":"JVD","description":"Products that care","potentialAction":[{"@type":"SearchAction","target":{"@type":"EntryPoint","urlTemplate":"https:\/\/www.jvd.fr\/es\/?s={search_term_string}"},"query-input":{"@type":"PropertyValueSpecification","valueRequired":true,"valueName":"search_term_string"}}],"inLanguage":"es"}]}},"_links":{"self":[{"href":"https:\/\/www.jvd.fr\/es\/wp-json\/wp\/v2\/pages\/7800","targetHints":{"allow":["GET"]}}],"collection":[{"href":"https:\/\/www.jvd.fr\/es\/wp-json\/wp\/v2\/pages"}],"about":[{"href":"https:\/\/www.jvd.fr\/es\/wp-json\/wp\/v2\/types\/page"}],"author":[{"embeddable":true,"href":"https:\/\/www.jvd.fr\/es\/wp-json\/wp\/v2\/users\/9"}],"replies":[{"embeddable":true,"href":"https:\/\/www.jvd.fr\/es\/wp-json\/wp\/v2\/comments?post=7800"}],"version-history":[{"count":8,"href":"https:\/\/www.jvd.fr\/es\/wp-json\/wp\/v2\/pages\/7800\/revisions"}],"predecessor-version":[{"id":59935,"href":"https:\/\/www.jvd.fr\/es\/wp-json\/wp\/v2\/pages\/7800\/revisions\/59935"}],"up":[{"embeddable":true,"href":"https:\/\/www.jvd.fr\/es\/wp-json\/wp\/v2\/pages\/5254"}],"wp:featuredmedia":[{"embeddable":true,"href":"https:\/\/www.jvd.fr\/es\/wp-json\/wp\/v2\/media\/3289"}],"wp:attachment":[{"href":"https:\/\/www.jvd.fr\/es\/wp-json\/wp\/v2\/media?parent=7800"}],"curies":[{"name":"wp","href":"https:\/\/api.w.org\/{rel}","templated":true}]}}