{"id":7737,"date":"2025-05-05T15:15:06","date_gmt":"2025-05-05T13:15:06","guid":{"rendered":"https:\/\/jvdwoo2025.dnstemporaire.fr\/?page_id=7737"},"modified":"2025-09-16T16:12:30","modified_gmt":"2025-09-16T14:12:30","slug":"purificador-aire-profesional","status":"publish","type":"page","link":"https:\/\/www.jvd.fr\/es\/purificadores-aire-profesionales\/purificador-aire-profesional\/","title":{"rendered":"\u00bfPor qu\u00e9 purificar el aire?"},"content":{"rendered":"\n<div class=\"wp-block-group is-style-content-narrow has-global-padding is-layout-constrained wp-block-group-is-layout-constrained\" style=\"margin-bottom:var(--wp--preset--spacing--75)\">\n<p class=\"has-text-align-center\"><strong>En JVD creemos que un buen aire interior no es un lujo, sino una necesidad. Pasamos la mayor parte del tiempo en espacios cerrados. Por eso, es clave reducir la exposici\u00f3n a contaminantes. Ventilar y evitar productos t\u00f3xicos ayuda.<\/strong><\/p>\n\n\n\n<p class=\"has-text-align-center\">Sin embargo, para proteger de verdad la salud, lo m\u00e1s eficaz es contar con un purificador de aire profesional como Shield\u00ae, que cumple con la normativa EN\u202f1822 sobre filtraci\u00f3n HEPA.<\/p>\n\n\n\n<p class=\"has-text-align-center\">Adem\u00e1s de reducir virus, al\u00e9rgenos y olores, Shield\u00ae mejora el bienestar diario en oficinas, escuelas, hoteles o cualquier entorno colectivo.<\/p>\n<\/div>\n\n\n\n<figure class=\"wp-block-image size-banner has-custom-border\" style=\"margin-bottom:var(--wp--preset--spacing--75)\"><img loading=\"lazy\" decoding=\"async\" width=\"1280\" height=\"720\" src=\"https:\/\/www.jvd.fr\/wp-content\/uploads\/2025\/05\/jvd-shield-bouclier-haute-performance-1280x720.jpeg\" alt=\"Shield purificador de aire profesional JVD\" class=\"wp-image-3126\" style=\"border-radius:20px\" srcset=\"https:\/\/www.jvd.fr\/wp-content\/uploads\/2025\/05\/jvd-shield-bouclier-haute-performance-1280x720.jpeg 1280w, https:\/\/www.jvd.fr\/wp-content\/uploads\/2025\/05\/jvd-shield-bouclier-haute-performance-640x360.jpeg 640w\" sizes=\"auto, (max-width: 1280px) 100vw, 1280px\" \/><\/figure>\n\n\n\n<div class=\"wp-block-group has-global-padding is-layout-constrained wp-block-group-is-layout-constrained\" style=\"margin-bottom:var(--wp--preset--spacing--75)\">\n<h2 class=\"wp-block-heading has-text-align-center\">Gama Shield\u00ae: nuestro purificador de aire profesional<\/h2>\n\n\n\n<div id=\"wp-block-jvd-tabs-block_13c6b46bf92b1018c2546a24c7dcd649\" class=\"wp-block-jvd-tabs align wp-block-acf-tabs\">\n    <div class=\"jvd-tabs__nav\">\n        <ul>\n                        <li><a href=\"#alergias\" data-slide-index=\"0\">Alergias<\/a><\/li>\n                        <li><a href=\"#contaminantes\" data-slide-index=\"1\">Contaminantes<\/a><\/li>\n                        <li><a href=\"#contaminantes-atmosfericos-pm\" data-slide-index=\"2\">Contaminantes atmosf\u00e9ricos (PM)<\/a><\/li>\n                        <li><a href=\"#olores\" data-slide-index=\"3\">Olores<\/a><\/li>\n                    <\/ul>\n    <\/div>\n    <div class=\"swiper jvd-tabs js_tabs\">\n        <div class=\"swiper-wrapper\">\n                        <div class=\"swiper-slide\" id=\"alergias\">\n                <div class=\"jvd-tab\">\n                                                            <figure class=\"jvd-tab__img\">\n                        <img decoding=\"async\" src=\"https:\/\/www.jvd.fr\/wp-content\/uploads\/2025\/08\/allergene-esp-600x424.jpg\" alt=\"\" \/>\n                    <\/figure>\n                                        <div class=\"jvd-tab__content\">\n                        <p><strong>Reducir el impacto de las alergias eliminando las prote\u00ednas alerg\u00e9nicas.<\/strong><\/p>\n<p>Pruebas realizadas por un laboratorio independiente seg\u00fan el protocolo de la norma NFB44-200.<br \/>\nTras la aerosolizaci\u00f3n continua de prote\u00ednas alerg\u00e9nicas (gato, \u00e1caros y polen), los resultados muestran una destrucci\u00f3n del 79\u202f% al 96\u202f% de estas prote\u00ednas en solo 10 minutos.<\/p>\n                    <\/div>\n                <\/div>\n            <\/div>\n                        <div class=\"swiper-slide\" id=\"contaminantes\">\n                <div class=\"jvd-tab\">\n                                                            <figure class=\"jvd-tab__img\">\n                        <img decoding=\"async\" src=\"https:\/\/www.jvd.fr\/wp-content\/uploads\/2025\/08\/pollution-esp-600x424.jpg\" alt=\"\" \/>\n                    <\/figure>\n                                        <div class=\"jvd-tab__content\">\n                        <p><strong>Proteger el sistema inmunol\u00f3gico combatiendo virus, bacterias y mohos.<br \/>\n<\/strong><\/p>\n<p>Pruebas realizadas por un laboratorio independiente seg\u00fan la norma NFB44-200 de AFNOR, examinando el rendimiento del Shield\u00ae frente a la generaci\u00f3n constante de contaminantes.<br \/>\nLos resultados demuestran tasas de destrucci\u00f3n de microorganismos (solos y en mezclas representativas del ambiente) que van del 94\u202f% al 97\u202f% en ONE PASS (una sola pasada).<\/p>\n                    <\/div>\n                <\/div>\n            <\/div>\n                        <div class=\"swiper-slide\" id=\"contaminantes-atmosfericos-pm\">\n                <div class=\"jvd-tab\">\n                                                            <figure class=\"jvd-tab__img\">\n                        <img decoding=\"async\" src=\"https:\/\/www.jvd.fr\/wp-content\/uploads\/2025\/08\/contamination-esp-600x425.jpg\" alt=\"\" \/>\n                    <\/figure>\n                                        <div class=\"jvd-tab__content\">\n                        <p><strong>Eliminar los malos olores y recuperar una atm\u00f3sfera original y un aire puro<\/strong> mediante la eliminaci\u00f3n de mol\u00e9culas odorantes (arom\u00e1ticos, COV, NOX, SOX y ozono.<\/p>\n<p>Pruebas realizadas por un laboratorio independiente seg\u00fan la norma EN1822, que determina el rendimiento de filtraci\u00f3n tipo HEPA.<br \/>\nLos resultados demuestran un nivel de eficacia del 99,96\u202f%.<br \/>\nEstas pruebas se realizaron en condiciones reales, en una habitaci\u00f3n de 40 m\u00b2, simulando un pico de contaminaci\u00f3n extremadamente elevado tratado con el modo BOOST del Shield\u00ae.<\/p>\n                    <\/div>\n                <\/div>\n            <\/div>\n                        <div class=\"swiper-slide\" id=\"olores\">\n                <div class=\"jvd-tab\">\n                                                            <figure class=\"jvd-tab__img\">\n                        <img decoding=\"async\" src=\"https:\/\/www.jvd.fr\/wp-content\/uploads\/2025\/08\/pic-odeurs-esp-600x399.jpg\" alt=\"\" \/>\n                    <\/figure>\n                                        <div class=\"jvd-tab__content\">\n                        <p><strong>Eliminar los malos olores y recuperar una atm\u00f3sfera original y un aire puro<\/strong> mediante la eliminaci\u00f3n de mol\u00e9culas odorantes (arom\u00e1ticos, COV, NOX, SOX y ozono).<\/p>\n<p>Pruebas realizadas en condiciones reales en una estancia de 40 m\u00b2, simulando un pico extremadamente elevado de olor y COV.<br \/>\nLos resultados de las pruebas demuestran una reducci\u00f3n del 90\u202f% de los olores en modo BOOST y modo CONTINUO del Shield\u00ae en menos de 30 minutos.<\/p>\n                    <\/div>\n                <\/div>\n            <\/div>\n                    <\/div>\n    <\/div>\n<\/div>\n<\/div>\n\n\n\n<div class=\"wp-block-group has-global-padding is-layout-constrained wp-block-group-is-layout-constrained\" style=\"margin-bottom:var(--wp--preset--spacing--75)\">\n<h2 class=\"wp-block-heading has-text-align-center\">La gama de purificadores de aire<\/h2>\n\n\n\n<p>Un purificador de aire profesional no es solo una herramienta t\u00e9cnica. Es una declaraci\u00f3n firme de compromiso con la salud, el confort y la sostenibilidad. Shield\u00ae responde a estas exigencias con eficacia, fiabilidad\u2026 y un dise\u00f1o elegante.<\/p>\n\n\n\n<div id=\"wp-block-jvd-cards-block_c5df0b09bfb49140eb3b97c09e3353e5\" class=\"wp-block-jvd-cards align wp-block-acf-cards\">\n\t    <div class=\"jvd-cards\" data-display=\"grid\" data-columns=\"2\" data-count=\"2\" data-parity=\"even\">\n\t\t        <div class=\"jvd-card\" data-link=\"1\" data-img-ratio=\"square\" data-text-pos=\"under\">\n            <figure class=\"jvd-card__img\">\n\t\t\t                    <img decoding=\"async\" src=\"https:\/\/www.jvd.fr\/wp-content\/uploads\/2025\/04\/shield-blanc-jvd-800-600x600.jpg\" width=\"600\" height=\"600\" alt=\"Shield Blanc JVD\" loading=\"lazy\" \/>\n\t\t\t                <\/figure>\n            <div class=\"jvd-card__content\">\n                <h3 class=\"jvd-card__title\"><a href=\"https:\/\/www.jvd.fr\/es\/categorie\/purificadores-de-aire-colectivos-es\/\">Shield<\/a><\/h3>                                <p class=\"jvd-card__text\">Tu escudo colectivo<\/p>\n                            <\/div>\n        <\/div>\n\t\t        <div class=\"jvd-card\" data-link=\"1\" data-img-ratio=\"square\" data-text-pos=\"under\">\n            <figure class=\"jvd-card__img\">\n\t\t\t                    <img decoding=\"async\" src=\"https:\/\/www.jvd.fr\/wp-content\/uploads\/2025\/05\/shield-compact-blanc-jvd-800-600x600.jpg\" width=\"600\" height=\"600\" alt=\"Shield Compact Blanc JVD\" loading=\"lazy\" \/>\n\t\t\t                <\/figure>\n            <div class=\"jvd-card__content\">\n                <h3 class=\"jvd-card__title\"><a href=\"https:\/\/www.jvd.fr\/es\/categorie\/purificadores-de-aire-individuales-es\/\">Shield compact<\/a><\/h3>                                <p class=\"jvd-card__text\">Tu escudo personal<\/p>\n                            <\/div>\n        <\/div>\n\t\t    <\/div>\n    <\/div>\n<\/div>\n\n\n\n<h2 class=\"wp-block-heading has-text-align-center\">\u00a1Un purificador de aire que inspira confianza!<\/h2>\n\n\n\n<div class=\"wp-block-group has-global-padding is-layout-constrained wp-block-group-is-layout-constrained\" style=\"margin-bottom:var(--wp--preset--spacing--75)\">\n<div id=\"wp-block-jvd-testimonies-block_97a721bfb8b181f4b2785e86c884c194\" class=\"wp-block-jvd-testimonies align wp-block-acf-testimonies\">\n\t\t\t<div class=\"swiper jvd-testimonies js_testimonies\" data-media=\"video\" data-layout=\"mini\" data-count=\"1\">\n\t\t<div class=\"swiper-wrapper\">\n\t\t\t\t\t\t<div class=\"swiper-slide\">\n\t\t\t\t<div class=\"loop-testimony\">\n\t\t\t\t\t\t\t\t\t\t\t\t\t\t\t<a href=\"https:\/\/www.youtube.com\/watch?v=_7NKODSupos\" class=\"loop-testimony__video\" data-fancybox>\n                    \t<img decoding=\"async\" src=\"https:\/\/img.youtube.com\/vi\/_7NKODSupos\/hqdefault.jpg\" alt=\"Ver el v\u00eddeo\" loading=\"lazy\">\n\t\t\t\t\t\t<div class=\"loop-testimony__video__play\">\n\t\t\t\t\t\t\t<span class=\"btn btn--outline-white\">\n\t\t\t\t\t\t\t\t<svg xmlns=\"http:\/\/www.w3.org\/2000\/svg\" width=\"12\" height=\"13\" viewBox=\"0 0 12 13\"><path d=\"M1.3739,0.00107490462 C0.65756,0.0294149046 -1.13686838e-13,0.613834905 -1.13686838e-13,1.4012149 L-1.13686838e-13,11.0313749 C-1.13686838e-13,12.0811749 1.16961,12.7699749 2.08801,12.2611749 L10.7782,7.4461349 C11.723,6.9226149 11.723,5.5099449 10.7782,4.9864249 L2.08801,0.171354905 C1.85841,0.0441649046 1.61268,-0.00837509538 1.3739,0.00107490462 Z\"\/><\/svg>\n\t\t\t\t\t\t\t\tVer el v\u00eddeo\t\t\t\t\t\t\t<\/span>\n\t\t\t\t\t\t<\/div>\n                \t<\/a>\n\t\t\t\t\t\t\t\t\t\t<div class=\"loop-testimony__body\">\n\t\t\t\t\t\t<blockquote class=\"loop-testimony__quote\">El dise\u00f1o del Shield Compact\u00ae me resulta muy adecuado. Es discreto, peque\u00f1o y con un aspecto bastante agradable.\r\n\r\nMe ha parecido f\u00e1cil de usar y bastante intuitivo.\r\n\r\nCuando lo pongo en modo boost, hace m\u00e1s ruido, pero eso tiene un efecto tranquilizador, tanto para m\u00ed como para la persona que est\u00e1 conmigo. Da la sensaci\u00f3n de que funciona con m\u00e1s eficacia debido al aumento de la intensidad del sonido.\r\n\r\nDesde que utilizo el Shield Compact\u00ae, ya sea durante la vacunaci\u00f3n o en la realizaci\u00f3n de test antig\u00e9nicos, me siento m\u00e1s tranquila.<\/blockquote>\n\t\t\t\t\t\t<div class=\"loop-testimony__author\">\n\t\t\t\t\t\t\t\t\t\t\t\t\t\t\t\t\t\t\t\t\t<p class=\"loop-testimony__name\"><strong>Dr M-C Anne-Sophie<\/strong><br\/>\n\t\t\t\t\t\t\tFarmac\u00e9utica y gerente.<\/p>\n\t\t\t\t\t\t<\/div>\n\t\t\t\t\t<\/div>\n\t\t\t\t<\/div>\n\t\t\t<\/div>\n\t\t\t\t\t\t\t\t<\/div>\n\t\t<div class=\"slide-prev\">\n            <svg width=\"13\" height=\"20\" aria-hidden=\"true\" role=\"presentation\"><use xlink:href=\"#slide-prev\"\/><\/svg>\n        <\/div>\n        <div class=\"slide-next\">\n            <svg width=\"13\" height=\"20\" aria-hidden=\"true\" role=\"presentation\"><use xlink:href=\"#slide-next\"\/><\/svg>\n        <\/div>\n\t<\/div>\n\t<\/div>\n\n<\/div>\n\n\n\n<div class=\"wp-block-group has-lightgrey-background-color has-background is-layout-flow wp-block-group-is-layout-flow\" style=\"border-radius:20px;padding-top:var(--wp--preset--spacing--75);padding-right:var(--wp--preset--spacing--75);padding-bottom:var(--wp--preset--spacing--75);padding-left:var(--wp--preset--spacing--75)\">\n<h2 class=\"wp-block-heading has-text-align-center\"><strong>\u00bfQuieres saber m\u00e1s sobre nuestros productos?<\/strong><\/h2>\n\n\n\n<p class=\"has-text-align-center\">Tanto si necesitas informaci\u00f3n t\u00e9cnica como asesoramiento experto, estaremos encantados de ayudarte. Podemos organizar una videollamada o una conversaci\u00f3n telef\u00f3nica cuando mejor te convenga.<\/p>\n\n\n\n<div class=\"wp-block-buttons is-content-justification-center is-layout-flex wp-container-core-buttons-is-layout-a89b3969 wp-block-buttons-is-layout-flex\">\n<div class=\"wp-block-button\"><a class=\"wp-block-button__link wp-element-button\" href=\"https:\/\/share-eu1.hsforms.com\/1E-hSxlDMT6u7yy8xFxdFkgexg1v?__hstc=191158197.12333dbceaaf0a4b876500007d6a41a3.1753773294906.1753798906615.1753859848622.5&amp;__hssc=191158197.83.1753859848622&amp;__hsfp=3225660188\">Contactar con un asesor de JVD<\/a><\/div>\n<\/div>\n<\/div>\n","protected":false},"excerpt":{"rendered":"<p>En JVD creemos que un buen aire interior no es un lujo, sino una necesidad. Pasamos la mayor parte del tiempo en espacios cerrados. Por eso, es clave reducir la exposici\u00f3n a contaminantes. Ventilar y evitar productos t\u00f3xicos ayuda. Sin embargo, para proteger de verdad la salud, lo m\u00e1s eficaz es contar con un purificador [&hellip;]<\/p>\n","protected":false},"author":9,"featured_media":3125,"parent":5254,"menu_order":1,"comment_status":"closed","ping_status":"closed","template":"","meta":{"_acf_changed":false,"content-type":"","_searchwp_excluded":"","inline_featured_image":false,"footnotes":""},"class_list":["post-7737","page","type-page","status-publish","has-post-thumbnail","hentry"],"acf":[],"yoast_head":"<!-- This site is optimized with the Yoast SEO plugin v27.1.1 - https:\/\/yoast.com\/product\/yoast-seo-wordpress\/ -->\n<title>Purificador de aire profesional | Shield\u00ae de JVD<\/title>\n<meta name=\"description\" content=\"Descubre Shield\u00ae, el purificador de aire profesional de JVD. Alta eficacia contra al\u00e9rgenos, virus, contaminantes, olores y part\u00edculas finas.\" \/>\n<meta name=\"robots\" content=\"index, follow, max-snippet:-1, max-image-preview:large, max-video-preview:-1\" \/>\n<link rel=\"canonical\" href=\"https:\/\/www.jvd.fr\/es\/purificadores-aire-profesionales\/purificador-aire-profesional\/\" \/>\n<meta property=\"og:locale\" content=\"es_ES\" \/>\n<meta property=\"og:type\" content=\"article\" \/>\n<meta property=\"og:title\" content=\"Purificador de aire profesional | Shield\u00ae de JVD\" \/>\n<meta property=\"og:description\" content=\"Descubre Shield\u00ae, el purificador de aire profesional de JVD. Alta eficacia contra al\u00e9rgenos, virus, contaminantes, olores y part\u00edculas finas.\" \/>\n<meta property=\"og:url\" content=\"https:\/\/www.jvd.fr\/es\/purificadores-aire-profesionales\/purificador-aire-profesional\/\" \/>\n<meta property=\"og:site_name\" content=\"JVD\" \/>\n<meta property=\"article:modified_time\" content=\"2025-09-16T14:12:30+00:00\" \/>\n<meta property=\"og:image\" content=\"https:\/\/www.jvd.fr\/wp-content\/uploads\/2025\/05\/jvd-pourquoi-purifier-air.jpeg\" \/>\n\t<meta property=\"og:image:width\" content=\"2000\" \/>\n\t<meta property=\"og:image:height\" content=\"1333\" \/>\n\t<meta property=\"og:image:type\" content=\"image\/jpeg\" \/>\n<script type=\"application\/ld+json\" class=\"yoast-schema-graph\">{\"@context\":\"https:\/\/schema.org\",\"@graph\":[{\"@type\":\"WebPage\",\"@id\":\"https:\/\/www.jvd.fr\/es\/purificadores-aire-profesionales\/purificador-aire-profesional\/\",\"url\":\"https:\/\/www.jvd.fr\/es\/purificadores-aire-profesionales\/purificador-aire-profesional\/\",\"name\":\"Purificador de aire profesional | Shield\u00ae de JVD\",\"isPartOf\":{\"@id\":\"https:\/\/www.jvd.fr\/es\/#website\"},\"primaryImageOfPage\":{\"@id\":\"https:\/\/www.jvd.fr\/es\/purificadores-aire-profesionales\/purificador-aire-profesional\/#primaryimage\"},\"image\":{\"@id\":\"https:\/\/www.jvd.fr\/es\/purificadores-aire-profesionales\/purificador-aire-profesional\/#primaryimage\"},\"thumbnailUrl\":\"https:\/\/www.jvd.fr\/wp-content\/uploads\/2025\/05\/jvd-pourquoi-purifier-air.jpeg\",\"datePublished\":\"2025-05-05T13:15:06+00:00\",\"dateModified\":\"2025-09-16T14:12:30+00:00\",\"description\":\"Descubre Shield\u00ae, el purificador de aire profesional de JVD. Alta eficacia contra al\u00e9rgenos, virus, contaminantes, olores y part\u00edculas finas.\",\"breadcrumb\":{\"@id\":\"https:\/\/www.jvd.fr\/es\/purificadores-aire-profesionales\/purificador-aire-profesional\/#breadcrumb\"},\"inLanguage\":\"es\",\"potentialAction\":[{\"@type\":\"ReadAction\",\"target\":[\"https:\/\/www.jvd.fr\/es\/purificadores-aire-profesionales\/purificador-aire-profesional\/\"]}]},{\"@type\":\"ImageObject\",\"inLanguage\":\"es\",\"@id\":\"https:\/\/www.jvd.fr\/es\/purificadores-aire-profesionales\/purificador-aire-profesional\/#primaryimage\",\"url\":\"https:\/\/www.jvd.fr\/wp-content\/uploads\/2025\/05\/jvd-pourquoi-purifier-air.jpeg\",\"contentUrl\":\"https:\/\/www.jvd.fr\/wp-content\/uploads\/2025\/05\/jvd-pourquoi-purifier-air.jpeg\",\"width\":2000,\"height\":1333,\"caption\":\"Pourquoi purifier l'air ?\"},{\"@type\":\"BreadcrumbList\",\"@id\":\"https:\/\/www.jvd.fr\/es\/purificadores-aire-profesionales\/purificador-aire-profesional\/#breadcrumb\",\"itemListElement\":[{\"@type\":\"ListItem\",\"position\":1,\"name\":\"Accueil\",\"item\":\"https:\/\/www.jvd.fr\/es\/\"},{\"@type\":\"ListItem\",\"position\":2,\"name\":\"Purificadores de aire\",\"item\":\"https:\/\/www.jvd.fr\/es\/purificadores-aire-profesionales\/\"},{\"@type\":\"ListItem\",\"position\":3,\"name\":\"\u00bfPor qu\u00e9 purificar el aire?\"}]},{\"@type\":\"WebSite\",\"@id\":\"https:\/\/www.jvd.fr\/es\/#website\",\"url\":\"https:\/\/www.jvd.fr\/es\/\",\"name\":\"JVD\",\"description\":\"Products that care\",\"potentialAction\":[{\"@type\":\"SearchAction\",\"target\":{\"@type\":\"EntryPoint\",\"urlTemplate\":\"https:\/\/www.jvd.fr\/es\/?s={search_term_string}\"},\"query-input\":{\"@type\":\"PropertyValueSpecification\",\"valueRequired\":true,\"valueName\":\"search_term_string\"}}],\"inLanguage\":\"es\"}]}<\/script>\n<!-- \/ Yoast SEO plugin. -->","yoast_head_json":{"title":"Purificador de aire profesional | Shield\u00ae de JVD","description":"Descubre Shield\u00ae, el purificador de aire profesional de JVD. Alta eficacia contra al\u00e9rgenos, virus, contaminantes, olores y part\u00edculas finas.","robots":{"index":"index","follow":"follow","max-snippet":"max-snippet:-1","max-image-preview":"max-image-preview:large","max-video-preview":"max-video-preview:-1"},"canonical":"https:\/\/www.jvd.fr\/es\/purificadores-aire-profesionales\/purificador-aire-profesional\/","og_locale":"es_ES","og_type":"article","og_title":"Purificador de aire profesional | Shield\u00ae de JVD","og_description":"Descubre Shield\u00ae, el purificador de aire profesional de JVD. Alta eficacia contra al\u00e9rgenos, virus, contaminantes, olores y part\u00edculas finas.","og_url":"https:\/\/www.jvd.fr\/es\/purificadores-aire-profesionales\/purificador-aire-profesional\/","og_site_name":"JVD","article_modified_time":"2025-09-16T14:12:30+00:00","og_image":[{"width":2000,"height":1333,"url":"https:\/\/www.jvd.fr\/wp-content\/uploads\/2025\/05\/jvd-pourquoi-purifier-air.jpeg","type":"image\/jpeg"}],"schema":{"@context":"https:\/\/schema.org","@graph":[{"@type":"WebPage","@id":"https:\/\/www.jvd.fr\/es\/purificadores-aire-profesionales\/purificador-aire-profesional\/","url":"https:\/\/www.jvd.fr\/es\/purificadores-aire-profesionales\/purificador-aire-profesional\/","name":"Purificador de aire profesional | Shield\u00ae de JVD","isPartOf":{"@id":"https:\/\/www.jvd.fr\/es\/#website"},"primaryImageOfPage":{"@id":"https:\/\/www.jvd.fr\/es\/purificadores-aire-profesionales\/purificador-aire-profesional\/#primaryimage"},"image":{"@id":"https:\/\/www.jvd.fr\/es\/purificadores-aire-profesionales\/purificador-aire-profesional\/#primaryimage"},"thumbnailUrl":"https:\/\/www.jvd.fr\/wp-content\/uploads\/2025\/05\/jvd-pourquoi-purifier-air.jpeg","datePublished":"2025-05-05T13:15:06+00:00","dateModified":"2025-09-16T14:12:30+00:00","description":"Descubre Shield\u00ae, el purificador de aire profesional de JVD. Alta eficacia contra al\u00e9rgenos, virus, contaminantes, olores y part\u00edculas finas.","breadcrumb":{"@id":"https:\/\/www.jvd.fr\/es\/purificadores-aire-profesionales\/purificador-aire-profesional\/#breadcrumb"},"inLanguage":"es","potentialAction":[{"@type":"ReadAction","target":["https:\/\/www.jvd.fr\/es\/purificadores-aire-profesionales\/purificador-aire-profesional\/"]}]},{"@type":"ImageObject","inLanguage":"es","@id":"https:\/\/www.jvd.fr\/es\/purificadores-aire-profesionales\/purificador-aire-profesional\/#primaryimage","url":"https:\/\/www.jvd.fr\/wp-content\/uploads\/2025\/05\/jvd-pourquoi-purifier-air.jpeg","contentUrl":"https:\/\/www.jvd.fr\/wp-content\/uploads\/2025\/05\/jvd-pourquoi-purifier-air.jpeg","width":2000,"height":1333,"caption":"Pourquoi purifier l'air ?"},{"@type":"BreadcrumbList","@id":"https:\/\/www.jvd.fr\/es\/purificadores-aire-profesionales\/purificador-aire-profesional\/#breadcrumb","itemListElement":[{"@type":"ListItem","position":1,"name":"Accueil","item":"https:\/\/www.jvd.fr\/es\/"},{"@type":"ListItem","position":2,"name":"Purificadores de aire","item":"https:\/\/www.jvd.fr\/es\/purificadores-aire-profesionales\/"},{"@type":"ListItem","position":3,"name":"\u00bfPor qu\u00e9 purificar el aire?"}]},{"@type":"WebSite","@id":"https:\/\/www.jvd.fr\/es\/#website","url":"https:\/\/www.jvd.fr\/es\/","name":"JVD","description":"Products that care","potentialAction":[{"@type":"SearchAction","target":{"@type":"EntryPoint","urlTemplate":"https:\/\/www.jvd.fr\/es\/?s={search_term_string}"},"query-input":{"@type":"PropertyValueSpecification","valueRequired":true,"valueName":"search_term_string"}}],"inLanguage":"es"}]}},"_links":{"self":[{"href":"https:\/\/www.jvd.fr\/es\/wp-json\/wp\/v2\/pages\/7737","targetHints":{"allow":["GET"]}}],"collection":[{"href":"https:\/\/www.jvd.fr\/es\/wp-json\/wp\/v2\/pages"}],"about":[{"href":"https:\/\/www.jvd.fr\/es\/wp-json\/wp\/v2\/types\/page"}],"author":[{"embeddable":true,"href":"https:\/\/www.jvd.fr\/es\/wp-json\/wp\/v2\/users\/9"}],"replies":[{"embeddable":true,"href":"https:\/\/www.jvd.fr\/es\/wp-json\/wp\/v2\/comments?post=7737"}],"version-history":[{"count":7,"href":"https:\/\/www.jvd.fr\/es\/wp-json\/wp\/v2\/pages\/7737\/revisions"}],"predecessor-version":[{"id":59930,"href":"https:\/\/www.jvd.fr\/es\/wp-json\/wp\/v2\/pages\/7737\/revisions\/59930"}],"up":[{"embeddable":true,"href":"https:\/\/www.jvd.fr\/es\/wp-json\/wp\/v2\/pages\/5254"}],"wp:featuredmedia":[{"embeddable":true,"href":"https:\/\/www.jvd.fr\/es\/wp-json\/wp\/v2\/media\/3125"}],"wp:attachment":[{"href":"https:\/\/www.jvd.fr\/es\/wp-json\/wp\/v2\/media?parent=7737"}],"curies":[{"name":"wp","href":"https:\/\/api.w.org\/{rel}","templated":true}]}}