{"id":63021,"date":"2025-11-06T10:51:48","date_gmt":"2025-11-06T09:51:48","guid":{"rendered":"https:\/\/www.jvd.fr\/?page_id=63021"},"modified":"2025-12-23T12:21:22","modified_gmt":"2025-12-23T11:21:22","slug":"por-la-salud","status":"publish","type":"page","link":"https:\/\/www.jvd.fr\/es\/armarios-desinfectantes\/por-la-salud\/","title":{"rendered":"Por la salud"},"content":{"rendered":"\n<figure class=\"wp-block-image aligncenter size-full is-resized\" style=\"margin-bottom:var(--wp--preset--spacing--50);margin-left:0\"><img loading=\"lazy\" decoding=\"async\" width=\"1767\" height=\"175\" src=\"https:\/\/www.jvd.fr\/wp-content\/uploads\/2025\/07\/logo-francais-jvd.jpg\" alt=\"\" class=\"wp-image-42980\" style=\"width:250px\" srcset=\"https:\/\/www.jvd.fr\/wp-content\/uploads\/2025\/07\/logo-francais-jvd.jpg 1767w, https:\/\/www.jvd.fr\/wp-content\/uploads\/2025\/07\/logo-francais-jvd-600x59.jpg 600w, https:\/\/www.jvd.fr\/wp-content\/uploads\/2025\/07\/logo-francais-jvd-120x12.jpg 120w\" sizes=\"auto, (max-width: 1767px) 100vw, 1767px\" \/><\/figure>\n\n\n\n<div class=\"wp-block-group is-style-content-narrow has-global-padding is-content-justification-center is-layout-constrained wp-block-group-is-layout-constrained\" style=\"margin-bottom:var(--wp--preset--spacing--75)\">\n<h2 class=\"wp-block-heading has-text-align-center\">Cuando su misi\u00f3n termina,                                     la nuestra comienza<\/h2>\n\n\n\n<p class=\"has-text-align-center\">Con Novven, apoyamos a las mujeres y hombres que trabajan cada d\u00eda en los centros de salud, ofreci\u00e9ndoles una soluci\u00f3n de higiene para los EPP dise\u00f1ada para su exigente entorno. Pat\u00f3genos, humedad, olores o uso prolongado: todos estos factores invisibles pueden afectar la comodidad, la seguridad y la disponibilidad de los equipos de atenci\u00f3n sanitaria.<\/p>\n<\/div>\n\n\n\n<div class=\"wp-block-group has-global-padding is-layout-constrained wp-block-group-is-layout-constrained\" style=\"margin-bottom:var(--wp--preset--spacing--100)\">\n<h2 class=\"wp-block-heading has-text-align-center\">Una gama co-desarrollada con los profesionales<\/h2>\n\n\n\n<div class=\"wp-block-columns is-layout-flex wp-container-core-columns-is-layout-28f84493 wp-block-columns-is-layout-flex\">\n<div class=\"wp-block-column is-layout-flow wp-block-column-is-layout-flow\">\n<figure class=\"wp-block-image size-full\" style=\"margin-top:var(--wp--preset--spacing--75);margin-bottom:var(--wp--preset--spacing--75)\"><img loading=\"lazy\" decoding=\"async\" width=\"1000\" height=\"778\" src=\"https:\/\/www.jvd.fr\/wp-content\/uploads\/2025\/11\/jvx058-novven3-sante-hd.png\" alt=\"\" class=\"wp-image-62016\" srcset=\"https:\/\/www.jvd.fr\/wp-content\/uploads\/2025\/11\/jvx058-novven3-sante-hd.png 1000w, https:\/\/www.jvd.fr\/wp-content\/uploads\/2025\/11\/jvx058-novven3-sante-hd-600x467.png 600w, https:\/\/www.jvd.fr\/wp-content\/uploads\/2025\/11\/jvx058-novven3-sante-hd-90x70.png 90w\" sizes=\"auto, (max-width: 1000px) 100vw, 1000px\" \/><\/figure>\n<\/div>\n\n\n\n<div class=\"wp-block-column is-vertically-aligned-center is-layout-flow wp-block-column-is-layout-flow\">\n<p>Con varios a\u00f1os de<strong> experiencia sobre el terreno<\/strong> y <strong>miles de armarios <\/strong>desplegados en estaciones de bomberos para mantener la higiene de sus EPP vitales, la gama Novven naci\u00f3 de la atenci\u00f3n y comprensi\u00f3n del d\u00eda a d\u00eda de estos trabajos exigentes.<\/p>\n\n\n\n<p>Cada evoluci\u00f3n es fruto de un<strong> di\u00e1logo constante con los usuarios<\/strong>, para responder a las realidades de sus misiones: exigencia, rapidez, seguridad y fiabilidad.<\/p>\n\n\n\n<p>La <strong>nueva generaci\u00f3n Novven 3<\/strong> contin\u00faa esta din\u00e1mica de co-desarrollo. Dise\u00f1ada <strong>con y para los centros de salud<\/strong>, incorpora sus comentarios y necesidades concretas para ofrecer una <strong>soluci\u00f3n eficiente, pr\u00e1ctica y robusta<\/strong>, capaz de acompa\u00f1arlos en el terreno d\u00eda tras d\u00eda.<\/p>\n\n\n\n<p>En el coraz\u00f3n del protocolo de higiene, <strong>Novven 3<\/strong> garantiza una <strong>mejor disponibilidad operativa, una mayor durabilidad de los EPP<\/strong> y contribuye directamente a <strong>proteger la salud de los profesionales sanitarios.<\/strong><\/p>\n<\/div>\n<\/div>\n<\/div>\n\n\n\n<h2 class=\"wp-block-heading has-text-align-center\">Novven 3, la soluci\u00f3n m\u00e1s avanzada del mercado<\/h2>\n\n\n\n<div id=\"wp-block-jvd-cards-block_873e4318e9d2a322ba0fda269f7acf38\" class=\"wp-block-jvd-cards align wp-block-acf-cards\">\n\t    <div class=\"jvd-cards\" data-display=\"grid\" data-columns=\"2\" data-count=\"2\" data-parity=\"even\">\n\t\t        <div class=\"jvd-card\" data-link=\"1\" data-img-ratio=\"portrait\" data-text-pos=\"under\">\n            <figure class=\"jvd-card__img\">\n\t\t\t                    <img decoding=\"async\" src=\"https:\/\/www.jvd.fr\/wp-content\/uploads\/2025\/10\/novven-armoire-blanche.jpg\" width=\"600\" height=\"800\" alt=\"\" loading=\"lazy\" \/>\n\t\t\t                <\/figure>\n            <div class=\"jvd-card__content\">\n                <h3 class=\"jvd-card__title\"><a href=\"https:\/\/www.jvd.fr\/es\/produit\/armario-novven-3-salud-pack-optimo\/\">Novven 3<\/a><\/h3>                                <p class=\"jvd-card__text\">Armario de secado, desodorizaci\u00f3n y desinfecci\u00f3n<\/p>\n                            <\/div>\n        <\/div>\n\t\t        <div class=\"jvd-card\" data-link=\"1\" data-img-ratio=\"portrait\" data-text-pos=\"under\">\n            <figure class=\"jvd-card__img\">\n\t\t\t                    <img decoding=\"async\" src=\"https:\/\/www.jvd.fr\/wp-content\/uploads\/2025\/10\/novven-3s-jvd.jpg\" width=\"600\" height=\"800\" alt=\"\" loading=\"lazy\" \/>\n\t\t\t                <\/figure>\n            <div class=\"jvd-card__content\">\n                <h3 class=\"jvd-card__title\"><a href=\"https:\/\/www.jvd.fr\/es\/produit\/armario-novven-3s-salud-pack-optimo\/\">Novven 3S<\/a><\/h3>                                <p class=\"jvd-card__text\">Armario de secado, desodorizaci\u00f3n y desinfecci\u00f3n<\/p>\n                            <\/div>\n        <\/div>\n\t\t    <\/div>\n    <\/div>\n\n\n\n<div class=\"wp-block-group has-global-padding is-layout-constrained wp-block-group-is-layout-constrained\" style=\"margin-bottom:var(--wp--preset--spacing--125)\">\n<div class=\"wp-block-group has-white-color has-pinetree-background-color has-text-color has-background has-link-color wp-elements-5e129e58a5b07cb7a4e16d3b92c54615 has-global-padding is-layout-constrained wp-container-core-group-is-layout-022c2711 wp-block-group-is-layout-constrained\" style=\"border-style:none;border-width:0px;border-radius:20px;margin-top:var(--wp--preset--spacing--100);margin-bottom:var(--wp--preset--spacing--100);padding-top:var(--wp--preset--spacing--50);padding-right:var(--wp--preset--spacing--50);padding-bottom:var(--wp--preset--spacing--50);padding-left:var(--wp--preset--spacing--50)\">\n<h2 class=\"wp-block-heading has-text-align-center has-white-color has-text-color has-link-color wp-elements-e9a4730151caf0e761d1d80d6d7dd134\">Beneficios para una mejor protecci\u00f3n<\/h2>\n\n\n\n<div id=\"wp-block-jvd-highlights-block_5ada826326652a9ad76964b25af51171\" class=\"wp-block-jvd-highlights align wp-block-acf-highlights\">\n    <ul class=\"jvd-highlights\">\n                    <li class=\"jvd-highlight\">\n                                                <figure class=\"jvd-highlight__img\">\n                    <img decoding=\"async\" src=\"https:\/\/www.jvd.fr\/wp-content\/uploads\/2025\/11\/73925a7c-9aed-4367-b0c0-19ae77bb11af-600x600.png\" alt=\"\" width=\"600\" height=\"600\" loading=\"lazy\" \/>\n                <\/figure>\n                                <div class=\"jvd-highlight__content\">\n                    <h3 class=\"jvd-hightlight__title\">Prevenir los riesgos sanitarios<br \/>\r\n<\/h3>\n                    <p class=\"jvd-hightlight__text\">Garantizar la desinfecci\u00f3n de los EPP para reducir el riesgo de contaminaci\u00f3n cruzada entre pacientes, profesionales de la salud y equipos.\r\n<\/p>\n                <\/div>\n            <\/li>\n                    <li class=\"jvd-highlight\">\n                                                <figure class=\"jvd-highlight__img\">\n                    <img decoding=\"async\" src=\"https:\/\/www.jvd.fr\/wp-content\/uploads\/2025\/11\/capture-decran-2025-11-05-121452-600x456.png\" alt=\"\" width=\"600\" height=\"456\" loading=\"lazy\" \/>\n                <\/figure>\n                                <div class=\"jvd-highlight__content\">\n                    <h3 class=\"jvd-hightlight__title\">Mejorar la disponibilidad<br \/>\r\n<\/h3>\n                    <p class=\"jvd-hightlight__text\">Mantener los EPP secos y libres de olores fuertes (como el sudor), mejorando al mismo tiempo de forma sostenible la comodidad diaria.\r\n<\/p>\n                <\/div>\n            <\/li>\n                    <li class=\"jvd-highlight\">\n                                                <figure class=\"jvd-highlight__img\">\n                    <img decoding=\"async\" src=\"https:\/\/www.jvd.fr\/wp-content\/uploads\/2025\/11\/generated-image-november-05-2025-2-08pm-1-600x600.png\" alt=\"\" width=\"600\" height=\"600\" loading=\"lazy\" \/>\n                <\/figure>\n                                <div class=\"jvd-highlight__content\">\n                    <h3 class=\"jvd-hightlight__title\">Reducir los costes de mantenimiento<br \/>\r\n<\/h3>\n                    <p class=\"jvd-hightlight__text\">Una soluci\u00f3n \u00fanica para la higiene de todos los EPP, que limita su renovaci\u00f3n innecesaria y elimina procesos largos, costosos y agotadores.\r\n<\/p>\n                <\/div>\n            <\/li>\n                <\/ul>\n<\/div>\n<\/div>\n<\/div>\n\n\n\n<h2 class=\"wp-block-heading has-text-align-center\">Funciones dise\u00f1adas para un alto rendimiento<\/h2>\n\n\n\n<div id=\"wp-block-jvd-cards-block_78b4fa481436360793362337bb6acf6f\" class=\"wp-block-jvd-cards align wp-block-acf-cards\">\n\t    <div class=\"jvd-cards\" data-display=\"grid\" data-columns=\"4\" data-count=\"4\" data-parity=\"even\">\n\t\t        <div class=\"jvd-card\" data-link=\"0\" data-img-ratio=\"square\" data-text-pos=\"under\">\n            <figure class=\"jvd-card__img\">\n\t\t\t                    <img decoding=\"async\" src=\"https:\/\/www.jvd.fr\/wp-content\/uploads\/2025\/10\/N3S-B-Detail-Poigne-600x600.jpg\" width=\"600\" height=\"600\" alt=\"\" loading=\"lazy\" \/>\n\t\t\t                <\/figure>\n            <div class=\"jvd-card__content\">\n                <h3 class=\"jvd-card__title\">F\u00e1cil de usar<\/h3>                                <p class=\"jvd-card__text\">Cada funci\u00f3n est\u00e1 dise\u00f1ada para poner en marcha el armario en unos pocos pasos, sin p\u00e9rdida de tiempo ni complejidad innecesaria.<\/p>\n                            <\/div>\n        <\/div>\n\t\t        <div class=\"jvd-card\" data-link=\"0\" data-img-ratio=\"square\" data-text-pos=\"under\">\n            <figure class=\"jvd-card__img\">\n\t\t\t                    <img decoding=\"async\" src=\"https:\/\/www.jvd.fr\/wp-content\/uploads\/2025\/10\/N3S-B-Detail-Ecran-600x600.jpg\" width=\"600\" height=\"600\" alt=\"\" loading=\"lazy\" \/>\n\t\t\t                <\/figure>\n            <div class=\"jvd-card__content\">\n                <h3 class=\"jvd-card__title\">Navegaci\u00f3n intuitiva<\/h3>                                <p class=\"jvd-card__text\">La interfaz del software ofrece una navegaci\u00f3n clara e intuitiva, que permite seleccionar f\u00e1cilmente el programa adecuado. La informaci\u00f3n esencial est\u00e1 disponible de un vistazo.<\/p>\n                            <\/div>\n        <\/div>\n\t\t        <div class=\"jvd-card\" data-link=\"0\" data-img-ratio=\"square\" data-text-pos=\"under\">\n            <figure class=\"jvd-card__img\">\n\t\t\t                    <img decoding=\"async\" src=\"https:\/\/www.jvd.fr\/wp-content\/uploads\/2025\/10\/novven-nettoyage-fr-1-600x600.jpg\" width=\"600\" height=\"600\" alt=\"\" loading=\"lazy\" \/>\n\t\t\t                <\/figure>\n            <div class=\"jvd-card__content\">\n                <h3 class=\"jvd-card__title\">Gu\u00eda en l\u00ednea<\/h3>                                <p class=\"jvd-card__text\">Disponible en l\u00ednea, este espacio dedicado re\u00fane consejos, buenas pr\u00e1cticas y gu\u00edas t\u00e9cnicas para optimizar el uso del armario. Una verdadera herramienta de experiencia al alcance de la mano.<\/p>\n                            <\/div>\n        <\/div>\n\t\t        <div class=\"jvd-card\" data-link=\"0\" data-img-ratio=\"square\" data-text-pos=\"under\">\n            <figure class=\"jvd-card__img\">\n\t\t\t                    <img decoding=\"async\" src=\"https:\/\/www.jvd.fr\/wp-content\/uploads\/2025\/10\/principe-de-fonctionnement-uk-4-600x600.jpg\" width=\"600\" height=\"600\" alt=\"\" loading=\"lazy\" \/>\n\t\t\t                <\/figure>\n            <div class=\"jvd-card__content\">\n                <h3 class=\"jvd-card__title\">Trazabilidad<\/h3>                                <p class=\"jvd-card__text\">El seguimiento del historial de los ciclos de tratamiento y de la vida \u00fatil de los componentes permite cumplir con los protocolos y facilita el mantenimiento.<\/p>\n                            <\/div>\n        <\/div>\n\t\t    <\/div>\n    <\/div>\n\n\n\n<div class=\"wp-block-group has-white-background-color has-background has-global-padding is-layout-constrained wp-container-core-group-is-layout-6394867d wp-block-group-is-layout-constrained\" style=\"border-radius:20px;margin-bottom:var(--wp--preset--spacing--100);padding-top:var(--wp--preset--spacing--100);padding-right:0;padding-bottom:var(--wp--preset--spacing--100);padding-left:0\">\n<h2 class=\"wp-block-heading has-text-align-center\">Probado para usted<\/h2>\n\n\n\n<div id=\"wp-block-jvd-testimonies-block_74738e5cf16e3407dbdfc5ec972e1ead\" class=\"wp-block-jvd-testimonies align wp-block-acf-testimonies\">\n\t\t\t<div class=\"swiper jvd-testimonies js_testimonies\" data-media=\"none\" data-layout=\"regular\" data-count=\"1\">\n\t\t<div class=\"swiper-wrapper\">\n\t\t\t\t\t\t<div class=\"swiper-slide\">\n\t\t\t\t<div class=\"loop-testimony\">\n\t\t\t\t\t\t\t\t\t\t\t\t\t\t\t<div class=\"loop-testimony__body\">\n\t\t\t\t\t\t<blockquote class=\"loop-testimony__quote\">El armario ha demostrado ser muy eficaz en todos los criterios evaluados. F\u00e1cil de usar, nos ahorra un tiempo valioso a diario y facilita la gesti\u00f3n de nuestros equipos, como delantales y protectores de tiroides.<\/blockquote>\n\t\t\t\t\t\t<div class=\"loop-testimony__author\">\n\t\t\t\t\t\t\t\t\t\t\t\t\t\t\t\t\t\t\t\t\t<p class=\"loop-testimony__name\"><strong>CHU Normandie<\/strong><br\/>\n\t\t\t\t\t\t\t<\/p>\n\t\t\t\t\t\t<\/div>\n\t\t\t\t\t<\/div>\n\t\t\t\t<\/div>\n\t\t\t<\/div>\n\t\t\t\t\t\t\t\t<\/div>\n\t\t<div class=\"slide-prev\">\n            <svg width=\"13\" height=\"20\" aria-hidden=\"true\" role=\"presentation\"><use xlink:href=\"#slide-prev\"\/><\/svg>\n        <\/div>\n        <div class=\"slide-next\">\n            <svg width=\"13\" height=\"20\" aria-hidden=\"true\" role=\"presentation\"><use xlink:href=\"#slide-next\"\/><\/svg>\n        <\/div>\n\t<\/div>\n\t<\/div>\n\n<\/div>\n\n\n\n<div class=\"wp-block-group has-lightgrey-background-color has-background is-layout-flow wp-block-group-is-layout-flow\" style=\"border-radius:20px;padding-top:var(--wp--preset--spacing--75);padding-right:var(--wp--preset--spacing--75);padding-bottom:var(--wp--preset--spacing--75);padding-left:var(--wp--preset--spacing--75)\">\n<h2 class=\"wp-block-heading has-text-align-center\">\u00bfEst\u00e1 interesado\/a en nuestros                productos?<\/h2>\n\n\n\n<p class=\"has-text-align-center\">Ya sea para obtener informaci\u00f3n sobre un producto o consejos de expertos, no dude en contactarnos para una consulta por videollamada o tel\u00e9fono.<\/p>\n\n\n\n<div class=\"wp-block-buttons is-content-justification-center is-layout-flex wp-container-core-buttons-is-layout-a89b3969 wp-block-buttons-is-layout-flex\">\n<div class=\"wp-block-button\"><a class=\"wp-block-button__link wp-element-button\" href=\"https:\/\/share-eu1.hsforms.com\/1E-hSxlDMT6u7yy8xFxdFkgexg1v?__hstc=230363395.695fa6e62d82ba597150131d68a1cdde.1758285397812.1762357874126.1762416679039.51&amp;__hssc=230363395.25.1762416679039&amp;__hsfp=87422087\">Contactar a un asesor de JVD<\/a><\/div>\n<\/div>\n<\/div>\n\n\n\n<p><\/p>\n","protected":false},"excerpt":{"rendered":"<p>Cuando su misi\u00f3n termina, la nuestra comienza Con Novven, apoyamos a las mujeres y hombres que trabajan cada d\u00eda en los centros de salud, ofreci\u00e9ndoles una soluci\u00f3n de higiene para los EPP dise\u00f1ada para su exigente entorno. Pat\u00f3genos, humedad, olores o uso prolongado: todos estos factores invisibles pueden afectar la comodidad, la seguridad y la [&hellip;]<\/p>\n","protected":false},"author":14,"featured_media":62898,"parent":61958,"menu_order":0,"comment_status":"closed","ping_status":"closed","template":"","meta":{"_acf_changed":false,"content-type":"","_searchwp_excluded":"","inline_featured_image":false,"footnotes":""},"class_list":["post-63021","page","type-page","status-publish","has-post-thumbnail","hentry"],"acf":[],"yoast_head":"<!-- This site is optimized with the Yoast SEO plugin v27.1.1 - https:\/\/yoast.com\/product\/yoast-seo-wordpress\/ -->\n<title>Armarios desinfectantes para la salud: higiene y seguridad<\/title>\n<meta name=\"description\" content=\"Armarios desinfectantes para la salud Novven: Smart Air Care mantiene EPI y equipos limpios, seguros e higi\u00e9nicos.\" \/>\n<meta name=\"robots\" content=\"index, follow, max-snippet:-1, max-image-preview:large, max-video-preview:-1\" \/>\n<link rel=\"canonical\" href=\"https:\/\/www.jvd.fr\/es\/armarios-desinfectantes\/por-la-salud\/\" \/>\n<meta property=\"og:locale\" content=\"es_ES\" \/>\n<meta property=\"og:type\" content=\"article\" \/>\n<meta property=\"og:title\" content=\"Armarios desinfectantes para la salud: higiene y seguridad\" \/>\n<meta property=\"og:description\" content=\"Armarios desinfectantes para la salud Novven: Smart Air Care mantiene EPI y equipos limpios, seguros e higi\u00e9nicos.\" \/>\n<meta property=\"og:url\" content=\"https:\/\/www.jvd.fr\/es\/armarios-desinfectantes\/por-la-salud\/\" \/>\n<meta property=\"og:site_name\" content=\"JVD\" \/>\n<meta property=\"article:modified_time\" content=\"2025-12-23T11:21:22+00:00\" \/>\n<meta property=\"og:image\" content=\"https:\/\/www.jvd.fr\/wp-content\/uploads\/2025\/11\/design-sans-titre-2.png\" \/>\n\t<meta property=\"og:image:width\" content=\"1920\" \/>\n\t<meta property=\"og:image:height\" content=\"820\" \/>\n\t<meta property=\"og:image:type\" content=\"image\/png\" \/>\n<script type=\"application\/ld+json\" class=\"yoast-schema-graph\">{\"@context\":\"https:\/\/schema.org\",\"@graph\":[{\"@type\":\"WebPage\",\"@id\":\"https:\/\/www.jvd.fr\/es\/armarios-desinfectantes\/por-la-salud\/\",\"url\":\"https:\/\/www.jvd.fr\/es\/armarios-desinfectantes\/por-la-salud\/\",\"name\":\"Armarios desinfectantes para la salud: higiene y seguridad\",\"isPartOf\":{\"@id\":\"https:\/\/www.jvd.fr\/es\/#website\"},\"primaryImageOfPage\":{\"@id\":\"https:\/\/www.jvd.fr\/es\/armarios-desinfectantes\/por-la-salud\/#primaryimage\"},\"image\":{\"@id\":\"https:\/\/www.jvd.fr\/es\/armarios-desinfectantes\/por-la-salud\/#primaryimage\"},\"thumbnailUrl\":\"https:\/\/www.jvd.fr\/wp-content\/uploads\/2025\/11\/design-sans-titre-2.png\",\"datePublished\":\"2025-11-06T09:51:48+00:00\",\"dateModified\":\"2025-12-23T11:21:22+00:00\",\"description\":\"Armarios desinfectantes para la salud Novven: Smart Air Care mantiene EPI y equipos limpios, seguros e higi\u00e9nicos.\",\"breadcrumb\":{\"@id\":\"https:\/\/www.jvd.fr\/es\/armarios-desinfectantes\/por-la-salud\/#breadcrumb\"},\"inLanguage\":\"es\",\"potentialAction\":[{\"@type\":\"ReadAction\",\"target\":[\"https:\/\/www.jvd.fr\/es\/armarios-desinfectantes\/por-la-salud\/\"]}]},{\"@type\":\"ImageObject\",\"inLanguage\":\"es\",\"@id\":\"https:\/\/www.jvd.fr\/es\/armarios-desinfectantes\/por-la-salud\/#primaryimage\",\"url\":\"https:\/\/www.jvd.fr\/wp-content\/uploads\/2025\/11\/design-sans-titre-2.png\",\"contentUrl\":\"https:\/\/www.jvd.fr\/wp-content\/uploads\/2025\/11\/design-sans-titre-2.png\",\"width\":1920,\"height\":820},{\"@type\":\"BreadcrumbList\",\"@id\":\"https:\/\/www.jvd.fr\/es\/armarios-desinfectantes\/por-la-salud\/#breadcrumb\",\"itemListElement\":[{\"@type\":\"ListItem\",\"position\":1,\"name\":\"Accueil\",\"item\":\"https:\/\/www.jvd.fr\/es\/\"},{\"@type\":\"ListItem\",\"position\":2,\"name\":\"Armarios desinfectantes\",\"item\":\"https:\/\/www.jvd.fr\/es\/armarios-desinfectantes\/\"},{\"@type\":\"ListItem\",\"position\":3,\"name\":\"Por la salud\"}]},{\"@type\":\"WebSite\",\"@id\":\"https:\/\/www.jvd.fr\/es\/#website\",\"url\":\"https:\/\/www.jvd.fr\/es\/\",\"name\":\"JVD\",\"description\":\"Products that care\",\"potentialAction\":[{\"@type\":\"SearchAction\",\"target\":{\"@type\":\"EntryPoint\",\"urlTemplate\":\"https:\/\/www.jvd.fr\/es\/?s={search_term_string}\"},\"query-input\":{\"@type\":\"PropertyValueSpecification\",\"valueRequired\":true,\"valueName\":\"search_term_string\"}}],\"inLanguage\":\"es\"}]}<\/script>\n<!-- \/ Yoast SEO plugin. -->","yoast_head_json":{"title":"Armarios desinfectantes para la salud: higiene y seguridad","description":"Armarios desinfectantes para la salud Novven: Smart Air Care mantiene EPI y equipos limpios, seguros e higi\u00e9nicos.","robots":{"index":"index","follow":"follow","max-snippet":"max-snippet:-1","max-image-preview":"max-image-preview:large","max-video-preview":"max-video-preview:-1"},"canonical":"https:\/\/www.jvd.fr\/es\/armarios-desinfectantes\/por-la-salud\/","og_locale":"es_ES","og_type":"article","og_title":"Armarios desinfectantes para la salud: higiene y seguridad","og_description":"Armarios desinfectantes para la salud Novven: Smart Air Care mantiene EPI y equipos limpios, seguros e higi\u00e9nicos.","og_url":"https:\/\/www.jvd.fr\/es\/armarios-desinfectantes\/por-la-salud\/","og_site_name":"JVD","article_modified_time":"2025-12-23T11:21:22+00:00","og_image":[{"width":1920,"height":820,"url":"https:\/\/www.jvd.fr\/wp-content\/uploads\/2025\/11\/design-sans-titre-2.png","type":"image\/png"}],"schema":{"@context":"https:\/\/schema.org","@graph":[{"@type":"WebPage","@id":"https:\/\/www.jvd.fr\/es\/armarios-desinfectantes\/por-la-salud\/","url":"https:\/\/www.jvd.fr\/es\/armarios-desinfectantes\/por-la-salud\/","name":"Armarios desinfectantes para la salud: higiene y seguridad","isPartOf":{"@id":"https:\/\/www.jvd.fr\/es\/#website"},"primaryImageOfPage":{"@id":"https:\/\/www.jvd.fr\/es\/armarios-desinfectantes\/por-la-salud\/#primaryimage"},"image":{"@id":"https:\/\/www.jvd.fr\/es\/armarios-desinfectantes\/por-la-salud\/#primaryimage"},"thumbnailUrl":"https:\/\/www.jvd.fr\/wp-content\/uploads\/2025\/11\/design-sans-titre-2.png","datePublished":"2025-11-06T09:51:48+00:00","dateModified":"2025-12-23T11:21:22+00:00","description":"Armarios desinfectantes para la salud Novven: Smart Air Care mantiene EPI y equipos limpios, seguros e higi\u00e9nicos.","breadcrumb":{"@id":"https:\/\/www.jvd.fr\/es\/armarios-desinfectantes\/por-la-salud\/#breadcrumb"},"inLanguage":"es","potentialAction":[{"@type":"ReadAction","target":["https:\/\/www.jvd.fr\/es\/armarios-desinfectantes\/por-la-salud\/"]}]},{"@type":"ImageObject","inLanguage":"es","@id":"https:\/\/www.jvd.fr\/es\/armarios-desinfectantes\/por-la-salud\/#primaryimage","url":"https:\/\/www.jvd.fr\/wp-content\/uploads\/2025\/11\/design-sans-titre-2.png","contentUrl":"https:\/\/www.jvd.fr\/wp-content\/uploads\/2025\/11\/design-sans-titre-2.png","width":1920,"height":820},{"@type":"BreadcrumbList","@id":"https:\/\/www.jvd.fr\/es\/armarios-desinfectantes\/por-la-salud\/#breadcrumb","itemListElement":[{"@type":"ListItem","position":1,"name":"Accueil","item":"https:\/\/www.jvd.fr\/es\/"},{"@type":"ListItem","position":2,"name":"Armarios desinfectantes","item":"https:\/\/www.jvd.fr\/es\/armarios-desinfectantes\/"},{"@type":"ListItem","position":3,"name":"Por la salud"}]},{"@type":"WebSite","@id":"https:\/\/www.jvd.fr\/es\/#website","url":"https:\/\/www.jvd.fr\/es\/","name":"JVD","description":"Products that care","potentialAction":[{"@type":"SearchAction","target":{"@type":"EntryPoint","urlTemplate":"https:\/\/www.jvd.fr\/es\/?s={search_term_string}"},"query-input":{"@type":"PropertyValueSpecification","valueRequired":true,"valueName":"search_term_string"}}],"inLanguage":"es"}]}},"_links":{"self":[{"href":"https:\/\/www.jvd.fr\/es\/wp-json\/wp\/v2\/pages\/63021","targetHints":{"allow":["GET"]}}],"collection":[{"href":"https:\/\/www.jvd.fr\/es\/wp-json\/wp\/v2\/pages"}],"about":[{"href":"https:\/\/www.jvd.fr\/es\/wp-json\/wp\/v2\/types\/page"}],"author":[{"embeddable":true,"href":"https:\/\/www.jvd.fr\/es\/wp-json\/wp\/v2\/users\/14"}],"replies":[{"embeddable":true,"href":"https:\/\/www.jvd.fr\/es\/wp-json\/wp\/v2\/comments?post=63021"}],"version-history":[{"count":2,"href":"https:\/\/www.jvd.fr\/es\/wp-json\/wp\/v2\/pages\/63021\/revisions"}],"predecessor-version":[{"id":63052,"href":"https:\/\/www.jvd.fr\/es\/wp-json\/wp\/v2\/pages\/63021\/revisions\/63052"}],"up":[{"embeddable":true,"href":"https:\/\/www.jvd.fr\/es\/wp-json\/wp\/v2\/pages\/61958"}],"wp:featuredmedia":[{"embeddable":true,"href":"https:\/\/www.jvd.fr\/es\/wp-json\/wp\/v2\/media\/62898"}],"wp:attachment":[{"href":"https:\/\/www.jvd.fr\/es\/wp-json\/wp\/v2\/media?parent=63021"}],"curies":[{"name":"wp","href":"https:\/\/api.w.org\/{rel}","templated":true}]}}