{"id":61960,"date":"2025-10-20T15:08:33","date_gmt":"2025-10-20T13:08:33","guid":{"rendered":"https:\/\/www.jvd.fr\/?page_id=61960"},"modified":"2025-12-22T15:33:19","modified_gmt":"2025-12-22T14:33:19","slug":"smart-air-care-una-tecnologia-unica-y-de-alto-rendimiento","status":"publish","type":"page","link":"https:\/\/www.jvd.fr\/es\/armarios-desinfectantes\/smart-air-care-una-tecnologia-unica-y-de-alto-rendimiento\/","title":{"rendered":"Smart Air Care : una tecnolog\u00eda \u00fanica y de alto rendimiento"},"content":{"rendered":"\n<p class=\"has-text-align-center\">La <strong>tecnolog\u00eda patentada desarrollada por Novven<\/strong> se basa en el control preciso de varios componentes tecnol\u00f3gicos complementarios. Este enfoque \u00fanico garantiza un <strong>rendimiento excepcional<\/strong>, asegurando al mismo tiempo la <strong>fiabilidad, la homogeneidad y la inocuidad<\/strong> en cada ciclo.<\/p>\n\n\n\n<figure class=\"wp-block-image aligncenter size-full is-resized\" style=\"margin-bottom:var(--wp--preset--spacing--50);margin-left:0\"><img loading=\"lazy\" decoding=\"async\" width=\"1767\" height=\"175\" src=\"https:\/\/www.jvd.fr\/wp-content\/uploads\/2025\/07\/logo-francais-jvd.jpg\" alt=\"drapeau fran\u00e7ais pour le made in france de JVD\" class=\"wp-image-42980\" style=\"width:250px\" srcset=\"https:\/\/www.jvd.fr\/wp-content\/uploads\/2025\/07\/logo-francais-jvd.jpg 1767w, https:\/\/www.jvd.fr\/wp-content\/uploads\/2025\/07\/logo-francais-jvd-600x59.jpg 600w, https:\/\/www.jvd.fr\/wp-content\/uploads\/2025\/07\/logo-francais-jvd-120x12.jpg 120w\" sizes=\"auto, (max-width: 1767px) 100vw, 1767px\" \/><\/figure>\n\n\n\n<div class=\"wp-block-columns are-vertically-aligned-center is-layout-flex wp-container-core-columns-is-layout-59a2bf7c wp-block-columns-is-layout-flex\" style=\"margin-bottom:var(--wp--preset--spacing--100)\">\n<div class=\"wp-block-column is-vertically-aligned-center is-layout-flow wp-block-column-is-layout-flow\">\n<div id=\"wp-block-jvd-keyfigures-block_1f41dfc5e51ae5b4beeba55d71e398a5\" style=\"margin-top:var(--wp--preset--spacing--25);margin-bottom:var(--wp--preset--spacing--25);\" class=\"wp-block-jvd-keyfigures align wp-block-acf-keyfigures\">\n\t<div class=\"jvd-keyfigures\" data-cols=\"4\">\n\t\t        <div class=\"jvd-keyfigure\">\n\t\t\t\t\t\t            <figure class=\"jvd-keyfigure__picto\">\n\t\t\t\t<img decoding=\"async\" src=\"https:\/\/www.jvd.fr\/wp-content\/uploads\/2025\/10\/depollution.png\" alt=\"\" \/>\n            <\/figure>\n\t\t\t            <div class=\"jvd-keyfigure__head\">\n                                <div class=\"jvd-keyfigure__figure\">\n                                    <\/div>\n            <\/div>\n            <div class=\"jvd-keyfigure__content\">\n                                <strong class=\"jvd-keyfigure__title\">Los contaminantes<\/strong>\n                                                HAP (Hidrocarburos arom\u00e1ticos polic\u00edclicos)\r\n                            <\/div>\n        <\/div>\n\t\t        <div class=\"jvd-keyfigure\">\n\t\t\t\t\t\t            <figure class=\"jvd-keyfigure__picto\">\n\t\t\t\t<img decoding=\"async\" src=\"https:\/\/www.jvd.fr\/wp-content\/uploads\/2025\/10\/desinfection.png\" alt=\"\" \/>\n            <\/figure>\n\t\t\t            <div class=\"jvd-keyfigure__head\">\n                                <div class=\"jvd-keyfigure__figure\">\n                                    <\/div>\n            <\/div>\n            <div class=\"jvd-keyfigure__content\">\n                                <strong class=\"jvd-keyfigure__title\">Los microorganismos<\/strong>\n                                                bacterias, hongos, virus&#8230;\r\n                            <\/div>\n        <\/div>\n\t\t        <div class=\"jvd-keyfigure\">\n\t\t\t\t\t\t            <figure class=\"jvd-keyfigure__picto\">\n\t\t\t\t<img decoding=\"async\" src=\"https:\/\/www.jvd.fr\/wp-content\/uploads\/2025\/10\/desodorisation.png\" alt=\"\" \/>\n            <\/figure>\n\t\t\t            <div class=\"jvd-keyfigure__head\">\n                                <div class=\"jvd-keyfigure__figure\">\n                                    <\/div>\n            <\/div>\n            <div class=\"jvd-keyfigure__content\">\n                                <strong class=\"jvd-keyfigure__title\">Los olores<\/strong>\n                                                Olores corporales fuertes, productos qu\u00edmicos, querosenes&#8230;\r\n                            <\/div>\n        <\/div>\n\t\t        <div class=\"jvd-keyfigure\">\n\t\t\t\t\t\t            <figure class=\"jvd-keyfigure__picto\">\n\t\t\t\t<img decoding=\"async\" src=\"https:\/\/www.jvd.fr\/wp-content\/uploads\/2025\/10\/sechage.png\" alt=\"\" \/>\n            <\/figure>\n\t\t\t            <div class=\"jvd-keyfigure__head\">\n                                <div class=\"jvd-keyfigure__figure\">\n                                    <\/div>\n            <\/div>\n            <div class=\"jvd-keyfigure__content\">\n                                <strong class=\"jvd-keyfigure__title\">El secado<\/strong>\n                                                Ropa o equipos h\u00famedos, ligeramente o muy empapados\r\n                            <\/div>\n        <\/div>\n\t\t    <\/div>\n<\/div>\n<\/div>\n<\/div>\n\n\n\n<h2 class=\"wp-block-heading has-text-align-center\">Smart Air Care<\/h2>\n\n\n\n<h3 class=\"wp-block-heading has-text-align-center\">La tecnolog\u00eda patentada que controla cada par\u00e1metro<\/h3>\n\n\n\n<div class=\"wp-block-columns is-layout-flex wp-container-core-columns-is-layout-28f84493 wp-block-columns-is-layout-flex\">\n<div class=\"wp-block-column is-layout-flow wp-block-column-is-layout-flow\">\n<figure class=\"wp-block-image size-large\"><img loading=\"lazy\" decoding=\"async\" width=\"1200\" height=\"1200\" src=\"https:\/\/www.jvd.fr\/wp-content\/uploads\/2025\/10\/N3S-B-Detail-Novven-1200x1200.jpg\" alt=\"\" class=\"wp-image-61674\" srcset=\"https:\/\/www.jvd.fr\/wp-content\/uploads\/2025\/10\/N3S-B-Detail-Novven-1200x1200.jpg 1200w, https:\/\/www.jvd.fr\/wp-content\/uploads\/2025\/10\/N3S-B-Detail-Novven-300x300.jpg 300w, https:\/\/www.jvd.fr\/wp-content\/uploads\/2025\/10\/N3S-B-Detail-Novven-100x100.jpg 100w, https:\/\/www.jvd.fr\/wp-content\/uploads\/2025\/10\/N3S-B-Detail-Novven-150x150.jpg 150w, https:\/\/www.jvd.fr\/wp-content\/uploads\/2025\/10\/N3S-B-Detail-Novven-600x600.jpg 600w\" sizes=\"auto, (max-width: 1200px) 100vw, 1200px\" \/><\/figure>\n<\/div>\n\n\n\n<div class=\"wp-block-column is-vertically-aligned-center is-layout-flow wp-block-column-is-layout-flow\">\n<p>Con su <strong>tecnolog\u00eda patentada<\/strong>, cada par\u00e1metro se controla y gestiona rigurosamente para ofrecer resultados constantes, limitar los riesgos de contaminaci\u00f3n y garantizar un confort \u00f3ptimo d\u00eda tras d\u00eda.<\/p>\n\n\n\n<p>Gracias a un <strong>control preciso<\/strong>, Smart Air Care ajusta cada configuraci\u00f3n seg\u00fan el programa elegido: <strong>secado, desinfecci\u00f3n, desodorizaci\u00f3n o depuraci\u00f3n<\/strong>. Cada ciclo se optimiza para asegurar una<strong> higiene perfecta y un secado eficaz <\/strong>de todos los EPI y equipos.<\/p>\n\n\n\n<p>Con prestaciones <strong>certificadas <\/strong>por<strong> laboratorios independientes<\/strong>, Smart Air Care garantiza fiabilidad y eficacia, incluso en los entornos profesionales m\u00e1s exigentes.<\/p>\n\n\n\n<p><strong>Smart Air Care combina tecnolog\u00eda innovadora, fiabilidad y rendimiento, para que los EPI y equipos est\u00e9n siempre listos para su uso.<\/strong><\/p>\n<\/div>\n<\/div>\n\n\n\n<p><\/p>\n\n\n\n<p><\/p>\n\n\n\n<p><\/p>\n\n\n\n<h2 class=\"wp-block-heading has-text-align-center\">Una tecnolog\u00eda al servicio de la eficacia<\/h2>\n\n\n\n<div class=\"wp-block-columns are-vertically-aligned-center is-layout-flex wp-container-core-columns-is-layout-59a2bf7c wp-block-columns-is-layout-flex\" style=\"margin-bottom:var(--wp--preset--spacing--100)\">\n<div class=\"wp-block-column is-vertically-aligned-center is-layout-flow wp-block-column-is-layout-flow\">\n<div id=\"wp-block-jvd-keyfigures-block_b09355cb62ef2b05ac9e777c38426985\" style=\"margin-top:0;margin-bottom:0;\" class=\"wp-block-jvd-keyfigures align wp-block-acf-keyfigures\">\n\t<div class=\"jvd-keyfigures\" data-cols=\"4\">\n\t\t        <div class=\"jvd-keyfigure\">\n\t\t\t\t\t\t            <div class=\"jvd-keyfigure__head\">\n                                <div class=\"jvd-keyfigure__figure\">\n                    <strong class=\"js_counter\">1<\/strong>                <\/div>\n            <\/div>\n            <div class=\"jvd-keyfigure__content\">\n                                <strong class=\"jvd-keyfigure__title\">Circulaci\u00f3n de aire<\/strong>\n                                                Homog\u00e9nea y eficiente gracias a una aerodin\u00e1mica potente.                            <\/div>\n        <\/div>\n\t\t        <div class=\"jvd-keyfigure\">\n\t\t\t\t\t\t            <div class=\"jvd-keyfigure__head\">\n                                <div class=\"jvd-keyfigure__figure\">\n                    <strong class=\"js_counter\">2<\/strong>                <\/div>\n            <\/div>\n            <div class=\"jvd-keyfigure__content\">\n                                <strong class=\"jvd-keyfigure__title\">Accesorios optimizados<\/strong>\n                                                Para maximizar la eficacia del tratamiento.                            <\/div>\n        <\/div>\n\t\t        <div class=\"jvd-keyfigure\">\n\t\t\t\t\t\t            <div class=\"jvd-keyfigure__head\">\n                                <div class=\"jvd-keyfigure__figure\">\n                    <strong class=\"js_counter\">3<\/strong>                <\/div>\n            <\/div>\n            <div class=\"jvd-keyfigure__content\">\n                                <strong class=\"jvd-keyfigure__title\">Sistema de extracci\u00f3n<\/strong>\n                                                A trav\u00e9s de un filtro de carb\u00f3n activado.\r\n                            <\/div>\n        <\/div>\n\t\t        <div class=\"jvd-keyfigure\">\n\t\t\t\t\t\t            <div class=\"jvd-keyfigure__head\">\n                                <div class=\"jvd-keyfigure__figure\">\n                    <strong class=\"js_counter\">4<\/strong>                <\/div>\n            <\/div>\n            <div class=\"jvd-keyfigure__content\">\n                                <strong class=\"jvd-keyfigure__title\">Ecodise\u00f1ado<\/strong>\n                                                Para limitar los recursos necesarios.\r\n                            <\/div>\n        <\/div>\n\t\t    <\/div>\n<\/div>\n<\/div>\n\n\n\n<div class=\"wp-block-column is-vertically-aligned-center is-layout-flow wp-block-column-is-layout-flow\">\n<figure class=\"wp-block-image aligncenter size-medium\"><img loading=\"lazy\" decoding=\"async\" width=\"424\" height=\"600\" src=\"https:\/\/www.jvd.fr\/wp-content\/uploads\/2025\/10\/principe-de-fonctionnement-uk-2-424x600.jpg\" alt=\"\" class=\"wp-image-61765\" srcset=\"https:\/\/www.jvd.fr\/wp-content\/uploads\/2025\/10\/principe-de-fonctionnement-uk-2-424x600.jpg 424w, https:\/\/www.jvd.fr\/wp-content\/uploads\/2025\/10\/principe-de-fonctionnement-uk-2-600x849.jpg 600w, https:\/\/www.jvd.fr\/wp-content\/uploads\/2025\/10\/principe-de-fonctionnement-uk-2-49x70.jpg 49w, https:\/\/www.jvd.fr\/wp-content\/uploads\/2025\/10\/principe-de-fonctionnement-uk-2.jpg 707w\" sizes=\"auto, (max-width: 424px) 100vw, 424px\" \/><\/figure>\n<\/div>\n<\/div>\n\n\n\n<div class=\"wp-block-group has-lightgrey-background-color has-background is-layout-flow wp-block-group-is-layout-flow\" style=\"border-radius:20px;padding-top:var(--wp--preset--spacing--75);padding-right:var(--wp--preset--spacing--75);padding-bottom:var(--wp--preset--spacing--75);padding-left:var(--wp--preset--spacing--75)\">\n<h2 class=\"wp-block-heading has-text-align-center\">\u00bfCurioso por saber m\u00e1s?<\/h2>\n\n\n\n<p class=\"has-text-align-center\">Para acceder a toda nuestra documentaci\u00f3n cient\u00edfica o recibir consejos de expertos, no dude en contactarnos para una reuni\u00f3n por videollamada o por tel\u00e9fono.<\/p>\n\n\n\n<div class=\"wp-block-buttons is-content-justification-center is-layout-flex wp-container-core-buttons-is-layout-a89b3969 wp-block-buttons-is-layout-flex\">\n<div class=\"wp-block-button\"><a class=\"wp-block-button__link wp-element-button\" href=\"https:\/\/share-eu1.hsforms.com\/1E-hSxlDMT6u7yy8xFxdFkgexg1v?__hstc=230363395.695fa6e62d82ba597150131d68a1cdde.1758285397812.1761914982785.1761922217962.35&amp;__hssc=230363395.20.1761922217962&amp;__hsfp=87422087\">Ponerse en contacto<\/a><\/div>\n<\/div>\n<\/div>\n","protected":false},"excerpt":{"rendered":"<p>La tecnolog\u00eda patentada desarrollada por Novven se basa en el control preciso de varios componentes tecnol\u00f3gicos complementarios. Este enfoque \u00fanico garantiza un rendimiento excepcional, asegurando al mismo tiempo la fiabilidad, la homogeneidad y la inocuidad en cada ciclo. Smart Air Care La tecnolog\u00eda patentada que controla cada par\u00e1metro Con su tecnolog\u00eda patentada, cada par\u00e1metro se [&hellip;]<\/p>\n","protected":false},"author":14,"featured_media":0,"parent":61958,"menu_order":0,"comment_status":"closed","ping_status":"closed","template":"","meta":{"_acf_changed":false,"content-type":"","_searchwp_excluded":"","inline_featured_image":false,"footnotes":""},"class_list":["post-61960","page","type-page","status-publish","hentry"],"acf":[],"yoast_head":"<!-- This site is optimized with the Yoast SEO plugin v27.1.1 - https:\/\/yoast.com\/product\/yoast-seo-wordpress\/ -->\n<title>Tecnolog\u00eda Novven: armarios de EPI seguros e higi\u00e9nicos<\/title>\n<meta name=\"description\" content=\"Descubre la Tecnolog\u00eda Novven para armarios de EPI con ciclos Smart Air Care que garantizan higiene, desinfecci\u00f3n y seguridad profesional.\" \/>\n<meta name=\"robots\" content=\"index, follow, max-snippet:-1, max-image-preview:large, max-video-preview:-1\" \/>\n<link rel=\"canonical\" href=\"https:\/\/www.jvd.fr\/es\/armarios-desinfectantes\/smart-air-care-una-tecnologia-unica-y-de-alto-rendimiento\/\" \/>\n<meta property=\"og:locale\" content=\"es_ES\" \/>\n<meta property=\"og:type\" content=\"article\" \/>\n<meta property=\"og:title\" content=\"Tecnolog\u00eda Novven: armarios de EPI seguros e higi\u00e9nicos\" \/>\n<meta property=\"og:description\" content=\"Descubre la Tecnolog\u00eda Novven para armarios de EPI con ciclos Smart Air Care que garantizan higiene, desinfecci\u00f3n y seguridad profesional.\" \/>\n<meta property=\"og:url\" content=\"https:\/\/www.jvd.fr\/es\/armarios-desinfectantes\/smart-air-care-una-tecnologia-unica-y-de-alto-rendimiento\/\" \/>\n<meta property=\"og:site_name\" content=\"JVD\" \/>\n<meta property=\"article:modified_time\" content=\"2025-12-22T14:33:19+00:00\" \/>\n<meta property=\"og:image\" content=\"https:\/\/www.jvd.fr\/wp-content\/uploads\/2025\/07\/logo-francais-jvd.jpg\" \/>\n\t<meta property=\"og:image:width\" content=\"1767\" \/>\n\t<meta property=\"og:image:height\" content=\"175\" \/>\n\t<meta property=\"og:image:type\" content=\"image\/jpeg\" \/>\n<script type=\"application\/ld+json\" class=\"yoast-schema-graph\">{\"@context\":\"https:\/\/schema.org\",\"@graph\":[{\"@type\":\"WebPage\",\"@id\":\"https:\/\/www.jvd.fr\/es\/armarios-desinfectantes\/smart-air-care-una-tecnologia-unica-y-de-alto-rendimiento\/\",\"url\":\"https:\/\/www.jvd.fr\/es\/armarios-desinfectantes\/smart-air-care-una-tecnologia-unica-y-de-alto-rendimiento\/\",\"name\":\"Tecnolog\u00eda Novven: armarios de EPI seguros e higi\u00e9nicos\",\"isPartOf\":{\"@id\":\"https:\/\/www.jvd.fr\/es\/#website\"},\"primaryImageOfPage\":{\"@id\":\"https:\/\/www.jvd.fr\/es\/armarios-desinfectantes\/smart-air-care-una-tecnologia-unica-y-de-alto-rendimiento\/#primaryimage\"},\"image\":{\"@id\":\"https:\/\/www.jvd.fr\/es\/armarios-desinfectantes\/smart-air-care-una-tecnologia-unica-y-de-alto-rendimiento\/#primaryimage\"},\"thumbnailUrl\":\"https:\/\/www.jvd.fr\/wp-content\/uploads\/2025\/07\/logo-francais-jvd.jpg\",\"datePublished\":\"2025-10-20T13:08:33+00:00\",\"dateModified\":\"2025-12-22T14:33:19+00:00\",\"description\":\"Descubre la Tecnolog\u00eda Novven para armarios de EPI con ciclos Smart Air Care que garantizan higiene, desinfecci\u00f3n y seguridad profesional.\",\"breadcrumb\":{\"@id\":\"https:\/\/www.jvd.fr\/es\/armarios-desinfectantes\/smart-air-care-una-tecnologia-unica-y-de-alto-rendimiento\/#breadcrumb\"},\"inLanguage\":\"es\",\"potentialAction\":[{\"@type\":\"ReadAction\",\"target\":[\"https:\/\/www.jvd.fr\/es\/armarios-desinfectantes\/smart-air-care-una-tecnologia-unica-y-de-alto-rendimiento\/\"]}]},{\"@type\":\"ImageObject\",\"inLanguage\":\"es\",\"@id\":\"https:\/\/www.jvd.fr\/es\/armarios-desinfectantes\/smart-air-care-una-tecnologia-unica-y-de-alto-rendimiento\/#primaryimage\",\"url\":\"https:\/\/www.jvd.fr\/wp-content\/uploads\/2025\/07\/logo-francais-jvd.jpg\",\"contentUrl\":\"https:\/\/www.jvd.fr\/wp-content\/uploads\/2025\/07\/logo-francais-jvd.jpg\"},{\"@type\":\"BreadcrumbList\",\"@id\":\"https:\/\/www.jvd.fr\/es\/armarios-desinfectantes\/smart-air-care-una-tecnologia-unica-y-de-alto-rendimiento\/#breadcrumb\",\"itemListElement\":[{\"@type\":\"ListItem\",\"position\":1,\"name\":\"Accueil\",\"item\":\"https:\/\/www.jvd.fr\/es\/\"},{\"@type\":\"ListItem\",\"position\":2,\"name\":\"Armarios desinfectantes\",\"item\":\"https:\/\/www.jvd.fr\/es\/armarios-desinfectantes\/\"},{\"@type\":\"ListItem\",\"position\":3,\"name\":\"Smart Air Care : una tecnolog\u00eda \u00fanica y de alto rendimiento\"}]},{\"@type\":\"WebSite\",\"@id\":\"https:\/\/www.jvd.fr\/es\/#website\",\"url\":\"https:\/\/www.jvd.fr\/es\/\",\"name\":\"JVD\",\"description\":\"Products that care\",\"potentialAction\":[{\"@type\":\"SearchAction\",\"target\":{\"@type\":\"EntryPoint\",\"urlTemplate\":\"https:\/\/www.jvd.fr\/es\/?s={search_term_string}\"},\"query-input\":{\"@type\":\"PropertyValueSpecification\",\"valueRequired\":true,\"valueName\":\"search_term_string\"}}],\"inLanguage\":\"es\"}]}<\/script>\n<!-- \/ Yoast SEO plugin. -->","yoast_head_json":{"title":"Tecnolog\u00eda Novven: armarios de EPI seguros e higi\u00e9nicos","description":"Descubre la Tecnolog\u00eda Novven para armarios de EPI con ciclos Smart Air Care que garantizan higiene, desinfecci\u00f3n y seguridad profesional.","robots":{"index":"index","follow":"follow","max-snippet":"max-snippet:-1","max-image-preview":"max-image-preview:large","max-video-preview":"max-video-preview:-1"},"canonical":"https:\/\/www.jvd.fr\/es\/armarios-desinfectantes\/smart-air-care-una-tecnologia-unica-y-de-alto-rendimiento\/","og_locale":"es_ES","og_type":"article","og_title":"Tecnolog\u00eda Novven: armarios de EPI seguros e higi\u00e9nicos","og_description":"Descubre la Tecnolog\u00eda Novven para armarios de EPI con ciclos Smart Air Care que garantizan higiene, desinfecci\u00f3n y seguridad profesional.","og_url":"https:\/\/www.jvd.fr\/es\/armarios-desinfectantes\/smart-air-care-una-tecnologia-unica-y-de-alto-rendimiento\/","og_site_name":"JVD","article_modified_time":"2025-12-22T14:33:19+00:00","og_image":[{"width":1767,"height":175,"url":"https:\/\/www.jvd.fr\/wp-content\/uploads\/2025\/07\/logo-francais-jvd.jpg","type":"image\/jpeg"}],"schema":{"@context":"https:\/\/schema.org","@graph":[{"@type":"WebPage","@id":"https:\/\/www.jvd.fr\/es\/armarios-desinfectantes\/smart-air-care-una-tecnologia-unica-y-de-alto-rendimiento\/","url":"https:\/\/www.jvd.fr\/es\/armarios-desinfectantes\/smart-air-care-una-tecnologia-unica-y-de-alto-rendimiento\/","name":"Tecnolog\u00eda Novven: armarios de EPI seguros e higi\u00e9nicos","isPartOf":{"@id":"https:\/\/www.jvd.fr\/es\/#website"},"primaryImageOfPage":{"@id":"https:\/\/www.jvd.fr\/es\/armarios-desinfectantes\/smart-air-care-una-tecnologia-unica-y-de-alto-rendimiento\/#primaryimage"},"image":{"@id":"https:\/\/www.jvd.fr\/es\/armarios-desinfectantes\/smart-air-care-una-tecnologia-unica-y-de-alto-rendimiento\/#primaryimage"},"thumbnailUrl":"https:\/\/www.jvd.fr\/wp-content\/uploads\/2025\/07\/logo-francais-jvd.jpg","datePublished":"2025-10-20T13:08:33+00:00","dateModified":"2025-12-22T14:33:19+00:00","description":"Descubre la Tecnolog\u00eda Novven para armarios de EPI con ciclos Smart Air Care que garantizan higiene, desinfecci\u00f3n y seguridad profesional.","breadcrumb":{"@id":"https:\/\/www.jvd.fr\/es\/armarios-desinfectantes\/smart-air-care-una-tecnologia-unica-y-de-alto-rendimiento\/#breadcrumb"},"inLanguage":"es","potentialAction":[{"@type":"ReadAction","target":["https:\/\/www.jvd.fr\/es\/armarios-desinfectantes\/smart-air-care-una-tecnologia-unica-y-de-alto-rendimiento\/"]}]},{"@type":"ImageObject","inLanguage":"es","@id":"https:\/\/www.jvd.fr\/es\/armarios-desinfectantes\/smart-air-care-una-tecnologia-unica-y-de-alto-rendimiento\/#primaryimage","url":"https:\/\/www.jvd.fr\/wp-content\/uploads\/2025\/07\/logo-francais-jvd.jpg","contentUrl":"https:\/\/www.jvd.fr\/wp-content\/uploads\/2025\/07\/logo-francais-jvd.jpg"},{"@type":"BreadcrumbList","@id":"https:\/\/www.jvd.fr\/es\/armarios-desinfectantes\/smart-air-care-una-tecnologia-unica-y-de-alto-rendimiento\/#breadcrumb","itemListElement":[{"@type":"ListItem","position":1,"name":"Accueil","item":"https:\/\/www.jvd.fr\/es\/"},{"@type":"ListItem","position":2,"name":"Armarios desinfectantes","item":"https:\/\/www.jvd.fr\/es\/armarios-desinfectantes\/"},{"@type":"ListItem","position":3,"name":"Smart Air Care : una tecnolog\u00eda \u00fanica y de alto rendimiento"}]},{"@type":"WebSite","@id":"https:\/\/www.jvd.fr\/es\/#website","url":"https:\/\/www.jvd.fr\/es\/","name":"JVD","description":"Products that care","potentialAction":[{"@type":"SearchAction","target":{"@type":"EntryPoint","urlTemplate":"https:\/\/www.jvd.fr\/es\/?s={search_term_string}"},"query-input":{"@type":"PropertyValueSpecification","valueRequired":true,"valueName":"search_term_string"}}],"inLanguage":"es"}]}},"_links":{"self":[{"href":"https:\/\/www.jvd.fr\/es\/wp-json\/wp\/v2\/pages\/61960","targetHints":{"allow":["GET"]}}],"collection":[{"href":"https:\/\/www.jvd.fr\/es\/wp-json\/wp\/v2\/pages"}],"about":[{"href":"https:\/\/www.jvd.fr\/es\/wp-json\/wp\/v2\/types\/page"}],"author":[{"embeddable":true,"href":"https:\/\/www.jvd.fr\/es\/wp-json\/wp\/v2\/users\/14"}],"replies":[{"embeddable":true,"href":"https:\/\/www.jvd.fr\/es\/wp-json\/wp\/v2\/comments?post=61960"}],"version-history":[{"count":2,"href":"https:\/\/www.jvd.fr\/es\/wp-json\/wp\/v2\/pages\/61960\/revisions"}],"predecessor-version":[{"id":62001,"href":"https:\/\/www.jvd.fr\/es\/wp-json\/wp\/v2\/pages\/61960\/revisions\/62001"}],"up":[{"embeddable":true,"href":"https:\/\/www.jvd.fr\/es\/wp-json\/wp\/v2\/pages\/61958"}],"wp:attachment":[{"href":"https:\/\/www.jvd.fr\/es\/wp-json\/wp\/v2\/media?parent=61960"}],"curies":[{"name":"wp","href":"https:\/\/api.w.org\/{rel}","templated":true}]}}