{"id":5766,"date":"2025-06-03T15:41:09","date_gmt":"2025-06-03T13:41:09","guid":{"rendered":"https:\/\/jvdwoo2025.dnstemporaire.fr\/?page_id=5766"},"modified":"2025-09-15T17:48:10","modified_gmt":"2025-09-15T15:48:10","slug":"cajas-fuertes-hotel","status":"publish","type":"page","link":"https:\/\/www.jvd.fr\/es\/cajas-fuertes-hotel\/","title":{"rendered":"Cajas fuertes"},"content":{"rendered":"\n<div class=\"wp-block-group is-layout-flow wp-block-group-is-layout-flow\" style=\"margin-top:0;margin-bottom:var(--wp--preset--spacing--100);padding-bottom:0\">\n<h2 class=\"wp-block-heading\">Dise\u00f1adas para la tranquilidad de los hu\u00e9spedes&#8230; y del personal hotelero.<\/h2>\n\n\n\n<div class=\"wp-block-columns is-layout-flex wp-container-core-columns-is-layout-f6ee69ff wp-block-columns-is-layout-flex\" style=\"margin-bottom:var(--wp--preset--spacing--50)\">\n<div class=\"wp-block-column is-layout-flow wp-block-column-is-layout-flow\">\n<p>Las <strong>c<\/strong>ajas fuertes para hotel son esenciales para ofrecer a los hu\u00e9spedes una forma fiable de proteger sus pertenencias. La caja fuerte se ha convertido en un equipamiento esencial para garantizar una experiencia sin preocupaciones, generar confianza y cumplir con los est\u00e1ndares de confort que exigen los alojamientos modernos.<\/p>\n<\/div>\n\n\n\n<div class=\"wp-block-column is-layout-flow wp-block-column-is-layout-flow\">\n<p style=\"padding-top:0;padding-bottom:0\">JVD ofrece una gama de cajas fuertes robustas, f\u00e1ciles de usar y especialmente pensadas para el sector hotelero. Teclado retroiluminado, iluminaci\u00f3n interior, sistema antimanipulaci\u00f3n y desbloqueo seguro: cada detalle ha sido dise\u00f1ado para combinar seguridad, facilidad de uso y gesti\u00f3n simplificada para el personal.<br><\/p>\n<\/div>\n<\/div>\n\n\n\n<div class=\"wp-block-buttons is-content-justification-center is-layout-flex wp-container-core-buttons-is-layout-a89b3969 wp-block-buttons-is-layout-flex\">\n<div class=\"wp-block-button is-style-secondary-button\"><a class=\"wp-block-button__link wp-element-button\" href=\"https:\/\/www.jvd.fr\/es\/categorie\/cajas-fuertes\/\">Ver todos los productos<\/a><\/div>\n<\/div>\n<\/div>\n\n\n\n<div class=\"wp-block-group is-layout-flow wp-block-group-is-layout-flow\" style=\"margin-bottom:var(--wp--preset--spacing--100);padding-bottom:0\">\n<h2 class=\"wp-block-heading has-text-align-center\" style=\"padding-top:var(--wp--preset--spacing--25);padding-bottom:var(--wp--preset--spacing--25)\"><strong>\u00bfQu\u00e9 caja fuerte elegir para la habitaci\u00f3n de tu hotel?<\/strong><\/h2>\n\n\n\n<div id=\"wp-block-jvd-cards-block_abcc5d955ae9b72066a2e2eb5e996c71\" style=\"margin-bottom:var(--wp--preset--spacing--50);\" class=\"wp-block-jvd-cards align wp-block-acf-cards\">\n\t    <div class=\"swiper jvd-carousel js_cards\" data-display=\"carrousel\">\n        <div class=\"swiper__nav\">\n            <div class=\"swiper__nav__prev js_cards_prev\">\n                <svg width=\"13\" height=\"20\" aria-hidden=\"true\" role=\"presentation\"><use xlink:href=\"#slide-prev\"\/><\/svg>\n            <\/div>\n            <div class=\"swiper__nav__next js_cards_next\">\n                <svg width=\"13\" height=\"20\" aria-hidden=\"true\" role=\"presentation\"><use xlink:href=\"#slide-next\"\/><\/svg>\n            <\/div>\n        <\/div>\n        <div class=\"swiper-wrapper\">\n                        <div class=\"swiper-slide\">\n                <div class=\"jvd-card\" data-link=\"1\" data-img-ratio=\"portrait\" data-text-pos=\"hover\">\n                                        <figure class=\"jvd-card__img\">\n                                                    <img decoding=\"async\" src=\"https:\/\/www.jvd.fr\/wp-content\/uploads\/2025\/06\/fortress-coffre-fort-jvd-hotel-600x800.jpg\" width=\"600\" height=\"800\" alt=\"Fortress Coffre Fort Jvd Hotel\" loading=\"lazy\" \/>\n                                            <\/figure>\n                    <div class=\"jvd-card__content\">\n                                                <h3 class=\"jvd-card__title\">\n                                                        <a href=\"https:\/\/www.jvd.fr\/es\/produit\/fortress-14\/\">\n                                                        Fortress                                                        <\/a>\n                                                    <\/h3>\n                                                <p class=\"jvd-card__text\"><\/p>\n                    <\/div>\n                <\/div>\n            <\/div>\n                        <div class=\"swiper-slide\">\n                <div class=\"jvd-card\" data-link=\"1\" data-img-ratio=\"portrait\" data-text-pos=\"hover\">\n                                        <figure class=\"jvd-card__img\">\n                                                    <img decoding=\"async\" src=\"https:\/\/www.jvd.fr\/wp-content\/uploads\/2025\/06\/iconic-coffre-fort-jvd-horizontal-hotel-600x800.jpg\" width=\"600\" height=\"800\" alt=\"Iconic Coffre Fort Jvd Horizontal Hotel\" loading=\"lazy\" \/>\n                                            <\/figure>\n                    <div class=\"jvd-card__content\">\n                                                <h3 class=\"jvd-card__title\">\n                                                        <a href=\"https:\/\/www.jvd.fr\/es\/produit\/iconic-top-open\/\">\n                                                        Iconic                                                        <\/a>\n                                                    <\/h3>\n                                                <p class=\"jvd-card__text\"><\/p>\n                    <\/div>\n                <\/div>\n            <\/div>\n                        <div class=\"swiper-slide\">\n                <div class=\"jvd-card\" data-link=\"1\" data-img-ratio=\"portrait\" data-text-pos=\"hover\">\n                                        <figure class=\"jvd-card__img\">\n                                                    <img decoding=\"async\" src=\"https:\/\/www.jvd.fr\/wp-content\/uploads\/2025\/06\/guardian-coffre-fort-jvd-hotel-600x799.jpg\" width=\"600\" height=\"799\" alt=\"Guardian Coffre Fort Jvd Hotel\" loading=\"lazy\" \/>\n                                            <\/figure>\n                    <div class=\"jvd-card__content\">\n                                                <h3 class=\"jvd-card__title\">\n                                                        <a href=\"https:\/\/www.jvd.fr\/es\/produit\/guardian\/\">\n                                                        Guardian                                                        <\/a>\n                                                    <\/h3>\n                                                <p class=\"jvd-card__text\"><\/p>\n                    <\/div>\n                <\/div>\n            <\/div>\n                        <div class=\"swiper-slide\">\n                <div class=\"jvd-card\" data-link=\"1\" data-img-ratio=\"portrait\" data-text-pos=\"hover\">\n                                        <figure class=\"jvd-card__img\">\n                                                    <img decoding=\"async\" src=\"https:\/\/www.jvd.fr\/wp-content\/uploads\/2025\/06\/trustee-blanc-coffre-fort-jvd-hotel-600x800.jpg\" width=\"600\" height=\"800\" alt=\"\" loading=\"lazy\" \/>\n                                            <\/figure>\n                    <div class=\"jvd-card__content\">\n                                                <h3 class=\"jvd-card__title\">\n                                                        <a href=\"https:\/\/www.jvd.fr\/es\/produit\/trustee-compacto-blanco\/\">\n                                                        Trustee                                                        <\/a>\n                                                    <\/h3>\n                                                <p class=\"jvd-card__text\"><\/p>\n                    <\/div>\n                <\/div>\n            <\/div>\n                        <div class=\"swiper-slide\">\n                <div class=\"jvd-card\" data-link=\"1\" data-img-ratio=\"portrait\" data-text-pos=\"hover\">\n                                        <figure class=\"jvd-card__img\">\n                                            <\/figure>\n                    <div class=\"jvd-card__content\">\n                                                <h3 class=\"jvd-card__title\">\n                                                        <a href=\"https:\/\/www.jvd.fr\/es\/produit\/cajas-de-comando-de-caja\/\">\n                                                        Caja de commando                                                        <\/a>\n                                                    <\/h3>\n                                                <p class=\"jvd-card__text\"><\/p>\n                    <\/div>\n                <\/div>\n            <\/div>\n                        <div class=\"swiper-slide\">\n                <div class=\"jvd-card\" data-link=\"1\" data-img-ratio=\"portrait\" data-text-pos=\"hover\">\n                                        <figure class=\"jvd-card__img\">\n                                            <\/figure>\n                    <div class=\"jvd-card__content\">\n                                                <h3 class=\"jvd-card__title\">\n                                                        <a href=\"https:\/\/www.jvd.fr\/es\/produit\/smart-key\/\">\n                                                        Smart key                                                        <\/a>\n                                                    <\/h3>\n                                                <p class=\"jvd-card__text\"><\/p>\n                    <\/div>\n                <\/div>\n            <\/div>\n                    <\/div>\n    <\/div>\n    <\/div>\n<\/div>\n\n\n\n<div class=\"wp-block-group has-lightgrey-background-color has-background has-global-padding is-layout-constrained wp-container-core-group-is-layout-47db984f wp-block-group-is-layout-constrained\" style=\"border-radius:20px;margin-bottom:var(--wp--preset--spacing--100);padding-top:var(--wp--preset--spacing--75);padding-right:var(--wp--preset--spacing--75);padding-bottom:var(--wp--preset--spacing--75);padding-left:var(--wp--preset--spacing--75)\">\n<div class=\"wp-block-columns is-layout-flex wp-container-core-columns-is-layout-cbe57604 wp-block-columns-is-layout-flex\">\n<div class=\"wp-block-column is-layout-flow wp-block-column-is-layout-flow\">\n<figure class=\"wp-block-image size-square has-custom-border\"><img loading=\"lazy\" decoding=\"async\" width=\"600\" height=\"600\" src=\"https:\/\/www.jvd.fr\/wp-content\/uploads\/2025\/06\/fortress-coffre-fort-jvd-hotel-600x600.jpg\" alt=\"Cajas fuertes para hotel con teclado retroiluminado\" class=\"wp-image-4702\" style=\"border-radius:20px\" srcset=\"https:\/\/www.jvd.fr\/wp-content\/uploads\/2025\/06\/fortress-coffre-fort-jvd-hotel-600x600.jpg 600w, https:\/\/www.jvd.fr\/wp-content\/uploads\/2025\/06\/fortress-coffre-fort-jvd-hotel-300x300.jpg 300w, https:\/\/www.jvd.fr\/wp-content\/uploads\/2025\/06\/fortress-coffre-fort-jvd-hotel-100x100.jpg 100w, https:\/\/www.jvd.fr\/wp-content\/uploads\/2025\/06\/fortress-coffre-fort-jvd-hotel-1200x1200.jpg 1200w, https:\/\/www.jvd.fr\/wp-content\/uploads\/2025\/06\/fortress-coffre-fort-jvd-hotel-150x150.jpg 150w\" sizes=\"auto, (max-width: 600px) 100vw, 600px\" \/><\/figure>\n<\/div>\n\n\n\n<div class=\"wp-block-column is-layout-flow wp-block-column-is-layout-flow\">\n<h2 class=\"wp-block-heading has-text-align-center\"><strong>Una palabra del dise\u00f1ador<\/strong><\/h2>\n\n\n\n<div id=\"wp-block-jvd-testimonies-block_3518c63a305930d587c04e55bbb7acbd\" style=\"margin-bottom:0;\" class=\"wp-block-jvd-testimonies align wp-block-acf-testimonies\">\n\t\t\t<div class=\"swiper jvd-testimonies js_testimonies\" data-media=\"none\" data-layout=\"mini\" data-count=\"1\">\n\t\t<div class=\"swiper-wrapper\">\n\t\t\t\t\t\t<div class=\"swiper-slide\">\n\t\t\t\t<div class=\"loop-testimony\">\n\t\t\t\t\t\t\t\t\t\t\t\t\t\t\t<div class=\"loop-testimony__body\">\n\t\t\t\t\t\t<blockquote class=\"loop-testimony__quote\">Para transmitir una sensaci\u00f3n de tradici\u00f3n y seguridad, el dise\u00f1o de la caja fuerte Fortress mantiene un estilo gr\u00e1fico muy sencillo: un c\u00edrculo dentro de un rect\u00e1ngulo, el s\u00edmbolo por excelencia de una caja fuerte.\r\n\r\nSu dise\u00f1o minimalista le confiere un aspecto moderno y atemporal.\r\n\r\nDos caracter\u00edsticas adicionales refuerzan su funcionalidad: una asa discretamente integrada en el lateral izquierdo del panel frontal y un teclado ligeramente inclinado, pensado para mejorar la ergonom\u00eda cuando la caja fuerte se instala a baja altura.<\/blockquote>\n\t\t\t\t\t\t<div class=\"loop-testimony__author\">\n\t\t\t\t\t\t\t\t\t\t\t\t\t\t\t\t\t\t\t\t\t<p class=\"loop-testimony__name\"><strong>Jean-Guy de Russ\u00e9<\/strong><br\/>\n\t\t\t\t\t\t\tDise\u00f1ador en JVD.<\/p>\n\t\t\t\t\t\t<\/div>\n\t\t\t\t\t<\/div>\n\t\t\t\t<\/div>\n\t\t\t<\/div>\n\t\t\t\t\t\t\t\t<\/div>\n\t\t<div class=\"slide-prev\">\n            <svg width=\"13\" height=\"20\" aria-hidden=\"true\" role=\"presentation\"><use xlink:href=\"#slide-prev\"\/><\/svg>\n        <\/div>\n        <div class=\"slide-next\">\n            <svg width=\"13\" height=\"20\" aria-hidden=\"true\" role=\"presentation\"><use xlink:href=\"#slide-next\"\/><\/svg>\n        <\/div>\n\t<\/div>\n\t<\/div>\n\n<\/div>\n<\/div>\n<\/div>\n\n\n\n<div class=\"wp-block-columns is-layout-flex wp-container-core-columns-is-layout-af3aebae wp-block-columns-is-layout-flex\" style=\"margin-top:0;margin-bottom:var(--wp--preset--spacing--100)\">\n<div class=\"wp-block-column is-vertically-aligned-center is-layout-flow wp-block-column-is-layout-flow\" style=\"border-style:none;border-width:0px\">\n<h2 class=\"wp-block-heading has-text-align-left\"><strong><strong>Ventajas de nuestras cajas fuertes para hotel<\/strong><\/strong><\/h2>\n\n\n\n<h3 class=\"wp-block-heading\">Visibilidad total<\/h3>\n\n\n\n<p>Nuestras cajas fuertes cuentan con teclado retroiluminado e iluminaci\u00f3n interior, para un uso c\u00f3modo a cualquier hora.<\/p>\n\n\n\n<h3 class=\"wp-block-heading\">Seguridad reforzada<\/h3>\n\n\n\n<p>Sistema electr\u00f3nico antimanipulaci\u00f3n con bloqueo de 15 minutos tras cuatro intentos fallidos. <a href=\"https:\/\/www.ey.com\/es_es\/insights\/real-estate-hospitality-construction\/la-experiencia-del-cliente-piedra-angular-sector-hotelero?utm_source=chatgpt.com\">Seg\u00fan un informe de EY<\/a>,\u202fel <strong>61\u202f% de los hoteles<\/strong> utiliza tecnolog\u00eda para mejorar la experiencia del hu\u00e9sped, destacando la seguridad y tranquilidad como aspectos clave para lograr su fidelizaci\u00f3n<\/p>\n\n\n\n<h3 class=\"wp-block-heading\">Gesti\u00f3n pr\u00e1ctica<\/h3>\n\n\n\n<p>En caso de olvido de c\u00f3digo, la caja puede abrirse mediante llave o unidad de control.<\/p>\n\n\n\n<h3 class=\"wp-block-heading\">Sistema inteligente<\/h3>\n\n\n\n<p>La unidad de control registra un historial completo de accesos con fecha y hora, facilitando su supervisi\u00f3n y desbloqueo cuando sea necesario.<\/p>\n<\/div>\n\n\n\n<div class=\"wp-block-column is-layout-flow wp-block-column-is-layout-flow\">\n<figure class=\"wp-block-image size-portrait has-custom-border\"><img loading=\"lazy\" decoding=\"async\" width=\"600\" height=\"800\" src=\"https:\/\/www.jvd.fr\/wp-content\/uploads\/2025\/06\/iconic-coffre-fort-jvd-vertical-hotel-600x800.jpg\" alt=\"Iconic Coffre Fort Jvd Vertical Hotel\" class=\"wp-image-4714\" style=\"border-radius:20px\"\/><\/figure>\n<\/div>\n<\/div>\n\n\n\n<div class=\"wp-block-group has-lightgrey-background-color has-background is-layout-flow wp-block-group-is-layout-flow\" style=\"border-radius:20px;padding-top:var(--wp--preset--spacing--75);padding-right:var(--wp--preset--spacing--75);padding-bottom:var(--wp--preset--spacing--75);padding-left:var(--wp--preset--spacing--75)\">\n<h2 class=\"wp-block-heading has-text-align-center\">\u00bfEst\u00e1s interesado en <br>nuestros productos?<\/h2>\n\n\n\n<p class=\"has-text-align-center\">Tanto si necesitas informaci\u00f3n t\u00e9cnica como si buscas asesoramiento personalizado, <br>estamos disponibles para una videollamada o una llamada telef\u00f3nica.<\/p>\n\n\n\n<div class=\"wp-block-buttons is-content-justification-center is-layout-flex wp-container-core-buttons-is-layout-a89b3969 wp-block-buttons-is-layout-flex\">\n<div class=\"wp-block-button is-style-fill\"><a class=\"wp-block-button__link wp-element-button\" href=\"https:\/\/share-eu1.hsforms.com\/1E-hSxlDMT6u7yy8xFxdFkgexg1v\"><strong>Cont\u00e1ctanos<\/strong><\/a><\/div>\n<\/div>\n<\/div>\n","protected":false},"excerpt":{"rendered":"<p>Dise\u00f1adas para la tranquilidad de los hu\u00e9spedes&#8230; y del personal hotelero. Las cajas fuertes para hotel son esenciales para ofrecer a los hu\u00e9spedes una forma fiable de proteger sus pertenencias. La caja fuerte se ha convertido en un equipamiento esencial para garantizar una experiencia sin preocupaciones, generar confianza y cumplir con los est\u00e1ndares de confort [&hellip;]<\/p>\n","protected":false},"author":9,"featured_media":4644,"parent":0,"menu_order":0,"comment_status":"closed","ping_status":"closed","template":"","meta":{"_acf_changed":false,"content-type":"","_searchwp_excluded":"","inline_featured_image":false,"footnotes":""},"class_list":["post-5766","page","type-page","status-publish","has-post-thumbnail","hentry"],"acf":[],"yoast_head":"<!-- This site is optimized with the Yoast SEO plugin v27.1.1 - https:\/\/yoast.com\/product\/yoast-seo-wordpress\/ -->\n<title>Cajas fuertes para hotel: seguridad y dise\u00f1o | JVD<\/title>\n<meta name=\"description\" content=\"Cajas fuertes para hotel JVD: seguridad, comodidad y gesti\u00f3n eficiente. Dise\u00f1adas para proteger pertenencias y facilitar el trabajo del hotel.\" \/>\n<meta name=\"robots\" content=\"index, follow, max-snippet:-1, max-image-preview:large, max-video-preview:-1\" \/>\n<link rel=\"canonical\" href=\"https:\/\/www.jvd.fr\/es\/cajas-fuertes-hotel\/\" \/>\n<meta property=\"og:locale\" content=\"es_ES\" \/>\n<meta property=\"og:type\" content=\"article\" \/>\n<meta property=\"og:title\" content=\"Cajas fuertes para hotel: seguridad y dise\u00f1o | JVD\" \/>\n<meta property=\"og:description\" content=\"Cajas fuertes para hotel JVD: seguridad, comodidad y gesti\u00f3n eficiente. Dise\u00f1adas para proteger pertenencias y facilitar el trabajo del hotel.\" \/>\n<meta property=\"og:url\" content=\"https:\/\/www.jvd.fr\/es\/cajas-fuertes-hotel\/\" \/>\n<meta property=\"og:site_name\" content=\"JVD\" \/>\n<meta property=\"article:modified_time\" content=\"2025-09-15T15:48:10+00:00\" \/>\n<meta property=\"og:image\" content=\"https:\/\/www.jvd.fr\/wp-content\/uploads\/2025\/06\/coffre-for-guardian-image-accueil-jvd.jpg\" \/>\n\t<meta property=\"og:image:width\" content=\"1920\" \/>\n\t<meta property=\"og:image:height\" content=\"820\" \/>\n\t<meta property=\"og:image:type\" content=\"image\/jpeg\" \/>\n<script type=\"application\/ld+json\" class=\"yoast-schema-graph\">{\"@context\":\"https:\/\/schema.org\",\"@graph\":[{\"@type\":\"WebPage\",\"@id\":\"https:\/\/www.jvd.fr\/es\/cajas-fuertes-hotel\/\",\"url\":\"https:\/\/www.jvd.fr\/es\/cajas-fuertes-hotel\/\",\"name\":\"Cajas fuertes para hotel: seguridad y dise\u00f1o | JVD\",\"isPartOf\":{\"@id\":\"https:\/\/www.jvd.fr\/es\/#website\"},\"primaryImageOfPage\":{\"@id\":\"https:\/\/www.jvd.fr\/es\/cajas-fuertes-hotel\/#primaryimage\"},\"image\":{\"@id\":\"https:\/\/www.jvd.fr\/es\/cajas-fuertes-hotel\/#primaryimage\"},\"thumbnailUrl\":\"https:\/\/www.jvd.fr\/wp-content\/uploads\/2025\/06\/coffre-for-guardian-image-accueil-jvd.jpg\",\"datePublished\":\"2025-06-03T13:41:09+00:00\",\"dateModified\":\"2025-09-15T15:48:10+00:00\",\"description\":\"Cajas fuertes para hotel JVD: seguridad, comodidad y gesti\u00f3n eficiente. Dise\u00f1adas para proteger pertenencias y facilitar el trabajo del hotel.\",\"breadcrumb\":{\"@id\":\"https:\/\/www.jvd.fr\/es\/cajas-fuertes-hotel\/#breadcrumb\"},\"inLanguage\":\"es\",\"potentialAction\":[{\"@type\":\"ReadAction\",\"target\":[\"https:\/\/www.jvd.fr\/es\/cajas-fuertes-hotel\/\"]}]},{\"@type\":\"ImageObject\",\"inLanguage\":\"es\",\"@id\":\"https:\/\/www.jvd.fr\/es\/cajas-fuertes-hotel\/#primaryimage\",\"url\":\"https:\/\/www.jvd.fr\/wp-content\/uploads\/2025\/06\/coffre-for-guardian-image-accueil-jvd.jpg\",\"contentUrl\":\"https:\/\/www.jvd.fr\/wp-content\/uploads\/2025\/06\/coffre-for-guardian-image-accueil-jvd.jpg\",\"width\":1920,\"height\":820},{\"@type\":\"BreadcrumbList\",\"@id\":\"https:\/\/www.jvd.fr\/es\/cajas-fuertes-hotel\/#breadcrumb\",\"itemListElement\":[{\"@type\":\"ListItem\",\"position\":1,\"name\":\"Accueil\",\"item\":\"https:\/\/www.jvd.fr\/es\/\"},{\"@type\":\"ListItem\",\"position\":2,\"name\":\"Cajas fuertes\"}]},{\"@type\":\"WebSite\",\"@id\":\"https:\/\/www.jvd.fr\/es\/#website\",\"url\":\"https:\/\/www.jvd.fr\/es\/\",\"name\":\"JVD\",\"description\":\"Products that care\",\"potentialAction\":[{\"@type\":\"SearchAction\",\"target\":{\"@type\":\"EntryPoint\",\"urlTemplate\":\"https:\/\/www.jvd.fr\/es\/?s={search_term_string}\"},\"query-input\":{\"@type\":\"PropertyValueSpecification\",\"valueRequired\":true,\"valueName\":\"search_term_string\"}}],\"inLanguage\":\"es\"}]}<\/script>\n<!-- \/ Yoast SEO plugin. -->","yoast_head_json":{"title":"Cajas fuertes para hotel: seguridad y dise\u00f1o | JVD","description":"Cajas fuertes para hotel JVD: seguridad, comodidad y gesti\u00f3n eficiente. Dise\u00f1adas para proteger pertenencias y facilitar el trabajo del hotel.","robots":{"index":"index","follow":"follow","max-snippet":"max-snippet:-1","max-image-preview":"max-image-preview:large","max-video-preview":"max-video-preview:-1"},"canonical":"https:\/\/www.jvd.fr\/es\/cajas-fuertes-hotel\/","og_locale":"es_ES","og_type":"article","og_title":"Cajas fuertes para hotel: seguridad y dise\u00f1o | JVD","og_description":"Cajas fuertes para hotel JVD: seguridad, comodidad y gesti\u00f3n eficiente. Dise\u00f1adas para proteger pertenencias y facilitar el trabajo del hotel.","og_url":"https:\/\/www.jvd.fr\/es\/cajas-fuertes-hotel\/","og_site_name":"JVD","article_modified_time":"2025-09-15T15:48:10+00:00","og_image":[{"width":1920,"height":820,"url":"https:\/\/www.jvd.fr\/wp-content\/uploads\/2025\/06\/coffre-for-guardian-image-accueil-jvd.jpg","type":"image\/jpeg"}],"schema":{"@context":"https:\/\/schema.org","@graph":[{"@type":"WebPage","@id":"https:\/\/www.jvd.fr\/es\/cajas-fuertes-hotel\/","url":"https:\/\/www.jvd.fr\/es\/cajas-fuertes-hotel\/","name":"Cajas fuertes para hotel: seguridad y dise\u00f1o | JVD","isPartOf":{"@id":"https:\/\/www.jvd.fr\/es\/#website"},"primaryImageOfPage":{"@id":"https:\/\/www.jvd.fr\/es\/cajas-fuertes-hotel\/#primaryimage"},"image":{"@id":"https:\/\/www.jvd.fr\/es\/cajas-fuertes-hotel\/#primaryimage"},"thumbnailUrl":"https:\/\/www.jvd.fr\/wp-content\/uploads\/2025\/06\/coffre-for-guardian-image-accueil-jvd.jpg","datePublished":"2025-06-03T13:41:09+00:00","dateModified":"2025-09-15T15:48:10+00:00","description":"Cajas fuertes para hotel JVD: seguridad, comodidad y gesti\u00f3n eficiente. Dise\u00f1adas para proteger pertenencias y facilitar el trabajo del hotel.","breadcrumb":{"@id":"https:\/\/www.jvd.fr\/es\/cajas-fuertes-hotel\/#breadcrumb"},"inLanguage":"es","potentialAction":[{"@type":"ReadAction","target":["https:\/\/www.jvd.fr\/es\/cajas-fuertes-hotel\/"]}]},{"@type":"ImageObject","inLanguage":"es","@id":"https:\/\/www.jvd.fr\/es\/cajas-fuertes-hotel\/#primaryimage","url":"https:\/\/www.jvd.fr\/wp-content\/uploads\/2025\/06\/coffre-for-guardian-image-accueil-jvd.jpg","contentUrl":"https:\/\/www.jvd.fr\/wp-content\/uploads\/2025\/06\/coffre-for-guardian-image-accueil-jvd.jpg","width":1920,"height":820},{"@type":"BreadcrumbList","@id":"https:\/\/www.jvd.fr\/es\/cajas-fuertes-hotel\/#breadcrumb","itemListElement":[{"@type":"ListItem","position":1,"name":"Accueil","item":"https:\/\/www.jvd.fr\/es\/"},{"@type":"ListItem","position":2,"name":"Cajas fuertes"}]},{"@type":"WebSite","@id":"https:\/\/www.jvd.fr\/es\/#website","url":"https:\/\/www.jvd.fr\/es\/","name":"JVD","description":"Products that care","potentialAction":[{"@type":"SearchAction","target":{"@type":"EntryPoint","urlTemplate":"https:\/\/www.jvd.fr\/es\/?s={search_term_string}"},"query-input":{"@type":"PropertyValueSpecification","valueRequired":true,"valueName":"search_term_string"}}],"inLanguage":"es"}]}},"_links":{"self":[{"href":"https:\/\/www.jvd.fr\/es\/wp-json\/wp\/v2\/pages\/5766","targetHints":{"allow":["GET"]}}],"collection":[{"href":"https:\/\/www.jvd.fr\/es\/wp-json\/wp\/v2\/pages"}],"about":[{"href":"https:\/\/www.jvd.fr\/es\/wp-json\/wp\/v2\/types\/page"}],"author":[{"embeddable":true,"href":"https:\/\/www.jvd.fr\/es\/wp-json\/wp\/v2\/users\/9"}],"replies":[{"embeddable":true,"href":"https:\/\/www.jvd.fr\/es\/wp-json\/wp\/v2\/comments?post=5766"}],"version-history":[{"count":8,"href":"https:\/\/www.jvd.fr\/es\/wp-json\/wp\/v2\/pages\/5766\/revisions"}],"predecessor-version":[{"id":59804,"href":"https:\/\/www.jvd.fr\/es\/wp-json\/wp\/v2\/pages\/5766\/revisions\/59804"}],"wp:featuredmedia":[{"embeddable":true,"href":"https:\/\/www.jvd.fr\/es\/wp-json\/wp\/v2\/media\/4644"}],"wp:attachment":[{"href":"https:\/\/www.jvd.fr\/es\/wp-json\/wp\/v2\/media?parent=5766"}],"curies":[{"name":"wp","href":"https:\/\/api.w.org\/{rel}","templated":true}]}}