{"id":5647,"date":"2025-06-03T13:53:10","date_gmt":"2025-06-03T11:53:10","guid":{"rendered":"https:\/\/jvdwoo2025.dnstemporaire.fr\/?page_id=5647"},"modified":"2025-09-16T14:50:54","modified_gmt":"2025-09-16T12:50:54","slug":"espejos-bano-hotel","status":"publish","type":"page","link":"https:\/\/www.jvd.fr\/es\/espejos-bano-hotel\/","title":{"rendered":"Espejos de ba\u00f1o"},"content":{"rendered":"\n<figure class=\"wp-block-image aligncenter size-full is-resized\" style=\"margin-bottom:var(--wp--preset--spacing--50);margin-left:0\"><img loading=\"lazy\" decoding=\"async\" width=\"1767\" height=\"175\" src=\"https:\/\/www.jvd.fr\/wp-content\/uploads\/2025\/07\/logo-francais-jvd.jpg\" alt=\"\" class=\"wp-image-42980\" style=\"width:250px\" srcset=\"https:\/\/www.jvd.fr\/wp-content\/uploads\/2025\/07\/logo-francais-jvd.jpg 1767w, https:\/\/www.jvd.fr\/wp-content\/uploads\/2025\/07\/logo-francais-jvd-600x59.jpg 600w, https:\/\/www.jvd.fr\/wp-content\/uploads\/2025\/07\/logo-francais-jvd-120x12.jpg 120w\" sizes=\"auto, (max-width: 1767px) 100vw, 1767px\" \/><\/figure>\n\n\n\n<div class=\"wp-block-group is-layout-flow wp-block-group-is-layout-flow\" style=\"margin-top:0;margin-bottom:var(--wp--preset--spacing--100);padding-bottom:0\">\n<h2 class=\"wp-block-heading\"><strong>Dise\u00f1ados para responder a las exigencias del sector hotelero<\/strong><\/h2>\n\n\n\n<div class=\"wp-block-columns is-layout-flex wp-container-core-columns-is-layout-f6ee69ff wp-block-columns-is-layout-flex\" style=\"margin-bottom:var(--wp--preset--spacing--50)\">\n<div class=\"wp-block-column is-layout-flow wp-block-column-is-layout-flow\">\n<p>En un ba\u00f1o de hotel, los espejos deben ser elegantes, funcionales, resistentes y adaptables a todo tipo de hu\u00e9spedes. Tambi\u00e9n deben cumplir requisitos t\u00e9cnicos como la seguridad el\u00e9ctrica y la facilidad de mantenimiento, sin dejar de responder a la creciente demanda de soluciones responsables con el medio ambiente.<\/p>\n<\/div>\n\n\n\n<div class=\"wp-block-column is-layout-flow wp-block-column-is-layout-flow\">\n<p style=\"padding-top:0;padding-bottom:0\">JVD responde a todas estas exigencias con una gama de espejos dise\u00f1ados y fabricados en Francia. Ya sean iluminados o no, orientables, con aumento o en distintos acabados, nuestros espejos combinan dise\u00f1o, seguridad, innovaci\u00f3n y durabilidad para integrarse de forma natural en cualquier ba\u00f1o de hotel.<\/p>\n<\/div>\n<\/div>\n\n\n\n<div class=\"wp-block-buttons is-content-justification-center is-layout-flex wp-container-core-buttons-is-layout-a89b3969 wp-block-buttons-is-layout-flex\">\n<div class=\"wp-block-button is-style-secondary-button\"><a class=\"wp-block-button__link wp-element-button\" href=\"https:\/\/www.jvd.fr\/es\/categorie\/espejos\/\">Ver todos los productos<\/a><\/div>\n<\/div>\n<\/div>\n\n\n\n<div class=\"wp-block-group is-layout-flow wp-block-group-is-layout-flow\" style=\"margin-bottom:var(--wp--preset--spacing--100);padding-bottom:0\">\n<h2 class=\"wp-block-heading has-text-align-center\"><strong>\u00bfQu\u00e9 tipo de <strong>espejos para ba\u00f1o de hotel<\/strong> necesitas?<\/strong><\/h2>\n\n\n\n<div id=\"wp-block-jvd-cards-block_b633dc3a476ba48b2f5c10157ec0ab85\" style=\"margin-bottom:var(--wp--preset--spacing--50);\" class=\"wp-block-jvd-cards align wp-block-acf-cards\">\n\t    <div class=\"jvd-cards\" data-display=\"grid\" data-columns=\"3\" data-count=\"3\" data-parity=\"odd\">\n\t\t        <div class=\"jvd-card\" data-link=\"1\" data-img-ratio=\"square\" data-text-pos=\"under\">\n            <figure class=\"jvd-card__img\">\n\t\t\t                    <img decoding=\"async\" src=\"https:\/\/www.jvd.fr\/wp-content\/uploads\/2025\/06\/categorie-confort-hotellerie-miroirs-lumineux-jvd.jpg\" width=\"600\" height=\"400\" alt=\"Cat\u00e9gorie Confort Hotellerie Miroirs Lumineux JVD\" loading=\"lazy\" \/>\n\t\t\t                <\/figure>\n            <div class=\"jvd-card__content\">\n                <h3 class=\"jvd-card__title\"><a href=\"https:\/\/www.jvd.fr\/es\/categorie\/con-luz\/\">Espejos con luz<\/a><\/h3>                                <p class=\"jvd-card__text\">Funcionan con bater\u00eda de litio y se apagan autom\u00e1ticamente a los 3 minutos, lo que garantiza una autonom\u00eda de entre 3 y 5 a\u00f1os.<\/p>\n                            <\/div>\n        <\/div>\n\t\t        <div class=\"jvd-card\" data-link=\"0\" data-img-ratio=\"square\" data-text-pos=\"under\">\n            <figure class=\"jvd-card__img\">\n\t\t\t                    <img decoding=\"async\" src=\"https:\/\/www.jvd.fr\/wp-content\/uploads\/2025\/09\/miroir-celeste-jvd-lumineux-sur-secteur-600x600.jpg\" width=\"600\" height=\"600\" alt=\"Miroir Celeste JVD Lumineux Sur Secteur\" loading=\"lazy\" \/>\n\t\t\t                <\/figure>\n            <div class=\"jvd-card__content\">\n                <h3 class=\"jvd-card__title\">Espejos con iluminaci\u00f3n de corriente alterna<\/h3>                                <p class=\"jvd-card__text\">Alimentados por una conexi\u00f3n el\u00e9ctrica, ofrecen una iluminaci\u00f3n constante y potente, sin l\u00edmite de tiempo de uso.<\/p>\n                            <\/div>\n        <\/div>\n\t\t        <div class=\"jvd-card\" data-link=\"1\" data-img-ratio=\"square\" data-text-pos=\"under\">\n            <figure class=\"jvd-card__img\">\n\t\t\t                    <img decoding=\"async\" src=\"https:\/\/www.jvd.fr\/wp-content\/uploads\/2025\/06\/categorie-confort-hotellerie-miroirs-non-lumineux-jvd.jpg\" width=\"600\" height=\"400\" alt=\"Cat\u00e9gorie Confort Hotellerie Miroirs Non Lumineux JVD\" loading=\"lazy\" \/>\n\t\t\t                <\/figure>\n            <div class=\"jvd-card__content\">\n                <h3 class=\"jvd-card__title\"><a href=\"https:\/\/www.jvd.fr\/es\/categorie\/sin-luz\/\">Espejos sin luz<\/a><\/h3>                                <p class=\"jvd-card__text\">De pared o sobremesa, disponibles en acabados cromado, dorado o cobre. Incluye modelos con aumento.<\/p>\n                            <\/div>\n        <\/div>\n\t\t    <\/div>\n    <\/div>\n<\/div>\n\n\n\n<div class=\"wp-block-columns is-layout-flex wp-container-core-columns-is-layout-af3aebae wp-block-columns-is-layout-flex\" style=\"margin-top:0;margin-bottom:var(--wp--preset--spacing--100)\">\n<div class=\"wp-block-column is-vertically-aligned-center is-layout-flow wp-block-column-is-layout-flow\" style=\"border-style:none;border-width:0px\">\n<h2 class=\"wp-block-heading\"><strong>Espejos para ba\u00f1o de hotel sostenibles y eficientes<\/strong><\/h2>\n\n\n\n<p>Nuestros espejos iluminados, fabricados en nuestros talleres de Nantes (Francia), est\u00e1n dise\u00f1ados para minimizar su impacto ambiental durante todo su ciclo de vida.<\/p>\n\n\n\n<p>Equipados con iluminaci\u00f3n LED de bajo consumo, siempre ofrecen una larga vida \u00fatil sin necesidad de cambiar bombillas, lo que reduce tanto el consumo energ\u00e9tico como la generaci\u00f3n de residuos. Funcionan con bater\u00eda de litio y se apagan autom\u00e1ticamente, sin necesidad de conexi\u00f3n el\u00e9ctrica, lo que evita instalaciones complejas y permite una integraci\u00f3n sencilla en cualquier espacio, incluso en los m\u00e1s exigentes.<\/p>\n\n\n\n<p>Este enfoque responsable forma parte de nuestro compromiso global con una industria m\u00e1s sostenible, reconocido con la certificaci\u00f3n <strong>Ecovadis Gold<\/strong>, que distingue a las empresas con mejor rendimiento en responsabilidad social y medioambiental. Adem\u00e1s, su dise\u00f1o sin cables permite colocarlos f\u00e1cilmente en hoteles existentes sin reformas costosas ni instalaciones complejas. Seg\u00fan <a href=\"https:\/\/ecovadis.com\/es\/\">Ecovadis<\/a>, esta certificaci\u00f3n reconoce a las empresas con mejor desempe\u00f1o en sostenibilidad ambiental y responsabilidad social.<\/p>\n<\/div>\n\n\n\n<div class=\"wp-block-column is-layout-flow wp-block-column-is-layout-flow\">\n<figure class=\"wp-block-image size-portrait has-custom-border is-style-rounded\"><img loading=\"lazy\" decoding=\"async\" width=\"600\" height=\"800\" src=\"https:\/\/www.jvd.fr\/wp-content\/uploads\/2025\/06\/miroir-eclips-jvd-hotel-600x800.jpg\" alt=\"Espejos para ba\u00f1o de hotel con iluminaci\u00f3n LED\" class=\"wp-image-4682\" style=\"border-radius:20px;object-fit:cover\"\/><\/figure>\n<\/div>\n<\/div>\n\n\n\n<div class=\"wp-block-group has-lightgrey-to-white-vertical-gradient-background has-background has-global-padding is-layout-constrained wp-container-core-group-is-layout-47db984f wp-block-group-is-layout-constrained\" style=\"border-radius:20px;margin-bottom:var(--wp--preset--spacing--100);padding-top:var(--wp--preset--spacing--75);padding-right:var(--wp--preset--spacing--75);padding-bottom:var(--wp--preset--spacing--75);padding-left:var(--wp--preset--spacing--75)\">\n<h2 class=\"wp-block-heading has-text-align-center\"><strong>Visi\u00f3n del dise\u00f1ador<\/strong><\/h2>\n\n\n\n<div id=\"wp-block-jvd-testimonies-block_fec0ac8ea80bc28fb1f0d936017dd42d\" style=\"margin-bottom:0;\" class=\"wp-block-jvd-testimonies align wp-block-acf-testimonies\">\n\t\t\t<div class=\"swiper jvd-testimonies js_testimonies\" data-media=\"none\" data-layout=\"mini\" data-count=\"1\">\n\t\t<div class=\"swiper-wrapper\">\n\t\t\t\t\t\t<div class=\"swiper-slide\">\n\t\t\t\t<div class=\"loop-testimony\">\n\t\t\t\t\t\t\t\t\t\t\t\t\t\t\t<div class=\"loop-testimony__body\">\n\t\t\t\t\t\t<blockquote class=\"loop-testimony__quote\">Los espejos nos invitan a entrar en una nueva dimensi\u00f3n.\r\nLa funci\u00f3n de aumento nos permite acceder a un universo donde todo se ve m\u00e1s grande. Quise que este viaje nos llevara a\u00fan m\u00e1s lejos, y dise\u00f1\u00e9 este espejo inspir\u00e1ndome en un platillo volante.\r\nIntegr\u00e9 un \u00abmotor\u00bb revolucionario con funcionamiento a bater\u00eda, \u00fanico en el mercado. Organic\u00e9 todo alrededor de una base cromada, a la que a\u00f1ad\u00ed una corona de luz como el anillo de Saturno. Por \u00faltimo, incorpor\u00e9 un interruptor capacitivo casi m\u00e1gico.<\/blockquote>\n\t\t\t\t\t\t<div class=\"loop-testimony__author\">\n\t\t\t\t\t\t\t\t\t\t\t\t\t\t\t\t\t\t\t\t\t<p class=\"loop-testimony__name\"><strong>Jean-Guy de Russ\u00e9<\/strong><br\/>\n\t\t\t\t\t\t\tDise\u00f1ador en JVD.<\/p>\n\t\t\t\t\t\t<\/div>\n\t\t\t\t\t<\/div>\n\t\t\t\t<\/div>\n\t\t\t<\/div>\n\t\t\t\t\t\t\t\t<\/div>\n\t\t<div class=\"slide-prev\">\n            <svg width=\"13\" height=\"20\" aria-hidden=\"true\" role=\"presentation\"><use xlink:href=\"#slide-prev\"\/><\/svg>\n        <\/div>\n        <div class=\"slide-next\">\n            <svg width=\"13\" height=\"20\" aria-hidden=\"true\" role=\"presentation\"><use xlink:href=\"#slide-next\"\/><\/svg>\n        <\/div>\n\t<\/div>\n\t<\/div>\n\n<\/div>\n\n\n\n<div class=\"wp-block-group has-global-padding is-layout-constrained wp-block-group-is-layout-constrained\" style=\"margin-bottom:var(--wp--preset--spacing--100)\">\n<h2 class=\"wp-block-heading has-text-align-center\"><strong>Preguntas frecuentes<\/strong><\/h2>\n\n\n\n<div id=\"wp-block-jvd-faq-block_ea8b54a25cdc1092bcd959e5c93300de\" class=\"wp-block-jvd-faq align wp-block-acf-faq\">\n\t<div class=\"jvd-faq\">\n\t\t\t\t<div class=\"jvd-faq__item\" itemscope itemprop=\"mainEntity\" itemtype=\"https:\/\/schema.org\/Question\">\n\t\t\t<div class=\"jvd-faq__question\" itemprop=\"name\">\n\t\t\t\t<span>\u00bfC\u00f3mo funcionan los espejos de ba\u00f1o iluminados para hotel? <\/span>\n\t\t\t\t<button type=\"button\">\n\t\t\t\t\t<svg width=\"20\" height=\"20\" aria-hidden=\"true\" role=\"presentation\"><use xlink:href=\"#chevron-down\"\/><\/svg>\n\t\t\t\t<\/button>\n\t\t\t<\/div>\n\t\t\t<div class=\"jvd-faq__answer\" itemscope itemprop=\"acceptedAnswer\" itemtype=\"https:\/\/schema.org\/Answer\">\n\t\t\t\t<p>Nuestros modelos Cosmos, Galaxy y Eclips funcionan con bater\u00eda de litio y cuentan con apagado autom\u00e1tico tras 3 minutos, lo que garantiza una autonom\u00eda de entre 3 y 5 a\u00f1os. Son completamente seguros y pueden instalarse en cualquier zona del ba\u00f1o.<\/p>\n\t\t\t<\/div>\n\t\t<\/div>\n\t\t\t\t<div class=\"jvd-faq__item\" itemscope itemprop=\"mainEntity\" itemtype=\"https:\/\/schema.org\/Question\">\n\t\t\t<div class=\"jvd-faq__question\" itemprop=\"name\">\n\t\t\t\t<span>\u00bfPor qu\u00e9 elegir un espejo orientable para el ba\u00f1o del hotel?<\/span>\n\t\t\t\t<button type=\"button\">\n\t\t\t\t\t<svg width=\"20\" height=\"20\" aria-hidden=\"true\" role=\"presentation\"><use xlink:href=\"#chevron-down\"\/><\/svg>\n\t\t\t\t<\/button>\n\t\t\t<\/div>\n\t\t\t<div class=\"jvd-faq__answer\" itemscope itemprop=\"acceptedAnswer\" itemtype=\"https:\/\/schema.org\/Answer\">\n\t\t\t\t<p data-start=\"2912\" data-end=\"3063\">Gracias a sus puntos de giro dobles o triples, nuestros espejos permiten ajustar la posici\u00f3n para ofrecer la mejor visibilidad posible a los hu\u00e9spedes.<\/p>\n\t\t\t<\/div>\n\t\t<\/div>\n\t\t\t<\/div>\n<\/div>\n<\/div>\n\n\n\n<div class=\"wp-block-group has-lightgrey-background-color has-background is-layout-flow wp-block-group-is-layout-flow\" style=\"border-radius:20px;padding-top:var(--wp--preset--spacing--75);padding-right:var(--wp--preset--spacing--75);padding-bottom:var(--wp--preset--spacing--75);padding-left:var(--wp--preset--spacing--75)\">\n<h2 class=\"wp-block-heading has-text-align-center\">\u00bfEst\u00e1s interesado en <br>nuestros productos?<\/h2>\n\n\n\n<p class=\"has-text-align-center\">Tanto si necesitas informaci\u00f3n t\u00e9cnica como si buscas asesoramiento personalizado, <br>estamos disponibles para una videollamada o una llamada telef\u00f3nica.<\/p>\n\n\n\n<div class=\"wp-block-buttons is-content-justification-center is-layout-flex wp-container-core-buttons-is-layout-a89b3969 wp-block-buttons-is-layout-flex\">\n<div class=\"wp-block-button is-style-fill\"><a class=\"wp-block-button__link wp-element-button\" href=\"https:\/\/share-eu1.hsforms.com\/1E-hSxlDMT6u7yy8xFxdFkgexg1v\"><strong>Cont\u00e1ctanos<\/strong><\/a><\/div>\n<\/div>\n<\/div>\n","protected":false},"excerpt":{"rendered":"<p>Dise\u00f1ados para responder a las exigencias del sector hotelero En un ba\u00f1o de hotel, los espejos deben ser elegantes, funcionales, resistentes y adaptables a todo tipo de hu\u00e9spedes. Tambi\u00e9n deben cumplir requisitos t\u00e9cnicos como la seguridad el\u00e9ctrica y la facilidad de mantenimiento, sin dejar de responder a la creciente demanda de soluciones responsables con el [&hellip;]<\/p>\n","protected":false},"author":9,"featured_media":4996,"parent":0,"menu_order":0,"comment_status":"closed","ping_status":"closed","template":"","meta":{"_acf_changed":false,"content-type":"","_searchwp_excluded":"","inline_featured_image":false,"footnotes":""},"class_list":["post-5647","page","type-page","status-publish","has-post-thumbnail","hentry"],"acf":[],"yoast_head":"<!-- This site is optimized with the Yoast SEO plugin v27.1.1 - https:\/\/yoast.com\/product\/yoast-seo-wordpress\/ -->\n<title>Espejos para ba\u00f1o de hotel: dise\u00f1o y funcionalidad | JVD<\/title>\n<meta name=\"description\" content=\"Espejos para ba\u00f1o de hotel: iluminados, sin cables, orientables y sostenibles. Fabricados en Francia y adaptados al uso profesional.\" \/>\n<meta name=\"robots\" content=\"index, follow, max-snippet:-1, max-image-preview:large, max-video-preview:-1\" \/>\n<link rel=\"canonical\" href=\"https:\/\/www.jvd.fr\/es\/espejos-bano-hotel\/\" \/>\n<meta property=\"og:locale\" content=\"es_ES\" \/>\n<meta property=\"og:type\" content=\"article\" \/>\n<meta property=\"og:title\" content=\"Espejos para ba\u00f1o de hotel: dise\u00f1o y funcionalidad | JVD\" \/>\n<meta property=\"og:description\" content=\"Espejos para ba\u00f1o de hotel: iluminados, sin cables, orientables y sostenibles. Fabricados en Francia y adaptados al uso profesional.\" \/>\n<meta property=\"og:url\" content=\"https:\/\/www.jvd.fr\/es\/espejos-bano-hotel\/\" \/>\n<meta property=\"og:site_name\" content=\"JVD\" \/>\n<meta property=\"article:modified_time\" content=\"2025-09-16T12:50:54+00:00\" \/>\n<meta property=\"og:image\" content=\"https:\/\/www.jvd.fr\/wp-content\/uploads\/2025\/06\/miroir-image-accueil-jvd.jpg\" \/>\n\t<meta property=\"og:image:width\" content=\"1920\" \/>\n\t<meta property=\"og:image:height\" content=\"820\" \/>\n\t<meta property=\"og:image:type\" content=\"image\/jpeg\" \/>\n<script type=\"application\/ld+json\" class=\"yoast-schema-graph\">{\"@context\":\"https:\/\/schema.org\",\"@graph\":[{\"@type\":\"WebPage\",\"@id\":\"https:\/\/www.jvd.fr\/es\/espejos-bano-hotel\/\",\"url\":\"https:\/\/www.jvd.fr\/es\/espejos-bano-hotel\/\",\"name\":\"Espejos para ba\u00f1o de hotel: dise\u00f1o y funcionalidad | JVD\",\"isPartOf\":{\"@id\":\"https:\/\/www.jvd.fr\/es\/#website\"},\"primaryImageOfPage\":{\"@id\":\"https:\/\/www.jvd.fr\/es\/espejos-bano-hotel\/#primaryimage\"},\"image\":{\"@id\":\"https:\/\/www.jvd.fr\/es\/espejos-bano-hotel\/#primaryimage\"},\"thumbnailUrl\":\"https:\/\/www.jvd.fr\/wp-content\/uploads\/2025\/06\/miroir-image-accueil-jvd.jpg\",\"datePublished\":\"2025-06-03T11:53:10+00:00\",\"dateModified\":\"2025-09-16T12:50:54+00:00\",\"description\":\"Espejos para ba\u00f1o de hotel: iluminados, sin cables, orientables y sostenibles. Fabricados en Francia y adaptados al uso profesional.\",\"breadcrumb\":{\"@id\":\"https:\/\/www.jvd.fr\/es\/espejos-bano-hotel\/#breadcrumb\"},\"inLanguage\":\"es\",\"potentialAction\":[{\"@type\":\"ReadAction\",\"target\":[\"https:\/\/www.jvd.fr\/es\/espejos-bano-hotel\/\"]}]},{\"@type\":\"ImageObject\",\"inLanguage\":\"es\",\"@id\":\"https:\/\/www.jvd.fr\/es\/espejos-bano-hotel\/#primaryimage\",\"url\":\"https:\/\/www.jvd.fr\/wp-content\/uploads\/2025\/06\/miroir-image-accueil-jvd.jpg\",\"contentUrl\":\"https:\/\/www.jvd.fr\/wp-content\/uploads\/2025\/06\/miroir-image-accueil-jvd.jpg\",\"width\":1920,\"height\":820},{\"@type\":\"BreadcrumbList\",\"@id\":\"https:\/\/www.jvd.fr\/es\/espejos-bano-hotel\/#breadcrumb\",\"itemListElement\":[{\"@type\":\"ListItem\",\"position\":1,\"name\":\"Accueil\",\"item\":\"https:\/\/www.jvd.fr\/es\/\"},{\"@type\":\"ListItem\",\"position\":2,\"name\":\"Espejos de ba\u00f1o\"}]},{\"@type\":\"WebSite\",\"@id\":\"https:\/\/www.jvd.fr\/es\/#website\",\"url\":\"https:\/\/www.jvd.fr\/es\/\",\"name\":\"JVD\",\"description\":\"Products that care\",\"potentialAction\":[{\"@type\":\"SearchAction\",\"target\":{\"@type\":\"EntryPoint\",\"urlTemplate\":\"https:\/\/www.jvd.fr\/es\/?s={search_term_string}\"},\"query-input\":{\"@type\":\"PropertyValueSpecification\",\"valueRequired\":true,\"valueName\":\"search_term_string\"}}],\"inLanguage\":\"es\"}]}<\/script>\n<!-- \/ Yoast SEO plugin. -->","yoast_head_json":{"title":"Espejos para ba\u00f1o de hotel: dise\u00f1o y funcionalidad | JVD","description":"Espejos para ba\u00f1o de hotel: iluminados, sin cables, orientables y sostenibles. Fabricados en Francia y adaptados al uso profesional.","robots":{"index":"index","follow":"follow","max-snippet":"max-snippet:-1","max-image-preview":"max-image-preview:large","max-video-preview":"max-video-preview:-1"},"canonical":"https:\/\/www.jvd.fr\/es\/espejos-bano-hotel\/","og_locale":"es_ES","og_type":"article","og_title":"Espejos para ba\u00f1o de hotel: dise\u00f1o y funcionalidad | JVD","og_description":"Espejos para ba\u00f1o de hotel: iluminados, sin cables, orientables y sostenibles. Fabricados en Francia y adaptados al uso profesional.","og_url":"https:\/\/www.jvd.fr\/es\/espejos-bano-hotel\/","og_site_name":"JVD","article_modified_time":"2025-09-16T12:50:54+00:00","og_image":[{"width":1920,"height":820,"url":"https:\/\/www.jvd.fr\/wp-content\/uploads\/2025\/06\/miroir-image-accueil-jvd.jpg","type":"image\/jpeg"}],"schema":{"@context":"https:\/\/schema.org","@graph":[{"@type":"WebPage","@id":"https:\/\/www.jvd.fr\/es\/espejos-bano-hotel\/","url":"https:\/\/www.jvd.fr\/es\/espejos-bano-hotel\/","name":"Espejos para ba\u00f1o de hotel: dise\u00f1o y funcionalidad | JVD","isPartOf":{"@id":"https:\/\/www.jvd.fr\/es\/#website"},"primaryImageOfPage":{"@id":"https:\/\/www.jvd.fr\/es\/espejos-bano-hotel\/#primaryimage"},"image":{"@id":"https:\/\/www.jvd.fr\/es\/espejos-bano-hotel\/#primaryimage"},"thumbnailUrl":"https:\/\/www.jvd.fr\/wp-content\/uploads\/2025\/06\/miroir-image-accueil-jvd.jpg","datePublished":"2025-06-03T11:53:10+00:00","dateModified":"2025-09-16T12:50:54+00:00","description":"Espejos para ba\u00f1o de hotel: iluminados, sin cables, orientables y sostenibles. Fabricados en Francia y adaptados al uso profesional.","breadcrumb":{"@id":"https:\/\/www.jvd.fr\/es\/espejos-bano-hotel\/#breadcrumb"},"inLanguage":"es","potentialAction":[{"@type":"ReadAction","target":["https:\/\/www.jvd.fr\/es\/espejos-bano-hotel\/"]}]},{"@type":"ImageObject","inLanguage":"es","@id":"https:\/\/www.jvd.fr\/es\/espejos-bano-hotel\/#primaryimage","url":"https:\/\/www.jvd.fr\/wp-content\/uploads\/2025\/06\/miroir-image-accueil-jvd.jpg","contentUrl":"https:\/\/www.jvd.fr\/wp-content\/uploads\/2025\/06\/miroir-image-accueil-jvd.jpg","width":1920,"height":820},{"@type":"BreadcrumbList","@id":"https:\/\/www.jvd.fr\/es\/espejos-bano-hotel\/#breadcrumb","itemListElement":[{"@type":"ListItem","position":1,"name":"Accueil","item":"https:\/\/www.jvd.fr\/es\/"},{"@type":"ListItem","position":2,"name":"Espejos de ba\u00f1o"}]},{"@type":"WebSite","@id":"https:\/\/www.jvd.fr\/es\/#website","url":"https:\/\/www.jvd.fr\/es\/","name":"JVD","description":"Products that care","potentialAction":[{"@type":"SearchAction","target":{"@type":"EntryPoint","urlTemplate":"https:\/\/www.jvd.fr\/es\/?s={search_term_string}"},"query-input":{"@type":"PropertyValueSpecification","valueRequired":true,"valueName":"search_term_string"}}],"inLanguage":"es"}]}},"_links":{"self":[{"href":"https:\/\/www.jvd.fr\/es\/wp-json\/wp\/v2\/pages\/5647","targetHints":{"allow":["GET"]}}],"collection":[{"href":"https:\/\/www.jvd.fr\/es\/wp-json\/wp\/v2\/pages"}],"about":[{"href":"https:\/\/www.jvd.fr\/es\/wp-json\/wp\/v2\/types\/page"}],"author":[{"embeddable":true,"href":"https:\/\/www.jvd.fr\/es\/wp-json\/wp\/v2\/users\/9"}],"replies":[{"embeddable":true,"href":"https:\/\/www.jvd.fr\/es\/wp-json\/wp\/v2\/comments?post=5647"}],"version-history":[{"count":10,"href":"https:\/\/www.jvd.fr\/es\/wp-json\/wp\/v2\/pages\/5647\/revisions"}],"predecessor-version":[{"id":59898,"href":"https:\/\/www.jvd.fr\/es\/wp-json\/wp\/v2\/pages\/5647\/revisions\/59898"}],"wp:featuredmedia":[{"embeddable":true,"href":"https:\/\/www.jvd.fr\/es\/wp-json\/wp\/v2\/media\/4996"}],"wp:attachment":[{"href":"https:\/\/www.jvd.fr\/es\/wp-json\/wp\/v2\/media?parent=5647"}],"curies":[{"name":"wp","href":"https:\/\/api.w.org\/{rel}","templated":true}]}}