{"id":54183,"date":"2025-08-26T15:09:01","date_gmt":"2025-08-26T13:09:01","guid":{"rendered":"https:\/\/jvdwoo2025.dnstemporaire.fr\/?page_id=54183"},"modified":"2025-08-28T14:51:55","modified_gmt":"2025-08-28T12:51:55","slug":"notas-legales","status":"publish","type":"page","link":"https:\/\/www.jvd.fr\/es\/notas-legales\/","title":{"rendered":"Notas legales"},"content":{"rendered":"\n<div class=\"wp-block-group has-global-padding is-layout-constrained wp-block-group-is-layout-constrained\" style=\"margin-bottom:var(--wp--preset--spacing--50)\">\n<h2 class=\"wp-block-heading\">DEFINICIONES<\/h2>\n\n\n\n<p><strong>Cliente<\/strong>: toda persona f\u00edsica con capacidad jur\u00eddica seg\u00fan los art\u00edculos 1123 y siguientes del C\u00f3digo Civil, o persona jur\u00eddica, que visita el Sitio objeto de las presentes condiciones generales.<\/p>\n\n\n\n<p><strong>Contenido<\/strong>: conjunto de los elementos que constituyen la informaci\u00f3n presente en el sitio, en particular textos, im\u00e1genes y v\u00eddeos.<\/p>\n\n\n\n<p><strong>Informaci\u00f3n del cliente<\/strong>: en adelante \u201cInformaci\u00f3n\u201d, que corresponde al conjunto de datos personales susceptibles de ser detenidos por JVD para la gesti\u00f3n de su cuenta, de la relaci\u00f3n con el cliente y con fines de an\u00e1lisis y estad\u00edstica.<\/p>\n\n\n\n<p><strong>Usuario<\/strong>: internauta que se conecta y utiliza el sitio antes mencionado.<\/p>\n\n\n\n<p><strong>Informaci\u00f3n personal<\/strong>: \u201cinformaci\u00f3n que permite, en cualquier forma, directa o indirectamente, la identificaci\u00f3n de las personas f\u00edsicas a las que se aplica\u201d (art\u00edculo 4 de la ley n.\u00ba 78-17 de 6 de enero de 1978).<\/p>\n\n\n\n<p>Los t\u00e9rminos \u201cdatos de car\u00e1cter personal\u201d, \u201cpersona interesada\u201d, \u201csubcontratista\u201d y \u201cdatos sensibles\u201d tienen el significado definido por el Reglamento General de Protecci\u00f3n de Datos (RGPD: n.\u00ba 2016-679).<\/p>\n<\/div>\n\n\n\n<div class=\"wp-block-group has-global-padding is-layout-constrained wp-block-group-is-layout-constrained\" style=\"margin-bottom:var(--wp--preset--spacing--50)\">\n<h3 class=\"wp-block-heading\"><strong>1. Presentaci\u00f3n del sitio web<\/strong><\/h3>\n\n\n\n<p>En virtud del art\u00edculo 6 de la ley n.\u00ba 2004-575 del 21 de junio de 2004 para la confianza en la econom\u00eda digital, se precisa a los usuarios del sitio web de JVD la identidad de los distintos intervinientes en el marco de su realizaci\u00f3n y seguimiento:<\/p>\n\n\n\n<p><strong>Propietario<\/strong>: JVD<br><strong>Responsable<\/strong>: Thierry LAUNOIS, Director General<br><strong>Sede social<\/strong>: 3 rue des Br\u00e8ches, 44406 Rez\u00e9<br><strong>Categor\u00eda jur\u00eddica<\/strong>: SAS<br><strong>N.\u00ba SIRET<\/strong>: 33092747600011<br><strong>N.\u00ba IVA intracomunitario<\/strong>: FR 50330927476<br><strong>C\u00d3DIGO APE<\/strong>: 2751Z<br><strong>Fecha de creaci\u00f3n de la empresa<\/strong>: 01\/10\/1984<br><strong>Responsable de publicaci\u00f3n<\/strong>: Simon PIENNE, Director de Marketing y Comunicaci\u00f3n<br><strong>Webmaster<\/strong>: Software Domain \u2013 <a>contact@software-domain.com<\/a><br><strong>Proveedor de alojamiento<\/strong>: Software Domain \u2013 7 rue Louis Bl\u00e9riot, 44700 Orvault \u2013 02 28 01 14 00<br><strong>Fecha de creaci\u00f3n del sitio web<\/strong>: 01\/07\/2025<br><strong>Delegado de protecci\u00f3n de datos<\/strong>: Simon PIENNE, Director de Marketing y Comunicaci\u00f3n<\/p>\n<\/div>\n\n\n\n<div class=\"wp-block-group has-global-padding is-layout-constrained wp-block-group-is-layout-constrained\" style=\"margin-bottom:var(--wp--preset--spacing--50)\">\n<h3 class=\"wp-block-heading\">2. Condiciones generales de uso del sitio y de los servicios propuestos<\/h3>\n\n\n\n<p>El sitio constituye una obra del esp\u00edritu protegida por el C\u00f3digo de Propiedad Intelectual y las convenciones internacionales vigentes.<br>El Cliente no puede en ning\u00fan caso reutilizar, ceder o explotar por cuenta propia la totalidad o parte de los elementos o trabajos del sitio.<\/p>\n\n\n\n<p>El uso del sitio de JVD implica la aceptaci\u00f3n plena y entera de las condiciones generales de uso descritas a continuaci\u00f3n. Estas condiciones de uso pueden ser modificadas o completadas en cualquier momento, los usuarios del sitio de JVD est\u00e1n por tanto invitados a consultarlas de forma regular.<\/p>\n\n\n\n<p>Este sitio suele estar accesible en todo momento. No obstante, JVD puede decidir interrumpirlo por mantenimiento t\u00e9cnico, intentando informar previamente de las fechas y horas previstas.<\/p>\n\n\n\n<p><br>Adem\u00e1s, JVD actualiza su sitio web con regularidad. De igual modo, los avisos legales pueden modificarse en cualquier momento. Por ello, se invita al usuario a consultarlos con frecuencia para mantenerse informado.<\/p>\n<\/div>\n\n\n\n<div class=\"wp-block-group has-global-padding is-layout-constrained wp-block-group-is-layout-constrained\" style=\"margin-bottom:var(--wp--preset--spacing--50)\">\n<h3 class=\"wp-block-heading\">3. Descripci\u00f3n de los servicios proporcionados<\/h3>\n\n\n\n<p>El sitio web de JVD tiene por objeto proporcionar informaci\u00f3n sobre el conjunto de las actividades de la empresa.<\/p>\n\n\n\n<p>JVD se esfuerza en proporcionar en el sitio JVD informaciones tan precisas como sea posible. Sin embargo, no podr\u00e1 ser considerado responsable de omisiones, inexactitudes o deficiencias en la actualizaci\u00f3n, sean propias o de terceros que le proporcionen esta informaci\u00f3n.<\/p>\n\n\n\n<p>Adem\u00e1s, los datos que figuran en el sitio de JVD no son exhaustivos. Por lo tanto, deben considerarse como indicativos y pueden estar sujetos a cambios.<\/p>\n<\/div>\n\n\n\n<div class=\"wp-block-group has-global-padding is-layout-constrained wp-block-group-is-layout-constrained\" style=\"margin-bottom:var(--wp--preset--spacing--50)\">\n<h3 class=\"wp-block-heading\">4. Limitaciones contractuales sobre los datos t\u00e9cnicos<\/h3>\n\n\n\n<p>El sitio utiliza la tecnolog\u00eda JavaScript.<\/p>\n\n\n\n<p>El sitio web no podr\u00e1 ser considerado responsable de da\u00f1os materiales ligados al uso del mismo. Adem\u00e1s, el usuario del sitio se compromete a acceder al sitio utilizando un material reciente, libre de virus y con un navegador de \u00faltima generaci\u00f3n actualizado.<\/p>\n\n\n\n<p>El sitio JVD est\u00e1 alojado por un proveedor de servicios en el territorio de la Uni\u00f3n Europea conforme a las disposiciones del Reglamento General de Protecci\u00f3n de Datos (RGPD: n.\u00ba 2016-679).<\/p>\n\n\n\n<p>El objetivo es proporcionar un servicio que garantice el mayor \u00edndice de accesibilidad. El proveedor de servicios asegura la continuidad de su servicio 24 horas al d\u00eda, todos los d\u00edas del a\u00f1o. No obstante, se reserva la posibilidad de interrumpir el servicio de alojamiento por los plazos m\u00e1s breves posibles, especialmente con fines de mantenimiento, mejora de sus infraestructuras, fallos t\u00e9cnicos o si las prestaciones y servicios generan un tr\u00e1fico considerado anormal.<\/p>\n\n\n\n<p>JVD y el proveedor no podr\u00e1n ser considerados responsables en caso de mal funcionamiento de la red de Internet, de las l\u00edneas telef\u00f3nicas o del material inform\u00e1tico y de telefon\u00eda, particularmente ligado a la congesti\u00f3n de la red que impida el acceso al servidor.<\/p>\n<\/div>\n\n\n\n<div class=\"wp-block-group has-global-padding is-layout-constrained wp-block-group-is-layout-constrained\" style=\"margin-bottom:var(--wp--preset--spacing--50)\">\n<h3 class=\"wp-block-heading\">5. Propiedad intelectual y falsificaciones<\/h3>\n\n\n\n<p>JVD es titular de los derechos de propiedad intelectual y ostenta los derechos de uso sobre todos los elementos accesibles en el sitio web, en particular los textos, im\u00e1genes, gr\u00e1ficos, logotipos, v\u00eddeos, iconos y sonidos.<\/p>\n\n\n\n<p>Cualquier reproducci\u00f3n, representaci\u00f3n, modificaci\u00f3n, publicaci\u00f3n o adaptaci\u00f3n de todo o parte de los elementos del sitio, sea cual sea el medio o procedimiento utilizado, est\u00e1 prohibida, salvo autorizaci\u00f3n previa y escrita de JVD.<\/p>\n\n\n\n<p>Toda explotaci\u00f3n no autorizada del sitio o de cualquiera de los elementos que contiene ser\u00e1 considerada como constitutiva de una infracci\u00f3n y perseguida de conformidad con las disposiciones de los art\u00edculos L.335-2 y siguientes del C\u00f3digo de Propiedad Intelectual.<\/p>\n<\/div>\n\n\n\n<div class=\"wp-block-group has-global-padding is-layout-constrained wp-block-group-is-layout-constrained\" style=\"margin-bottom:var(--wp--preset--spacing--50)\">\n<h3 class=\"wp-block-heading\">6. Limitaciones de responsabilidad<\/h3>\n\n\n\n<p>JVD act\u00faa como editor del sitio. JVD es responsable de la calidad y veracidad del contenido que publica.<\/p>\n\n\n\n<p>JVD no podr\u00e1 ser considerado responsable de los da\u00f1os directos e indirectos causados al material del usuario, al acceder al sitio de JVD, ya sea como consecuencia del uso de un equipo que no cumple las especificaciones indicadas en el punto 4, de la aparici\u00f3n de un error, o de una incompatibilidad.<\/p>\n\n\n\n<p>JVD tampoco podr\u00e1 ser considerado responsable de los da\u00f1os indirectos (como una p\u00e9rdida de mercado o de oportunidad) derivados del uso del sitio.<\/p>\n\n\n\n<p>Espacios interactivos (como la posibilidad de hacer preguntas en el \u00e1rea de contacto) est\u00e1n disponibles para los usuarios. JVD se reserva el derecho de suprimir, sin aviso previo, cualquier contenido depositado en este espacio que contravenga la legislaci\u00f3n vigente en Francia, en particular las disposiciones relativas a la protecci\u00f3n de datos. En caso necesario, JVD se reserva tambi\u00e9n la posibilidad de comprometer la responsabilidad civil y\/o penal del usuario, especialmente en caso de mensajes de car\u00e1cter racista, injurioso, difamatorio o pornogr\u00e1fico, sea cual sea el soporte utilizado (texto, fotograf\u00eda, etc.).<\/p>\n<\/div>\n\n\n\n<div class=\"wp-block-group has-global-padding is-layout-constrained wp-block-group-is-layout-constrained\" style=\"margin-bottom:var(--wp--preset--spacing--50)\">\n<h3 class=\"wp-block-heading\">7. Ley aplicable y jurisdicci\u00f3n competente<\/h3>\n\n\n\n<p>Cualquier litigio relacionado con el uso del sitio de JVD est\u00e1 sujeto al derecho franc\u00e9s.<br>Salvo en los casos en los que la ley no lo permita, se atribuye competencia exclusiva a los tribunales competentes del RCS de Nantes.<\/p>\n<\/div>\n","protected":false},"excerpt":{"rendered":"<p>DEFINICIONES Cliente: toda persona f\u00edsica con capacidad jur\u00eddica seg\u00fan los art\u00edculos 1123 y siguientes del C\u00f3digo Civil, o persona jur\u00eddica, que visita el Sitio objeto de las presentes condiciones generales. Contenido: conjunto de los elementos que constituyen la informaci\u00f3n presente en el sitio, en particular textos, im\u00e1genes y v\u00eddeos. Informaci\u00f3n del cliente: en adelante \u201cInformaci\u00f3n\u201d, [&hellip;]<\/p>\n","protected":false},"author":4,"featured_media":0,"parent":0,"menu_order":0,"comment_status":"closed","ping_status":"closed","template":"","meta":{"_acf_changed":false,"content-type":"","_searchwp_excluded":"","inline_featured_image":false,"footnotes":""},"class_list":["post-54183","page","type-page","status-publish","hentry"],"acf":[],"yoast_head":"<!-- This site is optimized with the Yoast SEO plugin v27.1.1 - https:\/\/yoast.com\/product\/yoast-seo-wordpress\/ -->\n<title>Notas legales - JVD<\/title>\n<meta name=\"robots\" content=\"index, follow, max-snippet:-1, max-image-preview:large, max-video-preview:-1\" \/>\n<link rel=\"canonical\" href=\"https:\/\/www.jvd.fr\/es\/notas-legales\/\" \/>\n<meta property=\"og:locale\" content=\"es_ES\" \/>\n<meta property=\"og:type\" content=\"article\" \/>\n<meta property=\"og:title\" content=\"Notas legales - JVD\" \/>\n<meta property=\"og:description\" content=\"DEFINICIONES Cliente: toda persona f\u00edsica con capacidad jur\u00eddica seg\u00fan los art\u00edculos 1123 y siguientes del C\u00f3digo Civil, o persona jur\u00eddica, que visita el Sitio objeto de las presentes condiciones generales. Contenido: conjunto de los elementos que constituyen la informaci\u00f3n presente en el sitio, en particular textos, im\u00e1genes y v\u00eddeos. Informaci\u00f3n del cliente: en adelante \u201cInformaci\u00f3n\u201d, [&hellip;]\" \/>\n<meta property=\"og:url\" content=\"https:\/\/www.jvd.fr\/es\/notas-legales\/\" \/>\n<meta property=\"og:site_name\" content=\"JVD\" \/>\n<meta property=\"article:modified_time\" content=\"2025-08-28T12:51:55+00:00\" \/>\n<script type=\"application\/ld+json\" class=\"yoast-schema-graph\">{\"@context\":\"https:\/\/schema.org\",\"@graph\":[{\"@type\":\"WebPage\",\"@id\":\"https:\/\/www.jvd.fr\/es\/notas-legales\/\",\"url\":\"https:\/\/www.jvd.fr\/es\/notas-legales\/\",\"name\":\"Notas legales - JVD\",\"isPartOf\":{\"@id\":\"https:\/\/www.jvd.fr\/es\/#website\"},\"datePublished\":\"2025-08-26T13:09:01+00:00\",\"dateModified\":\"2025-08-28T12:51:55+00:00\",\"breadcrumb\":{\"@id\":\"https:\/\/www.jvd.fr\/es\/notas-legales\/#breadcrumb\"},\"inLanguage\":\"es\",\"potentialAction\":[{\"@type\":\"ReadAction\",\"target\":[\"https:\/\/www.jvd.fr\/es\/notas-legales\/\"]}]},{\"@type\":\"BreadcrumbList\",\"@id\":\"https:\/\/www.jvd.fr\/es\/notas-legales\/#breadcrumb\",\"itemListElement\":[{\"@type\":\"ListItem\",\"position\":1,\"name\":\"Accueil\",\"item\":\"https:\/\/www.jvd.fr\/es\/\"},{\"@type\":\"ListItem\",\"position\":2,\"name\":\"Notas legales\"}]},{\"@type\":\"WebSite\",\"@id\":\"https:\/\/www.jvd.fr\/es\/#website\",\"url\":\"https:\/\/www.jvd.fr\/es\/\",\"name\":\"JVD\",\"description\":\"Products that care\",\"potentialAction\":[{\"@type\":\"SearchAction\",\"target\":{\"@type\":\"EntryPoint\",\"urlTemplate\":\"https:\/\/www.jvd.fr\/es\/?s={search_term_string}\"},\"query-input\":{\"@type\":\"PropertyValueSpecification\",\"valueRequired\":true,\"valueName\":\"search_term_string\"}}],\"inLanguage\":\"es\"}]}<\/script>\n<!-- \/ Yoast SEO plugin. -->","yoast_head_json":{"title":"Notas legales - JVD","robots":{"index":"index","follow":"follow","max-snippet":"max-snippet:-1","max-image-preview":"max-image-preview:large","max-video-preview":"max-video-preview:-1"},"canonical":"https:\/\/www.jvd.fr\/es\/notas-legales\/","og_locale":"es_ES","og_type":"article","og_title":"Notas legales - JVD","og_description":"DEFINICIONES Cliente: toda persona f\u00edsica con capacidad jur\u00eddica seg\u00fan los art\u00edculos 1123 y siguientes del C\u00f3digo Civil, o persona jur\u00eddica, que visita el Sitio objeto de las presentes condiciones generales. Contenido: conjunto de los elementos que constituyen la informaci\u00f3n presente en el sitio, en particular textos, im\u00e1genes y v\u00eddeos. Informaci\u00f3n del cliente: en adelante \u201cInformaci\u00f3n\u201d, [&hellip;]","og_url":"https:\/\/www.jvd.fr\/es\/notas-legales\/","og_site_name":"JVD","article_modified_time":"2025-08-28T12:51:55+00:00","schema":{"@context":"https:\/\/schema.org","@graph":[{"@type":"WebPage","@id":"https:\/\/www.jvd.fr\/es\/notas-legales\/","url":"https:\/\/www.jvd.fr\/es\/notas-legales\/","name":"Notas legales - JVD","isPartOf":{"@id":"https:\/\/www.jvd.fr\/es\/#website"},"datePublished":"2025-08-26T13:09:01+00:00","dateModified":"2025-08-28T12:51:55+00:00","breadcrumb":{"@id":"https:\/\/www.jvd.fr\/es\/notas-legales\/#breadcrumb"},"inLanguage":"es","potentialAction":[{"@type":"ReadAction","target":["https:\/\/www.jvd.fr\/es\/notas-legales\/"]}]},{"@type":"BreadcrumbList","@id":"https:\/\/www.jvd.fr\/es\/notas-legales\/#breadcrumb","itemListElement":[{"@type":"ListItem","position":1,"name":"Accueil","item":"https:\/\/www.jvd.fr\/es\/"},{"@type":"ListItem","position":2,"name":"Notas legales"}]},{"@type":"WebSite","@id":"https:\/\/www.jvd.fr\/es\/#website","url":"https:\/\/www.jvd.fr\/es\/","name":"JVD","description":"Products that care","potentialAction":[{"@type":"SearchAction","target":{"@type":"EntryPoint","urlTemplate":"https:\/\/www.jvd.fr\/es\/?s={search_term_string}"},"query-input":{"@type":"PropertyValueSpecification","valueRequired":true,"valueName":"search_term_string"}}],"inLanguage":"es"}]}},"_links":{"self":[{"href":"https:\/\/www.jvd.fr\/es\/wp-json\/wp\/v2\/pages\/54183","targetHints":{"allow":["GET"]}}],"collection":[{"href":"https:\/\/www.jvd.fr\/es\/wp-json\/wp\/v2\/pages"}],"about":[{"href":"https:\/\/www.jvd.fr\/es\/wp-json\/wp\/v2\/types\/page"}],"author":[{"embeddable":true,"href":"https:\/\/www.jvd.fr\/es\/wp-json\/wp\/v2\/users\/4"}],"replies":[{"embeddable":true,"href":"https:\/\/www.jvd.fr\/es\/wp-json\/wp\/v2\/comments?post=54183"}],"version-history":[{"count":2,"href":"https:\/\/www.jvd.fr\/es\/wp-json\/wp\/v2\/pages\/54183\/revisions"}],"predecessor-version":[{"id":54266,"href":"https:\/\/www.jvd.fr\/es\/wp-json\/wp\/v2\/pages\/54183\/revisions\/54266"}],"wp:attachment":[{"href":"https:\/\/www.jvd.fr\/es\/wp-json\/wp\/v2\/media?parent=54183"}],"curies":[{"name":"wp","href":"https:\/\/api.w.org\/{rel}","templated":true}]}}