{"id":5306,"date":"2025-05-28T17:44:44","date_gmt":"2025-05-28T15:44:44","guid":{"rendered":"https:\/\/jvdwoo2025.dnstemporaire.fr\/?page_id=5306"},"modified":"2025-09-16T16:59:18","modified_gmt":"2025-09-16T14:59:18","slug":"destructores-insectos-voladores","status":"publish","type":"page","link":"https:\/\/www.jvd.fr\/es\/destructores-insectos-voladores\/","title":{"rendered":"Destructores de insectos voladores"},"content":{"rendered":"\n<div class=\"wp-block-group is-layout-flow wp-block-group-is-layout-flow\" style=\"margin-top:0;margin-bottom:var(--wp--preset--spacing--100);padding-bottom:0\">\n<h2 class=\"wp-block-heading\">Protege tus espacios de los insectos voladores<\/h2>\n\n\n\n<div class=\"wp-block-columns is-layout-flex wp-container-core-columns-is-layout-3ae220d9 wp-block-columns-is-layout-flex\" style=\"margin-bottom:var(--wp--preset--spacing--50)\">\n<div class=\"wp-block-column is-layout-flow wp-block-column-is-layout-flow\">\n<p>Los destructores de insectos voladores son esenciales para mantener la higiene y la reputaci\u00f3n en cualquier sector. La presencia de estos insectos afecta la imagen de marca, la higiene e incluso al cumplimiento normativo. Sectores como la hosteler\u00eda, la restauraci\u00f3n o la sanidad necesitan soluciones discretas, eficaces y duraderas para mantener un entorno seguro y saludable tanto para clientes como para el personal.<\/p>\n<\/div>\n\n\n\n<div class=\"wp-block-column is-layout-flow wp-block-column-is-layout-flow\">\n<p style=\"padding-top:0;padding-bottom:0\">JVD ofrece una gama completa de destructores de insectos, todos ellos conformes con los est\u00e1ndares de higiene HACCP. Disponibles en versi\u00f3n de pie, mural o suspendida del techo, nuestras trampas combinan rendimiento, discreci\u00f3n y facilidad de mantenimiento. Est\u00e1n dise\u00f1adas para adaptarse a cualquier entorno profesional.<br><\/p>\n<\/div>\n<\/div>\n\n\n\n<div class=\"wp-block-buttons is-content-justification-center is-layout-flex wp-container-core-buttons-is-layout-a89b3969 wp-block-buttons-is-layout-flex\">\n<div class=\"wp-block-button is-style-secondary-button\"><a class=\"wp-block-button__link wp-element-button\" href=\"https:\/\/www.jvd.fr\/es\/categorie\/destructores-de-insectos\/\"> Ver todos los productos<\/a><\/div>\n<\/div>\n<\/div>\n\n\n\n<div class=\"wp-block-group is-layout-flow wp-block-group-is-layout-flow\" style=\"margin-bottom:var(--wp--preset--spacing--100);padding-bottom:0\">\n<h2 class=\"wp-block-heading has-text-align-center\" style=\"padding-top:0;padding-bottom:0\"><strong>Destructores de insectos voladores para cada necesidad<\/strong><\/h2>\n\n\n\n<div id=\"wp-block-jvd-cards-block_ecd0f4cf53cc99c627a0da42d82a8253\" style=\"margin-bottom:var(--wp--preset--spacing--50);\" class=\"wp-block-jvd-cards align wp-block-acf-cards\">\n\t    <div class=\"swiper jvd-carousel js_cards\" data-display=\"carrousel\">\n        <div class=\"swiper__nav\">\n            <div class=\"swiper__nav__prev js_cards_prev\">\n                <svg width=\"13\" height=\"20\" aria-hidden=\"true\" role=\"presentation\"><use xlink:href=\"#slide-prev\"\/><\/svg>\n            <\/div>\n            <div class=\"swiper__nav__next js_cards_next\">\n                <svg width=\"13\" height=\"20\" aria-hidden=\"true\" role=\"presentation\"><use xlink:href=\"#slide-next\"\/><\/svg>\n            <\/div>\n        <\/div>\n        <div class=\"swiper-wrapper\">\n                        <div class=\"swiper-slide\">\n                <div class=\"jvd-card\" data-link=\"1\" data-img-ratio=\"portrait\" data-text-pos=\"hover\">\n                                        <figure class=\"jvd-card__img\">\n                                            <\/figure>\n                    <div class=\"jvd-card__content\">\n                                                <h3 class=\"jvd-card__title\">\n                                                        <a href=\"https:\/\/www.jvd.fr\/es\/categorie\/led\/\">\n                                                        Destructores LED                                                        <\/a>\n                                                    <\/h3>\n                                                <p class=\"jvd-card__text\">Atraen y eliminan los insectos voladores de manera eficaz y silenciosa.<\/p>\n                    <\/div>\n                <\/div>\n            <\/div>\n                        <div class=\"swiper-slide\">\n                <div class=\"jvd-card\" data-link=\"1\" data-img-ratio=\"portrait\" data-text-pos=\"hover\">\n                                        <figure class=\"jvd-card__img\">\n                                                    <img decoding=\"async\" src=\"https:\/\/www.jvd.fr\/wp-content\/uploads\/2025\/06\/desinsectiseur-electrique-jvd-600x666.jpg\" width=\"600\" height=\"666\" alt=\"\" loading=\"lazy\" \/>\n                                            <\/figure>\n                    <div class=\"jvd-card__content\">\n                                                <h3 class=\"jvd-card__title\">\n                                                        <a href=\"https:\/\/www.jvd.fr\/es\/categorie\/electrico\/\">\n                                                        Destructores el\u00e9ctricos                                                        <\/a>\n                                                    <\/h3>\n                                                <p class=\"jvd-card__text\">Trampas con tecnolog\u00eda de descarga el\u00e9ctrica para una eliminaci\u00f3n r\u00e1pida y eficaz.<\/p>\n                    <\/div>\n                <\/div>\n            <\/div>\n                        <div class=\"swiper-slide\">\n                <div class=\"jvd-card\" data-link=\"1\" data-img-ratio=\"portrait\" data-text-pos=\"hover\">\n                                        <figure class=\"jvd-card__img\">\n                                                    <img decoding=\"async\" src=\"https:\/\/www.jvd.fr\/wp-content\/uploads\/2025\/06\/desinsectiseur-a-glue-jvd-600x667.jpg\" width=\"600\" height=\"667\" alt=\"Desinsectiseur A Glue Jvd\" loading=\"lazy\" \/>\n                                            <\/figure>\n                    <div class=\"jvd-card__content\">\n                                                <h3 class=\"jvd-card__title\">\n                                                        <a href=\"https:\/\/www.jvd.fr\/es\/categorie\/cola\/\">\n                                                        Destructores con placa adhesiva                                                        <\/a>\n                                                    <\/h3>\n                                                <p class=\"jvd-card__text\">Sistema silencioso y discreto ideal para entornos sensibles como cocinas o cl\u00ednicas.<\/p>\n                    <\/div>\n                <\/div>\n            <\/div>\n                        <div class=\"swiper-slide\">\n                <div class=\"jvd-card\" data-link=\"1\" data-img-ratio=\"portrait\" data-text-pos=\"hover\">\n                                        <figure class=\"jvd-card__img\">\n                                                    <img decoding=\"async\" src=\"https:\/\/www.jvd.fr\/wp-content\/uploads\/2025\/06\/desinsectiseur-aspiration-helio-jvd-600x800.jpg\" width=\"600\" height=\"800\" alt=\"\" loading=\"lazy\" \/>\n                                            <\/figure>\n                    <div class=\"jvd-card__content\">\n                                                <h3 class=\"jvd-card__title\">\n                                                        <a href=\"https:\/\/www.jvd.fr\/es\/categorie\/vacio\/\">\n                                                        Destructores por succi\u00f3n                                                        <\/a>\n                                                    <\/h3>\n                                                <p class=\"jvd-card__text\">Atrapan los insectos mediante un sistema de aspiraci\u00f3n interno, sin ruido ni impacto visual.<\/p>\n                    <\/div>\n                <\/div>\n            <\/div>\n                    <\/div>\n    <\/div>\n    <\/div>\n<\/div>\n\n\n\n<div class=\"wp-block-columns is-layout-flex wp-container-core-columns-is-layout-fdb74459 wp-block-columns-is-layout-flex\" style=\"margin-bottom:var(--wp--preset--spacing--100)\">\n<div class=\"wp-block-column is-layout-flow wp-block-column-is-layout-flow\">\n<figure class=\"wp-block-image size-square has-custom-border is-style-rounded\"><img loading=\"lazy\" decoding=\"async\" width=\"600\" height=\"600\" src=\"https:\/\/www.jvd.fr\/wp-content\/uploads\/2025\/05\/desinsectiseur-helio-boulangerie-restauration-jvd-600x600.jpg\" alt=\"Destructores de insectos voladores para uso profesional\" class=\"wp-image-3928\" style=\"border-radius:20px\" srcset=\"https:\/\/www.jvd.fr\/wp-content\/uploads\/2025\/05\/desinsectiseur-helio-boulangerie-restauration-jvd-600x600.jpg 600w, https:\/\/www.jvd.fr\/wp-content\/uploads\/2025\/05\/desinsectiseur-helio-boulangerie-restauration-jvd-300x300.jpg 300w, https:\/\/www.jvd.fr\/wp-content\/uploads\/2025\/05\/desinsectiseur-helio-boulangerie-restauration-jvd-100x100.jpg 100w, https:\/\/www.jvd.fr\/wp-content\/uploads\/2025\/05\/desinsectiseur-helio-boulangerie-restauration-jvd-150x150.jpg 150w\" sizes=\"auto, (max-width: 600px) 100vw, 600px\" \/><\/figure>\n<\/div>\n\n\n\n<div class=\"wp-block-column is-vertically-aligned-center is-layout-flow wp-block-column-is-layout-flow\" style=\"border-style:none;border-width:0px\">\n<h2 class=\"wp-block-heading\"><strong>La transici\u00f3n al LED ser\u00e1 obligatoria en Europa<\/strong><\/h2>\n\n\n\n<p>Seg\u00fan el Reglamento Europeo de Ecodise\u00f1o, todos los dispositivos con l\u00e1mparas especiales \u2014incluidos los destructores de insectos\u2014 deber\u00e1n utilizar tecnolog\u00eda LED antes de 2027. Este cambio busca reducir los riesgos para la salud y el medio ambiente derivados de sustancias peligrosas en los equipos el\u00e9ctricos y electr\u00f3nicos.<\/p>\n\n\n\n<p>Seg\u00fan el <a class=\"\" href=\"https:\/\/eur-lex.europa.eu\/legal-content\/ES\/TXT\/?uri=CELEX%3A32019R2020\">Reglamento Europeo de Ecodise\u00f1o<\/a>, los dispositivos como los destructores de insectos deber\u00e1n incorporar tecnolog\u00eda LED antes de 2027.<\/p>\n<\/div>\n<\/div>\n\n\n\n<div class=\"wp-block-group has-global-padding is-layout-constrained wp-block-group-is-layout-constrained\" style=\"margin-bottom:var(--wp--preset--spacing--100)\">\n<h2 class=\"wp-block-heading has-text-align-center\"><strong>Preguntas frecuentes<\/strong><\/h2>\n\n\n\n<div id=\"wp-block-jvd-faq-block_1b01ce33a2e63f239d28b7e8a32b8b10\" class=\"wp-block-jvd-faq align wp-block-acf-faq\">\n\t<div class=\"jvd-faq\">\n\t\t\t\t<div class=\"jvd-faq__item\" itemscope itemprop=\"mainEntity\" itemtype=\"https:\/\/schema.org\/Question\">\n\t\t\t<div class=\"jvd-faq__question\" itemprop=\"name\">\n\t\t\t\t<span>\u00bfPara qu\u00e9 tipo de insectos est\u00e1n dise\u00f1ados los destructores de insectos?<\/span>\n\t\t\t\t<button type=\"button\">\n\t\t\t\t\t<svg width=\"20\" height=\"20\" aria-hidden=\"true\" role=\"presentation\"><use xlink:href=\"#chevron-down\"\/><\/svg>\n\t\t\t\t<\/button>\n\t\t\t<\/div>\n\t\t\t<div class=\"jvd-faq__answer\" itemscope itemprop=\"acceptedAnswer\" itemtype=\"https:\/\/schema.org\/Answer\">\n\t\t\t\t<p data-start=\"231\" data-end=\"406\">Los destructores de insectos est\u00e1n dise\u00f1ados para atraer y eliminar insectos voladores, principalmente moscas, pero tambi\u00e9n mosquitos, avispas, t\u00e1banos, moscardones y jejenes.<\/p>\n\t\t\t<\/div>\n\t\t<\/div>\n\t\t\t\t<div class=\"jvd-faq__item\" itemscope itemprop=\"mainEntity\" itemtype=\"https:\/\/schema.org\/Question\">\n\t\t\t<div class=\"jvd-faq__question\" itemprop=\"name\">\n\t\t\t\t<span>\u00bfC\u00f3mo funcionan los destructores de insectos?<\/span>\n\t\t\t\t<button type=\"button\">\n\t\t\t\t\t<svg width=\"20\" height=\"20\" aria-hidden=\"true\" role=\"presentation\"><use xlink:href=\"#chevron-down\"\/><\/svg>\n\t\t\t\t<\/button>\n\t\t\t<\/div>\n\t\t\t<div class=\"jvd-faq__answer\" itemscope itemprop=\"acceptedAnswer\" itemtype=\"https:\/\/schema.org\/Answer\">\n\t\t\t\t<p data-start=\"464\" data-end=\"709\">Un destructor de insectos es un dispositivo el\u00e9ctrico que emite luz UV-A (inofensiva para las personas) para atraer a los insectos voladores. Seg\u00fan el modelo, estos son eliminados mediante electrificaci\u00f3n, placas adhesivas o sistemas de succi\u00f3n.<\/p>\n\t\t\t<\/div>\n\t\t<\/div>\n\t\t\t\t<div class=\"jvd-faq__item\" itemscope itemprop=\"mainEntity\" itemtype=\"https:\/\/schema.org\/Question\">\n\t\t\t<div class=\"jvd-faq__question\" itemprop=\"name\">\n\t\t\t\t<span>\u00bfPor qu\u00e9 elegir un destructor de insectos con tubo irrompible?<\/span>\n\t\t\t\t<button type=\"button\">\n\t\t\t\t\t<svg width=\"20\" height=\"20\" aria-hidden=\"true\" role=\"presentation\"><use xlink:href=\"#chevron-down\"\/><\/svg>\n\t\t\t\t<\/button>\n\t\t\t<\/div>\n\t\t\t<div class=\"jvd-faq__answer\" itemscope itemprop=\"acceptedAnswer\" itemtype=\"https:\/\/schema.org\/Answer\">\n\t\t\t\t<p data-start=\"784\" data-end=\"1005\">A diferencia de los tubos est\u00e1ndar, los tubos irrompibles cuentan con una pel\u00edcula protectora que evita la dispersi\u00f3n de fragmentos de vidrio en caso de rotura. Son especialmente recomendables en la industria alimentaria.<\/p>\n\t\t\t<\/div>\n\t\t<\/div>\n\t\t\t\t<div class=\"jvd-faq__item\" itemscope itemprop=\"mainEntity\" itemtype=\"https:\/\/schema.org\/Question\">\n\t\t\t<div class=\"jvd-faq__question\" itemprop=\"name\">\n\t\t\t\t<span>\u00bfPor qu\u00e9 elegir un destructor de insectos con certificaci\u00f3n IP54?<\/span>\n\t\t\t\t<button type=\"button\">\n\t\t\t\t\t<svg width=\"20\" height=\"20\" aria-hidden=\"true\" role=\"presentation\"><use xlink:href=\"#chevron-down\"\/><\/svg>\n\t\t\t\t<\/button>\n\t\t\t<\/div>\n\t\t\t<div class=\"jvd-faq__answer\" itemscope itemprop=\"acceptedAnswer\" itemtype=\"https:\/\/schema.org\/Answer\">\n\t\t\t\t<p data-start=\"1083\" data-end=\"1320\">Los dispositivos con clasificaci\u00f3n IP54 son aptos para entornos muy h\u00famedos. Est\u00e1n protegidos contra el polvo y las salpicaduras de agua, lo que los hace ideales para cocinas, c\u00e1maras frigor\u00edficas y otras zonas con condiciones exigentes.<\/p>\n\t\t\t<\/div>\n\t\t<\/div>\n\t\t\t<\/div>\n<\/div>\n<\/div>\n\n\n\n<div class=\"wp-block-group has-lightgrey-background-color has-background is-layout-flow wp-block-group-is-layout-flow\" style=\"border-radius:20px;margin-top:0;margin-bottom:0;padding-top:var(--wp--preset--spacing--75);padding-right:var(--wp--preset--spacing--75);padding-bottom:var(--wp--preset--spacing--75);padding-left:var(--wp--preset--spacing--75)\">\n<h2 class=\"wp-block-heading has-text-align-center\"><strong>\u00bfQuieres saber m\u00e1s sobre nuestros productos?<\/strong><\/h2>\n\n\n\n<p class=\"has-text-align-center\">Tanto si necesitas informaci\u00f3n t\u00e9cnica como asesoramiento experto, estaremos encantados de ayudarte. Podemos organizar una videollamada o una conversaci\u00f3n telef\u00f3nica cuando mejor te convenga.<\/p>\n\n\n\n<div class=\"wp-block-buttons is-content-justification-center is-layout-flex wp-container-core-buttons-is-layout-a89b3969 wp-block-buttons-is-layout-flex\">\n<div class=\"wp-block-button\"><a class=\"wp-block-button__link wp-element-button\" href=\"https:\/\/share-eu1.hsforms.com\/1E-hSxlDMT6u7yy8xFxdFkgexg1v?__hstc=191158197.12333dbceaaf0a4b876500007d6a41a3.1753773294906.1753798906615.1753859848622.5&amp;__hssc=191158197.59.1753859848622&amp;__hsfp=3225660188\">Contactar con un asesor de JVD<\/a><\/div>\n<\/div>\n<\/div>\n","protected":false},"excerpt":{"rendered":"<p>Protege tus espacios de los insectos voladores Los destructores de insectos voladores son esenciales para mantener la higiene y la reputaci\u00f3n en cualquier sector. La presencia de estos insectos afecta la imagen de marca, la higiene e incluso al cumplimiento normativo. Sectores como la hosteler\u00eda, la restauraci\u00f3n o la sanidad necesitan soluciones discretas, eficaces y [&hellip;]<\/p>\n","protected":false},"author":9,"featured_media":4404,"parent":0,"menu_order":0,"comment_status":"closed","ping_status":"closed","template":"","meta":{"_acf_changed":false,"content-type":"","_searchwp_excluded":"","inline_featured_image":false,"footnotes":""},"class_list":["post-5306","page","type-page","status-publish","has-post-thumbnail","hentry"],"acf":[],"yoast_head":"<!-- This site is optimized with the Yoast SEO plugin v27.1.1 - https:\/\/yoast.com\/product\/yoast-seo-wordpress\/ -->\n<title>Destructores de insectos voladores profesionales | JVD<\/title>\n<meta name=\"description\" content=\"Destructores de insectos voladores eficaces y discretos. Soluciones profesionales para hoteles, cocinas y espacios con requisitos HACCP.\" \/>\n<meta name=\"robots\" content=\"index, follow, max-snippet:-1, max-image-preview:large, max-video-preview:-1\" \/>\n<link rel=\"canonical\" href=\"https:\/\/www.jvd.fr\/es\/destructores-insectos-voladores\/\" \/>\n<meta property=\"og:locale\" content=\"es_ES\" \/>\n<meta property=\"og:type\" content=\"article\" \/>\n<meta property=\"og:title\" content=\"Destructores de insectos voladores profesionales | JVD\" \/>\n<meta property=\"og:description\" content=\"Destructores de insectos voladores eficaces y discretos. Soluciones profesionales para hoteles, cocinas y espacios con requisitos HACCP.\" \/>\n<meta property=\"og:url\" content=\"https:\/\/www.jvd.fr\/es\/destructores-insectos-voladores\/\" \/>\n<meta property=\"og:site_name\" content=\"JVD\" \/>\n<meta property=\"article:modified_time\" content=\"2025-09-16T14:59:18+00:00\" \/>\n<meta property=\"og:image\" content=\"https:\/\/www.jvd.fr\/wp-content\/uploads\/2025\/05\/desinsectiseur-led-image-accueil-jvd.jpg\" \/>\n\t<meta property=\"og:image:width\" content=\"1920\" \/>\n\t<meta property=\"og:image:height\" content=\"820\" \/>\n\t<meta property=\"og:image:type\" content=\"image\/jpeg\" \/>\n<script type=\"application\/ld+json\" class=\"yoast-schema-graph\">{\"@context\":\"https:\/\/schema.org\",\"@graph\":[{\"@type\":\"WebPage\",\"@id\":\"https:\/\/www.jvd.fr\/es\/destructores-insectos-voladores\/\",\"url\":\"https:\/\/www.jvd.fr\/es\/destructores-insectos-voladores\/\",\"name\":\"Destructores de insectos voladores profesionales | JVD\",\"isPartOf\":{\"@id\":\"https:\/\/www.jvd.fr\/es\/#website\"},\"primaryImageOfPage\":{\"@id\":\"https:\/\/www.jvd.fr\/es\/destructores-insectos-voladores\/#primaryimage\"},\"image\":{\"@id\":\"https:\/\/www.jvd.fr\/es\/destructores-insectos-voladores\/#primaryimage\"},\"thumbnailUrl\":\"https:\/\/www.jvd.fr\/wp-content\/uploads\/2025\/05\/desinsectiseur-led-image-accueil-jvd.jpg\",\"datePublished\":\"2025-05-28T15:44:44+00:00\",\"dateModified\":\"2025-09-16T14:59:18+00:00\",\"description\":\"Destructores de insectos voladores eficaces y discretos. Soluciones profesionales para hoteles, cocinas y espacios con requisitos HACCP.\",\"breadcrumb\":{\"@id\":\"https:\/\/www.jvd.fr\/es\/destructores-insectos-voladores\/#breadcrumb\"},\"inLanguage\":\"es\",\"potentialAction\":[{\"@type\":\"ReadAction\",\"target\":[\"https:\/\/www.jvd.fr\/es\/destructores-insectos-voladores\/\"]}]},{\"@type\":\"ImageObject\",\"inLanguage\":\"es\",\"@id\":\"https:\/\/www.jvd.fr\/es\/destructores-insectos-voladores\/#primaryimage\",\"url\":\"https:\/\/www.jvd.fr\/wp-content\/uploads\/2025\/05\/desinsectiseur-led-image-accueil-jvd.jpg\",\"contentUrl\":\"https:\/\/www.jvd.fr\/wp-content\/uploads\/2025\/05\/desinsectiseur-led-image-accueil-jvd.jpg\",\"width\":1920,\"height\":820},{\"@type\":\"BreadcrumbList\",\"@id\":\"https:\/\/www.jvd.fr\/es\/destructores-insectos-voladores\/#breadcrumb\",\"itemListElement\":[{\"@type\":\"ListItem\",\"position\":1,\"name\":\"Accueil\",\"item\":\"https:\/\/www.jvd.fr\/es\/\"},{\"@type\":\"ListItem\",\"position\":2,\"name\":\"Destructores de insectos voladores\"}]},{\"@type\":\"WebSite\",\"@id\":\"https:\/\/www.jvd.fr\/es\/#website\",\"url\":\"https:\/\/www.jvd.fr\/es\/\",\"name\":\"JVD\",\"description\":\"Products that care\",\"potentialAction\":[{\"@type\":\"SearchAction\",\"target\":{\"@type\":\"EntryPoint\",\"urlTemplate\":\"https:\/\/www.jvd.fr\/es\/?s={search_term_string}\"},\"query-input\":{\"@type\":\"PropertyValueSpecification\",\"valueRequired\":true,\"valueName\":\"search_term_string\"}}],\"inLanguage\":\"es\"}]}<\/script>\n<!-- \/ Yoast SEO plugin. -->","yoast_head_json":{"title":"Destructores de insectos voladores profesionales | JVD","description":"Destructores de insectos voladores eficaces y discretos. Soluciones profesionales para hoteles, cocinas y espacios con requisitos HACCP.","robots":{"index":"index","follow":"follow","max-snippet":"max-snippet:-1","max-image-preview":"max-image-preview:large","max-video-preview":"max-video-preview:-1"},"canonical":"https:\/\/www.jvd.fr\/es\/destructores-insectos-voladores\/","og_locale":"es_ES","og_type":"article","og_title":"Destructores de insectos voladores profesionales | JVD","og_description":"Destructores de insectos voladores eficaces y discretos. Soluciones profesionales para hoteles, cocinas y espacios con requisitos HACCP.","og_url":"https:\/\/www.jvd.fr\/es\/destructores-insectos-voladores\/","og_site_name":"JVD","article_modified_time":"2025-09-16T14:59:18+00:00","og_image":[{"width":1920,"height":820,"url":"https:\/\/www.jvd.fr\/wp-content\/uploads\/2025\/05\/desinsectiseur-led-image-accueil-jvd.jpg","type":"image\/jpeg"}],"schema":{"@context":"https:\/\/schema.org","@graph":[{"@type":"WebPage","@id":"https:\/\/www.jvd.fr\/es\/destructores-insectos-voladores\/","url":"https:\/\/www.jvd.fr\/es\/destructores-insectos-voladores\/","name":"Destructores de insectos voladores profesionales | JVD","isPartOf":{"@id":"https:\/\/www.jvd.fr\/es\/#website"},"primaryImageOfPage":{"@id":"https:\/\/www.jvd.fr\/es\/destructores-insectos-voladores\/#primaryimage"},"image":{"@id":"https:\/\/www.jvd.fr\/es\/destructores-insectos-voladores\/#primaryimage"},"thumbnailUrl":"https:\/\/www.jvd.fr\/wp-content\/uploads\/2025\/05\/desinsectiseur-led-image-accueil-jvd.jpg","datePublished":"2025-05-28T15:44:44+00:00","dateModified":"2025-09-16T14:59:18+00:00","description":"Destructores de insectos voladores eficaces y discretos. Soluciones profesionales para hoteles, cocinas y espacios con requisitos HACCP.","breadcrumb":{"@id":"https:\/\/www.jvd.fr\/es\/destructores-insectos-voladores\/#breadcrumb"},"inLanguage":"es","potentialAction":[{"@type":"ReadAction","target":["https:\/\/www.jvd.fr\/es\/destructores-insectos-voladores\/"]}]},{"@type":"ImageObject","inLanguage":"es","@id":"https:\/\/www.jvd.fr\/es\/destructores-insectos-voladores\/#primaryimage","url":"https:\/\/www.jvd.fr\/wp-content\/uploads\/2025\/05\/desinsectiseur-led-image-accueil-jvd.jpg","contentUrl":"https:\/\/www.jvd.fr\/wp-content\/uploads\/2025\/05\/desinsectiseur-led-image-accueil-jvd.jpg","width":1920,"height":820},{"@type":"BreadcrumbList","@id":"https:\/\/www.jvd.fr\/es\/destructores-insectos-voladores\/#breadcrumb","itemListElement":[{"@type":"ListItem","position":1,"name":"Accueil","item":"https:\/\/www.jvd.fr\/es\/"},{"@type":"ListItem","position":2,"name":"Destructores de insectos voladores"}]},{"@type":"WebSite","@id":"https:\/\/www.jvd.fr\/es\/#website","url":"https:\/\/www.jvd.fr\/es\/","name":"JVD","description":"Products that care","potentialAction":[{"@type":"SearchAction","target":{"@type":"EntryPoint","urlTemplate":"https:\/\/www.jvd.fr\/es\/?s={search_term_string}"},"query-input":{"@type":"PropertyValueSpecification","valueRequired":true,"valueName":"search_term_string"}}],"inLanguage":"es"}]}},"_links":{"self":[{"href":"https:\/\/www.jvd.fr\/es\/wp-json\/wp\/v2\/pages\/5306","targetHints":{"allow":["GET"]}}],"collection":[{"href":"https:\/\/www.jvd.fr\/es\/wp-json\/wp\/v2\/pages"}],"about":[{"href":"https:\/\/www.jvd.fr\/es\/wp-json\/wp\/v2\/types\/page"}],"author":[{"embeddable":true,"href":"https:\/\/www.jvd.fr\/es\/wp-json\/wp\/v2\/users\/9"}],"replies":[{"embeddable":true,"href":"https:\/\/www.jvd.fr\/es\/wp-json\/wp\/v2\/comments?post=5306"}],"version-history":[{"count":9,"href":"https:\/\/www.jvd.fr\/es\/wp-json\/wp\/v2\/pages\/5306\/revisions"}],"predecessor-version":[{"id":59947,"href":"https:\/\/www.jvd.fr\/es\/wp-json\/wp\/v2\/pages\/5306\/revisions\/59947"}],"wp:featuredmedia":[{"embeddable":true,"href":"https:\/\/www.jvd.fr\/es\/wp-json\/wp\/v2\/media\/4404"}],"wp:attachment":[{"href":"https:\/\/www.jvd.fr\/es\/wp-json\/wp\/v2\/media?parent=5306"}],"curies":[{"name":"wp","href":"https:\/\/api.w.org\/{rel}","templated":true}]}}