{"id":45953,"date":"2025-08-01T14:38:25","date_gmt":"2025-08-01T12:38:25","guid":{"rendered":"https:\/\/jvdwoo2025.dnstemporaire.fr\/?page_id=45953"},"modified":"2025-09-16T15:12:27","modified_gmt":"2025-09-16T13:12:27","slug":"soporte-de-maletas","status":"publish","type":"page","link":"https:\/\/www.jvd.fr\/es\/soporte-de-maletas\/","title":{"rendered":"Soporte de maletas"},"content":{"rendered":"\n<div class=\"wp-block-group is-layout-flow wp-block-group-is-layout-flow\" style=\"margin-top:0;margin-bottom:var(--wp--preset--spacing--100);padding-bottom:0\">\n<h2 class=\"wp-block-heading\">Soportes de maletas JVD discretos y con dise\u00f1o<\/h2>\n\n\n\n<div class=\"wp-block-columns is-layout-flex wp-container-core-columns-is-layout-ee3ac793 wp-block-columns-is-layout-flex\" style=\"margin-bottom:var(--wp--preset--spacing--50);padding-top:0;padding-bottom:0\">\n<div class=\"wp-block-column is-layout-flow wp-block-column-is-layout-flow\">\n<p>En la hosteler\u00eda, el minibar es un servicio valorado que debe combinar discreci\u00f3n, fiabilidad y eficiencia energ\u00e9tica. Con un dise\u00f1o compacto y estilizado, debe integrarse perfectamente en la decoraci\u00f3n de las habitaciones.<\/p>\n<\/div>\n\n\n\n<div class=\"wp-block-column is-layout-flow wp-block-column-is-layout-flow\">\n<p style=\"padding-top:0;padding-bottom:0\">Pr\u00e1cticos y elegantes, las soportes de maletas JVD ofrecen a sus clientes una forma c\u00f3moda y organizada de guardar sus pertenencias durante su estancia. Fabricados con materiales de alta calidad, son tanto resistentes como est\u00e9ticamente agradables.<\/p>\n<\/div>\n<\/div>\n\n\n\n<div class=\"wp-block-buttons is-content-justification-center is-layout-flex wp-container-core-buttons-is-layout-a89b3969 wp-block-buttons-is-layout-flex\">\n<div class=\"wp-block-button is-style-secondary-button\"><a class=\"wp-block-button__link wp-element-button\" href=\"https:\/\/www.jvd.fr\/es\/categorie\/portaequipajes\/\">Ver todos los productos<\/a><\/div>\n<\/div>\n<\/div>\n\n\n\n<div class=\"wp-block-group is-layout-flow wp-block-group-is-layout-flow\" style=\"margin-bottom:var(--wp--preset--spacing--100);padding-bottom:0\">\n<h2 class=\"wp-block-heading has-text-align-center\">\u00bfQu\u00e9 portaequipajes para su habitaci\u00f3n de hotel?<\/h2>\n\n\n\n<div id=\"wp-block-jvd-cards-block_b11615781604a4d2112de0cc048dbc14\" style=\"margin-bottom:var(--wp--preset--spacing--50);\" class=\"wp-block-jvd-cards align wp-block-acf-cards\">\n\t    <div class=\"swiper jvd-carousel js_cards\" data-display=\"carrousel\">\n        <div class=\"swiper__nav\">\n            <div class=\"swiper__nav__prev js_cards_prev\">\n                <svg width=\"13\" height=\"20\" aria-hidden=\"true\" role=\"presentation\"><use xlink:href=\"#slide-prev\"\/><\/svg>\n            <\/div>\n            <div class=\"swiper__nav__next js_cards_next\">\n                <svg width=\"13\" height=\"20\" aria-hidden=\"true\" role=\"presentation\"><use xlink:href=\"#slide-next\"\/><\/svg>\n            <\/div>\n        <\/div>\n        <div class=\"swiper-wrapper\">\n                        <div class=\"swiper-slide\">\n                <div class=\"jvd-card\" data-link=\"1\" data-img-ratio=\"portrait\" data-text-pos=\"hover\">\n                                        <figure class=\"jvd-card__img\">\n                                                    <img decoding=\"async\" src=\"https:\/\/www.jvd.fr\/wp-content\/uploads\/2025\/08\/rack-bagage-bois-berengere-600x698.jpg\" width=\"600\" height=\"698\" alt=\"Rack Bagage Bois B\u00e9reng\u00e8re JVD\" loading=\"lazy\" \/>\n                                            <\/figure>\n                    <div class=\"jvd-card__content\">\n                                                <h3 class=\"jvd-card__title\">\n                                                        <a href=\"https:\/\/www.jvd.fr\/es\/produit\/portaequipajes-berengere\/\">\n                                                        Soporte de maletas sostenible B\u00e9reng\u00e8re                                                        <\/a>\n                                                    <\/h3>\n                                                <p class=\"jvd-card__text\">De madera de haya y correas de lino<\/p>\n                    <\/div>\n                <\/div>\n            <\/div>\n                        <div class=\"swiper-slide\">\n                <div class=\"jvd-card\" data-link=\"1\" data-img-ratio=\"portrait\" data-text-pos=\"hover\">\n                                        <figure class=\"jvd-card__img\">\n                                                    <img decoding=\"async\" src=\"https:\/\/www.jvd.fr\/wp-content\/uploads\/2025\/08\/rack-bagage-bois-fonce-600x800.jpg\" width=\"600\" height=\"800\" alt=\"porte-valise en bois fonc\u00e9 dans une chambre d&#039;h\u00f4tel\" loading=\"lazy\" \/>\n                                            <\/figure>\n                    <div class=\"jvd-card__content\">\n                                                <h3 class=\"jvd-card__title\">\n                                                        <a href=\"https:\/\/www.jvd.fr\/es\/categorie\/portaequipajes-de-madera\/\">\n                                                        Soporte de maletas de madera                                                        <\/a>\n                                                    <\/h3>\n                                                <p class=\"jvd-card__text\">Disponibles con acabado en madera oscura<\/p>\n                    <\/div>\n                <\/div>\n            <\/div>\n                        <div class=\"swiper-slide\">\n                <div class=\"jvd-card\" data-link=\"1\" data-img-ratio=\"portrait\" data-text-pos=\"hover\">\n                                        <figure class=\"jvd-card__img\">\n                                                    <img decoding=\"async\" src=\"https:\/\/www.jvd.fr\/wp-content\/uploads\/2025\/08\/rack-bagage-metal-600x800.jpg\" width=\"600\" height=\"800\" alt=\"porte-bagages en m\u00e9tal noir dans une chambre d&#039;h\u00f4tel\" loading=\"lazy\" \/>\n                                            <\/figure>\n                    <div class=\"jvd-card__content\">\n                                                <h3 class=\"jvd-card__title\">\n                                                        <a href=\"https:\/\/www.jvd.fr\/es\/categorie\/soporte-de-maletas\/\">\n                                                        Soporte met\u00e1lico para maletas                                                        <\/a>\n                                                    <\/h3>\n                                                <p class=\"jvd-card__text\">Atemporal y adaptable a cualquier espacio<\/p>\n                    <\/div>\n                <\/div>\n            <\/div>\n                    <\/div>\n    <\/div>\n    <\/div>\n<\/div>\n\n\n\n<div class=\"wp-block-columns is-layout-flex wp-container-core-columns-is-layout-af3aebae wp-block-columns-is-layout-flex\" style=\"margin-top:0;margin-bottom:var(--wp--preset--spacing--100)\">\n<div class=\"wp-block-column is-vertically-aligned-center is-layout-flow wp-block-column-is-layout-flow\" style=\"border-style:none;border-width:0px\">\n<figure class=\"wp-block-image aligncenter size-full is-resized\" style=\"margin-bottom:var(--wp--preset--spacing--50);margin-left:0\"><img loading=\"lazy\" decoding=\"async\" width=\"1767\" height=\"175\" src=\"https:\/\/www.jvd.fr\/wp-content\/uploads\/2025\/07\/logo-francais-jvd.jpg\" alt=\"\" class=\"wp-image-42980\" style=\"width:250px\" srcset=\"https:\/\/www.jvd.fr\/wp-content\/uploads\/2025\/07\/logo-francais-jvd.jpg 1767w, https:\/\/www.jvd.fr\/wp-content\/uploads\/2025\/07\/logo-francais-jvd-600x59.jpg 600w, https:\/\/www.jvd.fr\/wp-content\/uploads\/2025\/07\/logo-francais-jvd-120x12.jpg 120w\" sizes=\"auto, (max-width: 1767px) 100vw, 1767px\" \/><\/figure>\n\n\n\n<h2 class=\"wp-block-heading\"><strong>Enfoque en el soporte de maletas eco-responsable B\u00e9reng\u00e8re<\/strong><\/h2>\n\n\n\n<p>Dise\u00f1ado para acomodar las pertenencias de sus hu\u00e9spedes, el soporte de maletas B\u00e9reng\u00e8re encarna el saber hacer local y el compromiso de JVD.<\/p>\n\n\n\n<p>Fabricado en Francia, se basa en una estructura de madera de haya natural, proveniente de bosques gestionados de forma sostenible en Breta\u00f1a, Normand\u00eda y el Centro-Valle del Loira. Sus correas de lino, cultivado y tejido localmente, subrayan un enfoque eco-responsable sin comprometer la calidad.<\/p>\n\n\n\n<p>Pensado para la hosteler\u00eda, B\u00e9reng\u00e8re no toca la pared, preservando as\u00ed la integridad de los espacios. Pero m\u00e1s all\u00e1 del objeto, es tambi\u00e9n un compromiso humano: su fabricaci\u00f3n est\u00e1 garantizada por un ESAT, contribuyendo a la inserci\u00f3n laboral de personas con discapacidad.<\/p>\n<\/div>\n\n\n\n<div class=\"wp-block-column is-layout-flow wp-block-column-is-layout-flow\">\n<figure class=\"wp-block-image size-portrait has-custom-border is-style-rounded\"><img loading=\"lazy\" decoding=\"async\" width=\"600\" height=\"800\" src=\"https:\/\/www.jvd.fr\/wp-content\/uploads\/2025\/08\/packshot-porte-bagages-berengere-jvd-1-600x800.jpg\" alt=\"Packshot Porte Bagages B\u00e9reng\u00e8re Jvd\" class=\"wp-image-45938\" style=\"border-radius:20px\"\/><\/figure>\n<\/div>\n<\/div>\n\n\n\n<div class=\"wp-block-group has-lightgrey-background-color has-background is-layout-flow wp-block-group-is-layout-flow\" style=\"border-radius:20px;padding-top:var(--wp--preset--spacing--75);padding-right:var(--wp--preset--spacing--75);padding-bottom:var(--wp--preset--spacing--75);padding-left:var(--wp--preset--spacing--75)\">\n<h2 class=\"wp-block-heading has-text-align-center\">\u00bfEst\u00e1s interesado en <br>nuestros productos?<\/h2>\n\n\n\n<p class=\"has-text-align-center\">Tanto si necesitas informaci\u00f3n t\u00e9cnica como si buscas asesoramiento personalizado, <br>estamos disponibles para una videollamada o una llamada telef\u00f3nica.<\/p>\n\n\n\n<div class=\"wp-block-buttons is-content-justification-center is-layout-flex wp-container-core-buttons-is-layout-a89b3969 wp-block-buttons-is-layout-flex\">\n<div class=\"wp-block-button is-style-fill\"><a class=\"wp-block-button__link wp-element-button\" href=\"https:\/\/share-eu1.hsforms.com\/1E-hSxlDMT6u7yy8xFxdFkgexg1v\"><strong>Cont\u00e1ctanos<\/strong><\/a><\/div>\n<\/div>\n<\/div>\n","protected":false},"excerpt":{"rendered":"<p>Soportes de maletas JVD discretos y con dise\u00f1o En la hosteler\u00eda, el minibar es un servicio valorado que debe combinar discreci\u00f3n, fiabilidad y eficiencia energ\u00e9tica. Con un dise\u00f1o compacto y estilizado, debe integrarse perfectamente en la decoraci\u00f3n de las habitaciones. Pr\u00e1cticos y elegantes, las soportes de maletas JVD ofrecen a sus clientes una forma c\u00f3moda [&hellip;]<\/p>\n","protected":false},"author":4,"featured_media":45945,"parent":0,"menu_order":0,"comment_status":"closed","ping_status":"closed","template":"","meta":{"_acf_changed":false,"content-type":"","_searchwp_excluded":"","inline_featured_image":false,"footnotes":""},"class_list":["post-45953","page","type-page","status-publish","has-post-thumbnail","hentry"],"acf":[],"yoast_head":"<!-- This site is optimized with the Yoast SEO plugin v27.1.1 - https:\/\/yoast.com\/product\/yoast-seo-wordpress\/ -->\n<title>Soporte de maletas - JVD<\/title>\n<meta name=\"description\" content=\"Pr\u00e1cticos y elegantes, las soportes de maletas JVD ofrecen a sus clientes una forma c\u00f3moda y organizada de guardar sus pertenencias durante su estancia.\" \/>\n<meta name=\"robots\" content=\"index, follow, max-snippet:-1, max-image-preview:large, max-video-preview:-1\" \/>\n<link rel=\"canonical\" href=\"https:\/\/www.jvd.fr\/es\/soporte-de-maletas\/\" \/>\n<meta property=\"og:locale\" content=\"es_ES\" \/>\n<meta property=\"og:type\" content=\"article\" \/>\n<meta property=\"og:title\" content=\"Soporte de maletas - JVD\" \/>\n<meta property=\"og:description\" content=\"Pr\u00e1cticos y elegantes, las soportes de maletas JVD ofrecen a sus clientes una forma c\u00f3moda y organizada de guardar sus pertenencias durante su estancia.\" \/>\n<meta property=\"og:url\" content=\"https:\/\/www.jvd.fr\/es\/soporte-de-maletas\/\" \/>\n<meta property=\"og:site_name\" content=\"JVD\" \/>\n<meta property=\"article:modified_time\" content=\"2025-09-16T13:12:27+00:00\" \/>\n<meta property=\"og:image\" content=\"https:\/\/www.jvd.fr\/wp-content\/uploads\/2025\/08\/porte-bagage-jvd.png\" \/>\n\t<meta property=\"og:image:width\" content=\"1920\" \/>\n\t<meta property=\"og:image:height\" content=\"820\" \/>\n\t<meta property=\"og:image:type\" content=\"image\/png\" \/>\n<script type=\"application\/ld+json\" class=\"yoast-schema-graph\">{\"@context\":\"https:\/\/schema.org\",\"@graph\":[{\"@type\":\"WebPage\",\"@id\":\"https:\/\/www.jvd.fr\/es\/soporte-de-maletas\/\",\"url\":\"https:\/\/www.jvd.fr\/es\/soporte-de-maletas\/\",\"name\":\"Soporte de maletas - JVD\",\"isPartOf\":{\"@id\":\"https:\/\/www.jvd.fr\/es\/#website\"},\"primaryImageOfPage\":{\"@id\":\"https:\/\/www.jvd.fr\/es\/soporte-de-maletas\/#primaryimage\"},\"image\":{\"@id\":\"https:\/\/www.jvd.fr\/es\/soporte-de-maletas\/#primaryimage\"},\"thumbnailUrl\":\"https:\/\/www.jvd.fr\/wp-content\/uploads\/2025\/08\/porte-bagage-jvd.png\",\"datePublished\":\"2025-08-01T12:38:25+00:00\",\"dateModified\":\"2025-09-16T13:12:27+00:00\",\"description\":\"Pr\u00e1cticos y elegantes, las soportes de maletas JVD ofrecen a sus clientes una forma c\u00f3moda y organizada de guardar sus pertenencias durante su estancia.\",\"breadcrumb\":{\"@id\":\"https:\/\/www.jvd.fr\/es\/soporte-de-maletas\/#breadcrumb\"},\"inLanguage\":\"es\",\"potentialAction\":[{\"@type\":\"ReadAction\",\"target\":[\"https:\/\/www.jvd.fr\/es\/soporte-de-maletas\/\"]}]},{\"@type\":\"ImageObject\",\"inLanguage\":\"es\",\"@id\":\"https:\/\/www.jvd.fr\/es\/soporte-de-maletas\/#primaryimage\",\"url\":\"https:\/\/www.jvd.fr\/wp-content\/uploads\/2025\/08\/porte-bagage-jvd.png\",\"contentUrl\":\"https:\/\/www.jvd.fr\/wp-content\/uploads\/2025\/08\/porte-bagage-jvd.png\",\"width\":1920,\"height\":820},{\"@type\":\"BreadcrumbList\",\"@id\":\"https:\/\/www.jvd.fr\/es\/soporte-de-maletas\/#breadcrumb\",\"itemListElement\":[{\"@type\":\"ListItem\",\"position\":1,\"name\":\"Accueil\",\"item\":\"https:\/\/www.jvd.fr\/es\/\"},{\"@type\":\"ListItem\",\"position\":2,\"name\":\"Soporte de maletas\"}]},{\"@type\":\"WebSite\",\"@id\":\"https:\/\/www.jvd.fr\/es\/#website\",\"url\":\"https:\/\/www.jvd.fr\/es\/\",\"name\":\"JVD\",\"description\":\"Products that care\",\"potentialAction\":[{\"@type\":\"SearchAction\",\"target\":{\"@type\":\"EntryPoint\",\"urlTemplate\":\"https:\/\/www.jvd.fr\/es\/?s={search_term_string}\"},\"query-input\":{\"@type\":\"PropertyValueSpecification\",\"valueRequired\":true,\"valueName\":\"search_term_string\"}}],\"inLanguage\":\"es\"}]}<\/script>\n<!-- \/ Yoast SEO plugin. -->","yoast_head_json":{"title":"Soporte de maletas - JVD","description":"Pr\u00e1cticos y elegantes, las soportes de maletas JVD ofrecen a sus clientes una forma c\u00f3moda y organizada de guardar sus pertenencias durante su estancia.","robots":{"index":"index","follow":"follow","max-snippet":"max-snippet:-1","max-image-preview":"max-image-preview:large","max-video-preview":"max-video-preview:-1"},"canonical":"https:\/\/www.jvd.fr\/es\/soporte-de-maletas\/","og_locale":"es_ES","og_type":"article","og_title":"Soporte de maletas - JVD","og_description":"Pr\u00e1cticos y elegantes, las soportes de maletas JVD ofrecen a sus clientes una forma c\u00f3moda y organizada de guardar sus pertenencias durante su estancia.","og_url":"https:\/\/www.jvd.fr\/es\/soporte-de-maletas\/","og_site_name":"JVD","article_modified_time":"2025-09-16T13:12:27+00:00","og_image":[{"width":1920,"height":820,"url":"https:\/\/www.jvd.fr\/wp-content\/uploads\/2025\/08\/porte-bagage-jvd.png","type":"image\/png"}],"schema":{"@context":"https:\/\/schema.org","@graph":[{"@type":"WebPage","@id":"https:\/\/www.jvd.fr\/es\/soporte-de-maletas\/","url":"https:\/\/www.jvd.fr\/es\/soporte-de-maletas\/","name":"Soporte de maletas - JVD","isPartOf":{"@id":"https:\/\/www.jvd.fr\/es\/#website"},"primaryImageOfPage":{"@id":"https:\/\/www.jvd.fr\/es\/soporte-de-maletas\/#primaryimage"},"image":{"@id":"https:\/\/www.jvd.fr\/es\/soporte-de-maletas\/#primaryimage"},"thumbnailUrl":"https:\/\/www.jvd.fr\/wp-content\/uploads\/2025\/08\/porte-bagage-jvd.png","datePublished":"2025-08-01T12:38:25+00:00","dateModified":"2025-09-16T13:12:27+00:00","description":"Pr\u00e1cticos y elegantes, las soportes de maletas JVD ofrecen a sus clientes una forma c\u00f3moda y organizada de guardar sus pertenencias durante su estancia.","breadcrumb":{"@id":"https:\/\/www.jvd.fr\/es\/soporte-de-maletas\/#breadcrumb"},"inLanguage":"es","potentialAction":[{"@type":"ReadAction","target":["https:\/\/www.jvd.fr\/es\/soporte-de-maletas\/"]}]},{"@type":"ImageObject","inLanguage":"es","@id":"https:\/\/www.jvd.fr\/es\/soporte-de-maletas\/#primaryimage","url":"https:\/\/www.jvd.fr\/wp-content\/uploads\/2025\/08\/porte-bagage-jvd.png","contentUrl":"https:\/\/www.jvd.fr\/wp-content\/uploads\/2025\/08\/porte-bagage-jvd.png","width":1920,"height":820},{"@type":"BreadcrumbList","@id":"https:\/\/www.jvd.fr\/es\/soporte-de-maletas\/#breadcrumb","itemListElement":[{"@type":"ListItem","position":1,"name":"Accueil","item":"https:\/\/www.jvd.fr\/es\/"},{"@type":"ListItem","position":2,"name":"Soporte de maletas"}]},{"@type":"WebSite","@id":"https:\/\/www.jvd.fr\/es\/#website","url":"https:\/\/www.jvd.fr\/es\/","name":"JVD","description":"Products that care","potentialAction":[{"@type":"SearchAction","target":{"@type":"EntryPoint","urlTemplate":"https:\/\/www.jvd.fr\/es\/?s={search_term_string}"},"query-input":{"@type":"PropertyValueSpecification","valueRequired":true,"valueName":"search_term_string"}}],"inLanguage":"es"}]}},"_links":{"self":[{"href":"https:\/\/www.jvd.fr\/es\/wp-json\/wp\/v2\/pages\/45953","targetHints":{"allow":["GET"]}}],"collection":[{"href":"https:\/\/www.jvd.fr\/es\/wp-json\/wp\/v2\/pages"}],"about":[{"href":"https:\/\/www.jvd.fr\/es\/wp-json\/wp\/v2\/types\/page"}],"author":[{"embeddable":true,"href":"https:\/\/www.jvd.fr\/es\/wp-json\/wp\/v2\/users\/4"}],"replies":[{"embeddable":true,"href":"https:\/\/www.jvd.fr\/es\/wp-json\/wp\/v2\/comments?post=45953"}],"version-history":[{"count":3,"href":"https:\/\/www.jvd.fr\/es\/wp-json\/wp\/v2\/pages\/45953\/revisions"}],"predecessor-version":[{"id":59908,"href":"https:\/\/www.jvd.fr\/es\/wp-json\/wp\/v2\/pages\/45953\/revisions\/59908"}],"wp:featuredmedia":[{"embeddable":true,"href":"https:\/\/www.jvd.fr\/es\/wp-json\/wp\/v2\/media\/45945"}],"wp:attachment":[{"href":"https:\/\/www.jvd.fr\/es\/wp-json\/wp\/v2\/media?parent=45953"}],"curies":[{"name":"wp","href":"https:\/\/api.w.org\/{rel}","templated":true}]}}