{"id":41612,"date":"2025-07-15T12:23:50","date_gmt":"2025-07-15T10:23:50","guid":{"rendered":"https:\/\/jvdwoo2025.dnstemporaire.fr\/?page_id=41612"},"modified":"2025-09-16T17:28:35","modified_gmt":"2025-09-16T15:28:35","slug":"dispensadores-jabon-espacios-publicos","status":"publish","type":"page","link":"https:\/\/www.jvd.fr\/es\/dispensadores-jabon-espacios-publicos\/","title":{"rendered":"Dispensadores de jab\u00f3n"},"content":{"rendered":"\n<figure class=\"wp-block-image aligncenter size-full is-resized\" style=\"margin-bottom:var(--wp--preset--spacing--50);margin-left:0\"><img loading=\"lazy\" decoding=\"async\" width=\"1767\" height=\"175\" src=\"https:\/\/www.jvd.fr\/wp-content\/uploads\/2025\/07\/logo-francais-jvd.jpg\" alt=\"\" class=\"wp-image-42980\" style=\"width:250px\" srcset=\"https:\/\/www.jvd.fr\/wp-content\/uploads\/2025\/07\/logo-francais-jvd.jpg 1767w, https:\/\/www.jvd.fr\/wp-content\/uploads\/2025\/07\/logo-francais-jvd-600x59.jpg 600w, https:\/\/www.jvd.fr\/wp-content\/uploads\/2025\/07\/logo-francais-jvd-120x12.jpg 120w\" sizes=\"auto, (max-width: 1767px) 100vw, 1767px\" \/><\/figure>\n\n\n\n<div class=\"wp-block-group is-layout-flow wp-block-group-is-layout-flow\" style=\"margin-top:0;margin-bottom:var(--wp--preset--spacing--100);padding-bottom:0\">\n<h2 class=\"wp-block-heading\">Una elecci\u00f3n responsable con pl\u00e1stico reciclado hasta en un 100%<\/h2>\n\n\n\n<div class=\"wp-block-columns is-layout-flex wp-container-core-columns-is-layout-ee3ac793 wp-block-columns-is-layout-flex\" style=\"margin-bottom:var(--wp--preset--spacing--50);padding-top:0;padding-bottom:0\">\n<div class=\"wp-block-column is-layout-flow wp-block-column-is-layout-flow\">\n<p>Los <strong>dispensadores de jab\u00f3n para espacios p\u00fablicos<\/strong> deben ser fiables, duraderos y f\u00e1ciles de mantener, incluso con un uso intensivo. Compatibles con diferentes tipos de jab\u00f3n \u2014l\u00edquido, espuma o gel\u2014, tambi\u00e9n deben integrarse con armon\u00eda en los espacios sanitarios y reforzar la imagen del establecimiento.<\/p>\n<\/div>\n\n\n\n<div class=\"wp-block-column is-layout-flow wp-block-column-is-layout-flow\">\n<p style=\"padding-top:0;padding-bottom:0\">En JVD damos respuesta a estas expectativas con dispensadores de jab\u00f3n de dise\u00f1o cuidado, robustos y f\u00e1ciles de usar. Fabricados en nuestra planta de Nantes con pl\u00e1stico reciclado hasta en un 100\u202f%, combinan durabilidad, est\u00e9tica y facilidad de mantenimiento, convirti\u00e9ndose en una soluci\u00f3n de referencia para entornos exigentes. <\/p>\n<\/div>\n<\/div>\n\n\n\n<div class=\"wp-block-buttons is-content-justification-center is-layout-flex wp-container-core-buttons-is-layout-a89b3969 wp-block-buttons-is-layout-flex\">\n<div class=\"wp-block-button is-style-secondary-button\"><a class=\"wp-block-button__link wp-element-button\" href=\"https:\/\/www.jvd.fr\/es\/categorie\/dispensadores-de-jabon\/\">Ver todos los productos<\/a><\/div>\n<\/div>\n<\/div>\n\n\n\n<div class=\"wp-block-group is-layout-flow wp-block-group-is-layout-flow\" style=\"margin-bottom:var(--wp--preset--spacing--100);padding-bottom:0\">\n<h2 class=\"wp-block-heading has-text-align-center\"><strong>Dispensadores de jab\u00f3n para espacios p\u00fablicos adaptados a todas las necesidades<\/strong><\/h2>\n\n\n\n<div id=\"wp-block-jvd-cards-block_fc03ca40d7cbdbb2de36eed3102d8d91\" style=\"margin-bottom:var(--wp--preset--spacing--50);\" class=\"wp-block-jvd-cards align wp-block-acf-cards\">\n\t    <div class=\"swiper jvd-carousel js_cards\" data-display=\"carrousel\">\n        <div class=\"swiper__nav\">\n            <div class=\"swiper__nav__prev js_cards_prev\">\n                <svg width=\"13\" height=\"20\" aria-hidden=\"true\" role=\"presentation\"><use xlink:href=\"#slide-prev\"\/><\/svg>\n            <\/div>\n            <div class=\"swiper__nav__next js_cards_next\">\n                <svg width=\"13\" height=\"20\" aria-hidden=\"true\" role=\"presentation\"><use xlink:href=\"#slide-next\"\/><\/svg>\n            <\/div>\n        <\/div>\n        <div class=\"swiper-wrapper\">\n                        <div class=\"swiper-slide\">\n                <div class=\"jvd-card\" data-link=\"1\" data-img-ratio=\"portrait\" data-text-pos=\"under\">\n                                        <figure class=\"jvd-card__img\">\n                                                    <img decoding=\"async\" src=\"https:\/\/www.jvd.fr\/wp-content\/uploads\/2025\/06\/categorie-hygiene-distributeurs-de-savon-automatiques-jvd.jpg\" width=\"600\" height=\"400\" alt=\"Cat\u00e9gorie Hygi\u00e8ne Distributeurs De Savon Automatiques JVD\" loading=\"lazy\" \/>\n                                            <\/figure>\n                    <div class=\"jvd-card__content\">\n                                                <h3 class=\"jvd-card__title\">\n                                                        <a href=\"https:\/\/www.jvd.fr\/es\/categorie\/automatico\/\">\n                                                        Dispensadores autom\u00e1ticos                                                        <\/a>\n                                                    <\/h3>\n                                                <p class=\"jvd-card__text\">Dosificaci\u00f3n precisa y uso intuitivo. Al funcionar sin contacto, ofrecen mayor higiene.<\/p>\n                    <\/div>\n                <\/div>\n            <\/div>\n                        <div class=\"swiper-slide\">\n                <div class=\"jvd-card\" data-link=\"1\" data-img-ratio=\"portrait\" data-text-pos=\"under\">\n                                        <figure class=\"jvd-card__img\">\n                                                    <img decoding=\"async\" src=\"https:\/\/www.jvd.fr\/wp-content\/uploads\/2025\/06\/categorie-hygiene-distributeurs-de-savon-manuels-jvd.jpg\" width=\"600\" height=\"400\" alt=\"Cat\u00e9gorie Hygi\u00e8ne Distributeurs De Savon Manuels JVD\" loading=\"lazy\" \/>\n                                            <\/figure>\n                    <div class=\"jvd-card__content\">\n                                                <h3 class=\"jvd-card__title\">\n                                                        <a href=\"https:\/\/www.jvd.fr\/es\/categorie\/manual\/\">\n                                                        Dispensadores manuales                                                        <\/a>\n                                                    <\/h3>\n                                                <p class=\"jvd-card__text\">Dispensadores robustos y f\u00e1ciles de usar.<\/p>\n                    <\/div>\n                <\/div>\n            <\/div>\n                        <div class=\"swiper-slide\">\n                <div class=\"jvd-card\" data-link=\"1\" data-img-ratio=\"portrait\" data-text-pos=\"under\">\n                                        <figure class=\"jvd-card__img\">\n                                                    <img decoding=\"async\" src=\"https:\/\/www.jvd.fr\/wp-content\/uploads\/2025\/06\/categorie-hygiene-distributeurs-de-savon-station-de-gel-jvd.jpg\" width=\"600\" height=\"400\" alt=\"Cat\u00e9gorie Hygi\u00e8ne Distributeurs De Savon Station De Gel JVD\" loading=\"lazy\" \/>\n                                            <\/figure>\n                    <div class=\"jvd-card__content\">\n                                                <h3 class=\"jvd-card__title\">\n                                                        <a href=\"https:\/\/www.jvd.fr\/es\/categorie\/estacion-de-desinfeccion-es\/\">\n                                                        Estaciones de desinfecci\u00f3n                                                        <\/a>\n                                                    <\/h3>\n                                                <p class=\"jvd-card__text\">Estaci\u00f3n de pie con dispensador autom\u00e1tico de gel hidroalcoh\u00f3lico integrado.<\/p>\n                    <\/div>\n                <\/div>\n            <\/div>\n                    <\/div>\n    <\/div>\n    <\/div>\n<\/div>\n\n\n\n<div class=\"wp-block-columns is-layout-flex wp-container-core-columns-is-layout-af3aebae wp-block-columns-is-layout-flex\" style=\"margin-top:0;margin-bottom:var(--wp--preset--spacing--100)\">\n<div class=\"wp-block-column is-layout-flow wp-block-column-is-layout-flow\">\n<figure class=\"wp-block-image size-portrait has-custom-border is-style-rounded\"><img loading=\"lazy\" decoding=\"async\" width=\"600\" height=\"800\" src=\"https:\/\/www.jvd.fr\/wp-content\/uploads\/2025\/07\/plastique-recycle-pour-distributeurs-600x800.jpg\" alt=\"Plastique Recycl\u00e9 Pour Distributeurs JVD\" class=\"wp-image-43017\" style=\"border-radius:20px\" srcset=\"https:\/\/www.jvd.fr\/wp-content\/uploads\/2025\/07\/plastique-recycle-pour-distributeurs-600x800.jpg 600w, https:\/\/www.jvd.fr\/wp-content\/uploads\/2025\/07\/plastique-recycle-pour-distributeurs-450x600.jpg 450w, https:\/\/www.jvd.fr\/wp-content\/uploads\/2025\/07\/plastique-recycle-pour-distributeurs-53x70.jpg 53w, https:\/\/www.jvd.fr\/wp-content\/uploads\/2025\/07\/plastique-recycle-pour-distributeurs.jpg 768w\" sizes=\"auto, (max-width: 600px) 100vw, 600px\" \/><\/figure>\n<\/div>\n\n\n\n<div class=\"wp-block-column is-vertically-aligned-center is-layout-flow wp-block-column-is-layout-flow\" style=\"border-style:none;border-width:0px\">\n<h2 class=\"wp-block-heading\">Pl\u00e1stico 100\u202f% reciclado con la gama Cleanline \u267b<\/h2>\n\n\n\n<p>El equipo de JVD trabaj\u00f3 durante meses para integrar de forma sostenible el uso de pl\u00e1stico reciclado en el dise\u00f1o de nuestros dispensadores de jab\u00f3n. Este pl\u00e1stico, procedente de residuos electr\u00f3nicos y automovil\u00edsticos recogidos en Francia, se selecciona, lava, tritura, extrude y convierte en escamas listas para su reutilizaci\u00f3n.<\/p>\n\n\n\n<p>Fabricada en nuestra planta de Nantes con pl\u00e1stico 100\u202f% reciclado, la gama Cleanline representa una apuesta por el ecodise\u00f1o. Compatible con la mayor\u00eda de los jabones del mercado \u2014l\u00edquido, espuma o gel\u2014, est\u00e1 disponible en blanco, negro y gris metal para adaptarse a cualquier espacio de uso p\u00fablico.<\/p>\n<\/div>\n<\/div>\n\n\n\n<div class=\"wp-block-group has-lightgrey-background-color has-background has-global-padding is-layout-constrained wp-container-core-group-is-layout-57b41455 wp-block-group-is-layout-constrained\" style=\"border-radius:20px;margin-bottom:var(--wp--preset--spacing--100);padding-top:var(--wp--preset--spacing--75);padding-right:var(--wp--preset--spacing--75);padding-bottom:var(--wp--preset--spacing--75);padding-left:var(--wp--preset--spacing--75)\">\n<h2 class=\"wp-block-heading\">La garant\u00eda Ecolabel<\/h2>\n\n\n\n<p>Nuestros dispensadores de jab\u00f3n cuentan con la certificaci\u00f3n Ecolabel, un distintivo ecol\u00f3gico europeo basado en un enfoque global. Este considera todo el ciclo de vida del producto: desde la extracci\u00f3n de las materias primas, la fabricaci\u00f3n, la distribuci\u00f3n y el uso, hasta su reciclaje o eliminaci\u00f3n tras su vida \u00fatil. Tambi\u00e9n se eval\u00faan la calidad y la facilidad de uso.<\/p>\n<\/div>\n\n\n\n<div class=\"wp-block-group has-global-padding is-layout-constrained wp-block-group-is-layout-constrained\" style=\"margin-bottom:var(--wp--preset--spacing--100)\">\n<h2 class=\"wp-block-heading has-text-align-center\">Preguntas frecuentes<\/h2>\n\n\n\n<div id=\"wp-block-jvd-faq-block_506c5b5e441a133ded69335b8c5c123a\" class=\"wp-block-jvd-faq align wp-block-acf-faq\">\n\t<div class=\"jvd-faq\">\n\t\t\t\t<div class=\"jvd-faq__item\" itemscope itemprop=\"mainEntity\" itemtype=\"https:\/\/schema.org\/Question\">\n\t\t\t<div class=\"jvd-faq__question\" itemprop=\"name\">\n\t\t\t\t<span>\u00bfElegir jab\u00f3n en gel o en espuma?<\/span>\n\t\t\t\t<button type=\"button\">\n\t\t\t\t\t<svg width=\"20\" height=\"20\" aria-hidden=\"true\" role=\"presentation\"><use xlink:href=\"#chevron-down\"\/><\/svg>\n\t\t\t\t<\/button>\n\t\t\t<\/div>\n\t\t\t<div class=\"jvd-faq__answer\" itemscope itemprop=\"acceptedAnswer\" itemtype=\"https:\/\/schema.org\/Answer\">\n\t\t\t\t<p>El jab\u00f3n en gel es la forma m\u00e1s com\u00fan en el mercado. No obstante, tambi\u00e9n existe en versi\u00f3n espuma. Con un dispensador adecuado, la espuma permite reducir hasta en 4 veces el consumo de jab\u00f3n y hasta un 50\u202f% el consumo de agua.<\/p>\n\t\t\t<\/div>\n\t\t<\/div>\n\t\t\t\t<div class=\"jvd-faq__item\" itemscope itemprop=\"mainEntity\" itemtype=\"https:\/\/schema.org\/Question\">\n\t\t\t<div class=\"jvd-faq__question\" itemprop=\"name\">\n\t\t\t\t<span>\u00bfElegir jab\u00f3n a granel o en cartucho?<\/span>\n\t\t\t\t<button type=\"button\">\n\t\t\t\t\t<svg width=\"20\" height=\"20\" aria-hidden=\"true\" role=\"presentation\"><use xlink:href=\"#chevron-down\"\/><\/svg>\n\t\t\t\t<\/button>\n\t\t\t<\/div>\n\t\t\t<div class=\"jvd-faq__answer\" itemscope itemprop=\"acceptedAnswer\" itemtype=\"https:\/\/schema.org\/Answer\">\n\t\t\t\t<p>Los dispensadores propietarios con cartucho requieren sustituirlo una vez vac\u00edo. Las soluciones con dep\u00f3sito integrado permiten usar jab\u00f3n a granel (en bidones). Esta opci\u00f3n resulta m\u00e1s econ\u00f3mica y ecol\u00f3gica, ya que reduce el uso de envases.<\/p>\n\t\t\t<\/div>\n\t\t<\/div>\n\t\t\t\t<div class=\"jvd-faq__item\" itemscope itemprop=\"mainEntity\" itemtype=\"https:\/\/schema.org\/Question\">\n\t\t\t<div class=\"jvd-faq__question\" itemprop=\"name\">\n\t\t\t\t<span>\u00bfPara qu\u00e9 sirve la bomba de un dispensador de jab\u00f3n?<\/span>\n\t\t\t\t<button type=\"button\">\n\t\t\t\t\t<svg width=\"20\" height=\"20\" aria-hidden=\"true\" role=\"presentation\"><use xlink:href=\"#chevron-down\"\/><\/svg>\n\t\t\t\t<\/button>\n\t\t\t<\/div>\n\t\t\t<div class=\"jvd-faq__answer\" itemscope itemprop=\"acceptedAnswer\" itemtype=\"https:\/\/schema.org\/Answer\">\n\t\t\t\t<p>En el interior del dispensador, la bomba es la pieza encargada de gestionar la salida del jab\u00f3n. Su rendimiento se mide por dos criterios: su capacidad para limitar el caudal y su durabilidad.<\/p>\n\t\t\t<\/div>\n\t\t<\/div>\n\t\t\t<\/div>\n<\/div>\n<\/div>\n\n\n\n<div class=\"wp-block-group has-lightgrey-background-color has-background is-layout-flow wp-block-group-is-layout-flow\" style=\"border-radius:20px;margin-top:0;margin-bottom:0;padding-top:var(--wp--preset--spacing--75);padding-right:var(--wp--preset--spacing--75);padding-bottom:var(--wp--preset--spacing--75);padding-left:var(--wp--preset--spacing--75)\">\n<h2 class=\"wp-block-heading has-text-align-center\">\u00bfEst\u00e1s interesado en nuestros productos?<\/h2>\n\n\n\n<p class=\"has-text-align-center\">Si necesitas informaci\u00f3n sobre nuestros productos o buscas asesoramiento experto, no dudes en ponerte en contacto con nosotros para una reuni\u00f3n por videollamada o por tel\u00e9fono.<\/p>\n\n\n\n<div class=\"wp-block-buttons is-content-justification-center is-layout-flex wp-container-core-buttons-is-layout-a89b3969 wp-block-buttons-is-layout-flex\">\n<div class=\"wp-block-button\"><a class=\"wp-block-button__link wp-element-button\" href=\"https:\/\/share-eu1.hsforms.com\/1rnFweXuLT96oK6Zk_WS-9Aexg1v\">Contactar con un asesor de JVD<\/a><\/div>\n<\/div>\n<\/div>\n","protected":false},"excerpt":{"rendered":"<p>Una elecci\u00f3n responsable con pl\u00e1stico reciclado hasta en un 100% Los dispensadores de jab\u00f3n para espacios p\u00fablicos deben ser fiables, duraderos y f\u00e1ciles de mantener, incluso con un uso intensivo. Compatibles con diferentes tipos de jab\u00f3n \u2014l\u00edquido, espuma o gel\u2014, tambi\u00e9n deben integrarse con armon\u00eda en los espacios sanitarios y reforzar la imagen del establecimiento. [&hellip;]<\/p>\n","protected":false},"author":9,"featured_media":37113,"parent":0,"menu_order":0,"comment_status":"closed","ping_status":"closed","template":"","meta":{"_acf_changed":false,"content-type":"","_searchwp_excluded":"","inline_featured_image":false,"footnotes":""},"class_list":["post-41612","page","type-page","status-publish","has-post-thumbnail","hentry"],"acf":[],"yoast_head":"<!-- This site is optimized with the Yoast SEO plugin v27.1.1 - https:\/\/yoast.com\/product\/yoast-seo-wordpress\/ -->\n<title>Dispensadores de jab\u00f3n para espacios p\u00fablicos | JVD<\/title>\n<meta name=\"description\" content=\"Dispensadores de jab\u00f3n para espacios p\u00fablicos: dise\u00f1o, resistencia y compatibilidad con todos los jabones. Fabricados en Francia.\" \/>\n<meta name=\"robots\" content=\"index, follow, max-snippet:-1, max-image-preview:large, max-video-preview:-1\" \/>\n<link rel=\"canonical\" href=\"https:\/\/www.jvd.fr\/es\/dispensadores-jabon-espacios-publicos\/\" \/>\n<meta property=\"og:locale\" content=\"es_ES\" \/>\n<meta property=\"og:type\" content=\"article\" \/>\n<meta property=\"og:title\" content=\"Dispensadores de jab\u00f3n para espacios p\u00fablicos | JVD\" \/>\n<meta property=\"og:description\" content=\"Dispensadores de jab\u00f3n para espacios p\u00fablicos: dise\u00f1o, resistencia y compatibilidad con todos los jabones. Fabricados en Francia.\" \/>\n<meta property=\"og:url\" content=\"https:\/\/www.jvd.fr\/es\/dispensadores-jabon-espacios-publicos\/\" \/>\n<meta property=\"og:site_name\" content=\"JVD\" \/>\n<meta property=\"article:modified_time\" content=\"2025-09-16T15:28:35+00:00\" \/>\n<meta property=\"og:image\" content=\"https:\/\/www.jvd.fr\/wp-content\/uploads\/2025\/07\/distributeur-savon-accueil-jvd.jpg\" \/>\n\t<meta property=\"og:image:width\" content=\"1920\" \/>\n\t<meta property=\"og:image:height\" content=\"820\" \/>\n\t<meta property=\"og:image:type\" content=\"image\/jpeg\" \/>\n<script type=\"application\/ld+json\" class=\"yoast-schema-graph\">{\"@context\":\"https:\/\/schema.org\",\"@graph\":[{\"@type\":\"WebPage\",\"@id\":\"https:\/\/www.jvd.fr\/es\/dispensadores-jabon-espacios-publicos\/\",\"url\":\"https:\/\/www.jvd.fr\/es\/dispensadores-jabon-espacios-publicos\/\",\"name\":\"Dispensadores de jab\u00f3n para espacios p\u00fablicos | JVD\",\"isPartOf\":{\"@id\":\"https:\/\/www.jvd.fr\/es\/#website\"},\"primaryImageOfPage\":{\"@id\":\"https:\/\/www.jvd.fr\/es\/dispensadores-jabon-espacios-publicos\/#primaryimage\"},\"image\":{\"@id\":\"https:\/\/www.jvd.fr\/es\/dispensadores-jabon-espacios-publicos\/#primaryimage\"},\"thumbnailUrl\":\"https:\/\/www.jvd.fr\/wp-content\/uploads\/2025\/07\/distributeur-savon-accueil-jvd.jpg\",\"datePublished\":\"2025-07-15T10:23:50+00:00\",\"dateModified\":\"2025-09-16T15:28:35+00:00\",\"description\":\"Dispensadores de jab\u00f3n para espacios p\u00fablicos: dise\u00f1o, resistencia y compatibilidad con todos los jabones. Fabricados en Francia.\",\"breadcrumb\":{\"@id\":\"https:\/\/www.jvd.fr\/es\/dispensadores-jabon-espacios-publicos\/#breadcrumb\"},\"inLanguage\":\"es\",\"potentialAction\":[{\"@type\":\"ReadAction\",\"target\":[\"https:\/\/www.jvd.fr\/es\/dispensadores-jabon-espacios-publicos\/\"]}]},{\"@type\":\"ImageObject\",\"inLanguage\":\"es\",\"@id\":\"https:\/\/www.jvd.fr\/es\/dispensadores-jabon-espacios-publicos\/#primaryimage\",\"url\":\"https:\/\/www.jvd.fr\/wp-content\/uploads\/2025\/07\/distributeur-savon-accueil-jvd.jpg\",\"contentUrl\":\"https:\/\/www.jvd.fr\/wp-content\/uploads\/2025\/07\/distributeur-savon-accueil-jvd.jpg\",\"width\":1920,\"height\":820,\"caption\":\"Distributeur Savon Accueil JVD\"},{\"@type\":\"BreadcrumbList\",\"@id\":\"https:\/\/www.jvd.fr\/es\/dispensadores-jabon-espacios-publicos\/#breadcrumb\",\"itemListElement\":[{\"@type\":\"ListItem\",\"position\":1,\"name\":\"Accueil\",\"item\":\"https:\/\/www.jvd.fr\/es\/\"},{\"@type\":\"ListItem\",\"position\":2,\"name\":\"Dispensadores de jab\u00f3n\"}]},{\"@type\":\"WebSite\",\"@id\":\"https:\/\/www.jvd.fr\/es\/#website\",\"url\":\"https:\/\/www.jvd.fr\/es\/\",\"name\":\"JVD\",\"description\":\"Products that care\",\"potentialAction\":[{\"@type\":\"SearchAction\",\"target\":{\"@type\":\"EntryPoint\",\"urlTemplate\":\"https:\/\/www.jvd.fr\/es\/?s={search_term_string}\"},\"query-input\":{\"@type\":\"PropertyValueSpecification\",\"valueRequired\":true,\"valueName\":\"search_term_string\"}}],\"inLanguage\":\"es\"}]}<\/script>\n<!-- \/ Yoast SEO plugin. -->","yoast_head_json":{"title":"Dispensadores de jab\u00f3n para espacios p\u00fablicos | JVD","description":"Dispensadores de jab\u00f3n para espacios p\u00fablicos: dise\u00f1o, resistencia y compatibilidad con todos los jabones. Fabricados en Francia.","robots":{"index":"index","follow":"follow","max-snippet":"max-snippet:-1","max-image-preview":"max-image-preview:large","max-video-preview":"max-video-preview:-1"},"canonical":"https:\/\/www.jvd.fr\/es\/dispensadores-jabon-espacios-publicos\/","og_locale":"es_ES","og_type":"article","og_title":"Dispensadores de jab\u00f3n para espacios p\u00fablicos | JVD","og_description":"Dispensadores de jab\u00f3n para espacios p\u00fablicos: dise\u00f1o, resistencia y compatibilidad con todos los jabones. Fabricados en Francia.","og_url":"https:\/\/www.jvd.fr\/es\/dispensadores-jabon-espacios-publicos\/","og_site_name":"JVD","article_modified_time":"2025-09-16T15:28:35+00:00","og_image":[{"width":1920,"height":820,"url":"https:\/\/www.jvd.fr\/wp-content\/uploads\/2025\/07\/distributeur-savon-accueil-jvd.jpg","type":"image\/jpeg"}],"schema":{"@context":"https:\/\/schema.org","@graph":[{"@type":"WebPage","@id":"https:\/\/www.jvd.fr\/es\/dispensadores-jabon-espacios-publicos\/","url":"https:\/\/www.jvd.fr\/es\/dispensadores-jabon-espacios-publicos\/","name":"Dispensadores de jab\u00f3n para espacios p\u00fablicos | JVD","isPartOf":{"@id":"https:\/\/www.jvd.fr\/es\/#website"},"primaryImageOfPage":{"@id":"https:\/\/www.jvd.fr\/es\/dispensadores-jabon-espacios-publicos\/#primaryimage"},"image":{"@id":"https:\/\/www.jvd.fr\/es\/dispensadores-jabon-espacios-publicos\/#primaryimage"},"thumbnailUrl":"https:\/\/www.jvd.fr\/wp-content\/uploads\/2025\/07\/distributeur-savon-accueil-jvd.jpg","datePublished":"2025-07-15T10:23:50+00:00","dateModified":"2025-09-16T15:28:35+00:00","description":"Dispensadores de jab\u00f3n para espacios p\u00fablicos: dise\u00f1o, resistencia y compatibilidad con todos los jabones. Fabricados en Francia.","breadcrumb":{"@id":"https:\/\/www.jvd.fr\/es\/dispensadores-jabon-espacios-publicos\/#breadcrumb"},"inLanguage":"es","potentialAction":[{"@type":"ReadAction","target":["https:\/\/www.jvd.fr\/es\/dispensadores-jabon-espacios-publicos\/"]}]},{"@type":"ImageObject","inLanguage":"es","@id":"https:\/\/www.jvd.fr\/es\/dispensadores-jabon-espacios-publicos\/#primaryimage","url":"https:\/\/www.jvd.fr\/wp-content\/uploads\/2025\/07\/distributeur-savon-accueil-jvd.jpg","contentUrl":"https:\/\/www.jvd.fr\/wp-content\/uploads\/2025\/07\/distributeur-savon-accueil-jvd.jpg","width":1920,"height":820,"caption":"Distributeur Savon Accueil JVD"},{"@type":"BreadcrumbList","@id":"https:\/\/www.jvd.fr\/es\/dispensadores-jabon-espacios-publicos\/#breadcrumb","itemListElement":[{"@type":"ListItem","position":1,"name":"Accueil","item":"https:\/\/www.jvd.fr\/es\/"},{"@type":"ListItem","position":2,"name":"Dispensadores de jab\u00f3n"}]},{"@type":"WebSite","@id":"https:\/\/www.jvd.fr\/es\/#website","url":"https:\/\/www.jvd.fr\/es\/","name":"JVD","description":"Products that care","potentialAction":[{"@type":"SearchAction","target":{"@type":"EntryPoint","urlTemplate":"https:\/\/www.jvd.fr\/es\/?s={search_term_string}"},"query-input":{"@type":"PropertyValueSpecification","valueRequired":true,"valueName":"search_term_string"}}],"inLanguage":"es"}]}},"_links":{"self":[{"href":"https:\/\/www.jvd.fr\/es\/wp-json\/wp\/v2\/pages\/41612","targetHints":{"allow":["GET"]}}],"collection":[{"href":"https:\/\/www.jvd.fr\/es\/wp-json\/wp\/v2\/pages"}],"about":[{"href":"https:\/\/www.jvd.fr\/es\/wp-json\/wp\/v2\/types\/page"}],"author":[{"embeddable":true,"href":"https:\/\/www.jvd.fr\/es\/wp-json\/wp\/v2\/users\/9"}],"replies":[{"embeddable":true,"href":"https:\/\/www.jvd.fr\/es\/wp-json\/wp\/v2\/comments?post=41612"}],"version-history":[{"count":10,"href":"https:\/\/www.jvd.fr\/es\/wp-json\/wp\/v2\/pages\/41612\/revisions"}],"predecessor-version":[{"id":59969,"href":"https:\/\/www.jvd.fr\/es\/wp-json\/wp\/v2\/pages\/41612\/revisions\/59969"}],"wp:featuredmedia":[{"embeddable":true,"href":"https:\/\/www.jvd.fr\/es\/wp-json\/wp\/v2\/media\/37113"}],"wp:attachment":[{"href":"https:\/\/www.jvd.fr\/es\/wp-json\/wp\/v2\/media?parent=41612"}],"curies":[{"name":"wp","href":"https:\/\/api.w.org\/{rel}","templated":true}]}}