{"id":41603,"date":"2025-07-15T10:57:31","date_gmt":"2025-07-15T08:57:31","guid":{"rendered":"https:\/\/jvdwoo2025.dnstemporaire.fr\/?page_id=41603"},"modified":"2025-09-16T17:14:36","modified_gmt":"2025-09-16T15:14:36","slug":"dispensadores-papel-espacios-publicos","status":"publish","type":"page","link":"https:\/\/www.jvd.fr\/es\/dispensadores-papel-espacios-publicos\/","title":{"rendered":"Dispensadores de papel"},"content":{"rendered":"\n<figure class=\"wp-block-image aligncenter size-full is-resized\" style=\"margin-bottom:var(--wp--preset--spacing--50);margin-left:0\"><img loading=\"lazy\" decoding=\"async\" width=\"1767\" height=\"175\" src=\"https:\/\/www.jvd.fr\/wp-content\/uploads\/2025\/07\/logo-francais-jvd.jpg\" alt=\"\" class=\"wp-image-42980\" style=\"width:250px\" srcset=\"https:\/\/www.jvd.fr\/wp-content\/uploads\/2025\/07\/logo-francais-jvd.jpg 1767w, https:\/\/www.jvd.fr\/wp-content\/uploads\/2025\/07\/logo-francais-jvd-600x59.jpg 600w, https:\/\/www.jvd.fr\/wp-content\/uploads\/2025\/07\/logo-francais-jvd-120x12.jpg 120w\" sizes=\"auto, (max-width: 1767px) 100vw, 1767px\" \/><\/figure>\n\n\n\n<div class=\"wp-block-group is-layout-flow wp-block-group-is-layout-flow\" style=\"margin-top:0;margin-bottom:var(--wp--preset--spacing--100);padding-bottom:0\">\n<h2 class=\"wp-block-heading\">Una elecci\u00f3n responsable con pl\u00e1stico reciclado hasta en un 100%<\/h2>\n\n\n\n<div class=\"wp-block-columns is-layout-flex wp-container-core-columns-is-layout-f6ee69ff wp-block-columns-is-layout-flex\" style=\"margin-bottom:var(--wp--preset--spacing--50)\">\n<div class=\"wp-block-column is-layout-flow wp-block-column-is-layout-flow\">\n<p>Los <strong>dispensadores de papel para espacios p\u00fablicos<\/strong> son una soluci\u00f3n esencial para profesionales que buscan equipos fiables, f\u00e1ciles de mantener y adaptados a un uso intensivo. Prefieren equipos econ\u00f3micos, duraderos y est\u00e9ticos, compatibles con diferentes tipos de consumibles, y que adem\u00e1s refuercen la imagen de su establecimiento gracias a las opciones de personalizaci\u00f3n.<\/p>\n<\/div>\n\n\n\n<div class=\"wp-block-column is-layout-flow wp-block-column-is-layout-flow\">\n<p style=\"padding-top:0;padding-bottom:0\">En JVD respondemos a estas necesidades con gamas de dispensadores de dise\u00f1o, ergon\u00f3micos y duraderos. Fabricados en nuestra planta de Nantes a partir de pl\u00e1stico reciclado hasta en un 100\u202f%, nuestros productos combinan est\u00e9tica y funcionalidad. Su facilidad de mantenimiento los convierte en una referencia del mercado. Gracias a su dise\u00f1o y resistencia, nuestros dispensadores de papel para espacios p\u00fablicos se adaptan a todo tipo de necesidades y consumibles.<\/p>\n<\/div>\n<\/div>\n\n\n\n<div class=\"wp-block-buttons is-content-justification-center is-layout-flex wp-container-core-buttons-is-layout-a89b3969 wp-block-buttons-is-layout-flex\">\n<div class=\"wp-block-button is-style-secondary-button\"><a class=\"wp-block-button__link wp-element-button\" href=\"https:\/\/www.jvd.fr\/es\/categorie\/dispensadores-de-papel\/\">Ver todos los productos<\/a><\/div>\n<\/div>\n<\/div>\n\n\n\n<div class=\"wp-block-group is-layout-flow wp-block-group-is-layout-flow\" style=\"margin-bottom:var(--wp--preset--spacing--100);padding-bottom:0\">\n<h2 class=\"wp-block-heading has-text-align-center\">Dispensadores de papel para espacios p\u00fablicos<\/h2>\n\n\n\n<div id=\"wp-block-jvd-cards-block_47a95607c0a3beb0fb20035b1587c049\" style=\"margin-bottom:var(--wp--preset--spacing--50);\" class=\"wp-block-jvd-cards align wp-block-acf-cards\">\n\t    <div class=\"swiper jvd-carousel js_cards\" data-display=\"carrousel\">\n        <div class=\"swiper__nav\">\n            <div class=\"swiper__nav__prev js_cards_prev\">\n                <svg width=\"13\" height=\"20\" aria-hidden=\"true\" role=\"presentation\"><use xlink:href=\"#slide-prev\"\/><\/svg>\n            <\/div>\n            <div class=\"swiper__nav__next js_cards_next\">\n                <svg width=\"13\" height=\"20\" aria-hidden=\"true\" role=\"presentation\"><use xlink:href=\"#slide-next\"\/><\/svg>\n            <\/div>\n        <\/div>\n        <div class=\"swiper-wrapper\">\n                        <div class=\"swiper-slide\">\n                <div class=\"jvd-card\" data-link=\"1\" data-img-ratio=\"portrait\" data-text-pos=\"under\">\n                                        <figure class=\"jvd-card__img\">\n                                                    <img decoding=\"async\" src=\"https:\/\/www.jvd.fr\/wp-content\/uploads\/2025\/07\/distributeur-papier-cleanline-jvd-600x768.jpg\" width=\"600\" height=\"768\" alt=\"Distributeur Papier Cleanline Jvd\" loading=\"lazy\" \/>\n                                            <\/figure>\n                    <div class=\"jvd-card__content\">\n                                                <h3 class=\"jvd-card__title\">\n                                                        <a href=\"https:\/\/www.jvd.fr\/es\/categorie\/gama-cleanline-es\/\">\n                                                        Cleanline                                                        <\/a>\n                                                    <\/h3>\n                                                <p class=\"jvd-card__text\">Gama fabricada en Francia, con pl\u00e1stico 100\u202f% reciclado<\/p>\n                    <\/div>\n                <\/div>\n            <\/div>\n                        <div class=\"swiper-slide\">\n                <div class=\"jvd-card\" data-link=\"1\" data-img-ratio=\"portrait\" data-text-pos=\"under\">\n                                        <figure class=\"jvd-card__img\">\n                                                    <img decoding=\"async\" src=\"https:\/\/www.jvd.fr\/wp-content\/uploads\/2025\/07\/jvd-yaliss-distributeurs-600x750.jpg\" width=\"600\" height=\"750\" alt=\"\" loading=\"lazy\" \/>\n                                            <\/figure>\n                    <div class=\"jvd-card__content\">\n                                                <h3 class=\"jvd-card__title\">\n                                                        <a href=\"https:\/\/www.jvd.fr\/es\/categorie\/gama-yaliss\/\">\n                                                        Yaliss                                                        <\/a>\n                                                    <\/h3>\n                                                <p class=\"jvd-card__text\">Personalizables, compatibles con todos los formatos de papel y muy f\u00e1ciles de mantener<\/p>\n                    <\/div>\n                <\/div>\n            <\/div>\n                        <div class=\"swiper-slide\">\n                <div class=\"jvd-card\" data-link=\"1\" data-img-ratio=\"portrait\" data-text-pos=\"under\">\n                                        <figure class=\"jvd-card__img\">\n                                                    <img decoding=\"async\" src=\"https:\/\/www.jvd.fr\/wp-content\/uploads\/2025\/07\/jvd-distributeur-metal-600x800.jpg\" width=\"600\" height=\"800\" alt=\"JVD Distributeur Metal\" loading=\"lazy\" \/>\n                                            <\/figure>\n                    <div class=\"jvd-card__content\">\n                                                <h3 class=\"jvd-card__title\">\n                                                        <a href=\"https:\/\/www.jvd.fr\/es\/categorie\/gama-inox\/\">\n                                                        Metal                                                        <\/a>\n                                                    <\/h3>\n                                                <p class=\"jvd-card__text\">Resistentes a golpes y al vandalismo<\/p>\n                    <\/div>\n                <\/div>\n            <\/div>\n                    <\/div>\n    <\/div>\n    <\/div>\n<\/div>\n\n\n\n<div class=\"wp-block-columns is-layout-flex wp-container-core-columns-is-layout-af3aebae wp-block-columns-is-layout-flex\" style=\"margin-top:0;margin-bottom:var(--wp--preset--spacing--100)\">\n<div class=\"wp-block-column is-layout-flow wp-block-column-is-layout-flow\">\n<figure class=\"wp-block-image size-square has-custom-border is-style-rounded\"><img loading=\"lazy\" decoding=\"async\" width=\"600\" height=\"600\" src=\"https:\/\/www.jvd.fr\/wp-content\/uploads\/2025\/07\/distributeur-papier-cleanline-jvd-600x600.jpg\" alt=\"Distributeur Papier Cleanline Jvd\" class=\"wp-image-37121\" style=\"border-radius:20px\" srcset=\"https:\/\/www.jvd.fr\/wp-content\/uploads\/2025\/07\/distributeur-papier-cleanline-jvd-600x600.jpg 600w, https:\/\/www.jvd.fr\/wp-content\/uploads\/2025\/07\/distributeur-papier-cleanline-jvd-300x300.jpg 300w, https:\/\/www.jvd.fr\/wp-content\/uploads\/2025\/07\/distributeur-papier-cleanline-jvd-100x100.jpg 100w, https:\/\/www.jvd.fr\/wp-content\/uploads\/2025\/07\/distributeur-papier-cleanline-jvd-150x150.jpg 150w\" sizes=\"auto, (max-width: 600px) 100vw, 600px\" \/><\/figure>\n<\/div>\n\n\n\n<div class=\"wp-block-column is-vertically-aligned-center is-layout-flow wp-block-column-is-layout-flow\" style=\"border-style:none;border-width:0px\">\n<h2 class=\"wp-block-heading\">Pl\u00e1stico 100\u202f% reciclado con la gama Cleanline \u267b<\/h2>\n\n\n\n<p>El equipo de JVD trabaj\u00f3 durante meses para desarrollar y garantizar el uso de pl\u00e1stico reciclado en la fabricaci\u00f3n de sus productos. Este pl\u00e1stico, recogido en Francia, proviene principalmente de residuos de aparatos el\u00e9ctricos, electr\u00f3nicos y veh\u00edculos fuera de uso. Tras su recogida, se somete a un riguroso proceso de selecci\u00f3n, lavado, trituraci\u00f3n y extrusi\u00f3n, hasta transformarse en escamas reutilizables aptas para la fabricaci\u00f3n industrial.<\/p>\n\n\n\n<p>Fabricada \u00edntegramente en nuestra planta de Nantes con pl\u00e1stico 100\u202f% reciclado, la gama Cleanline representa la alianza perfecta entre elegancia, resistencia y compromiso medioambiental. Dise\u00f1ada para adaptarse a todos los espacios p\u00fablicos, combina est\u00e9tica y funcionalidad. Es compatible con la mayor\u00eda de los consumibles del mercado y est\u00e1 disponible en blanco, negro y gris metal, para integrarse con armon\u00eda en cualquier entorno.<\/p>\n<\/div>\n<\/div>\n\n\n\n<div class=\"wp-block-group has-global-padding is-layout-constrained wp-block-group-is-layout-constrained\" style=\"margin-bottom:var(--wp--preset--spacing--100)\">\n<h2 class=\"wp-block-heading has-text-align-center\">Preguntas frecuentes<\/h2>\n\n\n\n<div id=\"wp-block-jvd-faq-block_414471a7bc1cab03f307f162289c770d\" class=\"wp-block-jvd-faq align wp-block-acf-faq\">\n\t<div class=\"jvd-faq\">\n\t\t\t\t<div class=\"jvd-faq__item\" itemscope itemprop=\"mainEntity\" itemtype=\"https:\/\/schema.org\/Question\">\n\t\t\t<div class=\"jvd-faq__question\" itemprop=\"name\">\n\t\t\t\t<span>\u00bfElegir un papel desechable con o sin mandril?<\/span>\n\t\t\t\t<button type=\"button\">\n\t\t\t\t\t<svg width=\"20\" height=\"20\" aria-hidden=\"true\" role=\"presentation\"><use xlink:href=\"#chevron-down\"\/><\/svg>\n\t\t\t\t<\/button>\n\t\t\t<\/div>\n\t\t\t<div class=\"jvd-faq__answer\" itemscope itemprop=\"acceptedAnswer\" itemtype=\"https:\/\/schema.org\/Answer\">\n\t\t\t\t<p>El papel desechable en rollo sin mandril es compatible con dispensadores tipo desbobinador. Por su parte, el papel desechable con mandril se utiliza con dispensadores de corte autom\u00e1tico. Se presenta en bobinas de diferentes di\u00e1metros y longitudes. Atenci\u00f3n: algunas bobinas solo son compatibles con sistemas propietarios.<\/p>\n\t\t\t<\/div>\n\t\t<\/div>\n\t\t\t\t<div class=\"jvd-faq__item\" itemscope itemprop=\"mainEntity\" itemtype=\"https:\/\/schema.org\/Question\">\n\t\t\t<div class=\"jvd-faq__question\" itemprop=\"name\">\n\t\t\t\t<span>\u00bfElegir un sistema propietario o abierto?<\/span>\n\t\t\t\t<button type=\"button\">\n\t\t\t\t\t<svg width=\"20\" height=\"20\" aria-hidden=\"true\" role=\"presentation\"><use xlink:href=\"#chevron-down\"\/><\/svg>\n\t\t\t\t<\/button>\n\t\t\t<\/div>\n\t\t\t<div class=\"jvd-faq__answer\" itemscope itemprop=\"acceptedAnswer\" itemtype=\"https:\/\/schema.org\/Answer\">\n\t\t\t\t<p>En un sistema propietario, el equipo suele entregarse gratuitamente o a un precio reducido, pero solo funciona con consumibles de la misma marca, que generalmente son m\u00e1s caros.<br \/>\nPor el contrario, las soluciones abiertas de JVD tienen un coste inicial, pero permiten utilizar consumibles de cualquier marca, incluidas aquellas que ofrecen sistemas propietarios.<\/p>\n\t\t\t<\/div>\n\t\t<\/div>\n\t\t\t\t<div class=\"jvd-faq__item\" itemscope itemprop=\"mainEntity\" itemtype=\"https:\/\/schema.org\/Question\">\n\t\t\t<div class=\"jvd-faq__question\" itemprop=\"name\">\n\t\t\t\t<span>Papel desechable plegado: \u00bfpara qu\u00e9 tipo de dispensador?<\/span>\n\t\t\t\t<button type=\"button\">\n\t\t\t\t\t<svg width=\"20\" height=\"20\" aria-hidden=\"true\" role=\"presentation\"><use xlink:href=\"#chevron-down\"\/><\/svg>\n\t\t\t\t<\/button>\n\t\t\t<\/div>\n\t\t\t<div class=\"jvd-faq__answer\" itemscope itemprop=\"acceptedAnswer\" itemtype=\"https:\/\/schema.org\/Answer\">\n\t\t\t\t<p>El papel desechable plegado es compatible con dispensadores tipo Zig-Zag. Se clasifican seg\u00fan el tipo de plegado de las hojas:<\/p>\n<p>Papeles interplegados: tipo W o Z<\/p>\n<p>Papeles plegados en zigzag: tipo V<\/p>\n<p>Papeles plegados: tipo C<\/p>\n\t\t\t<\/div>\n\t\t<\/div>\n\t\t\t<\/div>\n<\/div>\n<\/div>\n\n\n\n<div class=\"wp-block-group has-lightgrey-background-color has-background is-layout-flow wp-block-group-is-layout-flow\" style=\"border-radius:20px;padding-top:var(--wp--preset--spacing--75);padding-right:var(--wp--preset--spacing--75);padding-bottom:var(--wp--preset--spacing--75);padding-left:var(--wp--preset--spacing--75)\">\n<h2 class=\"wp-block-heading has-text-align-center\">\u00bfEst\u00e1s interesado en <br>nuestros productos?<\/h2>\n\n\n\n<p class=\"has-text-align-center\">Tanto si necesitas informaci\u00f3n t\u00e9cnica como si buscas asesoramiento personalizado, <br>estamos disponibles para una videollamada o una llamada telef\u00f3nica.<\/p>\n\n\n\n<div class=\"wp-block-buttons is-content-justification-center is-layout-flex wp-container-core-buttons-is-layout-a89b3969 wp-block-buttons-is-layout-flex\">\n<div class=\"wp-block-button is-style-fill\"><a class=\"wp-block-button__link wp-element-button\" href=\"https:\/\/share-eu1.hsforms.com\/1E-hSxlDMT6u7yy8xFxdFkgexg1v\"><strong>Cont\u00e1ctanos<\/strong><\/a><\/div>\n<\/div>\n<\/div>\n","protected":false},"excerpt":{"rendered":"<p>Una elecci\u00f3n responsable con pl\u00e1stico reciclado hasta en un 100% Los dispensadores de papel para espacios p\u00fablicos son una soluci\u00f3n esencial para profesionales que buscan equipos fiables, f\u00e1ciles de mantener y adaptados a un uso intensivo. Prefieren equipos econ\u00f3micos, duraderos y est\u00e9ticos, compatibles con diferentes tipos de consumibles, y que adem\u00e1s refuercen la imagen de [&hellip;]<\/p>\n","protected":false},"author":9,"featured_media":37117,"parent":0,"menu_order":0,"comment_status":"closed","ping_status":"closed","template":"","meta":{"_acf_changed":false,"content-type":"","_searchwp_excluded":"","inline_featured_image":false,"footnotes":""},"class_list":["post-41603","page","type-page","status-publish","has-post-thumbnail","hentry"],"acf":[],"yoast_head":"<!-- This site is optimized with the Yoast SEO plugin v27.1.1 - https:\/\/yoast.com\/product\/yoast-seo-wordpress\/ -->\n<title>Dispensadores de papel para espacios p\u00fablicos | JVD<\/title>\n<meta name=\"description\" content=\"Dispensadores de papel para espacios p\u00fablicos: dise\u00f1o, durabilidad y compatibilidad con todo tipo de consumibles. Fabricados en Francia.\" \/>\n<meta name=\"robots\" content=\"index, follow, max-snippet:-1, max-image-preview:large, max-video-preview:-1\" \/>\n<link rel=\"canonical\" href=\"https:\/\/www.jvd.fr\/es\/dispensadores-papel-espacios-publicos\/\" \/>\n<meta property=\"og:locale\" content=\"es_ES\" \/>\n<meta property=\"og:type\" content=\"article\" \/>\n<meta property=\"og:title\" content=\"Dispensadores de papel para espacios p\u00fablicos | JVD\" \/>\n<meta property=\"og:description\" content=\"Dispensadores de papel para espacios p\u00fablicos: dise\u00f1o, durabilidad y compatibilidad con todo tipo de consumibles. Fabricados en Francia.\" \/>\n<meta property=\"og:url\" content=\"https:\/\/www.jvd.fr\/es\/dispensadores-papel-espacios-publicos\/\" \/>\n<meta property=\"og:site_name\" content=\"JVD\" \/>\n<meta property=\"article:modified_time\" content=\"2025-09-16T15:14:36+00:00\" \/>\n<meta property=\"og:image\" content=\"https:\/\/www.jvd.fr\/wp-content\/uploads\/2025\/07\/distributeur-papier-accueil-jvd.jpg\" \/>\n\t<meta property=\"og:image:width\" content=\"1920\" \/>\n\t<meta property=\"og:image:height\" content=\"820\" \/>\n\t<meta property=\"og:image:type\" content=\"image\/jpeg\" \/>\n<script type=\"application\/ld+json\" class=\"yoast-schema-graph\">{\"@context\":\"https:\/\/schema.org\",\"@graph\":[{\"@type\":\"WebPage\",\"@id\":\"https:\/\/www.jvd.fr\/es\/dispensadores-papel-espacios-publicos\/\",\"url\":\"https:\/\/www.jvd.fr\/es\/dispensadores-papel-espacios-publicos\/\",\"name\":\"Dispensadores de papel para espacios p\u00fablicos | JVD\",\"isPartOf\":{\"@id\":\"https:\/\/www.jvd.fr\/es\/#website\"},\"primaryImageOfPage\":{\"@id\":\"https:\/\/www.jvd.fr\/es\/dispensadores-papel-espacios-publicos\/#primaryimage\"},\"image\":{\"@id\":\"https:\/\/www.jvd.fr\/es\/dispensadores-papel-espacios-publicos\/#primaryimage\"},\"thumbnailUrl\":\"https:\/\/www.jvd.fr\/wp-content\/uploads\/2025\/07\/distributeur-papier-accueil-jvd.jpg\",\"datePublished\":\"2025-07-15T08:57:31+00:00\",\"dateModified\":\"2025-09-16T15:14:36+00:00\",\"description\":\"Dispensadores de papel para espacios p\u00fablicos: dise\u00f1o, durabilidad y compatibilidad con todo tipo de consumibles. Fabricados en Francia.\",\"breadcrumb\":{\"@id\":\"https:\/\/www.jvd.fr\/es\/dispensadores-papel-espacios-publicos\/#breadcrumb\"},\"inLanguage\":\"es\",\"potentialAction\":[{\"@type\":\"ReadAction\",\"target\":[\"https:\/\/www.jvd.fr\/es\/dispensadores-papel-espacios-publicos\/\"]}]},{\"@type\":\"ImageObject\",\"inLanguage\":\"es\",\"@id\":\"https:\/\/www.jvd.fr\/es\/dispensadores-papel-espacios-publicos\/#primaryimage\",\"url\":\"https:\/\/www.jvd.fr\/wp-content\/uploads\/2025\/07\/distributeur-papier-accueil-jvd.jpg\",\"contentUrl\":\"https:\/\/www.jvd.fr\/wp-content\/uploads\/2025\/07\/distributeur-papier-accueil-jvd.jpg\",\"width\":1920,\"height\":820},{\"@type\":\"BreadcrumbList\",\"@id\":\"https:\/\/www.jvd.fr\/es\/dispensadores-papel-espacios-publicos\/#breadcrumb\",\"itemListElement\":[{\"@type\":\"ListItem\",\"position\":1,\"name\":\"Accueil\",\"item\":\"https:\/\/www.jvd.fr\/es\/\"},{\"@type\":\"ListItem\",\"position\":2,\"name\":\"Dispensadores de papel\"}]},{\"@type\":\"WebSite\",\"@id\":\"https:\/\/www.jvd.fr\/es\/#website\",\"url\":\"https:\/\/www.jvd.fr\/es\/\",\"name\":\"JVD\",\"description\":\"Products that care\",\"potentialAction\":[{\"@type\":\"SearchAction\",\"target\":{\"@type\":\"EntryPoint\",\"urlTemplate\":\"https:\/\/www.jvd.fr\/es\/?s={search_term_string}\"},\"query-input\":{\"@type\":\"PropertyValueSpecification\",\"valueRequired\":true,\"valueName\":\"search_term_string\"}}],\"inLanguage\":\"es\"}]}<\/script>\n<!-- \/ Yoast SEO plugin. -->","yoast_head_json":{"title":"Dispensadores de papel para espacios p\u00fablicos | JVD","description":"Dispensadores de papel para espacios p\u00fablicos: dise\u00f1o, durabilidad y compatibilidad con todo tipo de consumibles. Fabricados en Francia.","robots":{"index":"index","follow":"follow","max-snippet":"max-snippet:-1","max-image-preview":"max-image-preview:large","max-video-preview":"max-video-preview:-1"},"canonical":"https:\/\/www.jvd.fr\/es\/dispensadores-papel-espacios-publicos\/","og_locale":"es_ES","og_type":"article","og_title":"Dispensadores de papel para espacios p\u00fablicos | JVD","og_description":"Dispensadores de papel para espacios p\u00fablicos: dise\u00f1o, durabilidad y compatibilidad con todo tipo de consumibles. Fabricados en Francia.","og_url":"https:\/\/www.jvd.fr\/es\/dispensadores-papel-espacios-publicos\/","og_site_name":"JVD","article_modified_time":"2025-09-16T15:14:36+00:00","og_image":[{"width":1920,"height":820,"url":"https:\/\/www.jvd.fr\/wp-content\/uploads\/2025\/07\/distributeur-papier-accueil-jvd.jpg","type":"image\/jpeg"}],"schema":{"@context":"https:\/\/schema.org","@graph":[{"@type":"WebPage","@id":"https:\/\/www.jvd.fr\/es\/dispensadores-papel-espacios-publicos\/","url":"https:\/\/www.jvd.fr\/es\/dispensadores-papel-espacios-publicos\/","name":"Dispensadores de papel para espacios p\u00fablicos | JVD","isPartOf":{"@id":"https:\/\/www.jvd.fr\/es\/#website"},"primaryImageOfPage":{"@id":"https:\/\/www.jvd.fr\/es\/dispensadores-papel-espacios-publicos\/#primaryimage"},"image":{"@id":"https:\/\/www.jvd.fr\/es\/dispensadores-papel-espacios-publicos\/#primaryimage"},"thumbnailUrl":"https:\/\/www.jvd.fr\/wp-content\/uploads\/2025\/07\/distributeur-papier-accueil-jvd.jpg","datePublished":"2025-07-15T08:57:31+00:00","dateModified":"2025-09-16T15:14:36+00:00","description":"Dispensadores de papel para espacios p\u00fablicos: dise\u00f1o, durabilidad y compatibilidad con todo tipo de consumibles. Fabricados en Francia.","breadcrumb":{"@id":"https:\/\/www.jvd.fr\/es\/dispensadores-papel-espacios-publicos\/#breadcrumb"},"inLanguage":"es","potentialAction":[{"@type":"ReadAction","target":["https:\/\/www.jvd.fr\/es\/dispensadores-papel-espacios-publicos\/"]}]},{"@type":"ImageObject","inLanguage":"es","@id":"https:\/\/www.jvd.fr\/es\/dispensadores-papel-espacios-publicos\/#primaryimage","url":"https:\/\/www.jvd.fr\/wp-content\/uploads\/2025\/07\/distributeur-papier-accueil-jvd.jpg","contentUrl":"https:\/\/www.jvd.fr\/wp-content\/uploads\/2025\/07\/distributeur-papier-accueil-jvd.jpg","width":1920,"height":820},{"@type":"BreadcrumbList","@id":"https:\/\/www.jvd.fr\/es\/dispensadores-papel-espacios-publicos\/#breadcrumb","itemListElement":[{"@type":"ListItem","position":1,"name":"Accueil","item":"https:\/\/www.jvd.fr\/es\/"},{"@type":"ListItem","position":2,"name":"Dispensadores de papel"}]},{"@type":"WebSite","@id":"https:\/\/www.jvd.fr\/es\/#website","url":"https:\/\/www.jvd.fr\/es\/","name":"JVD","description":"Products that care","potentialAction":[{"@type":"SearchAction","target":{"@type":"EntryPoint","urlTemplate":"https:\/\/www.jvd.fr\/es\/?s={search_term_string}"},"query-input":{"@type":"PropertyValueSpecification","valueRequired":true,"valueName":"search_term_string"}}],"inLanguage":"es"}]}},"_links":{"self":[{"href":"https:\/\/www.jvd.fr\/es\/wp-json\/wp\/v2\/pages\/41603","targetHints":{"allow":["GET"]}}],"collection":[{"href":"https:\/\/www.jvd.fr\/es\/wp-json\/wp\/v2\/pages"}],"about":[{"href":"https:\/\/www.jvd.fr\/es\/wp-json\/wp\/v2\/types\/page"}],"author":[{"embeddable":true,"href":"https:\/\/www.jvd.fr\/es\/wp-json\/wp\/v2\/users\/9"}],"replies":[{"embeddable":true,"href":"https:\/\/www.jvd.fr\/es\/wp-json\/wp\/v2\/comments?post=41603"}],"version-history":[{"count":9,"href":"https:\/\/www.jvd.fr\/es\/wp-json\/wp\/v2\/pages\/41603\/revisions"}],"predecessor-version":[{"id":59959,"href":"https:\/\/www.jvd.fr\/es\/wp-json\/wp\/v2\/pages\/41603\/revisions\/59959"}],"wp:featuredmedia":[{"embeddable":true,"href":"https:\/\/www.jvd.fr\/es\/wp-json\/wp\/v2\/media\/37117"}],"wp:attachment":[{"href":"https:\/\/www.jvd.fr\/es\/wp-json\/wp\/v2\/media?parent=41603"}],"curies":[{"name":"wp","href":"https:\/\/api.w.org\/{rel}","templated":true}]}}