{"id":32500,"date":"2025-03-04T13:30:44","date_gmt":"2025-03-04T12:30:44","guid":{"rendered":"https:\/\/jvdwoo2025.dnstemporaire.fr\/?page_id=32500"},"modified":"2025-07-04T12:28:30","modified_gmt":"2025-07-04T10:28:30","slug":"politica-de-reembolsos-y-devoluciones","status":"publish","type":"page","link":"https:\/\/www.jvd.fr\/es\/politica-de-reembolsos-y-devoluciones\/","title":{"rendered":"Pol\u00edtica de reembolsos y devoluciones"},"content":{"rendered":"\n<p>Esta es una p\u00e1gina de ejemplo.<\/p>\n\n\n\n<h2 class=\"wp-block-heading\">Informaci\u00f3n general<\/h2>\n\n\n\n<p>Nuestra pol\u00edtica de reembolsos y devoluciones tiene una duraci\u00f3n de 30 d\u00edas. Si han pasado 30 d\u00edas desde tu compra, no podemos ofrecerte un reembolso completo ni un cambio.<\/p>\n\n\n\n<p>Para poder devolver un art\u00edculo, este debe estar sin usar y en las mismas condiciones en que lo recibiste. Tambi\u00e9n debe estar en su embalaje original.<\/p>\n\n\n\n<p>Varios tipos de productos est\u00e1n exentos de devoluci\u00f3n. Los bienes perecederos como alimentos, flores, peri\u00f3dicos o revistas no pueden devolverse. Tampoco aceptamos productos \u00edntimos o sanitarios, materiales peligrosos ni l\u00edquidos o gases inflamables.<\/p>\n\n\n\n<h3 class=\"wp-block-heading\">Art\u00edculos adicionales no retornables:<\/h3>\n\n\n\n<ul class=\"wp-block-list\">\n<li>Tarjetas regalo<\/li>\n\n\n\n<li>Productos de software descargables<\/li>\n\n\n\n<li>Algunos art\u00edculos de salud y cuidado personal<\/li>\n<\/ul>\n\n\n\n<p>Para completar tu devoluci\u00f3n, requerimos un recibo o comprobante de compra.<\/p>\n\n\n\n<p>Por favor, no env\u00edes tu compra de vuelta al fabricante.<\/p>\n\n\n\n<p>Hay ciertas situaciones en las que solo se conceden reembolsos parciales:<\/p>\n\n\n\n<ul class=\"wp-block-list\">\n<li>Libros con signos evidentes de uso<\/li>\n\n\n\n<li>CD, DVD, cinta VHS, software, videojuego, casete o disco de vinilo que haya sido abierto<\/li>\n\n\n\n<li>Cualquier art\u00edculo que no est\u00e9 en su condici\u00f3n original, est\u00e9 da\u00f1ado o le falten piezas por razones no imputables a nuestro error<\/li>\n\n\n\n<li>Cualquier art\u00edculo devuelto m\u00e1s de 30 d\u00edas despu\u00e9s de la entrega<\/li>\n<\/ul>\n\n\n\n<h2 class=\"wp-block-heading\">Reembolsos<\/h2>\n\n\n\n<p>Una vez que recibamos e inspeccionemos tu devoluci\u00f3n, te enviaremos un correo electr\u00f3nico para notificarte que hemos recibido tu art\u00edculo devuelto. Tambi\u00e9n te informaremos de la aprobaci\u00f3n o el rechazo de tu reembolso.<\/p>\n\n\n\n<p>Si se aprueba, tu reembolso ser\u00e1 procesado.<\/p>\n\n\n\n<h3 class=\"wp-block-heading\">Late or missing refunds<\/h3>\n\n\n\n<p>Si a\u00fan no has recibido tu reembolso, primero revisa nuevamente tu cuenta bancaria.<\/p>\n\n\n\n<p>Luego contacta con la empresa de tu tarjeta de cr\u00e9dito; puede que pase alg\u00fan tiempo antes de que el reembolso se registre oficialmente.<\/p>\n\n\n\n<p>Despu\u00e9s, contacta con tu banco. A menudo hay un tiempo de procesamiento antes de que se registre un reembolso.<\/p>\n\n\n\n<p>Si ya has hecho todo esto y a\u00fan no has recibido tu reembolso, por favor cont\u00e1ctanos en {email address}.<\/p>\n\n\n\n<h3 class=\"wp-block-heading\">Sale items<\/h3>\n\n\n\n<p>Solo los art\u00edculos de precio regular pueden ser reembolsados. Los art\u00edculos en oferta no pueden ser reembolsados.<\/p>\n\n\n\n<h2 class=\"wp-block-heading\">Cambios<\/h2>\n\n\n\n<p>Solo reemplazamos art\u00edculos si est\u00e1n defectuosos o da\u00f1ados. Si necesitas cambiarlo por el mismo art\u00edculo, env\u00edanos un correo electr\u00f3nico a {email address} y env\u00eda tu art\u00edculo a: {physical address}.<\/p>\n\n\n\n<h2 class=\"wp-block-heading\">Regalos<\/h2>\n\n\n\n<p>Si el art\u00edculo fue marcado como regalo al momento de la compra y se te envi\u00f3 directamente, recibir\u00e1s un cr\u00e9dito regalo por el valor de tu devoluci\u00f3n. Una vez que se reciba el art\u00edculo devuelto, se te enviar\u00e1 un certificado de regalo por correo.<\/p>\n\n\n\n<p>Si el art\u00edculo no fue marcado como regalo al momento de la compra, o si la persona que lo regal\u00f3 hizo que el pedido se le enviara a ella para entreg\u00e1rtelo despu\u00e9s, enviaremos un reembolso a la persona que lo compr\u00f3 y se enterar\u00e1 de tu devoluci\u00f3n.<\/p>\n\n\n\n<h2 class=\"wp-block-heading\">Devoluciones por env\u00edo<\/h2>\n\n\n\n<p>Para devolver tu producto, debes enviarlo por correo a: {physical address}.<\/p>\n\n\n\n<p>Ser\u00e1s responsable de pagar tus propios costos de env\u00edo para devolver tu art\u00edculo. Los costos de env\u00edo no son reembolsables. Si recibes un reembolso, el costo del env\u00edo de devoluci\u00f3n se deducir\u00e1 de tu reembolso.<\/p>\n\n\n\n<p>Dependiendo de d\u00f3nde vivas, el tiempo que puede tardar en llegarte el producto cambiado puede variar.<\/p>\n\n\n\n<p>Si est\u00e1s devolviendo art\u00edculos m\u00e1s costosos, considera usar un servicio de env\u00edo con seguimiento o comprar un seguro de env\u00edo. No garantizamos que recibiremos tu art\u00edculo devuelto.<\/p>\n\n\n\n<h2 class=\"wp-block-heading\">\u00bfNecesitas ayuda?<\/h2>\n\n\n\n<p>Cont\u00e1ctanos en {email} para preguntas relacionadas con reembolsos y devoluciones.<\/p>\n","protected":false},"excerpt":{"rendered":"<p>Esta es una p\u00e1gina de ejemplo. Informaci\u00f3n general Nuestra pol\u00edtica de reembolsos y devoluciones tiene una duraci\u00f3n de 30 d\u00edas. Si han pasado 30 d\u00edas desde tu compra, no podemos ofrecerte un reembolso completo ni un cambio. Para poder devolver un art\u00edculo, este debe estar sin usar y en las mismas condiciones en que lo [&hellip;]<\/p>\n","protected":false},"author":9,"featured_media":0,"parent":0,"menu_order":0,"comment_status":"closed","ping_status":"closed","template":"","meta":{"_acf_changed":false,"content-type":"","_searchwp_excluded":"","inline_featured_image":false,"footnotes":""},"class_list":["post-32500","page","type-page","status-publish","hentry"],"acf":[],"yoast_head":"<!-- This site is optimized with the Yoast SEO plugin v27.1.1 - https:\/\/yoast.com\/product\/yoast-seo-wordpress\/ -->\n<title>Pol\u00edtica de reembolsos y devoluciones - JVD<\/title>\n<meta name=\"robots\" content=\"index, follow, max-snippet:-1, max-image-preview:large, max-video-preview:-1\" \/>\n<link rel=\"canonical\" href=\"https:\/\/www.jvd.fr\/es\/politica-de-reembolsos-y-devoluciones\/\" \/>\n<meta property=\"og:locale\" content=\"es_ES\" \/>\n<meta property=\"og:type\" content=\"article\" \/>\n<meta property=\"og:title\" content=\"Pol\u00edtica de reembolsos y devoluciones - JVD\" \/>\n<meta property=\"og:description\" content=\"Esta es una p\u00e1gina de ejemplo. Informaci\u00f3n general Nuestra pol\u00edtica de reembolsos y devoluciones tiene una duraci\u00f3n de 30 d\u00edas. Si han pasado 30 d\u00edas desde tu compra, no podemos ofrecerte un reembolso completo ni un cambio. Para poder devolver un art\u00edculo, este debe estar sin usar y en las mismas condiciones en que lo [&hellip;]\" \/>\n<meta property=\"og:url\" content=\"https:\/\/www.jvd.fr\/es\/politica-de-reembolsos-y-devoluciones\/\" \/>\n<meta property=\"og:site_name\" content=\"JVD\" \/>\n<meta property=\"article:modified_time\" content=\"2025-07-04T10:28:30+00:00\" \/>\n<script type=\"application\/ld+json\" class=\"yoast-schema-graph\">{\"@context\":\"https:\/\/schema.org\",\"@graph\":[{\"@type\":\"WebPage\",\"@id\":\"https:\/\/www.jvd.fr\/es\/politica-de-reembolsos-y-devoluciones\/\",\"url\":\"https:\/\/www.jvd.fr\/es\/politica-de-reembolsos-y-devoluciones\/\",\"name\":\"Pol\u00edtica de reembolsos y devoluciones - JVD\",\"isPartOf\":{\"@id\":\"https:\/\/www.jvd.fr\/es\/#website\"},\"datePublished\":\"2025-03-04T12:30:44+00:00\",\"dateModified\":\"2025-07-04T10:28:30+00:00\",\"breadcrumb\":{\"@id\":\"https:\/\/www.jvd.fr\/es\/politica-de-reembolsos-y-devoluciones\/#breadcrumb\"},\"inLanguage\":\"es\",\"potentialAction\":[{\"@type\":\"ReadAction\",\"target\":[\"https:\/\/www.jvd.fr\/es\/politica-de-reembolsos-y-devoluciones\/\"]}]},{\"@type\":\"BreadcrumbList\",\"@id\":\"https:\/\/www.jvd.fr\/es\/politica-de-reembolsos-y-devoluciones\/#breadcrumb\",\"itemListElement\":[{\"@type\":\"ListItem\",\"position\":1,\"name\":\"Accueil\",\"item\":\"https:\/\/www.jvd.fr\/es\/\"},{\"@type\":\"ListItem\",\"position\":2,\"name\":\"Pol\u00edtica de reembolsos y devoluciones\"}]},{\"@type\":\"WebSite\",\"@id\":\"https:\/\/www.jvd.fr\/es\/#website\",\"url\":\"https:\/\/www.jvd.fr\/es\/\",\"name\":\"JVD\",\"description\":\"Products that care\",\"potentialAction\":[{\"@type\":\"SearchAction\",\"target\":{\"@type\":\"EntryPoint\",\"urlTemplate\":\"https:\/\/www.jvd.fr\/es\/?s={search_term_string}\"},\"query-input\":{\"@type\":\"PropertyValueSpecification\",\"valueRequired\":true,\"valueName\":\"search_term_string\"}}],\"inLanguage\":\"es\"}]}<\/script>\n<!-- \/ Yoast SEO plugin. -->","yoast_head_json":{"title":"Pol\u00edtica de reembolsos y devoluciones - JVD","robots":{"index":"index","follow":"follow","max-snippet":"max-snippet:-1","max-image-preview":"max-image-preview:large","max-video-preview":"max-video-preview:-1"},"canonical":"https:\/\/www.jvd.fr\/es\/politica-de-reembolsos-y-devoluciones\/","og_locale":"es_ES","og_type":"article","og_title":"Pol\u00edtica de reembolsos y devoluciones - JVD","og_description":"Esta es una p\u00e1gina de ejemplo. Informaci\u00f3n general Nuestra pol\u00edtica de reembolsos y devoluciones tiene una duraci\u00f3n de 30 d\u00edas. Si han pasado 30 d\u00edas desde tu compra, no podemos ofrecerte un reembolso completo ni un cambio. Para poder devolver un art\u00edculo, este debe estar sin usar y en las mismas condiciones en que lo [&hellip;]","og_url":"https:\/\/www.jvd.fr\/es\/politica-de-reembolsos-y-devoluciones\/","og_site_name":"JVD","article_modified_time":"2025-07-04T10:28:30+00:00","schema":{"@context":"https:\/\/schema.org","@graph":[{"@type":"WebPage","@id":"https:\/\/www.jvd.fr\/es\/politica-de-reembolsos-y-devoluciones\/","url":"https:\/\/www.jvd.fr\/es\/politica-de-reembolsos-y-devoluciones\/","name":"Pol\u00edtica de reembolsos y devoluciones - JVD","isPartOf":{"@id":"https:\/\/www.jvd.fr\/es\/#website"},"datePublished":"2025-03-04T12:30:44+00:00","dateModified":"2025-07-04T10:28:30+00:00","breadcrumb":{"@id":"https:\/\/www.jvd.fr\/es\/politica-de-reembolsos-y-devoluciones\/#breadcrumb"},"inLanguage":"es","potentialAction":[{"@type":"ReadAction","target":["https:\/\/www.jvd.fr\/es\/politica-de-reembolsos-y-devoluciones\/"]}]},{"@type":"BreadcrumbList","@id":"https:\/\/www.jvd.fr\/es\/politica-de-reembolsos-y-devoluciones\/#breadcrumb","itemListElement":[{"@type":"ListItem","position":1,"name":"Accueil","item":"https:\/\/www.jvd.fr\/es\/"},{"@type":"ListItem","position":2,"name":"Pol\u00edtica de reembolsos y devoluciones"}]},{"@type":"WebSite","@id":"https:\/\/www.jvd.fr\/es\/#website","url":"https:\/\/www.jvd.fr\/es\/","name":"JVD","description":"Products that care","potentialAction":[{"@type":"SearchAction","target":{"@type":"EntryPoint","urlTemplate":"https:\/\/www.jvd.fr\/es\/?s={search_term_string}"},"query-input":{"@type":"PropertyValueSpecification","valueRequired":true,"valueName":"search_term_string"}}],"inLanguage":"es"}]}},"_links":{"self":[{"href":"https:\/\/www.jvd.fr\/es\/wp-json\/wp\/v2\/pages\/32500","targetHints":{"allow":["GET"]}}],"collection":[{"href":"https:\/\/www.jvd.fr\/es\/wp-json\/wp\/v2\/pages"}],"about":[{"href":"https:\/\/www.jvd.fr\/es\/wp-json\/wp\/v2\/types\/page"}],"author":[{"embeddable":true,"href":"https:\/\/www.jvd.fr\/es\/wp-json\/wp\/v2\/users\/9"}],"replies":[{"embeddable":true,"href":"https:\/\/www.jvd.fr\/es\/wp-json\/wp\/v2\/comments?post=32500"}],"version-history":[{"count":1,"href":"https:\/\/www.jvd.fr\/es\/wp-json\/wp\/v2\/pages\/32500\/revisions"}],"predecessor-version":[{"id":32501,"href":"https:\/\/www.jvd.fr\/es\/wp-json\/wp\/v2\/pages\/32500\/revisions\/32501"}],"wp:attachment":[{"href":"https:\/\/www.jvd.fr\/es\/wp-json\/wp\/v2\/media?parent=32500"}],"curies":[{"name":"wp","href":"https:\/\/api.w.org\/{rel}","templated":true}]}}