{"id":32484,"date":"2025-07-03T12:00:06","date_gmt":"2025-07-03T10:00:06","guid":{"rendered":"https:\/\/jvdwoo2025.dnstemporaire.fr\/?page_id=32484"},"modified":"2025-09-15T14:48:40","modified_gmt":"2025-09-15T12:48:40","slug":"accesorios-a-medida-hoteles","status":"publish","type":"page","link":"https:\/\/www.jvd.fr\/es\/accesorios-a-medida-hoteles\/","title":{"rendered":"Accesorios a medida"},"content":{"rendered":"\n<div id=\"wp-block-jvd-banner-block_145b89a1c37d538dda6c601477eb36bb\" style=\"margin-bottom:var(--wp--preset--spacing--100);\" class=\"wp-block-jvd-banner align wp-block-acf-banner\">\n    <div class=\"jvd-banner\">\n                        <figure class=\"jvd-banner__img\" data-gradient=\"1\">\n            <img decoding=\"async\" src=\"https:\/\/www.jvd.fr\/wp-content\/uploads\/2025\/07\/images-hotellerie-1200.jpg\" width=\"1200\" height=\"675\" alt=\"accessoires sur-mesure avec la gamme d&#039;accessoires Adesign by JVD\" loading=\"lazy\" \/>\n        <\/figure>\n\t                <\/div>\n<\/div>\n\n\n<div class=\"wp-block-group has-global-padding is-layout-constrained wp-block-group-is-layout-constrained\" style=\"margin-bottom:var(--wp--preset--spacing--100)\">\n<div class=\"wp-block-columns are-vertically-aligned-center is-layout-flex wp-container-core-columns-is-layout-cbe57604 wp-block-columns-is-layout-flex\">\n<div class=\"wp-block-column is-vertically-aligned-center is-layout-flow wp-block-column-is-layout-flow\">\n<h2 class=\"wp-block-heading\">\u00bfTe gustar\u00eda crear tus propios accesorios?<\/h2>\n\n\n\n<p>Los <strong>accesorios a medida para hoteles<\/strong> permiten crear espacios \u00fanicos y personalizados en habitaciones y ba\u00f1os. Dise\u00f1ada seg\u00fan tus exigencias, esta oferta te da la libertad de elegir colores, texturas y acabados que reflejen tu estilo y el car\u00e1cter de tu establecimiento.<\/p>\n\n\n\n<p>Puedes elegir entre una amplia gama de materiales y acabados: desde efectos cuero, madera o piedra hasta resinas minerales, detalles met\u00e1licos o acr\u00edlicos atemporales. Todo se desarrolla bajo un enfoque sostenible, utilizando materiales duraderos y procesos responsables. As\u00ed, combinamos dise\u00f1o, practicidad y compromiso medioambiental.<\/p>\n\n\n\n<div class=\"wp-block-buttons is-layout-flex wp-block-buttons-is-layout-flex\">\n<div class=\"wp-block-button\"><a class=\"wp-block-button__link wp-element-button\" href=\"https:\/\/share-eu1.hsforms.com\/1E-hSxlDMT6u7yy8xFxdFkgexg1v\" target=\"_blank\" rel=\"noreferrer noopener\">Estoy interesado\/a<\/a><\/div>\n<\/div>\n<\/div>\n\n\n\n<div class=\"wp-block-column is-vertically-aligned-center is-layout-flow wp-block-column-is-layout-flow\">\n<figure class=\"wp-block-image size-square has-custom-border is-style-default\"><img loading=\"lazy\" decoding=\"async\" width=\"600\" height=\"600\" src=\"https:\/\/www.jvd.fr\/wp-content\/uploads\/2025\/06\/detailcavern-600x600.jpg\" alt=\"Accesorios a medida para hoteles con acabados personalizados\" class=\"wp-image-5777\" style=\"border-radius:20px\" srcset=\"https:\/\/www.jvd.fr\/wp-content\/uploads\/2025\/06\/detailcavern-600x600.jpg 600w, https:\/\/www.jvd.fr\/wp-content\/uploads\/2025\/06\/detailcavern-300x300.jpg 300w, https:\/\/www.jvd.fr\/wp-content\/uploads\/2025\/06\/detailcavern-100x100.jpg 100w, https:\/\/www.jvd.fr\/wp-content\/uploads\/2025\/06\/detailcavern-150x150.jpg 150w\" sizes=\"auto, (max-width: 600px) 100vw, 600px\" \/><\/figure>\n<\/div>\n<\/div>\n<\/div>\n\n\n\n<div class=\"wp-block-group is-layout-flow wp-block-group-is-layout-flow\" style=\"margin-bottom:var(--wp--preset--spacing--100)\">\n<h2 class=\"wp-block-heading has-text-align-center\">Colores, materiales y acabados \u00fanicos<\/h2>\n\n\n\n<div id=\"wp-block-jvd-cards-block_b15afb62805e39287f1f7e22b938ab2b\" class=\"wp-block-jvd-cards align wp-block-acf-cards\">\n\t    <div class=\"jvd-cards\" data-display=\"grid\" data-columns=\"4\" data-count=\"4\" data-parity=\"even\">\n\t\t        <div class=\"jvd-card\" data-link=\"0\" data-img-ratio=\"landscape\" data-text-pos=\"under\">\n            <figure class=\"jvd-card__img\">\n\t\t\t                    <img decoding=\"async\" src=\"https:\/\/www.jvd.fr\/wp-content\/uploads\/2025\/07\/pu-leather-600x400.jpg\" width=\"600\" height=\"400\" alt=\"Accessoires sur-mesure effet naturel avec cuir, bois ou pierre\" loading=\"lazy\" \/>\n\t\t\t                <\/figure>\n            <div class=\"jvd-card__content\">\n                <h3 class=\"jvd-card__title\">Texturas naturales<\/h3>                                <p class=\"jvd-card__text\">Efecto cuero, madera, piedra, arena&#8230;<\/p>\n                            <\/div>\n        <\/div>\n\t\t        <div class=\"jvd-card\" data-link=\"0\" data-img-ratio=\"landscape\" data-text-pos=\"under\">\n            <figure class=\"jvd-card__img\">\n\t\t\t                    <img decoding=\"async\" src=\"https:\/\/www.jvd.fr\/wp-content\/uploads\/2025\/07\/resin-600x400.jpg\" width=\"600\" height=\"400\" alt=\"Accessoires sur-mesure avec effet marbre ou terrazzo\" loading=\"lazy\" \/>\n\t\t\t                <\/figure>\n            <div class=\"jvd-card__content\">\n                <h3 class=\"jvd-card__title\">Resina y efecto mineral<\/h3>                                <p class=\"jvd-card__text\">M\u00e1rmol o terrazo<\/p>\n                            <\/div>\n        <\/div>\n\t\t        <div class=\"jvd-card\" data-link=\"0\" data-img-ratio=\"landscape\" data-text-pos=\"under\">\n            <figure class=\"jvd-card__img\">\n\t\t\t                    <img decoding=\"async\" src=\"https:\/\/www.jvd.fr\/wp-content\/uploads\/2025\/07\/gold-and-steel-600x400.jpg\" width=\"600\" height=\"400\" alt=\"ac\" loading=\"lazy\" \/>\n\t\t\t                <\/figure>\n            <div class=\"jvd-card__content\">\n                <h3 class=\"jvd-card__title\">Metal<\/h3>                                <p class=\"jvd-card__text\">Detalles dorados o plateados<\/p>\n                            <\/div>\n        <\/div>\n\t\t        <div class=\"jvd-card\" data-link=\"0\" data-img-ratio=\"landscape\" data-text-pos=\"under\">\n            <figure class=\"jvd-card__img\">\n\t\t\t                    <img decoding=\"async\" src=\"https:\/\/www.jvd.fr\/wp-content\/uploads\/2025\/07\/acrylic-600x400.jpg\" width=\"600\" height=\"400\" alt=\"Accessoires sur-mesure - couleurs, mati\u00e8res et finitions uniques\" loading=\"lazy\" \/>\n\t\t\t                <\/figure>\n            <div class=\"jvd-card__content\">\n                <h3 class=\"jvd-card__title\">Acr\u00edlico, un cl\u00e1sico atemporal<\/h3>                                <p class=\"jvd-card__text\">Toques de negro mate, blanco crema&#8230;<\/p>\n                            <\/div>\n        <\/div>\n\t\t    <\/div>\n    <\/div>\n<\/div>\n\n\n\n<div class=\"wp-block-group has-pinetree-background-color has-background has-global-padding is-layout-constrained wp-container-core-group-is-layout-47db984f wp-block-group-is-layout-constrained\" style=\"border-style:none;border-width:0px;border-radius:25px;margin-bottom:var(--wp--preset--spacing--100);padding-top:var(--wp--preset--spacing--75);padding-right:var(--wp--preset--spacing--75);padding-bottom:var(--wp--preset--spacing--75);padding-left:var(--wp--preset--spacing--75)\">\n<h2 class=\"wp-block-heading has-text-align-center has-lightgrey-color has-text-color has-link-color wp-elements-f8f57b69ae7fe2c74962be3f2618632c\">\u00bfEst\u00e1s interesado en la oferta a medida?<\/h2>\n\n\n\n<p class=\"has-text-align-center has-lightgrey-color has-text-color has-link-color wp-elements-2fa20f49d7a708eb7af2f87201dda1f6\">Tanto si deseas m\u00e1s informaci\u00f3n sobre esta propuesta como si buscas asesoramiento experto, estaremos encantados de atenderte por videollamada o tel\u00e9fono.<\/p>\n\n\n\n<div class=\"wp-block-buttons is-content-justification-center is-layout-flex wp-container-core-buttons-is-layout-a89b3969 wp-block-buttons-is-layout-flex\">\n<div class=\"wp-block-button is-style-secondary-button\"><a class=\"wp-block-button__link wp-element-button\" href=\"https:\/\/share-eu1.hsforms.com\/1E-hSxlDMT6u7yy8xFxdFkgexg1v\" target=\"_blank\" rel=\"noreferrer noopener\">Cont\u00e1ctanos<\/a><\/div>\n<\/div>\n<\/div>\n\n\n\n<div class=\"wp-block-group has-global-padding is-layout-constrained wp-block-group-is-layout-constrained\" style=\"margin-bottom:var(--wp--preset--spacing--100)\">\n<h2 class=\"wp-block-heading has-text-align-center\">Insp\u00edrate con accesorios a medida ya creado<\/h2>\n\n\n\n<div id=\"wp-block-jvd-cards-block_42eb38304008c942e829766327a5e18e\" class=\"wp-block-jvd-cards align wp-block-acf-cards\">\n\t    <div class=\"jvd-cards\" data-display=\"mosaic\" data-columns=\"0\" data-count=\"5\" data-parity=\"odd\">\n\t\t        <div class=\"jvd-card\" data-link=\"0\" data-img-ratio=\"landscape\" data-text-pos=\"under\">\n            <figure class=\"jvd-card__img\">\n\t\t\t                    <img decoding=\"async\" src=\"https:\/\/www.jvd.fr\/wp-content\/uploads\/2025\/07\/tons-chauds-600x400.jpg\" width=\"600\" height=\"400\" alt=\"Accessoires sur-mesure orang\u00e9s\" loading=\"lazy\" \/>\n\t\t\t                <\/figure>\n            <div class=\"jvd-card__content\">\n                <h3 class=\"jvd-card__title\">Suavidad tierra de Siena<\/h3>                                <p class=\"jvd-card__text\">Una atm\u00f3sfera c\u00e1lida y envolvente donde los tonos anaranjados y la madera se combinan con materiales naturales como tejidos claros y blanco crema. Un equilibrio sutil entre autenticidad y elegancia.<\/p>\n                            <\/div>\n        <\/div>\n\t\t        <div class=\"jvd-card\" data-link=\"0\" data-img-ratio=\"landscape\" data-text-pos=\"under\">\n            <figure class=\"jvd-card__img\">\n\t\t\t                    <img decoding=\"async\" src=\"https:\/\/www.jvd.fr\/wp-content\/uploads\/2025\/07\/chic-et-elegant-600x400.jpg\" width=\"600\" height=\"400\" alt=\"Acce\" loading=\"lazy\" \/>\n\t\t\t                <\/figure>\n            <div class=\"jvd-card__content\">\n                <h3 class=\"jvd-card__title\">Sublime Negro &amp; Dorado<\/h3>                                <p class=\"jvd-card__text\">Una propuesta sofisticada en la que el negro mate y el dorado aportan un toque moderno, creando un espacio atemporal y chic.<\/p>\n                            <\/div>\n        <\/div>\n\t\t        <div class=\"jvd-card\" data-link=\"0\" data-img-ratio=\"landscape\" data-text-pos=\"under\">\n            <figure class=\"jvd-card__img\">\n\t\t\t                    <img decoding=\"async\" src=\"https:\/\/www.jvd.fr\/wp-content\/uploads\/2025\/07\/moderne-et-epure-600x400.jpg\" width=\"600\" height=\"400\" alt=\"\" loading=\"lazy\" \/>\n\t\t\t                <\/figure>\n            <div class=\"jvd-card__content\">\n                <h3 class=\"jvd-card__title\">Brillo de oliva<\/h3>                                <p class=\"jvd-card__text\">Un ambiente luminoso y natural, donde el verde oliva se funde con la madera clara y el blanco crema para lograr una atm\u00f3sfera fresca y contempor\u00e1nea.<\/p>\n                            <\/div>\n        <\/div>\n\t\t        <div class=\"jvd-card\" data-link=\"0\" data-img-ratio=\"landscape\" data-text-pos=\"under\">\n            <figure class=\"jvd-card__img\">\n\t\t\t                    <img decoding=\"async\" src=\"https:\/\/www.jvd.fr\/wp-content\/uploads\/2025\/07\/moderne-et-elegant-1-600x400.jpg\" width=\"600\" height=\"400\" alt=\"\" loading=\"lazy\" \/>\n\t\t\t                <\/figure>\n            <div class=\"jvd-card__content\">\n                <h3 class=\"jvd-card__title\">Elegancia Cuero &amp; Madera<\/h3>                                <p class=\"jvd-card__text\">Una fusi\u00f3n c\u00e1lida de marrones profundos y texturas naturales, que aporta un aire moderno y elegante con una calidez de inspiraci\u00f3n org\u00e1nica.<\/p>\n                            <\/div>\n        <\/div>\n\t\t        <div class=\"jvd-card\" data-link=\"0\" data-img-ratio=\"landscape\" data-text-pos=\"under\">\n            <figure class=\"jvd-card__img\">\n\t\t\t                    <img decoding=\"async\" src=\"https:\/\/www.jvd.fr\/wp-content\/uploads\/2025\/07\/ambiance-des-iles-600x400.jpg\" width=\"600\" height=\"400\" alt=\"\" loading=\"lazy\" \/>\n\t\t\t                <\/figure>\n            <div class=\"jvd-card__content\">\n                <h3 class=\"jvd-card__title\">Escapada ex\u00f3tica<\/h3>                                <p class=\"jvd-card__text\">Una atm\u00f3sfera tropical y relajante, en la que los tonos madera y los materiales naturales se armonizan para dar forma a un espacio refinado y acogedor.<\/p>\n                            <\/div>\n        <\/div>\n\t\t    <\/div>\n    <\/div>\n<\/div>\n\n\n\n<div class=\"wp-block-group is-layout-flow wp-block-group-is-layout-flow\">\n<h2 class=\"wp-block-heading has-text-align-center\">Descubre las colecciones ya existentes<\/h2>\n\n\n\n<div id=\"wp-block-jvd-cards-block_7e204bc5e71b387c3045b3d549ff573f\" class=\"wp-block-jvd-cards align wp-block-acf-cards\">\n\t    <div class=\"swiper jvd-carousel js_cards\" data-display=\"carrousel\">\n        <div class=\"swiper__nav\">\n            <div class=\"swiper__nav__prev js_cards_prev\">\n                <svg width=\"13\" height=\"20\" aria-hidden=\"true\" role=\"presentation\"><use xlink:href=\"#slide-prev\"\/><\/svg>\n            <\/div>\n            <div class=\"swiper__nav__next js_cards_next\">\n                <svg width=\"13\" height=\"20\" aria-hidden=\"true\" role=\"presentation\"><use xlink:href=\"#slide-next\"\/><\/svg>\n            <\/div>\n        <\/div>\n        <div class=\"swiper-wrapper\">\n                        <div class=\"swiper-slide\">\n                <div class=\"jvd-card\" data-link=\"1\" data-img-ratio=\"landscape\" data-text-pos=\"under\">\n                                        <figure class=\"jvd-card__img\">\n                                                    <img decoding=\"async\" src=\"https:\/\/www.jvd.fr\/wp-content\/uploads\/2025\/06\/kaizen-600x400.jpg\" width=\"600\" height=\"400\" alt=\"collection d&#039;accessoires Kaizen pour chambre d&#039;h\u00f4tel\" loading=\"lazy\" \/>\n                                            <\/figure>\n                    <div class=\"jvd-card__content\">\n                                                <h3 class=\"jvd-card__title\">\n                                                        <a href=\"https:\/\/www.jvd.fr\/es\/categorie\/bandejas-bienvenida-hotel-kaizen\/\">\n                                                        Colecci\u00f3n KAIZEN                                                        <\/a>\n                                                    <\/h3>\n                                                <p class=\"jvd-card__text\">Tonos naturales y suaves<\/p>\n                    <\/div>\n                <\/div>\n            <\/div>\n                        <div class=\"swiper-slide\">\n                <div class=\"jvd-card\" data-link=\"1\" data-img-ratio=\"landscape\" data-text-pos=\"under\">\n                                        <figure class=\"jvd-card__img\">\n                                                    <img decoding=\"async\" src=\"https:\/\/www.jvd.fr\/wp-content\/uploads\/2025\/06\/terrazo-600x400.jpg\" width=\"600\" height=\"400\" alt=\"collection Terrazo d&#039;accessoires pour les salles de bain d&#039;h\u00f4tel\" loading=\"lazy\" \/>\n                                            <\/figure>\n                    <div class=\"jvd-card__content\">\n                                                <h3 class=\"jvd-card__title\">\n                                                        <a href=\"https:\/\/www.jvd.fr\/es\/categorie\/accesorios-bano-hotel-terrazo\/\">\n                                                        Colecci\u00f3n TERRAZZO                                                        <\/a>\n                                                    <\/h3>\n                                                <p class=\"jvd-card__text\">Est\u00e9tica cruda y natural<\/p>\n                    <\/div>\n                <\/div>\n            <\/div>\n                        <div class=\"swiper-slide\">\n                <div class=\"jvd-card\" data-link=\"1\" data-img-ratio=\"landscape\" data-text-pos=\"under\">\n                                        <figure class=\"jvd-card__img\">\n                                                    <img decoding=\"async\" src=\"https:\/\/www.jvd.fr\/wp-content\/uploads\/2025\/06\/tangerine-600x400.jpg\" width=\"600\" height=\"400\" alt=\"collection Tangerine d&#039;accessoires pour chambre d&#039;h\u00f4tel avec cuir orang\u00e9\" loading=\"lazy\" \/>\n                                            <\/figure>\n                    <div class=\"jvd-card__content\">\n                                                <h3 class=\"jvd-card__title\">\n                                                        <a href=\"https:\/\/www.jvd.fr\/es\/categorie\/accesorios-hotel-tangerine\/\">\n                                                        Colecci\u00f3n TANGERINE                                                        <\/a>\n                                                    <\/h3>\n                                                <p class=\"jvd-card__text\">Cuero moderno con un aire retro<\/p>\n                    <\/div>\n                <\/div>\n            <\/div>\n                        <div class=\"swiper-slide\">\n                <div class=\"jvd-card\" data-link=\"1\" data-img-ratio=\"landscape\" data-text-pos=\"under\">\n                                        <figure class=\"jvd-card__img\">\n                                                    <img decoding=\"async\" src=\"https:\/\/www.jvd.fr\/wp-content\/uploads\/2025\/06\/jvx042-cavern2-600x400.jpg\" width=\"600\" height=\"400\" alt=\"\" loading=\"lazy\" \/>\n                                            <\/figure>\n                    <div class=\"jvd-card__content\">\n                                                <h3 class=\"jvd-card__title\">\n                                                        <a href=\"https:\/\/www.jvd.fr\/es\/categorie\/accesorios-hotel-cavern\/\">\n                                                        Colecci\u00f3n CAVERN                                                        <\/a>\n                                                    <\/h3>\n                                                <p class=\"jvd-card__text\">Textura efecto piedra<\/p>\n                    <\/div>\n                <\/div>\n            <\/div>\n                    <\/div>\n    <\/div>\n    <\/div>\n<\/div>\n","protected":false},"excerpt":{"rendered":"<p>\u00bfTe gustar\u00eda crear tus propios accesorios? Los accesorios a medida para hoteles permiten crear espacios \u00fanicos y personalizados en habitaciones y ba\u00f1os. Dise\u00f1ada seg\u00fan tus exigencias, esta oferta te da la libertad de elegir colores, texturas y acabados que reflejen tu estilo y el car\u00e1cter de tu establecimiento. Puedes elegir entre una amplia gama de [&hellip;]<\/p>\n","protected":false},"author":9,"featured_media":0,"parent":0,"menu_order":0,"comment_status":"closed","ping_status":"closed","template":"","meta":{"_acf_changed":false,"content-type":"","_searchwp_excluded":"","inline_featured_image":false,"footnotes":""},"class_list":["post-32484","page","type-page","status-publish","hentry"],"acf":[],"yoast_head":"<!-- This site is optimized with the Yoast SEO plugin v27.1.1 - https:\/\/yoast.com\/product\/yoast-seo-wordpress\/ -->\n<title>Accesorios a medida para hoteles | JVD<\/title>\n<meta name=\"description\" content=\"Accesorios a medida para hoteles: personaliza colores, texturas y acabados para crear espacios \u00fanicos. Fabricado en Francia.\" \/>\n<meta name=\"robots\" content=\"index, follow, max-snippet:-1, max-image-preview:large, max-video-preview:-1\" \/>\n<link rel=\"canonical\" href=\"https:\/\/www.jvd.fr\/es\/accesorios-a-medida-hoteles\/\" \/>\n<meta property=\"og:locale\" content=\"es_ES\" \/>\n<meta property=\"og:type\" content=\"article\" \/>\n<meta property=\"og:title\" content=\"Accesorios a medida para hoteles | JVD\" \/>\n<meta property=\"og:description\" content=\"Accesorios a medida para hoteles: personaliza colores, texturas y acabados para crear espacios \u00fanicos. Fabricado en Francia.\" \/>\n<meta property=\"og:url\" content=\"https:\/\/www.jvd.fr\/es\/accesorios-a-medida-hoteles\/\" \/>\n<meta property=\"og:site_name\" content=\"JVD\" \/>\n<meta property=\"article:modified_time\" content=\"2025-09-15T12:48:40+00:00\" \/>\n<meta property=\"og:image\" content=\"https:\/\/www.jvd.fr\/wp-content\/uploads\/2025\/06\/detailcavern-600x600.jpg\" \/>\n<script type=\"application\/ld+json\" class=\"yoast-schema-graph\">{\"@context\":\"https:\/\/schema.org\",\"@graph\":[{\"@type\":\"WebPage\",\"@id\":\"https:\/\/www.jvd.fr\/es\/accesorios-a-medida-hoteles\/\",\"url\":\"https:\/\/www.jvd.fr\/es\/accesorios-a-medida-hoteles\/\",\"name\":\"Accesorios a medida para hoteles | JVD\",\"isPartOf\":{\"@id\":\"https:\/\/www.jvd.fr\/es\/#website\"},\"primaryImageOfPage\":{\"@id\":\"https:\/\/www.jvd.fr\/es\/accesorios-a-medida-hoteles\/#primaryimage\"},\"image\":{\"@id\":\"https:\/\/www.jvd.fr\/es\/accesorios-a-medida-hoteles\/#primaryimage\"},\"thumbnailUrl\":\"https:\/\/www.jvd.fr\/wp-content\/uploads\/2025\/06\/detailcavern-600x600.jpg\",\"datePublished\":\"2025-07-03T10:00:06+00:00\",\"dateModified\":\"2025-09-15T12:48:40+00:00\",\"description\":\"Accesorios a medida para hoteles: personaliza colores, texturas y acabados para crear espacios \u00fanicos. Fabricado en Francia.\",\"breadcrumb\":{\"@id\":\"https:\/\/www.jvd.fr\/es\/accesorios-a-medida-hoteles\/#breadcrumb\"},\"inLanguage\":\"es\",\"potentialAction\":[{\"@type\":\"ReadAction\",\"target\":[\"https:\/\/www.jvd.fr\/es\/accesorios-a-medida-hoteles\/\"]}]},{\"@type\":\"ImageObject\",\"inLanguage\":\"es\",\"@id\":\"https:\/\/www.jvd.fr\/es\/accesorios-a-medida-hoteles\/#primaryimage\",\"url\":\"https:\/\/www.jvd.fr\/wp-content\/uploads\/2025\/06\/detailcavern-600x600.jpg\",\"contentUrl\":\"https:\/\/www.jvd.fr\/wp-content\/uploads\/2025\/06\/detailcavern-600x600.jpg\"},{\"@type\":\"BreadcrumbList\",\"@id\":\"https:\/\/www.jvd.fr\/es\/accesorios-a-medida-hoteles\/#breadcrumb\",\"itemListElement\":[{\"@type\":\"ListItem\",\"position\":1,\"name\":\"Accueil\",\"item\":\"https:\/\/www.jvd.fr\/es\/\"},{\"@type\":\"ListItem\",\"position\":2,\"name\":\"Accesorios a medida\"}]},{\"@type\":\"WebSite\",\"@id\":\"https:\/\/www.jvd.fr\/es\/#website\",\"url\":\"https:\/\/www.jvd.fr\/es\/\",\"name\":\"JVD\",\"description\":\"Products that care\",\"potentialAction\":[{\"@type\":\"SearchAction\",\"target\":{\"@type\":\"EntryPoint\",\"urlTemplate\":\"https:\/\/www.jvd.fr\/es\/?s={search_term_string}\"},\"query-input\":{\"@type\":\"PropertyValueSpecification\",\"valueRequired\":true,\"valueName\":\"search_term_string\"}}],\"inLanguage\":\"es\"}]}<\/script>\n<!-- \/ Yoast SEO plugin. -->","yoast_head_json":{"title":"Accesorios a medida para hoteles | JVD","description":"Accesorios a medida para hoteles: personaliza colores, texturas y acabados para crear espacios \u00fanicos. Fabricado en Francia.","robots":{"index":"index","follow":"follow","max-snippet":"max-snippet:-1","max-image-preview":"max-image-preview:large","max-video-preview":"max-video-preview:-1"},"canonical":"https:\/\/www.jvd.fr\/es\/accesorios-a-medida-hoteles\/","og_locale":"es_ES","og_type":"article","og_title":"Accesorios a medida para hoteles | JVD","og_description":"Accesorios a medida para hoteles: personaliza colores, texturas y acabados para crear espacios \u00fanicos. Fabricado en Francia.","og_url":"https:\/\/www.jvd.fr\/es\/accesorios-a-medida-hoteles\/","og_site_name":"JVD","article_modified_time":"2025-09-15T12:48:40+00:00","og_image":[{"url":"https:\/\/www.jvd.fr\/wp-content\/uploads\/2025\/06\/detailcavern-600x600.jpg","type":"","width":"","height":""}],"schema":{"@context":"https:\/\/schema.org","@graph":[{"@type":"WebPage","@id":"https:\/\/www.jvd.fr\/es\/accesorios-a-medida-hoteles\/","url":"https:\/\/www.jvd.fr\/es\/accesorios-a-medida-hoteles\/","name":"Accesorios a medida para hoteles | JVD","isPartOf":{"@id":"https:\/\/www.jvd.fr\/es\/#website"},"primaryImageOfPage":{"@id":"https:\/\/www.jvd.fr\/es\/accesorios-a-medida-hoteles\/#primaryimage"},"image":{"@id":"https:\/\/www.jvd.fr\/es\/accesorios-a-medida-hoteles\/#primaryimage"},"thumbnailUrl":"https:\/\/www.jvd.fr\/wp-content\/uploads\/2025\/06\/detailcavern-600x600.jpg","datePublished":"2025-07-03T10:00:06+00:00","dateModified":"2025-09-15T12:48:40+00:00","description":"Accesorios a medida para hoteles: personaliza colores, texturas y acabados para crear espacios \u00fanicos. Fabricado en Francia.","breadcrumb":{"@id":"https:\/\/www.jvd.fr\/es\/accesorios-a-medida-hoteles\/#breadcrumb"},"inLanguage":"es","potentialAction":[{"@type":"ReadAction","target":["https:\/\/www.jvd.fr\/es\/accesorios-a-medida-hoteles\/"]}]},{"@type":"ImageObject","inLanguage":"es","@id":"https:\/\/www.jvd.fr\/es\/accesorios-a-medida-hoteles\/#primaryimage","url":"https:\/\/www.jvd.fr\/wp-content\/uploads\/2025\/06\/detailcavern-600x600.jpg","contentUrl":"https:\/\/www.jvd.fr\/wp-content\/uploads\/2025\/06\/detailcavern-600x600.jpg"},{"@type":"BreadcrumbList","@id":"https:\/\/www.jvd.fr\/es\/accesorios-a-medida-hoteles\/#breadcrumb","itemListElement":[{"@type":"ListItem","position":1,"name":"Accueil","item":"https:\/\/www.jvd.fr\/es\/"},{"@type":"ListItem","position":2,"name":"Accesorios a medida"}]},{"@type":"WebSite","@id":"https:\/\/www.jvd.fr\/es\/#website","url":"https:\/\/www.jvd.fr\/es\/","name":"JVD","description":"Products that care","potentialAction":[{"@type":"SearchAction","target":{"@type":"EntryPoint","urlTemplate":"https:\/\/www.jvd.fr\/es\/?s={search_term_string}"},"query-input":{"@type":"PropertyValueSpecification","valueRequired":true,"valueName":"search_term_string"}}],"inLanguage":"es"}]}},"_links":{"self":[{"href":"https:\/\/www.jvd.fr\/es\/wp-json\/wp\/v2\/pages\/32484","targetHints":{"allow":["GET"]}}],"collection":[{"href":"https:\/\/www.jvd.fr\/es\/wp-json\/wp\/v2\/pages"}],"about":[{"href":"https:\/\/www.jvd.fr\/es\/wp-json\/wp\/v2\/types\/page"}],"author":[{"embeddable":true,"href":"https:\/\/www.jvd.fr\/es\/wp-json\/wp\/v2\/users\/9"}],"replies":[{"embeddable":true,"href":"https:\/\/www.jvd.fr\/es\/wp-json\/wp\/v2\/comments?post=32484"}],"version-history":[{"count":6,"href":"https:\/\/www.jvd.fr\/es\/wp-json\/wp\/v2\/pages\/32484\/revisions"}],"predecessor-version":[{"id":59742,"href":"https:\/\/www.jvd.fr\/es\/wp-json\/wp\/v2\/pages\/32484\/revisions\/59742"}],"wp:attachment":[{"href":"https:\/\/www.jvd.fr\/es\/wp-json\/wp\/v2\/media?parent=32484"}],"curies":[{"name":"wp","href":"https:\/\/api.w.org\/{rel}","templated":true}]}}