{"id":11980,"date":"2025-05-28T15:39:08","date_gmt":"2025-05-28T13:39:08","guid":{"rendered":"https:\/\/jvdwoo2025.dnstemporaire.fr\/?page_id=11980"},"modified":"2025-09-17T12:00:20","modified_gmt":"2025-09-17T10:00:20","slug":"como-elegir-un-secamanos","status":"publish","type":"page","link":"https:\/\/www.jvd.fr\/es\/secadores-manos-electricos\/como-elegir-un-secamanos\/","title":{"rendered":"\u00bfQu\u00e9 secamanos elegir?"},"content":{"rendered":"\n<div class=\"wp-block-columns is-layout-flex wp-container-core-columns-is-layout-af3aebae wp-block-columns-is-layout-flex\" style=\"margin-top:0;margin-bottom:var(--wp--preset--spacing--100)\">\n<div class=\"wp-block-column is-layout-flow wp-block-column-is-layout-flow\">\n<figure class=\"wp-block-image size-square has-custom-border is-style-rounded\"><img loading=\"lazy\" decoding=\"async\" width=\"600\" height=\"600\" src=\"https:\/\/www.jvd.fr\/wp-content\/uploads\/2025\/05\/etiquette-surseche-mains-fabriques-en-france-600x600.jpg\" alt=\"\u00e9tiquette Sur(s\u00e8che Mains Fabriqu\u00e9s En France\" class=\"wp-image-4051\" style=\"border-radius:20px;object-fit:cover\" srcset=\"https:\/\/www.jvd.fr\/wp-content\/uploads\/2025\/05\/etiquette-surseche-mains-fabriques-en-france-600x600.jpg 600w, https:\/\/www.jvd.fr\/wp-content\/uploads\/2025\/05\/etiquette-surseche-mains-fabriques-en-france-300x300.jpg 300w, https:\/\/www.jvd.fr\/wp-content\/uploads\/2025\/05\/etiquette-surseche-mains-fabriques-en-france-100x100.jpg 100w, https:\/\/www.jvd.fr\/wp-content\/uploads\/2025\/05\/etiquette-surseche-mains-fabriques-en-france-150x150.jpg 150w\" sizes=\"auto, (max-width: 600px) 100vw, 600px\" \/><\/figure>\n<\/div>\n\n\n\n<div class=\"wp-block-column is-vertically-aligned-center is-layout-flow wp-block-column-is-layout-flow\">\n<h2 class=\"wp-block-heading\"><strong><strong>C\u00f3mo elegir un secamanos: aire caliente o aire fr\u00edo<\/strong><\/strong><\/h2>\n\n\n\n<p style=\"border-radius:38px\">El tipo de aire que utiliza un secador de manos influye directamente en la comodidad del usuario y en la eficacia del secado. La elecci\u00f3n depende principalmente de la temperatura ambiente del lugar y de la experiencia que desee ofrecer.<\/p>\n\n\n\n<p><strong>En un espacio sin calefacci\u00f3n o con poca calefacci\u00f3n,<\/strong> un chorro de aire fr\u00edo puede resultar desagradable, especialmente en invierno. Para mantener la comodidad, se recomiendan dos opciones: un secador de manos de aire caliente con resistencia incorporada que emite aire templado, proporcionando una sensaci\u00f3n agradable y un secado r\u00e1pido.<\/p>\n\n\n\n<p><strong>En un espacio bien climatizado<\/strong>, un modelo de aire fr\u00edo es perfectamente adecuado. Suele ser m\u00e1s eficiente energ\u00e9ticamente, reduce la huella medioambiental y ofrece una velocidad de secado comparable.<\/p>\n\n\n\n<p style=\"border-radius:38px\">En resumen, elija un modelo de aire caliente o por evaporaci\u00f3n para entornos fr\u00edos y opte por un modelo de aire fr\u00edo en espacios templados para maximizar el ahorro energ\u00e9tico.<\/p>\n\n\n\n<div class=\"wp-block-buttons is-layout-flex wp-block-buttons-is-layout-flex\">\n<div class=\"wp-block-button is-style-fill\"><a class=\"wp-block-button__link wp-element-button\" href=\"https:\/\/www.jvd.fr\/es\/categorie\/secamanos\/\"><strong>Descubrir la gama de secamanos<\/strong><\/a><\/div>\n<\/div>\n<\/div>\n<\/div>\n\n\n\n<div class=\"wp-block-columns is-layout-flex wp-container-core-columns-is-layout-af3aebae wp-block-columns-is-layout-flex\" style=\"margin-top:0;margin-bottom:var(--wp--preset--spacing--100)\">\n<div class=\"wp-block-column is-vertically-aligned-center is-layout-flow wp-block-column-is-layout-flow\">\n<h2 class=\"wp-block-heading\"><strong><strong>\u00bfC\u00f3mo hacer accesible el secado de manos?<\/strong><\/strong><\/h2>\n\n\n\n<p style=\"border-radius:38px\">A diferencia de los secamanos con apertura horizontal, que pueden resultar dif\u00edciles de usar para personas en silla de ruedas, el dise\u00f1o vertical del modelo Exp\u2019air permite un secado natural de manos sin restricciones de postura.<\/p>\n\n\n\n<p>Esta ergonom\u00eda avanzada forma parte de un enfoque inclusivo, pensado para ofrecer una experiencia optimizada en espacios p\u00fablicos.<\/p>\n\n\n\n<div class=\"wp-block-buttons is-layout-flex wp-block-buttons-is-layout-flex\">\n<div class=\"wp-block-button is-style-fill\"><a class=\"wp-block-button__link wp-element-button\" href=\"https:\/\/www.jvd.fr\/es\/produit\/expair-negro\/\"><strong>Descubrir los secamanos Exp\u2019air<\/strong><\/a><\/div>\n<\/div>\n<\/div>\n\n\n\n<div class=\"wp-block-column is-layout-flow wp-block-column-is-layout-flow\">\n<figure class=\"wp-block-image size-square has-custom-border is-style-rounded\"><img loading=\"lazy\" decoding=\"async\" width=\"600\" height=\"533\" src=\"https:\/\/www.jvd.fr\/wp-content\/uploads\/2025\/06\/amb-expair-5-pmr-600x533.jpg\" alt=\"personne en fauteuil roulant qui se s\u00e8che les mains avec un s\u00e8che-mains JVD adapt\u00e9\" class=\"wp-image-5097\" style=\"border-radius:20px;object-fit:cover\"\/><\/figure>\n<\/div>\n<\/div>\n\n\n\n<div class=\"wp-block-group has-lightgrey-background-color has-background has-global-padding is-layout-constrained wp-container-core-group-is-layout-92aa3f89 wp-block-group-is-layout-constrained\" style=\"border-radius:25px;margin-top:0;margin-bottom:var(--wp--preset--spacing--125);padding-top:var(--wp--preset--spacing--75);padding-right:var(--wp--preset--spacing--75);padding-bottom:var(--wp--preset--spacing--75);padding-left:var(--wp--preset--spacing--75)\">\n<h2 class=\"wp-block-heading\">Presupuesto: la ventaja de los secamanos de aire pulsado<\/h2>\n\n\n\n<p>Con 40 a\u00f1os de experiencia, JVD es un actor clave del equipamiento hotelero, reconocido por la calidad e innovaci\u00f3n de sus soluciones. JVD equipa establecimientos en 104 pa\u00edses, desde hoteles independientes hasta las principales cadenas internacionales, que conf\u00edan en la marca por su capacidad para responder a altos niveles de confort y rendimiento.<\/p>\n\n\n\n<p>Nuestros productos est\u00e1n dise\u00f1ados para combinar funcionalidad, dise\u00f1o y durabilidad, teniendo en cuenta las necesidades espec\u00edficas de cada entorno. Desde ba\u00f1os hasta habitaciones y zonas comunes, nuestras soluciones responden a los retos actuales y anticipan los del futuro.<\/p>\n\n\n\n<div class=\"wp-block-buttons is-content-justification-center is-layout-flex wp-container-core-buttons-is-layout-a89b3969 wp-block-buttons-is-layout-flex\">\n<div class=\"wp-block-button is-style-white-button\"><a class=\"wp-block-button__link has-text-align-center wp-element-button\" href=\"https:\/\/www.jvd.fr\/es\/categorie\/aire-forzado\/\" style=\"padding-right:var(--wp--preset--spacing--25);padding-left:var(--wp--preset--spacing--25)\"><strong>M\u00e1s informaci\u00f3n<\/strong><\/a><\/div>\n<\/div>\n<\/div>\n\n\n\n<div class=\"wp-block-columns is-layout-flex wp-container-core-columns-is-layout-fdb74459 wp-block-columns-is-layout-flex\" style=\"margin-bottom:var(--wp--preset--spacing--100)\">\n<div class=\"wp-block-column is-layout-flow wp-block-column-is-layout-flow\">\n<figure class=\"wp-block-image size-square has-custom-border is-style-rounded\"><img loading=\"lazy\" decoding=\"async\" width=\"600\" height=\"533\" src=\"https:\/\/www.jvd.fr\/wp-content\/uploads\/2025\/06\/8-11-1400-zephyr-noir-600x533.jpg\" alt=\"c\u00f3mo elegir un secamanos f\u00e1cil de mantener\" class=\"wp-image-5101\" style=\"border-radius:20px;object-fit:cover\"\/><\/figure>\n<\/div>\n\n\n\n<div class=\"wp-block-column is-vertically-aligned-center is-layout-flow wp-block-column-is-layout-flow\" style=\"border-style:none;border-width:0px\">\n<h2 class=\"wp-block-heading\"><strong>Elegir un secamanos seg\u00fan el nivel de ruido (o su silencio)<\/strong><\/h2>\n\n\n\n<p style=\"border-radius:38px\">Cerca de oficinas o comedores, el ruido de un secamanos puede convertirse en una molestia. Adem\u00e1s, la mayor\u00eda de los modelos de aire caliente son relativamente silenciosos.<\/p>\n\n\n\n<p>Los secamanos de aire pulsado tambi\u00e9n logran combinar rendimiento con bajos niveles de ruido.<\/p>\n\n\n\n<div class=\"wp-block-buttons is-layout-flex wp-block-buttons-is-layout-flex\">\n<div class=\"wp-block-button is-style-fill\"><a class=\"wp-block-button__link wp-element-button\" href=\"https:\/\/www.jvd.fr\/es\/categorie\/aire-caliente\/\"><strong>Descubrir la gama de secamanos<\/strong><\/a><\/div>\n<\/div>\n<\/div>\n<\/div>\n\n\n\n<div class=\"wp-block-columns is-layout-flex wp-container-core-columns-is-layout-af3aebae wp-block-columns-is-layout-flex\" style=\"margin-top:0;margin-bottom:var(--wp--preset--spacing--100)\">\n<div class=\"wp-block-column is-vertically-aligned-center is-layout-flow wp-block-column-is-layout-flow\" style=\"border-style:none;border-width:0px\">\n<h2 class=\"wp-block-heading\"><strong><strong>Elegir un secamanos f\u00e1cil de mantener<\/strong><\/strong><\/h2>\n\n\n\n<p style=\"border-radius:38px\">Por otro lado, algunos secamanos apenas requieren mantenimiento. Para aquellos con bandeja de recogida de agua, como los modelos Exp\u2019air o Stell\u2019air de JVD, bastar\u00e1 con vaciarla de forma ocasional para garantizar una higiene impecable.<\/p>\n\n\n\n<p>En los modelos con filtro antibacteriano o filtro de cobre, simplemente hay que limpiarlo o sustituirlo para mantener su eficacia.<\/p>\n\n\n\n<div class=\"wp-block-buttons is-layout-flex wp-block-buttons-is-layout-flex\">\n<div class=\"wp-block-button is-style-fill\"><a class=\"wp-block-button__link wp-element-button\" href=\"https:\/\/www.jvd.fr\/es\/categorie\/aire-forzado\/\"><strong>La gama de secamanos el\u00e9ctricos JVD<\/strong><\/a><\/div>\n<\/div>\n<\/div>\n\n\n\n<div class=\"wp-block-column is-layout-flow wp-block-column-is-layout-flow\">\n<figure class=\"wp-block-image size-square has-custom-border is-style-rounded\"><img loading=\"lazy\" decoding=\"async\" width=\"600\" height=\"600\" src=\"https:\/\/www.jvd.fr\/wp-content\/uploads\/2025\/06\/seche-mains-expair-jvd-copie-600x600.jpg\" alt=\"c\u00f3mo elegir un secamanos seg\u00fan el nivel de ruido\" class=\"wp-image-5105\" style=\"border-radius:20px;object-fit:cover\" srcset=\"https:\/\/www.jvd.fr\/wp-content\/uploads\/2025\/06\/seche-mains-expair-jvd-copie-600x600.jpg 600w, https:\/\/www.jvd.fr\/wp-content\/uploads\/2025\/06\/seche-mains-expair-jvd-copie-300x300.jpg 300w, https:\/\/www.jvd.fr\/wp-content\/uploads\/2025\/06\/seche-mains-expair-jvd-copie-100x100.jpg 100w, https:\/\/www.jvd.fr\/wp-content\/uploads\/2025\/06\/seche-mains-expair-jvd-copie-150x150.jpg 150w\" sizes=\"auto, (max-width: 600px) 100vw, 600px\" \/><\/figure>\n<\/div>\n<\/div>\n\n\n\n<div class=\"wp-block-group has-lightgrey-background-color has-background has-global-padding is-layout-constrained wp-container-core-group-is-layout-2575833b wp-block-group-is-layout-constrained\" style=\"border-radius:25px;padding-top:var(--wp--preset--spacing--75);padding-right:var(--wp--preset--spacing--75);padding-bottom:var(--wp--preset--spacing--75);padding-left:var(--wp--preset--spacing--75);background-image:url(&apos;https:\/\/www.jvd.fr\/wp-content\/uploads\/2025\/05\/lavage-mains-et-sechage-shcee-mains-jvd.jpg&apos;);background-position:47% 41%;background-size:cover;\">\n<div class=\"wp-block-columns is-layout-flex wp-container-core-columns-is-layout-cbe57604 wp-block-columns-is-layout-flex\">\n<div class=\"wp-block-column is-layout-flow wp-block-column-is-layout-flow\" style=\"flex-basis:50%\">\n<figure class=\"wp-block-image size-medium\"><img loading=\"lazy\" decoding=\"async\" width=\"600\" height=\"338\" src=\"https:\/\/www.jvd.fr\/wp-content\/uploads\/2025\/05\/tablette-economies-liees-a-utilisation-shcee-mains-jvd-600x338.png\" alt=\"\" class=\"wp-image-3972\" style=\"object-fit:cover\" srcset=\"https:\/\/www.jvd.fr\/wp-content\/uploads\/2025\/05\/tablette-economies-liees-a-utilisation-shcee-mains-jvd-600x338.png 600w, https:\/\/www.jvd.fr\/wp-content\/uploads\/2025\/05\/tablette-economies-liees-a-utilisation-shcee-mains-jvd-120x68.png 120w, https:\/\/www.jvd.fr\/wp-content\/uploads\/2025\/05\/tablette-economies-liees-a-utilisation-shcee-mains-jvd-640x360.png 640w, https:\/\/www.jvd.fr\/wp-content\/uploads\/2025\/05\/tablette-economies-liees-a-utilisation-shcee-mains-jvd-1280x720.png 1280w, https:\/\/www.jvd.fr\/wp-content\/uploads\/2025\/05\/tablette-economies-liees-a-utilisation-shcee-mains-jvd.png 1920w\" sizes=\"auto, (max-width: 600px) 100vw, 600px\" \/><\/figure>\n<\/div>\n\n\n\n<div class=\"wp-block-column is-layout-flow wp-block-column-is-layout-flow\" style=\"flex-basis:50%\">\n<h2 class=\"wp-block-heading has-white-color has-text-color has-link-color wp-elements-90ff74e89434fa9f594e28496aaf557b\"><strong>Calcula tus ahorros al pasarte al secamanos el\u00e9ctrico JVD<\/strong><\/h2>\n\n\n\n<p class=\"has-white-color has-text-color has-link-color wp-elements-4848fdb567c37bda6b800efea6f06311\">\u00a1Hasta 10 veces m\u00e1s econ\u00f3mico que el papel!<\/p>\n\n\n\n<p class=\"has-white-color has-text-color has-link-color wp-elements-a0de38eabb29a73737834059a28be1e8\">Descubre cu\u00e1nto puedes ahorrar al instalar un secamanos el\u00e9ctrico JVD como el modelo Sup\u2019air, fabricado en Francia.<\/p>\n\n\n\n<div class=\"wp-block-buttons is-content-justification-left is-layout-flex wp-container-core-buttons-is-layout-fc4fd283 wp-block-buttons-is-layout-flex\">\n<div class=\"wp-block-button is-style-fill\"><a class=\"wp-block-button__link has-text-align-center wp-element-button\" href=\"https:\/\/www.jvd.fr\/es\/secadores-manos-electricos\/calculador-ahorro-secamanos\/\" style=\"padding-right:var(--wp--preset--spacing--25);padding-left:var(--wp--preset--spacing--25)\"><strong>Calcular tus ahorros<\/strong><\/a><\/div>\n<\/div>\n<\/div>\n<\/div>\n<\/div>\n","protected":false},"excerpt":{"rendered":"<p>C\u00f3mo elegir un secamanos: aire caliente o aire fr\u00edo El tipo de aire que utiliza un secador de manos influye directamente en la comodidad del usuario y en la eficacia del secado. La elecci\u00f3n depende principalmente de la temperatura ambiente del lugar y de la experiencia que desee ofrecer. En un espacio sin calefacci\u00f3n o [&hellip;]<\/p>\n","protected":false},"author":9,"featured_media":0,"parent":5653,"menu_order":0,"comment_status":"closed","ping_status":"closed","template":"","meta":{"_acf_changed":false,"content-type":"","_searchwp_excluded":"","inline_featured_image":false,"footnotes":""},"class_list":["post-11980","page","type-page","status-publish","hentry"],"acf":[],"yoast_head":"<!-- This site is optimized with the Yoast SEO plugin v27.1.1 - https:\/\/yoast.com\/product\/yoast-seo-wordpress\/ -->\n<title>C\u00f3mo elegir un secamanos | Soluciones JVD profesionales<\/title>\n<meta name=\"description\" content=\"Descubre c\u00f3mo elegir un secamanos seg\u00fan el ruido, mantenimiento, consumo y accesibilidad. Soluciones JVD adaptadas a cada espacio.\" \/>\n<meta name=\"robots\" content=\"index, follow, max-snippet:-1, max-image-preview:large, max-video-preview:-1\" \/>\n<link rel=\"canonical\" href=\"https:\/\/www.jvd.fr\/es\/secadores-manos-electricos\/como-elegir-un-secamanos\/\" \/>\n<meta property=\"og:locale\" content=\"es_ES\" \/>\n<meta property=\"og:type\" content=\"article\" \/>\n<meta property=\"og:title\" content=\"C\u00f3mo elegir un secamanos | Soluciones JVD profesionales\" \/>\n<meta property=\"og:description\" content=\"Descubre c\u00f3mo elegir un secamanos seg\u00fan el ruido, mantenimiento, consumo y accesibilidad. Soluciones JVD adaptadas a cada espacio.\" \/>\n<meta property=\"og:url\" content=\"https:\/\/www.jvd.fr\/es\/secadores-manos-electricos\/como-elegir-un-secamanos\/\" \/>\n<meta property=\"og:site_name\" content=\"JVD\" \/>\n<meta property=\"article:modified_time\" content=\"2025-09-17T10:00:20+00:00\" \/>\n<meta property=\"og:image\" content=\"https:\/\/www.jvd.fr\/wp-content\/uploads\/2025\/05\/etiquette-surseche-mains-fabriques-en-france.jpg\" \/>\n\t<meta property=\"og:image:width\" content=\"1200\" \/>\n\t<meta property=\"og:image:height\" content=\"800\" \/>\n\t<meta property=\"og:image:type\" content=\"image\/jpeg\" \/>\n<script type=\"application\/ld+json\" class=\"yoast-schema-graph\">{\"@context\":\"https:\/\/schema.org\",\"@graph\":[{\"@type\":\"WebPage\",\"@id\":\"https:\/\/www.jvd.fr\/es\/secadores-manos-electricos\/como-elegir-un-secamanos\/\",\"url\":\"https:\/\/www.jvd.fr\/es\/secadores-manos-electricos\/como-elegir-un-secamanos\/\",\"name\":\"C\u00f3mo elegir un secamanos | Soluciones JVD profesionales\",\"isPartOf\":{\"@id\":\"https:\/\/www.jvd.fr\/es\/#website\"},\"primaryImageOfPage\":{\"@id\":\"https:\/\/www.jvd.fr\/es\/secadores-manos-electricos\/como-elegir-un-secamanos\/#primaryimage\"},\"image\":{\"@id\":\"https:\/\/www.jvd.fr\/es\/secadores-manos-electricos\/como-elegir-un-secamanos\/#primaryimage\"},\"thumbnailUrl\":\"https:\/\/www.jvd.fr\/wp-content\/uploads\/2025\/05\/etiquette-surseche-mains-fabriques-en-france-600x600.jpg\",\"datePublished\":\"2025-05-28T13:39:08+00:00\",\"dateModified\":\"2025-09-17T10:00:20+00:00\",\"description\":\"Descubre c\u00f3mo elegir un secamanos seg\u00fan el ruido, mantenimiento, consumo y accesibilidad. Soluciones JVD adaptadas a cada espacio.\",\"breadcrumb\":{\"@id\":\"https:\/\/www.jvd.fr\/es\/secadores-manos-electricos\/como-elegir-un-secamanos\/#breadcrumb\"},\"inLanguage\":\"es\",\"potentialAction\":[{\"@type\":\"ReadAction\",\"target\":[\"https:\/\/www.jvd.fr\/es\/secadores-manos-electricos\/como-elegir-un-secamanos\/\"]}]},{\"@type\":\"ImageObject\",\"inLanguage\":\"es\",\"@id\":\"https:\/\/www.jvd.fr\/es\/secadores-manos-electricos\/como-elegir-un-secamanos\/#primaryimage\",\"url\":\"https:\/\/www.jvd.fr\/wp-content\/uploads\/2025\/05\/etiquette-surseche-mains-fabriques-en-france-600x600.jpg\",\"contentUrl\":\"https:\/\/www.jvd.fr\/wp-content\/uploads\/2025\/05\/etiquette-surseche-mains-fabriques-en-france-600x600.jpg\"},{\"@type\":\"BreadcrumbList\",\"@id\":\"https:\/\/www.jvd.fr\/es\/secadores-manos-electricos\/como-elegir-un-secamanos\/#breadcrumb\",\"itemListElement\":[{\"@type\":\"ListItem\",\"position\":1,\"name\":\"Accueil\",\"item\":\"https:\/\/www.jvd.fr\/es\/\"},{\"@type\":\"ListItem\",\"position\":2,\"name\":\"Secadores de manos\",\"item\":\"https:\/\/www.jvd.fr\/es\/secadores-manos-electricos\/\"},{\"@type\":\"ListItem\",\"position\":3,\"name\":\"\u00bfQu\u00e9 secamanos elegir?\"}]},{\"@type\":\"WebSite\",\"@id\":\"https:\/\/www.jvd.fr\/es\/#website\",\"url\":\"https:\/\/www.jvd.fr\/es\/\",\"name\":\"JVD\",\"description\":\"Products that care\",\"potentialAction\":[{\"@type\":\"SearchAction\",\"target\":{\"@type\":\"EntryPoint\",\"urlTemplate\":\"https:\/\/www.jvd.fr\/es\/?s={search_term_string}\"},\"query-input\":{\"@type\":\"PropertyValueSpecification\",\"valueRequired\":true,\"valueName\":\"search_term_string\"}}],\"inLanguage\":\"es\"}]}<\/script>\n<!-- \/ Yoast SEO plugin. -->","yoast_head_json":{"title":"C\u00f3mo elegir un secamanos | Soluciones JVD profesionales","description":"Descubre c\u00f3mo elegir un secamanos seg\u00fan el ruido, mantenimiento, consumo y accesibilidad. Soluciones JVD adaptadas a cada espacio.","robots":{"index":"index","follow":"follow","max-snippet":"max-snippet:-1","max-image-preview":"max-image-preview:large","max-video-preview":"max-video-preview:-1"},"canonical":"https:\/\/www.jvd.fr\/es\/secadores-manos-electricos\/como-elegir-un-secamanos\/","og_locale":"es_ES","og_type":"article","og_title":"C\u00f3mo elegir un secamanos | Soluciones JVD profesionales","og_description":"Descubre c\u00f3mo elegir un secamanos seg\u00fan el ruido, mantenimiento, consumo y accesibilidad. Soluciones JVD adaptadas a cada espacio.","og_url":"https:\/\/www.jvd.fr\/es\/secadores-manos-electricos\/como-elegir-un-secamanos\/","og_site_name":"JVD","article_modified_time":"2025-09-17T10:00:20+00:00","og_image":[{"width":1200,"height":800,"url":"https:\/\/www.jvd.fr\/wp-content\/uploads\/2025\/05\/etiquette-surseche-mains-fabriques-en-france.jpg","type":"image\/jpeg"}],"schema":{"@context":"https:\/\/schema.org","@graph":[{"@type":"WebPage","@id":"https:\/\/www.jvd.fr\/es\/secadores-manos-electricos\/como-elegir-un-secamanos\/","url":"https:\/\/www.jvd.fr\/es\/secadores-manos-electricos\/como-elegir-un-secamanos\/","name":"C\u00f3mo elegir un secamanos | Soluciones JVD profesionales","isPartOf":{"@id":"https:\/\/www.jvd.fr\/es\/#website"},"primaryImageOfPage":{"@id":"https:\/\/www.jvd.fr\/es\/secadores-manos-electricos\/como-elegir-un-secamanos\/#primaryimage"},"image":{"@id":"https:\/\/www.jvd.fr\/es\/secadores-manos-electricos\/como-elegir-un-secamanos\/#primaryimage"},"thumbnailUrl":"https:\/\/www.jvd.fr\/wp-content\/uploads\/2025\/05\/etiquette-surseche-mains-fabriques-en-france-600x600.jpg","datePublished":"2025-05-28T13:39:08+00:00","dateModified":"2025-09-17T10:00:20+00:00","description":"Descubre c\u00f3mo elegir un secamanos seg\u00fan el ruido, mantenimiento, consumo y accesibilidad. Soluciones JVD adaptadas a cada espacio.","breadcrumb":{"@id":"https:\/\/www.jvd.fr\/es\/secadores-manos-electricos\/como-elegir-un-secamanos\/#breadcrumb"},"inLanguage":"es","potentialAction":[{"@type":"ReadAction","target":["https:\/\/www.jvd.fr\/es\/secadores-manos-electricos\/como-elegir-un-secamanos\/"]}]},{"@type":"ImageObject","inLanguage":"es","@id":"https:\/\/www.jvd.fr\/es\/secadores-manos-electricos\/como-elegir-un-secamanos\/#primaryimage","url":"https:\/\/www.jvd.fr\/wp-content\/uploads\/2025\/05\/etiquette-surseche-mains-fabriques-en-france-600x600.jpg","contentUrl":"https:\/\/www.jvd.fr\/wp-content\/uploads\/2025\/05\/etiquette-surseche-mains-fabriques-en-france-600x600.jpg"},{"@type":"BreadcrumbList","@id":"https:\/\/www.jvd.fr\/es\/secadores-manos-electricos\/como-elegir-un-secamanos\/#breadcrumb","itemListElement":[{"@type":"ListItem","position":1,"name":"Accueil","item":"https:\/\/www.jvd.fr\/es\/"},{"@type":"ListItem","position":2,"name":"Secadores de manos","item":"https:\/\/www.jvd.fr\/es\/secadores-manos-electricos\/"},{"@type":"ListItem","position":3,"name":"\u00bfQu\u00e9 secamanos elegir?"}]},{"@type":"WebSite","@id":"https:\/\/www.jvd.fr\/es\/#website","url":"https:\/\/www.jvd.fr\/es\/","name":"JVD","description":"Products that care","potentialAction":[{"@type":"SearchAction","target":{"@type":"EntryPoint","urlTemplate":"https:\/\/www.jvd.fr\/es\/?s={search_term_string}"},"query-input":{"@type":"PropertyValueSpecification","valueRequired":true,"valueName":"search_term_string"}}],"inLanguage":"es"}]}},"_links":{"self":[{"href":"https:\/\/www.jvd.fr\/es\/wp-json\/wp\/v2\/pages\/11980","targetHints":{"allow":["GET"]}}],"collection":[{"href":"https:\/\/www.jvd.fr\/es\/wp-json\/wp\/v2\/pages"}],"about":[{"href":"https:\/\/www.jvd.fr\/es\/wp-json\/wp\/v2\/types\/page"}],"author":[{"embeddable":true,"href":"https:\/\/www.jvd.fr\/es\/wp-json\/wp\/v2\/users\/9"}],"replies":[{"embeddable":true,"href":"https:\/\/www.jvd.fr\/es\/wp-json\/wp\/v2\/comments?post=11980"}],"version-history":[{"count":9,"href":"https:\/\/www.jvd.fr\/es\/wp-json\/wp\/v2\/pages\/11980\/revisions"}],"predecessor-version":[{"id":60126,"href":"https:\/\/www.jvd.fr\/es\/wp-json\/wp\/v2\/pages\/11980\/revisions\/60126"}],"up":[{"embeddable":true,"href":"https:\/\/www.jvd.fr\/es\/wp-json\/wp\/v2\/pages\/5653"}],"wp:attachment":[{"href":"https:\/\/www.jvd.fr\/es\/wp-json\/wp\/v2\/media?parent=11980"}],"curies":[{"name":"wp","href":"https:\/\/api.w.org\/{rel}","templated":true}]}}