{"id":11974,"date":"2025-06-24T16:59:23","date_gmt":"2025-06-24T14:59:23","guid":{"rendered":"https:\/\/jvdwoo2025.dnstemporaire.fr\/?page_id=11974"},"modified":"2026-03-12T10:47:27","modified_gmt":"2026-03-12T09:47:27","slug":"productos-proteccion-profesional","status":"publish","type":"page","link":"https:\/\/www.jvd.fr\/es\/productos-proteccion-profesional\/","title":{"rendered":"Prevenci\u00f3n"},"content":{"rendered":"\n<h2 class=\"wp-block-heading has-text-align-center\"><strong>Todas las categor\u00edas de Prevenci\u00f3n<\/strong><\/h2>\n\n\n<div id=\"wp-block-jvd-categories-block_64552d6b1b1b9f8ee6961d7f68117703\" class=\"wp-block-jvd-categories align wp-block-acf-categories\">\n    <ul class=\"categories\">\n                <li class=\"loop-category\">\n            <a href=\"https:\/\/www.jvd.fr\/es\/categorie\/armarios-desinfectantes-es\/\">\n                <figure class=\"loop-category__img\">\n                                        <img decoding=\"async\" src=\"https:\/\/www.jvd.fr\/wp-content\/uploads\/2025\/11\/jvx058-novven3-generique-hd-1-600x600.png\" width=\"600\" height=\"600\" alt=\"Armarios desinfectantes\" loading=\"lazy\" \/>\n                                    <\/figure>\n                <div class=\"loop-category__body\">\n                    <h3 class=\"loop-category__name\">Armarios desinfectantes<\/h3>\n                                        <div class=\"loop-category__desc\">\n                        Descubra nuestras armarios de desinfecci\u00f3n de alta especializaci\u00f3n, dise\u00f1ados para el mantenimiento de los EPI de uso intensivo en los entornos m\u00e1s exigentes.                    <\/div>\n                                    <\/div>\n            <\/a>\n        <\/li>\n                <li class=\"loop-category\">\n            <a href=\"https:\/\/www.jvd.fr\/es\/categorie\/secador-de-botas-y-guantes-es\/\">\n                <figure class=\"loop-category__img\">\n                                        <img decoding=\"async\" src=\"https:\/\/www.jvd.fr\/wp-content\/uploads\/2025\/06\/seche-bottes-hygifeet-jvd-hygitec.png\" width=\"\" height=\"\" alt=\"Secador de botas y guantes\" loading=\"lazy\" \/>\n                                    <\/figure>\n                <div class=\"loop-category__body\">\n                    <h3 class=\"loop-category__name\">Secador de botas y guantes<\/h3>\n                                        <div class=\"loop-category__desc\">\n                        Ofrezca equipos profesionales secos y operativos para prevenir el malestar, preservar la higiene y mejorar las condiciones de uso.                    <\/div>\n                                    <\/div>\n            <\/a>\n        <\/li>\n                <li class=\"loop-category\">\n            <a href=\"https:\/\/www.jvd.fr\/es\/categorie\/taquillas-de-secado-es\/\">\n                <figure class=\"loop-category__img\">\n                                        <img decoding=\"async\" src=\"https:\/\/www.jvd.fr\/wp-content\/uploads\/2025\/06\/vestiaire-sechant-hygibox-jvd-hygitec.png\" width=\"\" height=\"\" alt=\"Taquillas de secado\" loading=\"lazy\" \/>\n                                    <\/figure>\n                <div class=\"loop-category__body\">\n                    <h3 class=\"loop-category__name\">Taquillas de secado<\/h3>\n                                        <div class=\"loop-category__desc\">\n                        Gracias a nuestros armarios y taquillas con calefacci\u00f3n, secado y desodorizaci\u00f3n, disponga en todo momento de EPI siempre listos para su uso, garantizando confort,\u2026                    <\/div>\n                                    <\/div>\n            <\/a>\n        <\/li>\n            <\/ul>\n<\/div>\n    \n\n\n<div class=\"wp-block-buttons is-content-justification-center is-layout-flex wp-container-core-buttons-is-layout-a8e7aa03 wp-block-buttons-is-layout-flex\" style=\"margin-bottom:var(--wp--preset--spacing--100)\">\n<div class=\"wp-block-button\"><a class=\"wp-block-button__link wp-element-button\" href=\"https:\/\/www.jvd.fr\/es\/categorie\/productos-proteccion-profesional\/\"><strong>Todos los productos de Prevenci\u00f3n<\/strong><\/a><\/div>\n<\/div>\n\n\n\n<div id=\"wp-block-jvd-banner-block_602568a6251089d31ac9079319c959b5\" style=\"margin-bottom:var(--wp--preset--spacing--100);\" class=\"wp-block-jvd-banner align wp-block-acf-banner\">\n    <div class=\"jvd-banner\">\n                        <figure class=\"jvd-banner__img\" data-gradient=\"1\">\n            <img decoding=\"async\" src=\"https:\/\/www.jvd.fr\/wp-content\/uploads\/2025\/06\/hommes-travaillant-dans-la-petrochimie-avec-une-tenue-de-travail.jpg\" width=\"1200\" height=\"673\" alt=\"hommes-travaillant-dans-la-p\u00e9trochimie-avec-une-tenue-de-travail\" loading=\"lazy\" \/>\n        <\/figure>\n\t                    <div class=\"jvd-banner__content\" data-halign=\"left\" data-valign=\"bottom\">\n                        <h2 class=\"jvd-banner__title\">Para una prevenci\u00f3n activa <br \/>\r\nde los riesgos sanitarios y del malestar<\/h2>\n                                    <p class=\"jvd-banner__text\">JVD ofrece la gama m\u00e1s completa del mercado para el mantenimiento de los EPI, permitiendo que todos trabajen en las mejores condiciones.<br \/>\r\n<br \/>\r\nReducci\u00f3n de riesgos, preservaci\u00f3n de las condiciones de higiene y bienestar: nuestras soluciones act\u00faan de forma preventiva para evitar el malestar, los riesgos sanitarios y asegurar un alto nivel de disponibilidad.<\/p>\n                                            <\/div>\n            <\/div>\n<\/div>\n\n\n<div class=\"wp-block-group has-global-padding is-layout-constrained wp-block-group-is-layout-constrained\" style=\"margin-bottom:var(--wp--preset--spacing--100)\">\n<h2 class=\"wp-block-heading\"><strong>Un d\u00eda a d\u00eda protegido para su p\u00fablico y sus clientes<\/strong><\/h2>\n\n\n\n<div id=\"wp-block-jvd-cards-block_e163d729a6a7124a7b7b4453e98fec7d\" class=\"wp-block-jvd-cards align wp-block-acf-cards\">\n\t    <div class=\"swiper jvd-carousel js_cards\" data-display=\"carrousel\">\n        <div class=\"swiper__nav\">\n            <div class=\"swiper__nav__prev js_cards_prev\">\n                <svg width=\"13\" height=\"20\" aria-hidden=\"true\" role=\"presentation\"><use xlink:href=\"#slide-prev\"\/><\/svg>\n            <\/div>\n            <div class=\"swiper__nav__next js_cards_next\">\n                <svg width=\"13\" height=\"20\" aria-hidden=\"true\" role=\"presentation\"><use xlink:href=\"#slide-next\"\/><\/svg>\n            <\/div>\n        <\/div>\n        <div class=\"swiper-wrapper\">\n                        <div class=\"swiper-slide\">\n                <div class=\"jvd-card\" data-link=\"1\" data-img-ratio=\"portrait\" data-text-pos=\"hover\">\n                                        <figure class=\"jvd-card__img\">\n                                                    <img decoding=\"async\" src=\"https:\/\/www.jvd.fr\/wp-content\/uploads\/2025\/04\/homme-pompier-novven-jvd-1200-600x800.jpg\" width=\"600\" height=\"800\" alt=\"\" loading=\"lazy\" \/>\n                                            <\/figure>\n                    <div class=\"jvd-card__content\">\n                                                <h3 class=\"jvd-card__title\">\n                                                        <a href=\"https:\/\/www.jvd.fr\/es\/actividad\/soluciones-higiene-defensa-seguridad\/\">\n                                                        Defensa, seguridad y emergencias                                                        <\/a>\n                                                    <\/h3>\n                                                <p class=\"jvd-card__text\"><\/p>\n                    <\/div>\n                <\/div>\n            <\/div>\n                        <div class=\"swiper-slide\">\n                <div class=\"jvd-card\" data-link=\"1\" data-img-ratio=\"portrait\" data-text-pos=\"hover\">\n                                        <figure class=\"jvd-card__img\">\n                                                    <img decoding=\"async\" src=\"https:\/\/www.jvd.fr\/wp-content\/uploads\/2025\/04\/creche-enfants-jvd-novven-600x800.jpg\" width=\"600\" height=\"800\" alt=\"jeunes enfants dans une cr\u00e8che avec une pu\u00e9ricultrice\" loading=\"lazy\" \/>\n                                            <\/figure>\n                    <div class=\"jvd-card__content\">\n                                                <h3 class=\"jvd-card__title\">\n                                                        <a href=\"https:\/\/www.jvd.fr\/es\/actividad\/soluciones-higiene-centros-educativos\/soluciones-higiene-guarderias\/\">\n                                                        Primera infancia                                                        <\/a>\n                                                    <\/h3>\n                                                <p class=\"jvd-card__text\"><\/p>\n                    <\/div>\n                <\/div>\n            <\/div>\n                        <div class=\"swiper-slide\">\n                <div class=\"jvd-card\" data-link=\"1\" data-img-ratio=\"portrait\" data-text-pos=\"hover\">\n                                        <figure class=\"jvd-card__img\">\n                                                    <img decoding=\"async\" src=\"https:\/\/www.jvd.fr\/wp-content\/uploads\/2025\/04\/industrie-equipements-jvd-600x800.jpg\" width=\"600\" height=\"800\" alt=\"Industrie \u00e9quipements JVD\" loading=\"lazy\" \/>\n                                            <\/figure>\n                    <div class=\"jvd-card__content\">\n                                                <h3 class=\"jvd-card__title\">\n                                                        <a href=\"https:\/\/www.jvd.fr\/es\/actividad\/soluciones-higiene-industria\/\">\n                                                        Industria                                                         <\/a>\n                                                    <\/h3>\n                                                <p class=\"jvd-card__text\"><\/p>\n                    <\/div>\n                <\/div>\n            <\/div>\n                        <div class=\"swiper-slide\">\n                <div class=\"jvd-card\" data-link=\"1\" data-img-ratio=\"portrait\" data-text-pos=\"hover\">\n                                        <figure class=\"jvd-card__img\">\n                                                    <img decoding=\"async\" src=\"https:\/\/www.jvd.fr\/wp-content\/uploads\/2025\/04\/sport-et-loisirs-jvd-600x800.jpg\" width=\"600\" height=\"800\" alt=\"Sport Et Loisirs JVD\" loading=\"lazy\" \/>\n                                            <\/figure>\n                    <div class=\"jvd-card__content\">\n                                                <h3 class=\"jvd-card__title\">\n                                                        <a href=\"https:\/\/www.jvd.fr\/es\/actividad\/soluciones-higiene-deportes-ocio\/\">\n                                                        Deporte &amp; Ocio                                                        <\/a>\n                                                    <\/h3>\n                                                <p class=\"jvd-card__text\"><\/p>\n                    <\/div>\n                <\/div>\n            <\/div>\n                    <\/div>\n    <\/div>\n    <\/div>\n<\/div>\n\n\n\n<div class=\"wp-block-group has-lightgrey-background-color has-background is-layout-flow wp-block-group-is-layout-flow\" style=\"border-radius:20px;padding-top:var(--wp--preset--spacing--75);padding-right:var(--wp--preset--spacing--75);padding-bottom:var(--wp--preset--spacing--75);padding-left:var(--wp--preset--spacing--75)\">\n<h2 class=\"wp-block-heading has-text-align-center\"><strong>Estamos aqu\u00ed para ayudarte<\/strong><\/h2>\n\n\n\n<p class=\"has-text-align-center\">Ya sea para obtener informaci\u00f3n sobre un producto o para recibir asesoramiento de nuestros expertos, no dudes en contactarnos para una videollamada o una llamada telef\u00f3nica.<\/p>\n\n\n\n<div class=\"wp-block-buttons is-content-justification-center is-layout-flex wp-container-core-buttons-is-layout-a89b3969 wp-block-buttons-is-layout-flex\">\n<div class=\"wp-block-button\"><a class=\"wp-block-button__link wp-element-button\" href=\"https:\/\/share-eu1.hsforms.com\/1E-hSxlDMT6u7yy8xFxdFkgexg1v\"><strong>Contactar<\/strong><\/a><\/div>\n<\/div>\n<\/div>\n","protected":false},"excerpt":{"rendered":"<p>Todas las categor\u00edas de Prevenci\u00f3n Un d\u00eda a d\u00eda protegido para su p\u00fablico y sus clientes Estamos aqu\u00ed para ayudarte Ya sea para obtener informaci\u00f3n sobre un producto o para recibir asesoramiento de nuestros expertos, no dudes en contactarnos para una videollamada o una llamada telef\u00f3nica.<\/p>\n","protected":false},"author":9,"featured_media":63115,"parent":0,"menu_order":0,"comment_status":"closed","ping_status":"closed","template":"","meta":{"_acf_changed":false,"content-type":"","_searchwp_excluded":"","inline_featured_image":false,"footnotes":""},"class_list":["post-11974","page","type-page","status-publish","has-post-thumbnail","hentry"],"acf":[],"yoast_head":"<!-- This site is optimized with the Yoast SEO plugin v27.1.1 - https:\/\/yoast.com\/product\/yoast-seo-wordpress\/ -->\n<title>Soluciones de prevenci\u00f3n | JVD<\/title>\n<meta name=\"description\" content=\"Productos de protecci\u00f3n profesional para espacios exigentes. Seguridad, confianza y salud para quienes cuidan de los dem\u00e1s.\" \/>\n<meta name=\"robots\" content=\"index, follow, max-snippet:-1, max-image-preview:large, max-video-preview:-1\" \/>\n<link rel=\"canonical\" href=\"https:\/\/www.jvd.fr\/es\/productos-proteccion-profesional\/\" \/>\n<meta property=\"og:locale\" content=\"es_ES\" \/>\n<meta property=\"og:type\" content=\"article\" \/>\n<meta property=\"og:title\" content=\"Soluciones de prevenci\u00f3n | JVD\" \/>\n<meta property=\"og:description\" content=\"Productos de protecci\u00f3n profesional para espacios exigentes. Seguridad, confianza y salud para quienes cuidan de los dem\u00e1s.\" \/>\n<meta property=\"og:url\" content=\"https:\/\/www.jvd.fr\/es\/productos-proteccion-profesional\/\" \/>\n<meta property=\"og:site_name\" content=\"JVD\" \/>\n<meta property=\"article:modified_time\" content=\"2026-03-12T09:47:27+00:00\" \/>\n<meta property=\"og:image\" content=\"https:\/\/www.jvd.fr\/wp-content\/uploads\/2025\/11\/jvx058-novven3-generique-hd-retourne.jpg\" \/>\n\t<meta property=\"og:image:width\" content=\"2048\" \/>\n\t<meta property=\"og:image:height\" content=\"1436\" \/>\n\t<meta property=\"og:image:type\" content=\"image\/jpeg\" \/>\n<script type=\"application\/ld+json\" class=\"yoast-schema-graph\">{\"@context\":\"https:\/\/schema.org\",\"@graph\":[{\"@type\":\"WebPage\",\"@id\":\"https:\/\/www.jvd.fr\/es\/productos-proteccion-profesional\/\",\"url\":\"https:\/\/www.jvd.fr\/es\/productos-proteccion-profesional\/\",\"name\":\"Soluciones de prevenci\u00f3n | JVD\",\"isPartOf\":{\"@id\":\"https:\/\/www.jvd.fr\/es\/#website\"},\"primaryImageOfPage\":{\"@id\":\"https:\/\/www.jvd.fr\/es\/productos-proteccion-profesional\/#primaryimage\"},\"image\":{\"@id\":\"https:\/\/www.jvd.fr\/es\/productos-proteccion-profesional\/#primaryimage\"},\"thumbnailUrl\":\"https:\/\/www.jvd.fr\/wp-content\/uploads\/2025\/11\/jvx058-novven3-generique-hd-retourne.jpg\",\"datePublished\":\"2025-06-24T14:59:23+00:00\",\"dateModified\":\"2026-03-12T09:47:27+00:00\",\"description\":\"Productos de protecci\u00f3n profesional para espacios exigentes. Seguridad, confianza y salud para quienes cuidan de los dem\u00e1s.\",\"breadcrumb\":{\"@id\":\"https:\/\/www.jvd.fr\/es\/productos-proteccion-profesional\/#breadcrumb\"},\"inLanguage\":\"es\",\"potentialAction\":[{\"@type\":\"ReadAction\",\"target\":[\"https:\/\/www.jvd.fr\/es\/productos-proteccion-profesional\/\"]}]},{\"@type\":\"ImageObject\",\"inLanguage\":\"es\",\"@id\":\"https:\/\/www.jvd.fr\/es\/productos-proteccion-profesional\/#primaryimage\",\"url\":\"https:\/\/www.jvd.fr\/wp-content\/uploads\/2025\/11\/jvx058-novven3-generique-hd-retourne.jpg\",\"contentUrl\":\"https:\/\/www.jvd.fr\/wp-content\/uploads\/2025\/11\/jvx058-novven3-generique-hd-retourne.jpg\",\"width\":2048,\"height\":1436},{\"@type\":\"BreadcrumbList\",\"@id\":\"https:\/\/www.jvd.fr\/es\/productos-proteccion-profesional\/#breadcrumb\",\"itemListElement\":[{\"@type\":\"ListItem\",\"position\":1,\"name\":\"Accueil\",\"item\":\"https:\/\/www.jvd.fr\/es\/\"},{\"@type\":\"ListItem\",\"position\":2,\"name\":\"Prevenci\u00f3n\"}]},{\"@type\":\"WebSite\",\"@id\":\"https:\/\/www.jvd.fr\/es\/#website\",\"url\":\"https:\/\/www.jvd.fr\/es\/\",\"name\":\"JVD\",\"description\":\"Products that care\",\"potentialAction\":[{\"@type\":\"SearchAction\",\"target\":{\"@type\":\"EntryPoint\",\"urlTemplate\":\"https:\/\/www.jvd.fr\/es\/?s={search_term_string}\"},\"query-input\":{\"@type\":\"PropertyValueSpecification\",\"valueRequired\":true,\"valueName\":\"search_term_string\"}}],\"inLanguage\":\"es\"}]}<\/script>\n<!-- \/ Yoast SEO plugin. -->","yoast_head_json":{"title":"Soluciones de prevenci\u00f3n | JVD","description":"Productos de protecci\u00f3n profesional para espacios exigentes. Seguridad, confianza y salud para quienes cuidan de los dem\u00e1s.","robots":{"index":"index","follow":"follow","max-snippet":"max-snippet:-1","max-image-preview":"max-image-preview:large","max-video-preview":"max-video-preview:-1"},"canonical":"https:\/\/www.jvd.fr\/es\/productos-proteccion-profesional\/","og_locale":"es_ES","og_type":"article","og_title":"Soluciones de prevenci\u00f3n | JVD","og_description":"Productos de protecci\u00f3n profesional para espacios exigentes. Seguridad, confianza y salud para quienes cuidan de los dem\u00e1s.","og_url":"https:\/\/www.jvd.fr\/es\/productos-proteccion-profesional\/","og_site_name":"JVD","article_modified_time":"2026-03-12T09:47:27+00:00","og_image":[{"width":2048,"height":1436,"url":"https:\/\/www.jvd.fr\/wp-content\/uploads\/2025\/11\/jvx058-novven3-generique-hd-retourne.jpg","type":"image\/jpeg"}],"schema":{"@context":"https:\/\/schema.org","@graph":[{"@type":"WebPage","@id":"https:\/\/www.jvd.fr\/es\/productos-proteccion-profesional\/","url":"https:\/\/www.jvd.fr\/es\/productos-proteccion-profesional\/","name":"Soluciones de prevenci\u00f3n | JVD","isPartOf":{"@id":"https:\/\/www.jvd.fr\/es\/#website"},"primaryImageOfPage":{"@id":"https:\/\/www.jvd.fr\/es\/productos-proteccion-profesional\/#primaryimage"},"image":{"@id":"https:\/\/www.jvd.fr\/es\/productos-proteccion-profesional\/#primaryimage"},"thumbnailUrl":"https:\/\/www.jvd.fr\/wp-content\/uploads\/2025\/11\/jvx058-novven3-generique-hd-retourne.jpg","datePublished":"2025-06-24T14:59:23+00:00","dateModified":"2026-03-12T09:47:27+00:00","description":"Productos de protecci\u00f3n profesional para espacios exigentes. Seguridad, confianza y salud para quienes cuidan de los dem\u00e1s.","breadcrumb":{"@id":"https:\/\/www.jvd.fr\/es\/productos-proteccion-profesional\/#breadcrumb"},"inLanguage":"es","potentialAction":[{"@type":"ReadAction","target":["https:\/\/www.jvd.fr\/es\/productos-proteccion-profesional\/"]}]},{"@type":"ImageObject","inLanguage":"es","@id":"https:\/\/www.jvd.fr\/es\/productos-proteccion-profesional\/#primaryimage","url":"https:\/\/www.jvd.fr\/wp-content\/uploads\/2025\/11\/jvx058-novven3-generique-hd-retourne.jpg","contentUrl":"https:\/\/www.jvd.fr\/wp-content\/uploads\/2025\/11\/jvx058-novven3-generique-hd-retourne.jpg","width":2048,"height":1436},{"@type":"BreadcrumbList","@id":"https:\/\/www.jvd.fr\/es\/productos-proteccion-profesional\/#breadcrumb","itemListElement":[{"@type":"ListItem","position":1,"name":"Accueil","item":"https:\/\/www.jvd.fr\/es\/"},{"@type":"ListItem","position":2,"name":"Prevenci\u00f3n"}]},{"@type":"WebSite","@id":"https:\/\/www.jvd.fr\/es\/#website","url":"https:\/\/www.jvd.fr\/es\/","name":"JVD","description":"Products that care","potentialAction":[{"@type":"SearchAction","target":{"@type":"EntryPoint","urlTemplate":"https:\/\/www.jvd.fr\/es\/?s={search_term_string}"},"query-input":{"@type":"PropertyValueSpecification","valueRequired":true,"valueName":"search_term_string"}}],"inLanguage":"es"}]}},"_links":{"self":[{"href":"https:\/\/www.jvd.fr\/es\/wp-json\/wp\/v2\/pages\/11974","targetHints":{"allow":["GET"]}}],"collection":[{"href":"https:\/\/www.jvd.fr\/es\/wp-json\/wp\/v2\/pages"}],"about":[{"href":"https:\/\/www.jvd.fr\/es\/wp-json\/wp\/v2\/types\/page"}],"author":[{"embeddable":true,"href":"https:\/\/www.jvd.fr\/es\/wp-json\/wp\/v2\/users\/9"}],"replies":[{"embeddable":true,"href":"https:\/\/www.jvd.fr\/es\/wp-json\/wp\/v2\/comments?post=11974"}],"version-history":[{"count":10,"href":"https:\/\/www.jvd.fr\/es\/wp-json\/wp\/v2\/pages\/11974\/revisions"}],"predecessor-version":[{"id":76842,"href":"https:\/\/www.jvd.fr\/es\/wp-json\/wp\/v2\/pages\/11974\/revisions\/76842"}],"wp:featuredmedia":[{"embeddable":true,"href":"https:\/\/www.jvd.fr\/es\/wp-json\/wp\/v2\/media\/63115"}],"wp:attachment":[{"href":"https:\/\/www.jvd.fr\/es\/wp-json\/wp\/v2\/media?parent=11974"}],"curies":[{"name":"wp","href":"https:\/\/api.w.org\/{rel}","templated":true}]}}