{"id":69521,"date":"2026-02-16T10:07:38","date_gmt":"2026-02-16T09:07:38","guid":{"rendered":"https:\/\/www.jvd.fr\/produit\/behalter-fur-mulltrennung-6-l-schwarz\/"},"modified":"2026-02-16T10:07:45","modified_gmt":"2026-02-16T09:07:45","slug":"behalter-fur-mulltrennung-6-l-schwarz","status":"publish","type":"product","link":"https:\/\/www.jvd.fr\/de\/produit\/behalter-fur-mulltrennung-6-l-schwarz\/","title":{"rendered":"Beh\u00e4lter f\u00fcr M\u00fclltrennung, 6 l, schwarz"},"content":{"rendered":"","protected":false},"excerpt":{"rendered":"","protected":false},"featured_media":0,"comment_status":"closed","ping_status":"closed","template":"","meta":{"_acf_changed":false,"content-type":"","_searchwp_excluded":"","inline_featured_image":false},"product_activity":[766,835,756,769,808,775,772,838,753,744,763,1272,747,829,811,760,826,832,1568,841,750,778,784],"product_cat":[1489,1133,1001],"product_tag":[],"class_list":{"0":"post-69521","1":"product","2":"type-product","3":"status-publish","5":"product_activity-armee-de","6":"product_activity-veranstaltungshallen-de","7":"product_activity-freiwillige-feuerwehr-de","8":"product_activity-fruhkindliche-erziehung-und-bildung-de","9":"product_activity-gesundheit-de","10":"product_activity-kindergarten-grundschule-freizeitzentrum-de","11":"product_activity-kitas-de","12":"product_activity-museen-ausstellungshallen-de","13":"product_activity-offentliche-feuerwehr-de","14":"product_activity-offentlicher-sektor-kommunen-de","15":"product_activity-penitentiarische-dienstleistungen-de","16":"product_activity-professionelle-sportvereine-de","17":"product_activity-reinigungsunternehmen-facility-management-de","18":"product_activity-schwimmbader-de","19":"product_activity-seniorenheim-de","20":"product_activity-sicherheitskrafte-de","21":"product_activity-sport-und-freizeit-de","22":"product_activity-elektrostimulation-de","23":"product_activity-tertiarsektor-de-2","24":"product_activity-vergnugungsparks-de","25":"product_activity-verteidigung-sicherheit-de","26":"product_activity-weiterfuhrende-schulen-hochschulen-de","27":"product_activity-zimmer-de","28":"product_cat-mull-de","29":"product_cat-andere-badezimmeraccessoires","30":"product_cat-buros","31":"pa_etat-etatcorrect_de_de","32":"pa_etat-remisaneuf_de_de","33":"pa_etat-bonetat_de_de","34":"pa_etat-neuf_de_de","36":"first","37":"onbackorder","38":"shipping-taxable","39":"purchasable","40":"product-type-variable"},"acf":[],"yoast_head":"<!-- This site is optimized with the Yoast SEO plugin v27.1.1 - https:\/\/yoast.com\/product\/yoast-seo-wordpress\/ -->\n<title>Beh\u00e4lter f\u00fcr M\u00fclltrennung, 6 l, schwarz - JVD<\/title>\n<meta name=\"robots\" content=\"index, follow, max-snippet:-1, max-image-preview:large, max-video-preview:-1\" \/>\n<link rel=\"canonical\" href=\"https:\/\/www.jvd.fr\/de\/produit\/behalter-fur-mulltrennung-6-l-schwarz\/\" \/>\n<meta property=\"og:locale\" content=\"de_DE\" \/>\n<meta property=\"og:type\" content=\"article\" \/>\n<meta property=\"og:title\" content=\"Beh\u00e4lter f\u00fcr M\u00fclltrennung, 6 l, schwarz - JVD\" \/>\n<meta property=\"og:url\" content=\"https:\/\/www.jvd.fr\/de\/produit\/behalter-fur-mulltrennung-6-l-schwarz\/\" \/>\n<meta property=\"og:site_name\" content=\"JVD\" \/>\n<meta property=\"article:modified_time\" content=\"2026-02-16T09:07:45+00:00\" \/>\n<script type=\"application\/ld+json\" class=\"yoast-schema-graph\">{\"@context\":\"https:\/\/schema.org\",\"@graph\":[{\"@type\":\"WebPage\",\"@id\":\"https:\/\/www.jvd.fr\/de\/produit\/behalter-fur-mulltrennung-6-l-schwarz\/\",\"url\":\"https:\/\/www.jvd.fr\/de\/produit\/behalter-fur-mulltrennung-6-l-schwarz\/\",\"name\":\"Beh\u00e4lter f\u00fcr M\u00fclltrennung, 6 l, schwarz - JVD\",\"isPartOf\":{\"@id\":\"https:\/\/www.jvd.fr\/de\/#website\"},\"datePublished\":\"2026-02-16T09:07:38+00:00\",\"dateModified\":\"2026-02-16T09:07:45+00:00\",\"breadcrumb\":{\"@id\":\"https:\/\/www.jvd.fr\/de\/produit\/behalter-fur-mulltrennung-6-l-schwarz\/#breadcrumb\"},\"inLanguage\":\"de\",\"potentialAction\":[{\"@type\":\"ReadAction\",\"target\":[\"https:\/\/www.jvd.fr\/de\/produit\/behalter-fur-mulltrennung-6-l-schwarz\/\"]}]},{\"@type\":\"BreadcrumbList\",\"@id\":\"https:\/\/www.jvd.fr\/de\/produit\/behalter-fur-mulltrennung-6-l-schwarz\/#breadcrumb\",\"itemListElement\":[{\"@type\":\"ListItem\",\"position\":1,\"name\":\"Accueil\",\"item\":\"https:\/\/www.jvd.fr\/de\/\"},{\"@type\":\"ListItem\",\"position\":2,\"name\":\"Shop\",\"item\":\"https:\/\/www.jvd.fr\/boutique\/\"},{\"@type\":\"ListItem\",\"position\":3,\"name\":\"Gastgewerbe\",\"item\":\"https:\/\/www.jvd.fr\/de\/categorie\/hotel-de\/\"},{\"@type\":\"ListItem\",\"position\":4,\"name\":\"Badezimmeraccesoires\",\"item\":\"https:\/\/www.jvd.fr\/de\/categorie\/hotel-badezimmer-accessoires\/\"},{\"@type\":\"ListItem\",\"position\":5,\"name\":\"Andere\",\"item\":\"https:\/\/www.jvd.fr\/de\/categorie\/andere-badezimmeraccessoires\/\"},{\"@type\":\"ListItem\",\"position\":6,\"name\":\"Beh\u00e4lter f\u00fcr M\u00fclltrennung, 6 l, schwarz\"}]},{\"@type\":\"WebSite\",\"@id\":\"https:\/\/www.jvd.fr\/de\/#website\",\"url\":\"https:\/\/www.jvd.fr\/de\/\",\"name\":\"JVD\",\"description\":\"Products that care\",\"potentialAction\":[{\"@type\":\"SearchAction\",\"target\":{\"@type\":\"EntryPoint\",\"urlTemplate\":\"https:\/\/www.jvd.fr\/de\/?s={search_term_string}\"},\"query-input\":{\"@type\":\"PropertyValueSpecification\",\"valueRequired\":true,\"valueName\":\"search_term_string\"}}],\"inLanguage\":\"de\"}]}<\/script>\n<!-- \/ Yoast SEO plugin. -->","yoast_head_json":{"title":"Beh\u00e4lter f\u00fcr M\u00fclltrennung, 6 l, schwarz - JVD","robots":{"index":"index","follow":"follow","max-snippet":"max-snippet:-1","max-image-preview":"max-image-preview:large","max-video-preview":"max-video-preview:-1"},"canonical":"https:\/\/www.jvd.fr\/de\/produit\/behalter-fur-mulltrennung-6-l-schwarz\/","og_locale":"de_DE","og_type":"article","og_title":"Beh\u00e4lter f\u00fcr M\u00fclltrennung, 6 l, schwarz - JVD","og_url":"https:\/\/www.jvd.fr\/de\/produit\/behalter-fur-mulltrennung-6-l-schwarz\/","og_site_name":"JVD","article_modified_time":"2026-02-16T09:07:45+00:00","schema":{"@context":"https:\/\/schema.org","@graph":[{"@type":"WebPage","@id":"https:\/\/www.jvd.fr\/de\/produit\/behalter-fur-mulltrennung-6-l-schwarz\/","url":"https:\/\/www.jvd.fr\/de\/produit\/behalter-fur-mulltrennung-6-l-schwarz\/","name":"Beh\u00e4lter f\u00fcr M\u00fclltrennung, 6 l, schwarz - JVD","isPartOf":{"@id":"https:\/\/www.jvd.fr\/de\/#website"},"datePublished":"2026-02-16T09:07:38+00:00","dateModified":"2026-02-16T09:07:45+00:00","breadcrumb":{"@id":"https:\/\/www.jvd.fr\/de\/produit\/behalter-fur-mulltrennung-6-l-schwarz\/#breadcrumb"},"inLanguage":"de","potentialAction":[{"@type":"ReadAction","target":["https:\/\/www.jvd.fr\/de\/produit\/behalter-fur-mulltrennung-6-l-schwarz\/"]}]},{"@type":"BreadcrumbList","@id":"https:\/\/www.jvd.fr\/de\/produit\/behalter-fur-mulltrennung-6-l-schwarz\/#breadcrumb","itemListElement":[{"@type":"ListItem","position":1,"name":"Accueil","item":"https:\/\/www.jvd.fr\/de\/"},{"@type":"ListItem","position":2,"name":"Shop","item":"https:\/\/www.jvd.fr\/boutique\/"},{"@type":"ListItem","position":3,"name":"Gastgewerbe","item":"https:\/\/www.jvd.fr\/de\/categorie\/hotel-de\/"},{"@type":"ListItem","position":4,"name":"Badezimmeraccesoires","item":"https:\/\/www.jvd.fr\/de\/categorie\/hotel-badezimmer-accessoires\/"},{"@type":"ListItem","position":5,"name":"Andere","item":"https:\/\/www.jvd.fr\/de\/categorie\/andere-badezimmeraccessoires\/"},{"@type":"ListItem","position":6,"name":"Beh\u00e4lter f\u00fcr M\u00fclltrennung, 6 l, schwarz"}]},{"@type":"WebSite","@id":"https:\/\/www.jvd.fr\/de\/#website","url":"https:\/\/www.jvd.fr\/de\/","name":"JVD","description":"Products that care","potentialAction":[{"@type":"SearchAction","target":{"@type":"EntryPoint","urlTemplate":"https:\/\/www.jvd.fr\/de\/?s={search_term_string}"},"query-input":{"@type":"PropertyValueSpecification","valueRequired":true,"valueName":"search_term_string"}}],"inLanguage":"de"}]}},"_links":{"self":[{"href":"https:\/\/www.jvd.fr\/de\/wp-json\/wp\/v2\/product\/69521","targetHints":{"allow":["GET"]}}],"collection":[{"href":"https:\/\/www.jvd.fr\/de\/wp-json\/wp\/v2\/product"}],"about":[{"href":"https:\/\/www.jvd.fr\/de\/wp-json\/wp\/v2\/types\/product"}],"replies":[{"embeddable":true,"href":"https:\/\/www.jvd.fr\/de\/wp-json\/wp\/v2\/comments?post=69521"}],"wp:attachment":[{"href":"https:\/\/www.jvd.fr\/de\/wp-json\/wp\/v2\/media?parent=69521"}],"wp:term":[{"taxonomy":"product_activity","embeddable":true,"href":"https:\/\/www.jvd.fr\/de\/wp-json\/wp\/v2\/product_activity?post=69521"},{"taxonomy":"product_cat","embeddable":true,"href":"https:\/\/www.jvd.fr\/de\/wp-json\/wp\/v2\/product_cat?post=69521"},{"taxonomy":"product_tag","embeddable":true,"href":"https:\/\/www.jvd.fr\/de\/wp-json\/wp\/v2\/product_tag?post=69521"}],"curies":[{"name":"wp","href":"https:\/\/api.w.org\/{rel}","templated":true}]}}