{"id":63010,"date":"2025-11-06T10:51:48","date_gmt":"2025-11-06T09:51:48","guid":{"rendered":"https:\/\/www.jvd.fr\/?page_id=63010"},"modified":"2025-12-23T12:23:59","modified_gmt":"2025-12-23T11:23:59","slug":"fur-die-gesundheit","status":"publish","type":"page","link":"https:\/\/www.jvd.fr\/de\/desinfektionsschranke\/fur-die-gesundheit\/","title":{"rendered":"F\u00fcr die Gesundheit"},"content":{"rendered":"\n<figure class=\"wp-block-image aligncenter size-full is-resized\" style=\"margin-bottom:var(--wp--preset--spacing--50);margin-left:0\"><img loading=\"lazy\" decoding=\"async\" width=\"1767\" height=\"175\" src=\"https:\/\/www.jvd.fr\/wp-content\/uploads\/2025\/07\/logo-francais-jvd.jpg\" alt=\"\" class=\"wp-image-42980\" style=\"width:250px\" srcset=\"https:\/\/www.jvd.fr\/wp-content\/uploads\/2025\/07\/logo-francais-jvd.jpg 1767w, https:\/\/www.jvd.fr\/wp-content\/uploads\/2025\/07\/logo-francais-jvd-600x59.jpg 600w, https:\/\/www.jvd.fr\/wp-content\/uploads\/2025\/07\/logo-francais-jvd-120x12.jpg 120w\" sizes=\"auto, (max-width: 1767px) 100vw, 1767px\" \/><\/figure>\n\n\n\n<div class=\"wp-block-group is-style-content-narrow has-global-padding is-content-justification-center is-layout-constrained wp-block-group-is-layout-constrained\" style=\"margin-bottom:var(--wp--preset--spacing--75)\">\n<h2 class=\"wp-block-heading has-text-align-center\">Wenn Ihre Mission endet,                    beginnt unsere.<\/h2>\n\n\n\n<p class=\"has-text-align-center\">Mit Novven unterst\u00fctzen wir die Frauen und M\u00e4nner, die t\u00e4glich in Gesundheitseinrichtungen t\u00e4tig sind, indem wir ihnen eine L\u00f6sung zur Hygiene von PSA anbieten, die f\u00fcr ihre anspruchsvolle Umgebung entwickelt wurde. Krankheitserreger, Feuchtigkeit, Ger\u00fcche oder l\u00e4ngeres Tragen \u2013 all diese unsichtbaren Faktoren k\u00f6nnen den Komfort, die Sicherheit und die Einsatzbereitschaft der Pflegeteams beeintr\u00e4chtigen.<\/p>\n<\/div>\n\n\n\n<div class=\"wp-block-group has-global-padding is-layout-constrained wp-block-group-is-layout-constrained\" style=\"margin-bottom:var(--wp--preset--spacing--100)\">\n<h2 class=\"wp-block-heading has-text-align-center\">Eine Produktreihe, die gemeinsam mit Fachleuten entwickelt wurde<\/h2>\n\n\n\n<div class=\"wp-block-columns is-layout-flex wp-container-core-columns-is-layout-28f84493 wp-block-columns-is-layout-flex\">\n<div class=\"wp-block-column is-layout-flow wp-block-column-is-layout-flow\">\n<figure class=\"wp-block-image size-full\" style=\"margin-top:var(--wp--preset--spacing--75);margin-bottom:var(--wp--preset--spacing--75)\"><img loading=\"lazy\" decoding=\"async\" width=\"1000\" height=\"778\" src=\"https:\/\/www.jvd.fr\/wp-content\/uploads\/2025\/11\/jvx058-novven3-sante-hd.png\" alt=\"\" class=\"wp-image-62016\" srcset=\"https:\/\/www.jvd.fr\/wp-content\/uploads\/2025\/11\/jvx058-novven3-sante-hd.png 1000w, https:\/\/www.jvd.fr\/wp-content\/uploads\/2025\/11\/jvx058-novven3-sante-hd-600x467.png 600w, https:\/\/www.jvd.fr\/wp-content\/uploads\/2025\/11\/jvx058-novven3-sante-hd-90x70.png 90w\" sizes=\"auto, (max-width: 1000px) 100vw, 1000px\" \/><\/figure>\n<\/div>\n\n\n\n<div class=\"wp-block-column is-vertically-aligned-center is-layout-flow wp-block-column-is-layout-flow\">\n<p>Mit mehreren Jahren<strong> praktischer Erfahrung<\/strong> und <strong>Tausenden <\/strong>von in Feuerwachen eingesetzten<strong> Schr\u00e4nken<\/strong> zur Unterst\u00fctzung der Hygiene ihrer lebenswichtigen PSA entstand die <strong>Novven<\/strong>-Reihe aus der aufmerksamen Beobachtung des Arbeitsalltags dieser anspruchsvollen Berufe.<\/p>\n\n\n\n<p>Jede Weiterentwicklung ist das Ergebnis eines <strong>kontinuierlichen Dialogs mit den Anwendern<\/strong>, um den Anforderungen ihrer Aufgaben gerecht zu werden: Pr\u00e4zision, Schnelligkeit, Sicherheit und Zuverl\u00e4ssigkeit.<\/p>\n\n\n\n<p>Die <strong>neue Generation Novven 3 <\/strong>setzt diese Co-Development-Philosophie fort. Entwickelt<strong> mit und f\u00fcr Gesundheitseinrichtungen<\/strong>, integriert sie deren Erfahrungen und konkrete Bed\u00fcrfnisse, um eine <strong>leistungsstarke, praktische und robuste L\u00f6sung<\/strong> zu bieten, die sie Tag f\u00fcr Tag direkt vor Ort unterst\u00fctzt.<\/p>\n\n\n\n<p>Im Kern des Hygienekonzepts sorgt <strong>Novven 3<\/strong> f\u00fcr eine <strong>bessere Einsatzbereitschaft, eine erh\u00f6hte Lebensdauer der PSA <\/strong>und tr\u00e4gt<strong> direkt zum Schutz der Gesundheit von Fachkr\u00e4ften im Gesundheitswesen bei.<\/strong><br><br><\/p>\n<\/div>\n<\/div>\n<\/div>\n\n\n\n<h2 class=\"wp-block-heading has-text-align-center\">Novven 3, die fortschrittlichste L\u00f6sung auf dem Markt<\/h2>\n\n\n\n<div id=\"wp-block-jvd-cards-block_9d5fac25b4fcd944c1d60b2f38c61794\" class=\"wp-block-jvd-cards align wp-block-acf-cards\">\n\t    <div class=\"jvd-cards\" data-display=\"grid\" data-columns=\"2\" data-count=\"2\" data-parity=\"even\">\n\t\t        <div class=\"jvd-card\" data-link=\"1\" data-img-ratio=\"portrait\" data-text-pos=\"under\">\n            <figure class=\"jvd-card__img\">\n\t\t\t                    <img decoding=\"async\" src=\"https:\/\/www.jvd.fr\/wp-content\/uploads\/2025\/10\/novven-armoire-blanche.jpg\" width=\"600\" height=\"800\" alt=\"\" loading=\"lazy\" \/>\n\t\t\t                <\/figure>\n            <div class=\"jvd-card__content\">\n                <h3 class=\"jvd-card__title\"><a href=\"https:\/\/www.jvd.fr\/de\/produit\/novven-3-schrank-gesundheit-optimalpaket\/\">Novven 3<\/a><\/h3>                                <p class=\"jvd-card__text\">Schrank zum Trocknen, Desodorieren und Desinfizieren<\/p>\n                            <\/div>\n        <\/div>\n\t\t        <div class=\"jvd-card\" data-link=\"1\" data-img-ratio=\"portrait\" data-text-pos=\"under\">\n            <figure class=\"jvd-card__img\">\n\t\t\t                    <img decoding=\"async\" src=\"https:\/\/www.jvd.fr\/wp-content\/uploads\/2025\/10\/novven-3s-jvd.jpg\" width=\"600\" height=\"800\" alt=\"\" loading=\"lazy\" \/>\n\t\t\t                <\/figure>\n            <div class=\"jvd-card__content\">\n                <h3 class=\"jvd-card__title\"><a href=\"https:\/\/www.jvd.fr\/de\/produit\/novven-3s-schrank-gesundheit-optimalpaket\/\">Novven 3S<\/a><\/h3>                                <p class=\"jvd-card__text\">Schrank zum Trocknen, Desodorieren und Desinfizieren<\/p>\n                            <\/div>\n        <\/div>\n\t\t    <\/div>\n    <\/div>\n\n\n\n<div class=\"wp-block-group has-global-padding is-layout-constrained wp-block-group-is-layout-constrained\" style=\"margin-bottom:var(--wp--preset--spacing--125)\">\n<div class=\"wp-block-group has-white-color has-pinetree-background-color has-text-color has-background has-link-color wp-elements-de51fe4ac58735c8d4eda20e9759b080 has-global-padding is-layout-constrained wp-container-core-group-is-layout-022c2711 wp-block-group-is-layout-constrained\" style=\"border-style:none;border-width:0px;border-radius:20px;margin-top:var(--wp--preset--spacing--100);margin-bottom:var(--wp--preset--spacing--100);padding-top:var(--wp--preset--spacing--50);padding-right:var(--wp--preset--spacing--50);padding-bottom:var(--wp--preset--spacing--50);padding-left:var(--wp--preset--spacing--50)\">\n<h2 class=\"wp-block-heading has-text-align-center has-white-color has-text-color has-link-color wp-elements-411adfb7d9e074d21302fbf546c8b931\">Vorteile f\u00fcr besseren Schutz<\/h2>\n\n\n\n<div id=\"wp-block-jvd-highlights-block_bc227d059edc90f9eb9e74bc34e64212\" class=\"wp-block-jvd-highlights align wp-block-acf-highlights\">\n    <ul class=\"jvd-highlights\">\n                    <li class=\"jvd-highlight\">\n                                                <figure class=\"jvd-highlight__img\">\n                    <img decoding=\"async\" src=\"https:\/\/www.jvd.fr\/wp-content\/uploads\/2025\/11\/73925a7c-9aed-4367-b0c0-19ae77bb11af-600x600.png\" alt=\"\" width=\"600\" height=\"600\" loading=\"lazy\" \/>\n                <\/figure>\n                                <div class=\"jvd-highlight__content\">\n                    <h3 class=\"jvd-hightlight__title\">Gesundheitsrisiken vorbeugen<br \/>\r\n<\/h3>\n                    <p class=\"jvd-hightlight__text\">Die Desinfektion der PSA sicherstellen, um das Risiko einer Kreuzkontamination zwischen Patienten, medizinischem Personal und Ger\u00e4ten zu reduzieren.\r\n<\/p>\n                <\/div>\n            <\/li>\n                    <li class=\"jvd-highlight\">\n                                                <figure class=\"jvd-highlight__img\">\n                    <img decoding=\"async\" src=\"https:\/\/www.jvd.fr\/wp-content\/uploads\/2025\/11\/capture-decran-2025-11-05-121452-600x456.png\" alt=\"\" width=\"600\" height=\"456\" loading=\"lazy\" \/>\n                <\/figure>\n                                <div class=\"jvd-highlight__content\">\n                    <h3 class=\"jvd-hightlight__title\">Verf\u00fcgbarkeit verbessern<br \/>\r\n<\/h3>\n                    <p class=\"jvd-hightlight__text\">PSA trocken und geruchsfrei (z.\u202fB. Schwei\u00df) halten und gleichzeitig den t\u00e4glichen Komfort nachhaltig verbessern.\r\n<\/p>\n                <\/div>\n            <\/li>\n                    <li class=\"jvd-highlight\">\n                                                <figure class=\"jvd-highlight__img\">\n                    <img decoding=\"async\" src=\"https:\/\/www.jvd.fr\/wp-content\/uploads\/2025\/11\/generated-image-november-05-2025-2-08pm-1-600x600.png\" alt=\"\" width=\"600\" height=\"600\" loading=\"lazy\" \/>\n                <\/figure>\n                                <div class=\"jvd-highlight__content\">\n                    <h3 class=\"jvd-hightlight__title\">Wartungskosten senken<br \/>\r\n<\/h3>\n                    <p class=\"jvd-hightlight__text\">Eine einzigartige L\u00f6sung f\u00fcr die Pflege aller PSA, die unn\u00f6tige Ersatzbeschaffungen reduziert und gleichzeitig lange, teure und anstrengende Prozesse eliminiert.\r\n<\/p>\n                <\/div>\n            <\/li>\n                <\/ul>\n<\/div>\n<\/div>\n<\/div>\n\n\n\n<h2 class=\"wp-block-heading has-text-align-center\">Funktionen f\u00fcr optimale Leistung entwickelt<\/h2>\n\n\n\n<div id=\"wp-block-jvd-cards-block_bdcc92b1cff8ac327b4d064845181be1\" class=\"wp-block-jvd-cards align wp-block-acf-cards\">\n\t    <div class=\"jvd-cards\" data-display=\"grid\" data-columns=\"4\" data-count=\"4\" data-parity=\"even\">\n\t\t        <div class=\"jvd-card\" data-link=\"0\" data-img-ratio=\"square\" data-text-pos=\"under\">\n            <figure class=\"jvd-card__img\">\n\t\t\t                    <img decoding=\"async\" src=\"https:\/\/www.jvd.fr\/wp-content\/uploads\/2025\/10\/N3S-B-Detail-Poigne-600x600.jpg\" width=\"600\" height=\"600\" alt=\"\" loading=\"lazy\" \/>\n\t\t\t                <\/figure>\n            <div class=\"jvd-card__content\">\n                <h3 class=\"jvd-card__title\">Einfach zu bedienen<\/h3>                                <p class=\"jvd-card__text\">Jede Funktion ist so konzipiert, dass der Schrank in wenigen Schritten gestartet werden kann, ohne Zeitverlust oder unn\u00f6tige Komplexit\u00e4t.<\/p>\n                            <\/div>\n        <\/div>\n\t\t        <div class=\"jvd-card\" data-link=\"0\" data-img-ratio=\"square\" data-text-pos=\"under\">\n            <figure class=\"jvd-card__img\">\n\t\t\t                    <img decoding=\"async\" src=\"https:\/\/www.jvd.fr\/wp-content\/uploads\/2025\/10\/N3S-B-Detail-Ecran-600x600.jpg\" width=\"600\" height=\"600\" alt=\"\" loading=\"lazy\" \/>\n\t\t\t                <\/figure>\n            <div class=\"jvd-card__content\">\n                <h3 class=\"jvd-card__title\">Intuitive Bedienung<\/h3>                                <p class=\"jvd-card__text\">Die Softwareoberfl\u00e4che bietet eine klare und intuitive Bedienung, mit der sich das passende Programm leicht ausw\u00e4hlen l\u00e4sst. Wichtige Informationen sind auf einen Blick zug\u00e4nglich.<\/p>\n                            <\/div>\n        <\/div>\n\t\t        <div class=\"jvd-card\" data-link=\"0\" data-img-ratio=\"square\" data-text-pos=\"under\">\n            <figure class=\"jvd-card__img\">\n\t\t\t                    <img decoding=\"async\" src=\"https:\/\/www.jvd.fr\/wp-content\/uploads\/2025\/10\/novven-nettoyage-fr-1-600x600.jpg\" width=\"600\" height=\"600\" alt=\"\" loading=\"lazy\" \/>\n\t\t\t                <\/figure>\n            <div class=\"jvd-card__content\">\n                <h3 class=\"jvd-card__title\">Online-Handbuch<\/h3>                                <p class=\"jvd-card__text\">Online verf\u00fcgbar, b\u00fcndelt dieser spezielle Bereich Tipps, bew\u00e4hrte Verfahren und technische Anleitungen, um die Nutzung des Schranks zu optimieren \u2013 ein echtes Expertenwerkzeug direkt zur Hand.<\/p>\n                            <\/div>\n        <\/div>\n\t\t        <div class=\"jvd-card\" data-link=\"0\" data-img-ratio=\"square\" data-text-pos=\"under\">\n            <figure class=\"jvd-card__img\">\n\t\t\t                    <img decoding=\"async\" src=\"https:\/\/www.jvd.fr\/wp-content\/uploads\/2025\/10\/principe-de-fonctionnement-uk-4-600x600.jpg\" width=\"600\" height=\"600\" alt=\"\" loading=\"lazy\" \/>\n\t\t\t                <\/figure>\n            <div class=\"jvd-card__content\">\n                <h3 class=\"jvd-card__title\">R\u00fcckverfolgbarkeit<\/h3>                                <p class=\"jvd-card__text\">Die Nachverfolgung der Behandlungshistorie und der Lebensdauer der Komponenten gew\u00e4hrleistet die Einhaltung der Protokolle und erleichtert die Wartung.<\/p>\n                            <\/div>\n        <\/div>\n\t\t    <\/div>\n    <\/div>\n\n\n\n<div class=\"wp-block-group has-white-background-color has-background has-global-padding is-layout-constrained wp-container-core-group-is-layout-6394867d wp-block-group-is-layout-constrained\" style=\"border-radius:20px;margin-bottom:var(--wp--preset--spacing--100);padding-top:var(--wp--preset--spacing--100);padding-right:0;padding-bottom:var(--wp--preset--spacing--100);padding-left:0\">\n<h2 class=\"wp-block-heading has-text-align-center\">F\u00fcr Sie getestet<\/h2>\n\n\n\n<div id=\"wp-block-jvd-testimonies-block_b8251703c8576caaa937f555c4e1078a\" class=\"wp-block-jvd-testimonies align wp-block-acf-testimonies\">\n\t\t\t<div class=\"swiper jvd-testimonies js_testimonies\" data-media=\"none\" data-layout=\"regular\" data-count=\"1\">\n\t\t<div class=\"swiper-wrapper\">\n\t\t\t\t\t\t<div class=\"swiper-slide\">\n\t\t\t\t<div class=\"loop-testimony\">\n\t\t\t\t\t\t\t\t\t\t\t\t\t\t\t<div class=\"loop-testimony__body\">\n\t\t\t\t\t\t<blockquote class=\"loop-testimony__quote\">Der Schrank hat sich in allen bewerteten Kriterien als sehr leistungsf\u00e4hig erwiesen. Einfach zu bedienen, spart er uns t\u00e4glich wertvolle Zeit und erleichtert die Verwaltung unserer Ausr\u00fcstung, wie Sch\u00fcrzen und Schilddr\u00fcsensch\u00fctzer.<\/blockquote>\n\t\t\t\t\t\t<div class=\"loop-testimony__author\">\n\t\t\t\t\t\t\t\t\t\t\t\t\t\t\t\t\t\t\t\t\t<p class=\"loop-testimony__name\"><strong>CHU Normandie<\/strong><br\/>\n\t\t\t\t\t\t\t<\/p>\n\t\t\t\t\t\t<\/div>\n\t\t\t\t\t<\/div>\n\t\t\t\t<\/div>\n\t\t\t<\/div>\n\t\t\t\t\t\t\t\t<\/div>\n\t\t<div class=\"slide-prev\">\n            <svg width=\"13\" height=\"20\" aria-hidden=\"true\" role=\"presentation\"><use xlink:href=\"#slide-prev\"\/><\/svg>\n        <\/div>\n        <div class=\"slide-next\">\n            <svg width=\"13\" height=\"20\" aria-hidden=\"true\" role=\"presentation\"><use xlink:href=\"#slide-next\"\/><\/svg>\n        <\/div>\n\t<\/div>\n\t<\/div>\n\n<\/div>\n\n\n\n<div class=\"wp-block-group has-lightgrey-background-color has-background is-layout-flow wp-block-group-is-layout-flow\" style=\"border-radius:20px;padding-top:var(--wp--preset--spacing--75);padding-right:var(--wp--preset--spacing--75);padding-bottom:var(--wp--preset--spacing--75);padding-left:var(--wp--preset--spacing--75)\">\n<h2 class=\"wp-block-heading has-text-align-center\">Sind Sie an unseren Produkten                   interessiert?<\/h2>\n\n\n\n<p class=\"has-text-align-center\">Egal, ob Sie Informationen zu einem Produkt oder Expertenrat w\u00fcnschen \u2013 z\u00f6gern Sie nicht, uns f\u00fcr ein Gespr\u00e4ch per Videoanruf oder Telefon zu kontaktieren.<\/p>\n\n\n\n<div class=\"wp-block-buttons is-content-justification-center is-layout-flex wp-container-core-buttons-is-layout-a89b3969 wp-block-buttons-is-layout-flex\">\n<div class=\"wp-block-button\"><a class=\"wp-block-button__link wp-element-button\" href=\"https:\/\/share-eu1.hsforms.com\/1D1pYfY9ySKu6Mr344NqNBQexg1v?__hstc=230363395.695fa6e62d82ba597150131d68a1cdde.1758285397812.1762357874126.1762416679039.51&amp;__hssc=230363395.19.1762416679039&amp;__hsfp=87422087\">Einen JVD-Berater kontaktieren<\/a><\/div>\n<\/div>\n<\/div>\n\n\n\n<p><\/p>\n","protected":false},"excerpt":{"rendered":"<p>Wenn Ihre Mission endet, beginnt unsere. Mit Novven unterst\u00fctzen wir die Frauen und M\u00e4nner, die t\u00e4glich in Gesundheitseinrichtungen t\u00e4tig sind, indem wir ihnen eine L\u00f6sung zur Hygiene von PSA anbieten, die f\u00fcr ihre anspruchsvolle Umgebung entwickelt wurde. Krankheitserreger, Feuchtigkeit, Ger\u00fcche oder l\u00e4ngeres Tragen \u2013 all diese unsichtbaren Faktoren k\u00f6nnen den Komfort, die Sicherheit und die [&hellip;]<\/p>\n","protected":false},"author":14,"featured_media":62897,"parent":61945,"menu_order":0,"comment_status":"closed","ping_status":"closed","template":"","meta":{"_acf_changed":false,"content-type":"","_searchwp_excluded":"","inline_featured_image":false,"footnotes":""},"class_list":["post-63010","page","type-page","status-publish","has-post-thumbnail","hentry"],"acf":[],"yoast_head":"<!-- This site is optimized with the Yoast SEO plugin v27.1.1 - https:\/\/yoast.com\/product\/yoast-seo-wordpress\/ -->\n<title>Desinfektionsschr\u00e4nke f\u00fcr Gesundheit: Hygiene &amp; Sicherheit<\/title>\n<meta name=\"description\" content=\"Novven Desinfektionsschr\u00e4nke f\u00fcr das Gesundheitswesen: Smart Air Care h\u00e4lt EPI und Ger\u00e4te sauber, sicher und hygienisch.\" \/>\n<meta name=\"robots\" content=\"index, follow, max-snippet:-1, max-image-preview:large, max-video-preview:-1\" \/>\n<link rel=\"canonical\" href=\"https:\/\/www.jvd.fr\/de\/desinfektionsschranke\/fur-die-gesundheit\/\" \/>\n<meta property=\"og:locale\" content=\"de_DE\" \/>\n<meta property=\"og:type\" content=\"article\" \/>\n<meta property=\"og:title\" content=\"Desinfektionsschr\u00e4nke f\u00fcr Gesundheit: Hygiene &amp; Sicherheit\" \/>\n<meta property=\"og:description\" content=\"Novven Desinfektionsschr\u00e4nke f\u00fcr das Gesundheitswesen: Smart Air Care h\u00e4lt EPI und Ger\u00e4te sauber, sicher und hygienisch.\" \/>\n<meta property=\"og:url\" content=\"https:\/\/www.jvd.fr\/de\/desinfektionsschranke\/fur-die-gesundheit\/\" \/>\n<meta property=\"og:site_name\" content=\"JVD\" \/>\n<meta property=\"article:modified_time\" content=\"2025-12-23T11:23:59+00:00\" \/>\n<meta property=\"og:image\" content=\"https:\/\/www.jvd.fr\/wp-content\/uploads\/2025\/11\/design-sans-titre-2.png\" \/>\n\t<meta property=\"og:image:width\" content=\"1920\" \/>\n\t<meta property=\"og:image:height\" content=\"820\" \/>\n\t<meta property=\"og:image:type\" content=\"image\/png\" \/>\n<script type=\"application\/ld+json\" class=\"yoast-schema-graph\">{\"@context\":\"https:\/\/schema.org\",\"@graph\":[{\"@type\":\"WebPage\",\"@id\":\"https:\/\/www.jvd.fr\/de\/desinfektionsschranke\/fur-die-gesundheit\/\",\"url\":\"https:\/\/www.jvd.fr\/de\/desinfektionsschranke\/fur-die-gesundheit\/\",\"name\":\"Desinfektionsschr\u00e4nke f\u00fcr Gesundheit: Hygiene & Sicherheit\",\"isPartOf\":{\"@id\":\"https:\/\/www.jvd.fr\/de\/#website\"},\"primaryImageOfPage\":{\"@id\":\"https:\/\/www.jvd.fr\/de\/desinfektionsschranke\/fur-die-gesundheit\/#primaryimage\"},\"image\":{\"@id\":\"https:\/\/www.jvd.fr\/de\/desinfektionsschranke\/fur-die-gesundheit\/#primaryimage\"},\"thumbnailUrl\":\"https:\/\/www.jvd.fr\/wp-content\/uploads\/2025\/11\/design-sans-titre-2.png\",\"datePublished\":\"2025-11-06T09:51:48+00:00\",\"dateModified\":\"2025-12-23T11:23:59+00:00\",\"description\":\"Novven Desinfektionsschr\u00e4nke f\u00fcr das Gesundheitswesen: Smart Air Care h\u00e4lt EPI und Ger\u00e4te sauber, sicher und hygienisch.\",\"breadcrumb\":{\"@id\":\"https:\/\/www.jvd.fr\/de\/desinfektionsschranke\/fur-die-gesundheit\/#breadcrumb\"},\"inLanguage\":\"de\",\"potentialAction\":[{\"@type\":\"ReadAction\",\"target\":[\"https:\/\/www.jvd.fr\/de\/desinfektionsschranke\/fur-die-gesundheit\/\"]}]},{\"@type\":\"ImageObject\",\"inLanguage\":\"de\",\"@id\":\"https:\/\/www.jvd.fr\/de\/desinfektionsschranke\/fur-die-gesundheit\/#primaryimage\",\"url\":\"https:\/\/www.jvd.fr\/wp-content\/uploads\/2025\/11\/design-sans-titre-2.png\",\"contentUrl\":\"https:\/\/www.jvd.fr\/wp-content\/uploads\/2025\/11\/design-sans-titre-2.png\",\"width\":1920,\"height\":820},{\"@type\":\"BreadcrumbList\",\"@id\":\"https:\/\/www.jvd.fr\/de\/desinfektionsschranke\/fur-die-gesundheit\/#breadcrumb\",\"itemListElement\":[{\"@type\":\"ListItem\",\"position\":1,\"name\":\"Accueil\",\"item\":\"https:\/\/www.jvd.fr\/de\/\"},{\"@type\":\"ListItem\",\"position\":2,\"name\":\"Desinfektionsschr\u00e4nke\",\"item\":\"https:\/\/www.jvd.fr\/de\/desinfektionsschranke\/\"},{\"@type\":\"ListItem\",\"position\":3,\"name\":\"F\u00fcr die Gesundheit\"}]},{\"@type\":\"WebSite\",\"@id\":\"https:\/\/www.jvd.fr\/de\/#website\",\"url\":\"https:\/\/www.jvd.fr\/de\/\",\"name\":\"JVD\",\"description\":\"Products that care\",\"potentialAction\":[{\"@type\":\"SearchAction\",\"target\":{\"@type\":\"EntryPoint\",\"urlTemplate\":\"https:\/\/www.jvd.fr\/de\/?s={search_term_string}\"},\"query-input\":{\"@type\":\"PropertyValueSpecification\",\"valueRequired\":true,\"valueName\":\"search_term_string\"}}],\"inLanguage\":\"de\"}]}<\/script>\n<!-- \/ Yoast SEO plugin. -->","yoast_head_json":{"title":"Desinfektionsschr\u00e4nke f\u00fcr Gesundheit: Hygiene & Sicherheit","description":"Novven Desinfektionsschr\u00e4nke f\u00fcr das Gesundheitswesen: Smart Air Care h\u00e4lt EPI und Ger\u00e4te sauber, sicher und hygienisch.","robots":{"index":"index","follow":"follow","max-snippet":"max-snippet:-1","max-image-preview":"max-image-preview:large","max-video-preview":"max-video-preview:-1"},"canonical":"https:\/\/www.jvd.fr\/de\/desinfektionsschranke\/fur-die-gesundheit\/","og_locale":"de_DE","og_type":"article","og_title":"Desinfektionsschr\u00e4nke f\u00fcr Gesundheit: Hygiene & Sicherheit","og_description":"Novven Desinfektionsschr\u00e4nke f\u00fcr das Gesundheitswesen: Smart Air Care h\u00e4lt EPI und Ger\u00e4te sauber, sicher und hygienisch.","og_url":"https:\/\/www.jvd.fr\/de\/desinfektionsschranke\/fur-die-gesundheit\/","og_site_name":"JVD","article_modified_time":"2025-12-23T11:23:59+00:00","og_image":[{"width":1920,"height":820,"url":"https:\/\/www.jvd.fr\/wp-content\/uploads\/2025\/11\/design-sans-titre-2.png","type":"image\/png"}],"schema":{"@context":"https:\/\/schema.org","@graph":[{"@type":"WebPage","@id":"https:\/\/www.jvd.fr\/de\/desinfektionsschranke\/fur-die-gesundheit\/","url":"https:\/\/www.jvd.fr\/de\/desinfektionsschranke\/fur-die-gesundheit\/","name":"Desinfektionsschr\u00e4nke f\u00fcr Gesundheit: Hygiene & Sicherheit","isPartOf":{"@id":"https:\/\/www.jvd.fr\/de\/#website"},"primaryImageOfPage":{"@id":"https:\/\/www.jvd.fr\/de\/desinfektionsschranke\/fur-die-gesundheit\/#primaryimage"},"image":{"@id":"https:\/\/www.jvd.fr\/de\/desinfektionsschranke\/fur-die-gesundheit\/#primaryimage"},"thumbnailUrl":"https:\/\/www.jvd.fr\/wp-content\/uploads\/2025\/11\/design-sans-titre-2.png","datePublished":"2025-11-06T09:51:48+00:00","dateModified":"2025-12-23T11:23:59+00:00","description":"Novven Desinfektionsschr\u00e4nke f\u00fcr das Gesundheitswesen: Smart Air Care h\u00e4lt EPI und Ger\u00e4te sauber, sicher und hygienisch.","breadcrumb":{"@id":"https:\/\/www.jvd.fr\/de\/desinfektionsschranke\/fur-die-gesundheit\/#breadcrumb"},"inLanguage":"de","potentialAction":[{"@type":"ReadAction","target":["https:\/\/www.jvd.fr\/de\/desinfektionsschranke\/fur-die-gesundheit\/"]}]},{"@type":"ImageObject","inLanguage":"de","@id":"https:\/\/www.jvd.fr\/de\/desinfektionsschranke\/fur-die-gesundheit\/#primaryimage","url":"https:\/\/www.jvd.fr\/wp-content\/uploads\/2025\/11\/design-sans-titre-2.png","contentUrl":"https:\/\/www.jvd.fr\/wp-content\/uploads\/2025\/11\/design-sans-titre-2.png","width":1920,"height":820},{"@type":"BreadcrumbList","@id":"https:\/\/www.jvd.fr\/de\/desinfektionsschranke\/fur-die-gesundheit\/#breadcrumb","itemListElement":[{"@type":"ListItem","position":1,"name":"Accueil","item":"https:\/\/www.jvd.fr\/de\/"},{"@type":"ListItem","position":2,"name":"Desinfektionsschr\u00e4nke","item":"https:\/\/www.jvd.fr\/de\/desinfektionsschranke\/"},{"@type":"ListItem","position":3,"name":"F\u00fcr die Gesundheit"}]},{"@type":"WebSite","@id":"https:\/\/www.jvd.fr\/de\/#website","url":"https:\/\/www.jvd.fr\/de\/","name":"JVD","description":"Products that care","potentialAction":[{"@type":"SearchAction","target":{"@type":"EntryPoint","urlTemplate":"https:\/\/www.jvd.fr\/de\/?s={search_term_string}"},"query-input":{"@type":"PropertyValueSpecification","valueRequired":true,"valueName":"search_term_string"}}],"inLanguage":"de"}]}},"_links":{"self":[{"href":"https:\/\/www.jvd.fr\/de\/wp-json\/wp\/v2\/pages\/63010","targetHints":{"allow":["GET"]}}],"collection":[{"href":"https:\/\/www.jvd.fr\/de\/wp-json\/wp\/v2\/pages"}],"about":[{"href":"https:\/\/www.jvd.fr\/de\/wp-json\/wp\/v2\/types\/page"}],"author":[{"embeddable":true,"href":"https:\/\/www.jvd.fr\/de\/wp-json\/wp\/v2\/users\/14"}],"replies":[{"embeddable":true,"href":"https:\/\/www.jvd.fr\/de\/wp-json\/wp\/v2\/comments?post=63010"}],"version-history":[{"count":2,"href":"https:\/\/www.jvd.fr\/de\/wp-json\/wp\/v2\/pages\/63010\/revisions"}],"predecessor-version":[{"id":63051,"href":"https:\/\/www.jvd.fr\/de\/wp-json\/wp\/v2\/pages\/63010\/revisions\/63051"}],"up":[{"embeddable":true,"href":"https:\/\/www.jvd.fr\/de\/wp-json\/wp\/v2\/pages\/61945"}],"wp:featuredmedia":[{"embeddable":true,"href":"https:\/\/www.jvd.fr\/de\/wp-json\/wp\/v2\/media\/62897"}],"wp:attachment":[{"href":"https:\/\/www.jvd.fr\/de\/wp-json\/wp\/v2\/media?parent=63010"}],"curies":[{"name":"wp","href":"https:\/\/api.w.org\/{rel}","templated":true}]}}