{"id":61956,"date":"2025-10-20T15:08:33","date_gmt":"2025-10-20T13:08:33","guid":{"rendered":"https:\/\/www.jvd.fr\/?page_id=61956"},"modified":"2025-12-22T15:30:38","modified_gmt":"2025-12-22T14:30:38","slug":"smart-air-care-eine-einzigartige-und-ultra-leistungsstarke-technologie","status":"publish","type":"page","link":"https:\/\/www.jvd.fr\/de\/desinfektionsschranke\/smart-air-care-eine-einzigartige-und-ultra-leistungsstarke-technologie\/","title":{"rendered":"Smart Air Care: eine einzigartige und ultra-leistungsstarke Technologie"},"content":{"rendered":"\n<p class=\"has-text-align-center\">Die von <strong>Novven entwickelte patentierte Technologie<\/strong> basiert auf der pr\u00e4zisen Steuerung mehrerer sich erg\u00e4nzender technologischer Module. Dieser einzigartige Ansatz gew\u00e4hrleistet <strong>au\u00dfergew\u00f6hnliche Leistung<\/strong> sowie <strong>Zuverl\u00e4ssigkeit, Gleichm\u00e4\u00dfigkeit und Unbedenklichkeit<\/strong> in jedem Zyklus.<\/p>\n\n\n\n<figure class=\"wp-block-image aligncenter size-full is-resized\" style=\"margin-bottom:var(--wp--preset--spacing--50);margin-left:0\"><img loading=\"lazy\" decoding=\"async\" width=\"1767\" height=\"175\" src=\"https:\/\/www.jvd.fr\/wp-content\/uploads\/2025\/07\/logo-francais-jvd.jpg\" alt=\"drapeau fran\u00e7ais pour le made in france de JVD\" class=\"wp-image-42980\" style=\"width:250px\" srcset=\"https:\/\/www.jvd.fr\/wp-content\/uploads\/2025\/07\/logo-francais-jvd.jpg 1767w, https:\/\/www.jvd.fr\/wp-content\/uploads\/2025\/07\/logo-francais-jvd-600x59.jpg 600w, https:\/\/www.jvd.fr\/wp-content\/uploads\/2025\/07\/logo-francais-jvd-120x12.jpg 120w\" sizes=\"auto, (max-width: 1767px) 100vw, 1767px\" \/><\/figure>\n\n\n\n<div class=\"wp-block-columns are-vertically-aligned-center is-layout-flex wp-container-core-columns-is-layout-59a2bf7c wp-block-columns-is-layout-flex\" style=\"margin-bottom:var(--wp--preset--spacing--100)\">\n<div class=\"wp-block-column is-vertically-aligned-center is-layout-flow wp-block-column-is-layout-flow\">\n<div id=\"wp-block-jvd-keyfigures-block_d19f0f7f60777881ef3f234d60b71c10\" style=\"margin-top:var(--wp--preset--spacing--25);margin-bottom:var(--wp--preset--spacing--25);\" class=\"wp-block-jvd-keyfigures align wp-block-acf-keyfigures\">\n\t<div class=\"jvd-keyfigures\" data-cols=\"4\">\n\t\t        <div class=\"jvd-keyfigure\">\n\t\t\t\t\t\t            <figure class=\"jvd-keyfigure__picto\">\n\t\t\t\t<img decoding=\"async\" src=\"https:\/\/www.jvd.fr\/wp-content\/uploads\/2025\/10\/depollution.png\" alt=\"\" \/>\n            <\/figure>\n\t\t\t            <div class=\"jvd-keyfigure__head\">\n                                <div class=\"jvd-keyfigure__figure\">\n                                    <\/div>\n            <\/div>\n            <div class=\"jvd-keyfigure__content\">\n                                <strong class=\"jvd-keyfigure__title\">Die Schadstoffe<\/strong>\n                                                PAK (Polyzyklische Aromatische Kohlenwasserstoffe)                            <\/div>\n        <\/div>\n\t\t        <div class=\"jvd-keyfigure\">\n\t\t\t\t\t\t            <figure class=\"jvd-keyfigure__picto\">\n\t\t\t\t<img decoding=\"async\" src=\"https:\/\/www.jvd.fr\/wp-content\/uploads\/2025\/10\/desinfection.png\" alt=\"\" \/>\n            <\/figure>\n\t\t\t            <div class=\"jvd-keyfigure__head\">\n                                <div class=\"jvd-keyfigure__figure\">\n                                    <\/div>\n            <\/div>\n            <div class=\"jvd-keyfigure__content\">\n                                <strong class=\"jvd-keyfigure__title\">Die Mikroorganismen<\/strong>\n                                                Bakterien, Pilze, Viren &#8230;                            <\/div>\n        <\/div>\n\t\t        <div class=\"jvd-keyfigure\">\n\t\t\t\t\t\t            <figure class=\"jvd-keyfigure__picto\">\n\t\t\t\t<img decoding=\"async\" src=\"https:\/\/www.jvd.fr\/wp-content\/uploads\/2025\/10\/desodorisation.png\" alt=\"\" \/>\n            <\/figure>\n\t\t\t            <div class=\"jvd-keyfigure__head\">\n                                <div class=\"jvd-keyfigure__figure\">\n                                    <\/div>\n            <\/div>\n            <div class=\"jvd-keyfigure__content\">\n                                <strong class=\"jvd-keyfigure__title\">Die Ger\u00fcche<\/strong>\n                                                Starke K\u00f6rperger\u00fcche, Chemikalien, Kerosine&#8230;                            <\/div>\n        <\/div>\n\t\t        <div class=\"jvd-keyfigure\">\n\t\t\t\t\t\t            <figure class=\"jvd-keyfigure__picto\">\n\t\t\t\t<img decoding=\"async\" src=\"https:\/\/www.jvd.fr\/wp-content\/uploads\/2025\/10\/sechage.png\" alt=\"\" \/>\n            <\/figure>\n\t\t\t            <div class=\"jvd-keyfigure__head\">\n                                <div class=\"jvd-keyfigure__figure\">\n                                    <\/div>\n            <\/div>\n            <div class=\"jvd-keyfigure__content\">\n                                <strong class=\"jvd-keyfigure__title\">Die Trocknung<\/strong>\n                                                Leicht oder stark durchn\u00e4sste Kleidung oder Ausr\u00fcstung                            <\/div>\n        <\/div>\n\t\t    <\/div>\n<\/div>\n<\/div>\n<\/div>\n\n\n\n<h2 class=\"wp-block-heading has-text-align-center\">Smart Air Care<\/h2>\n\n\n\n<h3 class=\"wp-block-heading has-text-align-center\">Die patentierte Technologie, die jeden Parameter beherrscht<\/h3>\n\n\n\n<div class=\"wp-block-columns is-layout-flex wp-container-core-columns-is-layout-28f84493 wp-block-columns-is-layout-flex\">\n<div class=\"wp-block-column is-layout-flow wp-block-column-is-layout-flow\">\n<figure class=\"wp-block-image size-large\"><img loading=\"lazy\" decoding=\"async\" width=\"1200\" height=\"1200\" src=\"https:\/\/www.jvd.fr\/wp-content\/uploads\/2025\/10\/N3S-B-Detail-Novven-1200x1200.jpg\" alt=\"\" class=\"wp-image-61674\" srcset=\"https:\/\/www.jvd.fr\/wp-content\/uploads\/2025\/10\/N3S-B-Detail-Novven-1200x1200.jpg 1200w, https:\/\/www.jvd.fr\/wp-content\/uploads\/2025\/10\/N3S-B-Detail-Novven-300x300.jpg 300w, https:\/\/www.jvd.fr\/wp-content\/uploads\/2025\/10\/N3S-B-Detail-Novven-100x100.jpg 100w, https:\/\/www.jvd.fr\/wp-content\/uploads\/2025\/10\/N3S-B-Detail-Novven-150x150.jpg 150w, https:\/\/www.jvd.fr\/wp-content\/uploads\/2025\/10\/N3S-B-Detail-Novven-600x600.jpg 600w\" sizes=\"auto, (max-width: 1200px) 100vw, 1200px\" \/><\/figure>\n<\/div>\n\n\n\n<div class=\"wp-block-column is-vertically-aligned-center is-layout-flow wp-block-column-is-layout-flow\">\n<p>Dank seiner <strong>patentierten Technologie<\/strong> wird jeder Parameter streng kontrolliert und gesteuert, um konstante Ergebnisse zu gew\u00e4hrleisten, das Kontaminationsrisiko zu begrenzen und Tag f\u00fcr Tag optimalen Komfort zu sichern.<\/p>\n\n\n\n<p>Durch eine<strong> pr\u00e4zise Steuerung <\/strong>passt Smart Air Care jede Einstellung an das gew\u00e4hlte Programm an:<strong> Trocknung, Desinfektion, Desodorierung oder Dekontamination<\/strong>. Jeder Zyklus wird optimiert, um eine <strong>perfekte Hygiene und eine effiziente Trocknung<\/strong> aller PSA und Ausr\u00fcstungen zu gew\u00e4hrleisten.<\/p>\n\n\n\n<p>Smart Air Care bietet durch <strong>unabh\u00e4ngige Labore<\/strong> <strong>zertifizierte <\/strong>Leistung und garantiert Zuverl\u00e4ssigkeit und Effizienz, selbst in den anspruchsvollsten professionellen Umgebungen.<\/p>\n\n\n\n<p><strong>Smart Air Care ist die Kombination aus innovativer Technologie, Zuverl\u00e4ssigkeit und Leistung, damit PSA und Ausr\u00fcstung stets einsatzbereit sind.<\/strong><\/p>\n<\/div>\n<\/div>\n\n\n\n<p><\/p>\n\n\n\n<p><\/p>\n\n\n\n<p><\/p>\n\n\n\n<h2 class=\"wp-block-heading has-text-align-center\">Eine Technologie im Dienste der Effizienz<\/h2>\n\n\n\n<div class=\"wp-block-columns are-vertically-aligned-center is-layout-flex wp-container-core-columns-is-layout-59a2bf7c wp-block-columns-is-layout-flex\" style=\"margin-bottom:var(--wp--preset--spacing--100)\">\n<div class=\"wp-block-column is-vertically-aligned-center is-layout-flow wp-block-column-is-layout-flow\">\n<div id=\"wp-block-jvd-keyfigures-block_a7bda2a5b881b14b48b8e78a992190ee\" style=\"margin-top:0;margin-bottom:0;\" class=\"wp-block-jvd-keyfigures align wp-block-acf-keyfigures\">\n\t<div class=\"jvd-keyfigures\" data-cols=\"4\">\n\t\t        <div class=\"jvd-keyfigure\">\n\t\t\t\t\t\t            <div class=\"jvd-keyfigure__head\">\n                                <div class=\"jvd-keyfigure__figure\">\n                    <strong class=\"js_counter\">1<\/strong>                <\/div>\n            <\/div>\n            <div class=\"jvd-keyfigure__content\">\n                                <strong class=\"jvd-keyfigure__title\">Luftzirkulation<\/strong>\n                                                homogen und leistungsstark dank einer starken Luftf\u00fchrung.                            <\/div>\n        <\/div>\n\t\t        <div class=\"jvd-keyfigure\">\n\t\t\t\t\t\t            <div class=\"jvd-keyfigure__head\">\n                                <div class=\"jvd-keyfigure__figure\">\n                    <strong class=\"js_counter\">2<\/strong>                <\/div>\n            <\/div>\n            <div class=\"jvd-keyfigure__content\">\n                                <strong class=\"jvd-keyfigure__title\">Optimiertes Zubeh\u00f6r<\/strong>\n                                                zur Maximierung der Behandlungseffizienz.                            <\/div>\n        <\/div>\n\t\t        <div class=\"jvd-keyfigure\">\n\t\t\t\t\t\t            <div class=\"jvd-keyfigure__head\">\n                                <div class=\"jvd-keyfigure__figure\">\n                    <strong class=\"js_counter\">3<\/strong>                <\/div>\n            <\/div>\n            <div class=\"jvd-keyfigure__content\">\n                                <strong class=\"jvd-keyfigure__title\">Absaugsystem<\/strong>\n                                                \u00fcber Aktivkohlefilter.                            <\/div>\n        <\/div>\n\t\t        <div class=\"jvd-keyfigure\">\n\t\t\t\t\t\t            <div class=\"jvd-keyfigure__head\">\n                                <div class=\"jvd-keyfigure__figure\">\n                    <strong class=\"js_counter\">4<\/strong>                <\/div>\n            <\/div>\n            <div class=\"jvd-keyfigure__content\">\n                                <strong class=\"jvd-keyfigure__title\">\u00d6kodesignt<\/strong>\n                                                zur Begrenzung der ben\u00f6tigten Ressourcen.                            <\/div>\n        <\/div>\n\t\t    <\/div>\n<\/div>\n<\/div>\n\n\n\n<div class=\"wp-block-column is-vertically-aligned-center is-layout-flow wp-block-column-is-layout-flow\">\n<figure class=\"wp-block-image aligncenter size-medium\"><img loading=\"lazy\" decoding=\"async\" width=\"424\" height=\"600\" src=\"https:\/\/www.jvd.fr\/wp-content\/uploads\/2025\/10\/principe-de-fonctionnement-uk-2-424x600.jpg\" alt=\"\" class=\"wp-image-61765\" srcset=\"https:\/\/www.jvd.fr\/wp-content\/uploads\/2025\/10\/principe-de-fonctionnement-uk-2-424x600.jpg 424w, https:\/\/www.jvd.fr\/wp-content\/uploads\/2025\/10\/principe-de-fonctionnement-uk-2-600x849.jpg 600w, https:\/\/www.jvd.fr\/wp-content\/uploads\/2025\/10\/principe-de-fonctionnement-uk-2-49x70.jpg 49w, https:\/\/www.jvd.fr\/wp-content\/uploads\/2025\/10\/principe-de-fonctionnement-uk-2.jpg 707w\" sizes=\"auto, (max-width: 424px) 100vw, 424px\" \/><\/figure>\n<\/div>\n<\/div>\n\n\n\n<div class=\"wp-block-group has-lightgrey-background-color has-background is-layout-flow wp-block-group-is-layout-flow\" style=\"border-radius:20px;padding-top:var(--wp--preset--spacing--75);padding-right:var(--wp--preset--spacing--75);padding-bottom:var(--wp--preset--spacing--75);padding-left:var(--wp--preset--spacing--75)\">\n<h2 class=\"wp-block-heading has-text-align-center\">Neugierig auf mehr?<\/h2>\n\n\n\n<p class=\"has-text-align-center\">Um auf unsere gesamte wissenschaftliche Dokumentation zuzugreifen oder von Expertenratschl\u00e4gen zu profitieren, z\u00f6gern Sie nicht, uns f\u00fcr einen Austausch per Videoanruf oder Telefon zu kontaktieren.<\/p>\n\n\n\n<div class=\"wp-block-buttons is-content-justification-center is-layout-flex wp-container-core-buttons-is-layout-a89b3969 wp-block-buttons-is-layout-flex\">\n<div class=\"wp-block-button\"><a class=\"wp-block-button__link wp-element-button\" href=\"https:\/\/share-eu1.hsforms.com\/1D1pYfY9ySKu6Mr344NqNBQexg1v?__hstc=230363395.695fa6e62d82ba597150131d68a1cdde.1758285397812.1761911233868.1761914982785.34&amp;__hssc=230363395.13.1761914982785&amp;__hsfp=87422087\">Kontakt aufnehmen<\/a><\/div>\n<\/div>\n<\/div>\n","protected":false},"excerpt":{"rendered":"<p>Die von Novven entwickelte patentierte Technologie basiert auf der pr\u00e4zisen Steuerung mehrerer sich erg\u00e4nzender technologischer Module. Dieser einzigartige Ansatz gew\u00e4hrleistet au\u00dfergew\u00f6hnliche Leistung sowie Zuverl\u00e4ssigkeit, Gleichm\u00e4\u00dfigkeit und Unbedenklichkeit in jedem Zyklus. Smart Air Care Die patentierte Technologie, die jeden Parameter beherrscht Dank seiner patentierten Technologie wird jeder Parameter streng kontrolliert und gesteuert, um konstante Ergebnisse zu [&hellip;]<\/p>\n","protected":false},"author":14,"featured_media":0,"parent":61945,"menu_order":0,"comment_status":"closed","ping_status":"closed","template":"","meta":{"_acf_changed":false,"content-type":"","_searchwp_excluded":"","inline_featured_image":false,"footnotes":""},"class_list":["post-61956","page","type-page","status-publish","hentry"],"acf":[],"yoast_head":"<!-- This site is optimized with the Yoast SEO plugin v27.1.1 - https:\/\/yoast.com\/product\/yoast-seo-wordpress\/ -->\n<title>Novven Technologie: sichere und hygienische PSA-Schr\u00e4nke<\/title>\n<meta name=\"description\" content=\"Novven Technologie f\u00fcr PSA-Schr\u00e4nke mit Smart Air Care: sorgt f\u00fcr maximale Hygiene, schnelle Desinfektion und sichere Arbeitsbedingungen.\" \/>\n<meta name=\"robots\" content=\"index, follow, max-snippet:-1, max-image-preview:large, max-video-preview:-1\" \/>\n<link rel=\"canonical\" href=\"https:\/\/www.jvd.fr\/de\/desinfektionsschranke\/smart-air-care-eine-einzigartige-und-ultra-leistungsstarke-technologie\/\" \/>\n<meta property=\"og:locale\" content=\"de_DE\" \/>\n<meta property=\"og:type\" content=\"article\" \/>\n<meta property=\"og:title\" content=\"Novven Technologie: sichere und hygienische PSA-Schr\u00e4nke\" \/>\n<meta property=\"og:description\" content=\"Novven Technologie f\u00fcr PSA-Schr\u00e4nke mit Smart Air Care: sorgt f\u00fcr maximale Hygiene, schnelle Desinfektion und sichere Arbeitsbedingungen.\" \/>\n<meta property=\"og:url\" content=\"https:\/\/www.jvd.fr\/de\/desinfektionsschranke\/smart-air-care-eine-einzigartige-und-ultra-leistungsstarke-technologie\/\" \/>\n<meta property=\"og:site_name\" content=\"JVD\" \/>\n<meta property=\"article:modified_time\" content=\"2025-12-22T14:30:38+00:00\" \/>\n<meta property=\"og:image\" content=\"https:\/\/www.jvd.fr\/wp-content\/uploads\/2025\/07\/logo-francais-jvd.jpg\" \/>\n\t<meta property=\"og:image:width\" content=\"1767\" \/>\n\t<meta property=\"og:image:height\" content=\"175\" \/>\n\t<meta property=\"og:image:type\" content=\"image\/jpeg\" \/>\n<script type=\"application\/ld+json\" class=\"yoast-schema-graph\">{\"@context\":\"https:\/\/schema.org\",\"@graph\":[{\"@type\":\"WebPage\",\"@id\":\"https:\/\/www.jvd.fr\/de\/desinfektionsschranke\/smart-air-care-eine-einzigartige-und-ultra-leistungsstarke-technologie\/\",\"url\":\"https:\/\/www.jvd.fr\/de\/desinfektionsschranke\/smart-air-care-eine-einzigartige-und-ultra-leistungsstarke-technologie\/\",\"name\":\"Novven Technologie: sichere und hygienische PSA-Schr\u00e4nke\",\"isPartOf\":{\"@id\":\"https:\/\/www.jvd.fr\/de\/#website\"},\"primaryImageOfPage\":{\"@id\":\"https:\/\/www.jvd.fr\/de\/desinfektionsschranke\/smart-air-care-eine-einzigartige-und-ultra-leistungsstarke-technologie\/#primaryimage\"},\"image\":{\"@id\":\"https:\/\/www.jvd.fr\/de\/desinfektionsschranke\/smart-air-care-eine-einzigartige-und-ultra-leistungsstarke-technologie\/#primaryimage\"},\"thumbnailUrl\":\"https:\/\/www.jvd.fr\/wp-content\/uploads\/2025\/07\/logo-francais-jvd.jpg\",\"datePublished\":\"2025-10-20T13:08:33+00:00\",\"dateModified\":\"2025-12-22T14:30:38+00:00\",\"description\":\"Novven Technologie f\u00fcr PSA-Schr\u00e4nke mit Smart Air Care: sorgt f\u00fcr maximale Hygiene, schnelle Desinfektion und sichere Arbeitsbedingungen.\",\"breadcrumb\":{\"@id\":\"https:\/\/www.jvd.fr\/de\/desinfektionsschranke\/smart-air-care-eine-einzigartige-und-ultra-leistungsstarke-technologie\/#breadcrumb\"},\"inLanguage\":\"de\",\"potentialAction\":[{\"@type\":\"ReadAction\",\"target\":[\"https:\/\/www.jvd.fr\/de\/desinfektionsschranke\/smart-air-care-eine-einzigartige-und-ultra-leistungsstarke-technologie\/\"]}]},{\"@type\":\"ImageObject\",\"inLanguage\":\"de\",\"@id\":\"https:\/\/www.jvd.fr\/de\/desinfektionsschranke\/smart-air-care-eine-einzigartige-und-ultra-leistungsstarke-technologie\/#primaryimage\",\"url\":\"https:\/\/www.jvd.fr\/wp-content\/uploads\/2025\/07\/logo-francais-jvd.jpg\",\"contentUrl\":\"https:\/\/www.jvd.fr\/wp-content\/uploads\/2025\/07\/logo-francais-jvd.jpg\"},{\"@type\":\"BreadcrumbList\",\"@id\":\"https:\/\/www.jvd.fr\/de\/desinfektionsschranke\/smart-air-care-eine-einzigartige-und-ultra-leistungsstarke-technologie\/#breadcrumb\",\"itemListElement\":[{\"@type\":\"ListItem\",\"position\":1,\"name\":\"Accueil\",\"item\":\"https:\/\/www.jvd.fr\/de\/\"},{\"@type\":\"ListItem\",\"position\":2,\"name\":\"Desinfektionsschr\u00e4nke\",\"item\":\"https:\/\/www.jvd.fr\/de\/desinfektionsschranke\/\"},{\"@type\":\"ListItem\",\"position\":3,\"name\":\"Smart Air Care: eine einzigartige und ultra-leistungsstarke Technologie\"}]},{\"@type\":\"WebSite\",\"@id\":\"https:\/\/www.jvd.fr\/de\/#website\",\"url\":\"https:\/\/www.jvd.fr\/de\/\",\"name\":\"JVD\",\"description\":\"Products that care\",\"potentialAction\":[{\"@type\":\"SearchAction\",\"target\":{\"@type\":\"EntryPoint\",\"urlTemplate\":\"https:\/\/www.jvd.fr\/de\/?s={search_term_string}\"},\"query-input\":{\"@type\":\"PropertyValueSpecification\",\"valueRequired\":true,\"valueName\":\"search_term_string\"}}],\"inLanguage\":\"de\"}]}<\/script>\n<!-- \/ Yoast SEO plugin. -->","yoast_head_json":{"title":"Novven Technologie: sichere und hygienische PSA-Schr\u00e4nke","description":"Novven Technologie f\u00fcr PSA-Schr\u00e4nke mit Smart Air Care: sorgt f\u00fcr maximale Hygiene, schnelle Desinfektion und sichere Arbeitsbedingungen.","robots":{"index":"index","follow":"follow","max-snippet":"max-snippet:-1","max-image-preview":"max-image-preview:large","max-video-preview":"max-video-preview:-1"},"canonical":"https:\/\/www.jvd.fr\/de\/desinfektionsschranke\/smart-air-care-eine-einzigartige-und-ultra-leistungsstarke-technologie\/","og_locale":"de_DE","og_type":"article","og_title":"Novven Technologie: sichere und hygienische PSA-Schr\u00e4nke","og_description":"Novven Technologie f\u00fcr PSA-Schr\u00e4nke mit Smart Air Care: sorgt f\u00fcr maximale Hygiene, schnelle Desinfektion und sichere Arbeitsbedingungen.","og_url":"https:\/\/www.jvd.fr\/de\/desinfektionsschranke\/smart-air-care-eine-einzigartige-und-ultra-leistungsstarke-technologie\/","og_site_name":"JVD","article_modified_time":"2025-12-22T14:30:38+00:00","og_image":[{"width":1767,"height":175,"url":"https:\/\/www.jvd.fr\/wp-content\/uploads\/2025\/07\/logo-francais-jvd.jpg","type":"image\/jpeg"}],"schema":{"@context":"https:\/\/schema.org","@graph":[{"@type":"WebPage","@id":"https:\/\/www.jvd.fr\/de\/desinfektionsschranke\/smart-air-care-eine-einzigartige-und-ultra-leistungsstarke-technologie\/","url":"https:\/\/www.jvd.fr\/de\/desinfektionsschranke\/smart-air-care-eine-einzigartige-und-ultra-leistungsstarke-technologie\/","name":"Novven Technologie: sichere und hygienische PSA-Schr\u00e4nke","isPartOf":{"@id":"https:\/\/www.jvd.fr\/de\/#website"},"primaryImageOfPage":{"@id":"https:\/\/www.jvd.fr\/de\/desinfektionsschranke\/smart-air-care-eine-einzigartige-und-ultra-leistungsstarke-technologie\/#primaryimage"},"image":{"@id":"https:\/\/www.jvd.fr\/de\/desinfektionsschranke\/smart-air-care-eine-einzigartige-und-ultra-leistungsstarke-technologie\/#primaryimage"},"thumbnailUrl":"https:\/\/www.jvd.fr\/wp-content\/uploads\/2025\/07\/logo-francais-jvd.jpg","datePublished":"2025-10-20T13:08:33+00:00","dateModified":"2025-12-22T14:30:38+00:00","description":"Novven Technologie f\u00fcr PSA-Schr\u00e4nke mit Smart Air Care: sorgt f\u00fcr maximale Hygiene, schnelle Desinfektion und sichere Arbeitsbedingungen.","breadcrumb":{"@id":"https:\/\/www.jvd.fr\/de\/desinfektionsschranke\/smart-air-care-eine-einzigartige-und-ultra-leistungsstarke-technologie\/#breadcrumb"},"inLanguage":"de","potentialAction":[{"@type":"ReadAction","target":["https:\/\/www.jvd.fr\/de\/desinfektionsschranke\/smart-air-care-eine-einzigartige-und-ultra-leistungsstarke-technologie\/"]}]},{"@type":"ImageObject","inLanguage":"de","@id":"https:\/\/www.jvd.fr\/de\/desinfektionsschranke\/smart-air-care-eine-einzigartige-und-ultra-leistungsstarke-technologie\/#primaryimage","url":"https:\/\/www.jvd.fr\/wp-content\/uploads\/2025\/07\/logo-francais-jvd.jpg","contentUrl":"https:\/\/www.jvd.fr\/wp-content\/uploads\/2025\/07\/logo-francais-jvd.jpg"},{"@type":"BreadcrumbList","@id":"https:\/\/www.jvd.fr\/de\/desinfektionsschranke\/smart-air-care-eine-einzigartige-und-ultra-leistungsstarke-technologie\/#breadcrumb","itemListElement":[{"@type":"ListItem","position":1,"name":"Accueil","item":"https:\/\/www.jvd.fr\/de\/"},{"@type":"ListItem","position":2,"name":"Desinfektionsschr\u00e4nke","item":"https:\/\/www.jvd.fr\/de\/desinfektionsschranke\/"},{"@type":"ListItem","position":3,"name":"Smart Air Care: eine einzigartige und ultra-leistungsstarke Technologie"}]},{"@type":"WebSite","@id":"https:\/\/www.jvd.fr\/de\/#website","url":"https:\/\/www.jvd.fr\/de\/","name":"JVD","description":"Products that care","potentialAction":[{"@type":"SearchAction","target":{"@type":"EntryPoint","urlTemplate":"https:\/\/www.jvd.fr\/de\/?s={search_term_string}"},"query-input":{"@type":"PropertyValueSpecification","valueRequired":true,"valueName":"search_term_string"}}],"inLanguage":"de"}]}},"_links":{"self":[{"href":"https:\/\/www.jvd.fr\/de\/wp-json\/wp\/v2\/pages\/61956","targetHints":{"allow":["GET"]}}],"collection":[{"href":"https:\/\/www.jvd.fr\/de\/wp-json\/wp\/v2\/pages"}],"about":[{"href":"https:\/\/www.jvd.fr\/de\/wp-json\/wp\/v2\/types\/page"}],"author":[{"embeddable":true,"href":"https:\/\/www.jvd.fr\/de\/wp-json\/wp\/v2\/users\/14"}],"replies":[{"embeddable":true,"href":"https:\/\/www.jvd.fr\/de\/wp-json\/wp\/v2\/comments?post=61956"}],"version-history":[{"count":4,"href":"https:\/\/www.jvd.fr\/de\/wp-json\/wp\/v2\/pages\/61956\/revisions"}],"predecessor-version":[{"id":63084,"href":"https:\/\/www.jvd.fr\/de\/wp-json\/wp\/v2\/pages\/61956\/revisions\/63084"}],"up":[{"embeddable":true,"href":"https:\/\/www.jvd.fr\/de\/wp-json\/wp\/v2\/pages\/61945"}],"wp:attachment":[{"href":"https:\/\/www.jvd.fr\/de\/wp-json\/wp\/v2\/media?parent=61956"}],"curies":[{"name":"wp","href":"https:\/\/api.w.org\/{rel}","templated":true}]}}