{"id":5074,"date":"2025-05-28T17:44:44","date_gmt":"2025-05-28T15:44:44","guid":{"rendered":"https:\/\/jvdwoo2025.dnstemporaire.fr\/?page_id=5074"},"modified":"2025-09-17T14:22:25","modified_gmt":"2025-09-17T12:22:25","slug":"insektenvernichter","status":"publish","type":"page","link":"https:\/\/www.jvd.fr\/de\/insektenvernichter\/","title":{"rendered":"Insektenvernichter"},"content":{"rendered":"\n<div class=\"wp-block-group is-layout-flow wp-block-group-is-layout-flow\" style=\"margin-top:0;margin-bottom:var(--wp--preset--spacing--100);padding-bottom:0\">\n<h2 class=\"wp-block-heading\">Sch\u00fctzen Sie Ihre R\u00e4ume vor fliegenden Insekten<\/h2>\n\n\n\n<div class=\"wp-block-columns is-layout-flex wp-container-core-columns-is-layout-b5160bed wp-block-columns-is-layout-flex\" style=\"margin-bottom:var(--wp--preset--spacing--50)\">\n<div class=\"wp-block-column is-layout-flow wp-block-column-is-layout-flow\">\n<p>In allen Branchen beeintr\u00e4chtigt das Auftreten von fliegenden Insekten das <strong>Image<\/strong>, die <strong>Hygiene<\/strong> und mitunter auch die <strong>gesetzliche Konformit\u00e4t<\/strong>. Besonders in der <strong>Gastronomie<\/strong>, im <strong>Gesundheitswesen<\/strong> und im <strong>Hotelgewerbe<\/strong> sind diskrete, effektive und langlebige L\u00f6sungen gefragt, um Mitarbeitenden und G\u00e4sten ein hygienisches Umfeld zu garantieren.<\/p>\n<\/div>\n\n\n\n<div class=\"wp-block-column is-layout-flow wp-block-column-is-layout-flow\">\n<p style=\"padding-top:0;padding-bottom:0\"><strong>JVD<\/strong> bietet ein umfassendes Sortiment an <strong>Insektenvernichtern<\/strong>, und den HACCP-Hygienenormen entsprechendes. Ob stehend, h\u00e4ngend oder wandmontiert \u2013 unsere Ger\u00e4te kombinieren <strong>Effizienz<\/strong>, <strong>Diskretion<\/strong> und <strong>einfache Wartung<\/strong> und lassen sich in jedem professionellen Umfeld einsetzen.<\/p>\n<\/div>\n<\/div>\n\n\n\n<div class=\"wp-block-buttons is-content-justification-center is-layout-flex wp-container-core-buttons-is-layout-a89b3969 wp-block-buttons-is-layout-flex\">\n<div class=\"wp-block-button is-style-secondary-button\"><a class=\"wp-block-button__link wp-element-button\" href=\"https:\/\/www.jvd.fr\/de\/categorie\/insektenvernichter\/\">Alle Produkte anzeigen<\/a><\/div>\n<\/div>\n<\/div>\n\n\n\n<div class=\"wp-block-group is-layout-flow wp-block-group-is-layout-flow\" style=\"margin-bottom:var(--wp--preset--spacing--100);padding-bottom:0\">\n<h2 class=\"wp-block-heading has-text-align-center\" style=\"padding-top:0;padding-bottom:0\">Insektenvernichter f\u00fcr jeden Bedarf<\/h2>\n\n\n\n<div id=\"wp-block-jvd-cards-block_af96d544cb2b00637c2c777904a024e1\" style=\"margin-bottom:var(--wp--preset--spacing--50);\" class=\"wp-block-jvd-cards align wp-block-acf-cards\">\n\t    <div class=\"swiper jvd-carousel js_cards\" data-display=\"carrousel\">\n        <div class=\"swiper__nav\">\n            <div class=\"swiper__nav__prev js_cards_prev\">\n                <svg width=\"13\" height=\"20\" aria-hidden=\"true\" role=\"presentation\"><use xlink:href=\"#slide-prev\"\/><\/svg>\n            <\/div>\n            <div class=\"swiper__nav__next js_cards_next\">\n                <svg width=\"13\" height=\"20\" aria-hidden=\"true\" role=\"presentation\"><use xlink:href=\"#slide-next\"\/><\/svg>\n            <\/div>\n        <\/div>\n        <div class=\"swiper-wrapper\">\n                        <div class=\"swiper-slide\">\n                <div class=\"jvd-card\" data-link=\"1\" data-img-ratio=\"portrait\" data-text-pos=\"hover\">\n                                        <figure class=\"jvd-card__img\">\n                                            <\/figure>\n                    <div class=\"jvd-card__content\">\n                                                <h3 class=\"jvd-card__title\">\n                                                        <a href=\"https:\/\/www.jvd.fr\/de\/categorie\/led\/\">\n                                                        LED-Insektenvernichter                                                        <\/a>\n                                                    <\/h3>\n                                                <p class=\"jvd-card__text\"><\/p>\n                    <\/div>\n                <\/div>\n            <\/div>\n                        <div class=\"swiper-slide\">\n                <div class=\"jvd-card\" data-link=\"1\" data-img-ratio=\"portrait\" data-text-pos=\"hover\">\n                                        <figure class=\"jvd-card__img\">\n                                                    <img decoding=\"async\" src=\"https:\/\/www.jvd.fr\/wp-content\/uploads\/2025\/06\/desinsectiseur-electrique-jvd-600x666.jpg\" width=\"600\" height=\"666\" alt=\"\" loading=\"lazy\" \/>\n                                            <\/figure>\n                    <div class=\"jvd-card__content\">\n                                                <h3 class=\"jvd-card__title\">\n                                                        <a href=\"https:\/\/www.jvd.fr\/de\/categorie\/elektrisch\/\">\n                                                        Elektrische Insektenvernichter                                                        <\/a>\n                                                    <\/h3>\n                                                <p class=\"jvd-card__text\"><\/p>\n                    <\/div>\n                <\/div>\n            <\/div>\n                        <div class=\"swiper-slide\">\n                <div class=\"jvd-card\" data-link=\"1\" data-img-ratio=\"portrait\" data-text-pos=\"hover\">\n                                        <figure class=\"jvd-card__img\">\n                                                    <img decoding=\"async\" src=\"https:\/\/www.jvd.fr\/wp-content\/uploads\/2025\/06\/desinsectiseur-a-glue-jvd-600x667.jpg\" width=\"600\" height=\"667\" alt=\"Desinsectiseur A Glue Jvd\" loading=\"lazy\" \/>\n                                            <\/figure>\n                    <div class=\"jvd-card__content\">\n                                                <h3 class=\"jvd-card__title\">\n                                                        <a href=\"https:\/\/www.jvd.fr\/de\/categorie\/klebefolie\/\">\n                                                        Klebefolien-Insektenvernichter                                                        <\/a>\n                                                    <\/h3>\n                                                <p class=\"jvd-card__text\"><\/p>\n                    <\/div>\n                <\/div>\n            <\/div>\n                        <div class=\"swiper-slide\">\n                <div class=\"jvd-card\" data-link=\"1\" data-img-ratio=\"portrait\" data-text-pos=\"hover\">\n                                        <figure class=\"jvd-card__img\">\n                                                    <img decoding=\"async\" src=\"https:\/\/www.jvd.fr\/wp-content\/uploads\/2025\/06\/desinsectiseur-aspiration-helio-jvd-600x800.jpg\" width=\"600\" height=\"800\" alt=\"\" loading=\"lazy\" \/>\n                                            <\/figure>\n                    <div class=\"jvd-card__content\">\n                                                <h3 class=\"jvd-card__title\">\n                                                        <a href=\"https:\/\/www.jvd.fr\/de\/categorie\/vacuum\/\">\n                                                        Insektenvernichter mit Aspirations-Technologie                                                        <\/a>\n                                                    <\/h3>\n                                                <p class=\"jvd-card__text\"><\/p>\n                    <\/div>\n                <\/div>\n            <\/div>\n                    <\/div>\n    <\/div>\n    <\/div>\n<\/div>\n\n\n\n<div class=\"wp-block-columns is-layout-flex wp-container-core-columns-is-layout-af3aebae wp-block-columns-is-layout-flex\" style=\"margin-top:0;margin-bottom:var(--wp--preset--spacing--100)\">\n<div class=\"wp-block-column is-layout-flow wp-block-column-is-layout-flow\">\n<figure class=\"wp-block-image size-square has-custom-border is-style-rounded\"><img loading=\"lazy\" decoding=\"async\" width=\"600\" height=\"600\" src=\"https:\/\/www.jvd.fr\/wp-content\/uploads\/2025\/05\/desinsectiseur-helio-boulangerie-restauration-jvd-600x600.jpg\" alt=\"\" class=\"wp-image-3928\" style=\"border-radius:20px\" srcset=\"https:\/\/www.jvd.fr\/wp-content\/uploads\/2025\/05\/desinsectiseur-helio-boulangerie-restauration-jvd-600x600.jpg 600w, https:\/\/www.jvd.fr\/wp-content\/uploads\/2025\/05\/desinsectiseur-helio-boulangerie-restauration-jvd-300x300.jpg 300w, https:\/\/www.jvd.fr\/wp-content\/uploads\/2025\/05\/desinsectiseur-helio-boulangerie-restauration-jvd-100x100.jpg 100w, https:\/\/www.jvd.fr\/wp-content\/uploads\/2025\/05\/desinsectiseur-helio-boulangerie-restauration-jvd-150x150.jpg 150w\" sizes=\"auto, (max-width: 600px) 100vw, 600px\" \/><\/figure>\n<\/div>\n\n\n\n<div class=\"wp-block-column is-vertically-aligned-center is-layout-flow wp-block-column-is-layout-flow\" style=\"border-style:none;border-width:0px\">\n<h2 class=\"wp-block-heading\">LED-Umstellung \u2013 eine Verpflichtung?<\/h2>\n\n\n\n<p>Die EU-Verordnung zur \u00d6kodesign-Richtlinie zielt darauf ab, Risiken f\u00fcr Gesundheit und Umwelt durch gef\u00e4hrliche Stoffe in elektrischen und elektronischen Ger\u00e4ten zu vermeiden. Daher m\u00fcssen Speziallampen, wie sie in Insektenvernichtern verwendet werden, ab 2027 verpflichtend auf LED-Technologie umgestellt sein.<\/p>\n<\/div>\n<\/div>\n\n\n\n<div class=\"wp-block-group has-global-padding is-layout-constrained wp-block-group-is-layout-constrained\" style=\"margin-bottom:var(--wp--preset--spacing--100)\">\n<h2 class=\"wp-block-heading has-text-align-center\">H\u00e4ufige Fragen<\/h2>\n\n\n\n<div id=\"wp-block-jvd-faq-block_5e0715b95604123ab860a5030408c2b5\" class=\"wp-block-jvd-faq align wp-block-acf-faq\">\n\t<div class=\"jvd-faq\">\n\t\t\t\t<div class=\"jvd-faq__item\" itemscope itemprop=\"mainEntity\" itemtype=\"https:\/\/schema.org\/Question\">\n\t\t\t<div class=\"jvd-faq__question\" itemprop=\"name\">\n\t\t\t\t<span>F\u00fcr welche Insekten sind Insektenvernichter geeignet?<\/span>\n\t\t\t\t<button type=\"button\">\n\t\t\t\t\t<svg width=\"20\" height=\"20\" aria-hidden=\"true\" role=\"presentation\"><use xlink:href=\"#chevron-down\"\/><\/svg>\n\t\t\t\t<\/button>\n\t\t\t<\/div>\n\t\t\t<div class=\"jvd-faq__answer\" itemscope itemprop=\"acceptedAnswer\" itemtype=\"https:\/\/schema.org\/Answer\">\n\t\t\t\t<p>Die Ger\u00e4te sind daf\u00fcr ausgelegt, fliegende Insekten wie Fliegen, Fruchtfliegen, Wespen, Hornissen, Bremsen oder M\u00fccken anzuziehen und zu vernichten.<\/p>\n\t\t\t<\/div>\n\t\t<\/div>\n\t\t\t\t<div class=\"jvd-faq__item\" itemscope itemprop=\"mainEntity\" itemtype=\"https:\/\/schema.org\/Question\">\n\t\t\t<div class=\"jvd-faq__question\" itemprop=\"name\">\n\t\t\t\t<span>Wie funktioniert ein Insektenvernichter?<\/span>\n\t\t\t\t<button type=\"button\">\n\t\t\t\t\t<svg width=\"20\" height=\"20\" aria-hidden=\"true\" role=\"presentation\"><use xlink:href=\"#chevron-down\"\/><\/svg>\n\t\t\t\t<\/button>\n\t\t\t<\/div>\n\t\t\t<div class=\"jvd-faq__answer\" itemscope itemprop=\"acceptedAnswer\" itemtype=\"https:\/\/schema.org\/Answer\">\n\t\t\t\t<p data-start=\"402\" data-end=\"711\">Ein Insektenvernichter ist ein elektrisches Ger\u00e4t mit UV-A-Licht, das f\u00fcr den Menschen ungef\u00e4hrlich ist. Es zieht Insekten an und vernichtet sie je nach Modell durch Stromschlag, Klebefolie oder Ansaugung.<\/p>\n\t\t\t<\/div>\n\t\t<\/div>\n\t\t\t\t<div class=\"jvd-faq__item\" itemscope itemprop=\"mainEntity\" itemtype=\"https:\/\/schema.org\/Question\">\n\t\t\t<div class=\"jvd-faq__question\" itemprop=\"name\">\n\t\t\t\t<span>Warum einen Insektenvernichter mit Splitterschutz-R\u00f6hre w\u00e4hlen?<\/span>\n\t\t\t\t<button type=\"button\">\n\t\t\t\t\t<svg width=\"20\" height=\"20\" aria-hidden=\"true\" role=\"presentation\"><use xlink:href=\"#chevron-down\"\/><\/svg>\n\t\t\t\t<\/button>\n\t\t\t<\/div>\n\t\t\t<div class=\"jvd-faq__answer\" itemscope itemprop=\"acceptedAnswer\" itemtype=\"https:\/\/schema.org\/Answer\">\n\t\t\t\t<p>Im Gegensatz zu Standardr\u00f6hren sind Splitterschutz-R\u00f6hren mit einer Schutzfolie \u00fcberzogen, die bei einem Bruch das Austreten von Glassplittern verhindert. Sie werden besonders in der Lebensmittelindustrie empfohlen.<\/p>\n\t\t\t<\/div>\n\t\t<\/div>\n\t\t\t\t<div class=\"jvd-faq__item\" itemscope itemprop=\"mainEntity\" itemtype=\"https:\/\/schema.org\/Question\">\n\t\t\t<div class=\"jvd-faq__question\" itemprop=\"name\">\n\t\t\t\t<span>Warum einen Insektenvernichter mit Schutzart IP54 w\u00e4hlen?<\/span>\n\t\t\t\t<button type=\"button\">\n\t\t\t\t\t<svg width=\"20\" height=\"20\" aria-hidden=\"true\" role=\"presentation\"><use xlink:href=\"#chevron-down\"\/><\/svg>\n\t\t\t\t<\/button>\n\t\t\t<\/div>\n\t\t\t<div class=\"jvd-faq__answer\" itemscope itemprop=\"acceptedAnswer\" itemtype=\"https:\/\/schema.org\/Answer\">\n\t\t\t\t<p>Ger\u00e4te mit IP54-Zertifizierung eignen sich f\u00fcr feuchte Umgebungen, da sie gegen Spritzwasser gesch\u00fctzt sind.<\/p>\n\t\t\t<\/div>\n\t\t<\/div>\n\t\t\t<\/div>\n<\/div>\n<\/div>\n\n\n\n<div class=\"wp-block-group has-lightgrey-background-color has-background is-layout-flow wp-block-group-is-layout-flow\" style=\"border-radius:20px;padding-top:var(--wp--preset--spacing--75);padding-right:var(--wp--preset--spacing--75);padding-bottom:var(--wp--preset--spacing--75);padding-left:var(--wp--preset--spacing--75)\">\n<h2 class=\"wp-block-heading has-text-align-center\">Interesse an unseren Produkten?<\/h2>\n\n\n\n<p class=\"has-text-align-center\">Ob Produktinformationen oder Beratung \u2013 wir stehen Ihnen gerne <br>per Videocall oder telefonisch zur Verf\u00fcgung.<\/p>\n\n\n\n<div class=\"wp-block-buttons is-content-justification-center is-layout-flex wp-container-core-buttons-is-layout-a89b3969 wp-block-buttons-is-layout-flex\">\n<div class=\"wp-block-button\"><a class=\"wp-block-button__link wp-element-button\" href=\"https:\/\/share-eu1.hsforms.com\/1D1pYfY9ySKu6Mr344NqNBQexg1v?__hstc=191158197.12333dbceaaf0a4b876500007d6a41a3.1753773294906.1753798906615.1753859848622.5&amp;__hssc=191158197.44.1753859848622&amp;__hsfp=3225660188\">Kontaktieren Sie uns<\/a><\/div>\n<\/div>\n<\/div>\n","protected":false},"excerpt":{"rendered":"<p>Sch\u00fctzen Sie Ihre R\u00e4ume vor fliegenden Insekten In allen Branchen beeintr\u00e4chtigt das Auftreten von fliegenden Insekten das Image, die Hygiene und mitunter auch die gesetzliche Konformit\u00e4t. Besonders in der Gastronomie, im Gesundheitswesen und im Hotelgewerbe sind diskrete, effektive und langlebige L\u00f6sungen gefragt, um Mitarbeitenden und G\u00e4sten ein hygienisches Umfeld zu garantieren. JVD bietet ein umfassendes [&hellip;]<\/p>\n","protected":false},"author":1,"featured_media":4403,"parent":0,"menu_order":0,"comment_status":"closed","ping_status":"closed","template":"","meta":{"_acf_changed":false,"content-type":"","_searchwp_excluded":"","inline_featured_image":false,"footnotes":""},"class_list":["post-5074","page","type-page","status-publish","has-post-thumbnail","hentry"],"acf":[],"yoast_head":"<!-- This site is optimized with the Yoast SEO plugin v27.1.1 - https:\/\/yoast.com\/product\/yoast-seo-wordpress\/ -->\n<title>Insektenvernichter - JVD<\/title>\n<meta name=\"description\" content=\"Das Vorhandensein von fliegenden Insekten beeintr\u00e4chtigt die Hygiene. JVD bietet Insektenvernichter an (HACCP-Normen kompatibel).\" \/>\n<meta name=\"robots\" content=\"index, follow, max-snippet:-1, max-image-preview:large, max-video-preview:-1\" \/>\n<link rel=\"canonical\" href=\"https:\/\/www.jvd.fr\/de\/insektenvernichter\/\" \/>\n<meta property=\"og:locale\" content=\"de_DE\" \/>\n<meta property=\"og:type\" content=\"article\" \/>\n<meta property=\"og:title\" content=\"Insektenvernichter - JVD\" \/>\n<meta property=\"og:description\" content=\"Das Vorhandensein von fliegenden Insekten beeintr\u00e4chtigt die Hygiene. JVD bietet Insektenvernichter an (HACCP-Normen kompatibel).\" \/>\n<meta property=\"og:url\" content=\"https:\/\/www.jvd.fr\/de\/insektenvernichter\/\" \/>\n<meta property=\"og:site_name\" content=\"JVD\" \/>\n<meta property=\"article:modified_time\" content=\"2025-09-17T12:22:25+00:00\" \/>\n<meta property=\"og:image\" content=\"https:\/\/www.jvd.fr\/wp-content\/uploads\/2025\/05\/desinsectiseur-led-image-accueil-jvd.jpg\" \/>\n\t<meta property=\"og:image:width\" content=\"1920\" \/>\n\t<meta property=\"og:image:height\" content=\"820\" \/>\n\t<meta property=\"og:image:type\" content=\"image\/jpeg\" \/>\n<script type=\"application\/ld+json\" class=\"yoast-schema-graph\">{\"@context\":\"https:\/\/schema.org\",\"@graph\":[{\"@type\":\"WebPage\",\"@id\":\"https:\/\/www.jvd.fr\/de\/insektenvernichter\/\",\"url\":\"https:\/\/www.jvd.fr\/de\/insektenvernichter\/\",\"name\":\"Insektenvernichter - JVD\",\"isPartOf\":{\"@id\":\"https:\/\/www.jvd.fr\/de\/#website\"},\"primaryImageOfPage\":{\"@id\":\"https:\/\/www.jvd.fr\/de\/insektenvernichter\/#primaryimage\"},\"image\":{\"@id\":\"https:\/\/www.jvd.fr\/de\/insektenvernichter\/#primaryimage\"},\"thumbnailUrl\":\"https:\/\/www.jvd.fr\/wp-content\/uploads\/2025\/05\/desinsectiseur-led-image-accueil-jvd.jpg\",\"datePublished\":\"2025-05-28T15:44:44+00:00\",\"dateModified\":\"2025-09-17T12:22:25+00:00\",\"description\":\"Das Vorhandensein von fliegenden Insekten beeintr\u00e4chtigt die Hygiene. JVD bietet Insektenvernichter an (HACCP-Normen kompatibel).\",\"breadcrumb\":{\"@id\":\"https:\/\/www.jvd.fr\/de\/insektenvernichter\/#breadcrumb\"},\"inLanguage\":\"de\",\"potentialAction\":[{\"@type\":\"ReadAction\",\"target\":[\"https:\/\/www.jvd.fr\/de\/insektenvernichter\/\"]}]},{\"@type\":\"ImageObject\",\"inLanguage\":\"de\",\"@id\":\"https:\/\/www.jvd.fr\/de\/insektenvernichter\/#primaryimage\",\"url\":\"https:\/\/www.jvd.fr\/wp-content\/uploads\/2025\/05\/desinsectiseur-led-image-accueil-jvd.jpg\",\"contentUrl\":\"https:\/\/www.jvd.fr\/wp-content\/uploads\/2025\/05\/desinsectiseur-led-image-accueil-jvd.jpg\",\"width\":1920,\"height\":820},{\"@type\":\"BreadcrumbList\",\"@id\":\"https:\/\/www.jvd.fr\/de\/insektenvernichter\/#breadcrumb\",\"itemListElement\":[{\"@type\":\"ListItem\",\"position\":1,\"name\":\"Accueil\",\"item\":\"https:\/\/www.jvd.fr\/de\/\"},{\"@type\":\"ListItem\",\"position\":2,\"name\":\"Insektenvernichter\"}]},{\"@type\":\"WebSite\",\"@id\":\"https:\/\/www.jvd.fr\/de\/#website\",\"url\":\"https:\/\/www.jvd.fr\/de\/\",\"name\":\"JVD\",\"description\":\"Products that care\",\"potentialAction\":[{\"@type\":\"SearchAction\",\"target\":{\"@type\":\"EntryPoint\",\"urlTemplate\":\"https:\/\/www.jvd.fr\/de\/?s={search_term_string}\"},\"query-input\":{\"@type\":\"PropertyValueSpecification\",\"valueRequired\":true,\"valueName\":\"search_term_string\"}}],\"inLanguage\":\"de\"}]}<\/script>\n<!-- \/ Yoast SEO plugin. -->","yoast_head_json":{"title":"Insektenvernichter - JVD","description":"Das Vorhandensein von fliegenden Insekten beeintr\u00e4chtigt die Hygiene. JVD bietet Insektenvernichter an (HACCP-Normen kompatibel).","robots":{"index":"index","follow":"follow","max-snippet":"max-snippet:-1","max-image-preview":"max-image-preview:large","max-video-preview":"max-video-preview:-1"},"canonical":"https:\/\/www.jvd.fr\/de\/insektenvernichter\/","og_locale":"de_DE","og_type":"article","og_title":"Insektenvernichter - JVD","og_description":"Das Vorhandensein von fliegenden Insekten beeintr\u00e4chtigt die Hygiene. JVD bietet Insektenvernichter an (HACCP-Normen kompatibel).","og_url":"https:\/\/www.jvd.fr\/de\/insektenvernichter\/","og_site_name":"JVD","article_modified_time":"2025-09-17T12:22:25+00:00","og_image":[{"width":1920,"height":820,"url":"https:\/\/www.jvd.fr\/wp-content\/uploads\/2025\/05\/desinsectiseur-led-image-accueil-jvd.jpg","type":"image\/jpeg"}],"schema":{"@context":"https:\/\/schema.org","@graph":[{"@type":"WebPage","@id":"https:\/\/www.jvd.fr\/de\/insektenvernichter\/","url":"https:\/\/www.jvd.fr\/de\/insektenvernichter\/","name":"Insektenvernichter - JVD","isPartOf":{"@id":"https:\/\/www.jvd.fr\/de\/#website"},"primaryImageOfPage":{"@id":"https:\/\/www.jvd.fr\/de\/insektenvernichter\/#primaryimage"},"image":{"@id":"https:\/\/www.jvd.fr\/de\/insektenvernichter\/#primaryimage"},"thumbnailUrl":"https:\/\/www.jvd.fr\/wp-content\/uploads\/2025\/05\/desinsectiseur-led-image-accueil-jvd.jpg","datePublished":"2025-05-28T15:44:44+00:00","dateModified":"2025-09-17T12:22:25+00:00","description":"Das Vorhandensein von fliegenden Insekten beeintr\u00e4chtigt die Hygiene. JVD bietet Insektenvernichter an (HACCP-Normen kompatibel).","breadcrumb":{"@id":"https:\/\/www.jvd.fr\/de\/insektenvernichter\/#breadcrumb"},"inLanguage":"de","potentialAction":[{"@type":"ReadAction","target":["https:\/\/www.jvd.fr\/de\/insektenvernichter\/"]}]},{"@type":"ImageObject","inLanguage":"de","@id":"https:\/\/www.jvd.fr\/de\/insektenvernichter\/#primaryimage","url":"https:\/\/www.jvd.fr\/wp-content\/uploads\/2025\/05\/desinsectiseur-led-image-accueil-jvd.jpg","contentUrl":"https:\/\/www.jvd.fr\/wp-content\/uploads\/2025\/05\/desinsectiseur-led-image-accueil-jvd.jpg","width":1920,"height":820},{"@type":"BreadcrumbList","@id":"https:\/\/www.jvd.fr\/de\/insektenvernichter\/#breadcrumb","itemListElement":[{"@type":"ListItem","position":1,"name":"Accueil","item":"https:\/\/www.jvd.fr\/de\/"},{"@type":"ListItem","position":2,"name":"Insektenvernichter"}]},{"@type":"WebSite","@id":"https:\/\/www.jvd.fr\/de\/#website","url":"https:\/\/www.jvd.fr\/de\/","name":"JVD","description":"Products that care","potentialAction":[{"@type":"SearchAction","target":{"@type":"EntryPoint","urlTemplate":"https:\/\/www.jvd.fr\/de\/?s={search_term_string}"},"query-input":{"@type":"PropertyValueSpecification","valueRequired":true,"valueName":"search_term_string"}}],"inLanguage":"de"}]}},"_links":{"self":[{"href":"https:\/\/www.jvd.fr\/de\/wp-json\/wp\/v2\/pages\/5074","targetHints":{"allow":["GET"]}}],"collection":[{"href":"https:\/\/www.jvd.fr\/de\/wp-json\/wp\/v2\/pages"}],"about":[{"href":"https:\/\/www.jvd.fr\/de\/wp-json\/wp\/v2\/types\/page"}],"author":[{"embeddable":true,"href":"https:\/\/www.jvd.fr\/de\/wp-json\/wp\/v2\/users\/1"}],"replies":[{"embeddable":true,"href":"https:\/\/www.jvd.fr\/de\/wp-json\/wp\/v2\/comments?post=5074"}],"version-history":[{"count":10,"href":"https:\/\/www.jvd.fr\/de\/wp-json\/wp\/v2\/pages\/5074\/revisions"}],"predecessor-version":[{"id":60152,"href":"https:\/\/www.jvd.fr\/de\/wp-json\/wp\/v2\/pages\/5074\/revisions\/60152"}],"wp:featuredmedia":[{"embeddable":true,"href":"https:\/\/www.jvd.fr\/de\/wp-json\/wp\/v2\/media\/4403"}],"wp:attachment":[{"href":"https:\/\/www.jvd.fr\/de\/wp-json\/wp\/v2\/media?parent=5074"}],"curies":[{"name":"wp","href":"https:\/\/api.w.org\/{rel}","templated":true}]}}