{"id":5072,"date":"2025-06-03T10:44:34","date_gmt":"2025-06-03T08:44:34","guid":{"rendered":"https:\/\/jvdwoo2025.dnstemporaire.fr\/?page_id=5072"},"modified":"2025-11-03T16:22:27","modified_gmt":"2025-11-03T15:22:27","slug":"haartrockner","status":"publish","type":"page","link":"https:\/\/www.jvd.fr\/de\/haartrockner\/","title":{"rendered":"Haartrockner"},"content":{"rendered":"\n<div class=\"wp-block-group is-layout-flow wp-block-group-is-layout-flow\" style=\"margin-top:0;margin-bottom:var(--wp--preset--spacing--100);padding-bottom:0\">\n<h2 class=\"wp-block-heading\">Ein unverzichtbares Element f\u00fcr das Hotelerlebnis<\/h2>\n\n\n\n<div class=\"wp-block-columns is-layout-flex wp-container-core-columns-is-layout-f6ee69ff wp-block-columns-is-layout-flex\" style=\"margin-bottom:var(--wp--preset--spacing--50)\">\n<div class=\"wp-block-column is-layout-flow wp-block-column-is-layout-flow\">\n<p>Der Haartrockner geh\u00f6rt heute zur Grundausstattung eines Hotelzimmers \u2013 und das nicht nur in gehobenen H\u00e4usern. Um ein echtes Plus f\u00fcr den Gast zu sein, m\u00fcssen Hotel-Haartrockner leistungsstark, sicher, komfortabel in der Anwendung und \u00e4sthetisch in das Badezimmer integriert sein. Gleichzeitig sollten sie widerstandsf\u00e4hig gegen\u00fcber intensiver Nutzung oder zweckentfremdetem Einsatz sein, um ihre Langlebigkeit zu erh\u00f6hen und Wartung zu minimieren.<\/p>\n<\/div>\n\n\n\n<div class=\"wp-block-column is-layout-flow wp-block-column-is-layout-flow\">\n<p style=\"padding-top:0;padding-bottom:0\">JVD erf\u00fcllt all diese Anforderungen mit einer umfassenden Produktreihe speziell f\u00fcr die Hotellerie. Ob wandmontiert, mit Halterung oder als klassische Ausf\u00fchrung \u2013 unsere Haartrockner kombinieren kompaktes Design, nutzerfreundliche Funktionen und h\u00f6chste elektrische Sicherheitsstandards. Sie verbinden Innovation, Robustheit und Eleganz und bieten zuverl\u00e4ssige L\u00f6sungen f\u00fcr Hoteliers und ihre G\u00e4ste.<\/p>\n<\/div>\n<\/div>\n\n\n\n<div class=\"wp-block-buttons is-content-justification-center is-layout-flex wp-container-core-buttons-is-layout-a89b3969 wp-block-buttons-is-layout-flex\">\n<div class=\"wp-block-button is-style-secondary-button\"><a class=\"wp-block-button__link wp-element-button\" href=\"https:\/\/www.jvd.fr\/de\/categorie\/haartrockner\/\">Alle Produkte ansehen<\/a><\/div>\n<\/div>\n<\/div>\n\n\n\n<div class=\"wp-block-group is-layout-flow wp-block-group-is-layout-flow\" style=\"margin-bottom:var(--wp--preset--spacing--100);padding-bottom:0\">\n<h2 class=\"wp-block-heading has-text-align-center\">Welcher Haartrockner passt in Ihr Hotelbad?<\/h2>\n\n\n\n<div id=\"wp-block-jvd-cards-block_d2a3f163bcd80592e27571f2bdcea0b9\" style=\"margin-bottom:var(--wp--preset--spacing--50);\" class=\"wp-block-jvd-cards align wp-block-acf-cards\">\n\t    <div class=\"swiper jvd-carousel js_cards\" data-display=\"carrousel\">\n        <div class=\"swiper__nav\">\n            <div class=\"swiper__nav__prev js_cards_prev\">\n                <svg width=\"13\" height=\"20\" aria-hidden=\"true\" role=\"presentation\"><use xlink:href=\"#slide-prev\"\/><\/svg>\n            <\/div>\n            <div class=\"swiper__nav__next js_cards_next\">\n                <svg width=\"13\" height=\"20\" aria-hidden=\"true\" role=\"presentation\"><use xlink:href=\"#slide-next\"\/><\/svg>\n            <\/div>\n        <\/div>\n        <div class=\"swiper-wrapper\">\n                        <div class=\"swiper-slide\">\n                <div class=\"jvd-card\" data-link=\"1\" data-img-ratio=\"square\" data-text-pos=\"under\">\n                                        <figure class=\"jvd-card__img\">\n                                                    <img decoding=\"async\" src=\"https:\/\/www.jvd.fr\/wp-content\/uploads\/2025\/06\/categorie-confort-hotellerie-seche-cheveux-on-off-jvd.jpg\" width=\"600\" height=\"400\" alt=\"Cat\u00e9gorie Confort Hotellerie S\u00e8che Cheveux lightouch JVD\" loading=\"lazy\" \/>\n                                            <\/figure>\n                    <div class=\"jvd-card__content\">\n                                                <h3 class=\"jvd-card__title\">\n                                                        <a href=\"https:\/\/www.jvd.fr\/de\/categorie\/serie-lightouch-de\/\">\n                                                        LighTouch-Haartrockner                                                        <\/a>\n                                                    <\/h3>\n                                                <p class=\"jvd-card__text\">Der Lightouch-Griff ist ein echtes Innovationskonzentrat: Er aktiviert den Trockner automatisch beim Ergreifen, reduziert den Energieverbrauch und verl\u00e4ngert die Lebensdauer.<\/p>\n                    <\/div>\n                <\/div>\n            <\/div>\n                        <div class=\"swiper-slide\">\n                <div class=\"jvd-card\" data-link=\"1\" data-img-ratio=\"square\" data-text-pos=\"under\">\n                                        <figure class=\"jvd-card__img\">\n                                                    <img decoding=\"async\" src=\"https:\/\/www.jvd.fr\/wp-content\/uploads\/2025\/06\/categorie-confort-hotellerie-seche-cheveux-on-off-jvd-2.jpg\" width=\"600\" height=\"400\" alt=\"Cat\u00e9gorie Confort Hotellerie S\u00e8che Cheveux ON OFF JVD (2)\" loading=\"lazy\" \/>\n                                            <\/figure>\n                    <div class=\"jvd-card__content\">\n                                                <h3 class=\"jvd-card__title\">\n                                                        <a href=\"https:\/\/www.jvd.fr\/de\/categorie\/serie-on-off-de\/\">\n                                                        Haartrockner mit Ein\/Aus-Schalter                                                        <\/a>\n                                                    <\/h3>\n                                                <p class=\"jvd-card__text\">Mit klassischem Design und einfachem Schalter vermitteln diese Modelle ein Gef\u00fchl wie zu Hause \u2013 zuverl\u00e4ssig und vertraut.<\/p>\n                    <\/div>\n                <\/div>\n            <\/div>\n                        <div class=\"swiper-slide\">\n                <div class=\"jvd-card\" data-link=\"1\" data-img-ratio=\"square\" data-text-pos=\"under\">\n                                        <figure class=\"jvd-card__img\">\n                                                    <img decoding=\"async\" src=\"https:\/\/www.jvd.fr\/wp-content\/uploads\/2025\/06\/categorie-confort-hotellerie-seche-cheveux-flexible-jvd.jpg\" width=\"600\" height=\"400\" alt=\"Cat\u00e9gorie Confort Hotellerie S\u00e8che Cheveux Flexible JVD\" loading=\"lazy\" \/>\n                                            <\/figure>\n                    <div class=\"jvd-card__content\">\n                                                <h3 class=\"jvd-card__title\">\n                                                        <a href=\"https:\/\/www.jvd.fr\/de\/categorie\/sschlauserie-de\/\">\n                                                        Wandhaartrockner mit Schlauch                                                        <\/a>\n                                                    <\/h3>\n                                                <p class=\"jvd-card__text\">Ideal f\u00fcr Bereiche mit strengen Sicherheitsauflagen. Kompaktes, zeitloses Design f\u00fcr jedes Hotelbad.<\/p>\n                    <\/div>\n                <\/div>\n            <\/div>\n                        <div class=\"swiper-slide\">\n                <div class=\"jvd-card\" data-link=\"1\" data-img-ratio=\"square\" data-text-pos=\"under\">\n                                        <figure class=\"jvd-card__img\">\n                                                    <img decoding=\"async\" src=\"https:\/\/www.jvd.fr\/wp-content\/uploads\/2025\/06\/seche-cheveux-accessoires-1000-jvd-600x600.jpg\" width=\"600\" height=\"600\" alt=\"\" loading=\"lazy\" \/>\n                                            <\/figure>\n                    <div class=\"jvd-card__content\">\n                                                <h3 class=\"jvd-card__title\">\n                                                        <a href=\"https:\/\/www.jvd.fr\/de\/categorie\/zubehor-haartrockner-de\/\">\n                                                        Zubeh\u00f6r                                                        <\/a>\n                                                    <\/h3>\n                                                <p class=\"jvd-card__text\">Diebstahlsichere Halterungen, Aufbewahrungstaschen und mehr \u2013 alles, was Sie f\u00fcr Ihre Haartrockner ben\u00f6tigen.<\/p>\n                    <\/div>\n                <\/div>\n            <\/div>\n                        <div class=\"swiper-slide\">\n                <div class=\"jvd-card\" data-link=\"1\" data-img-ratio=\"square\" data-text-pos=\"under\">\n                                        <figure class=\"jvd-card__img\">\n                                                    <img decoding=\"async\" src=\"https:\/\/www.jvd.fr\/wp-content\/uploads\/2025\/06\/categorie-confort-hotellerie-seche-cheveux-collectif-jvd.jpg\" width=\"600\" height=\"400\" alt=\"Cat\u00e9gorie Confort Hotellerie S\u00e8che Cheveux Collectif JVD\" loading=\"lazy\" \/>\n                                            <\/figure>\n                    <div class=\"jvd-card__content\">\n                                                <h3 class=\"jvd-card__title\">\n                                                        <a href=\"https:\/\/www.jvd.fr\/de\/categorie\/kollektiv-de\/\">\n                                                        Gemeinschafts-Haartrockner                                                        <\/a>\n                                                    <\/h3>\n                                                <p class=\"jvd-card__text\">Ob Schwimmbad, Fitnessraum oder Spa \u2013 unsere Modelle passen sich jedem Einsatzbereich an.<\/p>\n                    <\/div>\n                <\/div>\n            <\/div>\n                    <\/div>\n    <\/div>\n    <\/div>\n<\/div>\n\n\n\n<div class=\"wp-block-columns is-layout-flex wp-container-core-columns-is-layout-af3aebae wp-block-columns-is-layout-flex\" style=\"margin-top:0;margin-bottom:var(--wp--preset--spacing--100)\">\n<div class=\"wp-block-column is-layout-flow wp-block-column-is-layout-flow\">\n<figure class=\"wp-block-image size-portrait has-custom-border is-style-rounded\"><img loading=\"lazy\" decoding=\"async\" width=\"600\" height=\"800\" src=\"https:\/\/www.jvd.fr\/wp-content\/uploads\/2025\/06\/seche-cheveux-hotel-confort-ambiance-600x800.jpg\" alt=\"\" class=\"wp-image-4580\" style=\"border-radius:20px\"\/><\/figure>\n<\/div>\n\n\n\n<div class=\"wp-block-column is-vertically-aligned-center is-layout-flow wp-block-column-is-layout-flow\" style=\"border-style:none;border-width:0px\">\n<h2 class=\"wp-block-heading\">Haartrockner, speziell f\u00fcr die Hotellerie entwickelt<\/h2>\n\n\n\n<p style=\"border-radius:38px\">Als elementare Ausstattung im Hotelbad m\u00fcssen Haartrockner einige spezifische Anforderungen erf\u00fcllen:<\/p>\n\n\n\n<ul class=\"wp-block-list\">\n<li>Unsere Modelle lassen sich leicht in jedes Badezimmer integrieren und sind mit eleganten Halterungen ausgestattet \u2013 inklusive internationaler Rasierersteckdose f\u00fcr maximalen Komfort.<\/li>\n<\/ul>\n\n\n\n<ul class=\"wp-block-list\">\n<li>Sie sind f\u00fcr intensive Nutzung konzipiert, m\u00fcssen strenge Sicherheitsnormen einhalten, missbr\u00e4uchliche Verwendungen (z.\u202fB. Trocknen von Kleidung oder Schuhen, Diebstahlversuche) verhindern und gleichzeitig eine optimale Nutzererfahrung bieten.<\/li>\n<\/ul>\n\n\n\n<ul class=\"wp-block-list\">\n<li>Dank Innovationen wie dem Lightouch-Griff, integriertem Timer oder Diebstahlschutzsystemen vereinen JVD-Haartrockner Robustheit, Funktionalit\u00e4t und Design.<\/li>\n<\/ul>\n<\/div>\n<\/div>\n\n\n\n<div class=\"wp-block-group has-global-padding is-layout-constrained wp-block-group-is-layout-constrained\" style=\"margin-bottom:var(--wp--preset--spacing--100)\">\n<h2 class=\"wp-block-heading has-text-align-center\">H\u00e4ufige Fragen<\/h2>\n\n\n\n<div id=\"wp-block-jvd-faq-block_b4149a3de73da33a9e36933000245f43\" class=\"wp-block-jvd-faq align wp-block-acf-faq\">\n\t<div class=\"jvd-faq\">\n\t\t\t\t<div class=\"jvd-faq__item\" itemscope itemprop=\"mainEntity\" itemtype=\"https:\/\/schema.org\/Question\">\n\t\t\t<div class=\"jvd-faq__question\" itemprop=\"name\">\n\t\t\t\t<span>Welche Leistung sollte ein Hotel-Haartrockner haben?<\/span>\n\t\t\t\t<button type=\"button\">\n\t\t\t\t\t<svg width=\"20\" height=\"20\" aria-hidden=\"true\" role=\"presentation\"><use xlink:href=\"#chevron-down\"\/><\/svg>\n\t\t\t\t<\/button>\n\t\t\t<\/div>\n\t\t\t<div class=\"jvd-faq__answer\" itemscope itemprop=\"acceptedAnswer\" itemtype=\"https:\/\/schema.org\/Answer\">\n\t\t\t\t<p>Entgegen der landl\u00e4ufigen Meinung ist die Leistung (in Watt) nicht das einzige Kriterium. Manche Ger\u00e4te bieten dank ihrer ausgekl\u00fcgelten Konstruktion auch bei geringerer Wattzahl eine hervorragende Trocknungsleistung \u2013 bei gleichzeitig geringerem Energieverbrauch. Zudem vertragen nicht alle Haartypen hohe Temperaturen oder starke Luftstr\u00f6me. Es ist daher wichtig, Modelle mit individuell einstellbarer Temperatur und Gebl\u00e4sest\u00e4rke anzubieten.<\/p>\n\t\t\t<\/div>\n\t\t<\/div>\n\t\t\t\t<div class=\"jvd-faq__item\" itemscope itemprop=\"mainEntity\" itemtype=\"https:\/\/schema.org\/Question\">\n\t\t\t<div class=\"jvd-faq__question\" itemprop=\"name\">\n\t\t\t\t<span>Warum sollte ein Hotel-Haartrockner \u00fcber eine Ionenfunktion verf\u00fcgen?<\/span>\n\t\t\t\t<button type=\"button\">\n\t\t\t\t\t<svg width=\"20\" height=\"20\" aria-hidden=\"true\" role=\"presentation\"><use xlink:href=\"#chevron-down\"\/><\/svg>\n\t\t\t\t<\/button>\n\t\t\t<\/div>\n\t\t\t<div class=\"jvd-faq__answer\" itemscope itemprop=\"acceptedAnswer\" itemtype=\"https:\/\/schema.org\/Answer\">\n\t\t\t\t<p data-start=\"402\" data-end=\"711\">Einige Haartrockner verf\u00fcgen \u00fcber eine Ionentechnologie. Die erzeugten Ionen neutralisieren die beim Trocknen entstehende statische Aufladung der Haare. Dies erm\u00f6glicht schnelleres Trocknen bei niedrigerer Temperatur und sorgt f\u00fcr geschmeidigeres Haar.<\/p>\n\t\t\t<\/div>\n\t\t<\/div>\n\t\t\t\t<div class=\"jvd-faq__item\" itemscope itemprop=\"mainEntity\" itemtype=\"https:\/\/schema.org\/Question\">\n\t\t\t<div class=\"jvd-faq__question\" itemprop=\"name\">\n\t\t\t\t<span>Wo sollte der Haartrockner im Hotelbad installiert werden?<\/span>\n\t\t\t\t<button type=\"button\">\n\t\t\t\t\t<svg width=\"20\" height=\"20\" aria-hidden=\"true\" role=\"presentation\"><use xlink:href=\"#chevron-down\"\/><\/svg>\n\t\t\t\t<\/button>\n\t\t\t<\/div>\n\t\t\t<div class=\"jvd-faq__answer\" itemscope itemprop=\"acceptedAnswer\" itemtype=\"https:\/\/schema.org\/Answer\">\n\t\t\t\t<p>Um Ihre G\u00e4ste vor Stromschl\u00e4gen zu sch\u00fctzen, legt die Norm NFC15100 fest, wie weit elektrische Ger\u00e4te von der Hauptwasserquelle (Badewanne oder Dusche) entfernt installiert werden m\u00fcssen. Nur Haartrockner mit flexiblem Schlauch d\u00fcrfen in der N\u00e4he installiert werden (Bereich 2). Alle anderen Ger\u00e4te m\u00fcssen im Bereich 3 montiert werden.<\/p>\n\t\t\t<\/div>\n\t\t<\/div>\n\t\t\t\t<div class=\"jvd-faq__item\" itemscope itemprop=\"mainEntity\" itemtype=\"https:\/\/schema.org\/Question\">\n\t\t\t<div class=\"jvd-faq__question\" itemprop=\"name\">\n\t\t\t\t<span>Warum empfiehlt sich eine Wandhalterung f\u00fcr Hotel-Haartrockner?<\/span>\n\t\t\t\t<button type=\"button\">\n\t\t\t\t\t<svg width=\"20\" height=\"20\" aria-hidden=\"true\" role=\"presentation\"><use xlink:href=\"#chevron-down\"\/><\/svg>\n\t\t\t\t<\/button>\n\t\t\t<\/div>\n\t\t\t<div class=\"jvd-faq__answer\" itemscope itemprop=\"acceptedAnswer\" itemtype=\"https:\/\/schema.org\/Answer\">\n\t\t\t\t<p>Ein wandmontierter Haartrockner ist ideal f\u00fcr Hotels, da er Arbeitsfl\u00e4chen freih\u00e4lt und somit Platz spart. Gleichzeitig verringert die Wandhalterung das Risiko von St\u00fcrzen. Dar\u00fcber hinaus sind diese Modelle in der Regel robuster und speziell f\u00fcr die intensive Nutzung in der Hotellerie konzipiert \u2013 perfekt f\u00fcr anspruchsvolle Einsatzbedingungen.<\/p>\n\t\t\t<\/div>\n\t\t<\/div>\n\t\t\t\t<div class=\"jvd-faq__item\" itemscope itemprop=\"mainEntity\" itemtype=\"https:\/\/schema.org\/Question\">\n\t\t\t<div class=\"jvd-faq__question\" itemprop=\"name\">\n\t\t\t\t<span>Wie l\u00e4sst sich der \u00f6kologische Fu\u00dfabdruck von Haartrocknern im Hotel verringern?<\/span>\n\t\t\t\t<button type=\"button\">\n\t\t\t\t\t<svg width=\"20\" height=\"20\" aria-hidden=\"true\" role=\"presentation\"><use xlink:href=\"#chevron-down\"\/><\/svg>\n\t\t\t\t<\/button>\n\t\t\t<\/div>\n\t\t\t<div class=\"jvd-faq__answer\" itemscope itemprop=\"acceptedAnswer\" itemtype=\"https:\/\/schema.org\/Answer\">\n\t\t\t\t<p>Um die Umweltauswirkungen von Haartrocknern im Hotel zu begrenzen, ist die Wahl energieeffizienter und leistungsstarker Modelle entscheidend \u2013 wie etwa der Haartrockner Auva, der mit nur 1400\u202fWatt die gleiche Leistung wie deutlich st\u00e4rkere Ger\u00e4te bietet. Auch die mit der Lightouch-Technologie ausgestatteten Haartrockner von JVD helfen, den Stromverbrauch durch automatisches Abschalten zu reduzieren. Schlie\u00dflich tragen langlebige Profi-Produkte dazu bei, die CO\u2082-Bilanz von Hotels zu verbessern und die Lebensdauer der Ger\u00e4te zu verl\u00e4ngern \u2013 ein effektiver Beitrag zur Reduzierung von Elektroschrott.<\/p>\n\t\t\t<\/div>\n\t\t<\/div>\n\t\t\t<\/div>\n<\/div>\n<\/div>\n\n\n\n<div class=\"wp-block-group has-lightgrey-background-color has-background is-layout-flow wp-block-group-is-layout-flow\" style=\"border-radius:20px;padding-top:var(--wp--preset--spacing--75);padding-right:var(--wp--preset--spacing--75);padding-bottom:var(--wp--preset--spacing--75);padding-left:var(--wp--preset--spacing--75)\">\n<h2 class=\"wp-block-heading has-text-align-center\">Interesse an unseren Produkten?<\/h2>\n\n\n\n<p class=\"has-text-align-center\">Ob Produktinformationen oder Beratung \u2013 wir stehen Ihnen gerne per Videocall oder telefonisch zur Verf\u00fcgung.<\/p>\n\n\n\n<div class=\"wp-block-buttons is-content-justification-center is-layout-flex wp-container-core-buttons-is-layout-a89b3969 wp-block-buttons-is-layout-flex\">\n<div class=\"wp-block-button is-style-fill\"><a class=\"wp-block-button__link wp-element-button\" href=\"https:\/\/share-eu1.hsforms.com\/1D1pYfY9ySKu6Mr344NqNBQexg1v\">Kontaktieren Sie uns<\/a><\/div>\n<\/div>\n<\/div>\n","protected":false},"excerpt":{"rendered":"<p>Ein unverzichtbares Element f\u00fcr das Hotelerlebnis Der Haartrockner geh\u00f6rt heute zur Grundausstattung eines Hotelzimmers \u2013 und das nicht nur in gehobenen H\u00e4usern. Um ein echtes Plus f\u00fcr den Gast zu sein, m\u00fcssen Hotel-Haartrockner leistungsstark, sicher, komfortabel in der Anwendung und \u00e4sthetisch in das Badezimmer integriert sein. Gleichzeitig sollten sie widerstandsf\u00e4hig gegen\u00fcber intensiver Nutzung oder zweckentfremdetem [&hellip;]<\/p>\n","protected":false},"author":1,"featured_media":4415,"parent":0,"menu_order":0,"comment_status":"closed","ping_status":"closed","template":"","meta":{"_acf_changed":false,"content-type":"","_searchwp_excluded":"","inline_featured_image":false,"footnotes":""},"class_list":["post-5072","page","type-page","status-publish","has-post-thumbnail","hentry"],"acf":[],"yoast_head":"<!-- This site is optimized with the Yoast SEO plugin v27.1.1 - https:\/\/yoast.com\/product\/yoast-seo-wordpress\/ -->\n<title>Haartrockner - JVD<\/title>\n<meta name=\"description\" content=\"Der Haartrockner geh\u00f6rt heute zur Grundausstattung eines Hotelzimmers \u2013 und das nicht nur in gehobenen H\u00e4usern.\" \/>\n<meta name=\"robots\" content=\"index, follow, max-snippet:-1, max-image-preview:large, max-video-preview:-1\" \/>\n<link rel=\"canonical\" href=\"https:\/\/www.jvd.fr\/de\/haartrockner\/\" \/>\n<meta property=\"og:locale\" content=\"de_DE\" \/>\n<meta property=\"og:type\" content=\"article\" \/>\n<meta property=\"og:title\" content=\"Haartrockner - JVD\" \/>\n<meta property=\"og:description\" content=\"Der Haartrockner geh\u00f6rt heute zur Grundausstattung eines Hotelzimmers \u2013 und das nicht nur in gehobenen H\u00e4usern.\" \/>\n<meta property=\"og:url\" content=\"https:\/\/www.jvd.fr\/de\/haartrockner\/\" \/>\n<meta property=\"og:site_name\" content=\"JVD\" \/>\n<meta property=\"article:modified_time\" content=\"2025-11-03T15:22:27+00:00\" \/>\n<meta property=\"og:image\" content=\"https:\/\/www.jvd.fr\/wp-content\/uploads\/2025\/05\/seche-cheveux-auva-aluminium-image-accueil-jvd.jpg\" \/>\n\t<meta property=\"og:image:width\" content=\"1920\" \/>\n\t<meta property=\"og:image:height\" content=\"820\" \/>\n\t<meta property=\"og:image:type\" content=\"image\/jpeg\" \/>\n<script type=\"application\/ld+json\" class=\"yoast-schema-graph\">{\"@context\":\"https:\/\/schema.org\",\"@graph\":[{\"@type\":\"WebPage\",\"@id\":\"https:\/\/www.jvd.fr\/de\/haartrockner\/\",\"url\":\"https:\/\/www.jvd.fr\/de\/haartrockner\/\",\"name\":\"Haartrockner - JVD\",\"isPartOf\":{\"@id\":\"https:\/\/www.jvd.fr\/de\/#website\"},\"primaryImageOfPage\":{\"@id\":\"https:\/\/www.jvd.fr\/de\/haartrockner\/#primaryimage\"},\"image\":{\"@id\":\"https:\/\/www.jvd.fr\/de\/haartrockner\/#primaryimage\"},\"thumbnailUrl\":\"https:\/\/www.jvd.fr\/wp-content\/uploads\/2025\/05\/seche-cheveux-auva-aluminium-image-accueil-jvd.jpg\",\"datePublished\":\"2025-06-03T08:44:34+00:00\",\"dateModified\":\"2025-11-03T15:22:27+00:00\",\"description\":\"Der Haartrockner geh\u00f6rt heute zur Grundausstattung eines Hotelzimmers \u2013 und das nicht nur in gehobenen H\u00e4usern.\",\"breadcrumb\":{\"@id\":\"https:\/\/www.jvd.fr\/de\/haartrockner\/#breadcrumb\"},\"inLanguage\":\"de\",\"potentialAction\":[{\"@type\":\"ReadAction\",\"target\":[\"https:\/\/www.jvd.fr\/de\/haartrockner\/\"]}]},{\"@type\":\"ImageObject\",\"inLanguage\":\"de\",\"@id\":\"https:\/\/www.jvd.fr\/de\/haartrockner\/#primaryimage\",\"url\":\"https:\/\/www.jvd.fr\/wp-content\/uploads\/2025\/05\/seche-cheveux-auva-aluminium-image-accueil-jvd.jpg\",\"contentUrl\":\"https:\/\/www.jvd.fr\/wp-content\/uploads\/2025\/05\/seche-cheveux-auva-aluminium-image-accueil-jvd.jpg\",\"width\":1920,\"height\":820},{\"@type\":\"BreadcrumbList\",\"@id\":\"https:\/\/www.jvd.fr\/de\/haartrockner\/#breadcrumb\",\"itemListElement\":[{\"@type\":\"ListItem\",\"position\":1,\"name\":\"Accueil\",\"item\":\"https:\/\/www.jvd.fr\/de\/\"},{\"@type\":\"ListItem\",\"position\":2,\"name\":\"Haartrockner\"}]},{\"@type\":\"WebSite\",\"@id\":\"https:\/\/www.jvd.fr\/de\/#website\",\"url\":\"https:\/\/www.jvd.fr\/de\/\",\"name\":\"JVD\",\"description\":\"Products that care\",\"potentialAction\":[{\"@type\":\"SearchAction\",\"target\":{\"@type\":\"EntryPoint\",\"urlTemplate\":\"https:\/\/www.jvd.fr\/de\/?s={search_term_string}\"},\"query-input\":{\"@type\":\"PropertyValueSpecification\",\"valueRequired\":true,\"valueName\":\"search_term_string\"}}],\"inLanguage\":\"de\"}]}<\/script>\n<!-- \/ Yoast SEO plugin. -->","yoast_head_json":{"title":"Haartrockner - JVD","description":"Der Haartrockner geh\u00f6rt heute zur Grundausstattung eines Hotelzimmers \u2013 und das nicht nur in gehobenen H\u00e4usern.","robots":{"index":"index","follow":"follow","max-snippet":"max-snippet:-1","max-image-preview":"max-image-preview:large","max-video-preview":"max-video-preview:-1"},"canonical":"https:\/\/www.jvd.fr\/de\/haartrockner\/","og_locale":"de_DE","og_type":"article","og_title":"Haartrockner - JVD","og_description":"Der Haartrockner geh\u00f6rt heute zur Grundausstattung eines Hotelzimmers \u2013 und das nicht nur in gehobenen H\u00e4usern.","og_url":"https:\/\/www.jvd.fr\/de\/haartrockner\/","og_site_name":"JVD","article_modified_time":"2025-11-03T15:22:27+00:00","og_image":[{"width":1920,"height":820,"url":"https:\/\/www.jvd.fr\/wp-content\/uploads\/2025\/05\/seche-cheveux-auva-aluminium-image-accueil-jvd.jpg","type":"image\/jpeg"}],"schema":{"@context":"https:\/\/schema.org","@graph":[{"@type":"WebPage","@id":"https:\/\/www.jvd.fr\/de\/haartrockner\/","url":"https:\/\/www.jvd.fr\/de\/haartrockner\/","name":"Haartrockner - JVD","isPartOf":{"@id":"https:\/\/www.jvd.fr\/de\/#website"},"primaryImageOfPage":{"@id":"https:\/\/www.jvd.fr\/de\/haartrockner\/#primaryimage"},"image":{"@id":"https:\/\/www.jvd.fr\/de\/haartrockner\/#primaryimage"},"thumbnailUrl":"https:\/\/www.jvd.fr\/wp-content\/uploads\/2025\/05\/seche-cheveux-auva-aluminium-image-accueil-jvd.jpg","datePublished":"2025-06-03T08:44:34+00:00","dateModified":"2025-11-03T15:22:27+00:00","description":"Der Haartrockner geh\u00f6rt heute zur Grundausstattung eines Hotelzimmers \u2013 und das nicht nur in gehobenen H\u00e4usern.","breadcrumb":{"@id":"https:\/\/www.jvd.fr\/de\/haartrockner\/#breadcrumb"},"inLanguage":"de","potentialAction":[{"@type":"ReadAction","target":["https:\/\/www.jvd.fr\/de\/haartrockner\/"]}]},{"@type":"ImageObject","inLanguage":"de","@id":"https:\/\/www.jvd.fr\/de\/haartrockner\/#primaryimage","url":"https:\/\/www.jvd.fr\/wp-content\/uploads\/2025\/05\/seche-cheveux-auva-aluminium-image-accueil-jvd.jpg","contentUrl":"https:\/\/www.jvd.fr\/wp-content\/uploads\/2025\/05\/seche-cheveux-auva-aluminium-image-accueil-jvd.jpg","width":1920,"height":820},{"@type":"BreadcrumbList","@id":"https:\/\/www.jvd.fr\/de\/haartrockner\/#breadcrumb","itemListElement":[{"@type":"ListItem","position":1,"name":"Accueil","item":"https:\/\/www.jvd.fr\/de\/"},{"@type":"ListItem","position":2,"name":"Haartrockner"}]},{"@type":"WebSite","@id":"https:\/\/www.jvd.fr\/de\/#website","url":"https:\/\/www.jvd.fr\/de\/","name":"JVD","description":"Products that care","potentialAction":[{"@type":"SearchAction","target":{"@type":"EntryPoint","urlTemplate":"https:\/\/www.jvd.fr\/de\/?s={search_term_string}"},"query-input":{"@type":"PropertyValueSpecification","valueRequired":true,"valueName":"search_term_string"}}],"inLanguage":"de"}]}},"_links":{"self":[{"href":"https:\/\/www.jvd.fr\/de\/wp-json\/wp\/v2\/pages\/5072","targetHints":{"allow":["GET"]}}],"collection":[{"href":"https:\/\/www.jvd.fr\/de\/wp-json\/wp\/v2\/pages"}],"about":[{"href":"https:\/\/www.jvd.fr\/de\/wp-json\/wp\/v2\/types\/page"}],"author":[{"embeddable":true,"href":"https:\/\/www.jvd.fr\/de\/wp-json\/wp\/v2\/users\/1"}],"replies":[{"embeddable":true,"href":"https:\/\/www.jvd.fr\/de\/wp-json\/wp\/v2\/comments?post=5072"}],"version-history":[{"count":8,"href":"https:\/\/www.jvd.fr\/de\/wp-json\/wp\/v2\/pages\/5072\/revisions"}],"predecessor-version":[{"id":62127,"href":"https:\/\/www.jvd.fr\/de\/wp-json\/wp\/v2\/pages\/5072\/revisions\/62127"}],"wp:featuredmedia":[{"embeddable":true,"href":"https:\/\/www.jvd.fr\/de\/wp-json\/wp\/v2\/media\/4415"}],"wp:attachment":[{"href":"https:\/\/www.jvd.fr\/de\/wp-json\/wp\/v2\/media?parent=5072"}],"curies":[{"name":"wp","href":"https:\/\/api.w.org\/{rel}","templated":true}]}}