{"id":5069,"date":"2025-06-03T13:53:10","date_gmt":"2025-06-03T11:53:10","guid":{"rendered":"https:\/\/jvdwoo2025.dnstemporaire.fr\/?page_id=5069"},"modified":"2025-09-17T14:49:08","modified_gmt":"2025-09-17T12:49:08","slug":"spiegel","status":"publish","type":"page","link":"https:\/\/www.jvd.fr\/de\/spiegel\/","title":{"rendered":"Spiegel"},"content":{"rendered":"\n<figure class=\"wp-block-image aligncenter size-full is-resized\" style=\"margin-bottom:var(--wp--preset--spacing--50);margin-left:0\"><img loading=\"lazy\" decoding=\"async\" width=\"1767\" height=\"175\" src=\"https:\/\/www.jvd.fr\/wp-content\/uploads\/2025\/07\/logo-francais-jvd.jpg\" alt=\"\" class=\"wp-image-42980\" style=\"width:250px\" srcset=\"https:\/\/www.jvd.fr\/wp-content\/uploads\/2025\/07\/logo-francais-jvd.jpg 1767w, https:\/\/www.jvd.fr\/wp-content\/uploads\/2025\/07\/logo-francais-jvd-600x59.jpg 600w, https:\/\/www.jvd.fr\/wp-content\/uploads\/2025\/07\/logo-francais-jvd-120x12.jpg 120w\" sizes=\"auto, (max-width: 1767px) 100vw, 1767px\" \/><\/figure>\n\n\n\n<div class=\"wp-block-group is-layout-flow wp-block-group-is-layout-flow\" style=\"margin-top:0;margin-bottom:var(--wp--preset--spacing--100);padding-bottom:0\">\n<h2 class=\"wp-block-heading\">Spiegel, die den Anforderungen der Hotellerie gerecht werden<\/h2>\n\n\n\n<div class=\"wp-block-columns is-layout-flex wp-container-core-columns-is-layout-ee3ac793 wp-block-columns-is-layout-flex\" style=\"margin-bottom:var(--wp--preset--spacing--50);padding-top:0;padding-bottom:0\">\n<div class=\"wp-block-column is-layout-flow wp-block-column-is-layout-flow\">\n<p>In einem Hotelbadezimmer m\u00fcssen Spiegel \u00e4sthetisch, benutzerfreundlich, langlebig und f\u00fcr alle Arten von Reisenden geeignet sein. Gleichzeitig m\u00fcssen sie den technischen Anforderungen der Hotellerie gerecht werden, etwa in Bezug auf elektrische Sicherheit, einfache Reinigung und Nachhaltigkeit.<\/p>\n<\/div>\n\n\n\n<div class=\"wp-block-column is-layout-flow wp-block-column-is-layout-flow\">\n<p style=\"padding-top:0;padding-bottom:0\">JVD erf\u00fcllt all diese Anforderungen mit einer in Frankreich entwickelten Spiegelserie. Ob mit Beleuchtung oder ohne, neigbar, mit Vergr\u00f6\u00dferungsfunktion und in verschiedenen Ausf\u00fchrungen \u2013 unsere Spiegel vereinen Design, Sicherheit, Innovation und Langlebigkeit und f\u00fcgen sich harmonisch in jedes Hotelbadezimmer ein.<\/p>\n<\/div>\n<\/div>\n\n\n\n<div class=\"wp-block-buttons is-content-justification-center is-layout-flex wp-container-core-buttons-is-layout-a89b3969 wp-block-buttons-is-layout-flex\">\n<div class=\"wp-block-button is-style-secondary-button\"><a class=\"wp-block-button__link wp-element-button\" href=\"https:\/\/www.jvd.fr\/de\/categorie\/spiegel\/\">Alle Produkte ansehen<\/a><\/div>\n<\/div>\n<\/div>\n\n\n\n<div class=\"wp-block-group is-layout-flow wp-block-group-is-layout-flow\" style=\"margin-bottom:var(--wp--preset--spacing--100);padding-bottom:0\">\n<h2 class=\"wp-block-heading has-text-align-center\">Welcher Spiegel passt in Ihr Hotelbad?<\/h2>\n\n\n\n<div id=\"wp-block-jvd-cards-block_92f8f6744cbb6f4054f24a9ceac19a69\" style=\"margin-bottom:var(--wp--preset--spacing--50);\" class=\"wp-block-jvd-cards align wp-block-acf-cards\">\n\t    <div class=\"jvd-cards\" data-display=\"grid\" data-columns=\"3\" data-count=\"3\" data-parity=\"odd\">\n\t\t        <div class=\"jvd-card\" data-link=\"1\" data-img-ratio=\"square\" data-text-pos=\"under\">\n            <figure class=\"jvd-card__img\">\n\t\t\t                    <img decoding=\"async\" src=\"https:\/\/www.jvd.fr\/wp-content\/uploads\/2025\/06\/categorie-confort-hotellerie-miroirs-lumineux-jvd.jpg\" width=\"600\" height=\"400\" alt=\"Cat\u00e9gorie Confort Hotellerie Miroirs Lumineux JVD\" loading=\"lazy\" \/>\n\t\t\t                <\/figure>\n            <div class=\"jvd-card__content\">\n                <h3 class=\"jvd-card__title\"><a href=\"https:\/\/www.jvd.fr\/de\/categorie\/leuchtend\/\">Beleuchtete Spiegel<\/a><\/h3>                                <p class=\"jvd-card__text\">Betrieb mit Lithiumbatterie und automatischer Abschaltung nach 3 Minuten f\u00fcr eine Lebensdauer von 3 bis 5 Jahren.<\/p>\n                            <\/div>\n        <\/div>\n\t\t        <div class=\"jvd-card\" data-link=\"1\" data-img-ratio=\"square\" data-text-pos=\"under\">\n            <figure class=\"jvd-card__img\">\n\t\t\t                    <img decoding=\"async\" src=\"https:\/\/www.jvd.fr\/wp-content\/uploads\/2025\/06\/categorie-confort-hotellerie-miroirs-non-lumineux-jvd.jpg\" width=\"600\" height=\"400\" alt=\"Cat\u00e9gorie Confort Hotellerie Miroirs Non Lumineux JVD\" loading=\"lazy\" \/>\n\t\t\t                <\/figure>\n            <div class=\"jvd-card__content\">\n                <h3 class=\"jvd-card__title\"><a href=\"https:\/\/www.jvd.fr\/de\/categorie\/nicht-hell\/\">Nicht beleuchtete Spiegel<\/a><\/h3>                                <p class=\"jvd-card__text\">Mit Wandhalterung oder Standfu\u00df, erh\u00e4ltlich in Chrom, Gold oder Kupfer \u2013 entdecken Sie unsere Auswahl an Vergr\u00f6\u00dferungsspiegeln.<\/p>\n                            <\/div>\n        <\/div>\n\t\t        <div class=\"jvd-card\" data-link=\"1\" data-img-ratio=\"square\" data-text-pos=\"under\">\n            <figure class=\"jvd-card__img\">\n\t\t\t                    <img decoding=\"async\" src=\"https:\/\/www.jvd.fr\/wp-content\/uploads\/2025\/09\/miroir-celeste-jvd-lumineux-sur-secteur-600x600.jpg\" width=\"600\" height=\"600\" alt=\"Miroir Celeste JVD Lumineux Sur Secteur\" loading=\"lazy\" \/>\n\t\t\t                <\/figure>\n            <div class=\"jvd-card__content\">\n                <h3 class=\"jvd-card__title\"><a href=\"https:\/\/www.jvd.fr\/de\/categorie\/spiegel-mit-netzbeleuchtung-de\/\">Wechselstrom-beleuchtete Spiegel<\/a><\/h3>                                <p class=\"jvd-card__text\">\u00dcber einen Stromanschluss betrieben, bieten sie eine konstante und leistungsstarke Beleuchtung, ohne Begrenzung der Nutzungsdauer<\/p>\n                            <\/div>\n        <\/div>\n\t\t    <\/div>\n    <\/div>\n<\/div>\n\n\n\n<div class=\"wp-block-columns is-layout-flex wp-container-core-columns-is-layout-af3aebae wp-block-columns-is-layout-flex\" style=\"margin-top:0;margin-bottom:var(--wp--preset--spacing--100)\">\n<div class=\"wp-block-column is-vertically-aligned-center is-layout-flow wp-block-column-is-layout-flow\" style=\"border-style:none;border-width:0px\">\n<h2 class=\"wp-block-heading\">Nachhaltige Spiegel<\/h2>\n\n\n\n<p>Unsere beleuchteten Spiegel werden in unseren Werkst\u00e4tten in Nantes (Frankreich) gefertigt und sind \u00fcber ihren gesamten Lebenszyklus hinweg auf minimale Umweltbelastung ausgelegt.<\/p>\n\n\n\n<p>Dank stromsparender LED-Beleuchtung bieten sie eine lange Lebensdauer ohne Lampenwechsel \u2013 das reduziert Abfall und Energieverbrauch. Sie funktionieren mit Lithiumbatterien und ben\u00f6tigen keine feste Stromverbindung. Das macht sie besonders einfach zu installieren \u2013 auch bei anspruchsvollen Hotelkonfigurationen.<\/p>\n\n\n\n<p>Dieser verantwortungsvolle Ansatz ist Teil unseres umfassenden Engagements f\u00fcr eine nachhaltigere Industrie und wurde mit der <strong>Ecovadis-Gold-Zertifizierung<\/strong> ausgezeichnet \u2013 eine Anerkennung f\u00fcr Unternehmen mit vorbildlicher sozialer und \u00f6kologischer Verantwortung.<\/p>\n<\/div>\n\n\n\n<div class=\"wp-block-column is-layout-flow wp-block-column-is-layout-flow\">\n<figure class=\"wp-block-image size-portrait has-custom-border is-style-rounded\"><img loading=\"lazy\" decoding=\"async\" width=\"600\" height=\"800\" src=\"https:\/\/www.jvd.fr\/wp-content\/uploads\/2025\/06\/miroir-eclips-jvd-hotel-600x800.jpg\" alt=\"\" class=\"wp-image-4682\" style=\"border-radius:20px;object-fit:cover\"\/><\/figure>\n<\/div>\n<\/div>\n\n\n\n<div class=\"wp-block-group has-lightgrey-to-white-vertical-gradient-background has-background has-global-padding is-layout-constrained wp-container-core-group-is-layout-47db984f wp-block-group-is-layout-constrained\" style=\"border-radius:20px;margin-bottom:var(--wp--preset--spacing--100);padding-top:var(--wp--preset--spacing--75);padding-right:var(--wp--preset--spacing--75);padding-bottom:var(--wp--preset--spacing--75);padding-left:var(--wp--preset--spacing--75)\">\n<h2 class=\"wp-block-heading has-text-align-center\">Worte des Designers<\/h2>\n\n\n\n<div id=\"wp-block-jvd-testimonies-block_64cdb330efabbfb6b7cfb383ccefbca0\" style=\"margin-bottom:0;\" class=\"wp-block-jvd-testimonies align wp-block-acf-testimonies\">\n\t\t\t<div class=\"swiper jvd-testimonies js_testimonies\" data-media=\"none\" data-layout=\"mini\" data-count=\"1\">\n\t\t<div class=\"swiper-wrapper\">\n\t\t\t\t\t\t<div class=\"swiper-slide\">\n\t\t\t\t<div class=\"loop-testimony\">\n\t\t\t\t\t\t\t\t\t\t\t\t\t\t\t<div class=\"loop-testimony__body\">\n\t\t\t\t\t\t<blockquote class=\"loop-testimony__quote\">Spiegel laden uns dazu ein, in eine neue Dimension einzutreten. Die Vergr\u00f6\u00dferungsfunktion erm\u00f6glicht es, in eine Welt einzutauchen, in der alles gr\u00f6\u00dfer erscheint. Ich wollte diese Reise noch weiter f\u00fchren \u2013 und habe mich bei der Gestaltung dieses Spiegels von einer fliegenden Untertasse inspirieren lassen. Ich habe ein revolution\u00e4res \u201eMotorsystem\u201c integriert, das einzigartig auf dem Markt batteriebetrieben funktioniert. Das Ganze habe ich auf einer verchromten Basis aufgebaut und mit einem Lichtkranz versehen, der an den Saturnring erinnert. Zum Schluss habe ich einen fast magischen kapazitiven Schalter hinzugef\u00fcgt.<\/blockquote>\n\t\t\t\t\t\t<div class=\"loop-testimony__author\">\n\t\t\t\t\t\t\t\t\t\t\t\t\t\t\t\t\t\t\t\t\t<p class=\"loop-testimony__name\"><strong>Jean-Guy de Russ\u00e9<\/strong><br\/>\n\t\t\t\t\t\t\tDesigner bei JVD<\/p>\n\t\t\t\t\t\t<\/div>\n\t\t\t\t\t<\/div>\n\t\t\t\t<\/div>\n\t\t\t<\/div>\n\t\t\t\t\t\t\t\t<\/div>\n\t\t<div class=\"slide-prev\">\n            <svg width=\"13\" height=\"20\" aria-hidden=\"true\" role=\"presentation\"><use xlink:href=\"#slide-prev\"\/><\/svg>\n        <\/div>\n        <div class=\"slide-next\">\n            <svg width=\"13\" height=\"20\" aria-hidden=\"true\" role=\"presentation\"><use xlink:href=\"#slide-next\"\/><\/svg>\n        <\/div>\n\t<\/div>\n\t<\/div>\n\n<\/div>\n\n\n\n<div class=\"wp-block-group has-global-padding is-layout-constrained wp-block-group-is-layout-constrained\" style=\"margin-bottom:var(--wp--preset--spacing--100)\">\n<h2 class=\"wp-block-heading has-text-align-center\">H\u00e4ufige Fragen<\/h2>\n\n\n\n<div id=\"wp-block-jvd-faq-block_9adffcef00517360cd5a7cb246bb649a\" class=\"wp-block-jvd-faq align wp-block-acf-faq\">\n\t<div class=\"jvd-faq\">\n\t\t\t\t<div class=\"jvd-faq__item\" itemscope itemprop=\"mainEntity\" itemtype=\"https:\/\/schema.org\/Question\">\n\t\t\t<div class=\"jvd-faq__question\" itemprop=\"name\">\n\t\t\t\t<span>Wie funktionieren beleuchtete Hotelspiegel?<\/span>\n\t\t\t\t<button type=\"button\">\n\t\t\t\t\t<svg width=\"20\" height=\"20\" aria-hidden=\"true\" role=\"presentation\"><use xlink:href=\"#chevron-down\"\/><\/svg>\n\t\t\t\t<\/button>\n\t\t\t<\/div>\n\t\t\t<div class=\"jvd-faq__answer\" itemscope itemprop=\"acceptedAnswer\" itemtype=\"https:\/\/schema.org\/Answer\">\n\t\t\t\t<p>Unsere Modelle <em data-start=\"2741\" data-end=\"2749\">Cosmos<\/em>, <em data-start=\"2751\" data-end=\"2759\">Galaxy<\/em> und <em data-start=\"2764\" data-end=\"2772\">Eclips<\/em> funktionieren mit einer Lithiumbatterie und schalten sich nach 3 Minuten automatisch ab \u2013 f\u00fcr eine Lebensdauer von 3 bis 5 Jahren. Die vollst\u00e4ndige elektrische Sicherheit erm\u00f6glicht die Installation in allen Bereichen des Badezimmers.<\/p>\n\t\t\t<\/div>\n\t\t<\/div>\n\t\t\t\t<div class=\"jvd-faq__item\" itemscope itemprop=\"mainEntity\" itemtype=\"https:\/\/schema.org\/Question\">\n\t\t\t<div class=\"jvd-faq__question\" itemprop=\"name\">\n\t\t\t\t<span>Warum sollte man im Hotelbad einen neigbaren Spiegel w\u00e4hlen?<\/span>\n\t\t\t\t<button type=\"button\">\n\t\t\t\t\t<svg width=\"20\" height=\"20\" aria-hidden=\"true\" role=\"presentation\"><use xlink:href=\"#chevron-down\"\/><\/svg>\n\t\t\t\t<\/button>\n\t\t\t<\/div>\n\t\t\t<div class=\"jvd-faq__answer\" itemscope itemprop=\"acceptedAnswer\" itemtype=\"https:\/\/schema.org\/Answer\">\n\t\t\t\t<p>Dank ihrer doppelten oder dreifachen Drehachse bieten unsere Spiegel stets den besten Blickwinkel \u2013 f\u00fcr h\u00f6chsten Komfort Ihrer G\u00e4ste.<\/p>\n\t\t\t<\/div>\n\t\t<\/div>\n\t\t\t<\/div>\n<\/div>\n<\/div>\n\n\n\n<div class=\"wp-block-group has-lightgrey-background-color has-background is-layout-flow wp-block-group-is-layout-flow\" style=\"border-radius:20px;padding-top:var(--wp--preset--spacing--75);padding-right:var(--wp--preset--spacing--75);padding-bottom:var(--wp--preset--spacing--75);padding-left:var(--wp--preset--spacing--75)\">\n<h2 class=\"wp-block-heading has-text-align-center\">Interesse an unseren Produkten?<\/h2>\n\n\n\n<p class=\"has-text-align-center\">Ob Produktinformationen oder Beratung \u2013 wir stehen Ihnen gerne per Videocall oder telefonisch zur Verf\u00fcgung.<\/p>\n\n\n\n<div class=\"wp-block-buttons is-content-justification-center is-layout-flex wp-container-core-buttons-is-layout-a89b3969 wp-block-buttons-is-layout-flex\">\n<div class=\"wp-block-button is-style-fill\"><a class=\"wp-block-button__link wp-element-button\" href=\"https:\/\/share-eu1.hsforms.com\/1D1pYfY9ySKu6Mr344NqNBQexg1v\">Kontaktieren Sie uns<\/a><\/div>\n<\/div>\n<\/div>\n","protected":false},"excerpt":{"rendered":"<p>Spiegel, die den Anforderungen der Hotellerie gerecht werden In einem Hotelbadezimmer m\u00fcssen Spiegel \u00e4sthetisch, benutzerfreundlich, langlebig und f\u00fcr alle Arten von Reisenden geeignet sein. Gleichzeitig m\u00fcssen sie den technischen Anforderungen der Hotellerie gerecht werden, etwa in Bezug auf elektrische Sicherheit, einfache Reinigung und Nachhaltigkeit. JVD erf\u00fcllt all diese Anforderungen mit einer in Frankreich entwickelten Spiegelserie. [&hellip;]<\/p>\n","protected":false},"author":1,"featured_media":4995,"parent":0,"menu_order":0,"comment_status":"closed","ping_status":"closed","template":"","meta":{"_acf_changed":false,"content-type":"","_searchwp_excluded":"","inline_featured_image":false,"footnotes":""},"class_list":["post-5069","page","type-page","status-publish","has-post-thumbnail","hentry"],"acf":[],"yoast_head":"<!-- This site is optimized with the Yoast SEO plugin v27.1.1 - https:\/\/yoast.com\/product\/yoast-seo-wordpress\/ -->\n<title>Spiegel - JVD<\/title>\n<meta name=\"description\" content=\"Mit oder ohne Beleuchtung, neigbar, mit Vergr\u00f6\u00dferungsfunktion und in verschiedenen Modellen erh\u00e4ltlich \u2013 die Spiegel von JVD f\u00fcgen sich harmonisch in Ihr Hotel ein.\" \/>\n<meta name=\"robots\" content=\"index, follow, max-snippet:-1, max-image-preview:large, max-video-preview:-1\" \/>\n<link rel=\"canonical\" href=\"https:\/\/www.jvd.fr\/de\/spiegel\/\" \/>\n<meta property=\"og:locale\" content=\"de_DE\" \/>\n<meta property=\"og:type\" content=\"article\" \/>\n<meta property=\"og:title\" content=\"Spiegel - JVD\" \/>\n<meta property=\"og:description\" content=\"Mit oder ohne Beleuchtung, neigbar, mit Vergr\u00f6\u00dferungsfunktion und in verschiedenen Modellen erh\u00e4ltlich \u2013 die Spiegel von JVD f\u00fcgen sich harmonisch in Ihr Hotel ein.\" \/>\n<meta property=\"og:url\" content=\"https:\/\/www.jvd.fr\/de\/spiegel\/\" \/>\n<meta property=\"og:site_name\" content=\"JVD\" \/>\n<meta property=\"article:modified_time\" content=\"2025-09-17T12:49:08+00:00\" \/>\n<meta property=\"og:image\" content=\"https:\/\/www.jvd.fr\/wp-content\/uploads\/2025\/06\/miroir-image-accueil-jvd.jpg\" \/>\n\t<meta property=\"og:image:width\" content=\"1920\" \/>\n\t<meta property=\"og:image:height\" content=\"820\" \/>\n\t<meta property=\"og:image:type\" content=\"image\/jpeg\" \/>\n<script type=\"application\/ld+json\" class=\"yoast-schema-graph\">{\"@context\":\"https:\/\/schema.org\",\"@graph\":[{\"@type\":\"WebPage\",\"@id\":\"https:\/\/www.jvd.fr\/de\/spiegel\/\",\"url\":\"https:\/\/www.jvd.fr\/de\/spiegel\/\",\"name\":\"Spiegel - JVD\",\"isPartOf\":{\"@id\":\"https:\/\/www.jvd.fr\/de\/#website\"},\"primaryImageOfPage\":{\"@id\":\"https:\/\/www.jvd.fr\/de\/spiegel\/#primaryimage\"},\"image\":{\"@id\":\"https:\/\/www.jvd.fr\/de\/spiegel\/#primaryimage\"},\"thumbnailUrl\":\"https:\/\/www.jvd.fr\/wp-content\/uploads\/2025\/06\/miroir-image-accueil-jvd.jpg\",\"datePublished\":\"2025-06-03T11:53:10+00:00\",\"dateModified\":\"2025-09-17T12:49:08+00:00\",\"description\":\"Mit oder ohne Beleuchtung, neigbar, mit Vergr\u00f6\u00dferungsfunktion und in verschiedenen Modellen erh\u00e4ltlich \u2013 die Spiegel von JVD f\u00fcgen sich harmonisch in Ihr Hotel ein.\",\"breadcrumb\":{\"@id\":\"https:\/\/www.jvd.fr\/de\/spiegel\/#breadcrumb\"},\"inLanguage\":\"de\",\"potentialAction\":[{\"@type\":\"ReadAction\",\"target\":[\"https:\/\/www.jvd.fr\/de\/spiegel\/\"]}]},{\"@type\":\"ImageObject\",\"inLanguage\":\"de\",\"@id\":\"https:\/\/www.jvd.fr\/de\/spiegel\/#primaryimage\",\"url\":\"https:\/\/www.jvd.fr\/wp-content\/uploads\/2025\/06\/miroir-image-accueil-jvd.jpg\",\"contentUrl\":\"https:\/\/www.jvd.fr\/wp-content\/uploads\/2025\/06\/miroir-image-accueil-jvd.jpg\",\"width\":1920,\"height\":820},{\"@type\":\"BreadcrumbList\",\"@id\":\"https:\/\/www.jvd.fr\/de\/spiegel\/#breadcrumb\",\"itemListElement\":[{\"@type\":\"ListItem\",\"position\":1,\"name\":\"Accueil\",\"item\":\"https:\/\/www.jvd.fr\/de\/\"},{\"@type\":\"ListItem\",\"position\":2,\"name\":\"Spiegel\"}]},{\"@type\":\"WebSite\",\"@id\":\"https:\/\/www.jvd.fr\/de\/#website\",\"url\":\"https:\/\/www.jvd.fr\/de\/\",\"name\":\"JVD\",\"description\":\"Products that care\",\"potentialAction\":[{\"@type\":\"SearchAction\",\"target\":{\"@type\":\"EntryPoint\",\"urlTemplate\":\"https:\/\/www.jvd.fr\/de\/?s={search_term_string}\"},\"query-input\":{\"@type\":\"PropertyValueSpecification\",\"valueRequired\":true,\"valueName\":\"search_term_string\"}}],\"inLanguage\":\"de\"}]}<\/script>\n<!-- \/ Yoast SEO plugin. -->","yoast_head_json":{"title":"Spiegel - JVD","description":"Mit oder ohne Beleuchtung, neigbar, mit Vergr\u00f6\u00dferungsfunktion und in verschiedenen Modellen erh\u00e4ltlich \u2013 die Spiegel von JVD f\u00fcgen sich harmonisch in Ihr Hotel ein.","robots":{"index":"index","follow":"follow","max-snippet":"max-snippet:-1","max-image-preview":"max-image-preview:large","max-video-preview":"max-video-preview:-1"},"canonical":"https:\/\/www.jvd.fr\/de\/spiegel\/","og_locale":"de_DE","og_type":"article","og_title":"Spiegel - JVD","og_description":"Mit oder ohne Beleuchtung, neigbar, mit Vergr\u00f6\u00dferungsfunktion und in verschiedenen Modellen erh\u00e4ltlich \u2013 die Spiegel von JVD f\u00fcgen sich harmonisch in Ihr Hotel ein.","og_url":"https:\/\/www.jvd.fr\/de\/spiegel\/","og_site_name":"JVD","article_modified_time":"2025-09-17T12:49:08+00:00","og_image":[{"width":1920,"height":820,"url":"https:\/\/www.jvd.fr\/wp-content\/uploads\/2025\/06\/miroir-image-accueil-jvd.jpg","type":"image\/jpeg"}],"schema":{"@context":"https:\/\/schema.org","@graph":[{"@type":"WebPage","@id":"https:\/\/www.jvd.fr\/de\/spiegel\/","url":"https:\/\/www.jvd.fr\/de\/spiegel\/","name":"Spiegel - JVD","isPartOf":{"@id":"https:\/\/www.jvd.fr\/de\/#website"},"primaryImageOfPage":{"@id":"https:\/\/www.jvd.fr\/de\/spiegel\/#primaryimage"},"image":{"@id":"https:\/\/www.jvd.fr\/de\/spiegel\/#primaryimage"},"thumbnailUrl":"https:\/\/www.jvd.fr\/wp-content\/uploads\/2025\/06\/miroir-image-accueil-jvd.jpg","datePublished":"2025-06-03T11:53:10+00:00","dateModified":"2025-09-17T12:49:08+00:00","description":"Mit oder ohne Beleuchtung, neigbar, mit Vergr\u00f6\u00dferungsfunktion und in verschiedenen Modellen erh\u00e4ltlich \u2013 die Spiegel von JVD f\u00fcgen sich harmonisch in Ihr Hotel ein.","breadcrumb":{"@id":"https:\/\/www.jvd.fr\/de\/spiegel\/#breadcrumb"},"inLanguage":"de","potentialAction":[{"@type":"ReadAction","target":["https:\/\/www.jvd.fr\/de\/spiegel\/"]}]},{"@type":"ImageObject","inLanguage":"de","@id":"https:\/\/www.jvd.fr\/de\/spiegel\/#primaryimage","url":"https:\/\/www.jvd.fr\/wp-content\/uploads\/2025\/06\/miroir-image-accueil-jvd.jpg","contentUrl":"https:\/\/www.jvd.fr\/wp-content\/uploads\/2025\/06\/miroir-image-accueil-jvd.jpg","width":1920,"height":820},{"@type":"BreadcrumbList","@id":"https:\/\/www.jvd.fr\/de\/spiegel\/#breadcrumb","itemListElement":[{"@type":"ListItem","position":1,"name":"Accueil","item":"https:\/\/www.jvd.fr\/de\/"},{"@type":"ListItem","position":2,"name":"Spiegel"}]},{"@type":"WebSite","@id":"https:\/\/www.jvd.fr\/de\/#website","url":"https:\/\/www.jvd.fr\/de\/","name":"JVD","description":"Products that care","potentialAction":[{"@type":"SearchAction","target":{"@type":"EntryPoint","urlTemplate":"https:\/\/www.jvd.fr\/de\/?s={search_term_string}"},"query-input":{"@type":"PropertyValueSpecification","valueRequired":true,"valueName":"search_term_string"}}],"inLanguage":"de"}]}},"_links":{"self":[{"href":"https:\/\/www.jvd.fr\/de\/wp-json\/wp\/v2\/pages\/5069","targetHints":{"allow":["GET"]}}],"collection":[{"href":"https:\/\/www.jvd.fr\/de\/wp-json\/wp\/v2\/pages"}],"about":[{"href":"https:\/\/www.jvd.fr\/de\/wp-json\/wp\/v2\/types\/page"}],"author":[{"embeddable":true,"href":"https:\/\/www.jvd.fr\/de\/wp-json\/wp\/v2\/users\/1"}],"replies":[{"embeddable":true,"href":"https:\/\/www.jvd.fr\/de\/wp-json\/wp\/v2\/comments?post=5069"}],"version-history":[{"count":10,"href":"https:\/\/www.jvd.fr\/de\/wp-json\/wp\/v2\/pages\/5069\/revisions"}],"predecessor-version":[{"id":60156,"href":"https:\/\/www.jvd.fr\/de\/wp-json\/wp\/v2\/pages\/5069\/revisions\/60156"}],"wp:featuredmedia":[{"embeddable":true,"href":"https:\/\/www.jvd.fr\/de\/wp-json\/wp\/v2\/media\/4995"}],"wp:attachment":[{"href":"https:\/\/www.jvd.fr\/de\/wp-json\/wp\/v2\/media?parent=5069"}],"curies":[{"name":"wp","href":"https:\/\/api.w.org\/{rel}","templated":true}]}}