{"id":5063,"date":"2025-06-03T15:41:09","date_gmt":"2025-06-03T13:41:09","guid":{"rendered":"https:\/\/jvdwoo2025.dnstemporaire.fr\/?page_id=5063"},"modified":"2025-09-17T14:48:52","modified_gmt":"2025-09-17T12:48:52","slug":"safes","status":"publish","type":"page","link":"https:\/\/www.jvd.fr\/de\/safes\/","title":{"rendered":"Safes"},"content":{"rendered":"\n<div class=\"wp-block-group is-layout-flow wp-block-group-is-layout-flow\" style=\"margin-top:0;margin-bottom:var(--wp--preset--spacing--100);padding-bottom:0\">\n<h2 class=\"wp-block-heading\">F\u00fcr die Ruhe der G\u00e4ste und die Gelassenheit der Hoteliers entwickelt<\/h2>\n\n\n\n<div class=\"wp-block-columns is-layout-flex wp-container-core-columns-is-layout-ee3ac793 wp-block-columns-is-layout-flex\" style=\"margin-bottom:var(--wp--preset--spacing--50);padding-top:0;padding-bottom:0\">\n<div class=\"wp-block-column is-layout-flow wp-block-column-is-layout-flow\">\n<p>Hotels m\u00fcssen ihren G\u00e4sten eine zuverl\u00e4ssige L\u00f6sung bieten, um pers\u00f6nliche Gegenst\u00e4nde sicher aufzubewahren. Der Safe ist heute ein unverzichtbares Ausstattungsmerkmal, um einen sorgenfreien Aufenthalt zu gew\u00e4hrleisten, Vertrauen zu st\u00e4rken und den Komfortstandards moderner Hotels gerecht zu werden.<\/p>\n<\/div>\n\n\n\n<div class=\"wp-block-column is-layout-flow wp-block-column-is-layout-flow\">\n<p style=\"padding-top:0;padding-bottom:0\">JVD bietet eine Serie robuster, benutzerfreundlicher Safes, die speziell f\u00fcr die Hotellerie entwickelt wurden. Mit beleuchtetem Tastenfeld, Innenbeleuchtung, Anti-Aggressionssystem und sicherer Not\u00f6ffnung \u2013 jedes Detail wurde entworfen, um Sicherheit, Benutzerfreundlichkeit und eine einfache Verwaltung f\u00fcr das Hotelpersonal zu vereinen.<\/p>\n<\/div>\n<\/div>\n\n\n\n<div class=\"wp-block-buttons is-content-justification-center is-layout-flex wp-container-core-buttons-is-layout-a89b3969 wp-block-buttons-is-layout-flex\">\n<div class=\"wp-block-button is-style-secondary-button\"><a class=\"wp-block-button__link wp-element-button\" href=\"https:\/\/www.jvd.fr\/de\/categorie\/safes-de\/\">Alle Produkte ansehen<\/a><\/div>\n<\/div>\n<\/div>\n\n\n\n<div class=\"wp-block-group is-layout-flow wp-block-group-is-layout-flow\" style=\"margin-bottom:var(--wp--preset--spacing--100);padding-bottom:0\">\n<h2 class=\"wp-block-heading has-text-align-center\" style=\"padding-top:var(--wp--preset--spacing--25);padding-bottom:var(--wp--preset--spacing--25)\">Welcher Safe passt in Ihr Hotelzimmer?<\/h2>\n\n\n\n<div id=\"wp-block-jvd-cards-block_872ddcb8305b99dc9499734f67cdbd5d\" style=\"margin-bottom:var(--wp--preset--spacing--50);\" class=\"wp-block-jvd-cards align wp-block-acf-cards\">\n\t    <div class=\"swiper jvd-carousel js_cards\" data-display=\"carrousel\">\n        <div class=\"swiper__nav\">\n            <div class=\"swiper__nav__prev js_cards_prev\">\n                <svg width=\"13\" height=\"20\" aria-hidden=\"true\" role=\"presentation\"><use xlink:href=\"#slide-prev\"\/><\/svg>\n            <\/div>\n            <div class=\"swiper__nav__next js_cards_next\">\n                <svg width=\"13\" height=\"20\" aria-hidden=\"true\" role=\"presentation\"><use xlink:href=\"#slide-next\"\/><\/svg>\n            <\/div>\n        <\/div>\n        <div class=\"swiper-wrapper\">\n                        <div class=\"swiper-slide\">\n                <div class=\"jvd-card\" data-link=\"1\" data-img-ratio=\"portrait\" data-text-pos=\"hover\">\n                                        <figure class=\"jvd-card__img\">\n                                                    <img decoding=\"async\" src=\"https:\/\/www.jvd.fr\/wp-content\/uploads\/2025\/06\/fortress-coffre-fort-jvd-hotel-600x800.jpg\" width=\"600\" height=\"800\" alt=\"Fortress Coffre Fort Jvd Hotel\" loading=\"lazy\" \/>\n                                            <\/figure>\n                    <div class=\"jvd-card__content\">\n                                                <h3 class=\"jvd-card__title\">\n                                                        <a href=\"https:\/\/www.jvd.fr\/de\/produit\/hotelsafe-fortress-safe-14-schwarz\/\">\n                                                        Fortress                                                        <\/a>\n                                                    <\/h3>\n                                                <p class=\"jvd-card__text\"><\/p>\n                    <\/div>\n                <\/div>\n            <\/div>\n                        <div class=\"swiper-slide\">\n                <div class=\"jvd-card\" data-link=\"1\" data-img-ratio=\"portrait\" data-text-pos=\"hover\">\n                                        <figure class=\"jvd-card__img\">\n                                                    <img decoding=\"async\" src=\"https:\/\/www.jvd.fr\/wp-content\/uploads\/2025\/06\/iconic-coffre-fort-jvd-horizontal-hotel-600x800.jpg\" width=\"600\" height=\"800\" alt=\"Iconic Coffre Fort Jvd Horizontal Hotel\" loading=\"lazy\" \/>\n                                            <\/figure>\n                    <div class=\"jvd-card__content\">\n                                                <h3 class=\"jvd-card__title\">\n                                                        <a href=\"https:\/\/www.jvd.fr\/de\/produit\/hotelsafe-iconic-offnung-oben\/\">\n                                                        Iconic                                                        <\/a>\n                                                    <\/h3>\n                                                <p class=\"jvd-card__text\"><\/p>\n                    <\/div>\n                <\/div>\n            <\/div>\n                        <div class=\"swiper-slide\">\n                <div class=\"jvd-card\" data-link=\"1\" data-img-ratio=\"portrait\" data-text-pos=\"hover\">\n                                        <figure class=\"jvd-card__img\">\n                                                    <img decoding=\"async\" src=\"https:\/\/www.jvd.fr\/wp-content\/uploads\/2025\/06\/guardian-coffre-fort-jvd-hotel-600x799.jpg\" width=\"600\" height=\"799\" alt=\"Guardian Coffre Fort Jvd Hotel\" loading=\"lazy\" \/>\n                                            <\/figure>\n                    <div class=\"jvd-card__content\">\n                                                <h3 class=\"jvd-card__title\">\n                                                        <a href=\"https:\/\/www.jvd.fr\/de\/produit\/hotelsafe-guardian-schwarz\/\">\n                                                        Guardian                                                        <\/a>\n                                                    <\/h3>\n                                                <p class=\"jvd-card__text\"><\/p>\n                    <\/div>\n                <\/div>\n            <\/div>\n                        <div class=\"swiper-slide\">\n                <div class=\"jvd-card\" data-link=\"1\" data-img-ratio=\"portrait\" data-text-pos=\"hover\">\n                                        <figure class=\"jvd-card__img\">\n                                                    <img decoding=\"async\" src=\"https:\/\/www.jvd.fr\/wp-content\/uploads\/2025\/06\/trustee-blanc-coffre-fort-jvd-hotel-600x800.jpg\" width=\"600\" height=\"800\" alt=\"\" loading=\"lazy\" \/>\n                                            <\/figure>\n                    <div class=\"jvd-card__content\">\n                                                <h3 class=\"jvd-card__title\">\n                                                        <a href=\"https:\/\/www.jvd.fr\/de\/produit\/hotelsafe-trustee-compact-weis\/\">\n                                                        Trustee                                                        <\/a>\n                                                    <\/h3>\n                                                <p class=\"jvd-card__text\"><\/p>\n                    <\/div>\n                <\/div>\n            <\/div>\n                        <div class=\"swiper-slide\">\n                <div class=\"jvd-card\" data-link=\"1\" data-img-ratio=\"portrait\" data-text-pos=\"hover\">\n                                        <figure class=\"jvd-card__img\">\n                                            <\/figure>\n                    <div class=\"jvd-card__content\">\n                                                <h3 class=\"jvd-card__title\">\n                                                        <a href=\"https:\/\/www.jvd.fr\/de\/produit\/bedienungskasten-jvd-safes\/\">\n                                                        Bedienungskasten                                                        <\/a>\n                                                    <\/h3>\n                                                <p class=\"jvd-card__text\"><\/p>\n                    <\/div>\n                <\/div>\n            <\/div>\n                        <div class=\"swiper-slide\">\n                <div class=\"jvd-card\" data-link=\"1\" data-img-ratio=\"portrait\" data-text-pos=\"hover\">\n                                        <figure class=\"jvd-card__img\">\n                                            <\/figure>\n                    <div class=\"jvd-card__content\">\n                                                <h3 class=\"jvd-card__title\">\n                                                        <a href=\"https:\/\/www.jvd.fr\/de\/produit\/smart-key-fur-jvd-fortress-safe\/\">\n                                                        Smart key                                                        <\/a>\n                                                    <\/h3>\n                                                <p class=\"jvd-card__text\"><\/p>\n                    <\/div>\n                <\/div>\n            <\/div>\n                    <\/div>\n    <\/div>\n    <\/div>\n<\/div>\n\n\n\n<div class=\"wp-block-group has-lightgrey-background-color has-background has-global-padding is-layout-constrained wp-container-core-group-is-layout-47db984f wp-block-group-is-layout-constrained\" style=\"border-radius:20px;margin-bottom:var(--wp--preset--spacing--100);padding-top:var(--wp--preset--spacing--75);padding-right:var(--wp--preset--spacing--75);padding-bottom:var(--wp--preset--spacing--75);padding-left:var(--wp--preset--spacing--75)\">\n<div class=\"wp-block-columns is-layout-flex wp-container-core-columns-is-layout-cbe57604 wp-block-columns-is-layout-flex\">\n<div class=\"wp-block-column is-layout-flow wp-block-column-is-layout-flow\">\n<figure class=\"wp-block-image size-square has-custom-border\"><img loading=\"lazy\" decoding=\"async\" width=\"600\" height=\"600\" src=\"https:\/\/www.jvd.fr\/wp-content\/uploads\/2025\/06\/fortress-coffre-fort-jvd-hotel-600x600.jpg\" alt=\"Fortress Coffre Fort Jvd Hotel\" class=\"wp-image-4702\" style=\"border-radius:20px\" srcset=\"https:\/\/www.jvd.fr\/wp-content\/uploads\/2025\/06\/fortress-coffre-fort-jvd-hotel-600x600.jpg 600w, https:\/\/www.jvd.fr\/wp-content\/uploads\/2025\/06\/fortress-coffre-fort-jvd-hotel-300x300.jpg 300w, https:\/\/www.jvd.fr\/wp-content\/uploads\/2025\/06\/fortress-coffre-fort-jvd-hotel-100x100.jpg 100w, https:\/\/www.jvd.fr\/wp-content\/uploads\/2025\/06\/fortress-coffre-fort-jvd-hotel-1200x1200.jpg 1200w, https:\/\/www.jvd.fr\/wp-content\/uploads\/2025\/06\/fortress-coffre-fort-jvd-hotel-150x150.jpg 150w\" sizes=\"auto, (max-width: 600px) 100vw, 600px\" \/><\/figure>\n<\/div>\n\n\n\n<div class=\"wp-block-column is-layout-flow wp-block-column-is-layout-flow\">\n<h2 class=\"wp-block-heading has-text-align-center\">Das Wort des Designers<\/h2>\n\n\n\n<div id=\"wp-block-jvd-testimonies-block_0b1b433e25b09196bb55a02a721754ed\" style=\"margin-bottom:0;\" class=\"wp-block-jvd-testimonies align wp-block-acf-testimonies\">\n\t\t\t<div class=\"swiper jvd-testimonies js_testimonies\" data-media=\"none\" data-layout=\"mini\" data-count=\"1\">\n\t\t<div class=\"swiper-wrapper\">\n\t\t\t\t\t\t<div class=\"swiper-slide\">\n\t\t\t\t<div class=\"loop-testimony\">\n\t\t\t\t\t\t\t\t\t\t\t\t\t\t\t<div class=\"loop-testimony__body\">\n\t\t\t\t\t\t<blockquote class=\"loop-testimony__quote\">Um ein Gef\u00fchl von Tradition und Sicherheit zu vermitteln, blieb das Design des Safes Fortress sehr schlicht: der Kreis im Rechteck \u2013 das Symbol des klassischen Safes. Durch die reduzierte Gestaltung wirkt das Produkt zugleich modern und zeitlos. Zwei weitere clevere Details zeichnen es aus: der dezent integrierte Griff auf der linken Seite der Frontplatte und das leicht geneigte Tastenfeld, das die Bedienung bei niedriger Einbauh\u00f6he ergonomischer macht.<\/blockquote>\n\t\t\t\t\t\t<div class=\"loop-testimony__author\">\n\t\t\t\t\t\t\t\t\t\t\t\t\t\t\t\t\t\t\t\t\t<p class=\"loop-testimony__name\"><strong>Jean-Guy de Russ\u00e9<\/strong><br\/>\n\t\t\t\t\t\t\tDesigner bei JVD<\/p>\n\t\t\t\t\t\t<\/div>\n\t\t\t\t\t<\/div>\n\t\t\t\t<\/div>\n\t\t\t<\/div>\n\t\t\t\t\t\t\t\t<\/div>\n\t\t<div class=\"slide-prev\">\n            <svg width=\"13\" height=\"20\" aria-hidden=\"true\" role=\"presentation\"><use xlink:href=\"#slide-prev\"\/><\/svg>\n        <\/div>\n        <div class=\"slide-next\">\n            <svg width=\"13\" height=\"20\" aria-hidden=\"true\" role=\"presentation\"><use xlink:href=\"#slide-next\"\/><\/svg>\n        <\/div>\n\t<\/div>\n\t<\/div>\n\n<\/div>\n<\/div>\n<\/div>\n\n\n\n<div class=\"wp-block-columns is-layout-flex wp-container-core-columns-is-layout-af3aebae wp-block-columns-is-layout-flex\" style=\"margin-top:0;margin-bottom:var(--wp--preset--spacing--100)\">\n<div class=\"wp-block-column is-vertically-aligned-center is-layout-flow wp-block-column-is-layout-flow\" style=\"border-style:none;border-width:0px\">\n<h2 class=\"wp-block-heading\">Die Vorteile der JVD-Safes<\/h2>\n\n\n\n<h3 class=\"wp-block-heading\"><strong>Leuchtend<\/strong><\/h3>\n\n\n\n<p>Unsere Hotelsafes verf\u00fcgen \u00fcber ein beleuchtetes Tastenfeld und eine Innenbeleuchtung \u2013 f\u00fcr eine einfache, intuitive Nutzung.<\/p>\n\n\n\n<h3 class=\"wp-block-heading\"><strong>Sicher<\/strong><\/h3>\n\n\n\n<p>Ausgestattet mit einem elektronischen Anti-Aggressionssystem und einer 15-min\u00fctigen Sperrung nach vier Fehlversuchen.<\/p>\n\n\n\n<h3 class=\"wp-block-heading\"><strong>Praktisch<\/strong><\/h3>\n\n\n\n<p>Im Falle eines vergessenen Codes kann der Safe per Schl\u00fcssel oder Fernbedienung ge\u00f6ffnet werden.<\/p>\n\n\n\n<h3 class=\"wp-block-heading\">Intelligent&nbsp;<\/h3>\n\n\n\n<p>Dank des Fernbedienungsmoduls ist das Einsehen des \u00d6ffnungsverlaufs (Datum und Uhrzeit) sowie das sichere \u00d6ffnen des Safes jederzeit m\u00f6glich.<\/p>\n<\/div>\n\n\n\n<div class=\"wp-block-column is-layout-flow wp-block-column-is-layout-flow\">\n<figure class=\"wp-block-image size-portrait has-custom-border\"><img loading=\"lazy\" decoding=\"async\" width=\"600\" height=\"800\" src=\"https:\/\/www.jvd.fr\/wp-content\/uploads\/2025\/06\/iconic-coffre-fort-jvd-vertical-hotel-600x800.jpg\" alt=\"Iconic Coffre Fort Jvd Vertical Hotel\" class=\"wp-image-4714\" style=\"border-radius:20px\"\/><\/figure>\n<\/div>\n<\/div>\n\n\n\n<div class=\"wp-block-group has-lightgrey-background-color has-background is-layout-flow wp-block-group-is-layout-flow\" style=\"border-radius:20px;padding-top:var(--wp--preset--spacing--75);padding-right:var(--wp--preset--spacing--75);padding-bottom:var(--wp--preset--spacing--75);padding-left:var(--wp--preset--spacing--75)\">\n<h2 class=\"wp-block-heading has-text-align-center\">Interesse an unseren Produkten?<\/h2>\n\n\n\n<p class=\"has-text-align-center\">Ob Produktinformationen oder Beratung \u2013 wir stehen Ihnen gerne per Videocall oder telefonisch zur Verf\u00fcgung.<\/p>\n\n\n\n<div class=\"wp-block-buttons is-content-justification-center is-layout-flex wp-container-core-buttons-is-layout-a89b3969 wp-block-buttons-is-layout-flex\">\n<div class=\"wp-block-button is-style-fill\"><a class=\"wp-block-button__link wp-element-button\" href=\"https:\/\/share-eu1.hsforms.com\/1D1pYfY9ySKu6Mr344NqNBQexg1v\">Kontaktieren Sie uns<\/a><\/div>\n<\/div>\n<\/div>\n","protected":false},"excerpt":{"rendered":"<p>F\u00fcr die Ruhe der G\u00e4ste und die Gelassenheit der Hoteliers entwickelt Hotels m\u00fcssen ihren G\u00e4sten eine zuverl\u00e4ssige L\u00f6sung bieten, um pers\u00f6nliche Gegenst\u00e4nde sicher aufzubewahren. Der Safe ist heute ein unverzichtbares Ausstattungsmerkmal, um einen sorgenfreien Aufenthalt zu gew\u00e4hrleisten, Vertrauen zu st\u00e4rken und den Komfortstandards moderner Hotels gerecht zu werden. JVD bietet eine Serie robuster, benutzerfreundlicher Safes, [&hellip;]<\/p>\n","protected":false},"author":1,"featured_media":4643,"parent":0,"menu_order":0,"comment_status":"closed","ping_status":"closed","template":"","meta":{"_acf_changed":false,"content-type":"","_searchwp_excluded":"","inline_featured_image":false,"footnotes":""},"class_list":["post-5063","page","type-page","status-publish","has-post-thumbnail","hentry"],"acf":[],"yoast_head":"<!-- This site is optimized with the Yoast SEO plugin v27.1.1 - https:\/\/yoast.com\/product\/yoast-seo-wordpress\/ -->\n<title>Safes - JVD<\/title>\n<meta name=\"description\" content=\"Hotels m\u00fcssen ihren G\u00e4sten eine zuverl\u00e4ssige L\u00f6sung bieten, wie z.\u202fB. Safes, um pers\u00f6nliche Gegenst\u00e4nde sicher aufzubewahren.\" \/>\n<meta name=\"robots\" content=\"index, follow, max-snippet:-1, max-image-preview:large, max-video-preview:-1\" \/>\n<link rel=\"canonical\" href=\"https:\/\/www.jvd.fr\/de\/safes\/\" \/>\n<meta property=\"og:locale\" content=\"de_DE\" \/>\n<meta property=\"og:type\" content=\"article\" \/>\n<meta property=\"og:title\" content=\"Safes - JVD\" \/>\n<meta property=\"og:description\" content=\"Hotels m\u00fcssen ihren G\u00e4sten eine zuverl\u00e4ssige L\u00f6sung bieten, wie z.\u202fB. Safes, um pers\u00f6nliche Gegenst\u00e4nde sicher aufzubewahren.\" \/>\n<meta property=\"og:url\" content=\"https:\/\/www.jvd.fr\/de\/safes\/\" \/>\n<meta property=\"og:site_name\" content=\"JVD\" \/>\n<meta property=\"article:modified_time\" content=\"2025-09-17T12:48:52+00:00\" \/>\n<meta property=\"og:image\" content=\"https:\/\/www.jvd.fr\/wp-content\/uploads\/2025\/06\/coffre-for-guardian-image-accueil-jvd.jpg\" \/>\n\t<meta property=\"og:image:width\" content=\"1920\" \/>\n\t<meta property=\"og:image:height\" content=\"820\" \/>\n\t<meta property=\"og:image:type\" content=\"image\/jpeg\" \/>\n<script type=\"application\/ld+json\" class=\"yoast-schema-graph\">{\"@context\":\"https:\/\/schema.org\",\"@graph\":[{\"@type\":\"WebPage\",\"@id\":\"https:\/\/www.jvd.fr\/de\/safes\/\",\"url\":\"https:\/\/www.jvd.fr\/de\/safes\/\",\"name\":\"Safes - JVD\",\"isPartOf\":{\"@id\":\"https:\/\/www.jvd.fr\/de\/#website\"},\"primaryImageOfPage\":{\"@id\":\"https:\/\/www.jvd.fr\/de\/safes\/#primaryimage\"},\"image\":{\"@id\":\"https:\/\/www.jvd.fr\/de\/safes\/#primaryimage\"},\"thumbnailUrl\":\"https:\/\/www.jvd.fr\/wp-content\/uploads\/2025\/06\/coffre-for-guardian-image-accueil-jvd.jpg\",\"datePublished\":\"2025-06-03T13:41:09+00:00\",\"dateModified\":\"2025-09-17T12:48:52+00:00\",\"description\":\"Hotels m\u00fcssen ihren G\u00e4sten eine zuverl\u00e4ssige L\u00f6sung bieten, wie z.\u202fB. Safes, um pers\u00f6nliche Gegenst\u00e4nde sicher aufzubewahren.\",\"breadcrumb\":{\"@id\":\"https:\/\/www.jvd.fr\/de\/safes\/#breadcrumb\"},\"inLanguage\":\"de\",\"potentialAction\":[{\"@type\":\"ReadAction\",\"target\":[\"https:\/\/www.jvd.fr\/de\/safes\/\"]}]},{\"@type\":\"ImageObject\",\"inLanguage\":\"de\",\"@id\":\"https:\/\/www.jvd.fr\/de\/safes\/#primaryimage\",\"url\":\"https:\/\/www.jvd.fr\/wp-content\/uploads\/2025\/06\/coffre-for-guardian-image-accueil-jvd.jpg\",\"contentUrl\":\"https:\/\/www.jvd.fr\/wp-content\/uploads\/2025\/06\/coffre-for-guardian-image-accueil-jvd.jpg\",\"width\":1920,\"height\":820},{\"@type\":\"BreadcrumbList\",\"@id\":\"https:\/\/www.jvd.fr\/de\/safes\/#breadcrumb\",\"itemListElement\":[{\"@type\":\"ListItem\",\"position\":1,\"name\":\"Accueil\",\"item\":\"https:\/\/www.jvd.fr\/de\/\"},{\"@type\":\"ListItem\",\"position\":2,\"name\":\"Safes\"}]},{\"@type\":\"WebSite\",\"@id\":\"https:\/\/www.jvd.fr\/de\/#website\",\"url\":\"https:\/\/www.jvd.fr\/de\/\",\"name\":\"JVD\",\"description\":\"Products that care\",\"potentialAction\":[{\"@type\":\"SearchAction\",\"target\":{\"@type\":\"EntryPoint\",\"urlTemplate\":\"https:\/\/www.jvd.fr\/de\/?s={search_term_string}\"},\"query-input\":{\"@type\":\"PropertyValueSpecification\",\"valueRequired\":true,\"valueName\":\"search_term_string\"}}],\"inLanguage\":\"de\"}]}<\/script>\n<!-- \/ Yoast SEO plugin. -->","yoast_head_json":{"title":"Safes - JVD","description":"Hotels m\u00fcssen ihren G\u00e4sten eine zuverl\u00e4ssige L\u00f6sung bieten, wie z.\u202fB. Safes, um pers\u00f6nliche Gegenst\u00e4nde sicher aufzubewahren.","robots":{"index":"index","follow":"follow","max-snippet":"max-snippet:-1","max-image-preview":"max-image-preview:large","max-video-preview":"max-video-preview:-1"},"canonical":"https:\/\/www.jvd.fr\/de\/safes\/","og_locale":"de_DE","og_type":"article","og_title":"Safes - JVD","og_description":"Hotels m\u00fcssen ihren G\u00e4sten eine zuverl\u00e4ssige L\u00f6sung bieten, wie z.\u202fB. Safes, um pers\u00f6nliche Gegenst\u00e4nde sicher aufzubewahren.","og_url":"https:\/\/www.jvd.fr\/de\/safes\/","og_site_name":"JVD","article_modified_time":"2025-09-17T12:48:52+00:00","og_image":[{"width":1920,"height":820,"url":"https:\/\/www.jvd.fr\/wp-content\/uploads\/2025\/06\/coffre-for-guardian-image-accueil-jvd.jpg","type":"image\/jpeg"}],"schema":{"@context":"https:\/\/schema.org","@graph":[{"@type":"WebPage","@id":"https:\/\/www.jvd.fr\/de\/safes\/","url":"https:\/\/www.jvd.fr\/de\/safes\/","name":"Safes - JVD","isPartOf":{"@id":"https:\/\/www.jvd.fr\/de\/#website"},"primaryImageOfPage":{"@id":"https:\/\/www.jvd.fr\/de\/safes\/#primaryimage"},"image":{"@id":"https:\/\/www.jvd.fr\/de\/safes\/#primaryimage"},"thumbnailUrl":"https:\/\/www.jvd.fr\/wp-content\/uploads\/2025\/06\/coffre-for-guardian-image-accueil-jvd.jpg","datePublished":"2025-06-03T13:41:09+00:00","dateModified":"2025-09-17T12:48:52+00:00","description":"Hotels m\u00fcssen ihren G\u00e4sten eine zuverl\u00e4ssige L\u00f6sung bieten, wie z.\u202fB. Safes, um pers\u00f6nliche Gegenst\u00e4nde sicher aufzubewahren.","breadcrumb":{"@id":"https:\/\/www.jvd.fr\/de\/safes\/#breadcrumb"},"inLanguage":"de","potentialAction":[{"@type":"ReadAction","target":["https:\/\/www.jvd.fr\/de\/safes\/"]}]},{"@type":"ImageObject","inLanguage":"de","@id":"https:\/\/www.jvd.fr\/de\/safes\/#primaryimage","url":"https:\/\/www.jvd.fr\/wp-content\/uploads\/2025\/06\/coffre-for-guardian-image-accueil-jvd.jpg","contentUrl":"https:\/\/www.jvd.fr\/wp-content\/uploads\/2025\/06\/coffre-for-guardian-image-accueil-jvd.jpg","width":1920,"height":820},{"@type":"BreadcrumbList","@id":"https:\/\/www.jvd.fr\/de\/safes\/#breadcrumb","itemListElement":[{"@type":"ListItem","position":1,"name":"Accueil","item":"https:\/\/www.jvd.fr\/de\/"},{"@type":"ListItem","position":2,"name":"Safes"}]},{"@type":"WebSite","@id":"https:\/\/www.jvd.fr\/de\/#website","url":"https:\/\/www.jvd.fr\/de\/","name":"JVD","description":"Products that care","potentialAction":[{"@type":"SearchAction","target":{"@type":"EntryPoint","urlTemplate":"https:\/\/www.jvd.fr\/de\/?s={search_term_string}"},"query-input":{"@type":"PropertyValueSpecification","valueRequired":true,"valueName":"search_term_string"}}],"inLanguage":"de"}]}},"_links":{"self":[{"href":"https:\/\/www.jvd.fr\/de\/wp-json\/wp\/v2\/pages\/5063","targetHints":{"allow":["GET"]}}],"collection":[{"href":"https:\/\/www.jvd.fr\/de\/wp-json\/wp\/v2\/pages"}],"about":[{"href":"https:\/\/www.jvd.fr\/de\/wp-json\/wp\/v2\/types\/page"}],"author":[{"embeddable":true,"href":"https:\/\/www.jvd.fr\/de\/wp-json\/wp\/v2\/users\/1"}],"replies":[{"embeddable":true,"href":"https:\/\/www.jvd.fr\/de\/wp-json\/wp\/v2\/comments?post=5063"}],"version-history":[{"count":6,"href":"https:\/\/www.jvd.fr\/de\/wp-json\/wp\/v2\/pages\/5063\/revisions"}],"predecessor-version":[{"id":60154,"href":"https:\/\/www.jvd.fr\/de\/wp-json\/wp\/v2\/pages\/5063\/revisions\/60154"}],"wp:featuredmedia":[{"embeddable":true,"href":"https:\/\/www.jvd.fr\/de\/wp-json\/wp\/v2\/media\/4643"}],"wp:attachment":[{"href":"https:\/\/www.jvd.fr\/de\/wp-json\/wp\/v2\/media?parent=5063"}],"curies":[{"name":"wp","href":"https:\/\/api.w.org\/{rel}","templated":true}]}}