{"id":5043,"date":"2025-05-23T17:22:40","date_gmt":"2025-05-23T15:22:40","guid":{"rendered":"https:\/\/jvdwoo2025.dnstemporaire.fr\/?page_id=5043"},"modified":"2025-09-18T16:59:56","modified_gmt":"2025-09-18T14:59:56","slug":"hygiaconnect-medical","status":"publish","type":"page","link":"https:\/\/www.jvd.fr\/de\/vernetzte-loesungen\/hygiaconnect-medical\/","title":{"rendered":"HygiaConnect Medical"},"content":{"rendered":"\n<figure class=\"wp-block-image aligncenter size-full is-resized\" style=\"margin-bottom:var(--wp--preset--spacing--50);margin-left:0\"><img loading=\"lazy\" decoding=\"async\" width=\"1767\" height=\"175\" src=\"https:\/\/www.jvd.fr\/wp-content\/uploads\/2025\/07\/logo-francais-jvd.jpg\" alt=\"\" class=\"wp-image-42980\" style=\"width:250px\" srcset=\"https:\/\/www.jvd.fr\/wp-content\/uploads\/2025\/07\/logo-francais-jvd.jpg 1767w, https:\/\/www.jvd.fr\/wp-content\/uploads\/2025\/07\/logo-francais-jvd-600x59.jpg 600w, https:\/\/www.jvd.fr\/wp-content\/uploads\/2025\/07\/logo-francais-jvd-120x12.jpg 120w\" sizes=\"auto, (max-width: 1767px) 100vw, 1767px\" \/><\/figure>\n\n\n\n<div id=\"wp-block-jvd-banner-block_1de190d37fc313883ce360585da9f4fb\" style=\"margin-bottom:var(--wp--preset--spacing--100);\" class=\"wp-block-jvd-banner align wp-block-acf-banner\">\n    <div class=\"jvd-banner\">\n                        <figure class=\"jvd-banner__img\" data-gradient=\"\">\n            <img decoding=\"async\" src=\"https:\/\/www.jvd.fr\/wp-content\/uploads\/2025\/05\/hygiaconnect-medical-chambre-soignant-jvd-1200x800.jpg\" width=\"1200\" height=\"800\" alt=\"\" loading=\"lazy\" \/>\n        <\/figure>\n\t                    <div class=\"jvd-banner__content\" data-halign=\"center\" data-valign=\"bottom\">\n                                                            <a href=\"#\" class=\"btn btn--mint\" target=\"\">Kontaktieren Sie uns<\/a>\n                    <\/div>\n            <\/div>\n<\/div>\n\n\n<div class=\"wp-block-group has-global-padding is-layout-constrained wp-block-group-is-layout-constrained\" style=\"margin-bottom:var(--wp--preset--spacing--100)\">\n<h2 class=\"wp-block-heading has-text-align-center\">Nosokomiale Infektionen in Zahlen<\/h2>\n\n\n\n<div id=\"wp-block-jvd-keyfigures-block_25c0329be2c4bb42720469d29664b481\" class=\"wp-block-jvd-keyfigures align wp-block-acf-keyfigures\">\n\t<div class=\"jvd-keyfigures\" data-cols=\"3\">\n\t\t        <div class=\"jvd-keyfigure\">\n\t\t\t\t\t\t            <figure class=\"jvd-keyfigure__picto\">\n\t\t\t\t<img decoding=\"async\" src=\"https:\/\/www.jvd.fr\/wp-content\/uploads\/2025\/05\/6.svg\" alt=\"\" \/>\n            <\/figure>\n\t\t\t            <div class=\"jvd-keyfigure__head\">\n                                <div class=\"jvd-keyfigure__figure\">\n                    <strong class=\"js_counter\">4000<\/strong>                <\/div>\n            <\/div>\n            <div class=\"jvd-keyfigure__content\">\n                                                Todesf\u00e4lle pro Jahr in Frankreich durch nosokomiale Infektionen.                            <\/div>\n        <\/div>\n\t\t        <div class=\"jvd-keyfigure\">\n\t\t\t\t\t\t            <figure class=\"jvd-keyfigure__picto\">\n\t\t\t\t<img decoding=\"async\" src=\"https:\/\/www.jvd.fr\/wp-content\/uploads\/2025\/05\/7.svg\" alt=\"\" \/>\n            <\/figure>\n\t\t\t            <div class=\"jvd-keyfigure__head\">\n                                <div class=\"jvd-keyfigure__figure\">\n                    <strong class=\"js_counter\">7<\/strong> Milliarden                <\/div>\n            <\/div>\n            <div class=\"jvd-keyfigure__content\">\n                                                J\u00e4hrliche finanzielle Verluste in Europa durch behandlungsbedingte Infektionen, nur unter Ber\u00fccksichtigung der direkten Kosten.                            <\/div>\n        <\/div>\n\t\t        <div class=\"jvd-keyfigure\">\n\t\t\t\t\t\t            <figure class=\"jvd-keyfigure__picto\">\n\t\t\t\t<img decoding=\"async\" src=\"https:\/\/www.jvd.fr\/wp-content\/uploads\/2025\/05\/8.svg\" alt=\"\" \/>\n            <\/figure>\n\t\t\t            <div class=\"jvd-keyfigure__head\">\n                                <div class=\"jvd-keyfigure__figure\">\n                    <strong class=\"js_counter\">50<\/strong> %                <\/div>\n            <\/div>\n            <div class=\"jvd-keyfigure__content\">\n                                                Anteil der vermeidbaren nosokomialen Infektionen durch angemessene H\u00e4ndehygiene.                            <\/div>\n        <\/div>\n\t\t    <\/div>\n<\/div>\n<\/div>\n\n\n\n<div class=\"wp-block-group is-layout-flow wp-block-group-is-layout-flow\" style=\"margin-bottom:var(--wp--preset--spacing--100)\">\n<div class=\"wp-block-columns are-vertically-aligned-center is-layout-flex wp-container-core-columns-is-layout-cbe57604 wp-block-columns-is-layout-flex\">\n<div class=\"wp-block-column is-vertically-aligned-center is-layout-flow wp-block-column-is-layout-flow\">\n<h2 class=\"wp-block-heading\"><strong>Mit HygiaConnect werden Ihre H\u00e4ndedesinfektionsspender zu Pr\u00e4ventionspartnern<\/strong><\/h2>\n\n\n\n<p>Verbinden, \u00fcberwachen, verbessern: Steuern Sie die Einhaltung der ICSHA in Echtzeit, optimieren Sie die H\u00e4ndehygiene und reduzieren Sie das Risiko nosokomialer Infektionen.<\/p>\n<\/div>\n\n\n\n<div class=\"wp-block-column is-vertically-aligned-center is-layout-flow wp-block-column-is-layout-flow\">\n<figure class=\"wp-block-image alignright size-full is-resized has-custom-border is-style-default\"><img loading=\"lazy\" decoding=\"async\" width=\"795\" height=\"1200\" src=\"https:\/\/www.jvd.fr\/wp-content\/uploads\/2025\/09\/4.jpg\" alt=\"\" class=\"wp-image-60319\" style=\"border-radius:20px;width:450px\" srcset=\"https:\/\/www.jvd.fr\/wp-content\/uploads\/2025\/09\/4.jpg 795w, https:\/\/www.jvd.fr\/wp-content\/uploads\/2025\/09\/4-600x906.jpg 600w, https:\/\/www.jvd.fr\/wp-content\/uploads\/2025\/09\/4-398x600.jpg 398w, https:\/\/www.jvd.fr\/wp-content\/uploads\/2025\/09\/4-46x70.jpg 46w\" sizes=\"auto, (max-width: 795px) 100vw, 795px\" \/><\/figure>\n<\/div>\n<\/div>\n<\/div>\n\n\n\n<div class=\"wp-block-group is-layout-flow wp-block-group-is-layout-flow\" style=\"margin-bottom:var(--wp--preset--spacing--100)\">\n<h2 class=\"wp-block-heading has-text-align-center\">Welche Vorteile bietet HygiaConnect f\u00fcr Gesundheitseinrichtungen?<\/h2>\n\n\n\n<div id=\"wp-block-jvd-cards-block_a388f699649fa8bbeb7e436323084ab4\" class=\"wp-block-jvd-cards align wp-block-acf-cards\">\n\t    <div class=\"jvd-cards\" data-display=\"grid\" data-columns=\"3\" data-count=\"3\" data-parity=\"odd\">\n\t\t        <div class=\"jvd-card\" data-link=\"0\" data-img-ratio=\"portrait\" data-text-pos=\"under\">\n            <figure class=\"jvd-card__img\">\n\t\t\t                    <img decoding=\"async\" src=\"https:\/\/www.jvd.fr\/wp-content\/uploads\/2025\/05\/ehpad-sante-jvd-1200-600x800.jpg\" width=\"600\" height=\"800\" alt=\"\" loading=\"lazy\" \/>\n\t\t\t                <\/figure>\n            <div class=\"jvd-card__content\">\n                <h3 class=\"jvd-card__title\">Pflegezeit statt Papierkram<\/h3>                                <p class=\"jvd-card__text\">Automatische Berichtserstellung auf Basis des tats\u00e4chlichen SHA-Verbrauchs bis ans Patientenbett (nicht auf Einkaufszahlen basierend). H\u00f6here Datenpr\u00e4zision, keine manuellen Berichte mehr und reduzierte administrative Belastung.<\/p>\n                            <\/div>\n        <\/div>\n\t\t        <div class=\"jvd-card\" data-link=\"0\" data-img-ratio=\"portrait\" data-text-pos=\"under\">\n            <figure class=\"jvd-card__img\">\n\t\t\t                    <img decoding=\"async\" src=\"https:\/\/www.jvd.fr\/wp-content\/uploads\/2025\/05\/distributeur-hygiaconnect-hopital-zoom-mains-jvd-600x800.jpg\" width=\"600\" height=\"800\" alt=\"\" loading=\"lazy\" \/>\n\t\t\t                <\/figure>\n            <div class=\"jvd-card__content\">\n                <h3 class=\"jvd-card__title\">Sichere Verf\u00fcgbarkeit von SHA<\/h3>                                <p class=\"jvd-card__text\">Vermeiden Sie Engp\u00e4sse durch Fern\u00fcberwachung des F\u00fcllstands in jedem Spender in Echtzeit. Erhalten Sie E-Mail-Benachrichtigungen, um rechtzeitig nachzuf\u00fcllen und einen kontinuierlichen Verbrauch sicherzustellen.<\/p>\n                            <\/div>\n        <\/div>\n\t\t        <div class=\"jvd-card\" data-link=\"0\" data-img-ratio=\"portrait\" data-text-pos=\"under\">\n            <figure class=\"jvd-card__img\">\n\t\t\t                    <img decoding=\"async\" src=\"https:\/\/www.jvd.fr\/wp-content\/uploads\/2025\/05\/sante-hopital-connecte-jvd-600x665.jpg\" width=\"600\" height=\"665\" alt=\"\" loading=\"lazy\" \/>\n\t\t\t                <\/figure>\n            <div class=\"jvd-card__content\">\n                <h3 class=\"jvd-card__title\">Kosten senken<\/h3>                                <p class=\"jvd-card__text\">\u2013 50 % weniger medizinische Kosten durch nosokomiale Infektionen \u2013 40 % geringere Personalkosten f\u00fcr Kontrolle und Verwaltung der SHA-Spender \u2013 49 % Einsparung bei den Einkaufskosten durch zentralisierte Nachf\u00fclll\u00f6sungen<\/p>\n                            <\/div>\n        <\/div>\n\t\t    <\/div>\n    <\/div>\n<\/div>\n\n\n\n<div class=\"wp-block-group has-white-background-color has-background has-global-padding is-layout-constrained wp-block-group-is-layout-constrained\" style=\"margin-bottom:var(--wp--preset--spacing--100)\">\n<h2 class=\"wp-block-heading has-text-align-center\">Sie vertrauen uns<\/h2>\n\n\n\n<div id=\"wp-block-jvd-logos-block_436cbeb9453f248b5590bd10697c2df2\" style=\"margin-top:var(--wp--preset--spacing--50);margin-bottom:var(--wp--preset--spacing--50);\" class=\"wp-block-jvd-logos align wp-block-acf-logos\">\n    <div class=\"jvd-logos\">\n        <div class=\"swiper__nav\">\n            <div class=\"swiper__nav__prev\">\n                <svg width=\"13\" height=\"20\" aria-hidden=\"true\" role=\"presentation\"><use xlink:href=\"#slide-prev\"\/><\/svg>\n            <\/div>\n            <div class=\"swiper__nav__next\">\n                <svg width=\"13\" height=\"20\" aria-hidden=\"true\" role=\"presentation\"><use xlink:href=\"#slide-next\"\/><\/svg>\n            <\/div>\n        <\/div>\n        <div class=\"jvd-logos__grid\" data-appearance=\"natural\" data-columns=\"\">\n                                                                    <div class=\"jvd-logos__logo\">\n                                            <img decoding=\"async\" src=\"https:\/\/www.jvd.fr\/wp-content\/uploads\/2025\/04\/chunantes-logorvb-101x70.png\" width=\"101\" height=\"70\" alt=\"\" loading=\"lazy\" \/>\n                                        <\/div>\n                                                                                                        <div class=\"jvd-logos__logo\">\n                                            <img decoding=\"async\" src=\"https:\/\/www.jvd.fr\/wp-content\/uploads\/2025\/04\/logo-ihu-117x70.png\" width=\"117\" height=\"70\" alt=\"\" loading=\"lazy\" \/>\n                                        <\/div>\n                                                        <\/div>\n    <\/div>\n<\/div>\n\n\n\n<div id=\"wp-block-jvd-testimonies-block_77e1cd362cd1c2c466c8ff2955167209\" class=\"wp-block-jvd-testimonies align wp-block-acf-testimonies\">\n\t\t\t<div class=\"swiper jvd-testimonies js_testimonies\" data-media=\"none\" data-layout=\"mini\" data-count=\"1\">\n\t\t<div class=\"swiper-wrapper\">\n\t\t\t\t\t\t<div class=\"swiper-slide\">\n\t\t\t\t<div class=\"loop-testimony\">\n\t\t\t\t\t\t\t\t\t\t\t\t\t\t\t<div class=\"loop-testimony__body\">\n\t\t\t\t\t\t<blockquote class=\"loop-testimony__quote\">Es handelt sich um ein System, das den mentalen Druck sp\u00fcrbar reduziert \u2013 man muss sich weniger Sorgen machen, ob noch Produkt vorhanden ist oder nicht. Ich bin zufrieden, denn ich erhalte regelm\u00e4\u00dfig Benachrichtigungen, wenn der Vorrat bald zur Neige geht.\r\n\r\nDas erm\u00f6glicht es mir, mit den Teams zu kommunizieren und effizient zu handeln.<\/blockquote>\n\t\t\t\t\t\t<div class=\"loop-testimony__author\">\n\t\t\t\t\t\t\t\t\t\t\t\t\t\t\t\t\t\t\t\t\t<p class=\"loop-testimony__name\"><strong>Radia Habib Hadef<\/strong><br\/>\n\t\t\t\t\t\t\tPflegeleitung im Bereich Infektiologie, IHU Marseille<\/p>\n\t\t\t\t\t\t<\/div>\n\t\t\t\t\t<\/div>\n\t\t\t\t<\/div>\n\t\t\t<\/div>\n\t\t\t\t\t\t\t\t<\/div>\n\t\t<div class=\"slide-prev\">\n            <svg width=\"13\" height=\"20\" aria-hidden=\"true\" role=\"presentation\"><use xlink:href=\"#slide-prev\"\/><\/svg>\n        <\/div>\n        <div class=\"slide-next\">\n            <svg width=\"13\" height=\"20\" aria-hidden=\"true\" role=\"presentation\"><use xlink:href=\"#slide-next\"\/><\/svg>\n        <\/div>\n\t<\/div>\n\t<\/div>\n\n<\/div>\n\n\n\n<div class=\"wp-block-group has-pinetree-background-color has-background has-global-padding is-layout-constrained wp-container-core-group-is-layout-2575833b wp-block-group-is-layout-constrained\" style=\"border-style:none;border-width:0px;border-radius:25px;padding-top:var(--wp--preset--spacing--75);padding-right:var(--wp--preset--spacing--75);padding-bottom:var(--wp--preset--spacing--75);padding-left:var(--wp--preset--spacing--75)\">\n<h2 class=\"wp-block-heading has-text-align-center has-lightgrey-color has-text-color has-link-color wp-elements-98240cc384f4c0b375aa8ff8de70ae57\">Interesse an unseren<br>Produkten?<\/h2>\n\n\n\n<p class=\"has-text-align-center has-lightgrey-color has-text-color has-link-color wp-elements-76c0a1177c24f9133c307bfdcb8670e8\">Ob Produktinformationen oder Beratung \u2013 wir stehen Ihnen gerne<br>per Videocall oder telefonisch zur Verf\u00fcgung.<\/p>\n\n\n\n<div class=\"wp-block-buttons is-content-justification-center is-layout-flex wp-container-core-buttons-is-layout-a89b3969 wp-block-buttons-is-layout-flex\">\n<div class=\"wp-block-button is-style-secondary-button\"><a class=\"wp-block-button__link wp-element-button\">Kontaktieren Sie uns<\/a><\/div>\n<\/div>\n<\/div>\n","protected":false},"excerpt":{"rendered":"<p>Nosokomiale Infektionen in Zahlen Mit HygiaConnect werden Ihre H\u00e4ndedesinfektionsspender zu Pr\u00e4ventionspartnern Verbinden, \u00fcberwachen, verbessern: Steuern Sie die Einhaltung der ICSHA in Echtzeit, optimieren Sie die H\u00e4ndehygiene und reduzieren Sie das Risiko nosokomialer Infektionen. Welche Vorteile bietet HygiaConnect f\u00fcr Gesundheitseinrichtungen? Sie vertrauen uns Interesse an unserenProdukten? Ob Produktinformationen oder Beratung \u2013 wir stehen Ihnen gerneper Videocall [&hellip;]<\/p>\n","protected":false},"author":1,"featured_media":0,"parent":5041,"menu_order":0,"comment_status":"closed","ping_status":"closed","template":"","meta":{"_acf_changed":false,"content-type":"","_searchwp_excluded":"","inline_featured_image":false,"footnotes":""},"class_list":["post-5043","page","type-page","status-publish","hentry"],"acf":[],"yoast_head":"<!-- This site is optimized with the Yoast SEO plugin v27.1.1 - https:\/\/yoast.com\/product\/yoast-seo-wordpress\/ -->\n<title>HygiaConnect Medical - JVD<\/title>\n<meta name=\"description\" content=\"HygiaConnect: Automatisierte \u00dcberwachung der H\u00e4ndehygiene \u2013 f\u00fcr mehr Sicherheit im Kampf gegen nosokomiale Infektionen.\" \/>\n<meta name=\"robots\" content=\"index, follow, max-snippet:-1, max-image-preview:large, max-video-preview:-1\" \/>\n<link rel=\"canonical\" href=\"https:\/\/www.jvd.fr\/de\/vernetzte-loesungen\/hygiaconnect-medical\/\" \/>\n<meta property=\"og:locale\" content=\"de_DE\" \/>\n<meta property=\"og:type\" content=\"article\" \/>\n<meta property=\"og:title\" content=\"HygiaConnect Medical - JVD\" \/>\n<meta property=\"og:description\" content=\"HygiaConnect: Automatisierte \u00dcberwachung der H\u00e4ndehygiene \u2013 f\u00fcr mehr Sicherheit im Kampf gegen nosokomiale Infektionen.\" \/>\n<meta property=\"og:url\" content=\"https:\/\/www.jvd.fr\/de\/vernetzte-loesungen\/hygiaconnect-medical\/\" \/>\n<meta property=\"og:site_name\" content=\"JVD\" \/>\n<meta property=\"article:modified_time\" content=\"2025-09-18T14:59:56+00:00\" \/>\n<meta property=\"og:image\" content=\"https:\/\/www.jvd.fr\/wp-content\/uploads\/2025\/07\/logo-francais-jvd.jpg\" \/>\n\t<meta property=\"og:image:width\" content=\"1767\" \/>\n\t<meta property=\"og:image:height\" content=\"175\" \/>\n\t<meta property=\"og:image:type\" content=\"image\/jpeg\" \/>\n<script type=\"application\/ld+json\" class=\"yoast-schema-graph\">{\"@context\":\"https:\/\/schema.org\",\"@graph\":[{\"@type\":\"WebPage\",\"@id\":\"https:\/\/www.jvd.fr\/de\/vernetzte-loesungen\/hygiaconnect-medical\/\",\"url\":\"https:\/\/www.jvd.fr\/de\/vernetzte-loesungen\/hygiaconnect-medical\/\",\"name\":\"HygiaConnect Medical - JVD\",\"isPartOf\":{\"@id\":\"https:\/\/www.jvd.fr\/de\/#website\"},\"primaryImageOfPage\":{\"@id\":\"https:\/\/www.jvd.fr\/de\/vernetzte-loesungen\/hygiaconnect-medical\/#primaryimage\"},\"image\":{\"@id\":\"https:\/\/www.jvd.fr\/de\/vernetzte-loesungen\/hygiaconnect-medical\/#primaryimage\"},\"thumbnailUrl\":\"https:\/\/www.jvd.fr\/wp-content\/uploads\/2025\/07\/logo-francais-jvd.jpg\",\"datePublished\":\"2025-05-23T15:22:40+00:00\",\"dateModified\":\"2025-09-18T14:59:56+00:00\",\"description\":\"HygiaConnect: Automatisierte \u00dcberwachung der H\u00e4ndehygiene \u2013 f\u00fcr mehr Sicherheit im Kampf gegen nosokomiale Infektionen.\",\"breadcrumb\":{\"@id\":\"https:\/\/www.jvd.fr\/de\/vernetzte-loesungen\/hygiaconnect-medical\/#breadcrumb\"},\"inLanguage\":\"de\",\"potentialAction\":[{\"@type\":\"ReadAction\",\"target\":[\"https:\/\/www.jvd.fr\/de\/vernetzte-loesungen\/hygiaconnect-medical\/\"]}]},{\"@type\":\"ImageObject\",\"inLanguage\":\"de\",\"@id\":\"https:\/\/www.jvd.fr\/de\/vernetzte-loesungen\/hygiaconnect-medical\/#primaryimage\",\"url\":\"https:\/\/www.jvd.fr\/wp-content\/uploads\/2025\/07\/logo-francais-jvd.jpg\",\"contentUrl\":\"https:\/\/www.jvd.fr\/wp-content\/uploads\/2025\/07\/logo-francais-jvd.jpg\"},{\"@type\":\"BreadcrumbList\",\"@id\":\"https:\/\/www.jvd.fr\/de\/vernetzte-loesungen\/hygiaconnect-medical\/#breadcrumb\",\"itemListElement\":[{\"@type\":\"ListItem\",\"position\":1,\"name\":\"Accueil\",\"item\":\"https:\/\/www.jvd.fr\/de\/\"},{\"@type\":\"ListItem\",\"position\":2,\"name\":\"Vernetzte L\u00f6sungen\",\"item\":\"https:\/\/www.jvd.fr\/de\/vernetzte-loesungen\/\"},{\"@type\":\"ListItem\",\"position\":3,\"name\":\"HygiaConnect Medical\"}]},{\"@type\":\"WebSite\",\"@id\":\"https:\/\/www.jvd.fr\/de\/#website\",\"url\":\"https:\/\/www.jvd.fr\/de\/\",\"name\":\"JVD\",\"description\":\"Products that care\",\"potentialAction\":[{\"@type\":\"SearchAction\",\"target\":{\"@type\":\"EntryPoint\",\"urlTemplate\":\"https:\/\/www.jvd.fr\/de\/?s={search_term_string}\"},\"query-input\":{\"@type\":\"PropertyValueSpecification\",\"valueRequired\":true,\"valueName\":\"search_term_string\"}}],\"inLanguage\":\"de\"}]}<\/script>\n<!-- \/ Yoast SEO plugin. -->","yoast_head_json":{"title":"HygiaConnect Medical - JVD","description":"HygiaConnect: Automatisierte \u00dcberwachung der H\u00e4ndehygiene \u2013 f\u00fcr mehr Sicherheit im Kampf gegen nosokomiale Infektionen.","robots":{"index":"index","follow":"follow","max-snippet":"max-snippet:-1","max-image-preview":"max-image-preview:large","max-video-preview":"max-video-preview:-1"},"canonical":"https:\/\/www.jvd.fr\/de\/vernetzte-loesungen\/hygiaconnect-medical\/","og_locale":"de_DE","og_type":"article","og_title":"HygiaConnect Medical - JVD","og_description":"HygiaConnect: Automatisierte \u00dcberwachung der H\u00e4ndehygiene \u2013 f\u00fcr mehr Sicherheit im Kampf gegen nosokomiale Infektionen.","og_url":"https:\/\/www.jvd.fr\/de\/vernetzte-loesungen\/hygiaconnect-medical\/","og_site_name":"JVD","article_modified_time":"2025-09-18T14:59:56+00:00","og_image":[{"width":1767,"height":175,"url":"https:\/\/www.jvd.fr\/wp-content\/uploads\/2025\/07\/logo-francais-jvd.jpg","type":"image\/jpeg"}],"schema":{"@context":"https:\/\/schema.org","@graph":[{"@type":"WebPage","@id":"https:\/\/www.jvd.fr\/de\/vernetzte-loesungen\/hygiaconnect-medical\/","url":"https:\/\/www.jvd.fr\/de\/vernetzte-loesungen\/hygiaconnect-medical\/","name":"HygiaConnect Medical - JVD","isPartOf":{"@id":"https:\/\/www.jvd.fr\/de\/#website"},"primaryImageOfPage":{"@id":"https:\/\/www.jvd.fr\/de\/vernetzte-loesungen\/hygiaconnect-medical\/#primaryimage"},"image":{"@id":"https:\/\/www.jvd.fr\/de\/vernetzte-loesungen\/hygiaconnect-medical\/#primaryimage"},"thumbnailUrl":"https:\/\/www.jvd.fr\/wp-content\/uploads\/2025\/07\/logo-francais-jvd.jpg","datePublished":"2025-05-23T15:22:40+00:00","dateModified":"2025-09-18T14:59:56+00:00","description":"HygiaConnect: Automatisierte \u00dcberwachung der H\u00e4ndehygiene \u2013 f\u00fcr mehr Sicherheit im Kampf gegen nosokomiale Infektionen.","breadcrumb":{"@id":"https:\/\/www.jvd.fr\/de\/vernetzte-loesungen\/hygiaconnect-medical\/#breadcrumb"},"inLanguage":"de","potentialAction":[{"@type":"ReadAction","target":["https:\/\/www.jvd.fr\/de\/vernetzte-loesungen\/hygiaconnect-medical\/"]}]},{"@type":"ImageObject","inLanguage":"de","@id":"https:\/\/www.jvd.fr\/de\/vernetzte-loesungen\/hygiaconnect-medical\/#primaryimage","url":"https:\/\/www.jvd.fr\/wp-content\/uploads\/2025\/07\/logo-francais-jvd.jpg","contentUrl":"https:\/\/www.jvd.fr\/wp-content\/uploads\/2025\/07\/logo-francais-jvd.jpg"},{"@type":"BreadcrumbList","@id":"https:\/\/www.jvd.fr\/de\/vernetzte-loesungen\/hygiaconnect-medical\/#breadcrumb","itemListElement":[{"@type":"ListItem","position":1,"name":"Accueil","item":"https:\/\/www.jvd.fr\/de\/"},{"@type":"ListItem","position":2,"name":"Vernetzte L\u00f6sungen","item":"https:\/\/www.jvd.fr\/de\/vernetzte-loesungen\/"},{"@type":"ListItem","position":3,"name":"HygiaConnect Medical"}]},{"@type":"WebSite","@id":"https:\/\/www.jvd.fr\/de\/#website","url":"https:\/\/www.jvd.fr\/de\/","name":"JVD","description":"Products that care","potentialAction":[{"@type":"SearchAction","target":{"@type":"EntryPoint","urlTemplate":"https:\/\/www.jvd.fr\/de\/?s={search_term_string}"},"query-input":{"@type":"PropertyValueSpecification","valueRequired":true,"valueName":"search_term_string"}}],"inLanguage":"de"}]}},"_links":{"self":[{"href":"https:\/\/www.jvd.fr\/de\/wp-json\/wp\/v2\/pages\/5043","targetHints":{"allow":["GET"]}}],"collection":[{"href":"https:\/\/www.jvd.fr\/de\/wp-json\/wp\/v2\/pages"}],"about":[{"href":"https:\/\/www.jvd.fr\/de\/wp-json\/wp\/v2\/types\/page"}],"author":[{"embeddable":true,"href":"https:\/\/www.jvd.fr\/de\/wp-json\/wp\/v2\/users\/1"}],"replies":[{"embeddable":true,"href":"https:\/\/www.jvd.fr\/de\/wp-json\/wp\/v2\/comments?post=5043"}],"version-history":[{"count":5,"href":"https:\/\/www.jvd.fr\/de\/wp-json\/wp\/v2\/pages\/5043\/revisions"}],"predecessor-version":[{"id":60322,"href":"https:\/\/www.jvd.fr\/de\/wp-json\/wp\/v2\/pages\/5043\/revisions\/60322"}],"up":[{"embeddable":true,"href":"https:\/\/www.jvd.fr\/de\/wp-json\/wp\/v2\/pages\/5041"}],"wp:attachment":[{"href":"https:\/\/www.jvd.fr\/de\/wp-json\/wp\/v2\/media?parent=5043"}],"curies":[{"name":"wp","href":"https:\/\/api.w.org\/{rel}","templated":true}]}}