{"id":5041,"date":"2025-04-07T12:29:27","date_gmt":"2025-04-07T10:29:27","guid":{"rendered":"https:\/\/jvdwoo2025.dnstemporaire.fr\/?page_id=5041"},"modified":"2025-09-18T21:50:55","modified_gmt":"2025-09-18T19:50:55","slug":"vernetzte-loesungen","status":"publish","type":"page","link":"https:\/\/www.jvd.fr\/de\/vernetzte-loesungen\/","title":{"rendered":"Vernetzte L\u00f6sungen"},"content":{"rendered":"\n<figure class=\"wp-block-image aligncenter size-full is-resized\" style=\"margin-bottom:var(--wp--preset--spacing--50);margin-left:0\"><img loading=\"lazy\" decoding=\"async\" width=\"1767\" height=\"175\" src=\"https:\/\/www.jvd.fr\/wp-content\/uploads\/2025\/07\/logo-francais-jvd.jpg\" alt=\"\" class=\"wp-image-42980\" style=\"width:250px\" srcset=\"https:\/\/www.jvd.fr\/wp-content\/uploads\/2025\/07\/logo-francais-jvd.jpg 1767w, https:\/\/www.jvd.fr\/wp-content\/uploads\/2025\/07\/logo-francais-jvd-600x59.jpg 600w, https:\/\/www.jvd.fr\/wp-content\/uploads\/2025\/07\/logo-francais-jvd-120x12.jpg 120w\" sizes=\"auto, (max-width: 1767px) 100vw, 1767px\" \/><\/figure>\n\n\n\n<div id=\"wp-block-jvd-banner-block_9af4936c1a1d3f2c8f85dc49396881f6\" style=\"margin-bottom:var(--wp--preset--spacing--100);\" class=\"wp-block-jvd-banner align wp-block-acf-banner\">\n    <div class=\"jvd-banner\">\n                        <figure class=\"jvd-banner__img\" data-gradient=\"1\">\n            <img decoding=\"async\" src=\"https:\/\/www.jvd.fr\/wp-content\/uploads\/2025\/05\/homme-solutions-connectees-hygiaconnect-jvd.jpg\" width=\"1199\" height=\"800\" alt=\"\" loading=\"lazy\" \/>\n        <\/figure>\n\t                <\/div>\n<\/div>\n\n\n<div class=\"wp-block-group has-global-padding is-layout-constrained wp-block-group-is-layout-constrained\" style=\"margin-bottom:var(--wp--preset--spacing--100)\">\n<div class=\"wp-block-columns are-vertically-aligned-center is-layout-flex wp-container-core-columns-is-layout-cbe57604 wp-block-columns-is-layout-flex\">\n<div class=\"wp-block-column is-vertically-aligned-center is-layout-flow wp-block-column-is-layout-flow\">\n<h2 class=\"wp-block-heading\">Technologie im Dienste der Hygiene<\/h2>\n\n\n\n<p>Bei JVD steht Innovation f\u00fcr Konnektivit\u00e4t. Mit unseren HygiaConnect-L\u00f6sungen machen wir die Hygieneverwaltung intelligenter, reaktionsschneller und nachhaltiger.<\/p>\n\n\n\n<p>Unsere Sensoren und Steuerungsplattformen erm\u00f6glichen die Echtzeit-\u00dcberwachung von Verbrauchsmaterialien, Besucherzahlen und Ger\u00e4teeinsatz. Das Ergebnis: optimierter Service, besser informierte Teams und zufriedene Nutzer.<\/p>\n\n\n\n<div class=\"wp-block-buttons is-layout-flex wp-block-buttons-is-layout-flex\">\n<div class=\"wp-block-button\"><a class=\"wp-block-button__link wp-element-button\" href=\"https:\/\/www.jvd.fr\/de\/vernetzte-loesungen\/smart-cleaning\/\">Mehr erfahren<\/a><\/div>\n<\/div>\n<\/div>\n\n\n\n<div class=\"wp-block-column is-vertically-aligned-center is-layout-flow wp-block-column-is-layout-flow\">\n<figure class=\"wp-block-image size-square has-custom-border is-style-default\"><img loading=\"lazy\" decoding=\"async\" width=\"600\" height=\"600\" src=\"https:\/\/www.jvd.fr\/wp-content\/uploads\/2025\/05\/hygiaconnect-ambiance-noir-jvd-1200-600x600.jpg\" alt=\"\" class=\"wp-image-4123\" style=\"border-radius:20px\" srcset=\"https:\/\/www.jvd.fr\/wp-content\/uploads\/2025\/05\/hygiaconnect-ambiance-noir-jvd-1200-600x600.jpg 600w, https:\/\/www.jvd.fr\/wp-content\/uploads\/2025\/05\/hygiaconnect-ambiance-noir-jvd-1200-300x300.jpg 300w, https:\/\/www.jvd.fr\/wp-content\/uploads\/2025\/05\/hygiaconnect-ambiance-noir-jvd-1200-100x100.jpg 100w, https:\/\/www.jvd.fr\/wp-content\/uploads\/2025\/05\/hygiaconnect-ambiance-noir-jvd-1200-150x150.jpg 150w\" sizes=\"auto, (max-width: 600px) 100vw, 600px\" \/><\/figure>\n<\/div>\n<\/div>\n<\/div>\n\n\n\n<div class=\"wp-block-group is-layout-flow wp-block-group-is-layout-flow\" style=\"margin-bottom:var(--wp--preset--spacing--100)\">\n<h2 class=\"wp-block-heading has-text-align-center\">Welche HygiaConnect-L\u00f6sung passt zu Ihren Bed\u00fcrfnissen?<\/h2>\n\n\n\n<div id=\"wp-block-jvd-cards-block_9041a3cd295bb96f70e6007f92e71b63\" class=\"wp-block-jvd-cards align wp-block-acf-cards\">\n\t    <div class=\"jvd-cards\" data-display=\"grid\" data-columns=\"2\" data-count=\"2\" data-parity=\"even\">\n\t\t        <div class=\"jvd-card\" data-link=\"1\" data-img-ratio=\"square\" data-text-pos=\"hover\">\n            <figure class=\"jvd-card__img\">\n\t\t\t                    <img decoding=\"async\" src=\"https:\/\/www.jvd.fr\/wp-content\/uploads\/2025\/04\/entreprise-proprete-jvd-800-600x600.jpg\" width=\"600\" height=\"600\" alt=\"\" loading=\"lazy\" \/>\n\t\t\t                <\/figure>\n            <div class=\"jvd-card__content\">\n                <h3 class=\"jvd-card__title\"><a href=\"https:\/\/www.jvd.fr\/de\/vernetzte-loesungen\/smart-cleaning\/\">Smart cleaning<\/a><\/h3>                                <p class=\"jvd-card__text\">Sichern Sie h\u00f6chsten Komfort und Hygiene in \u00f6ffentlich zug\u00e4nglichen Bereichen.<\/p>\n                            <\/div>\n        <\/div>\n\t\t        <div class=\"jvd-card\" data-link=\"1\" data-img-ratio=\"square\" data-text-pos=\"hover\">\n            <figure class=\"jvd-card__img\">\n\t\t\t                    <img decoding=\"async\" src=\"https:\/\/www.jvd.fr\/wp-content\/uploads\/2025\/05\/sante-hoiptal-chambre-jvd-600x600.jpg\" width=\"600\" height=\"600\" alt=\"\" loading=\"lazy\" \/>\n\t\t\t                <\/figure>\n            <div class=\"jvd-card__content\">\n                <h3 class=\"jvd-card__title\"><a href=\"https:\/\/www.jvd.fr\/de\/vernetzte-loesungen\/hygiaconnect-medical\/\">HygiaConnect Medical<\/a><\/h3>                                <p class=\"jvd-card__text\">Unsere vernetzte L\u00f6sung zur Nachverfolgung der H\u00e4ndehygiene im medizinischen Umfeld. <\/p>\n                            <\/div>\n        <\/div>\n\t\t    <\/div>\n    <\/div>\n<\/div>\n\n\n\n<div class=\"wp-block-group has-global-padding is-layout-constrained wp-block-group-is-layout-constrained\" style=\"margin-bottom:var(--wp--preset--spacing--100)\">\n<h2 class=\"wp-block-heading has-text-align-center\">Welche Vorteile bietet HygiaConnect?<\/h2>\n\n\n\n<div class=\"wp-block-group has-lightgrey-to-white-vertical-gradient-background has-background has-global-padding is-layout-constrained wp-container-core-group-is-layout-57b41455 wp-block-group-is-layout-constrained\" style=\"border-radius:20px;margin-bottom:var(--wp--preset--spacing--100);padding-top:var(--wp--preset--spacing--75);padding-right:var(--wp--preset--spacing--75);padding-bottom:var(--wp--preset--spacing--75);padding-left:var(--wp--preset--spacing--75)\">\n<div id=\"wp-block-jvd-keyfigures-block_f5c207299655a6b2f1e51241074a0ea5\" class=\"wp-block-jvd-keyfigures align wp-block-acf-keyfigures\">\n\t<div class=\"jvd-keyfigures\" data-cols=\"4\">\n\t\t        <div class=\"jvd-keyfigure\">\n\t\t\t\t\t\t            <figure class=\"jvd-keyfigure__picto\">\n\t\t\t\t<img decoding=\"async\" src=\"https:\/\/www.jvd.fr\/wp-content\/uploads\/2025\/05\/titre-1-1.svg\" alt=\"\" \/>\n            <\/figure>\n\t\t\t            <div class=\"jvd-keyfigure__head\">\n                                <div class=\"jvd-keyfigure__figure\">\n                                    <\/div>\n            <\/div>\n            <div class=\"jvd-keyfigure__content\">\n                                <strong class=\"jvd-keyfigure__title\"> Reaktionsf\u00e4higkeit <\/strong>\n                                                Dank Echtzeitdaten k\u00f6nnen Teams schneller und effizienter handeln.                            <\/div>\n        <\/div>\n\t\t        <div class=\"jvd-keyfigure\">\n\t\t\t\t\t\t            <figure class=\"jvd-keyfigure__picto\">\n\t\t\t\t<img decoding=\"async\" src=\"https:\/\/www.jvd.fr\/wp-content\/uploads\/2025\/05\/titre-2.svg\" alt=\"\" \/>\n            <\/figure>\n\t\t\t            <div class=\"jvd-keyfigure__head\">\n                                <div class=\"jvd-keyfigure__figure\">\n                                    <\/div>\n            <\/div>\n            <div class=\"jvd-keyfigure__content\">\n                                <strong class=\"jvd-keyfigure__title\">\u00dcberwachung und Nachverfolgbarkeit<\/strong>\n                                                Aktionshistorie, Nachweis von Eins\u00e4tzen, Einhaltung von Protokollen \u2013 Sie behalten die Kontrolle.                            <\/div>\n        <\/div>\n\t\t        <div class=\"jvd-keyfigure\">\n\t\t\t\t\t\t            <figure class=\"jvd-keyfigure__picto\">\n\t\t\t\t<img decoding=\"async\" src=\"https:\/\/www.jvd.fr\/wp-content\/uploads\/2025\/05\/titre-3.svg\" alt=\"\" \/>\n            <\/figure>\n\t\t\t            <div class=\"jvd-keyfigure__head\">\n                                <div class=\"jvd-keyfigure__figure\">\n                                    <\/div>\n            <\/div>\n            <div class=\"jvd-keyfigure__content\">\n                                <strong class=\"jvd-keyfigure__title\">Nutzererlebnis<\/strong>\n                                                Saubere R\u00e4ume, funktionale Sanit\u00e4ranlagen, kontrollierte Hygiene.                            <\/div>\n        <\/div>\n\t\t        <div class=\"jvd-keyfigure\">\n\t\t\t\t\t\t            <figure class=\"jvd-keyfigure__picto\">\n\t\t\t\t<img decoding=\"async\" src=\"https:\/\/www.jvd.fr\/wp-content\/uploads\/2025\/05\/titre-2.svg\" alt=\"\" \/>\n            <\/figure>\n\t\t\t            <div class=\"jvd-keyfigure__head\">\n                                <div class=\"jvd-keyfigure__figure\">\n                                    <\/div>\n            <\/div>\n            <div class=\"jvd-keyfigure__content\">\n                                <strong class=\"jvd-keyfigure__title\">Optimierung<\/strong>\n                                                Keine unn\u00f6tigen Kontrollg\u00e4nge oder leeren Verbrauchsmaterialien mehr \u2013 alles f\u00fcr bessere Effizienz optimiert.                            <\/div>\n        <\/div>\n\t\t    <\/div>\n<\/div>\n<\/div>\n<\/div>\n\n\n\n<div id=\"wp-block-jvd-slideshow-block_6db8e6cdcfbefaa9978c9ff6ea2832eb\" style=\"margin-bottom:var(--wp--preset--spacing--100);\" class=\"wp-block-jvd-slideshow align wp-block-acf-slideshow\">\n        <div class=\"jvd-slideshow__tabs\">\n        <ul>\n                        <li><a href=\"#echtzeit\" data-slide-index=\"0\">Echtzeit<\/a><\/li>\n                        <li><a href=\"#verbrauch\" data-slide-index=\"1\">Verbrauch<\/a><\/li>\n                        <li><a href=\"#verfuegbarkeit\" data-slide-index=\"2\">Verf\u00fcgbarkeit<\/a><\/li>\n                    <\/ul>\n    <\/div>\n        <div class=\"swiper jvd-slideshow js_slideshow\" data-autoplay=\"\" data-nav=\"tabs\">\n                <div class=\"swiper-wrapper\">\n                        <div class=\"swiper-slide\" id=\"echtzeit\">\n                <div class=\"jvd-slide\">\n                    <figure class=\"jvd-slide__img\" data-gradient=\"\">\n                                                <img decoding=\"async\" src=\"https:\/\/www.jvd.fr\/wp-content\/uploads\/2025\/08\/screen-hygiaconnect-jvd-temps-reel-1200x800.jpg\" width=\"1200\" height=\"800\" alt=\"\" loading=\"lazy\" \/>\n                                            <\/figure>\n                    <div class=\"jvd-slide__content\" data-halign=\"center\" data-valign=\"center\">\n                                                <p class=\"jvd-slide__text\"><\/p>\n                        \t\t\t                                <\/div>\n                <\/div>\n            <\/div>\n                        <div class=\"swiper-slide\" id=\"verbrauch\">\n                <div class=\"jvd-slide\">\n                    <figure class=\"jvd-slide__img\" data-gradient=\"\">\n                                                <img decoding=\"async\" src=\"https:\/\/www.jvd.fr\/wp-content\/uploads\/2025\/08\/screen-hygiaconnect-jvd-consommation-1200x800.jpg\" width=\"1200\" height=\"800\" alt=\"\" loading=\"lazy\" \/>\n                                            <\/figure>\n                    <div class=\"jvd-slide__content\" data-halign=\"center\" data-valign=\"center\">\n                                                <p class=\"jvd-slide__text\"><\/p>\n                        \t\t\t                                <\/div>\n                <\/div>\n            <\/div>\n                        <div class=\"swiper-slide\" id=\"verfuegbarkeit\">\n                <div class=\"jvd-slide\">\n                    <figure class=\"jvd-slide__img\" data-gradient=\"\">\n                                                <img decoding=\"async\" src=\"https:\/\/www.jvd.fr\/wp-content\/uploads\/2025\/08\/screen-hygiaconnect-jvd-disponibilite-1200x800.jpg\" width=\"1200\" height=\"800\" alt=\"\" loading=\"lazy\" \/>\n                                            <\/figure>\n                    <div class=\"jvd-slide__content\" data-halign=\"center\" data-valign=\"center\">\n                                                <p class=\"jvd-slide__text\"><\/p>\n                        \t\t\t                                <\/div>\n                <\/div>\n            <\/div>\n                    <\/div>\n    <\/div>\n<\/div>\n\n\n\n<div class=\"wp-block-group has-white-background-color has-background has-global-padding is-layout-constrained wp-block-group-is-layout-constrained\" style=\"margin-bottom:var(--wp--preset--spacing--100)\">\n<h2 class=\"wp-block-heading has-text-align-center\">Sie vertrauen uns<\/h2>\n\n\n\n<div id=\"wp-block-jvd-logos-block_299521f5a025cd6d915c15a55383693e\" style=\"margin-top:var(--wp--preset--spacing--50);\" class=\"wp-block-jvd-logos align wp-block-acf-logos\">\n    <div class=\"jvd-logos\">\n        <div class=\"swiper__nav\">\n            <div class=\"swiper__nav__prev\">\n                <svg width=\"13\" height=\"20\" aria-hidden=\"true\" role=\"presentation\"><use xlink:href=\"#slide-prev\"\/><\/svg>\n            <\/div>\n            <div class=\"swiper__nav__next\">\n                <svg width=\"13\" height=\"20\" aria-hidden=\"true\" role=\"presentation\"><use xlink:href=\"#slide-next\"\/><\/svg>\n            <\/div>\n        <\/div>\n        <div class=\"jvd-logos__grid\" data-appearance=\"natural\" data-columns=\"3\">\n                                                                    <div class=\"jvd-logos__logo\">\n                                            <img decoding=\"async\" src=\"https:\/\/www.jvd.fr\/wp-content\/uploads\/2025\/06\/armonia-logo.png\" width=\"120\" height=\"70\" alt=\"\" loading=\"lazy\" \/>\n                                        <\/div>\n                                                                                                        <div class=\"jvd-logos__logo\">\n                                            <img decoding=\"async\" src=\"https:\/\/www.jvd.fr\/wp-content\/uploads\/2025\/06\/merida-logo.png\" width=\"120\" height=\"70\" alt=\"\" loading=\"lazy\" \/>\n                                        <\/div>\n                                                                                                        <div class=\"jvd-logos__logo\">\n                                            <img decoding=\"async\" src=\"https:\/\/www.jvd.fr\/wp-content\/uploads\/2025\/06\/hubone-logo-120x30.png\" width=\"120\" height=\"30\" alt=\"\" loading=\"lazy\" \/>\n                                        <\/div>\n                                                                                                        <div class=\"jvd-logos__logo\">\n                                            <img decoding=\"async\" src=\"https:\/\/www.jvd.fr\/wp-content\/uploads\/2025\/04\/chunantes-logorvb-101x70.png\" width=\"101\" height=\"70\" alt=\"\" loading=\"lazy\" \/>\n                                        <\/div>\n                                                                                                        <div class=\"jvd-logos__logo\">\n                                            <img decoding=\"async\" src=\"https:\/\/www.jvd.fr\/wp-content\/uploads\/2025\/04\/logo-ihu-117x70.png\" width=\"117\" height=\"70\" alt=\"\" loading=\"lazy\" \/>\n                                        <\/div>\n                                                                                    <\/div>\n    <\/div>\n<\/div>\n<\/div>\n\n\n\n<div class=\"wp-block-group has-pinetree-background-color has-background has-global-padding is-layout-constrained wp-container-core-group-is-layout-2575833b wp-block-group-is-layout-constrained\" style=\"border-style:none;border-width:0px;border-radius:25px;padding-top:var(--wp--preset--spacing--75);padding-right:var(--wp--preset--spacing--75);padding-bottom:var(--wp--preset--spacing--75);padding-left:var(--wp--preset--spacing--75)\">\n<h2 class=\"wp-block-heading has-text-align-center has-lightgrey-color has-text-color has-link-color wp-elements-98240cc384f4c0b375aa8ff8de70ae57\">Interesse an unseren<br>Produkten?<\/h2>\n\n\n\n<p class=\"has-text-align-center has-lightgrey-color has-text-color has-link-color wp-elements-76c0a1177c24f9133c307bfdcb8670e8\">Ob Produktinformationen oder Beratung \u2013 wir stehen Ihnen gerne<br>per Videocall oder telefonisch zur Verf\u00fcgung.<\/p>\n\n\n\n<div class=\"wp-block-buttons is-content-justification-center is-layout-flex wp-container-core-buttons-is-layout-a89b3969 wp-block-buttons-is-layout-flex\">\n<div class=\"wp-block-button is-style-secondary-button\"><a class=\"wp-block-button__link wp-element-button\" href=\"https:\/\/share-eu1.hsforms.com\/1D1pYfY9ySKu6Mr344NqNBQexg1v?__hstc=191158197.4820ccf7e11000157aa17b54dd826dc3.1756127662789.1757952008192.1757968501246.41&amp;__hssc=191158197.12.1757968501246&amp;__hsfp=3172555735\">Kontaktieren Sie uns<\/a><\/div>\n<\/div>\n<\/div>\n","protected":false},"excerpt":{"rendered":"<p>Technologie im Dienste der Hygiene Bei JVD steht Innovation f\u00fcr Konnektivit\u00e4t. Mit unseren HygiaConnect-L\u00f6sungen machen wir die Hygieneverwaltung intelligenter, reaktionsschneller und nachhaltiger. Unsere Sensoren und Steuerungsplattformen erm\u00f6glichen die Echtzeit-\u00dcberwachung von Verbrauchsmaterialien, Besucherzahlen und Ger\u00e4teeinsatz. Das Ergebnis: optimierter Service, besser informierte Teams und zufriedene Nutzer. Welche HygiaConnect-L\u00f6sung passt zu Ihren Bed\u00fcrfnissen? Welche Vorteile bietet HygiaConnect? Sie [&hellip;]<\/p>\n","protected":false},"author":1,"featured_media":0,"parent":0,"menu_order":0,"comment_status":"closed","ping_status":"closed","template":"","meta":{"_acf_changed":false,"content-type":"","_searchwp_excluded":"","inline_featured_image":false,"footnotes":""},"class_list":["post-5041","page","type-page","status-publish","hentry"],"acf":[],"yoast_head":"<!-- This site is optimized with the Yoast SEO plugin v27.1.1 - https:\/\/yoast.com\/product\/yoast-seo-wordpress\/ -->\n<title>Vernetzte L\u00f6sungen - JVD<\/title>\n<meta name=\"description\" content=\"Entdecken Sie, wie unsere vernetzten L\u00f6sungen die Hygieneverwaltung revolutionieren \u2013 f\u00fcr mehr Effizienz und Sicherheit. Verbinden Sie Ihre JVD-Ger\u00e4te und verfolgen Sie Ihre Kennzahlen in Echtzeit.\" \/>\n<meta name=\"robots\" content=\"index, follow, max-snippet:-1, max-image-preview:large, max-video-preview:-1\" \/>\n<link rel=\"canonical\" href=\"https:\/\/www.jvd.fr\/de\/vernetzte-loesungen\/\" \/>\n<meta property=\"og:locale\" content=\"de_DE\" \/>\n<meta property=\"og:type\" content=\"article\" \/>\n<meta property=\"og:title\" content=\"Vernetzte L\u00f6sungen - JVD\" \/>\n<meta property=\"og:description\" content=\"Entdecken Sie, wie unsere vernetzten L\u00f6sungen die Hygieneverwaltung revolutionieren \u2013 f\u00fcr mehr Effizienz und Sicherheit. Verbinden Sie Ihre JVD-Ger\u00e4te und verfolgen Sie Ihre Kennzahlen in Echtzeit.\" \/>\n<meta property=\"og:url\" content=\"https:\/\/www.jvd.fr\/de\/vernetzte-loesungen\/\" \/>\n<meta property=\"og:site_name\" content=\"JVD\" \/>\n<meta property=\"article:modified_time\" content=\"2025-09-18T19:50:55+00:00\" \/>\n<meta property=\"og:image\" content=\"https:\/\/www.jvd.fr\/wp-content\/uploads\/2025\/07\/logo-francais-jvd.jpg\" \/>\n\t<meta property=\"og:image:width\" content=\"1767\" \/>\n\t<meta property=\"og:image:height\" content=\"175\" \/>\n\t<meta property=\"og:image:type\" content=\"image\/jpeg\" \/>\n<script type=\"application\/ld+json\" class=\"yoast-schema-graph\">{\"@context\":\"https:\/\/schema.org\",\"@graph\":[{\"@type\":\"WebPage\",\"@id\":\"https:\/\/www.jvd.fr\/de\/vernetzte-loesungen\/\",\"url\":\"https:\/\/www.jvd.fr\/de\/vernetzte-loesungen\/\",\"name\":\"Vernetzte L\u00f6sungen - JVD\",\"isPartOf\":{\"@id\":\"https:\/\/www.jvd.fr\/de\/#website\"},\"primaryImageOfPage\":{\"@id\":\"https:\/\/www.jvd.fr\/de\/vernetzte-loesungen\/#primaryimage\"},\"image\":{\"@id\":\"https:\/\/www.jvd.fr\/de\/vernetzte-loesungen\/#primaryimage\"},\"thumbnailUrl\":\"https:\/\/www.jvd.fr\/wp-content\/uploads\/2025\/07\/logo-francais-jvd.jpg\",\"datePublished\":\"2025-04-07T10:29:27+00:00\",\"dateModified\":\"2025-09-18T19:50:55+00:00\",\"description\":\"Entdecken Sie, wie unsere vernetzten L\u00f6sungen die Hygieneverwaltung revolutionieren \u2013 f\u00fcr mehr Effizienz und Sicherheit. Verbinden Sie Ihre JVD-Ger\u00e4te und verfolgen Sie Ihre Kennzahlen in Echtzeit.\",\"breadcrumb\":{\"@id\":\"https:\/\/www.jvd.fr\/de\/vernetzte-loesungen\/#breadcrumb\"},\"inLanguage\":\"de\",\"potentialAction\":[{\"@type\":\"ReadAction\",\"target\":[\"https:\/\/www.jvd.fr\/de\/vernetzte-loesungen\/\"]}]},{\"@type\":\"ImageObject\",\"inLanguage\":\"de\",\"@id\":\"https:\/\/www.jvd.fr\/de\/vernetzte-loesungen\/#primaryimage\",\"url\":\"https:\/\/www.jvd.fr\/wp-content\/uploads\/2025\/07\/logo-francais-jvd.jpg\",\"contentUrl\":\"https:\/\/www.jvd.fr\/wp-content\/uploads\/2025\/07\/logo-francais-jvd.jpg\"},{\"@type\":\"BreadcrumbList\",\"@id\":\"https:\/\/www.jvd.fr\/de\/vernetzte-loesungen\/#breadcrumb\",\"itemListElement\":[{\"@type\":\"ListItem\",\"position\":1,\"name\":\"Accueil\",\"item\":\"https:\/\/www.jvd.fr\/de\/\"},{\"@type\":\"ListItem\",\"position\":2,\"name\":\"Vernetzte L\u00f6sungen\"}]},{\"@type\":\"WebSite\",\"@id\":\"https:\/\/www.jvd.fr\/de\/#website\",\"url\":\"https:\/\/www.jvd.fr\/de\/\",\"name\":\"JVD\",\"description\":\"Products that care\",\"potentialAction\":[{\"@type\":\"SearchAction\",\"target\":{\"@type\":\"EntryPoint\",\"urlTemplate\":\"https:\/\/www.jvd.fr\/de\/?s={search_term_string}\"},\"query-input\":{\"@type\":\"PropertyValueSpecification\",\"valueRequired\":true,\"valueName\":\"search_term_string\"}}],\"inLanguage\":\"de\"}]}<\/script>\n<!-- \/ Yoast SEO plugin. -->","yoast_head_json":{"title":"Vernetzte L\u00f6sungen - JVD","description":"Entdecken Sie, wie unsere vernetzten L\u00f6sungen die Hygieneverwaltung revolutionieren \u2013 f\u00fcr mehr Effizienz und Sicherheit. Verbinden Sie Ihre JVD-Ger\u00e4te und verfolgen Sie Ihre Kennzahlen in Echtzeit.","robots":{"index":"index","follow":"follow","max-snippet":"max-snippet:-1","max-image-preview":"max-image-preview:large","max-video-preview":"max-video-preview:-1"},"canonical":"https:\/\/www.jvd.fr\/de\/vernetzte-loesungen\/","og_locale":"de_DE","og_type":"article","og_title":"Vernetzte L\u00f6sungen - JVD","og_description":"Entdecken Sie, wie unsere vernetzten L\u00f6sungen die Hygieneverwaltung revolutionieren \u2013 f\u00fcr mehr Effizienz und Sicherheit. Verbinden Sie Ihre JVD-Ger\u00e4te und verfolgen Sie Ihre Kennzahlen in Echtzeit.","og_url":"https:\/\/www.jvd.fr\/de\/vernetzte-loesungen\/","og_site_name":"JVD","article_modified_time":"2025-09-18T19:50:55+00:00","og_image":[{"width":1767,"height":175,"url":"https:\/\/www.jvd.fr\/wp-content\/uploads\/2025\/07\/logo-francais-jvd.jpg","type":"image\/jpeg"}],"schema":{"@context":"https:\/\/schema.org","@graph":[{"@type":"WebPage","@id":"https:\/\/www.jvd.fr\/de\/vernetzte-loesungen\/","url":"https:\/\/www.jvd.fr\/de\/vernetzte-loesungen\/","name":"Vernetzte L\u00f6sungen - JVD","isPartOf":{"@id":"https:\/\/www.jvd.fr\/de\/#website"},"primaryImageOfPage":{"@id":"https:\/\/www.jvd.fr\/de\/vernetzte-loesungen\/#primaryimage"},"image":{"@id":"https:\/\/www.jvd.fr\/de\/vernetzte-loesungen\/#primaryimage"},"thumbnailUrl":"https:\/\/www.jvd.fr\/wp-content\/uploads\/2025\/07\/logo-francais-jvd.jpg","datePublished":"2025-04-07T10:29:27+00:00","dateModified":"2025-09-18T19:50:55+00:00","description":"Entdecken Sie, wie unsere vernetzten L\u00f6sungen die Hygieneverwaltung revolutionieren \u2013 f\u00fcr mehr Effizienz und Sicherheit. Verbinden Sie Ihre JVD-Ger\u00e4te und verfolgen Sie Ihre Kennzahlen in Echtzeit.","breadcrumb":{"@id":"https:\/\/www.jvd.fr\/de\/vernetzte-loesungen\/#breadcrumb"},"inLanguage":"de","potentialAction":[{"@type":"ReadAction","target":["https:\/\/www.jvd.fr\/de\/vernetzte-loesungen\/"]}]},{"@type":"ImageObject","inLanguage":"de","@id":"https:\/\/www.jvd.fr\/de\/vernetzte-loesungen\/#primaryimage","url":"https:\/\/www.jvd.fr\/wp-content\/uploads\/2025\/07\/logo-francais-jvd.jpg","contentUrl":"https:\/\/www.jvd.fr\/wp-content\/uploads\/2025\/07\/logo-francais-jvd.jpg"},{"@type":"BreadcrumbList","@id":"https:\/\/www.jvd.fr\/de\/vernetzte-loesungen\/#breadcrumb","itemListElement":[{"@type":"ListItem","position":1,"name":"Accueil","item":"https:\/\/www.jvd.fr\/de\/"},{"@type":"ListItem","position":2,"name":"Vernetzte L\u00f6sungen"}]},{"@type":"WebSite","@id":"https:\/\/www.jvd.fr\/de\/#website","url":"https:\/\/www.jvd.fr\/de\/","name":"JVD","description":"Products that care","potentialAction":[{"@type":"SearchAction","target":{"@type":"EntryPoint","urlTemplate":"https:\/\/www.jvd.fr\/de\/?s={search_term_string}"},"query-input":{"@type":"PropertyValueSpecification","valueRequired":true,"valueName":"search_term_string"}}],"inLanguage":"de"}]}},"_links":{"self":[{"href":"https:\/\/www.jvd.fr\/de\/wp-json\/wp\/v2\/pages\/5041","targetHints":{"allow":["GET"]}}],"collection":[{"href":"https:\/\/www.jvd.fr\/de\/wp-json\/wp\/v2\/pages"}],"about":[{"href":"https:\/\/www.jvd.fr\/de\/wp-json\/wp\/v2\/types\/page"}],"author":[{"embeddable":true,"href":"https:\/\/www.jvd.fr\/de\/wp-json\/wp\/v2\/users\/1"}],"replies":[{"embeddable":true,"href":"https:\/\/www.jvd.fr\/de\/wp-json\/wp\/v2\/comments?post=5041"}],"version-history":[{"count":10,"href":"https:\/\/www.jvd.fr\/de\/wp-json\/wp\/v2\/pages\/5041\/revisions"}],"predecessor-version":[{"id":60332,"href":"https:\/\/www.jvd.fr\/de\/wp-json\/wp\/v2\/pages\/5041\/revisions\/60332"}],"wp:attachment":[{"href":"https:\/\/www.jvd.fr\/de\/wp-json\/wp\/v2\/media?parent=5041"}],"curies":[{"name":"wp","href":"https:\/\/api.w.org\/{rel}","templated":true}]}}