{"id":48416,"date":"2025-05-05T15:15:06","date_gmt":"2025-05-05T13:15:06","guid":{"rendered":"https:\/\/jvdwoo2025.dnstemporaire.fr\/?page_id=48416"},"modified":"2025-09-16T16:09:01","modified_gmt":"2025-09-16T14:09:01","slug":"warum-die-luft-reinigen","status":"publish","type":"page","link":"https:\/\/www.jvd.fr\/de\/luftreiniger\/warum-die-luft-reinigen\/","title":{"rendered":"Warum die Luft reinigen?"},"content":{"rendered":"\n<div class=\"wp-block-group is-style-content-narrow has-global-padding is-layout-constrained wp-block-group-is-layout-constrained\" style=\"margin-bottom:var(--wp--preset--spacing--75)\">\n<p class=\"has-text-align-center\"><strong>Wohnungen, B\u00fcros, Schulen, \u00f6ffentliche Verkehrsmittel\u2026 wir verbringen 80\u202f% unserer Zeit in geschlossenen, gemeinschaftlich genutzten R\u00e4umen, in denen die Luft am st\u00e4rksten verschmutzt ist, was das Risiko f\u00fcr unsere Gesundheit erh\u00f6ht.<\/strong><\/p>\n\n\n\n<p class=\"has-text-align-center\">Um diese Risiken f\u00fcr alle zu verringern und besonders empfindlichen Personen (z.\u202fB. Asthmatikern oder Allergikern) langfristige Erleichterung zu bieten, k\u00f6nnen einfache Ma\u00dfnahmen ergriffen werden. Zum Beispiel: Vermeiden Sie die Verwendung von chemischen und giftigen Produkten, die fl\u00fcchtige organische Verbindungen (VOC) freisetzen (Duftkerzen, R\u00e4ucherwerk, Reinigungsmittel usw.), und l\u00fcften Sie regelm\u00e4\u00dfig die R\u00e4ume, um die Luft zu erneuern.<\/p>\n\n\n\n<p class=\"has-text-align-center\">Um jedoch die Gesundheit aller Menschen unter allen Umst\u00e4nden effektiv zu sch\u00fctzen, bleibt die Ausstattung mit einem leistungsstarken professionellen Luftreiniger die sicherste L\u00f6sung.<\/p>\n<\/div>\n\n\n\n<figure class=\"wp-block-image size-banner has-custom-border\" style=\"margin-bottom:var(--wp--preset--spacing--100)\"><img loading=\"lazy\" decoding=\"async\" width=\"1280\" height=\"720\" src=\"https:\/\/www.jvd.fr\/wp-content\/uploads\/2025\/05\/jvd-shield-bouclier-haute-performance-1280x720.jpeg\" alt=\"Shield votre bouclier\nhaute performance\" class=\"wp-image-3126\" style=\"border-radius:20px\" srcset=\"https:\/\/www.jvd.fr\/wp-content\/uploads\/2025\/05\/jvd-shield-bouclier-haute-performance-1280x720.jpeg 1280w, https:\/\/www.jvd.fr\/wp-content\/uploads\/2025\/05\/jvd-shield-bouclier-haute-performance-640x360.jpeg 640w\" sizes=\"auto, (max-width: 1280px) 100vw, 1280px\" \/><\/figure>\n\n\n\n<div class=\"wp-block-group has-global-padding is-layout-constrained wp-block-group-is-layout-constrained\" style=\"margin-bottom:var(--wp--preset--spacing--100)\">\n<h2 class=\"wp-block-heading has-text-align-center\">Shield\u00ae \u2013 Ihr leistungsstarker Schutz<\/h2>\n\n\n\n<div id=\"wp-block-jvd-tabs-block_dae47145a308d15a0e950627d3758513\" class=\"wp-block-jvd-tabs align wp-block-acf-tabs\">\n    <div class=\"jvd-tabs__nav\">\n        <ul>\n                        <li><a href=\"#allergene\" data-slide-index=\"0\">Allergene<\/a><\/li>\n                        <li><a href=\"#kontaminanten\" data-slide-index=\"1\">Kontaminanten<\/a><\/li>\n                        <li><a href=\"#schadstoffe\" data-slide-index=\"2\">Schadstoffe<\/a><\/li>\n                        <li><a href=\"#gerueche\" data-slide-index=\"3\">Ger\u00fcche<\/a><\/li>\n                    <\/ul>\n    <\/div>\n    <div class=\"swiper jvd-tabs js_tabs\">\n        <div class=\"swiper-wrapper\">\n                        <div class=\"swiper-slide\" id=\"allergene\">\n                <div class=\"jvd-tab\">\n                                                            <figure class=\"jvd-tab__img\">\n                        <img decoding=\"async\" src=\"https:\/\/www.jvd.fr\/wp-content\/uploads\/2025\/08\/allergene-all-600x424.jpg\" alt=\"\" \/>\n                    <\/figure>\n                                        <div class=\"jvd-tab__content\">\n                        <p data-start=\"45\" data-end=\"138\"><strong data-start=\"45\" data-end=\"136\">Reduzieren Sie die Auswirkungen von Allergien durch die Zerst\u00f6rung allergener Proteine.<\/strong><\/p>\n<p data-start=\"140\" data-end=\"444\" data-is-last-node=\"\" data-is-only-node=\"\">Tests wurden von einem unabh\u00e4ngigen Labor nach dem Standardprotokoll NFB44-200 durchgef\u00fchrt. Nach der kontinuierlichen Aerosolisierung (Vernebelung) allergener Proteine (Katze, Hausstaubmilbe und Pollen) zeigten die Ergebnisse, dass innerhalb von 10\u202fMinuten 79\u202f% bis 96\u202f% dieser Proteine zerst\u00f6rt wurden.<\/p>\n                    <\/div>\n                <\/div>\n            <\/div>\n                        <div class=\"swiper-slide\" id=\"kontaminanten\">\n                <div class=\"jvd-tab\">\n                                                            <figure class=\"jvd-tab__img\">\n                        <img decoding=\"async\" src=\"https:\/\/www.jvd.fr\/wp-content\/uploads\/2025\/08\/contamination-all-600x343.jpg\" alt=\"\" \/>\n                    <\/figure>\n                                        <div class=\"jvd-tab__content\">\n                        <p data-start=\"45\" data-end=\"146\"><strong data-start=\"45\" data-end=\"144\">Sch\u00fctzen Sie das Immunsystem, indem Sie Kontaminanten bek\u00e4mpfen: Viren, Bakterien und Schimmel.<\/strong><\/p>\n<p data-start=\"148\" data-end=\"503\" data-is-last-node=\"\" data-is-only-node=\"\">Tests, durchgef\u00fchrt von einem unabh\u00e4ngigen Labor nach dem Standardverfahren NFB44-200, bewerteten die Leistung von Shield\u00ae gegen die kontinuierliche Erzeugung von Kontaminanten. Die Ergebnisse zeigten Zerst\u00f6rungsraten von Mikroorganismen (einzeln und in repr\u00e4sentativen atmosph\u00e4rischen Mischungen) von 94\u202f% bis 97\u202f% in <strong data-start=\"467\" data-end=\"479\">ONE PASS<\/strong> (einmaliger Durchgang).<\/p>\n                    <\/div>\n                <\/div>\n            <\/div>\n                        <div class=\"swiper-slide\" id=\"schadstoffe\">\n                <div class=\"jvd-tab\">\n                                                            <figure class=\"jvd-tab__img\">\n                        <img decoding=\"async\" src=\"https:\/\/www.jvd.fr\/wp-content\/uploads\/2025\/08\/pollution-all-600x424.jpg\" alt=\"\" \/>\n                    <\/figure>\n                                        <div class=\"jvd-tab__content\">\n                        <p data-start=\"45\" data-end=\"170\"><strong data-start=\"45\" data-end=\"168\">Reduzieren Sie das Risiko von Krebs und endokrinen Erkrankungen durch die Entfernung von Schadstoffen (PM2,5 und PM10).<\/strong><\/p>\n<p data-start=\"172\" data-end=\"519\" data-is-last-node=\"\" data-is-only-node=\"\">Tests, durchgef\u00fchrt von einem unabh\u00e4ngigen Labor nach der EN1822-Norm, bestimmten die Filterleistung des HEPA-Typs. Die Ergebnisse zeigten eine Wirksamkeit von 99,96\u202f%. Dies wurde gemessen, nachdem unter realen Bedingungen in einem 40\u202fm\u00b2 gro\u00dfen Raum ein extrem hoher Verschmutzungsgipfel erzeugt und mit dem BOOST-Modus des Shield behandelt wurde.<\/p>\n                    <\/div>\n                <\/div>\n            <\/div>\n                        <div class=\"swiper-slide\" id=\"gerueche\">\n                <div class=\"jvd-tab\">\n                                                            <figure class=\"jvd-tab__img\">\n                        <img decoding=\"async\" src=\"https:\/\/www.jvd.fr\/wp-content\/uploads\/2025\/08\/pic-odeurs-all-600x399.jpg\" alt=\"\" \/>\n                    <\/figure>\n                                        <div class=\"jvd-tab__content\">\n                        <p data-start=\"45\" data-end=\"257\"><strong data-start=\"45\" data-end=\"255\">Beseitigen Sie unangenehme Ger\u00fcche und stellen Sie die urspr\u00fcngliche Atmosph\u00e4re sowie reine Luft wieder her, <\/strong>indem Sie geruchsbildende Molek\u00fcle (aromatische Verbindungen, VOCs, NOx, SOx und Ozon) entfernen.<\/p>\n<p data-start=\"259\" data-end=\"531\" data-is-last-node=\"\" data-is-only-node=\"\">Tests unter realen Bedingungen in einem 40\u202fm\u00b2 gro\u00dfen Raum simulierten einen extrem hohen Peak an Ger\u00fcchen und VOCs. Die Testergebnisse zeigten eine 90\u202f%ige Reduzierung der Ger\u00fcche in weniger als 30\u202fMinuten bei Verwendung des Shield\u00ae im <strong data-start=\"495\" data-end=\"504\">BOOST<\/strong>&#8211; und <strong data-start=\"510\" data-end=\"524\">CONTINUOUS<\/strong>-Modus.<\/p>\n                    <\/div>\n                <\/div>\n            <\/div>\n                    <\/div>\n    <\/div>\n<\/div>\n<\/div>\n\n\n\n<div class=\"wp-block-group has-global-padding is-layout-constrained wp-block-group-is-layout-constrained\" style=\"margin-bottom:var(--wp--preset--spacing--100)\">\n<h2 class=\"wp-block-heading has-text-align-center\">Die Reihe der Luftreiniger<\/h2>\n\n\n\n<div id=\"wp-block-jvd-cards-block_a7ebcce86454487b3582a486510252a9\" class=\"wp-block-jvd-cards align wp-block-acf-cards\">\n\t    <div class=\"jvd-cards\" data-display=\"grid\" data-columns=\"2\" data-count=\"2\" data-parity=\"even\">\n\t\t        <div class=\"jvd-card\" data-link=\"1\" data-img-ratio=\"square\" data-text-pos=\"under\">\n            <figure class=\"jvd-card__img\">\n\t\t\t                    <img decoding=\"async\" src=\"https:\/\/www.jvd.fr\/wp-content\/uploads\/2025\/04\/shield-blanc-jvd-800-600x600.jpg\" width=\"600\" height=\"600\" alt=\"Shield Blanc JVD\" loading=\"lazy\" \/>\n\t\t\t                <\/figure>\n            <div class=\"jvd-card__content\">\n                <h3 class=\"jvd-card__title\"><a href=\"https:\/\/www.jvd.fr\/de\/categorie\/gemeinschaftliche-luftreiniger-de\/\">Shield<\/a><\/h3>                                <p class=\"jvd-card__text\">Der kollektive Schutzschild<\/p>\n                            <\/div>\n        <\/div>\n\t\t        <div class=\"jvd-card\" data-link=\"1\" data-img-ratio=\"square\" data-text-pos=\"under\">\n            <figure class=\"jvd-card__img\">\n\t\t\t                    <img decoding=\"async\" src=\"https:\/\/www.jvd.fr\/wp-content\/uploads\/2025\/05\/shield-compact-blanc-jvd-800-600x600.jpg\" width=\"600\" height=\"600\" alt=\"Shield Compact Blanc JVD\" loading=\"lazy\" \/>\n\t\t\t                <\/figure>\n            <div class=\"jvd-card__content\">\n                <h3 class=\"jvd-card__title\"><a href=\"https:\/\/www.jvd.fr\/de\/categorie\/individuelle-luftreiniger-de\/\">Shield Compact<\/a><\/h3>                                <p class=\"jvd-card__text\">Der individuelle Schutzschild<\/p>\n                            <\/div>\n        <\/div>\n\t\t    <\/div>\n    <\/div>\n<\/div>\n\n\n\n<div class=\"wp-block-group has-global-padding is-layout-constrained wp-block-group-is-layout-constrained\" style=\"margin-bottom:var(--wp--preset--spacing--100)\">\n<h2 class=\"wp-block-heading has-text-align-center\">Luftreinigung, auf die Sie sich verlassen k\u00f6nnen!<\/h2>\n\n\n\n<div id=\"wp-block-jvd-testimonies-block_1fac7ea3924a8c91f3c4c6fc7027beee\" class=\"wp-block-jvd-testimonies align wp-block-acf-testimonies\">\n\t\t\t<div class=\"swiper jvd-testimonies js_testimonies\" data-media=\"video\" data-layout=\"mini\" data-count=\"1\">\n\t\t<div class=\"swiper-wrapper\">\n\t\t\t\t\t\t<div class=\"swiper-slide\">\n\t\t\t\t<div class=\"loop-testimony\">\n\t\t\t\t\t\t\t\t\t\t\t\t\t\t\t<a href=\"https:\/\/www.youtube.com\/watch?v=_7NKODSupos\" class=\"loop-testimony__video\" data-fancybox>\n                    \t<img decoding=\"async\" src=\"https:\/\/img.youtube.com\/vi\/_7NKODSupos\/hqdefault.jpg\" alt=\"Video ansehen\" loading=\"lazy\">\n\t\t\t\t\t\t<div class=\"loop-testimony__video__play\">\n\t\t\t\t\t\t\t<span class=\"btn btn--outline-white\">\n\t\t\t\t\t\t\t\t<svg xmlns=\"http:\/\/www.w3.org\/2000\/svg\" width=\"12\" height=\"13\" viewBox=\"0 0 12 13\"><path d=\"M1.3739,0.00107490462 C0.65756,0.0294149046 -1.13686838e-13,0.613834905 -1.13686838e-13,1.4012149 L-1.13686838e-13,11.0313749 C-1.13686838e-13,12.0811749 1.16961,12.7699749 2.08801,12.2611749 L10.7782,7.4461349 C11.723,6.9226149 11.723,5.5099449 10.7782,4.9864249 L2.08801,0.171354905 C1.85841,0.0441649046 1.61268,-0.00837509538 1.3739,0.00107490462 Z\"\/><\/svg>\n\t\t\t\t\t\t\t\tVideo ansehen\t\t\t\t\t\t\t<\/span>\n\t\t\t\t\t\t<\/div>\n                \t<\/a>\n\t\t\t\t\t\t\t\t\t\t<div class=\"loop-testimony__body\">\n\t\t\t\t\t\t<blockquote class=\"loop-testimony__quote\">Das Design des Shield Compact\u00ae gef\u00e4llt mir sehr gut. Er ist unauff\u00e4llig, klein und sieht gut aus. Ich fand ihn einfach und intuitiv in der Bedienung. Wenn man den Boost-Modus einschaltet, wird er zwar lauter, aber f\u00fcr mich und f\u00fcr die Person neben mir hat das etwas Beruhigendes. Man hat das Gef\u00fchl, dass er wirklich wirksam ist, weil der L\u00e4rmpegel steigt. Seit ich den Shield Compact\u00ae benutze \u2013 ob bei Impfungen oder Antigentests \u2013 f\u00fchle ich mich sicherer.<\/blockquote>\n\t\t\t\t\t\t<div class=\"loop-testimony__author\">\n\t\t\t\t\t\t\t\t\t\t\t\t\t\t\t\t\t\t\t\t\t<p class=\"loop-testimony__name\"><strong>Dr M-C Anne-Sophie<\/strong><br\/>\n\t\t\t\t\t\t\tApothekerin &amp; Gesch\u00e4ftsf\u00fchrerin<\/p>\n\t\t\t\t\t\t<\/div>\n\t\t\t\t\t<\/div>\n\t\t\t\t<\/div>\n\t\t\t<\/div>\n\t\t\t\t\t\t\t\t<\/div>\n\t\t<div class=\"slide-prev\">\n            <svg width=\"13\" height=\"20\" aria-hidden=\"true\" role=\"presentation\"><use xlink:href=\"#slide-prev\"\/><\/svg>\n        <\/div>\n        <div class=\"slide-next\">\n            <svg width=\"13\" height=\"20\" aria-hidden=\"true\" role=\"presentation\"><use xlink:href=\"#slide-next\"\/><\/svg>\n        <\/div>\n\t<\/div>\n\t<\/div>\n\n<\/div>\n\n\n\n<div class=\"wp-block-group has-lightgrey-background-color has-background is-layout-flow wp-block-group-is-layout-flow\" style=\"border-radius:20px;padding-top:var(--wp--preset--spacing--75);padding-right:var(--wp--preset--spacing--75);padding-bottom:var(--wp--preset--spacing--75);padding-left:var(--wp--preset--spacing--75)\">\n<h2 class=\"wp-block-heading has-text-align-center\">Interesse an unseren Produkten?<\/h2>\n\n\n\n<p class=\"has-text-align-center\">Ob Produktinformationen oder Beratung \u2013 wir stehen Ihnen gerne <br>per Videocall oder telefonisch zur Verf\u00fcgung.<\/p>\n\n\n\n<div class=\"wp-block-buttons is-content-justification-center is-layout-flex wp-container-core-buttons-is-layout-a89b3969 wp-block-buttons-is-layout-flex\">\n<div class=\"wp-block-button\"><a class=\"wp-block-button__link wp-element-button\" href=\"https:\/\/share-eu1.hsforms.com\/1D1pYfY9ySKu6Mr344NqNBQexg1v?__hstc=191158197.12333dbceaaf0a4b876500007d6a41a3.1753773294906.1753798906615.1753859848622.5&amp;__hssc=191158197.113.1753859848622&amp;__hsfp=3225660188\">Kontaktieren Sie uns<\/a><\/div>\n<\/div>\n<\/div>\n","protected":false},"excerpt":{"rendered":"<p>Wohnungen, B\u00fcros, Schulen, \u00f6ffentliche Verkehrsmittel\u2026 wir verbringen 80\u202f% unserer Zeit in geschlossenen, gemeinschaftlich genutzten R\u00e4umen, in denen die Luft am st\u00e4rksten verschmutzt ist, was das Risiko f\u00fcr unsere Gesundheit erh\u00f6ht. Um diese Risiken f\u00fcr alle zu verringern und besonders empfindlichen Personen (z.\u202fB. Asthmatikern oder Allergikern) langfristige Erleichterung zu bieten, k\u00f6nnen einfache Ma\u00dfnahmen ergriffen werden. Zum [&hellip;]<\/p>\n","protected":false},"author":4,"featured_media":3124,"parent":5078,"menu_order":1,"comment_status":"closed","ping_status":"closed","template":"","meta":{"_acf_changed":false,"content-type":"","_searchwp_excluded":"","inline_featured_image":false,"footnotes":""},"class_list":["post-48416","page","type-page","status-publish","has-post-thumbnail","hentry"],"acf":[],"yoast_head":"<!-- This site is optimized with the Yoast SEO plugin v27.1.1 - https:\/\/yoast.com\/product\/yoast-seo-wordpress\/ -->\n<title>Warum die Luft reinigen? - JVD<\/title>\n<meta name=\"description\" content=\"Warum die Luft reinigen? Entdecken Sie, wie Luftreiniger Schadstoffe, Allergene und Ger\u00fcche entfernen und so f\u00fcr ein ges\u00fcnderes Raumklima sorgen.\" \/>\n<meta name=\"robots\" content=\"index, follow, max-snippet:-1, max-image-preview:large, max-video-preview:-1\" \/>\n<link rel=\"canonical\" href=\"https:\/\/www.jvd.fr\/de\/luftreiniger\/warum-die-luft-reinigen\/\" \/>\n<meta property=\"og:locale\" content=\"de_DE\" \/>\n<meta property=\"og:type\" content=\"article\" \/>\n<meta property=\"og:title\" content=\"Warum die Luft reinigen? - JVD\" \/>\n<meta property=\"og:description\" content=\"Warum die Luft reinigen? Entdecken Sie, wie Luftreiniger Schadstoffe, Allergene und Ger\u00fcche entfernen und so f\u00fcr ein ges\u00fcnderes Raumklima sorgen.\" \/>\n<meta property=\"og:url\" content=\"https:\/\/www.jvd.fr\/de\/luftreiniger\/warum-die-luft-reinigen\/\" \/>\n<meta property=\"og:site_name\" content=\"JVD\" \/>\n<meta property=\"article:modified_time\" content=\"2025-09-16T14:09:01+00:00\" \/>\n<meta property=\"og:image\" content=\"https:\/\/www.jvd.fr\/wp-content\/uploads\/2025\/05\/jvd-pourquoi-purifier-air.jpeg\" \/>\n\t<meta property=\"og:image:width\" content=\"2000\" \/>\n\t<meta property=\"og:image:height\" content=\"1333\" \/>\n\t<meta property=\"og:image:type\" content=\"image\/jpeg\" \/>\n<script type=\"application\/ld+json\" class=\"yoast-schema-graph\">{\"@context\":\"https:\/\/schema.org\",\"@graph\":[{\"@type\":\"WebPage\",\"@id\":\"https:\/\/www.jvd.fr\/de\/luftreiniger\/warum-die-luft-reinigen\/\",\"url\":\"https:\/\/www.jvd.fr\/de\/luftreiniger\/warum-die-luft-reinigen\/\",\"name\":\"Warum die Luft reinigen? - JVD\",\"isPartOf\":{\"@id\":\"https:\/\/www.jvd.fr\/de\/#website\"},\"primaryImageOfPage\":{\"@id\":\"https:\/\/www.jvd.fr\/de\/luftreiniger\/warum-die-luft-reinigen\/#primaryimage\"},\"image\":{\"@id\":\"https:\/\/www.jvd.fr\/de\/luftreiniger\/warum-die-luft-reinigen\/#primaryimage\"},\"thumbnailUrl\":\"https:\/\/www.jvd.fr\/wp-content\/uploads\/2025\/05\/jvd-pourquoi-purifier-air.jpeg\",\"datePublished\":\"2025-05-05T13:15:06+00:00\",\"dateModified\":\"2025-09-16T14:09:01+00:00\",\"description\":\"Warum die Luft reinigen? Entdecken Sie, wie Luftreiniger Schadstoffe, Allergene und Ger\u00fcche entfernen und so f\u00fcr ein ges\u00fcnderes Raumklima sorgen.\",\"breadcrumb\":{\"@id\":\"https:\/\/www.jvd.fr\/de\/luftreiniger\/warum-die-luft-reinigen\/#breadcrumb\"},\"inLanguage\":\"de\",\"potentialAction\":[{\"@type\":\"ReadAction\",\"target\":[\"https:\/\/www.jvd.fr\/de\/luftreiniger\/warum-die-luft-reinigen\/\"]}]},{\"@type\":\"ImageObject\",\"inLanguage\":\"de\",\"@id\":\"https:\/\/www.jvd.fr\/de\/luftreiniger\/warum-die-luft-reinigen\/#primaryimage\",\"url\":\"https:\/\/www.jvd.fr\/wp-content\/uploads\/2025\/05\/jvd-pourquoi-purifier-air.jpeg\",\"contentUrl\":\"https:\/\/www.jvd.fr\/wp-content\/uploads\/2025\/05\/jvd-pourquoi-purifier-air.jpeg\",\"width\":2000,\"height\":1333,\"caption\":\"Pourquoi purifier l'air ?\"},{\"@type\":\"BreadcrumbList\",\"@id\":\"https:\/\/www.jvd.fr\/de\/luftreiniger\/warum-die-luft-reinigen\/#breadcrumb\",\"itemListElement\":[{\"@type\":\"ListItem\",\"position\":1,\"name\":\"Accueil\",\"item\":\"https:\/\/www.jvd.fr\/de\/\"},{\"@type\":\"ListItem\",\"position\":2,\"name\":\"Luftreiniger\",\"item\":\"https:\/\/www.jvd.fr\/de\/luftreiniger\/\"},{\"@type\":\"ListItem\",\"position\":3,\"name\":\"Warum die Luft reinigen?\"}]},{\"@type\":\"WebSite\",\"@id\":\"https:\/\/www.jvd.fr\/de\/#website\",\"url\":\"https:\/\/www.jvd.fr\/de\/\",\"name\":\"JVD\",\"description\":\"Products that care\",\"potentialAction\":[{\"@type\":\"SearchAction\",\"target\":{\"@type\":\"EntryPoint\",\"urlTemplate\":\"https:\/\/www.jvd.fr\/de\/?s={search_term_string}\"},\"query-input\":{\"@type\":\"PropertyValueSpecification\",\"valueRequired\":true,\"valueName\":\"search_term_string\"}}],\"inLanguage\":\"de\"}]}<\/script>\n<!-- \/ Yoast SEO plugin. -->","yoast_head_json":{"title":"Warum die Luft reinigen? - JVD","description":"Warum die Luft reinigen? Entdecken Sie, wie Luftreiniger Schadstoffe, Allergene und Ger\u00fcche entfernen und so f\u00fcr ein ges\u00fcnderes Raumklima sorgen.","robots":{"index":"index","follow":"follow","max-snippet":"max-snippet:-1","max-image-preview":"max-image-preview:large","max-video-preview":"max-video-preview:-1"},"canonical":"https:\/\/www.jvd.fr\/de\/luftreiniger\/warum-die-luft-reinigen\/","og_locale":"de_DE","og_type":"article","og_title":"Warum die Luft reinigen? - JVD","og_description":"Warum die Luft reinigen? Entdecken Sie, wie Luftreiniger Schadstoffe, Allergene und Ger\u00fcche entfernen und so f\u00fcr ein ges\u00fcnderes Raumklima sorgen.","og_url":"https:\/\/www.jvd.fr\/de\/luftreiniger\/warum-die-luft-reinigen\/","og_site_name":"JVD","article_modified_time":"2025-09-16T14:09:01+00:00","og_image":[{"width":2000,"height":1333,"url":"https:\/\/www.jvd.fr\/wp-content\/uploads\/2025\/05\/jvd-pourquoi-purifier-air.jpeg","type":"image\/jpeg"}],"schema":{"@context":"https:\/\/schema.org","@graph":[{"@type":"WebPage","@id":"https:\/\/www.jvd.fr\/de\/luftreiniger\/warum-die-luft-reinigen\/","url":"https:\/\/www.jvd.fr\/de\/luftreiniger\/warum-die-luft-reinigen\/","name":"Warum die Luft reinigen? - JVD","isPartOf":{"@id":"https:\/\/www.jvd.fr\/de\/#website"},"primaryImageOfPage":{"@id":"https:\/\/www.jvd.fr\/de\/luftreiniger\/warum-die-luft-reinigen\/#primaryimage"},"image":{"@id":"https:\/\/www.jvd.fr\/de\/luftreiniger\/warum-die-luft-reinigen\/#primaryimage"},"thumbnailUrl":"https:\/\/www.jvd.fr\/wp-content\/uploads\/2025\/05\/jvd-pourquoi-purifier-air.jpeg","datePublished":"2025-05-05T13:15:06+00:00","dateModified":"2025-09-16T14:09:01+00:00","description":"Warum die Luft reinigen? Entdecken Sie, wie Luftreiniger Schadstoffe, Allergene und Ger\u00fcche entfernen und so f\u00fcr ein ges\u00fcnderes Raumklima sorgen.","breadcrumb":{"@id":"https:\/\/www.jvd.fr\/de\/luftreiniger\/warum-die-luft-reinigen\/#breadcrumb"},"inLanguage":"de","potentialAction":[{"@type":"ReadAction","target":["https:\/\/www.jvd.fr\/de\/luftreiniger\/warum-die-luft-reinigen\/"]}]},{"@type":"ImageObject","inLanguage":"de","@id":"https:\/\/www.jvd.fr\/de\/luftreiniger\/warum-die-luft-reinigen\/#primaryimage","url":"https:\/\/www.jvd.fr\/wp-content\/uploads\/2025\/05\/jvd-pourquoi-purifier-air.jpeg","contentUrl":"https:\/\/www.jvd.fr\/wp-content\/uploads\/2025\/05\/jvd-pourquoi-purifier-air.jpeg","width":2000,"height":1333,"caption":"Pourquoi purifier l'air ?"},{"@type":"BreadcrumbList","@id":"https:\/\/www.jvd.fr\/de\/luftreiniger\/warum-die-luft-reinigen\/#breadcrumb","itemListElement":[{"@type":"ListItem","position":1,"name":"Accueil","item":"https:\/\/www.jvd.fr\/de\/"},{"@type":"ListItem","position":2,"name":"Luftreiniger","item":"https:\/\/www.jvd.fr\/de\/luftreiniger\/"},{"@type":"ListItem","position":3,"name":"Warum die Luft reinigen?"}]},{"@type":"WebSite","@id":"https:\/\/www.jvd.fr\/de\/#website","url":"https:\/\/www.jvd.fr\/de\/","name":"JVD","description":"Products that care","potentialAction":[{"@type":"SearchAction","target":{"@type":"EntryPoint","urlTemplate":"https:\/\/www.jvd.fr\/de\/?s={search_term_string}"},"query-input":{"@type":"PropertyValueSpecification","valueRequired":true,"valueName":"search_term_string"}}],"inLanguage":"de"}]}},"_links":{"self":[{"href":"https:\/\/www.jvd.fr\/de\/wp-json\/wp\/v2\/pages\/48416","targetHints":{"allow":["GET"]}}],"collection":[{"href":"https:\/\/www.jvd.fr\/de\/wp-json\/wp\/v2\/pages"}],"about":[{"href":"https:\/\/www.jvd.fr\/de\/wp-json\/wp\/v2\/types\/page"}],"author":[{"embeddable":true,"href":"https:\/\/www.jvd.fr\/de\/wp-json\/wp\/v2\/users\/4"}],"replies":[{"embeddable":true,"href":"https:\/\/www.jvd.fr\/de\/wp-json\/wp\/v2\/comments?post=48416"}],"version-history":[{"count":3,"href":"https:\/\/www.jvd.fr\/de\/wp-json\/wp\/v2\/pages\/48416\/revisions"}],"predecessor-version":[{"id":59928,"href":"https:\/\/www.jvd.fr\/de\/wp-json\/wp\/v2\/pages\/48416\/revisions\/59928"}],"up":[{"embeddable":true,"href":"https:\/\/www.jvd.fr\/de\/wp-json\/wp\/v2\/pages\/5078"}],"wp:featuredmedia":[{"embeddable":true,"href":"https:\/\/www.jvd.fr\/de\/wp-json\/wp\/v2\/media\/3124"}],"wp:attachment":[{"href":"https:\/\/www.jvd.fr\/de\/wp-json\/wp\/v2\/media?parent=48416"}],"curies":[{"name":"wp","href":"https:\/\/api.w.org\/{rel}","templated":true}]}}