{"id":42946,"date":"2025-07-15T10:57:31","date_gmt":"2025-07-15T08:57:31","guid":{"rendered":"https:\/\/jvdwoo2025.dnstemporaire.fr\/?page_id=42946"},"modified":"2025-09-16T17:12:13","modified_gmt":"2025-09-16T15:12:13","slug":"papiertuchspender","status":"publish","type":"page","link":"https:\/\/www.jvd.fr\/de\/papiertuchspender\/","title":{"rendered":"Papiertuchspender"},"content":{"rendered":"\n<figure class=\"wp-block-image aligncenter size-full is-resized\" style=\"margin-bottom:var(--wp--preset--spacing--50);margin-left:0\"><img loading=\"lazy\" decoding=\"async\" width=\"1767\" height=\"175\" src=\"https:\/\/www.jvd.fr\/wp-content\/uploads\/2025\/07\/logo-francais-jvd.jpg\" alt=\"\" class=\"wp-image-42980\" style=\"width:250px\" srcset=\"https:\/\/www.jvd.fr\/wp-content\/uploads\/2025\/07\/logo-francais-jvd.jpg 1767w, https:\/\/www.jvd.fr\/wp-content\/uploads\/2025\/07\/logo-francais-jvd-600x59.jpg 600w, https:\/\/www.jvd.fr\/wp-content\/uploads\/2025\/07\/logo-francais-jvd-120x12.jpg 120w\" sizes=\"auto, (max-width: 1767px) 100vw, 1767px\" \/><\/figure>\n\n\n\n<div class=\"wp-block-group is-layout-flow wp-block-group-is-layout-flow\" style=\"margin-top:0;margin-bottom:var(--wp--preset--spacing--100);padding-bottom:0\">\n<h2 class=\"wp-block-heading\">Eine verantwortungsvolle Wahl mit bis zu 100\u202f% recyceltem Kunststoff<\/h2>\n\n\n\n<div class=\"wp-block-columns is-layout-flex wp-container-core-columns-is-layout-ee3ac793 wp-block-columns-is-layout-flex\" style=\"margin-bottom:var(--wp--preset--spacing--50);padding-top:0;padding-bottom:0\">\n<div class=\"wp-block-column is-layout-flow wp-block-column-is-layout-flow\">\n<p>Papier\u00adspender f\u00fcr \u00f6ffentliche Bereiche sind eine unverzichtbare L\u00f6sung f\u00fcr Fachleute, die zuverl\u00e4ssige, wartungs\u00adarme und f\u00fcr intensive Nutzung geeignete Ger\u00e4te suchen. Sie bevorzugen wirtschaftliche, langlebige und \u00e4sthetische Ausstattungen, die mit verschiedenen Verbrauchsmaterialien kompatibel sind und zudem das Image ihres Betriebs durch Personalisierungs\u00adm\u00f6glichkeiten st\u00e4rken.<\/p>\n<\/div>\n\n\n\n<div class=\"wp-block-column is-layout-flow wp-block-column-is-layout-flow\">\n<p style=\"padding-top:0;padding-bottom:0\">Bei JVD erf\u00fcllen wir diese Anforderungen mit Design-, ergonomischen und langlebigen Spender-Serien. Hergestellt in unserem Werk in Nantes aus bis zu 100\u202f% recyceltem Kunststoff, verbinden unsere Produkte \u00c4sthetik und Funktionalit\u00e4t. Ihre einfache Wartung macht sie zu einer Markt\u00adreferenz. Dank ihres Designs und ihrer Robustheit passen sich unsere Papier\u00adspender f\u00fcr \u00f6ffentliche Bereiche allen Arten von Bed\u00fcrfnissen und Verbrauchsmaterialien an.<\/p>\n<\/div>\n<\/div>\n\n\n\n<div class=\"wp-block-buttons is-content-justification-center is-layout-flex wp-container-core-buttons-is-layout-a89b3969 wp-block-buttons-is-layout-flex\">\n<div class=\"wp-block-button is-style-secondary-button\"><a class=\"wp-block-button__link wp-element-button\" href=\"https:\/\/www.jvd.fr\/de\/categorie\/papiertuchspender\/\">Alle Produkte anzeigen<\/a><\/div>\n<\/div>\n<\/div>\n\n\n\n<div class=\"wp-block-group is-layout-flow wp-block-group-is-layout-flow\" style=\"margin-bottom:var(--wp--preset--spacing--100);padding-bottom:0\">\n<h2 class=\"wp-block-heading has-text-align-center\">Papier\u00adspender f\u00fcr \u00f6ffentliche Bereiche<\/h2>\n\n\n\n<div id=\"wp-block-jvd-cards-block_baf41e3e6a9d155ae705ceab93081522\" style=\"margin-bottom:var(--wp--preset--spacing--50);\" class=\"wp-block-jvd-cards align wp-block-acf-cards\">\n\t    <div class=\"swiper jvd-carousel js_cards\" data-display=\"carrousel\">\n        <div class=\"swiper__nav\">\n            <div class=\"swiper__nav__prev js_cards_prev\">\n                <svg width=\"13\" height=\"20\" aria-hidden=\"true\" role=\"presentation\"><use xlink:href=\"#slide-prev\"\/><\/svg>\n            <\/div>\n            <div class=\"swiper__nav__next js_cards_next\">\n                <svg width=\"13\" height=\"20\" aria-hidden=\"true\" role=\"presentation\"><use xlink:href=\"#slide-next\"\/><\/svg>\n            <\/div>\n        <\/div>\n        <div class=\"swiper-wrapper\">\n                        <div class=\"swiper-slide\">\n                <div class=\"jvd-card\" data-link=\"1\" data-img-ratio=\"portrait\" data-text-pos=\"under\">\n                                        <figure class=\"jvd-card__img\">\n                                                    <img decoding=\"async\" src=\"https:\/\/www.jvd.fr\/wp-content\/uploads\/2025\/07\/distributeur-papier-cleanline-jvd-600x768.jpg\" width=\"600\" height=\"768\" alt=\"Distributeur Papier Cleanline Jvd\" loading=\"lazy\" \/>\n                                            <\/figure>\n                    <div class=\"jvd-card__content\">\n                                                <h3 class=\"jvd-card__title\">\n                                                        <a href=\"https:\/\/www.jvd.fr\/de\/categorie\/serie-cleanline-de\/\">\n                                                        Cleanline                                                        <\/a>\n                                                    <\/h3>\n                                                <p class=\"jvd-card__text\">In Frankreich hergestellt, aus 100\u202f% recyceltem Kunststoff<\/p>\n                    <\/div>\n                <\/div>\n            <\/div>\n                        <div class=\"swiper-slide\">\n                <div class=\"jvd-card\" data-link=\"1\" data-img-ratio=\"portrait\" data-text-pos=\"under\">\n                                        <figure class=\"jvd-card__img\">\n                                                    <img decoding=\"async\" src=\"https:\/\/www.jvd.fr\/wp-content\/uploads\/2025\/07\/jvd-yaliss-distributeurs-600x750.jpg\" width=\"600\" height=\"750\" alt=\"\" loading=\"lazy\" \/>\n                                            <\/figure>\n                    <div class=\"jvd-card__content\">\n                                                <h3 class=\"jvd-card__title\">\n                                                        <a href=\"https:\/\/www.jvd.fr\/de\/categorie\/serie-yaliss\/\">\n                                                        Yaliss                                                        <\/a>\n                                                    <\/h3>\n                                                <p class=\"jvd-card__text\">Personalisierbar, kompatibel mit allen Papierformaten und sehr wartungsfreundlich<\/p>\n                    <\/div>\n                <\/div>\n            <\/div>\n                        <div class=\"swiper-slide\">\n                <div class=\"jvd-card\" data-link=\"1\" data-img-ratio=\"portrait\" data-text-pos=\"under\">\n                                        <figure class=\"jvd-card__img\">\n                                                    <img decoding=\"async\" src=\"https:\/\/www.jvd.fr\/wp-content\/uploads\/2025\/07\/jvd-distributeur-metal-600x800.jpg\" width=\"600\" height=\"800\" alt=\"JVD Distributeur Metal\" loading=\"lazy\" \/>\n                                            <\/figure>\n                    <div class=\"jvd-card__content\">\n                                                <h3 class=\"jvd-card__title\">\n                                                        <a href=\"https:\/\/www.jvd.fr\/de\/categorie\/serie-metall\/\">\n                                                        Metal                                                        <\/a>\n                                                    <\/h3>\n                                                <p class=\"jvd-card__text\">Sto\u00dffest und vandalismusresistent<\/p>\n                    <\/div>\n                <\/div>\n            <\/div>\n                    <\/div>\n    <\/div>\n    <\/div>\n<\/div>\n\n\n\n<div class=\"wp-block-columns is-layout-flex wp-container-core-columns-is-layout-af3aebae wp-block-columns-is-layout-flex\" style=\"margin-top:0;margin-bottom:var(--wp--preset--spacing--100)\">\n<div class=\"wp-block-column is-layout-flow wp-block-column-is-layout-flow\">\n<figure class=\"wp-block-image size-square has-custom-border is-style-rounded\"><img loading=\"lazy\" decoding=\"async\" width=\"600\" height=\"600\" src=\"https:\/\/www.jvd.fr\/wp-content\/uploads\/2025\/07\/distributeur-papier-cleanline-jvd-600x600.jpg\" alt=\"Distributeur Papier Cleanline Jvd\" class=\"wp-image-37120\" style=\"border-radius:20px\" srcset=\"https:\/\/www.jvd.fr\/wp-content\/uploads\/2025\/07\/distributeur-papier-cleanline-jvd-600x600.jpg 600w, https:\/\/www.jvd.fr\/wp-content\/uploads\/2025\/07\/distributeur-papier-cleanline-jvd-300x300.jpg 300w, https:\/\/www.jvd.fr\/wp-content\/uploads\/2025\/07\/distributeur-papier-cleanline-jvd-100x100.jpg 100w, https:\/\/www.jvd.fr\/wp-content\/uploads\/2025\/07\/distributeur-papier-cleanline-jvd-150x150.jpg 150w\" sizes=\"auto, (max-width: 600px) 100vw, 600px\" \/><\/figure>\n<\/div>\n\n\n\n<div class=\"wp-block-column is-vertically-aligned-center is-layout-flow wp-block-column-is-layout-flow\" style=\"border-style:none;border-width:0px\">\n<h2 class=\"wp-block-heading\">100\u202f% recycelter Kunststoff mit der Cleanline-Produktreihe<\/h2>\n\n\n\n<p>Das JVD-Team hat monatelang daran gearbeitet, die Verwendung von recyceltem Kunststoff bei der Herstellung seiner Produkte zu entwickeln und zu gew\u00e4hrleisten. Dieser Kunststoff, der in Frankreich gesammelt wird, stammt haupts\u00e4chlich aus Abf\u00e4llen von Elektro- und Elektronikger\u00e4ten sowie aus ausgemusterten Fahrzeugen. Nach der Sammlung durchl\u00e4uft er einen strengen Prozess der Sortierung, Reinigung, Zerkleinerung und Extrusion, bis er in wiederverwendbare Flocken verwandelt wird, die f\u00fcr die industrielle Fertigung geeignet sind.<\/p>\n\n\n\n<p>Die Cleanline-Produktreihe wird vollst\u00e4ndig in unserem Werk in Nantes aus 100 % recyceltem Kunststoff hergestellt und stellt die perfekte Verbindung von Eleganz, Robustheit und Umweltbewusstsein dar. Sie wurde so konzipiert, dass sie sich an alle \u00f6ffentlichen Bereiche anpasst und \u00c4sthetik mit Funktionalit\u00e4t verbindet. Sie ist kompatibel mit den meisten Verbrauchsmaterialien auf dem Markt und in den Farben Wei\u00df, Schwarz und Metallgrau erh\u00e4ltlich, um sich harmonisch in jede Umgebung einzuf\u00fcgen.<\/p>\n<\/div>\n<\/div>\n\n\n\n<div class=\"wp-block-group has-global-padding is-layout-constrained wp-block-group-is-layout-constrained\" style=\"margin-bottom:var(--wp--preset--spacing--100)\">\n<h2 class=\"wp-block-heading has-text-align-center\">H\u00e4ufig gestellte Fragen<\/h2>\n\n\n\n<div id=\"wp-block-jvd-faq-block_12b4f2764a279a00488f3269e46a443d\" class=\"wp-block-jvd-faq align wp-block-acf-faq\">\n\t<div class=\"jvd-faq\">\n\t\t\t\t<div class=\"jvd-faq__item\" itemscope itemprop=\"mainEntity\" itemtype=\"https:\/\/schema.org\/Question\">\n\t\t\t<div class=\"jvd-faq__question\" itemprop=\"name\">\n\t\t\t\t<span>Einwegpapier mit oder ohne Innenh\u00fclse w\u00e4hlen?<\/span>\n\t\t\t\t<button type=\"button\">\n\t\t\t\t\t<svg width=\"20\" height=\"20\" aria-hidden=\"true\" role=\"presentation\"><use xlink:href=\"#chevron-down\"\/><\/svg>\n\t\t\t\t<\/button>\n\t\t\t<\/div>\n\t\t\t<div class=\"jvd-faq__answer\" itemscope itemprop=\"acceptedAnswer\" itemtype=\"https:\/\/schema.org\/Answer\">\n\t\t\t\t<p>Kernlose Einwegpapierrollen sind mit Abrollspendern kompatibel. Einwegpapier mit Innenh\u00fclse wird in Spendern mit automatischem Schneidesystem verwendet. Es ist in Rollen mit unterschiedlichen Durchmessern und L\u00e4ngen erh\u00e4ltlich. Achtung: Einige Rollen sind nur mit propriet\u00e4ren Systemen kompatibel.<\/p>\n\t\t\t<\/div>\n\t\t<\/div>\n\t\t\t\t<div class=\"jvd-faq__item\" itemscope itemprop=\"mainEntity\" itemtype=\"https:\/\/schema.org\/Question\">\n\t\t\t<div class=\"jvd-faq__question\" itemprop=\"name\">\n\t\t\t\t<span>Ein propriet\u00e4res oder offenes System w\u00e4hlen?<\/span>\n\t\t\t\t<button type=\"button\">\n\t\t\t\t\t<svg width=\"20\" height=\"20\" aria-hidden=\"true\" role=\"presentation\"><use xlink:href=\"#chevron-down\"\/><\/svg>\n\t\t\t\t<\/button>\n\t\t\t<\/div>\n\t\t\t<div class=\"jvd-faq__answer\" itemscope itemprop=\"acceptedAnswer\" itemtype=\"https:\/\/schema.org\/Answer\">\n\t\t\t\t<p>Bei einem propriet\u00e4ren System wird die Ausr\u00fcstung meist kostenlos oder zu einem reduzierten Preis geliefert, funktioniert jedoch nur mit Verbrauchsmaterialien derselben Marke, die in der Regel teurer sind.<br data-start=\"205\" data-end=\"208\" \/>Im Gegensatz dazu haben die offenen L\u00f6sungen von JVD anf\u00e4ngliche Kosten, erm\u00f6glichen jedoch die Verwendung von Verbrauchsmaterialien jeder Marke, einschlie\u00dflich solcher, die propriet\u00e4re Systeme anbieten.<\/p>\n\t\t\t<\/div>\n\t\t<\/div>\n\t\t\t\t<div class=\"jvd-faq__item\" itemscope itemprop=\"mainEntity\" itemtype=\"https:\/\/schema.org\/Question\">\n\t\t\t<div class=\"jvd-faq__question\" itemprop=\"name\">\n\t\t\t\t<span>Gefaltetes Einwegpapier: F\u00fcr welchen Spendertyp?<\/span>\n\t\t\t\t<button type=\"button\">\n\t\t\t\t\t<svg width=\"20\" height=\"20\" aria-hidden=\"true\" role=\"presentation\"><use xlink:href=\"#chevron-down\"\/><\/svg>\n\t\t\t\t<\/button>\n\t\t\t<\/div>\n\t\t\t<div class=\"jvd-faq__answer\" itemscope itemprop=\"acceptedAnswer\" itemtype=\"https:\/\/schema.org\/Answer\">\n\t\t\t\t<p data-start=\"0\" data-end=\"128\">Gefaltetes Einwegpapier ist kompatibel mit Spendern vom Typ Zig-Zag. Sie werden nach der Art der Faltung der Bl\u00e4tter eingeteilt:<\/p>\n<ul data-start=\"130\" data-end=\"249\" data-is-last-node=\"\" data-is-only-node=\"\">\n<li data-start=\"130\" data-end=\"173\">\n<p data-start=\"132\" data-end=\"173\">Interfaltiges Papier: W- oder Z-Faltung<\/p>\n<\/li>\n<li data-start=\"174\" data-end=\"218\">\n<p data-start=\"176\" data-end=\"218\">Im Zickzack gefaltetes Papier: V-Faltung<\/p>\n<\/li>\n<li data-start=\"219\" data-end=\"249\" data-is-last-node=\"\">\n<p data-start=\"221\" data-end=\"249\" data-is-last-node=\"\">Gefaltetes Papier: C-Faltung<\/p>\n<\/li>\n<\/ul>\n\t\t\t<\/div>\n\t\t<\/div>\n\t\t\t<\/div>\n<\/div>\n<\/div>\n\n\n\n<div class=\"wp-block-group has-lightgrey-background-color has-background is-layout-flow wp-block-group-is-layout-flow\" style=\"border-radius:20px;padding-top:var(--wp--preset--spacing--75);padding-right:var(--wp--preset--spacing--75);padding-bottom:var(--wp--preset--spacing--75);padding-left:var(--wp--preset--spacing--75)\">\n<h2 class=\"wp-block-heading has-text-align-center\">Interesse an unseren Produkten?<\/h2>\n\n\n\n<p class=\"has-text-align-center\">Ob Produktinformationen oder Beratung \u2013 wir stehen Ihnen gerne per Videocall oder telefonisch zur Verf\u00fcgung.<\/p>\n\n\n\n<div class=\"wp-block-buttons is-content-justification-center is-layout-flex wp-container-core-buttons-is-layout-a89b3969 wp-block-buttons-is-layout-flex\">\n<div class=\"wp-block-button is-style-fill\"><a class=\"wp-block-button__link wp-element-button\" href=\"https:\/\/share-eu1.hsforms.com\/1D1pYfY9ySKu6Mr344NqNBQexg1v\">Kontaktieren Sie uns<\/a><\/div>\n<\/div>\n<\/div>\n","protected":false},"excerpt":{"rendered":"<p>Eine verantwortungsvolle Wahl mit bis zu 100\u202f% recyceltem Kunststoff Papier\u00adspender f\u00fcr \u00f6ffentliche Bereiche sind eine unverzichtbare L\u00f6sung f\u00fcr Fachleute, die zuverl\u00e4ssige, wartungs\u00adarme und f\u00fcr intensive Nutzung geeignete Ger\u00e4te suchen. Sie bevorzugen wirtschaftliche, langlebige und \u00e4sthetische Ausstattungen, die mit verschiedenen Verbrauchsmaterialien kompatibel sind und zudem das Image ihres Betriebs durch Personalisierungs\u00adm\u00f6glichkeiten st\u00e4rken. Bei JVD erf\u00fcllen wir [&hellip;]<\/p>\n","protected":false},"author":4,"featured_media":37116,"parent":0,"menu_order":0,"comment_status":"closed","ping_status":"closed","template":"","meta":{"_acf_changed":false,"content-type":"","_searchwp_excluded":"","inline_featured_image":false,"footnotes":""},"class_list":["post-42946","page","type-page","status-publish","has-post-thumbnail","hentry"],"acf":[],"yoast_head":"<!-- This site is optimized with the Yoast SEO plugin v27.1.1 - https:\/\/yoast.com\/product\/yoast-seo-wordpress\/ -->\n<title>Papiertuchspender - JVD<\/title>\n<meta name=\"description\" content=\"Bei JVD erf\u00fcllen wir diese Anforderungen mit Design-, ergonomischen und langlebigen Spender-Serien, hergestellt in unserem Werk in Nantes.\" \/>\n<meta name=\"robots\" content=\"index, follow, max-snippet:-1, max-image-preview:large, max-video-preview:-1\" \/>\n<link rel=\"canonical\" href=\"https:\/\/www.jvd.fr\/de\/papiertuchspender\/\" \/>\n<meta property=\"og:locale\" content=\"de_DE\" \/>\n<meta property=\"og:type\" content=\"article\" \/>\n<meta property=\"og:title\" content=\"Papiertuchspender - JVD\" \/>\n<meta property=\"og:description\" content=\"Bei JVD erf\u00fcllen wir diese Anforderungen mit Design-, ergonomischen und langlebigen Spender-Serien, hergestellt in unserem Werk in Nantes.\" \/>\n<meta property=\"og:url\" content=\"https:\/\/www.jvd.fr\/de\/papiertuchspender\/\" \/>\n<meta property=\"og:site_name\" content=\"JVD\" \/>\n<meta property=\"article:modified_time\" content=\"2025-09-16T15:12:13+00:00\" \/>\n<meta property=\"og:image\" content=\"https:\/\/www.jvd.fr\/wp-content\/uploads\/2025\/07\/distributeur-papier-accueil-jvd.jpg\" \/>\n\t<meta property=\"og:image:width\" content=\"1920\" \/>\n\t<meta property=\"og:image:height\" content=\"820\" \/>\n\t<meta property=\"og:image:type\" content=\"image\/jpeg\" \/>\n<script type=\"application\/ld+json\" class=\"yoast-schema-graph\">{\"@context\":\"https:\/\/schema.org\",\"@graph\":[{\"@type\":\"WebPage\",\"@id\":\"https:\/\/www.jvd.fr\/de\/papiertuchspender\/\",\"url\":\"https:\/\/www.jvd.fr\/de\/papiertuchspender\/\",\"name\":\"Papiertuchspender - JVD\",\"isPartOf\":{\"@id\":\"https:\/\/www.jvd.fr\/de\/#website\"},\"primaryImageOfPage\":{\"@id\":\"https:\/\/www.jvd.fr\/de\/papiertuchspender\/#primaryimage\"},\"image\":{\"@id\":\"https:\/\/www.jvd.fr\/de\/papiertuchspender\/#primaryimage\"},\"thumbnailUrl\":\"https:\/\/www.jvd.fr\/wp-content\/uploads\/2025\/07\/distributeur-papier-accueil-jvd.jpg\",\"datePublished\":\"2025-07-15T08:57:31+00:00\",\"dateModified\":\"2025-09-16T15:12:13+00:00\",\"description\":\"Bei JVD erf\u00fcllen wir diese Anforderungen mit Design-, ergonomischen und langlebigen Spender-Serien, hergestellt in unserem Werk in Nantes.\",\"breadcrumb\":{\"@id\":\"https:\/\/www.jvd.fr\/de\/papiertuchspender\/#breadcrumb\"},\"inLanguage\":\"de\",\"potentialAction\":[{\"@type\":\"ReadAction\",\"target\":[\"https:\/\/www.jvd.fr\/de\/papiertuchspender\/\"]}]},{\"@type\":\"ImageObject\",\"inLanguage\":\"de\",\"@id\":\"https:\/\/www.jvd.fr\/de\/papiertuchspender\/#primaryimage\",\"url\":\"https:\/\/www.jvd.fr\/wp-content\/uploads\/2025\/07\/distributeur-papier-accueil-jvd.jpg\",\"contentUrl\":\"https:\/\/www.jvd.fr\/wp-content\/uploads\/2025\/07\/distributeur-papier-accueil-jvd.jpg\",\"width\":1920,\"height\":820},{\"@type\":\"BreadcrumbList\",\"@id\":\"https:\/\/www.jvd.fr\/de\/papiertuchspender\/#breadcrumb\",\"itemListElement\":[{\"@type\":\"ListItem\",\"position\":1,\"name\":\"Accueil\",\"item\":\"https:\/\/www.jvd.fr\/de\/\"},{\"@type\":\"ListItem\",\"position\":2,\"name\":\"Papiertuchspender\"}]},{\"@type\":\"WebSite\",\"@id\":\"https:\/\/www.jvd.fr\/de\/#website\",\"url\":\"https:\/\/www.jvd.fr\/de\/\",\"name\":\"JVD\",\"description\":\"Products that care\",\"potentialAction\":[{\"@type\":\"SearchAction\",\"target\":{\"@type\":\"EntryPoint\",\"urlTemplate\":\"https:\/\/www.jvd.fr\/de\/?s={search_term_string}\"},\"query-input\":{\"@type\":\"PropertyValueSpecification\",\"valueRequired\":true,\"valueName\":\"search_term_string\"}}],\"inLanguage\":\"de\"}]}<\/script>\n<!-- \/ Yoast SEO plugin. -->","yoast_head_json":{"title":"Papiertuchspender - JVD","description":"Bei JVD erf\u00fcllen wir diese Anforderungen mit Design-, ergonomischen und langlebigen Spender-Serien, hergestellt in unserem Werk in Nantes.","robots":{"index":"index","follow":"follow","max-snippet":"max-snippet:-1","max-image-preview":"max-image-preview:large","max-video-preview":"max-video-preview:-1"},"canonical":"https:\/\/www.jvd.fr\/de\/papiertuchspender\/","og_locale":"de_DE","og_type":"article","og_title":"Papiertuchspender - JVD","og_description":"Bei JVD erf\u00fcllen wir diese Anforderungen mit Design-, ergonomischen und langlebigen Spender-Serien, hergestellt in unserem Werk in Nantes.","og_url":"https:\/\/www.jvd.fr\/de\/papiertuchspender\/","og_site_name":"JVD","article_modified_time":"2025-09-16T15:12:13+00:00","og_image":[{"width":1920,"height":820,"url":"https:\/\/www.jvd.fr\/wp-content\/uploads\/2025\/07\/distributeur-papier-accueil-jvd.jpg","type":"image\/jpeg"}],"schema":{"@context":"https:\/\/schema.org","@graph":[{"@type":"WebPage","@id":"https:\/\/www.jvd.fr\/de\/papiertuchspender\/","url":"https:\/\/www.jvd.fr\/de\/papiertuchspender\/","name":"Papiertuchspender - JVD","isPartOf":{"@id":"https:\/\/www.jvd.fr\/de\/#website"},"primaryImageOfPage":{"@id":"https:\/\/www.jvd.fr\/de\/papiertuchspender\/#primaryimage"},"image":{"@id":"https:\/\/www.jvd.fr\/de\/papiertuchspender\/#primaryimage"},"thumbnailUrl":"https:\/\/www.jvd.fr\/wp-content\/uploads\/2025\/07\/distributeur-papier-accueil-jvd.jpg","datePublished":"2025-07-15T08:57:31+00:00","dateModified":"2025-09-16T15:12:13+00:00","description":"Bei JVD erf\u00fcllen wir diese Anforderungen mit Design-, ergonomischen und langlebigen Spender-Serien, hergestellt in unserem Werk in Nantes.","breadcrumb":{"@id":"https:\/\/www.jvd.fr\/de\/papiertuchspender\/#breadcrumb"},"inLanguage":"de","potentialAction":[{"@type":"ReadAction","target":["https:\/\/www.jvd.fr\/de\/papiertuchspender\/"]}]},{"@type":"ImageObject","inLanguage":"de","@id":"https:\/\/www.jvd.fr\/de\/papiertuchspender\/#primaryimage","url":"https:\/\/www.jvd.fr\/wp-content\/uploads\/2025\/07\/distributeur-papier-accueil-jvd.jpg","contentUrl":"https:\/\/www.jvd.fr\/wp-content\/uploads\/2025\/07\/distributeur-papier-accueil-jvd.jpg","width":1920,"height":820},{"@type":"BreadcrumbList","@id":"https:\/\/www.jvd.fr\/de\/papiertuchspender\/#breadcrumb","itemListElement":[{"@type":"ListItem","position":1,"name":"Accueil","item":"https:\/\/www.jvd.fr\/de\/"},{"@type":"ListItem","position":2,"name":"Papiertuchspender"}]},{"@type":"WebSite","@id":"https:\/\/www.jvd.fr\/de\/#website","url":"https:\/\/www.jvd.fr\/de\/","name":"JVD","description":"Products that care","potentialAction":[{"@type":"SearchAction","target":{"@type":"EntryPoint","urlTemplate":"https:\/\/www.jvd.fr\/de\/?s={search_term_string}"},"query-input":{"@type":"PropertyValueSpecification","valueRequired":true,"valueName":"search_term_string"}}],"inLanguage":"de"}]}},"_links":{"self":[{"href":"https:\/\/www.jvd.fr\/de\/wp-json\/wp\/v2\/pages\/42946","targetHints":{"allow":["GET"]}}],"collection":[{"href":"https:\/\/www.jvd.fr\/de\/wp-json\/wp\/v2\/pages"}],"about":[{"href":"https:\/\/www.jvd.fr\/de\/wp-json\/wp\/v2\/types\/page"}],"author":[{"embeddable":true,"href":"https:\/\/www.jvd.fr\/de\/wp-json\/wp\/v2\/users\/4"}],"replies":[{"embeddable":true,"href":"https:\/\/www.jvd.fr\/de\/wp-json\/wp\/v2\/comments?post=42946"}],"version-history":[{"count":9,"href":"https:\/\/www.jvd.fr\/de\/wp-json\/wp\/v2\/pages\/42946\/revisions"}],"predecessor-version":[{"id":59956,"href":"https:\/\/www.jvd.fr\/de\/wp-json\/wp\/v2\/pages\/42946\/revisions\/59956"}],"wp:featuredmedia":[{"embeddable":true,"href":"https:\/\/www.jvd.fr\/de\/wp-json\/wp\/v2\/media\/37116"}],"wp:attachment":[{"href":"https:\/\/www.jvd.fr\/de\/wp-json\/wp\/v2\/media?parent=42946"}],"curies":[{"name":"wp","href":"https:\/\/api.w.org\/{rel}","templated":true}]}}