{"id":42044,"date":"2025-07-03T12:00:06","date_gmt":"2025-07-03T10:00:06","guid":{"rendered":"https:\/\/jvdwoo2025.dnstemporaire.fr\/?page_id=42044"},"modified":"2025-09-15T14:47:43","modified_gmt":"2025-09-15T12:47:43","slug":"massgeschneidertes-zubehoer","status":"publish","type":"page","link":"https:\/\/www.jvd.fr\/de\/massgeschneidertes-zubehoer\/","title":{"rendered":"Ma\u00dfgeschneidertes Zubeh\u00f6r"},"content":{"rendered":"\n<div id=\"wp-block-jvd-banner-block_f81788ba3cd3245a4af1def1b397618f\" style=\"margin-bottom:var(--wp--preset--spacing--100);\" class=\"wp-block-jvd-banner align wp-block-acf-banner\">\n    <div class=\"jvd-banner\">\n                        <figure class=\"jvd-banner__img\" data-gradient=\"1\">\n            <img decoding=\"async\" src=\"https:\/\/www.jvd.fr\/wp-content\/uploads\/2025\/07\/images-hotellerie-1200.jpg\" width=\"1200\" height=\"675\" alt=\"accessoires sur-mesure avec la gamme d&#039;accessoires Adesign by JVD\" loading=\"lazy\" \/>\n        <\/figure>\n\t                <\/div>\n<\/div>\n\n\n<div class=\"wp-block-group has-global-padding is-layout-constrained wp-block-group-is-layout-constrained\" style=\"margin-bottom:var(--wp--preset--spacing--100)\">\n<div class=\"wp-block-columns are-vertically-aligned-center is-layout-flex wp-container-core-columns-is-layout-cbe57604 wp-block-columns-is-layout-flex\">\n<div class=\"wp-block-column is-vertically-aligned-center is-layout-flow wp-block-column-is-layout-flow\">\n<h2 class=\"wp-block-heading\"><strong>M\u00f6chten Sie Ihre eigenen Accessoires gestalten?<\/strong><\/h2>\n\n\n\n<p>Unsere ma\u00dfgeschneiderte Accessoires wird individuell nach Ihren W\u00fcnschen entworfen und erm\u00f6glicht es Ihnen, pers\u00f6nliche und einzigartige Ausstattungen f\u00fcr Schlafzimmer und Badezimmer zu kreieren. Bringen Sie Ihren Stil zum Ausdruck, indem Sie Farben, Texturen und Accessoires nach Ihrem Geschmack ausw\u00e4hlen.<\/p>\n\n\n\n<p>Farben, Materialien, Oberfl\u00e4chen \u2026 gestalten Sie eine Atmosph\u00e4re, die Ihre Pers\u00f6nlichkeit widerspiegelt!<\/p>\n\n\n\n<div class=\"wp-block-buttons is-layout-flex wp-block-buttons-is-layout-flex\">\n<div class=\"wp-block-button\"><a class=\"wp-block-button__link wp-element-button\" href=\"https:\/\/share-eu1.hsforms.com\/1D1pYfY9ySKu6Mr344NqNBQexg1v\" target=\"_blank\" rel=\"noreferrer noopener\">Ich bin daran interessiert<\/a><\/div>\n<\/div>\n<\/div>\n\n\n\n<div class=\"wp-block-column is-vertically-aligned-center is-layout-flow wp-block-column-is-layout-flow\">\n<figure class=\"wp-block-image size-square has-custom-border is-style-default\"><img loading=\"lazy\" decoding=\"async\" width=\"600\" height=\"600\" src=\"https:\/\/www.jvd.fr\/wp-content\/uploads\/2025\/06\/detailcavern-600x600.jpg\" alt=\"accessoire sur-mesure avec une texture type pierre\" class=\"wp-image-5777\" style=\"border-radius:20px\" srcset=\"https:\/\/www.jvd.fr\/wp-content\/uploads\/2025\/06\/detailcavern-600x600.jpg 600w, https:\/\/www.jvd.fr\/wp-content\/uploads\/2025\/06\/detailcavern-300x300.jpg 300w, https:\/\/www.jvd.fr\/wp-content\/uploads\/2025\/06\/detailcavern-100x100.jpg 100w, https:\/\/www.jvd.fr\/wp-content\/uploads\/2025\/06\/detailcavern-150x150.jpg 150w\" sizes=\"auto, (max-width: 600px) 100vw, 600px\" \/><\/figure>\n<\/div>\n<\/div>\n<\/div>\n\n\n\n<div class=\"wp-block-group is-layout-flow wp-block-group-is-layout-flow\" style=\"margin-bottom:var(--wp--preset--spacing--100)\">\n<h2 class=\"wp-block-heading has-text-align-center\">Einzigartige Farben, Materialien und Oberfl\u00e4chen<\/h2>\n\n\n\n<div id=\"wp-block-jvd-cards-block_8776ba6c7525e81332f315d1fe346a42\" class=\"wp-block-jvd-cards align wp-block-acf-cards\">\n\t    <div class=\"jvd-cards\" data-display=\"grid\" data-columns=\"4\" data-count=\"4\" data-parity=\"even\">\n\t\t        <div class=\"jvd-card\" data-link=\"0\" data-img-ratio=\"landscape\" data-text-pos=\"under\">\n            <figure class=\"jvd-card__img\">\n\t\t\t                    <img decoding=\"async\" src=\"https:\/\/www.jvd.fr\/wp-content\/uploads\/2025\/07\/pu-leather-600x400.jpg\" width=\"600\" height=\"400\" alt=\"Accessoires sur-mesure effet naturel avec cuir, bois ou pierre\" loading=\"lazy\" \/>\n\t\t\t                <\/figure>\n            <div class=\"jvd-card__content\">\n                <h3 class=\"jvd-card__title\">Nat\u00fcrliche Texturen<\/h3>                                <p class=\"jvd-card__text\">Leder-, Holz-, Stein- und Sandeffekt \u2026<\/p>\n                            <\/div>\n        <\/div>\n\t\t        <div class=\"jvd-card\" data-link=\"0\" data-img-ratio=\"landscape\" data-text-pos=\"under\">\n            <figure class=\"jvd-card__img\">\n\t\t\t                    <img decoding=\"async\" src=\"https:\/\/www.jvd.fr\/wp-content\/uploads\/2025\/07\/resin-600x400.jpg\" width=\"600\" height=\"400\" alt=\"Accessoires sur-mesure avec effet marbre ou terrazzo\" loading=\"lazy\" \/>\n\t\t\t                <\/figure>\n            <div class=\"jvd-card__content\">\n                <h3 class=\"jvd-card__title\">Effekt in Harz- und Mineraloptik<\/h3>                                <p class=\"jvd-card__text\">In Marmor- oder Terrazzo-Optik<\/p>\n                            <\/div>\n        <\/div>\n\t\t        <div class=\"jvd-card\" data-link=\"0\" data-img-ratio=\"landscape\" data-text-pos=\"under\">\n            <figure class=\"jvd-card__img\">\n\t\t\t                    <img decoding=\"async\" src=\"https:\/\/www.jvd.fr\/wp-content\/uploads\/2025\/07\/gold-and-steel-600x400.jpg\" width=\"600\" height=\"400\" alt=\"ac\" loading=\"lazy\" \/>\n\t\t\t                <\/figure>\n            <div class=\"jvd-card__content\">\n                <h3 class=\"jvd-card__title\">Metall<\/h3>                                <p class=\"jvd-card__text\">Details in Gold oder Silber<\/p>\n                            <\/div>\n        <\/div>\n\t\t        <div class=\"jvd-card\" data-link=\"0\" data-img-ratio=\"landscape\" data-text-pos=\"under\">\n            <figure class=\"jvd-card__img\">\n\t\t\t                    <img decoding=\"async\" src=\"https:\/\/www.jvd.fr\/wp-content\/uploads\/2025\/07\/acrylic-600x400.jpg\" width=\"600\" height=\"400\" alt=\"Accessoires sur-mesure - couleurs, mati\u00e8res et finitions uniques\" loading=\"lazy\" \/>\n\t\t\t                <\/figure>\n            <div class=\"jvd-card__content\">\n                <h3 class=\"jvd-card__title\">Acryl \u2013 zeitlos elegant<\/h3>                                <p class=\"jvd-card__text\">Matt schwarze und cremewei\u00dfe Tasten&#8230;<\/p>\n                            <\/div>\n        <\/div>\n\t\t    <\/div>\n    <\/div>\n<\/div>\n\n\n\n<div class=\"wp-block-group has-pinetree-background-color has-background has-global-padding is-layout-constrained wp-container-core-group-is-layout-47db984f wp-block-group-is-layout-constrained\" style=\"border-style:none;border-width:0px;border-radius:25px;margin-bottom:var(--wp--preset--spacing--100);padding-top:var(--wp--preset--spacing--75);padding-right:var(--wp--preset--spacing--75);padding-bottom:var(--wp--preset--spacing--75);padding-left:var(--wp--preset--spacing--75)\">\n<h2 class=\"wp-block-heading has-text-align-center has-lightgrey-color has-text-color has-link-color wp-elements-f63b82b7ebe663e11f23b4d8d69de5a7\">Sind Sie an unseren ma\u00dfgeschneiderten <br>Accessoires interessiert?<\/h2>\n\n\n\n<p class=\"has-text-align-center has-lightgrey-color has-text-color has-link-color wp-elements-95880559cd01227cf8b849d09bd12ab9\">Ob Sie weitere Informationen zu diesem Angebot w\u00fcnschen oder fachkundige Beratung ben\u00f6tigen, <br>z\u00f6gern Sie bitte nicht, uns f\u00fcr eine Video- oder Telefonberatung zu kontaktieren.<\/p>\n\n\n\n<div class=\"wp-block-buttons is-content-justification-center is-layout-flex wp-container-core-buttons-is-layout-a89b3969 wp-block-buttons-is-layout-flex\">\n<div class=\"wp-block-button is-style-secondary-button\"><a class=\"wp-block-button__link wp-element-button\" href=\"https:\/\/share-eu1.hsforms.com\/1D1pYfY9ySKu6Mr344NqNBQexg1v\" target=\"_blank\" rel=\"noreferrer noopener\">Kontaktieren Sie uns<\/a><\/div>\n<\/div>\n<\/div>\n\n\n\n<div class=\"wp-block-group has-global-padding is-layout-constrained wp-block-group-is-layout-constrained\" style=\"margin-bottom:var(--wp--preset--spacing--100)\">\n<h2 class=\"wp-block-heading has-text-align-center\">Lassen Sie sich von bereits gefertigten ma\u00dfgeschneiderten Accessoires inspirieren<\/h2>\n\n\n\n<div id=\"wp-block-jvd-cards-block_d8097d151e44aa557db3cbb724f7dc6e\" class=\"wp-block-jvd-cards align wp-block-acf-cards\">\n\t    <div class=\"jvd-cards\" data-display=\"mosaic\" data-columns=\"0\" data-count=\"5\" data-parity=\"odd\">\n\t\t        <div class=\"jvd-card\" data-link=\"0\" data-img-ratio=\"landscape\" data-text-pos=\"under\">\n            <figure class=\"jvd-card__img\">\n\t\t\t                    <img decoding=\"async\" src=\"https:\/\/www.jvd.fr\/wp-content\/uploads\/2025\/07\/tons-chauds-600x400.jpg\" width=\"600\" height=\"400\" alt=\"Accessoires sur-mesure orang\u00e9s\" loading=\"lazy\" \/>\n\t\t\t                <\/figure>\n            <div class=\"jvd-card__content\">\n                <h3 class=\"jvd-card__title\">Sanfte Siena-Erde<\/h3>                                <p class=\"jvd-card__text\">Eine warme und einh\u00fcllende Atmosph\u00e4re, in der Oranget\u00f6ne und Holzelemente nahtlos mit nat\u00fcrlichen Materialien wie hellen Stoffen und cremewei\u00dfen Nuancen verschmelzen. Ein subtiler Ausgleich zwischen Authentizit\u00e4t und Eleganz.<\/p>\n                            <\/div>\n        <\/div>\n\t\t        <div class=\"jvd-card\" data-link=\"0\" data-img-ratio=\"landscape\" data-text-pos=\"under\">\n            <figure class=\"jvd-card__img\">\n\t\t\t                    <img decoding=\"async\" src=\"https:\/\/www.jvd.fr\/wp-content\/uploads\/2025\/07\/chic-et-elegant-600x400.jpg\" width=\"600\" height=\"400\" alt=\"Acce\" loading=\"lazy\" \/>\n\t\t\t                <\/figure>\n            <div class=\"jvd-card__content\">\n                <h3 class=\"jvd-card__title\">Edles Schwarz &amp; Gold<\/h3>                                <p class=\"jvd-card__text\">Eine anspruchsvolle Atmosph\u00e4re, in der mattes Schwarz und Gold eine moderne Note setzen und so einen schicken und zeitlosen Raum schaffen.<\/p>\n                            <\/div>\n        <\/div>\n\t\t        <div class=\"jvd-card\" data-link=\"0\" data-img-ratio=\"landscape\" data-text-pos=\"under\">\n            <figure class=\"jvd-card__img\">\n\t\t\t                    <img decoding=\"async\" src=\"https:\/\/www.jvd.fr\/wp-content\/uploads\/2025\/07\/moderne-et-epure-600x400.jpg\" width=\"600\" height=\"400\" alt=\"\" loading=\"lazy\" \/>\n\t\t\t                <\/figure>\n            <div class=\"jvd-card__content\">\n                <h3 class=\"jvd-card__title\">Oliven-Schimmer<\/h3>                                <p class=\"jvd-card__text\">Eine helle und nat\u00fcrliche Atmosph\u00e4re, in der Olivgr\u00fcn perfekt mit hellem Holz und cremigem Wei\u00df harmoniert und so ein frisches und zeitgem\u00e4\u00dfes Ambiente schafft.<\/p>\n                            <\/div>\n        <\/div>\n\t\t        <div class=\"jvd-card\" data-link=\"0\" data-img-ratio=\"landscape\" data-text-pos=\"under\">\n            <figure class=\"jvd-card__img\">\n\t\t\t                    <img decoding=\"async\" src=\"https:\/\/www.jvd.fr\/wp-content\/uploads\/2025\/07\/moderne-et-elegant-1-600x400.jpg\" width=\"600\" height=\"400\" alt=\"\" loading=\"lazy\" \/>\n\t\t\t                <\/figure>\n            <div class=\"jvd-card__content\">\n                <h3 class=\"jvd-card__title\">Eleganz in Leder und Holz<\/h3>                                <p class=\"jvd-card__text\">Eine warme Verschmelzung von tiefen Braunt\u00f6nen und nat\u00fcrlichen Strukturen, die dem Raum eine elegante und moderne Note verleiht, begleitet von einer dezent holzigen W\u00e4rme.<\/p>\n                            <\/div>\n        <\/div>\n\t\t        <div class=\"jvd-card\" data-link=\"0\" data-img-ratio=\"landscape\" data-text-pos=\"under\">\n            <figure class=\"jvd-card__img\">\n\t\t\t                    <img decoding=\"async\" src=\"https:\/\/www.jvd.fr\/wp-content\/uploads\/2025\/07\/ambiance-des-iles-600x400.jpg\" width=\"600\" height=\"400\" alt=\"\" loading=\"lazy\" \/>\n\t\t\t                <\/figure>\n            <div class=\"jvd-card__content\">\n                <h3 class=\"jvd-card__title\">Exotische Auszeit<\/h3>                                <p class=\"jvd-card__text\">Eine beruhigende, tropische Atmosph\u00e4re, in der Holzt\u00f6ne und nat\u00fcrliche Materialien harmonisch verschmelzen und so einen warmen und edlen Raum schaffen.<\/p>\n                            <\/div>\n        <\/div>\n\t\t    <\/div>\n    <\/div>\n<\/div>\n\n\n\n<div class=\"wp-block-group is-layout-flow wp-block-group-is-layout-flow\">\n<h2 class=\"wp-block-heading has-text-align-center\">Durchst\u00f6bern Sie die verf\u00fcgbaren Kollektionen<\/h2>\n\n\n\n<div id=\"wp-block-jvd-cards-block_d8bd13c847fb7d89a695334c3c93199f\" class=\"wp-block-jvd-cards align wp-block-acf-cards\">\n\t    <div class=\"swiper jvd-carousel js_cards\" data-display=\"carrousel\">\n        <div class=\"swiper__nav\">\n            <div class=\"swiper__nav__prev js_cards_prev\">\n                <svg width=\"13\" height=\"20\" aria-hidden=\"true\" role=\"presentation\"><use xlink:href=\"#slide-prev\"\/><\/svg>\n            <\/div>\n            <div class=\"swiper__nav__next js_cards_next\">\n                <svg width=\"13\" height=\"20\" aria-hidden=\"true\" role=\"presentation\"><use xlink:href=\"#slide-next\"\/><\/svg>\n            <\/div>\n        <\/div>\n        <div class=\"swiper-wrapper\">\n                        <div class=\"swiper-slide\">\n                <div class=\"jvd-card\" data-link=\"1\" data-img-ratio=\"landscape\" data-text-pos=\"under\">\n                                        <figure class=\"jvd-card__img\">\n                                                    <img decoding=\"async\" src=\"https:\/\/www.jvd.fr\/wp-content\/uploads\/2025\/06\/kaizen-600x400.jpg\" width=\"600\" height=\"400\" alt=\"collection d&#039;accessoires Kaizen pour chambre d&#039;h\u00f4tel\" loading=\"lazy\" \/>\n                                            <\/figure>\n                    <div class=\"jvd-card__content\">\n                                                <h3 class=\"jvd-card__title\">\n                                                        <a href=\"https:\/\/www.jvd.fr\/de\/categorie\/hotel-willkommens-tabletts-kaizen\/\">\n                                                        KAIZEN Kollektion                                                        <\/a>\n                                                    <\/h3>\n                                                <p class=\"jvd-card__text\">Nat\u00fcrlicher und ged\u00e4mpfter Ton<\/p>\n                    <\/div>\n                <\/div>\n            <\/div>\n                        <div class=\"swiper-slide\">\n                <div class=\"jvd-card\" data-link=\"1\" data-img-ratio=\"landscape\" data-text-pos=\"under\">\n                                        <figure class=\"jvd-card__img\">\n                                                    <img decoding=\"async\" src=\"https:\/\/www.jvd.fr\/wp-content\/uploads\/2025\/06\/terrazo-600x400.jpg\" width=\"600\" height=\"400\" alt=\"collection Terrazo d&#039;accessoires pour les salles de bain d&#039;h\u00f4tel\" loading=\"lazy\" \/>\n                                            <\/figure>\n                    <div class=\"jvd-card__content\">\n                                                <h3 class=\"jvd-card__title\">\n                                                        <a href=\"https:\/\/www.jvd.fr\/de\/categorie\/hotel-badezimmer-accessoires-terrazo\/\">\n                                                        TERRAZO Kollektion                                                        <\/a>\n                                                    <\/h3>\n                                                <p class=\"jvd-card__text\">Rohes und nat\u00fcrliches Erscheinungsbild<\/p>\n                    <\/div>\n                <\/div>\n            <\/div>\n                        <div class=\"swiper-slide\">\n                <div class=\"jvd-card\" data-link=\"1\" data-img-ratio=\"landscape\" data-text-pos=\"under\">\n                                        <figure class=\"jvd-card__img\">\n                                                    <img decoding=\"async\" src=\"https:\/\/www.jvd.fr\/wp-content\/uploads\/2025\/06\/tangerine-600x400.jpg\" width=\"600\" height=\"400\" alt=\"collection Tangerine d&#039;accessoires pour chambre d&#039;h\u00f4tel avec cuir orang\u00e9\" loading=\"lazy\" \/>\n                                            <\/figure>\n                    <div class=\"jvd-card__content\">\n                                                <h3 class=\"jvd-card__title\">\n                                                        <a href=\"https:\/\/www.jvd.fr\/de\/categorie\/hotel-accessoires-tangerine\/\">\n                                                        TANGERINE Kollektion                                                        <\/a>\n                                                    <\/h3>\n                                                <p class=\"jvd-card__text\">Moderner und retro Leder<\/p>\n                    <\/div>\n                <\/div>\n            <\/div>\n                        <div class=\"swiper-slide\">\n                <div class=\"jvd-card\" data-link=\"1\" data-img-ratio=\"landscape\" data-text-pos=\"under\">\n                                        <figure class=\"jvd-card__img\">\n                                                    <img decoding=\"async\" src=\"https:\/\/www.jvd.fr\/wp-content\/uploads\/2025\/06\/jvx042-cavern2-600x400.jpg\" width=\"600\" height=\"400\" alt=\"\" loading=\"lazy\" \/>\n                                            <\/figure>\n                    <div class=\"jvd-card__content\">\n                                                <h3 class=\"jvd-card__title\">\n                                                        <a href=\"https:\/\/www.jvd.fr\/de\/categorie\/hotel-badezimmer-accessoires-cavern\/\">\n                                                        CAVERN Kollektion                                                        <\/a>\n                                                    <\/h3>\n                                                <p class=\"jvd-card__text\">Stein-inspirierte Struktur<\/p>\n                    <\/div>\n                <\/div>\n            <\/div>\n                    <\/div>\n    <\/div>\n    <\/div>\n<\/div>\n","protected":false},"excerpt":{"rendered":"<p>M\u00f6chten Sie Ihre eigenen Accessoires gestalten? Unsere ma\u00dfgeschneiderte Accessoires wird individuell nach Ihren W\u00fcnschen entworfen und erm\u00f6glicht es Ihnen, pers\u00f6nliche und einzigartige Ausstattungen f\u00fcr Schlafzimmer und Badezimmer zu kreieren. Bringen Sie Ihren Stil zum Ausdruck, indem Sie Farben, Texturen und Accessoires nach Ihrem Geschmack ausw\u00e4hlen. Farben, Materialien, Oberfl\u00e4chen \u2026 gestalten Sie eine Atmosph\u00e4re, die Ihre [&hellip;]<\/p>\n","protected":false},"author":4,"featured_media":0,"parent":0,"menu_order":0,"comment_status":"closed","ping_status":"closed","template":"","meta":{"_acf_changed":false,"content-type":"","_searchwp_excluded":"","inline_featured_image":false,"footnotes":""},"class_list":["post-42044","page","type-page","status-publish","hentry"],"acf":[],"yoast_head":"<!-- This site is optimized with the Yoast SEO plugin v27.1.1 - https:\/\/yoast.com\/product\/yoast-seo-wordpress\/ -->\n<title>Ma\u00dfgeschneidertes Zubeh\u00f6r - JVD<\/title>\n<meta name=\"description\" content=\"Mit unseren ma\u00dfgeschneiderten Accessoires von Adesign k\u00f6nnen Sie einzigartige Einrichtungsgegenst\u00e4nde f\u00fcr Ihr Hotel gestalten.\" \/>\n<meta name=\"robots\" content=\"index, follow, max-snippet:-1, max-image-preview:large, max-video-preview:-1\" \/>\n<link rel=\"canonical\" href=\"https:\/\/www.jvd.fr\/de\/massgeschneidertes-zubehoer\/\" \/>\n<meta property=\"og:locale\" content=\"de_DE\" \/>\n<meta property=\"og:type\" content=\"article\" \/>\n<meta property=\"og:title\" content=\"Ma\u00dfgeschneidertes Zubeh\u00f6r - JVD\" \/>\n<meta property=\"og:description\" content=\"Mit unseren ma\u00dfgeschneiderten Accessoires von Adesign k\u00f6nnen Sie einzigartige Einrichtungsgegenst\u00e4nde f\u00fcr Ihr Hotel gestalten.\" \/>\n<meta property=\"og:url\" content=\"https:\/\/www.jvd.fr\/de\/massgeschneidertes-zubehoer\/\" \/>\n<meta property=\"og:site_name\" content=\"JVD\" \/>\n<meta property=\"article:modified_time\" content=\"2025-09-15T12:47:43+00:00\" \/>\n<meta property=\"og:image\" content=\"https:\/\/www.jvd.fr\/wp-content\/uploads\/2025\/06\/detailcavern-600x600.jpg\" \/>\n<script type=\"application\/ld+json\" class=\"yoast-schema-graph\">{\"@context\":\"https:\/\/schema.org\",\"@graph\":[{\"@type\":\"WebPage\",\"@id\":\"https:\/\/www.jvd.fr\/de\/massgeschneidertes-zubehoer\/\",\"url\":\"https:\/\/www.jvd.fr\/de\/massgeschneidertes-zubehoer\/\",\"name\":\"Ma\u00dfgeschneidertes Zubeh\u00f6r - JVD\",\"isPartOf\":{\"@id\":\"https:\/\/www.jvd.fr\/de\/#website\"},\"primaryImageOfPage\":{\"@id\":\"https:\/\/www.jvd.fr\/de\/massgeschneidertes-zubehoer\/#primaryimage\"},\"image\":{\"@id\":\"https:\/\/www.jvd.fr\/de\/massgeschneidertes-zubehoer\/#primaryimage\"},\"thumbnailUrl\":\"https:\/\/www.jvd.fr\/wp-content\/uploads\/2025\/06\/detailcavern-600x600.jpg\",\"datePublished\":\"2025-07-03T10:00:06+00:00\",\"dateModified\":\"2025-09-15T12:47:43+00:00\",\"description\":\"Mit unseren ma\u00dfgeschneiderten Accessoires von Adesign k\u00f6nnen Sie einzigartige Einrichtungsgegenst\u00e4nde f\u00fcr Ihr Hotel gestalten.\",\"breadcrumb\":{\"@id\":\"https:\/\/www.jvd.fr\/de\/massgeschneidertes-zubehoer\/#breadcrumb\"},\"inLanguage\":\"de\",\"potentialAction\":[{\"@type\":\"ReadAction\",\"target\":[\"https:\/\/www.jvd.fr\/de\/massgeschneidertes-zubehoer\/\"]}]},{\"@type\":\"ImageObject\",\"inLanguage\":\"de\",\"@id\":\"https:\/\/www.jvd.fr\/de\/massgeschneidertes-zubehoer\/#primaryimage\",\"url\":\"https:\/\/www.jvd.fr\/wp-content\/uploads\/2025\/06\/detailcavern-600x600.jpg\",\"contentUrl\":\"https:\/\/www.jvd.fr\/wp-content\/uploads\/2025\/06\/detailcavern-600x600.jpg\"},{\"@type\":\"BreadcrumbList\",\"@id\":\"https:\/\/www.jvd.fr\/de\/massgeschneidertes-zubehoer\/#breadcrumb\",\"itemListElement\":[{\"@type\":\"ListItem\",\"position\":1,\"name\":\"Accueil\",\"item\":\"https:\/\/www.jvd.fr\/de\/\"},{\"@type\":\"ListItem\",\"position\":2,\"name\":\"Ma\u00dfgeschneidertes Zubeh\u00f6r\"}]},{\"@type\":\"WebSite\",\"@id\":\"https:\/\/www.jvd.fr\/de\/#website\",\"url\":\"https:\/\/www.jvd.fr\/de\/\",\"name\":\"JVD\",\"description\":\"Products that care\",\"potentialAction\":[{\"@type\":\"SearchAction\",\"target\":{\"@type\":\"EntryPoint\",\"urlTemplate\":\"https:\/\/www.jvd.fr\/de\/?s={search_term_string}\"},\"query-input\":{\"@type\":\"PropertyValueSpecification\",\"valueRequired\":true,\"valueName\":\"search_term_string\"}}],\"inLanguage\":\"de\"}]}<\/script>\n<!-- \/ Yoast SEO plugin. -->","yoast_head_json":{"title":"Ma\u00dfgeschneidertes Zubeh\u00f6r - JVD","description":"Mit unseren ma\u00dfgeschneiderten Accessoires von Adesign k\u00f6nnen Sie einzigartige Einrichtungsgegenst\u00e4nde f\u00fcr Ihr Hotel gestalten.","robots":{"index":"index","follow":"follow","max-snippet":"max-snippet:-1","max-image-preview":"max-image-preview:large","max-video-preview":"max-video-preview:-1"},"canonical":"https:\/\/www.jvd.fr\/de\/massgeschneidertes-zubehoer\/","og_locale":"de_DE","og_type":"article","og_title":"Ma\u00dfgeschneidertes Zubeh\u00f6r - JVD","og_description":"Mit unseren ma\u00dfgeschneiderten Accessoires von Adesign k\u00f6nnen Sie einzigartige Einrichtungsgegenst\u00e4nde f\u00fcr Ihr Hotel gestalten.","og_url":"https:\/\/www.jvd.fr\/de\/massgeschneidertes-zubehoer\/","og_site_name":"JVD","article_modified_time":"2025-09-15T12:47:43+00:00","og_image":[{"url":"https:\/\/www.jvd.fr\/wp-content\/uploads\/2025\/06\/detailcavern-600x600.jpg","type":"","width":"","height":""}],"schema":{"@context":"https:\/\/schema.org","@graph":[{"@type":"WebPage","@id":"https:\/\/www.jvd.fr\/de\/massgeschneidertes-zubehoer\/","url":"https:\/\/www.jvd.fr\/de\/massgeschneidertes-zubehoer\/","name":"Ma\u00dfgeschneidertes Zubeh\u00f6r - JVD","isPartOf":{"@id":"https:\/\/www.jvd.fr\/de\/#website"},"primaryImageOfPage":{"@id":"https:\/\/www.jvd.fr\/de\/massgeschneidertes-zubehoer\/#primaryimage"},"image":{"@id":"https:\/\/www.jvd.fr\/de\/massgeschneidertes-zubehoer\/#primaryimage"},"thumbnailUrl":"https:\/\/www.jvd.fr\/wp-content\/uploads\/2025\/06\/detailcavern-600x600.jpg","datePublished":"2025-07-03T10:00:06+00:00","dateModified":"2025-09-15T12:47:43+00:00","description":"Mit unseren ma\u00dfgeschneiderten Accessoires von Adesign k\u00f6nnen Sie einzigartige Einrichtungsgegenst\u00e4nde f\u00fcr Ihr Hotel gestalten.","breadcrumb":{"@id":"https:\/\/www.jvd.fr\/de\/massgeschneidertes-zubehoer\/#breadcrumb"},"inLanguage":"de","potentialAction":[{"@type":"ReadAction","target":["https:\/\/www.jvd.fr\/de\/massgeschneidertes-zubehoer\/"]}]},{"@type":"ImageObject","inLanguage":"de","@id":"https:\/\/www.jvd.fr\/de\/massgeschneidertes-zubehoer\/#primaryimage","url":"https:\/\/www.jvd.fr\/wp-content\/uploads\/2025\/06\/detailcavern-600x600.jpg","contentUrl":"https:\/\/www.jvd.fr\/wp-content\/uploads\/2025\/06\/detailcavern-600x600.jpg"},{"@type":"BreadcrumbList","@id":"https:\/\/www.jvd.fr\/de\/massgeschneidertes-zubehoer\/#breadcrumb","itemListElement":[{"@type":"ListItem","position":1,"name":"Accueil","item":"https:\/\/www.jvd.fr\/de\/"},{"@type":"ListItem","position":2,"name":"Ma\u00dfgeschneidertes Zubeh\u00f6r"}]},{"@type":"WebSite","@id":"https:\/\/www.jvd.fr\/de\/#website","url":"https:\/\/www.jvd.fr\/de\/","name":"JVD","description":"Products that care","potentialAction":[{"@type":"SearchAction","target":{"@type":"EntryPoint","urlTemplate":"https:\/\/www.jvd.fr\/de\/?s={search_term_string}"},"query-input":{"@type":"PropertyValueSpecification","valueRequired":true,"valueName":"search_term_string"}}],"inLanguage":"de"}]}},"_links":{"self":[{"href":"https:\/\/www.jvd.fr\/de\/wp-json\/wp\/v2\/pages\/42044","targetHints":{"allow":["GET"]}}],"collection":[{"href":"https:\/\/www.jvd.fr\/de\/wp-json\/wp\/v2\/pages"}],"about":[{"href":"https:\/\/www.jvd.fr\/de\/wp-json\/wp\/v2\/types\/page"}],"author":[{"embeddable":true,"href":"https:\/\/www.jvd.fr\/de\/wp-json\/wp\/v2\/users\/4"}],"replies":[{"embeddable":true,"href":"https:\/\/www.jvd.fr\/de\/wp-json\/wp\/v2\/comments?post=42044"}],"version-history":[{"count":2,"href":"https:\/\/www.jvd.fr\/de\/wp-json\/wp\/v2\/pages\/42044\/revisions"}],"predecessor-version":[{"id":59741,"href":"https:\/\/www.jvd.fr\/de\/wp-json\/wp\/v2\/pages\/42044\/revisions\/59741"}],"wp:attachment":[{"href":"https:\/\/www.jvd.fr\/de\/wp-json\/wp\/v2\/media?parent=42044"}],"curies":[{"name":"wp","href":"https:\/\/api.w.org\/{rel}","templated":true}]}}