{"id":41753,"date":"2025-06-24T16:59:23","date_gmt":"2025-06-24T14:59:23","guid":{"rendered":"https:\/\/jvdwoo2025.dnstemporaire.fr\/?page_id=41753"},"modified":"2026-03-12T10:46:35","modified_gmt":"2026-03-12T09:46:35","slug":"schutz-de","status":"publish","type":"page","link":"https:\/\/www.jvd.fr\/de\/schutz-de\/","title":{"rendered":"Pr\u00e4vention"},"content":{"rendered":"\n<h2 class=\"wp-block-heading has-text-align-center\">Alle Kategorien Pr\u00e4vention<\/h2>\n\n\n<div id=\"wp-block-jvd-categories-block_58c51dde1965450d5813c729a1a46cd5\" class=\"wp-block-jvd-categories align wp-block-acf-categories\">\n    <ul class=\"categories\">\n                <li class=\"loop-category\">\n            <a href=\"https:\/\/www.jvd.fr\/de\/categorie\/desinfektionsschranke-de\/\">\n                <figure class=\"loop-category__img\">\n                                        <img decoding=\"async\" src=\"https:\/\/www.jvd.fr\/wp-content\/uploads\/2025\/11\/jvx058-novven3-generique-hd-1-600x600.png\" width=\"600\" height=\"600\" alt=\"Desinfektionsschr\u00e4nke\" loading=\"lazy\" \/>\n                                    <\/figure>\n                <div class=\"loop-category__body\">\n                    <h3 class=\"loop-category__name\">Desinfektionsschr\u00e4nke<\/h3>\n                                        <div class=\"loop-category__desc\">\n                        Entdecken Sie unsere hochspezialisierten Desinfektionsschr\u00e4nke, die f\u00fcr die Pflege von PSA unter hoher Beanspruchung in den anspruchsvollsten Umgebungen entwickelt wurden.                    <\/div>\n                                    <\/div>\n            <\/a>\n        <\/li>\n                <li class=\"loop-category\">\n            <a href=\"https:\/\/www.jvd.fr\/de\/categorie\/trocknungsspinde-de\/\">\n                <figure class=\"loop-category__img\">\n                                        <img decoding=\"async\" src=\"https:\/\/www.jvd.fr\/wp-content\/uploads\/2025\/06\/vestiaire-sechant-hygibox-jvd-hygitec.png\" width=\"\" height=\"\" alt=\"Trocknungsspinde\" loading=\"lazy\" \/>\n                                    <\/figure>\n                <div class=\"loop-category__body\">\n                    <h3 class=\"loop-category__name\">Trocknungsspinde<\/h3>\n                                        <div class=\"loop-category__desc\">\n                        Dank unserer beheizbaren, trocknenden und geruchsneutralisierenden Desinfektionsschr\u00e4nke und Garderoben verf\u00fcgen Sie jederzeit \u00fcber einsatzbereite PSA, die Komfort, Hygiene und Wohlbefinden garantieren.                    <\/div>\n                                    <\/div>\n            <\/a>\n        <\/li>\n                <li class=\"loop-category\">\n            <a href=\"https:\/\/www.jvd.fr\/de\/categorie\/stiefel-und-handschuhtrockner-de\/\">\n                <figure class=\"loop-category__img\">\n                                        <img decoding=\"async\" src=\"https:\/\/www.jvd.fr\/wp-content\/uploads\/2025\/06\/seche-bottes-hygifeet-jvd-hygitec.png\" width=\"\" height=\"\" alt=\"Stiefel- und Handschuhtrockner\" loading=\"lazy\" \/>\n                                    <\/figure>\n                <div class=\"loop-category__body\">\n                    <h3 class=\"loop-category__name\">Stiefel- und Handschuhtrockner<\/h3>\n                                        <div class=\"loop-category__desc\">\n                        Bieten Sie trockene und einsatzbereite Profiausr\u00fcstung an, um Unbehagen vorzubeugen, die Hygiene zu bewahren und die Nutzungsbedingungen zu verbessern.                    <\/div>\n                                    <\/div>\n            <\/a>\n        <\/li>\n            <\/ul>\n<\/div>\n    \n\n\n<div class=\"wp-block-buttons is-content-justification-center is-layout-flex wp-container-core-buttons-is-layout-a8e7aa03 wp-block-buttons-is-layout-flex\" style=\"margin-bottom:var(--wp--preset--spacing--100)\">\n<div class=\"wp-block-button\"><a class=\"wp-block-button__link wp-element-button\" href=\"https:\/\/www.jvd.fr\/de\/categorie\/schutz-de\/\">Alle Produkte Pr\u00e4vention<\/a><\/div>\n<\/div>\n\n\n\n<div class=\"wp-block-group has-global-padding is-layout-constrained wp-block-group-is-layout-constrained\" style=\"margin-bottom:var(--wp--preset--spacing--100)\">\n<div id=\"wp-block-jvd-banner-block_1aa373aebfaaff124d3185dbb5526d58\" class=\"wp-block-jvd-banner align wp-block-acf-banner\">\n    <div class=\"jvd-banner\">\n                        <figure class=\"jvd-banner__img\" data-gradient=\"1\">\n            <img decoding=\"async\" src=\"https:\/\/www.jvd.fr\/wp-content\/uploads\/2025\/06\/hommes-travaillant-dans-la-petrochimie-avec-une-tenue-de-travail.jpg\" width=\"1200\" height=\"673\" alt=\"hommes-travaillant-dans-la-p\u00e9trochimie-avec-une-tenue-de-travail\" loading=\"lazy\" \/>\n        <\/figure>\n\t                    <div class=\"jvd-banner__content\" data-halign=\"left\" data-valign=\"bottom\">\n                        <h2 class=\"jvd-banner__title\">F\u00fcr eine aktive Pr\u00e4vention <br \/>\r\nvon Gesundheitsrisiken und Unwohlsein.<\/h2>\n                                    <p class=\"jvd-banner__text\">JVD bietet das marktumfassendste Sortiment f\u00fcr die Pflege von PSA an, damit alle unter den besten Bedingungen arbeiten k\u00f6nnen.<br \/>\r\n<br \/>\r\nRisikominderung, Erhalt der Hygienebedingungen und des Wohlbefindens: Unsere L\u00f6sungen wirken pr\u00e4ventiv gegen Unwohlsein sowie Gesundheitsrisiken und gew\u00e4hrleisten eine hohe Verf\u00fcgbarkeit der Ausr\u00fcstung.<\/p>\n                                            <\/div>\n            <\/div>\n<\/div><\/div>\n\n\n\n<div class=\"wp-block-group has-global-padding is-layout-constrained wp-block-group-is-layout-constrained\" style=\"margin-bottom:var(--wp--preset--spacing--100)\">\n<h2 class=\"wp-block-heading\">Ein gesch\u00fctzter Alltag f\u00fcr Ihre Kunden und Nutzer<\/h2>\n\n\n\n<div id=\"wp-block-jvd-cards-block_ddc6f30aaff2c883bc9cd25fd2a4df6c\" class=\"wp-block-jvd-cards align wp-block-acf-cards\">\n\t    <div class=\"swiper jvd-carousel js_cards\" data-display=\"carrousel\">\n        <div class=\"swiper__nav\">\n            <div class=\"swiper__nav__prev js_cards_prev\">\n                <svg width=\"13\" height=\"20\" aria-hidden=\"true\" role=\"presentation\"><use xlink:href=\"#slide-prev\"\/><\/svg>\n            <\/div>\n            <div class=\"swiper__nav__next js_cards_next\">\n                <svg width=\"13\" height=\"20\" aria-hidden=\"true\" role=\"presentation\"><use xlink:href=\"#slide-next\"\/><\/svg>\n            <\/div>\n        <\/div>\n        <div class=\"swiper-wrapper\">\n                        <div class=\"swiper-slide\">\n                <div class=\"jvd-card\" data-link=\"1\" data-img-ratio=\"portrait\" data-text-pos=\"hover\">\n                                        <figure class=\"jvd-card__img\">\n                                                    <img decoding=\"async\" src=\"https:\/\/www.jvd.fr\/wp-content\/uploads\/2025\/04\/homme-pompier-novven-jvd-1200-600x800.jpg\" width=\"600\" height=\"800\" alt=\"\" loading=\"lazy\" \/>\n                                            <\/figure>\n                    <div class=\"jvd-card__content\">\n                                                <h3 class=\"jvd-card__title\">\n                                                        <a href=\"https:\/\/www.jvd.fr\/de\/aktivitat\/verteidigung-sicherheit\/\">\n                                                        Verteidigung, Sicherheit und Rettungsdienste                                                        <\/a>\n                                                    <\/h3>\n                                                <p class=\"jvd-card__text\"><\/p>\n                    <\/div>\n                <\/div>\n            <\/div>\n                        <div class=\"swiper-slide\">\n                <div class=\"jvd-card\" data-link=\"1\" data-img-ratio=\"portrait\" data-text-pos=\"hover\">\n                                        <figure class=\"jvd-card__img\">\n                                                    <img decoding=\"async\" src=\"https:\/\/www.jvd.fr\/wp-content\/uploads\/2025\/04\/creche-enfants-jvd-novven-600x800.jpg\" width=\"600\" height=\"800\" alt=\"jeunes enfants dans une cr\u00e8che avec une pu\u00e9ricultrice\" loading=\"lazy\" \/>\n                                            <\/figure>\n                    <div class=\"jvd-card__content\">\n                                                <h3 class=\"jvd-card__title\">\n                                                        <a href=\"https:\/\/www.jvd.fr\/de\/aktivitat\/fruhkindliche-erziehung-und-bildung\/kitas\/\">\n                                                        Fr\u00fchkindliche Betreuung                                                        <\/a>\n                                                    <\/h3>\n                                                <p class=\"jvd-card__text\"><\/p>\n                    <\/div>\n                <\/div>\n            <\/div>\n                        <div class=\"swiper-slide\">\n                <div class=\"jvd-card\" data-link=\"1\" data-img-ratio=\"portrait\" data-text-pos=\"hover\">\n                                        <figure class=\"jvd-card__img\">\n                                                    <img decoding=\"async\" src=\"https:\/\/www.jvd.fr\/wp-content\/uploads\/2025\/04\/industrie-equipements-jvd-600x800.jpg\" width=\"600\" height=\"800\" alt=\"Industrie \u00e9quipements JVD\" loading=\"lazy\" \/>\n                                            <\/figure>\n                    <div class=\"jvd-card__content\">\n                                                <h3 class=\"jvd-card__title\">\n                                                        <a href=\"https:\/\/www.jvd.fr\/de\/aktivitat\/industrieller-sektor\/\">\n                                                        Industrie                                                        <\/a>\n                                                    <\/h3>\n                                                <p class=\"jvd-card__text\"><\/p>\n                    <\/div>\n                <\/div>\n            <\/div>\n                        <div class=\"swiper-slide\">\n                <div class=\"jvd-card\" data-link=\"1\" data-img-ratio=\"portrait\" data-text-pos=\"hover\">\n                                        <figure class=\"jvd-card__img\">\n                                                    <img decoding=\"async\" src=\"https:\/\/www.jvd.fr\/wp-content\/uploads\/2025\/04\/sport-et-loisirs-jvd-600x800.jpg\" width=\"600\" height=\"800\" alt=\"Sport Et Loisirs JVD\" loading=\"lazy\" \/>\n                                            <\/figure>\n                    <div class=\"jvd-card__content\">\n                                                <h3 class=\"jvd-card__title\">\n                                                        <a href=\"https:\/\/www.jvd.fr\/de\/aktivitat\/sport-und-freizeit\/\">\n                                                        Sport und Freizeit                                                        <\/a>\n                                                    <\/h3>\n                                                <p class=\"jvd-card__text\"><\/p>\n                    <\/div>\n                <\/div>\n            <\/div>\n                    <\/div>\n    <\/div>\n    <\/div>\n<\/div>\n\n\n\n<div class=\"wp-block-group has-lightgrey-background-color has-background is-layout-flow wp-block-group-is-layout-flow\" style=\"border-radius:20px;padding-top:var(--wp--preset--spacing--75);padding-right:var(--wp--preset--spacing--75);padding-bottom:var(--wp--preset--spacing--75);padding-left:var(--wp--preset--spacing--75)\">\n<h2 class=\"wp-block-heading has-text-align-center\">Wir sind f\u00fcr Sie da<\/h2>\n\n\n\n<p class=\"has-text-align-center\">Ob f\u00fcr Produktinformationen oder Expertenrat,<br>z\u00f6gern Sie nicht, uns f\u00fcr ein Gespr\u00e4ch per Video oder Telefon zu kontaktieren.<\/p>\n\n\n\n<div class=\"wp-block-buttons is-content-justification-center is-layout-flex wp-container-core-buttons-is-layout-a89b3969 wp-block-buttons-is-layout-flex\">\n<div class=\"wp-block-button\"><a class=\"wp-block-button__link wp-element-button\" href=\"https:\/\/share-eu1.hsforms.com\/1D1pYfY9ySKu6Mr344NqNBQexg1v\">Kontakt aufnehmen<\/a><\/div>\n<\/div>\n<\/div>\n","protected":false},"excerpt":{"rendered":"<p>Alle Kategorien Pr\u00e4vention Ein gesch\u00fctzter Alltag f\u00fcr Ihre Kunden und Nutzer Wir sind f\u00fcr Sie da Ob f\u00fcr Produktinformationen oder Expertenrat,z\u00f6gern Sie nicht, uns f\u00fcr ein Gespr\u00e4ch per Video oder Telefon zu kontaktieren.<\/p>\n","protected":false},"author":1,"featured_media":63114,"parent":0,"menu_order":0,"comment_status":"closed","ping_status":"closed","template":"","meta":{"_acf_changed":false,"content-type":"","_searchwp_excluded":"","inline_featured_image":false,"footnotes":""},"class_list":["post-41753","page","type-page","status-publish","has-post-thumbnail","hentry"],"acf":[],"yoast_head":"<!-- This site is optimized with the Yoast SEO plugin v27.1.1 - https:\/\/yoast.com\/product\/yoast-seo-wordpress\/ -->\n<title>Pr\u00e4vention - JVD<\/title>\n<meta name=\"description\" content=\"Professionelle JVD-Pr\u00e4ventionsl\u00f6sungen zur St\u00e4rkung von Sicherheit, Hygiene und Konformit\u00e4t in anspruchsvollen Umgebungen.\" \/>\n<meta name=\"robots\" content=\"index, follow, max-snippet:-1, max-image-preview:large, max-video-preview:-1\" \/>\n<link rel=\"canonical\" href=\"https:\/\/www.jvd.fr\/de\/schutz-de\/\" \/>\n<meta property=\"og:locale\" content=\"de_DE\" \/>\n<meta property=\"og:type\" content=\"article\" \/>\n<meta property=\"og:title\" content=\"Pr\u00e4vention - JVD\" \/>\n<meta property=\"og:description\" content=\"Professionelle JVD-Pr\u00e4ventionsl\u00f6sungen zur St\u00e4rkung von Sicherheit, Hygiene und Konformit\u00e4t in anspruchsvollen Umgebungen.\" \/>\n<meta property=\"og:url\" content=\"https:\/\/www.jvd.fr\/de\/schutz-de\/\" \/>\n<meta property=\"og:site_name\" content=\"JVD\" \/>\n<meta property=\"article:modified_time\" content=\"2026-03-12T09:46:35+00:00\" \/>\n<meta property=\"og:image\" content=\"https:\/\/www.jvd.fr\/wp-content\/uploads\/2025\/11\/jvx058-novven3-generique-hd-retourne.jpg\" \/>\n\t<meta property=\"og:image:width\" content=\"2048\" \/>\n\t<meta property=\"og:image:height\" content=\"1436\" \/>\n\t<meta property=\"og:image:type\" content=\"image\/jpeg\" \/>\n<script type=\"application\/ld+json\" class=\"yoast-schema-graph\">{\"@context\":\"https:\/\/schema.org\",\"@graph\":[{\"@type\":\"WebPage\",\"@id\":\"https:\/\/www.jvd.fr\/de\/schutz-de\/\",\"url\":\"https:\/\/www.jvd.fr\/de\/schutz-de\/\",\"name\":\"Pr\u00e4vention - JVD\",\"isPartOf\":{\"@id\":\"https:\/\/www.jvd.fr\/de\/#website\"},\"primaryImageOfPage\":{\"@id\":\"https:\/\/www.jvd.fr\/de\/schutz-de\/#primaryimage\"},\"image\":{\"@id\":\"https:\/\/www.jvd.fr\/de\/schutz-de\/#primaryimage\"},\"thumbnailUrl\":\"https:\/\/www.jvd.fr\/wp-content\/uploads\/2025\/11\/jvx058-novven3-generique-hd-retourne.jpg\",\"datePublished\":\"2025-06-24T14:59:23+00:00\",\"dateModified\":\"2026-03-12T09:46:35+00:00\",\"description\":\"Professionelle JVD-Pr\u00e4ventionsl\u00f6sungen zur St\u00e4rkung von Sicherheit, Hygiene und Konformit\u00e4t in anspruchsvollen Umgebungen.\",\"breadcrumb\":{\"@id\":\"https:\/\/www.jvd.fr\/de\/schutz-de\/#breadcrumb\"},\"inLanguage\":\"de\",\"potentialAction\":[{\"@type\":\"ReadAction\",\"target\":[\"https:\/\/www.jvd.fr\/de\/schutz-de\/\"]}]},{\"@type\":\"ImageObject\",\"inLanguage\":\"de\",\"@id\":\"https:\/\/www.jvd.fr\/de\/schutz-de\/#primaryimage\",\"url\":\"https:\/\/www.jvd.fr\/wp-content\/uploads\/2025\/11\/jvx058-novven3-generique-hd-retourne.jpg\",\"contentUrl\":\"https:\/\/www.jvd.fr\/wp-content\/uploads\/2025\/11\/jvx058-novven3-generique-hd-retourne.jpg\",\"width\":2048,\"height\":1436},{\"@type\":\"BreadcrumbList\",\"@id\":\"https:\/\/www.jvd.fr\/de\/schutz-de\/#breadcrumb\",\"itemListElement\":[{\"@type\":\"ListItem\",\"position\":1,\"name\":\"Accueil\",\"item\":\"https:\/\/www.jvd.fr\/de\/\"},{\"@type\":\"ListItem\",\"position\":2,\"name\":\"Pr\u00e4vention\"}]},{\"@type\":\"WebSite\",\"@id\":\"https:\/\/www.jvd.fr\/de\/#website\",\"url\":\"https:\/\/www.jvd.fr\/de\/\",\"name\":\"JVD\",\"description\":\"Products that care\",\"potentialAction\":[{\"@type\":\"SearchAction\",\"target\":{\"@type\":\"EntryPoint\",\"urlTemplate\":\"https:\/\/www.jvd.fr\/de\/?s={search_term_string}\"},\"query-input\":{\"@type\":\"PropertyValueSpecification\",\"valueRequired\":true,\"valueName\":\"search_term_string\"}}],\"inLanguage\":\"de\"}]}<\/script>\n<!-- \/ Yoast SEO plugin. -->","yoast_head_json":{"title":"Pr\u00e4vention - JVD","description":"Professionelle JVD-Pr\u00e4ventionsl\u00f6sungen zur St\u00e4rkung von Sicherheit, Hygiene und Konformit\u00e4t in anspruchsvollen Umgebungen.","robots":{"index":"index","follow":"follow","max-snippet":"max-snippet:-1","max-image-preview":"max-image-preview:large","max-video-preview":"max-video-preview:-1"},"canonical":"https:\/\/www.jvd.fr\/de\/schutz-de\/","og_locale":"de_DE","og_type":"article","og_title":"Pr\u00e4vention - JVD","og_description":"Professionelle JVD-Pr\u00e4ventionsl\u00f6sungen zur St\u00e4rkung von Sicherheit, Hygiene und Konformit\u00e4t in anspruchsvollen Umgebungen.","og_url":"https:\/\/www.jvd.fr\/de\/schutz-de\/","og_site_name":"JVD","article_modified_time":"2026-03-12T09:46:35+00:00","og_image":[{"width":2048,"height":1436,"url":"https:\/\/www.jvd.fr\/wp-content\/uploads\/2025\/11\/jvx058-novven3-generique-hd-retourne.jpg","type":"image\/jpeg"}],"schema":{"@context":"https:\/\/schema.org","@graph":[{"@type":"WebPage","@id":"https:\/\/www.jvd.fr\/de\/schutz-de\/","url":"https:\/\/www.jvd.fr\/de\/schutz-de\/","name":"Pr\u00e4vention - JVD","isPartOf":{"@id":"https:\/\/www.jvd.fr\/de\/#website"},"primaryImageOfPage":{"@id":"https:\/\/www.jvd.fr\/de\/schutz-de\/#primaryimage"},"image":{"@id":"https:\/\/www.jvd.fr\/de\/schutz-de\/#primaryimage"},"thumbnailUrl":"https:\/\/www.jvd.fr\/wp-content\/uploads\/2025\/11\/jvx058-novven3-generique-hd-retourne.jpg","datePublished":"2025-06-24T14:59:23+00:00","dateModified":"2026-03-12T09:46:35+00:00","description":"Professionelle JVD-Pr\u00e4ventionsl\u00f6sungen zur St\u00e4rkung von Sicherheit, Hygiene und Konformit\u00e4t in anspruchsvollen Umgebungen.","breadcrumb":{"@id":"https:\/\/www.jvd.fr\/de\/schutz-de\/#breadcrumb"},"inLanguage":"de","potentialAction":[{"@type":"ReadAction","target":["https:\/\/www.jvd.fr\/de\/schutz-de\/"]}]},{"@type":"ImageObject","inLanguage":"de","@id":"https:\/\/www.jvd.fr\/de\/schutz-de\/#primaryimage","url":"https:\/\/www.jvd.fr\/wp-content\/uploads\/2025\/11\/jvx058-novven3-generique-hd-retourne.jpg","contentUrl":"https:\/\/www.jvd.fr\/wp-content\/uploads\/2025\/11\/jvx058-novven3-generique-hd-retourne.jpg","width":2048,"height":1436},{"@type":"BreadcrumbList","@id":"https:\/\/www.jvd.fr\/de\/schutz-de\/#breadcrumb","itemListElement":[{"@type":"ListItem","position":1,"name":"Accueil","item":"https:\/\/www.jvd.fr\/de\/"},{"@type":"ListItem","position":2,"name":"Pr\u00e4vention"}]},{"@type":"WebSite","@id":"https:\/\/www.jvd.fr\/de\/#website","url":"https:\/\/www.jvd.fr\/de\/","name":"JVD","description":"Products that care","potentialAction":[{"@type":"SearchAction","target":{"@type":"EntryPoint","urlTemplate":"https:\/\/www.jvd.fr\/de\/?s={search_term_string}"},"query-input":{"@type":"PropertyValueSpecification","valueRequired":true,"valueName":"search_term_string"}}],"inLanguage":"de"}]}},"_links":{"self":[{"href":"https:\/\/www.jvd.fr\/de\/wp-json\/wp\/v2\/pages\/41753","targetHints":{"allow":["GET"]}}],"collection":[{"href":"https:\/\/www.jvd.fr\/de\/wp-json\/wp\/v2\/pages"}],"about":[{"href":"https:\/\/www.jvd.fr\/de\/wp-json\/wp\/v2\/types\/page"}],"author":[{"embeddable":true,"href":"https:\/\/www.jvd.fr\/de\/wp-json\/wp\/v2\/users\/1"}],"replies":[{"embeddable":true,"href":"https:\/\/www.jvd.fr\/de\/wp-json\/wp\/v2\/comments?post=41753"}],"version-history":[{"count":10,"href":"https:\/\/www.jvd.fr\/de\/wp-json\/wp\/v2\/pages\/41753\/revisions"}],"predecessor-version":[{"id":76841,"href":"https:\/\/www.jvd.fr\/de\/wp-json\/wp\/v2\/pages\/41753\/revisions\/76841"}],"wp:featuredmedia":[{"embeddable":true,"href":"https:\/\/www.jvd.fr\/de\/wp-json\/wp\/v2\/media\/63114"}],"wp:attachment":[{"href":"https:\/\/www.jvd.fr\/de\/wp-json\/wp\/v2\/media?parent=41753"}],"curies":[{"name":"wp","href":"https:\/\/api.w.org\/{rel}","templated":true}]}}