{"id":11055,"date":"2025-06-10T12:09:24","date_gmt":"2025-06-10T10:09:24","guid":{"rendered":"https:\/\/jvdwoo2025.dnstemporaire.fr\/?page_id=11055"},"modified":"2025-09-17T14:48:39","modified_gmt":"2025-09-17T12:48:39","slug":"kontaktieren-sie-uns","status":"publish","type":"page","link":"https:\/\/www.jvd.fr\/de\/kontaktieren-sie-uns\/","title":{"rendered":"Kontaktieren Sie uns"},"content":{"rendered":"\n<div class=\"wp-block-group alignfull has-pinetree-background-color has-background has-global-padding is-layout-constrained wp-block-group-is-layout-constrained\" style=\"padding-top:var(--wp--preset--spacing--25);padding-bottom:var(--wp--preset--spacing--75)\">\n<div class=\"wp-block-group is-style-content-narrow has-white-color has-text-color has-link-color wp-elements-0d75967c504c27d76f9314687f7898a0 has-global-padding is-layout-constrained wp-block-group-is-layout-constrained\">\n<p class=\"has-text-align-center\"><strong>Eine Frage, ein Projekt, ein konkreter Bedarf? Sprechen wir dar\u00fcber.<\/strong><br>Unser Team steht Ihnen zur Seite, um Sie zu beraten, zu begleiten oder einfach Ihre Fragen zu beantworten. Z\u00f6gern Sie nicht, uns zu kontaktieren \u2013 wir melden uns bei Ihnen.<\/p>\n<\/div>\n<\/div>\n\n\n\n<div class=\"wp-block-columns is-layout-flex wp-container-core-columns-is-layout-29631ec9 wp-block-columns-is-layout-flex\" style=\"margin-top:var(--wp--preset--spacing--100);margin-bottom:var(--wp--preset--spacing--100)\">\n<div class=\"wp-block-column is-layout-flow wp-block-column-is-layout-flow\" style=\"flex-basis:50%\">\n<div class=\"wp-block-group has-lightgrey-background-color has-background has-global-padding is-layout-constrained wp-container-core-group-is-layout-f9d42a96 wp-block-group-is-layout-constrained\" style=\"border-radius:25px;margin-top:0;margin-bottom:0;padding-top:var(--wp--preset--spacing--75);padding-right:var(--wp--preset--spacing--75);padding-bottom:var(--wp--preset--spacing--75);padding-left:var(--wp--preset--spacing--75)\">\n<div id=\"wp-block-jvd-logos-block_3dc5805810d8018ae2af19098a527056\" class=\"wp-block-jvd-logos align wp-block-acf-logos\">\n    <div class=\"jvd-logos\">\n        <div class=\"swiper__nav\">\n            <div class=\"swiper__nav__prev\">\n                <svg width=\"13\" height=\"20\" aria-hidden=\"true\" role=\"presentation\"><use xlink:href=\"#slide-prev\"\/><\/svg>\n            <\/div>\n            <div class=\"swiper__nav__next\">\n                <svg width=\"13\" height=\"20\" aria-hidden=\"true\" role=\"presentation\"><use xlink:href=\"#slide-next\"\/><\/svg>\n            <\/div>\n        <\/div>\n        <div class=\"jvd-logos__grid\" data-appearance=\"natural\" data-columns=\"\">\n                                                                    <div class=\"jvd-logos__logo\">\n                                            <img decoding=\"async\" src=\"https:\/\/www.jvd.fr\/wp-content\/uploads\/2025\/06\/contact-copie-69x70.png\" width=\"69\" height=\"70\" alt=\"Contact t\u00e9l\u00e9phone JVD\" loading=\"lazy\" \/>\n                                        <\/div>\n                                                        <\/div>\n    <\/div>\n<\/div>\n\n\n\n<h2 class=\"wp-block-heading has-text-align-center\"><strong><strong>Sie haben ein Projekt oder m\u00f6chten ein Angebot erhalten?<\/strong><\/strong><\/h2>\n\n\n\n<p>F\u00fcllen Sie das Formular aus und ein Mitglied unseres Vertriebsteams wird Ihnen helfen, eine ma\u00dfgeschneiderte L\u00f6sung zu entwickeln.<\/p>\n\n\n\n<div class=\"wp-block-buttons is-content-justification-center is-layout-flex wp-container-core-buttons-is-layout-a89b3969 wp-block-buttons-is-layout-flex\">\n<div class=\"wp-block-button is-style-fill\"><a class=\"wp-block-button__link has-text-align-center wp-element-button\" href=\"https:\/\/share-eu1.hsforms.com\/1D1pYfY9ySKu6Mr344NqNBQexg1v?__hstc=191158197.4820ccf7e11000157aa17b54dd826dc3.1756127662789.1757943650936.1757952008192.40&amp;__hssc=191158197.6.1757952008192&amp;__hsfp=3172555735\" style=\"padding-right:var(--wp--preset--spacing--25);padding-left:var(--wp--preset--spacing--25)\">Kontaktieren Sie das JVD-Team<\/a><\/div>\n<\/div>\n<\/div>\n<\/div>\n\n\n\n<div class=\"wp-block-column is-layout-flow wp-block-column-is-layout-flow\" style=\"flex-basis:50%\">\n<div class=\"wp-block-group has-lightgrey-background-color has-background has-global-padding is-layout-constrained wp-container-core-group-is-layout-f9d42a96 wp-block-group-is-layout-constrained\" style=\"border-radius:25px;margin-top:0;margin-bottom:0;padding-top:var(--wp--preset--spacing--75);padding-right:var(--wp--preset--spacing--75);padding-bottom:var(--wp--preset--spacing--75);padding-left:var(--wp--preset--spacing--75)\">\n<div id=\"wp-block-jvd-logos-block_e299921d97477f0a9a94a84060978fb8\" class=\"wp-block-jvd-logos align wp-block-acf-logos\">\n    <div class=\"jvd-logos\">\n        <div class=\"swiper__nav\">\n            <div class=\"swiper__nav__prev\">\n                <svg width=\"13\" height=\"20\" aria-hidden=\"true\" role=\"presentation\"><use xlink:href=\"#slide-prev\"\/><\/svg>\n            <\/div>\n            <div class=\"swiper__nav__next\">\n                <svg width=\"13\" height=\"20\" aria-hidden=\"true\" role=\"presentation\"><use xlink:href=\"#slide-next\"\/><\/svg>\n            <\/div>\n        <\/div>\n        <div class=\"jvd-logos__grid\" data-appearance=\"natural\" data-columns=\"\">\n                                                                    <div class=\"jvd-logos__logo\">\n                                            <img decoding=\"async\" src=\"https:\/\/www.jvd.fr\/wp-content\/uploads\/2025\/06\/contact-56x70.png\" width=\"56\" height=\"70\" alt=\"Contacter je service client \" loading=\"lazy\" \/>\n                                        <\/div>\n                                                        <\/div>\n    <\/div>\n<\/div>\n\n\n\n<h2 class=\"wp-block-heading has-text-align-center\">Sie sind bereits Kundin oder Kunde und ben\u00f6tigen Hilfe?<\/h2>\n\n\n\n<p>Wenden Sie sich direkt an unseren Support \u2013 wir antworten schnellstm\u00f6glich auf alle technischen Fragen oder Anliegen nach dem Kauf.<\/p>\n\n\n\n<div class=\"wp-block-buttons is-content-justification-center is-layout-flex wp-container-core-buttons-is-layout-a89b3969 wp-block-buttons-is-layout-flex\">\n<div class=\"wp-block-button is-style-secondary-button\"><a class=\"wp-block-button__link has-text-align-center wp-element-button\" href=\"https:\/\/exg1v.share-eu1.hsforms.com\/2bAHF9K0BSDW_0GlH54aoYw?__hstc=191158197.4820ccf7e11000157aa17b54dd826dc3.1756127662789.1757943650936.1757952008192.40&amp;__hssc=191158197.6.1757952008192&amp;__hsfp=3172555735\" style=\"padding-right:var(--wp--preset--spacing--25);padding-left:var(--wp--preset--spacing--25)\">Kontaktieren Sie den Kundendienst<\/a><\/div>\n<\/div>\n<\/div>\n<\/div>\n<\/div>\n\n\n\n<div class=\"wp-block-group has-global-padding is-layout-constrained wp-block-group-is-layout-constrained\" style=\"margin-bottom:var(--wp--preset--spacing--100)\">\n<h2 class=\"wp-block-heading has-text-align-center\">Um die Neuigkeiten von JVD zu verfolgen:<\/h2>\n\n\n\n<ul class=\"wp-block-social-links has-huge-icon-size is-content-justification-center is-layout-flex wp-container-core-social-links-is-layout-a89b3969 wp-block-social-links-is-layout-flex\"><li class=\"wp-social-link wp-social-link-linkedin  wp-block-social-link\"><a rel=\"noopener nofollow\" target=\"_blank\" href=\"https:\/\/www.linkedin.com\/company\/jvd\/\" class=\"wp-block-social-link-anchor\"><svg width=\"24\" height=\"24\" viewBox=\"0 0 24 24\" version=\"1.1\" xmlns=\"http:\/\/www.w3.org\/2000\/svg\" aria-hidden=\"true\" focusable=\"false\"><path d=\"M19.7,3H4.3C3.582,3,3,3.582,3,4.3v15.4C3,20.418,3.582,21,4.3,21h15.4c0.718,0,1.3-0.582,1.3-1.3V4.3 C21,3.582,20.418,3,19.7,3z M8.339,18.338H5.667v-8.59h2.672V18.338z M7.004,8.574c-0.857,0-1.549-0.694-1.549-1.548 c0-0.855,0.691-1.548,1.549-1.548c0.854,0,1.547,0.694,1.547,1.548C8.551,7.881,7.858,8.574,7.004,8.574z M18.339,18.338h-2.669 v-4.177c0-0.996-0.017-2.278-1.387-2.278c-1.389,0-1.601,1.086-1.601,2.206v4.249h-2.667v-8.59h2.559v1.174h0.037 c0.356-0.675,1.227-1.387,2.526-1.387c2.703,0,3.203,1.779,3.203,4.092V18.338z\"><\/path><\/svg><span class=\"wp-block-social-link-label screen-reader-text\">LinkedIn<\/span><\/a><\/li>\n\n<li class=\"wp-social-link wp-social-link-instagram  wp-block-social-link\"><a rel=\"noopener nofollow\" target=\"_blank\" href=\"https:\/\/www.instagram.com\/jvd_productsthatcare\/\" class=\"wp-block-social-link-anchor\"><svg width=\"24\" height=\"24\" viewBox=\"0 0 24 24\" version=\"1.1\" xmlns=\"http:\/\/www.w3.org\/2000\/svg\" aria-hidden=\"true\" focusable=\"false\"><path d=\"M12,4.622c2.403,0,2.688,0.009,3.637,0.052c0.877,0.04,1.354,0.187,1.671,0.31c0.42,0.163,0.72,0.358,1.035,0.673 c0.315,0.315,0.51,0.615,0.673,1.035c0.123,0.317,0.27,0.794,0.31,1.671c0.043,0.949,0.052,1.234,0.052,3.637 s-0.009,2.688-0.052,3.637c-0.04,0.877-0.187,1.354-0.31,1.671c-0.163,0.42-0.358,0.72-0.673,1.035 c-0.315,0.315-0.615,0.51-1.035,0.673c-0.317,0.123-0.794,0.27-1.671,0.31c-0.949,0.043-1.233,0.052-3.637,0.052 s-2.688-0.009-3.637-0.052c-0.877-0.04-1.354-0.187-1.671-0.31c-0.42-0.163-0.72-0.358-1.035-0.673 c-0.315-0.315-0.51-0.615-0.673-1.035c-0.123-0.317-0.27-0.794-0.31-1.671C4.631,14.688,4.622,14.403,4.622,12 s0.009-2.688,0.052-3.637c0.04-0.877,0.187-1.354,0.31-1.671c0.163-0.42,0.358-0.72,0.673-1.035 c0.315-0.315,0.615-0.51,1.035-0.673c0.317-0.123,0.794-0.27,1.671-0.31C9.312,4.631,9.597,4.622,12,4.622 M12,3 C9.556,3,9.249,3.01,8.289,3.054C7.331,3.098,6.677,3.25,6.105,3.472C5.513,3.702,5.011,4.01,4.511,4.511 c-0.5,0.5-0.808,1.002-1.038,1.594C3.25,6.677,3.098,7.331,3.054,8.289C3.01,9.249,3,9.556,3,12c0,2.444,0.01,2.751,0.054,3.711 c0.044,0.958,0.196,1.612,0.418,2.185c0.23,0.592,0.538,1.094,1.038,1.594c0.5,0.5,1.002,0.808,1.594,1.038 c0.572,0.222,1.227,0.375,2.185,0.418C9.249,20.99,9.556,21,12,21s2.751-0.01,3.711-0.054c0.958-0.044,1.612-0.196,2.185-0.418 c0.592-0.23,1.094-0.538,1.594-1.038c0.5-0.5,0.808-1.002,1.038-1.594c0.222-0.572,0.375-1.227,0.418-2.185 C20.99,14.751,21,14.444,21,12s-0.01-2.751-0.054-3.711c-0.044-0.958-0.196-1.612-0.418-2.185c-0.23-0.592-0.538-1.094-1.038-1.594 c-0.5-0.5-1.002-0.808-1.594-1.038c-0.572-0.222-1.227-0.375-2.185-0.418C14.751,3.01,14.444,3,12,3L12,3z M12,7.378 c-2.552,0-4.622,2.069-4.622,4.622S9.448,16.622,12,16.622s4.622-2.069,4.622-4.622S14.552,7.378,12,7.378z M12,15 c-1.657,0-3-1.343-3-3s1.343-3,3-3s3,1.343,3,3S13.657,15,12,15z M16.804,6.116c-0.596,0-1.08,0.484-1.08,1.08 s0.484,1.08,1.08,1.08c0.596,0,1.08-0.484,1.08-1.08S17.401,6.116,16.804,6.116z\"><\/path><\/svg><span class=\"wp-block-social-link-label screen-reader-text\">Instagram<\/span><\/a><\/li>\n\n<li class=\"wp-social-link wp-social-link-facebook  wp-block-social-link\"><a rel=\"noopener nofollow\" target=\"_blank\" href=\"https:\/\/www.facebook.com\/JVDFr\/?locale=fr_FR\" class=\"wp-block-social-link-anchor\"><svg width=\"24\" height=\"24\" viewBox=\"0 0 24 24\" version=\"1.1\" xmlns=\"http:\/\/www.w3.org\/2000\/svg\" aria-hidden=\"true\" focusable=\"false\"><path d=\"M12 2C6.5 2 2 6.5 2 12c0 5 3.7 9.1 8.4 9.9v-7H7.9V12h2.5V9.8c0-2.5 1.5-3.9 3.8-3.9 1.1 0 2.2.2 2.2.2v2.5h-1.3c-1.2 0-1.6.8-1.6 1.6V12h2.8l-.4 2.9h-2.3v7C18.3 21.1 22 17 22 12c0-5.5-4.5-10-10-10z\"><\/path><\/svg><span class=\"wp-block-social-link-label screen-reader-text\">Facebook<\/span><\/a><\/li>\n\n<li class=\"wp-social-link wp-social-link-youtube  wp-block-social-link\"><a rel=\"noopener nofollow\" target=\"_blank\" href=\"https:\/\/www.youtube.com\/@jvdproductsthatcare4687\" class=\"wp-block-social-link-anchor\"><svg width=\"24\" height=\"24\" viewBox=\"0 0 24 24\" version=\"1.1\" xmlns=\"http:\/\/www.w3.org\/2000\/svg\" aria-hidden=\"true\" focusable=\"false\"><path d=\"M21.8,8.001c0,0-0.195-1.378-0.795-1.985c-0.76-0.797-1.613-0.801-2.004-0.847c-2.799-0.202-6.997-0.202-6.997-0.202 h-0.009c0,0-4.198,0-6.997,0.202C4.608,5.216,3.756,5.22,2.995,6.016C2.395,6.623,2.2,8.001,2.2,8.001S2,9.62,2,11.238v1.517 c0,1.618,0.2,3.237,0.2,3.237s0.195,1.378,0.795,1.985c0.761,0.797,1.76,0.771,2.205,0.855c1.6,0.153,6.8,0.201,6.8,0.201 s4.203-0.006,7.001-0.209c0.391-0.047,1.243-0.051,2.004-0.847c0.6-0.607,0.795-1.985,0.795-1.985s0.2-1.618,0.2-3.237v-1.517 C22,9.62,21.8,8.001,21.8,8.001z M9.935,14.594l-0.001-5.62l5.404,2.82L9.935,14.594z\"><\/path><\/svg><span class=\"wp-block-social-link-label screen-reader-text\">YouTube<\/span><\/a><\/li><\/ul>\n<\/div>\n\n\n\n<div class=\"wp-block-columns is-layout-flex wp-container-core-columns-is-layout-5f27276b wp-block-columns-is-layout-flex\" style=\"margin-top:0;margin-bottom:var(--wp--preset--spacing--100)\">\n<div class=\"wp-block-column is-layout-flow wp-block-column-is-layout-flow\">\n<figure class=\"wp-block-image size-landscape-small has-custom-border is-style-rounded\"><img loading=\"lazy\" decoding=\"async\" width=\"600\" height=\"400\" src=\"https:\/\/www.jvd.fr\/wp-content\/uploads\/2025\/06\/batiment-jvd-a-reze-600x400.jpg\" alt=\"\" class=\"wp-image-5370\" style=\"border-radius:20px;object-fit:cover\"\/><\/figure>\n<\/div>\n\n\n\n<div class=\"wp-block-column is-vertically-aligned-center is-layout-flow wp-block-column-is-layout-flow\" style=\"border-style:none;border-width:0px\">\n<h2 class=\"wp-block-heading\">Die JVD\u2011Zentrale in Rez\u00e9<\/h2>\n\n\n\n<p>IIm Herzen der Region Nantes gelegen, vereint der Hauptsitz von JVD in Rez\u00e9 lokales Know\u2011how und Innovationskraft f\u00fcr Produkte made in France.<br>Hier befinden sich die Verwaltungsb\u00fcros, das Entwicklungsb\u00fcro, die Fertigungsst\u00e4tten und die Logistikbereiche.<\/p>\n\n\n\n<ul class=\"wp-block-list\">\n<li>3 rue des Br\u00e8ches, 44400 Rez\u00e9 \u2013 FRANKREICH<\/li>\n\n\n\n<li>Tel.: +33(0)2 40 75 98 20<\/li>\n<\/ul>\n\n\n\n<p>Montag bis Freitag von 9:00 bis 12:30 Uhr und von 13:30 bis 17:00 Uhr<\/p>\n<\/div>\n<\/div>\n\n\n\n<div class=\"wp-block-columns is-layout-flex wp-container-core-columns-is-layout-cbe57604 wp-block-columns-is-layout-flex\">\n<div class=\"wp-block-column is-layout-flow wp-block-column-is-layout-flow\" style=\"flex-basis:33.33%\">\n<div class=\"wp-block-group is-layout-flow wp-block-group-is-layout-flow wp-container-1 is-position-sticky\">\n<h2 class=\"wp-block-heading\">Kontaktieren Sie uns weltweit<\/h2>\n\n\n\n<p>Um eine lokale und reaktionsschnelle Vertriebs- und Technikunterst\u00fctzung zu gew\u00e4hrleisten, ist JVD auf 4 Kontinenten vertreten.<\/p>\n\n\n\n<div class=\"wp-block-buttons is-layout-flex wp-block-buttons-is-layout-flex\">\n<div class=\"wp-block-button\"><a class=\"wp-block-button__link wp-element-button\" href=\"https:\/\/www.jvd.fr\/de\/decouvrir-jvd\/\">Lernen Sie unser Team kennen<\/a><\/div>\n<\/div>\n<\/div>\n<\/div>\n\n\n\n<div class=\"wp-block-column is-layout-flow wp-block-column-is-layout-flow\" style=\"flex-basis:66.66%\">\n<div id=\"wp-block-jvd-cards-block_6b03c09b902d0a611c166009a7fedcc1\" class=\"wp-block-jvd-cards align wp-block-acf-cards\">\n\t    <div class=\"jvd-cards\" data-display=\"mosaic\" data-columns=\"0\" data-count=\"5\" data-parity=\"odd\">\n\t\t        <div class=\"jvd-card\" data-link=\"0\" data-img-ratio=\"portrait\" data-text-pos=\"hover\">\n            <figure class=\"jvd-card__img\">\n\t\t\t                    <img decoding=\"async\" src=\"https:\/\/www.jvd.fr\/wp-content\/uploads\/2025\/07\/nantes-jvd-600x800.jpg\" width=\"600\" height=\"800\" alt=\"\" loading=\"lazy\" \/>\n\t\t\t                <\/figure>\n            <div class=\"jvd-card__content\">\n                <h3 class=\"jvd-card__title\">JVD France, in Nantes<\/h3>                                <p class=\"jvd-card__text\">Tel : +33 240 759 820<\/p>\n                            <\/div>\n        <\/div>\n\t\t        <div class=\"jvd-card\" data-link=\"1\" data-img-ratio=\"portrait\" data-text-pos=\"hover\">\n            <figure class=\"jvd-card__img\">\n\t\t\t                    <img decoding=\"async\" src=\"https:\/\/www.jvd.fr\/wp-content\/uploads\/2025\/06\/alicante-filiale-espagnole-jvd-600x800.jpg\" width=\"600\" height=\"800\" alt=\"Alicante Filiale Espagnole JVD\" loading=\"lazy\" \/>\n\t\t\t                <\/figure>\n            <div class=\"jvd-card__content\">\n                <h3 class=\"jvd-card__title\"><a href=\"https:\/\/www.jvd.es\/\">JVD Espa\u00f1a, in Alicante<\/a><\/h3>                                <p class=\"jvd-card__text\">Tel. : +34 965 677 777<\/p>\n                            <\/div>\n        <\/div>\n\t\t        <div class=\"jvd-card\" data-link=\"0\" data-img-ratio=\"portrait\" data-text-pos=\"hover\">\n            <figure class=\"jvd-card__img\">\n\t\t\t                    <img decoding=\"async\" src=\"https:\/\/www.jvd.fr\/wp-content\/uploads\/2025\/07\/aix-les-bains-depuis-la-chapelle-du-mont-du-chat-juillet-2021-600x641.jpg\" width=\"600\" height=\"641\" alt=\"\" loading=\"lazy\" \/>\n\t\t\t                <\/figure>\n            <div class=\"jvd-card__content\">\n                <h3 class=\"jvd-card__title\">Hygitec by JVD, in Aix-les-Bains<\/h3>                                <p class=\"jvd-card__text\">Tel. : +33 479 349 339<\/p>\n                            <\/div>\n        <\/div>\n\t\t        <div class=\"jvd-card\" data-link=\"1\" data-img-ratio=\"portrait\" data-text-pos=\"hover\">\n            <figure class=\"jvd-card__img\">\n\t\t\t                    <img decoding=\"async\" src=\"https:\/\/www.jvd.fr\/wp-content\/uploads\/2025\/06\/singapour-filiale-asia-jvd-600x800.jpg\" width=\"600\" height=\"800\" alt=\"Singapour Filiale Asia JVD\" loading=\"lazy\" \/>\n\t\t\t                <\/figure>\n            <div class=\"jvd-card__content\">\n                <h3 class=\"jvd-card__title\"><a href=\"https:\/\/www.jvd.com.sg\/\">JVD Asia, in Singapour<\/a><\/h3>                                <p class=\"jvd-card__text\">Tel. : +65 6214 8550<\/p>\n                            <\/div>\n        <\/div>\n\t\t        <div class=\"jvd-card\" data-link=\"1\" data-img-ratio=\"portrait\" data-text-pos=\"hover\">\n            <figure class=\"jvd-card__img\">\n\t\t\t                    <img decoding=\"async\" src=\"https:\/\/www.jvd.fr\/wp-content\/uploads\/2025\/06\/queretaro-filiale-mexique-jvd-600x800.jpg\" width=\"600\" height=\"800\" alt=\"Queretaro Filiale Mexique JVD\" loading=\"lazy\" \/>\n\t\t\t                <\/figure>\n            <div class=\"jvd-card__content\">\n                <h3 class=\"jvd-card__title\"><a href=\"https:\/\/www.jvd.mx\/\">JVD America, in Quer\u00e9taro<\/a><\/h3>                                <p class=\"jvd-card__text\">Tel. : +52 (442) 246 1889<\/p>\n                            <\/div>\n        <\/div>\n\t\t    <\/div>\n    <\/div>\n<\/div>\n<\/div>\n","protected":false},"excerpt":{"rendered":"<p>Eine Frage, ein Projekt, ein konkreter Bedarf? Sprechen wir dar\u00fcber.Unser Team steht Ihnen zur Seite, um Sie zu beraten, zu begleiten oder einfach Ihre Fragen zu beantworten. Z\u00f6gern Sie nicht, uns zu kontaktieren \u2013 wir melden uns bei Ihnen. Sie haben ein Projekt oder m\u00f6chten ein Angebot erhalten? F\u00fcllen Sie das Formular aus und ein [&hellip;]<\/p>\n","protected":false},"author":1,"featured_media":6748,"parent":0,"menu_order":0,"comment_status":"closed","ping_status":"closed","template":"","meta":{"_acf_changed":false,"content-type":"","_searchwp_excluded":"","inline_featured_image":false,"footnotes":""},"class_list":["post-11055","page","type-page","status-publish","has-post-thumbnail","hentry"],"acf":[],"yoast_head":"<!-- This site is optimized with the Yoast SEO plugin v27.1.1 - https:\/\/yoast.com\/product\/yoast-seo-wordpress\/ -->\n<title>Kontaktieren Sie uns - JVD<\/title>\n<meta name=\"description\" content=\"Kontaktieren Sie JVD: Hier finden Sie alle Kontaktdaten, Adressen und ein Formular, um mit unserem Team in Verbindung zu treten.\" \/>\n<meta name=\"robots\" content=\"index, follow, max-snippet:-1, max-image-preview:large, max-video-preview:-1\" \/>\n<link rel=\"canonical\" href=\"https:\/\/www.jvd.fr\/de\/kontaktieren-sie-uns\/\" \/>\n<meta property=\"og:locale\" content=\"de_DE\" \/>\n<meta property=\"og:type\" content=\"article\" \/>\n<meta property=\"og:title\" content=\"Kontaktieren Sie uns - JVD\" \/>\n<meta property=\"og:description\" content=\"Kontaktieren Sie JVD: Hier finden Sie alle Kontaktdaten, Adressen und ein Formular, um mit unserem Team in Verbindung zu treten.\" \/>\n<meta property=\"og:url\" content=\"https:\/\/www.jvd.fr\/de\/kontaktieren-sie-uns\/\" \/>\n<meta property=\"og:site_name\" content=\"JVD\" \/>\n<meta property=\"article:modified_time\" content=\"2025-09-17T12:48:39+00:00\" \/>\n<meta property=\"og:image\" content=\"https:\/\/www.jvd.fr\/wp-content\/uploads\/2025\/06\/jvd-2000-38.jpg\" \/>\n\t<meta property=\"og:image:width\" content=\"2000\" \/>\n\t<meta property=\"og:image:height\" content=\"1336\" \/>\n\t<meta property=\"og:image:type\" content=\"image\/jpeg\" \/>\n<script type=\"application\/ld+json\" class=\"yoast-schema-graph\">{\"@context\":\"https:\/\/schema.org\",\"@graph\":[{\"@type\":\"WebPage\",\"@id\":\"https:\/\/www.jvd.fr\/de\/kontaktieren-sie-uns\/\",\"url\":\"https:\/\/www.jvd.fr\/de\/kontaktieren-sie-uns\/\",\"name\":\"Kontaktieren Sie uns - JVD\",\"isPartOf\":{\"@id\":\"https:\/\/www.jvd.fr\/de\/#website\"},\"primaryImageOfPage\":{\"@id\":\"https:\/\/www.jvd.fr\/de\/kontaktieren-sie-uns\/#primaryimage\"},\"image\":{\"@id\":\"https:\/\/www.jvd.fr\/de\/kontaktieren-sie-uns\/#primaryimage\"},\"thumbnailUrl\":\"https:\/\/www.jvd.fr\/wp-content\/uploads\/2025\/06\/jvd-2000-38.jpg\",\"datePublished\":\"2025-06-10T10:09:24+00:00\",\"dateModified\":\"2025-09-17T12:48:39+00:00\",\"description\":\"Kontaktieren Sie JVD: Hier finden Sie alle Kontaktdaten, Adressen und ein Formular, um mit unserem Team in Verbindung zu treten.\",\"breadcrumb\":{\"@id\":\"https:\/\/www.jvd.fr\/de\/kontaktieren-sie-uns\/#breadcrumb\"},\"inLanguage\":\"de\",\"potentialAction\":[{\"@type\":\"ReadAction\",\"target\":[\"https:\/\/www.jvd.fr\/de\/kontaktieren-sie-uns\/\"]}]},{\"@type\":\"ImageObject\",\"inLanguage\":\"de\",\"@id\":\"https:\/\/www.jvd.fr\/de\/kontaktieren-sie-uns\/#primaryimage\",\"url\":\"https:\/\/www.jvd.fr\/wp-content\/uploads\/2025\/06\/jvd-2000-38.jpg\",\"contentUrl\":\"https:\/\/www.jvd.fr\/wp-content\/uploads\/2025\/06\/jvd-2000-38.jpg\",\"width\":2000,\"height\":1336,\"caption\":\"jvd-corporate-contactez-nous\"},{\"@type\":\"BreadcrumbList\",\"@id\":\"https:\/\/www.jvd.fr\/de\/kontaktieren-sie-uns\/#breadcrumb\",\"itemListElement\":[{\"@type\":\"ListItem\",\"position\":1,\"name\":\"Accueil\",\"item\":\"https:\/\/www.jvd.fr\/de\/\"},{\"@type\":\"ListItem\",\"position\":2,\"name\":\"Kontaktieren Sie uns\"}]},{\"@type\":\"WebSite\",\"@id\":\"https:\/\/www.jvd.fr\/de\/#website\",\"url\":\"https:\/\/www.jvd.fr\/de\/\",\"name\":\"JVD\",\"description\":\"Products that care\",\"potentialAction\":[{\"@type\":\"SearchAction\",\"target\":{\"@type\":\"EntryPoint\",\"urlTemplate\":\"https:\/\/www.jvd.fr\/de\/?s={search_term_string}\"},\"query-input\":{\"@type\":\"PropertyValueSpecification\",\"valueRequired\":true,\"valueName\":\"search_term_string\"}}],\"inLanguage\":\"de\"}]}<\/script>\n<!-- \/ Yoast SEO plugin. -->","yoast_head_json":{"title":"Kontaktieren Sie uns - JVD","description":"Kontaktieren Sie JVD: Hier finden Sie alle Kontaktdaten, Adressen und ein Formular, um mit unserem Team in Verbindung zu treten.","robots":{"index":"index","follow":"follow","max-snippet":"max-snippet:-1","max-image-preview":"max-image-preview:large","max-video-preview":"max-video-preview:-1"},"canonical":"https:\/\/www.jvd.fr\/de\/kontaktieren-sie-uns\/","og_locale":"de_DE","og_type":"article","og_title":"Kontaktieren Sie uns - JVD","og_description":"Kontaktieren Sie JVD: Hier finden Sie alle Kontaktdaten, Adressen und ein Formular, um mit unserem Team in Verbindung zu treten.","og_url":"https:\/\/www.jvd.fr\/de\/kontaktieren-sie-uns\/","og_site_name":"JVD","article_modified_time":"2025-09-17T12:48:39+00:00","og_image":[{"width":2000,"height":1336,"url":"https:\/\/www.jvd.fr\/wp-content\/uploads\/2025\/06\/jvd-2000-38.jpg","type":"image\/jpeg"}],"schema":{"@context":"https:\/\/schema.org","@graph":[{"@type":"WebPage","@id":"https:\/\/www.jvd.fr\/de\/kontaktieren-sie-uns\/","url":"https:\/\/www.jvd.fr\/de\/kontaktieren-sie-uns\/","name":"Kontaktieren Sie uns - JVD","isPartOf":{"@id":"https:\/\/www.jvd.fr\/de\/#website"},"primaryImageOfPage":{"@id":"https:\/\/www.jvd.fr\/de\/kontaktieren-sie-uns\/#primaryimage"},"image":{"@id":"https:\/\/www.jvd.fr\/de\/kontaktieren-sie-uns\/#primaryimage"},"thumbnailUrl":"https:\/\/www.jvd.fr\/wp-content\/uploads\/2025\/06\/jvd-2000-38.jpg","datePublished":"2025-06-10T10:09:24+00:00","dateModified":"2025-09-17T12:48:39+00:00","description":"Kontaktieren Sie JVD: Hier finden Sie alle Kontaktdaten, Adressen und ein Formular, um mit unserem Team in Verbindung zu treten.","breadcrumb":{"@id":"https:\/\/www.jvd.fr\/de\/kontaktieren-sie-uns\/#breadcrumb"},"inLanguage":"de","potentialAction":[{"@type":"ReadAction","target":["https:\/\/www.jvd.fr\/de\/kontaktieren-sie-uns\/"]}]},{"@type":"ImageObject","inLanguage":"de","@id":"https:\/\/www.jvd.fr\/de\/kontaktieren-sie-uns\/#primaryimage","url":"https:\/\/www.jvd.fr\/wp-content\/uploads\/2025\/06\/jvd-2000-38.jpg","contentUrl":"https:\/\/www.jvd.fr\/wp-content\/uploads\/2025\/06\/jvd-2000-38.jpg","width":2000,"height":1336,"caption":"jvd-corporate-contactez-nous"},{"@type":"BreadcrumbList","@id":"https:\/\/www.jvd.fr\/de\/kontaktieren-sie-uns\/#breadcrumb","itemListElement":[{"@type":"ListItem","position":1,"name":"Accueil","item":"https:\/\/www.jvd.fr\/de\/"},{"@type":"ListItem","position":2,"name":"Kontaktieren Sie uns"}]},{"@type":"WebSite","@id":"https:\/\/www.jvd.fr\/de\/#website","url":"https:\/\/www.jvd.fr\/de\/","name":"JVD","description":"Products that care","potentialAction":[{"@type":"SearchAction","target":{"@type":"EntryPoint","urlTemplate":"https:\/\/www.jvd.fr\/de\/?s={search_term_string}"},"query-input":{"@type":"PropertyValueSpecification","valueRequired":true,"valueName":"search_term_string"}}],"inLanguage":"de"}]}},"_links":{"self":[{"href":"https:\/\/www.jvd.fr\/de\/wp-json\/wp\/v2\/pages\/11055","targetHints":{"allow":["GET"]}}],"collection":[{"href":"https:\/\/www.jvd.fr\/de\/wp-json\/wp\/v2\/pages"}],"about":[{"href":"https:\/\/www.jvd.fr\/de\/wp-json\/wp\/v2\/types\/page"}],"author":[{"embeddable":true,"href":"https:\/\/www.jvd.fr\/de\/wp-json\/wp\/v2\/users\/1"}],"replies":[{"embeddable":true,"href":"https:\/\/www.jvd.fr\/de\/wp-json\/wp\/v2\/comments?post=11055"}],"version-history":[{"count":7,"href":"https:\/\/www.jvd.fr\/de\/wp-json\/wp\/v2\/pages\/11055\/revisions"}],"predecessor-version":[{"id":59822,"href":"https:\/\/www.jvd.fr\/de\/wp-json\/wp\/v2\/pages\/11055\/revisions\/59822"}],"wp:featuredmedia":[{"embeddable":true,"href":"https:\/\/www.jvd.fr\/de\/wp-json\/wp\/v2\/media\/6748"}],"wp:attachment":[{"href":"https:\/\/www.jvd.fr\/de\/wp-json\/wp\/v2\/media?parent=11055"}],"curies":[{"name":"wp","href":"https:\/\/api.w.org\/{rel}","templated":true}]}}